{"id":2168,"date":"2025-01-21T12:21:04","date_gmt":"2025-01-21T11:21:04","guid":{"rendered":"https:\/\/fdasrl.it\/prodotto\/fda-m6200p-melkmaschine-fuer-ziegen-schafe-4-gruppen\/"},"modified":"2025-01-21T12:21:04","modified_gmt":"2025-01-21T11:21:04","slug":"fda-m6200p-melkmaschine-fuer-ziegen-schafe-4-gruppen","status":"publish","type":"product","link":"https:\/\/fdasrl.it\/de\/prodotto\/fda-m6200p-melkmaschine-fuer-ziegen-schafe-4-gruppen\/","title":{"rendered":"FDA-M6200P-MELKMASCHINE F\u00dcR ZIEGEN \/ SCHAFE 4 GRUPPEN"},"content":{"rendered":"<div>\n<h3 data-start=\"306\" data-end=\"418\">\ud83d\udc10\ud83d\udc11 <strong data-start=\"315\" data-end=\"418\">Elektrische Melkmaschine f\u00fcr Ziegen oder Schafe mit 4 Gruppen \u2013 FDA-M6200P &#8211; Trockenpumpe 280\/400 L \u2013 40-L-Edelstahleimer<\/strong><\/h3>\n<p data-start=\"420\" data-end=\"773\">Professionelle Melkmaschine mit <strong data-start=\"447\" data-end=\"469\">4 FDA-Melkgruppen<\/strong>, entwickelt f\u00fcr das schnelle und gleichzeitige Melken mehrerer Ziegen oder Schafe.<br data-start=\"549\" data-end=\"552\">Ausgestattet mit <strong data-start=\"562\" data-end=\"607\">Trockenvakuumpumpe (280 oder 400 L\/min)<\/strong>, <strong data-start=\"609\" data-end=\"632\">Vakuumtank<\/strong>, <strong data-start=\"634\" data-end=\"658\">einphasigem 220-V-Motor<\/strong> und <strong data-start=\"662\" data-end=\"701\">40-Liter-Edelstahleimer<\/strong> garantiert sie <strong data-start=\"714\" data-end=\"748\">Effizienz, Hygiene und Praktikabilit\u00e4t<\/strong> in jeder Arbeitsphase.<\/p>\n<p data-start=\"775\" data-end=\"889\">Diese Maschine ist ideal f\u00fcr strukturierte Zuchtbetriebe, die Schnelligkeit, Kapazit\u00e4t und maximale Zuverl\u00e4ssigkeit ben\u00f6tigen.<\/p>\n<hr data-start=\"891\" data-end=\"894\">\n<h3 data-start=\"896\" data-end=\"932\">\u2699\ufe0f <strong data-start=\"903\" data-end=\"932\">Technische Merkmale:<\/strong><\/h3>\n<ul data-start=\"933\" data-end=\"1280\">\n<li data-start=\"933\" data-end=\"990\">\n<p data-start=\"935\" data-end=\"990\"><strong data-start=\"935\" data-end=\"962\">Trockenvakuumpumpe<\/strong> mit 280 oder 400 Litern\/Minute<\/p>\n<\/li>\n<li data-start=\"991\" data-end=\"1039\">\n<p data-start=\"993\" data-end=\"1039\"><strong data-start=\"993\" data-end=\"1022\">Einphasen-Elektromotor<\/strong> 220 V \u2013 0,55 kW<\/p>\n<\/li>\n<li data-start=\"1040\" data-end=\"1093\">\n<p data-start=\"1042\" data-end=\"1093\"><strong data-start=\"1042\" data-end=\"1065\">Vakuumtank<\/strong> integriert und inspizierbar<\/p>\n<\/li>\n<li data-start=\"1094\" data-end=\"1137\">\n<p data-start=\"1096\" data-end=\"1137\"><strong data-start=\"1096\" data-end=\"1123\">Edelstahleimer<\/strong> mit 40 Litern<\/p>\n<\/li>\n<li data-start=\"1138\" data-end=\"1188\">\n<p data-start=\"1140\" data-end=\"1188\"><strong data-start=\"1140\" data-end=\"1158\">Melkschl\u00e4uche<\/strong>, 2,5 m pro Gruppe<\/p>\n<\/li>\n<li data-start=\"1189\" data-end=\"1234\">\n<p data-start=\"1191\" data-end=\"1234\"><strong data-start=\"1191\" data-end=\"1224\">Reinigungsb\u00fcrsten-Set<\/strong> enthalten<\/p>\n<\/li>\n<li data-start=\"1235\" data-end=\"1280\">\n<p data-start=\"1237\" data-end=\"1280\"><strong data-start=\"1237\" data-end=\"1258\">CE-Zertifizierung<\/strong> f\u00fcr den professionellen Einsatz<\/p>\n<\/li>\n<\/ul>\n<hr data-start=\"1282\" data-end=\"1285\">\n<h3 data-start=\"1287\" data-end=\"1316\">\ud83e\uddf0 <strong data-start=\"1294\" data-end=\"1316\">Inbegriffenes Zubeh\u00f6r:<\/strong><\/h3>\n<ul data-start=\"1317\" data-end=\"1745\">\n<li data-start=\"1317\" data-end=\"1386\">\n<p data-start=\"1319\" data-end=\"1386\">4 komplette Melkgruppen f\u00fcr <strong data-start=\"1351\" data-end=\"1360\">Ziegen<\/strong> oder <strong data-start=\"1363\" data-end=\"1373\">Schafe<\/strong> (nach Wahl)<\/p>\n<\/li>\n<li data-start=\"1387\" data-end=\"1431\">\n<p data-start=\"1389\" data-end=\"1431\">Halbautomatische Ventile f\u00fcr jede Gruppe<\/p>\n<\/li>\n<li data-start=\"1432\" data-end=\"1475\">\n<p data-start=\"1434\" data-end=\"1475\">Spezifische Sammelst\u00fccke f\u00fcr Ziege oder Schaf<\/p>\n<\/li>\n<li data-start=\"1476\" data-end=\"1500\">\n<p data-start=\"1478\" data-end=\"1500\">Pneumatische Pulsatoren<\/p>\n<\/li>\n<li data-start=\"1501\" data-end=\"1540\">\n<p data-start=\"1503\" data-end=\"1540\">Selbstschmierende Graphitlamellen<\/p>\n<\/li>\n<li data-start=\"1541\" data-end=\"1579\">\n<p data-start=\"1543\" data-end=\"1579\">Vakuummeter zur Vakuumkontrolle<\/p>\n<\/li>\n<li data-start=\"1580\" data-end=\"1621\">\n<p data-start=\"1582\" data-end=\"1621\">1\/2&#8243;-Hahn zur Vakuumsteuerung<\/p>\n<\/li>\n<li data-start=\"1622\" data-end=\"1653\">\n<p data-start=\"1624\" data-end=\"1653\">Silikon-Zitzengummi + Becher<\/p>\n<\/li>\n<li data-start=\"1654\" data-end=\"1690\">\n<p data-start=\"1656\" data-end=\"1690\">Vakuumregulierventil<\/p>\n<\/li>\n<li data-start=\"1691\" data-end=\"1745\">\n<p data-start=\"1693\" data-end=\"1745\">Vakuumpumpe 280 oder 400 L\/min mit Elektromotor<\/p>\n<\/li>\n<\/ul>\n<hr data-start=\"1747\" data-end=\"1750\">\n<h3 data-start=\"1752\" data-end=\"1774\">\ud83c\udfaf <strong data-start=\"1759\" data-end=\"1774\">Ideal f\u00fcr:<\/strong><\/h3>\n<ul data-start=\"1775\" data-end=\"1947\">\n<li data-start=\"1775\" data-end=\"1824\">\n<p data-start=\"1777\" data-end=\"1824\">Schnelles Melken von 4 Tieren gleichzeitig<\/p>\n<\/li>\n<li data-start=\"1825\" data-end=\"1885\">\n<p data-start=\"1827\" data-end=\"1885\">Z\u00fcchter von Ziegen oder Schafen mittlerer\/gro\u00dfer Gr\u00f6\u00dfe<\/p>\n<\/li>\n<li data-start=\"1886\" data-end=\"1947\">\n<p data-start=\"1888\" data-end=\"1947\">F\u00fcr alle, die eine <strong data-start=\"1913\" data-end=\"1945\">leistungsstarke, komplette und langlebige<\/strong> Melkmaschine suchen<\/p>\n<\/li>\n<\/ul>\n<hr data-start=\"1949\" data-end=\"1952\">\n<h3 data-start=\"1954\" data-end=\"1993\">\ud83d\uded2 <strong data-start=\"1961\" data-end=\"1993\">In zwei Versionen erh\u00e4ltlich:<\/strong><\/h3>\n<ul data-start=\"1994\" data-end=\"2080\">\n<li data-start=\"1994\" data-end=\"2037\">\n<p data-start=\"1996\" data-end=\"2037\">\u2705 [<strong data-start=\"1999\" data-end=\"2021\">Version f\u00fcr Ziegen<\/strong> \u2013 <a href=\"https:\/\/fda-shop.it\/shop\/mungitura\/mungitrici-carrellate\/mungitrice-capra\/mungitrice-capre-quattro-gruppi-mungitura#\/261-tipo-motore_standard_280_litri\">hier klicken<\/a>]<\/p>\n<\/li>\n<li data-start=\"2038\" data-end=\"2080\">\n<p data-start=\"2040\" data-end=\"2080\">\u2705 [<strong data-start=\"2043\" data-end=\"2066\">Version f\u00fcr Schafe<\/strong> \u2013 <a href=\"https:\/\/fda-shop.it\/shop\/mungitura\/mungitrici-carrellate\/mungitrice-pecore\/mungitrice-pecora-quattro-gruppi-mungitura#\/261-tipo-motore_standard_280_litri\">hier klicken<\/a>]<\/p>\n<\/li>\n<\/ul>\n<\/div>\n","protected":false},"excerpt":{"rendered":"<p>Elektrische Melkmaschine mit 4 Gruppen f\u00fcr Ziegen oder Schafe, mit Trockenpumpe (280 oder 400 L\/min), 40-L-Edelstahleimer und inklusivem Zubeh\u00f6r. Ideal f\u00fcr professionelles Melken. <\/p>\n","protected":false},"featured_media":425,"comment_status":"open","ping_status":"closed","template":"","meta":{"_et_pb_use_builder":"","_et_pb_old_content":"","_et_gb_content_width":""},"product_brand":[],"product_cat":[410,414],"product_tag":[481],"class_list":{"0":"post-2168","1":"product","2":"type-product","3":"status-publish","4":"has-post-thumbnail","6":"product_cat-fahrbare-melkmaschinen","7":"product_cat-schafe-und-ziegen","8":"product_tag-m6200p","10":"first","11":"instock","12":"shipping-taxable","13":"product-type-simple"},"yoast_head":"<!-- This site is optimized with the Yoast SEO Premium plugin v27.5 (Yoast SEO v27.5) - https:\/\/yoast.com\/product\/yoast-seo-premium-wordpress\/ -->\n<title>Elektrische Melkmaschine 4 Gruppen Ziegen Schafe Ideal f\u00fcr Zuchtbetriebe - FDA srl<\/title>\n<meta name=\"description\" content=\"Entdecken Sie die elektrische Melkmaschine f\u00fcr Ziegen und Schafe mit 4 Gruppen von FDA, entwickelt f\u00fcr schnelles und hygienisches Melken. Effizienz und Praktikabilit\u00e4t in jeder Phase!\" \/>\n<meta name=\"robots\" content=\"index, follow, max-snippet:-1, max-image-preview:large, max-video-preview:-1\" \/>\n<link rel=\"canonical\" href=\"https:\/\/fdasrl.it\/de\/prodotto\/fda-m6200p-melkmaschine-fuer-ziegen-schafe-4-gruppen\/\" \/>\n<meta property=\"og:locale\" content=\"de_DE\" \/>\n<meta property=\"og:type\" content=\"article\" \/>\n<meta property=\"og:title\" content=\"FDA-M6200P-MELKMASCHINE F\u00dcR ZIEGEN \/ SCHAFE 4 GRUPPEN\" \/>\n<meta property=\"og:description\" content=\"Entdecken Sie die elektrische Melkmaschine f\u00fcr Ziegen und Schafe mit 4 Gruppen von FDA, entwickelt f\u00fcr schnelles und hygienisches Melken. Effizienz und Praktikabilit\u00e4t in jeder Phase!\" \/>\n<meta property=\"og:url\" content=\"https:\/\/fdasrl.it\/de\/prodotto\/fda-m6200p-melkmaschine-fuer-ziegen-schafe-4-gruppen\/\" \/>\n<meta property=\"og:site_name\" content=\"FDA srl\" \/>\n<meta property=\"article:publisher\" content=\"https:\/\/www.facebook.com\/share\/1MWhFWg1Tp\/?mibextid=LQQJ4d\" \/>\n<meta property=\"og:image\" content=\"https:\/\/fdasrl.it\/wp-content\/uploads\/2025\/01\/m6200P_1.jpg\" \/>\n\t<meta property=\"og:image:width\" content=\"800\" \/>\n\t<meta property=\"og:image:height\" content=\"737\" \/>\n\t<meta property=\"og:image:type\" content=\"image\/jpeg\" \/>\n<meta name=\"twitter:card\" content=\"summary_large_image\" \/>\n<meta name=\"twitter:label1\" content=\"Preis\" \/>\n\t<meta name=\"twitter:data1\" content=\"\" \/>\n\t<meta name=\"twitter:label2\" content=\"Verf\u00fcgbarkeit\" \/>\n\t<meta name=\"twitter:data2\" content=\"Auf Lager\" \/>\n<meta property=\"product:price:currency\" content=\"EUR\" \/>\n<meta property=\"og:availability\" content=\"instock\" \/>\n<meta property=\"product:availability\" content=\"instock\" \/>\n<meta property=\"product:retailer_item_id\" content=\"FDA-M6200P\" \/>\n<meta property=\"product:condition\" content=\"new\" \/>\n<!-- \/ Yoast SEO Premium plugin. -->","yoast_head_json":{"title":"Elektrische Melkmaschine 4 Gruppen Ziegen Schafe Ideal f\u00fcr Zuchtbetriebe - FDA srl","description":"Entdecken Sie die elektrische Melkmaschine f\u00fcr Ziegen und Schafe mit 4 Gruppen von FDA, entwickelt f\u00fcr schnelles und hygienisches Melken. Effizienz und Praktikabilit\u00e4t in jeder Phase!","robots":{"index":"index","follow":"follow","max-snippet":"max-snippet:-1","max-image-preview":"max-image-preview:large","max-video-preview":"max-video-preview:-1"},"canonical":"https:\/\/fdasrl.it\/de\/prodotto\/fda-m6200p-melkmaschine-fuer-ziegen-schafe-4-gruppen\/","og_locale":"de_DE","og_type":"article","og_title":"FDA-M6200P-MELKMASCHINE F\u00dcR ZIEGEN \/ SCHAFE 4 GRUPPEN","og_description":"Entdecken Sie die elektrische Melkmaschine f\u00fcr Ziegen und Schafe mit 4 Gruppen von FDA, entwickelt f\u00fcr schnelles und hygienisches Melken. Effizienz und Praktikabilit\u00e4t in jeder Phase!","og_url":"https:\/\/fdasrl.it\/de\/prodotto\/fda-m6200p-melkmaschine-fuer-ziegen-schafe-4-gruppen\/","og_site_name":"FDA srl","article_publisher":"https:\/\/www.facebook.com\/share\/1MWhFWg1Tp\/?mibextid=LQQJ4d","og_image":[{"width":800,"height":737,"url":"https:\/\/fdasrl.it\/wp-content\/uploads\/2025\/01\/m6200P_1.jpg","type":"image\/jpeg"}],"twitter_card":"summary_large_image","twitter_misc":{"Preis":"","Verf\u00fcgbarkeit":"Auf Lager"},"schema":{"@context":"https:\/\/schema.org","@graph":[{"@type":"WebPage","@id":"https:\/\/fdasrl.it\/de\/prodotto\/fda-m6200p-melkmaschine-fuer-ziegen-schafe-4-gruppen\/","url":"https:\/\/fdasrl.it\/de\/prodotto\/fda-m6200p-melkmaschine-fuer-ziegen-schafe-4-gruppen\/","name":"Elektrische Melkmaschine 4 Gruppen Ziegen Schafe Ideal f\u00fcr Zuchtbetriebe - FDA srl","isPartOf":{"@id":"https:\/\/fdasrl.it\/de\/#website"},"primaryImageOfPage":{"@id":"https:\/\/fdasrl.it\/de\/prodotto\/fda-m6200p-melkmaschine-fuer-ziegen-schafe-4-gruppen\/#primaryimage"},"image":{"@id":"https:\/\/fdasrl.it\/de\/prodotto\/fda-m6200p-melkmaschine-fuer-ziegen-schafe-4-gruppen\/#primaryimage"},"thumbnailUrl":"https:\/\/fdasrl.it\/wp-content\/uploads\/2025\/01\/m6200P_1.jpg","datePublished":"2025-01-21T11:21:04+00:00","description":"Entdecken Sie die elektrische Melkmaschine f\u00fcr Ziegen und Schafe mit 4 Gruppen von FDA, entwickelt f\u00fcr schnelles und hygienisches Melken. Effizienz und Praktikabilit\u00e4t in jeder Phase!","breadcrumb":{"@id":"https:\/\/fdasrl.it\/de\/prodotto\/fda-m6200p-melkmaschine-fuer-ziegen-schafe-4-gruppen\/#breadcrumb"},"inLanguage":"de","potentialAction":[{"@type":"ReadAction","target":["https:\/\/fdasrl.it\/de\/prodotto\/fda-m6200p-melkmaschine-fuer-ziegen-schafe-4-gruppen\/"]}]},{"@type":"ImageObject","inLanguage":"de","@id":"https:\/\/fdasrl.it\/de\/prodotto\/fda-m6200p-melkmaschine-fuer-ziegen-schafe-4-gruppen\/#primaryimage","url":"https:\/\/fdasrl.it\/wp-content\/uploads\/2025\/01\/m6200P_1.jpg","contentUrl":"https:\/\/fdasrl.it\/wp-content\/uploads\/2025\/01\/m6200P_1.jpg","width":800,"height":737,"caption":"MELKMASCHINE F\u00dcR ZIEGEN \/ SCHAFE MIT 4 GRUPPEN FDA SRL"},{"@type":"BreadcrumbList","@id":"https:\/\/fdasrl.it\/de\/prodotto\/fda-m6200p-melkmaschine-fuer-ziegen-schafe-4-gruppen\/#breadcrumb","itemListElement":[{"@type":"ListItem","position":1,"name":"Home","item":"https:\/\/fdasrl.it\/de\/startseite\/"},{"@type":"ListItem","position":2,"name":"Shop","item":"https:\/\/fdasrl.it\/de\/shop\/"},{"@type":"ListItem","position":3,"name":"FDA-M6200P-MELKMASCHINE F\u00dcR ZIEGEN \/ SCHAFE 4 GRUPPEN"}]},{"@type":"WebSite","@id":"https:\/\/fdasrl.it\/de\/#website","url":"https:\/\/fdasrl.it\/de\/","name":"FDA srl","description":"Equipment for animal husbandry","publisher":{"@id":"https:\/\/fdasrl.it\/de\/#organization"},"potentialAction":[{"@type":"SearchAction","target":{"@type":"EntryPoint","urlTemplate":"https:\/\/fdasrl.it\/de\/?s={search_term_string}"},"query-input":{"@type":"PropertyValueSpecification","valueRequired":true,"valueName":"search_term_string"}}],"inLanguage":"de"},{"@type":"Organization","@id":"https:\/\/fdasrl.it\/de\/#organization","name":"FDA srl","url":"https:\/\/fdasrl.it\/de\/","logo":{"@type":"ImageObject","inLanguage":"de","@id":"https:\/\/fdasrl.it\/de\/#\/schema\/logo\/image\/","url":"https:\/\/fdasrl.it\/wp-content\/uploads\/2024\/12\/Logo-FDA.png","contentUrl":"https:\/\/fdasrl.it\/wp-content\/uploads\/2024\/12\/Logo-FDA.png","width":316,"height":119,"caption":"FDA srl"},"image":{"@id":"https:\/\/fdasrl.it\/de\/#\/schema\/logo\/image\/"},"sameAs":["https:\/\/www.facebook.com\/share\/1MWhFWg1Tp\/?mibextid=LQQJ4d","https:\/\/www.instagram.com\/fda_srl\/profilecard\/?igsh=YW5lbzJ6MWg0d21u","https:\/\/www.youtube.com\/@FDASRL_ANIMALCARE"],"description":"FDA SRL \u2013 Equipment for animal husbandry nasce con l\u2019obiettivo di offrire soluzioni affidabili e innovative per l\u2019allevamento moderno. Con anni di esperienza nel settore zootecnico, progettiamo e realizziamo attrezzature destinate al benessere animale e alla gestione efficiente delle stalle: vasche, abbeveratoi, mangiatoie e sistemi di riscaldamento pensati per durare nel tempo e semplificare il lavoro quotidiano degli allevatori. Dalla progettazione alla produzione, ogni nostro prodotto \u00e8 studiato nei minimi dettagli, testato con cura e costruito per rispondere alle esigenze reali del settore. La nostra forza \u00e8 unire artigianalit\u00e0, tecnologia e competenza tecnica per trasformare ogni progetto in una soluzione concreta e funzionale. Oggi FDA SRL \u00e8 un punto di riferimento per privati e rivenditori che cercano qualit\u00e0, affidabilit\u00e0 e innovazione nelle attrezzature per l\u2019allevamento.","email":"info@fdasrl.it","telephone":"+390522826820","legalName":"F.D.A. SRL","foundingDate":"2024-10-13","vatID":"03075840359","taxID":"03075840359","numberOfEmployees":{"@type":"QuantitativeValue","minValue":"1","maxValue":"10"}}]},"product_price_currency":"EUR","og_availability":"instock","product_availability":"instock","product_retailer_item_id":"FDA-M6200P","product_condition":"new"},"_links":{"self":[{"href":"https:\/\/fdasrl.it\/de\/wp-json\/wp\/v2\/product\/2168","targetHints":{"allow":["GET"]}}],"collection":[{"href":"https:\/\/fdasrl.it\/de\/wp-json\/wp\/v2\/product"}],"about":[{"href":"https:\/\/fdasrl.it\/de\/wp-json\/wp\/v2\/types\/product"}],"replies":[{"embeddable":true,"href":"https:\/\/fdasrl.it\/de\/wp-json\/wp\/v2\/comments?post=2168"}],"wp:featuredmedia":[{"embeddable":true,"href":"https:\/\/fdasrl.it\/de\/wp-json\/wp\/v2\/media\/425"}],"wp:attachment":[{"href":"https:\/\/fdasrl.it\/de\/wp-json\/wp\/v2\/media?parent=2168"}],"wp:term":[{"taxonomy":"product_brand","embeddable":true,"href":"https:\/\/fdasrl.it\/de\/wp-json\/wp\/v2\/product_brand?post=2168"},{"taxonomy":"product_cat","embeddable":true,"href":"https:\/\/fdasrl.it\/de\/wp-json\/wp\/v2\/product_cat?post=2168"},{"taxonomy":"product_tag","embeddable":true,"href":"https:\/\/fdasrl.it\/de\/wp-json\/wp\/v2\/product_tag?post=2168"}],"curies":[{"name":"wp","href":"https:\/\/api.w.org\/{rel}","templated":true}]}}