{"id":2226,"date":"2026-03-04T11:44:01","date_gmt":"2026-03-04T10:44:01","guid":{"rendered":"https:\/\/fdasrl.it\/prodotto\/elektromotor-mit-oelvakuumpumpe-facm20602-250-l-min-220-v-055-kw\/"},"modified":"2026-03-04T11:44:01","modified_gmt":"2026-03-04T10:44:01","slug":"elektromotor-mit-oelvakuumpumpe-facm20602-250-l-min-220-v-055-kw","status":"publish","type":"product","link":"https:\/\/fdasrl.it\/de\/prodotto\/elektromotor-mit-oelvakuumpumpe-facm20602-250-l-min-220-v-055-kw\/","title":{"rendered":"Elektromotor mit \u00d6lvakuumpumpe FACM20602 \u2013 250 l\/min \u2013 220 V 0,55 kW"},"content":{"rendered":"<h1 data-start=\"136\" data-end=\"216\">Elektromotor mit \u00d6lvakuumpumpe FACM20602 \u2013 250 l\/min \u2013 220 V 0,55 kW<\/h1>\n<p data-start=\"218\" data-end=\"415\">Das <strong data-start=\"221\" data-end=\"234\">FACM20602<\/strong> ist ein <strong data-start=\"240\" data-end=\"305\">Elektromotor mit integrierter \u00f6lgeschmierter Vakuumpumpe<\/strong>, konzipiert f\u00fcr Anwendungen in der Tierhaltung, die eine <strong data-start=\"368\" data-end=\"414\">zuverl\u00e4ssige und kontinuierliche Vakuumerzeugung<\/strong> erfordern.<\/p>\n<p data-start=\"417\" data-end=\"643\">Das Aggregat besteht aus einem <strong data-start=\"441\" data-end=\"493\">0,55 kW Elektromotor mit 220 VAC Stromversorgung<\/strong>, gekoppelt mit einer <strong data-start=\"508\" data-end=\"580\">\u00f6lgeschmierten Vakuumpumpe mit separaten Beh\u00e4ltern<\/strong>, die eine <strong data-start=\"608\" data-end=\"642\">F\u00f6rderleistung von 250 Litern pro Minute<\/strong> garantiert.<\/p>\n<p data-start=\"645\" data-end=\"835\">Diese Konfiguration gew\u00e4hrleistet einen stabilen Betrieb und konstante Leistung, ideal f\u00fcr <strong data-start=\"756\" data-end=\"834\">Melkanlagen und Ger\u00e4te im Bereich der Tierhaltung<\/strong>.<\/p>\n<hr data-start=\"837\" data-end=\"840\">\n<h2 data-start=\"842\" data-end=\"880\">Vorteile des \u00d6lbad-Systems<\/h2>\n<p data-start=\"882\" data-end=\"1021\">Die \u00d6lschmierung und das <strong data-start=\"913\" data-end=\"945\">System mit separaten Beh\u00e4ltern<\/strong> tragen zur Effizienz und Langlebigkeit des Systems bei und bieten:<\/p>\n<ul data-start=\"1023\" data-end=\"1174\">\n<li data-start=\"1023\" data-end=\"1060\">\n<p data-start=\"1025\" data-end=\"1060\"><strong data-start=\"1025\" data-end=\"1060\">h\u00f6here Betriebszuverl\u00e4ssigkeit<\/strong><\/p>\n<\/li>\n<li data-start=\"1061\" data-end=\"1097\">\n<p data-start=\"1063\" data-end=\"1097\"><strong data-start=\"1063\" data-end=\"1097\">Reduzierung des mechanischen Verschlei\u00dfes<\/strong><\/p>\n<\/li>\n<li data-start=\"1098\" data-end=\"1137\">\n<p data-start=\"1100\" data-end=\"1137\"><strong data-start=\"1100\" data-end=\"1137\">gleichm\u00e4\u00dfiger und kontinuierlicher Betrieb<\/strong><\/p>\n<\/li>\n<li data-start=\"1138\" data-end=\"1174\">\n<p data-start=\"1140\" data-end=\"1174\"><strong data-start=\"1140\" data-end=\"1174\">konstante Leistung \u00fcber die Zeit<\/strong><\/p>\n<\/li>\n<\/ul>\n<p data-start=\"1176\" data-end=\"1362\">Dank seiner robusten Bauweise ist das <strong data-start=\"1216\" data-end=\"1229\">FACM20602<\/strong> eine kompakte und zuverl\u00e4ssige L\u00f6sung f\u00fcr Systeme, die <strong data-start=\"1305\" data-end=\"1361\">Betriebsstabilit\u00e4t und kontinuierliche Funktion<\/strong> erfordern.<\/p>\n<hr data-start=\"1364\" data-end=\"1367\">\n<h2 data-start=\"1369\" data-end=\"1396\">Technische Daten<\/h2>\n<ul data-start=\"1398\" data-end=\"1590\">\n<li data-start=\"1398\" data-end=\"1424\">\n<p data-start=\"1400\" data-end=\"1424\"><strong data-start=\"1400\" data-end=\"1412\">Modell:<\/strong> FACM20602<\/p>\n<\/li>\n<li data-start=\"1425\" data-end=\"1451\">\n<p data-start=\"1427\" data-end=\"1451\"><strong data-start=\"1427\" data-end=\"1439\">F\u00f6rderleistung:<\/strong> 250 l\/min<\/p>\n<\/li>\n<li data-start=\"1452\" data-end=\"1482\">\n<p data-start=\"1454\" data-end=\"1482\"><strong data-start=\"1454\" data-end=\"1472\">Stromversorgung:<\/strong> 220 VAC<\/p>\n<\/li>\n<li data-start=\"1483\" data-end=\"1517\">\n<p data-start=\"1485\" data-end=\"1517\"><strong data-start=\"1485\" data-end=\"1497\">Leistung:<\/strong> 0,55 kW (0,75 PS)<\/p>\n<\/li>\n<li data-start=\"1518\" data-end=\"1590\">\n<p data-start=\"1520\" data-end=\"1590\"><strong data-start=\"1520\" data-end=\"1532\">System:<\/strong> \u00f6lgeschmierte Vakuumpumpe mit <strong data-start=\"1568\" data-end=\"1590\">separaten Beh\u00e4ltern<\/strong><\/p>\n<\/li>\n<\/ul>\n<p data-start=\"1592\" data-end=\"1676\">Entwickelt f\u00fcr <strong data-start=\"1617\" data-end=\"1675\">lange Lebensdauer und dauerhaft stabile Leistung<\/strong>.<\/p>\n<p data-start=\"1592\" data-end=\"1676\">\n<h4 data-start=\"1954\" data-end=\"1993\">H\u00e4ndler und Vertriebspartner: Fordern Sie Informationen an <a href=\"https:\/\/fdasrl.it\/de\/kontakt\/\">(HIER KLICKEN)<\/a><\/h4>\n<h4 data-start=\"1954\" data-end=\"1993\">\ud83d\uded2 Online kaufen <a href=\"https:\/\/fda-shop.it\/shop\/mungitura\/accessori-mungitrici\/motore-elettrico-con-pompa-del-vuoto-ad-olio-facm20602-250-lmin-220v-055-kw\">(HIER KLICKEN)<\/a><\/h4>\n","protected":false},"excerpt":{"rendered":"<p>Elektromotor mit \u00f6lgeschmierter Vakuumpumpe FACM20602 mit separaten Beh\u00e4ltern, F\u00f6rderleistung 250 l\/min, 220 V Stromversorgung und 0,55 kW Leistung. Ideal f\u00fcr Melkanlagen und Anwendungen in der Tierhaltung, die eine zuverl\u00e4ssige und kontinuierliche Vakuumerzeugung erfordern. <\/p>\n","protected":false},"featured_media":1156,"comment_status":"open","ping_status":"closed","template":"","meta":{"_et_pb_use_builder":"","_et_pb_old_content":"","_et_gb_content_width":""},"product_brand":[],"product_cat":[410,496],"product_tag":[497],"class_list":{"0":"post-2226","1":"product","2":"type-product","3":"status-publish","4":"has-post-thumbnail","6":"product_cat-fahrbare-melkmaschinen","7":"product_cat-zubehor-fur-melkmaschinen","8":"product_tag-facm20602","10":"first","11":"instock","12":"shipping-taxable","13":"product-type-simple"},"yoast_head":"<!-- This site is optimized with the Yoast SEO Premium plugin v27.5 (Yoast SEO v27.5) - https:\/\/yoast.com\/product\/yoast-seo-premium-wordpress\/ -->\n<title>\u00d6lgeschmierte Vakuumpumpe 250 l\/min f\u00fcr Melkmaschinen<\/title>\n<meta name=\"description\" content=\"Entdecken Sie die Leistung des FACM20602 mit einer \u00f6lgeschmierten 250 l\/min Vakuumpumpe f\u00fcr Melkmaschinen. Zuverl\u00e4ssigkeit und hohe Leistung f\u00fcr die Tierhaltung!\" \/>\n<meta name=\"robots\" content=\"index, follow, max-snippet:-1, max-image-preview:large, max-video-preview:-1\" \/>\n<link rel=\"canonical\" href=\"https:\/\/fdasrl.it\/de\/prodotto\/elektromotor-mit-oelvakuumpumpe-facm20602-250-l-min-220-v-055-kw\/\" \/>\n<meta property=\"og:locale\" content=\"de_DE\" \/>\n<meta property=\"og:type\" content=\"article\" \/>\n<meta property=\"og:title\" content=\"Elektromotor mit \u00d6lvakuumpumpe FACM20602 \u2013 250 l\/min \u2013 220 V 0,55 kW\" \/>\n<meta property=\"og:description\" content=\"Entdecken Sie die Leistung des FACM20602 mit einer \u00f6lgeschmierten 250 l\/min Vakuumpumpe f\u00fcr Melkmaschinen. Zuverl\u00e4ssigkeit und hohe Leistung f\u00fcr die Tierhaltung!\" \/>\n<meta property=\"og:url\" content=\"https:\/\/fdasrl.it\/de\/prodotto\/elektromotor-mit-oelvakuumpumpe-facm20602-250-l-min-220-v-055-kw\/\" \/>\n<meta property=\"og:site_name\" content=\"FDA srl\" \/>\n<meta property=\"article:publisher\" content=\"https:\/\/www.facebook.com\/share\/1MWhFWg1Tp\/?mibextid=LQQJ4d\" \/>\n<meta property=\"og:image\" content=\"https:\/\/fdasrl.it\/wp-content\/uploads\/2026\/03\/motore-elettrico-con-pompa-del-vuoto-ad-olio-facm20602-250-lmin-220v-055-kw-2.webp\" \/>\n\t<meta property=\"og:image:width\" content=\"1024\" \/>\n\t<meta property=\"og:image:height\" content=\"1201\" \/>\n\t<meta property=\"og:image:type\" content=\"image\/webp\" \/>\n<meta name=\"twitter:card\" content=\"summary_large_image\" \/>\n<meta name=\"twitter:label1\" content=\"Preis\" \/>\n\t<meta name=\"twitter:data1\" content=\"\" \/>\n\t<meta name=\"twitter:label2\" content=\"Verf\u00fcgbarkeit\" \/>\n\t<meta name=\"twitter:data2\" content=\"Auf Lager\" \/>\n<meta property=\"product:price:currency\" content=\"EUR\" \/>\n<meta property=\"og:availability\" content=\"instock\" \/>\n<meta property=\"product:availability\" content=\"instock\" \/>\n<meta property=\"product:retailer_item_id\" content=\"FACM20602\" \/>\n<meta property=\"product:condition\" content=\"new\" \/>\n<!-- \/ Yoast SEO Premium plugin. -->","yoast_head_json":{"title":"\u00d6lgeschmierte Vakuumpumpe 250 l\/min f\u00fcr Melkmaschinen","description":"Entdecken Sie die Leistung des FACM20602 mit einer \u00f6lgeschmierten 250 l\/min Vakuumpumpe f\u00fcr Melkmaschinen. Zuverl\u00e4ssigkeit und hohe Leistung f\u00fcr die Tierhaltung!","robots":{"index":"index","follow":"follow","max-snippet":"max-snippet:-1","max-image-preview":"max-image-preview:large","max-video-preview":"max-video-preview:-1"},"canonical":"https:\/\/fdasrl.it\/de\/prodotto\/elektromotor-mit-oelvakuumpumpe-facm20602-250-l-min-220-v-055-kw\/","og_locale":"de_DE","og_type":"article","og_title":"Elektromotor mit \u00d6lvakuumpumpe FACM20602 \u2013 250 l\/min \u2013 220 V 0,55 kW","og_description":"Entdecken Sie die Leistung des FACM20602 mit einer \u00f6lgeschmierten 250 l\/min Vakuumpumpe f\u00fcr Melkmaschinen. Zuverl\u00e4ssigkeit und hohe Leistung f\u00fcr die Tierhaltung!","og_url":"https:\/\/fdasrl.it\/de\/prodotto\/elektromotor-mit-oelvakuumpumpe-facm20602-250-l-min-220-v-055-kw\/","og_site_name":"FDA srl","article_publisher":"https:\/\/www.facebook.com\/share\/1MWhFWg1Tp\/?mibextid=LQQJ4d","og_image":[{"width":1024,"height":1201,"url":"https:\/\/fdasrl.it\/wp-content\/uploads\/2026\/03\/motore-elettrico-con-pompa-del-vuoto-ad-olio-facm20602-250-lmin-220v-055-kw-2.webp","type":"image\/webp"}],"twitter_card":"summary_large_image","twitter_misc":{"Preis":"","Verf\u00fcgbarkeit":"Auf Lager"},"schema":{"@context":"https:\/\/schema.org","@graph":[{"@type":"WebPage","@id":"https:\/\/fdasrl.it\/de\/prodotto\/elektromotor-mit-oelvakuumpumpe-facm20602-250-l-min-220-v-055-kw\/","url":"https:\/\/fdasrl.it\/de\/prodotto\/elektromotor-mit-oelvakuumpumpe-facm20602-250-l-min-220-v-055-kw\/","name":"\u00d6lgeschmierte Vakuumpumpe 250 l\/min f\u00fcr Melkmaschinen","isPartOf":{"@id":"https:\/\/fdasrl.it\/de\/#website"},"primaryImageOfPage":{"@id":"https:\/\/fdasrl.it\/de\/prodotto\/elektromotor-mit-oelvakuumpumpe-facm20602-250-l-min-220-v-055-kw\/#primaryimage"},"image":{"@id":"https:\/\/fdasrl.it\/de\/prodotto\/elektromotor-mit-oelvakuumpumpe-facm20602-250-l-min-220-v-055-kw\/#primaryimage"},"thumbnailUrl":"https:\/\/fdasrl.it\/wp-content\/uploads\/2026\/03\/motore-elettrico-con-pompa-del-vuoto-ad-olio-facm20602-250-lmin-220v-055-kw-2.webp","datePublished":"2026-03-04T10:44:01+00:00","description":"Entdecken Sie die Leistung des FACM20602 mit einer \u00f6lgeschmierten 250 l\/min Vakuumpumpe f\u00fcr Melkmaschinen. Zuverl\u00e4ssigkeit und hohe Leistung f\u00fcr die Tierhaltung!","breadcrumb":{"@id":"https:\/\/fdasrl.it\/de\/prodotto\/elektromotor-mit-oelvakuumpumpe-facm20602-250-l-min-220-v-055-kw\/#breadcrumb"},"inLanguage":"de","potentialAction":[{"@type":"ReadAction","target":["https:\/\/fdasrl.it\/de\/prodotto\/elektromotor-mit-oelvakuumpumpe-facm20602-250-l-min-220-v-055-kw\/"]}]},{"@type":"ImageObject","inLanguage":"de","@id":"https:\/\/fdasrl.it\/de\/prodotto\/elektromotor-mit-oelvakuumpumpe-facm20602-250-l-min-220-v-055-kw\/#primaryimage","url":"https:\/\/fdasrl.it\/wp-content\/uploads\/2026\/03\/motore-elettrico-con-pompa-del-vuoto-ad-olio-facm20602-250-lmin-220v-055-kw-2.webp","contentUrl":"https:\/\/fdasrl.it\/wp-content\/uploads\/2026\/03\/motore-elettrico-con-pompa-del-vuoto-ad-olio-facm20602-250-lmin-220v-055-kw-2.webp","width":1024,"height":1201,"caption":"Elektromotor mit \u00f6lgeschmierter Vakuumpumpe f\u00fcr Melkmaschinen."},{"@type":"BreadcrumbList","@id":"https:\/\/fdasrl.it\/de\/prodotto\/elektromotor-mit-oelvakuumpumpe-facm20602-250-l-min-220-v-055-kw\/#breadcrumb","itemListElement":[{"@type":"ListItem","position":1,"name":"Home","item":"https:\/\/fdasrl.it\/de\/startseite\/"},{"@type":"ListItem","position":2,"name":"Shop","item":"https:\/\/fdasrl.it\/de\/shop\/"},{"@type":"ListItem","position":3,"name":"Elektromotor mit \u00d6lvakuumpumpe FACM20602 \u2013 250 l\/min \u2013 220 V 0,55 kW"}]},{"@type":"WebSite","@id":"https:\/\/fdasrl.it\/de\/#website","url":"https:\/\/fdasrl.it\/de\/","name":"FDA srl","description":"Equipment for animal husbandry","publisher":{"@id":"https:\/\/fdasrl.it\/de\/#organization"},"potentialAction":[{"@type":"SearchAction","target":{"@type":"EntryPoint","urlTemplate":"https:\/\/fdasrl.it\/de\/?s={search_term_string}"},"query-input":{"@type":"PropertyValueSpecification","valueRequired":true,"valueName":"search_term_string"}}],"inLanguage":"de"},{"@type":"Organization","@id":"https:\/\/fdasrl.it\/de\/#organization","name":"FDA srl","url":"https:\/\/fdasrl.it\/de\/","logo":{"@type":"ImageObject","inLanguage":"de","@id":"https:\/\/fdasrl.it\/de\/#\/schema\/logo\/image\/","url":"https:\/\/fdasrl.it\/wp-content\/uploads\/2024\/12\/Logo-FDA.png","contentUrl":"https:\/\/fdasrl.it\/wp-content\/uploads\/2024\/12\/Logo-FDA.png","width":316,"height":119,"caption":"FDA srl"},"image":{"@id":"https:\/\/fdasrl.it\/de\/#\/schema\/logo\/image\/"},"sameAs":["https:\/\/www.facebook.com\/share\/1MWhFWg1Tp\/?mibextid=LQQJ4d","https:\/\/www.instagram.com\/fda_srl\/profilecard\/?igsh=YW5lbzJ6MWg0d21u","https:\/\/www.youtube.com\/@FDASRL_ANIMALCARE"],"description":"FDA SRL \u2013 Equipment for animal husbandry nasce con l\u2019obiettivo di offrire soluzioni affidabili e innovative per l\u2019allevamento moderno. Con anni di esperienza nel settore zootecnico, progettiamo e realizziamo attrezzature destinate al benessere animale e alla gestione efficiente delle stalle: vasche, abbeveratoi, mangiatoie e sistemi di riscaldamento pensati per durare nel tempo e semplificare il lavoro quotidiano degli allevatori. Dalla progettazione alla produzione, ogni nostro prodotto \u00e8 studiato nei minimi dettagli, testato con cura e costruito per rispondere alle esigenze reali del settore. La nostra forza \u00e8 unire artigianalit\u00e0, tecnologia e competenza tecnica per trasformare ogni progetto in una soluzione concreta e funzionale. Oggi FDA SRL \u00e8 un punto di riferimento per privati e rivenditori che cercano qualit\u00e0, affidabilit\u00e0 e innovazione nelle attrezzature per l\u2019allevamento.","email":"info@fdasrl.it","telephone":"+390522826820","legalName":"F.D.A. SRL","foundingDate":"2024-10-13","vatID":"03075840359","taxID":"03075840359","numberOfEmployees":{"@type":"QuantitativeValue","minValue":"1","maxValue":"10"}}]},"product_price_currency":"EUR","og_availability":"instock","product_availability":"instock","product_retailer_item_id":"FACM20602","product_condition":"new"},"_links":{"self":[{"href":"https:\/\/fdasrl.it\/de\/wp-json\/wp\/v2\/product\/2226","targetHints":{"allow":["GET"]}}],"collection":[{"href":"https:\/\/fdasrl.it\/de\/wp-json\/wp\/v2\/product"}],"about":[{"href":"https:\/\/fdasrl.it\/de\/wp-json\/wp\/v2\/types\/product"}],"replies":[{"embeddable":true,"href":"https:\/\/fdasrl.it\/de\/wp-json\/wp\/v2\/comments?post=2226"}],"wp:featuredmedia":[{"embeddable":true,"href":"https:\/\/fdasrl.it\/de\/wp-json\/wp\/v2\/media\/1156"}],"wp:attachment":[{"href":"https:\/\/fdasrl.it\/de\/wp-json\/wp\/v2\/media?parent=2226"}],"wp:term":[{"taxonomy":"product_brand","embeddable":true,"href":"https:\/\/fdasrl.it\/de\/wp-json\/wp\/v2\/product_brand?post=2226"},{"taxonomy":"product_cat","embeddable":true,"href":"https:\/\/fdasrl.it\/de\/wp-json\/wp\/v2\/product_cat?post=2226"},{"taxonomy":"product_tag","embeddable":true,"href":"https:\/\/fdasrl.it\/de\/wp-json\/wp\/v2\/product_tag?post=2226"}],"curies":[{"name":"wp","href":"https:\/\/api.w.org\/{rel}","templated":true}]}}