{"id":2251,"date":"2026-03-13T10:28:58","date_gmt":"2026-03-13T09:28:58","guid":{"rendered":"https:\/\/fdasrl.it\/prodotto\/schwimmerventil-far16b-fuer-traenke-1-2-mit-schwimmer-o90-mm\/"},"modified":"2026-03-13T10:28:58","modified_gmt":"2026-03-13T09:28:58","slug":"schwimmerventil-far16b-fuer-traenke-1-2-mit-schwimmer-o90-mm","status":"publish","type":"product","link":"https:\/\/fdasrl.it\/de\/prodotto\/schwimmerventil-far16b-fuer-traenke-1-2-mit-schwimmer-o90-mm\/","title":{"rendered":"Schwimmerventil FAR16B f\u00fcr Tr\u00e4nke 1\/2&#8243; mit Schwimmer \u00d890 mm"},"content":{"rendered":"<h2 data-section-id=\"tmb3x4\" data-start=\"73\" data-end=\"151\">Schwimmerventil FAR16B f\u00fcr Tr\u00e4nke 1\/2&#8243; mit Schwimmer \u00d890 mm<\/h2>\n<p data-start=\"153\" data-end=\"466\">Das <strong data-start=\"156\" data-end=\"226\">Schwimmerventil FAR16B mit 1\/2&#8243; Au\u00dfengewinde<\/strong> ist f\u00fcr die automatische Steuerung des Wasserstands in Tr\u00e4nken f\u00fcr die Tierhaltung konzipiert. Der Ventilk\u00f6rper ist aus <strong data-start=\"359\" data-end=\"369\">Messing<\/strong> gefertigt, einem robusten und korrosionsbest\u00e4ndigen Material, ideal f\u00fcr den Einsatz in Stallumgebungen. <\/p>\n<p data-start=\"468\" data-end=\"659\">Das System ist mit einem <strong data-start=\"491\" data-end=\"561\">Schwimmer aus Polypropylen in Orange mit 90 mm Durchmesser<\/strong> und <strong data-start=\"564\" data-end=\"588\">Stange aus Edelstahl<\/strong> ausgestattet, eine L\u00f6sung, die hohe Widerstandsf\u00e4higkeit und lange Lebensdauer garantiert.<\/p>\n<p data-start=\"661\" data-end=\"910\">Der Schwimmer ist f\u00fcr den Betrieb <strong data-start=\"703\" data-end=\"729\">in vertikaler Position<\/strong> ausgelegt und erm\u00f6glicht eine <strong data-start=\"745\" data-end=\"790\">einfache Regulierung des Wasserstands<\/strong>, h\u00e4lt die F\u00fcllung der Tr\u00e4nke konstant und gew\u00e4hrleistet eine korrekte Wasserversorgung f\u00fcr die Tiere.<\/p>\n<p data-start=\"912\" data-end=\"1067\">Dieses Ventil ist ideal als <strong data-start=\"941\" data-end=\"1011\">Ersatzteil f\u00fcr Tr\u00e4nken f\u00fcr Rinder und andere Nutztiere<\/strong> und garantiert Zuverl\u00e4ssigkeit und einfache Installation.<\/p>\n<hr data-start=\"1069\" data-end=\"1072\">\n<h2 data-section-id=\"og5zk7\" data-start=\"1074\" data-end=\"1104\">\u2699\ufe0f Technische Merkmale<\/h2>\n<p data-start=\"1106\" data-end=\"1135\"><strong data-start=\"1106\" data-end=\"1126\">Produktcode:<\/strong> FAR16B<\/p>\n<p data-start=\"1137\" data-end=\"1158\"><strong data-start=\"1137\" data-end=\"1149\">Ventil:<\/strong> Messing<\/p>\n<p data-start=\"1160\" data-end=\"1199\"><strong data-start=\"1160\" data-end=\"1172\">Anschluss:<\/strong> 1\/2&#8243; Au\u00dfengewinde<\/p>\n<p data-start=\"1201\" data-end=\"1244\"><strong data-start=\"1201\" data-end=\"1228\">Material Schwimmer:<\/strong> Polypropylen<\/p>\n<p data-start=\"1246\" data-end=\"1280\"><strong data-start=\"1246\" data-end=\"1272\">Durchmesser Schwimmer:<\/strong> 90 mm<\/p>\n<p data-start=\"1282\" data-end=\"1316\"><strong data-start=\"1282\" data-end=\"1306\">Farbe Schwimmer:<\/strong> Orange<\/p>\n<p data-start=\"1318\" data-end=\"1342\"><strong data-start=\"1318\" data-end=\"1327\">Stange:<\/strong> Edelstahl<\/p>\n<p data-start=\"1344\" data-end=\"1405\"><strong data-start=\"1344\" data-end=\"1361\">Stangenanschluss:<\/strong> Messingbolzen mit Gewinde <strong data-start=\"1394\" data-end=\"1403\">1\/4 W<\/strong><\/p>\n<p data-start=\"1407\" data-end=\"1443\"><strong data-start=\"1407\" data-end=\"1431\">Arbeitsposition:<\/strong> Vertikal<\/p>\n<p data-start=\"1445\" data-end=\"1480\"><strong data-start=\"1445\" data-end=\"1475\">Wasserstandsregulierung:<\/strong> Ja<\/p>\n<p data-start=\"1482\" data-end=\"1512\"><strong data-start=\"1482\" data-end=\"1500\">Wasserdurchfluss:<\/strong> <strong data-start=\"1501\" data-end=\"1512\">5 L\/min<\/strong><\/p>\n<p data-start=\"1514\" data-end=\"1553\"><strong data-start=\"1514\" data-end=\"1541\">Betriebsdruck:<\/strong> 0,5 \u2013 6 bar<\/p>\n<p data-start=\"1465\" data-end=\"1485\"><strong data-start=\"1465\" data-end=\"1483\">Kompatibilit\u00e4t:<\/strong><\/p>\n<ul data-start=\"1486\" data-end=\"1557\">\n<li data-section-id=\"7p62o9\" data-start=\"1486\" data-end=\"1518\">\n<p data-start=\"1488\" data-end=\"1518\">Tr\u00e4nke <strong data-start=\"1501\" data-end=\"1516\">FA-AG Gusseisen<\/strong><\/p>\n<\/li>\n<li data-section-id=\"bk0ult\" data-start=\"1519\" data-end=\"1557\">\n<p data-start=\"1521\" data-end=\"1557\">Tr\u00e4nke <strong data-start=\"1534\" data-end=\"1557\">FA-AG Polypropylen<\/strong><\/p>\n<\/li>\n<li data-section-id=\"bk0ult\" data-start=\"1519\" data-end=\"1557\">Alle Modelle mit konstantem F\u00fcllstandsmechanismus<\/li>\n<\/ul>\n<hr data-start=\"1555\" data-end=\"1558\">\n<h2 data-section-id=\"50c332\" data-start=\"1560\" data-end=\"1584\">\u2705 Hauptvorteile<\/h2>\n<ul>\n<li data-section-id=\"nmfhi2\" data-start=\"385\" data-end=\"429\">\n<p data-start=\"388\" data-end=\"429\">Ventil aus robustem und langlebigem Messing<\/p>\n<\/li>\n<li data-section-id=\"x779ih\" data-start=\"430\" data-end=\"470\">\n<p data-start=\"433\" data-end=\"470\">Stange aus korrosionsbest\u00e4ndigem Edelstahl<\/p>\n<\/li>\n<li data-section-id=\"60dbw6\" data-start=\"471\" data-end=\"512\">\n<p data-start=\"474\" data-end=\"512\">Schwimmer \u00d890 mm aus Polypropylen<\/p>\n<\/li>\n<li data-section-id=\"1hrkpq1\" data-start=\"513\" data-end=\"561\">\n<p data-start=\"516\" data-end=\"561\">Einfache Regulierung des Wasserstands<\/p>\n<\/li>\n<li data-section-id=\"1lifqpe\" data-start=\"562\" data-end=\"619\">\n<p data-start=\"565\" data-end=\"619\">Ideal als Ersatzteil f\u00fcr Tr\u00e4nken in der Tierhaltung<\/p>\n<\/li>\n<\/ul>\n<p>&nbsp;<\/p>\n<p>\ud83d\udc49 H\u00e4ndlerpreis anfragen: <a href=\"mailto:info@fdasrl.it\">HIER KLICKEN<\/a><\/p>\n","protected":false},"excerpt":{"rendered":"<p>Schwimmerventil FAR16B mit Messingk\u00f6rper, 1\/2&#8243; Au\u00dfengewinde, Schwimmer \u00d890 mm aus Polypropylen und Stange aus Edelstahl. Durchfluss 5 L\/min und Betriebsdruck 0,5\u20136 bar. <\/p>\n","protected":false},"featured_media":1237,"comment_status":"open","ping_status":"closed","template":"","meta":{"_et_pb_use_builder":"","_et_pb_old_content":"","_et_gb_content_width":""},"product_brand":[],"product_cat":[511,414,510,512],"product_tag":[513],"class_list":{"0":"post-2251","1":"product","2":"type-product","3":"status-publish","4":"has-post-thumbnail","6":"product_cat-edelstahlwannen-fur-stalle","7":"product_cat-schafe-und-ziegen","8":"product_cat-tranken","9":"product_cat-ventile-und-schwimmer","10":"product_tag-far16b","12":"first","13":"instock","14":"shipping-taxable","15":"product-type-simple"},"yoast_head":"<!-- This site is optimized with the Yoast SEO Premium plugin v27.5 (Yoast SEO v27.5) - https:\/\/yoast.com\/product\/yoast-seo-premium-wordpress\/ -->\n<title>Schwimmerventil Messing FAR16B Tr\u00e4nke 1\/2&quot; - Robust<\/title>\n<meta name=\"description\" content=\"Halten Sie das Wasser immer auf optimalem Niveau mit dem Schwimmerventil Messing FAR16B. Robust und widerstandsf\u00e4hig, die ideale L\u00f6sung f\u00fcr St\u00e4lle! \ud83d\udc04\" \/>\n<meta name=\"robots\" content=\"index, follow, max-snippet:-1, max-image-preview:large, max-video-preview:-1\" \/>\n<link rel=\"canonical\" href=\"https:\/\/fdasrl.it\/de\/prodotto\/schwimmerventil-far16b-fuer-traenke-1-2-mit-schwimmer-o90-mm\/\" \/>\n<meta property=\"og:locale\" content=\"de_DE\" \/>\n<meta property=\"og:type\" content=\"article\" \/>\n<meta property=\"og:title\" content=\"Schwimmerventil FAR16B f\u00fcr Tr\u00e4nke 1\/2&quot; mit Schwimmer \u00d890 mm\" \/>\n<meta property=\"og:description\" content=\"Halten Sie das Wasser immer auf optimalem Niveau mit dem Schwimmerventil Messing FAR16B. Robust und widerstandsf\u00e4hig, die ideale L\u00f6sung f\u00fcr St\u00e4lle! \ud83d\udc04\" \/>\n<meta property=\"og:url\" content=\"https:\/\/fdasrl.it\/de\/prodotto\/schwimmerventil-far16b-fuer-traenke-1-2-mit-schwimmer-o90-mm\/\" \/>\n<meta property=\"og:site_name\" content=\"FDA srl\" \/>\n<meta property=\"article:publisher\" content=\"https:\/\/www.facebook.com\/share\/1MWhFWg1Tp\/?mibextid=LQQJ4d\" \/>\n<meta property=\"og:image\" content=\"https:\/\/fdasrl.it\/wp-content\/uploads\/2026\/03\/Galleggiante-con-valvola-FAR16B-ottone.png\" \/>\n\t<meta property=\"og:image:width\" content=\"500\" \/>\n\t<meta property=\"og:image:height\" content=\"500\" \/>\n\t<meta property=\"og:image:type\" content=\"image\/png\" \/>\n<meta name=\"twitter:card\" content=\"summary_large_image\" \/>\n<meta name=\"twitter:label1\" content=\"Preis\" \/>\n\t<meta name=\"twitter:data1\" content=\"\" \/>\n\t<meta name=\"twitter:label2\" content=\"Verf\u00fcgbarkeit\" \/>\n\t<meta name=\"twitter:data2\" content=\"Auf Lager\" \/>\n<meta property=\"product:price:currency\" content=\"EUR\" \/>\n<meta property=\"og:availability\" content=\"instock\" \/>\n<meta property=\"product:availability\" content=\"instock\" \/>\n<meta property=\"product:retailer_item_id\" content=\"FAR16B\" \/>\n<meta property=\"product:condition\" content=\"new\" \/>\n<!-- \/ Yoast SEO Premium plugin. -->","yoast_head_json":{"title":"Schwimmerventil Messing FAR16B Tr\u00e4nke 1\/2\" - Robust","description":"Halten Sie das Wasser immer auf optimalem Niveau mit dem Schwimmerventil Messing FAR16B. Robust und widerstandsf\u00e4hig, die ideale L\u00f6sung f\u00fcr St\u00e4lle! \ud83d\udc04","robots":{"index":"index","follow":"follow","max-snippet":"max-snippet:-1","max-image-preview":"max-image-preview:large","max-video-preview":"max-video-preview:-1"},"canonical":"https:\/\/fdasrl.it\/de\/prodotto\/schwimmerventil-far16b-fuer-traenke-1-2-mit-schwimmer-o90-mm\/","og_locale":"de_DE","og_type":"article","og_title":"Schwimmerventil FAR16B f\u00fcr Tr\u00e4nke 1\/2\" mit Schwimmer \u00d890 mm","og_description":"Halten Sie das Wasser immer auf optimalem Niveau mit dem Schwimmerventil Messing FAR16B. Robust und widerstandsf\u00e4hig, die ideale L\u00f6sung f\u00fcr St\u00e4lle! \ud83d\udc04","og_url":"https:\/\/fdasrl.it\/de\/prodotto\/schwimmerventil-far16b-fuer-traenke-1-2-mit-schwimmer-o90-mm\/","og_site_name":"FDA srl","article_publisher":"https:\/\/www.facebook.com\/share\/1MWhFWg1Tp\/?mibextid=LQQJ4d","og_image":[{"width":500,"height":500,"url":"https:\/\/fdasrl.it\/wp-content\/uploads\/2026\/03\/Galleggiante-con-valvola-FAR16B-ottone.png","type":"image\/png"}],"twitter_card":"summary_large_image","twitter_misc":{"Preis":"","Verf\u00fcgbarkeit":"Auf Lager"},"schema":{"@context":"https:\/\/schema.org","@graph":[{"@type":"WebPage","@id":"https:\/\/fdasrl.it\/de\/prodotto\/schwimmerventil-far16b-fuer-traenke-1-2-mit-schwimmer-o90-mm\/","url":"https:\/\/fdasrl.it\/de\/prodotto\/schwimmerventil-far16b-fuer-traenke-1-2-mit-schwimmer-o90-mm\/","name":"Schwimmerventil Messing FAR16B Tr\u00e4nke 1\/2\" - Robust","isPartOf":{"@id":"https:\/\/fdasrl.it\/de\/#website"},"primaryImageOfPage":{"@id":"https:\/\/fdasrl.it\/de\/prodotto\/schwimmerventil-far16b-fuer-traenke-1-2-mit-schwimmer-o90-mm\/#primaryimage"},"image":{"@id":"https:\/\/fdasrl.it\/de\/prodotto\/schwimmerventil-far16b-fuer-traenke-1-2-mit-schwimmer-o90-mm\/#primaryimage"},"thumbnailUrl":"https:\/\/fdasrl.it\/wp-content\/uploads\/2026\/03\/Galleggiante-con-valvola-FAR16B-ottone.png","datePublished":"2026-03-13T09:28:58+00:00","description":"Halten Sie das Wasser immer auf optimalem Niveau mit dem Schwimmerventil Messing FAR16B. Robust und widerstandsf\u00e4hig, die ideale L\u00f6sung f\u00fcr St\u00e4lle! \ud83d\udc04","breadcrumb":{"@id":"https:\/\/fdasrl.it\/de\/prodotto\/schwimmerventil-far16b-fuer-traenke-1-2-mit-schwimmer-o90-mm\/#breadcrumb"},"inLanguage":"de","potentialAction":[{"@type":"ReadAction","target":["https:\/\/fdasrl.it\/de\/prodotto\/schwimmerventil-far16b-fuer-traenke-1-2-mit-schwimmer-o90-mm\/"]}]},{"@type":"ImageObject","inLanguage":"de","@id":"https:\/\/fdasrl.it\/de\/prodotto\/schwimmerventil-far16b-fuer-traenke-1-2-mit-schwimmer-o90-mm\/#primaryimage","url":"https:\/\/fdasrl.it\/wp-content\/uploads\/2026\/03\/Galleggiante-con-valvola-FAR16B-ottone.png","contentUrl":"https:\/\/fdasrl.it\/wp-content\/uploads\/2026\/03\/Galleggiante-con-valvola-FAR16B-ottone.png","width":500,"height":500,"caption":"Schwimmer mit Messingventil FAR16B f\u00fcr die automatische Steuerung des Wasserstands in Tr\u00e4nken."},{"@type":"BreadcrumbList","@id":"https:\/\/fdasrl.it\/de\/prodotto\/schwimmerventil-far16b-fuer-traenke-1-2-mit-schwimmer-o90-mm\/#breadcrumb","itemListElement":[{"@type":"ListItem","position":1,"name":"Home","item":"https:\/\/fdasrl.it\/de\/startseite\/"},{"@type":"ListItem","position":2,"name":"Shop","item":"https:\/\/fdasrl.it\/de\/shop\/"},{"@type":"ListItem","position":3,"name":"Schwimmerventil FAR16B f\u00fcr Tr\u00e4nke 1\/2&#8243; mit Schwimmer \u00d890 mm"}]},{"@type":"WebSite","@id":"https:\/\/fdasrl.it\/de\/#website","url":"https:\/\/fdasrl.it\/de\/","name":"FDA srl","description":"Equipment for animal husbandry","publisher":{"@id":"https:\/\/fdasrl.it\/de\/#organization"},"potentialAction":[{"@type":"SearchAction","target":{"@type":"EntryPoint","urlTemplate":"https:\/\/fdasrl.it\/de\/?s={search_term_string}"},"query-input":{"@type":"PropertyValueSpecification","valueRequired":true,"valueName":"search_term_string"}}],"inLanguage":"de"},{"@type":"Organization","@id":"https:\/\/fdasrl.it\/de\/#organization","name":"FDA srl","url":"https:\/\/fdasrl.it\/de\/","logo":{"@type":"ImageObject","inLanguage":"de","@id":"https:\/\/fdasrl.it\/de\/#\/schema\/logo\/image\/","url":"https:\/\/fdasrl.it\/wp-content\/uploads\/2024\/12\/Logo-FDA.png","contentUrl":"https:\/\/fdasrl.it\/wp-content\/uploads\/2024\/12\/Logo-FDA.png","width":316,"height":119,"caption":"FDA srl"},"image":{"@id":"https:\/\/fdasrl.it\/de\/#\/schema\/logo\/image\/"},"sameAs":["https:\/\/www.facebook.com\/share\/1MWhFWg1Tp\/?mibextid=LQQJ4d","https:\/\/www.instagram.com\/fda_srl\/profilecard\/?igsh=YW5lbzJ6MWg0d21u","https:\/\/www.youtube.com\/@FDASRL_ANIMALCARE"],"description":"FDA SRL \u2013 Equipment for animal husbandry nasce con l\u2019obiettivo di offrire soluzioni affidabili e innovative per l\u2019allevamento moderno. Con anni di esperienza nel settore zootecnico, progettiamo e realizziamo attrezzature destinate al benessere animale e alla gestione efficiente delle stalle: vasche, abbeveratoi, mangiatoie e sistemi di riscaldamento pensati per durare nel tempo e semplificare il lavoro quotidiano degli allevatori. Dalla progettazione alla produzione, ogni nostro prodotto \u00e8 studiato nei minimi dettagli, testato con cura e costruito per rispondere alle esigenze reali del settore. La nostra forza \u00e8 unire artigianalit\u00e0, tecnologia e competenza tecnica per trasformare ogni progetto in una soluzione concreta e funzionale. Oggi FDA SRL \u00e8 un punto di riferimento per privati e rivenditori che cercano qualit\u00e0, affidabilit\u00e0 e innovazione nelle attrezzature per l\u2019allevamento.","email":"info@fdasrl.it","telephone":"+390522826820","legalName":"F.D.A. SRL","foundingDate":"2024-10-13","vatID":"03075840359","taxID":"03075840359","numberOfEmployees":{"@type":"QuantitativeValue","minValue":"1","maxValue":"10"}}]},"product_price_currency":"EUR","og_availability":"instock","product_availability":"instock","product_retailer_item_id":"FAR16B","product_condition":"new"},"_links":{"self":[{"href":"https:\/\/fdasrl.it\/de\/wp-json\/wp\/v2\/product\/2251","targetHints":{"allow":["GET"]}}],"collection":[{"href":"https:\/\/fdasrl.it\/de\/wp-json\/wp\/v2\/product"}],"about":[{"href":"https:\/\/fdasrl.it\/de\/wp-json\/wp\/v2\/types\/product"}],"replies":[{"embeddable":true,"href":"https:\/\/fdasrl.it\/de\/wp-json\/wp\/v2\/comments?post=2251"}],"wp:featuredmedia":[{"embeddable":true,"href":"https:\/\/fdasrl.it\/de\/wp-json\/wp\/v2\/media\/1237"}],"wp:attachment":[{"href":"https:\/\/fdasrl.it\/de\/wp-json\/wp\/v2\/media?parent=2251"}],"wp:term":[{"taxonomy":"product_brand","embeddable":true,"href":"https:\/\/fdasrl.it\/de\/wp-json\/wp\/v2\/product_brand?post=2251"},{"taxonomy":"product_cat","embeddable":true,"href":"https:\/\/fdasrl.it\/de\/wp-json\/wp\/v2\/product_cat?post=2251"},{"taxonomy":"product_tag","embeddable":true,"href":"https:\/\/fdasrl.it\/de\/wp-json\/wp\/v2\/product_tag?post=2251"}],"curies":[{"name":"wp","href":"https:\/\/api.w.org\/{rel}","templated":true}]}}