{"id":2276,"date":"2026-03-04T15:19:48","date_gmt":"2026-03-04T14:19:48","guid":{"rendered":"https:\/\/fdasrl.it\/prodotto\/emailierte-gusseisen-selbsttraenke-fabb0033-mit-rohrventil\/"},"modified":"2026-03-04T15:19:48","modified_gmt":"2026-03-04T14:19:48","slug":"emailierte-gusseisen-selbsttraenke-fabb0033-mit-rohrventil","status":"publish","type":"product","link":"https:\/\/fdasrl.it\/de\/prodotto\/emailierte-gusseisen-selbsttraenke-fabb0033-mit-rohrventil\/","title":{"rendered":"Emailierte Gusseisen-Selbsttr\u00e4nke FABB0033 mit Rohrventil"},"content":{"rendered":"<h1 data-start=\"140\" data-end=\"238\">Emailierte Gusseisen-Selbsttr\u00e4nke FABB0033 mit Rohrventil f\u00fcr Pferde, Rinder, Ziegen und Schafe<\/h1>\n<p data-start=\"240\" data-end=\"434\">Die <strong data-start=\"242\" data-end=\"285\">emailierte Gusseisen-Selbsttr\u00e4nke FABB0033<\/strong> wurde entwickelt, um eine <strong data-start=\"342\" data-end=\"403\">zuverl\u00e4ssige und hygienische Wasserversorgung f\u00fcr Pferde, Rinder, Ziegen und Schafe<\/strong> im Stall und auf der Weide zu gew\u00e4hrleisten.<\/p>\n<p data-start=\"436\" data-end=\"765\">Die <strong data-start=\"439\" data-end=\"490\">Gusseisenschale mit hochwertiger Emaillierung<\/strong> sorgt f\u00fcr hohe Verschlei\u00df-, Korrosions- und Sto\u00dffestigkeit und garantiert eine lange Lebensdauer. Die Tr\u00e4nke ist mit einem <strong data-start=\"625\" data-end=\"680\">vom Tier direkt bet\u00e4tigten Rohrventil<\/strong> ausgestattet, das Wasser nur bei Bedarf abgibt und so Verschwendung reduziert. <\/p>\n<p data-start=\"767\" data-end=\"994\">Das <strong data-start=\"770\" data-end=\"807\">austauschbare Messingventil<\/strong> ist auf Zuverl\u00e4ssigkeit und Wartungsfreundlichkeit ausgelegt. Die Tiere gew\u00f6hnen sich schnell an die Bedienung: <strong data-start=\"928\" data-end=\"993\">Durch Dr\u00fccken des Ventils flie\u00dft das Wasser automatisch<\/strong>. <\/p>\n<p data-start=\"996\" data-end=\"1146\">Die Tr\u00e4nke verf\u00fcgt \u00fcber einen <strong data-start=\"1022\" data-end=\"1079\">doppelten Wasseranschluss 1\/2&#8243; (oben oder unten)<\/strong>; der nicht genutzte Anschluss kann mit dem entsprechenden Stopfen verschlossen werden.<\/p>\n<p data-start=\"1148\" data-end=\"1290\">Das System kann <strong data-start=\"1181\" data-end=\"1230\">an der Wand oder mittels U-B\u00fcgeln an Rohren<\/strong> installiert werden und passt sich so verschiedenen Stallkonfigurationen an.<\/p>\n<hr data-start=\"1292\" data-end=\"1295\">\n<h2 data-start=\"1297\" data-end=\"1326\">Hauptmerkmale<\/h2>\n<ul data-start=\"1328\" data-end=\"1755\">\n<li data-start=\"1328\" data-end=\"1353\">\n<p data-start=\"1330\" data-end=\"1353\"><strong data-start=\"1330\" data-end=\"1342\">Modell:<\/strong> FABB0033<\/p>\n<\/li>\n<li data-start=\"1354\" data-end=\"1408\">\n<p data-start=\"1356\" data-end=\"1408\"><strong data-start=\"1356\" data-end=\"1406\">Hochwertige emailierte Gusseisen-Selbsttr\u00e4nke<\/strong><\/p>\n<\/li>\n<li data-start=\"1409\" data-end=\"1459\">\n<p data-start=\"1411\" data-end=\"1459\"><strong data-start=\"1411\" data-end=\"1457\">Austauschbares Messing-Rohrventil<\/strong><\/p>\n<\/li>\n<li data-start=\"1460\" data-end=\"1493\">\n<p data-start=\"1462\" data-end=\"1493\"><strong data-start=\"1462\" data-end=\"1481\">Beckenkapazit\u00e4t:<\/strong> 1,7 Liter<\/p>\n<\/li>\n<li data-start=\"1494\" data-end=\"1525\">\n<p data-start=\"1496\" data-end=\"1525\"><strong data-start=\"1496\" data-end=\"1514\">Wasseranschluss:<\/strong> 1\/2&#8243; GAS<\/p>\n<\/li>\n<li data-start=\"1526\" data-end=\"1589\">\n<p data-start=\"1528\" data-end=\"1589\"><strong data-start=\"1528\" data-end=\"1587\">Wasseranschluss von oben oder unten m\u00f6glich<\/strong><\/p>\n<\/li>\n<li data-start=\"1590\" data-end=\"1622\">\n<p data-start=\"1592\" data-end=\"1622\"><strong data-start=\"1592\" data-end=\"1604\">Durchflussmenge:<\/strong> 8 l\/min bei 3 bar<\/p>\n<\/li>\n<li data-start=\"1623\" data-end=\"1665\">\n<p data-start=\"1625\" data-end=\"1665\"><strong data-start=\"1625\" data-end=\"1663\">Leicht zu reinigende Beckenform<\/strong><\/p>\n<\/li>\n<li data-start=\"1666\" data-end=\"1706\">\n<p data-start=\"1668\" data-end=\"1706\"><strong data-start=\"1668\" data-end=\"1704\">Wand- oder Rohrmontage<\/strong><\/p>\n<\/li>\n<li data-start=\"1707\" data-end=\"1755\">\n<p data-start=\"1709\" data-end=\"1755\"><strong data-start=\"1709\" data-end=\"1755\">Geeignet f\u00fcr Pferde, Rinder, Ziegen und Schafe<\/strong><\/p>\n<\/li>\n<\/ul>\n<hr data-start=\"1757\" data-end=\"1760\">\n<h2 data-start=\"1762\" data-end=\"1775\">Abmessungen<\/h2>\n<ul data-start=\"1777\" data-end=\"1873\">\n<li data-start=\"1777\" data-end=\"1804\">\n<p data-start=\"1779\" data-end=\"1804\"><strong data-start=\"1779\" data-end=\"1792\">Fassungsverm\u00f6gen:<\/strong> 1,7 Liter<\/p>\n<\/li>\n<li data-start=\"1805\" data-end=\"1843\">\n<p data-start=\"1807\" data-end=\"1843\"><strong data-start=\"1807\" data-end=\"1830\">Au\u00dfenma\u00dfe:<\/strong> 16 \u00d7 26 cm<\/p>\n<\/li>\n<li data-start=\"1844\" data-end=\"1873\">\n<p data-start=\"1846\" data-end=\"1873\"><strong data-start=\"1846\" data-end=\"1864\">Wasseranschluss:<\/strong> 1\/2&#8243; GAS<\/p>\n<\/li>\n<\/ul>\n<p>&nbsp;<\/p>\n<p>\ud83d\udc49 H\u00e4ndlerpreis anfragen: <a href=\"mailto:info@fdasrl.it\">HIER KLICKEN<\/a><\/p>\n","protected":false},"excerpt":{"rendered":"<p>Emailierte Gusseisen-Selbsttr\u00e4nke FABB0033 mit Messing-Rohrventil, geeignet f\u00fcr Pferde, Rinder, Ziegen und Schafe. Fassungsverm\u00f6gen 1,7 l, Wasseranschluss 1\/2&#8243; und Durchflussmenge bis zu 8 l\/min. Robust, hygienisch und ideal f\u00fcr die Installation im Stall oder auf der Weide.  <\/p>\n","protected":false},"featured_media":1170,"comment_status":"open","ping_status":"closed","template":"","meta":{"_et_pb_use_builder":"","_et_pb_old_content":"","_et_gb_content_width":""},"product_brand":[],"product_cat":[414],"product_tag":[522],"class_list":{"0":"post-2276","1":"product","2":"type-product","3":"status-publish","4":"has-post-thumbnail","6":"product_cat-schafe-und-ziegen","7":"product_tag-fabb0033","9":"first","10":"instock","11":"shipping-taxable","12":"product-type-simple"},"yoast_head":"<!-- This site is optimized with the Yoast SEO Premium plugin v27.5 (Yoast SEO v27.5) - https:\/\/yoast.com\/product\/yoast-seo-premium-wordpress\/ -->\n<title>Gusseisen-Tr\u00e4nke f\u00fcr Ziegen und Schafe: Robust und hygienisch<\/title>\n<meta name=\"description\" content=\"Entdecken Sie die Gusseisen-Tr\u00e4nke f\u00fcr Ziegen und Schafe FABB0033, entwickelt f\u00fcr eine hygienische und zuverl\u00e4ssige Wasserversorgung Ihrer Tiere. W\u00e4hlen Sie langlebige Qualit\u00e4t!\" \/>\n<meta name=\"robots\" content=\"index, follow, max-snippet:-1, max-image-preview:large, max-video-preview:-1\" \/>\n<link rel=\"canonical\" href=\"https:\/\/fdasrl.it\/de\/prodotto\/emailierte-gusseisen-selbsttraenke-fabb0033-mit-rohrventil\/\" \/>\n<meta property=\"og:locale\" content=\"de_DE\" \/>\n<meta property=\"og:type\" content=\"article\" \/>\n<meta property=\"og:title\" content=\"Emailierte Gusseisen-Selbsttr\u00e4nke FABB0033 mit Rohrventil\" \/>\n<meta property=\"og:description\" content=\"Entdecken Sie die Gusseisen-Tr\u00e4nke f\u00fcr Ziegen und Schafe FABB0033, entwickelt f\u00fcr eine hygienische und zuverl\u00e4ssige Wasserversorgung Ihrer Tiere. W\u00e4hlen Sie langlebige Qualit\u00e4t!\" \/>\n<meta property=\"og:url\" content=\"https:\/\/fdasrl.it\/de\/prodotto\/emailierte-gusseisen-selbsttraenke-fabb0033-mit-rohrventil\/\" \/>\n<meta property=\"og:site_name\" content=\"FDA srl\" \/>\n<meta property=\"article:publisher\" content=\"https:\/\/www.facebook.com\/share\/1MWhFWg1Tp\/?mibextid=LQQJ4d\" \/>\n<meta property=\"og:image\" content=\"https:\/\/fdasrl.it\/wp-content\/uploads\/2026\/03\/Abbeveratoio-smaltato-nero-pendolo-automatico-fda-shop-3.webp\" \/>\n\t<meta property=\"og:image:width\" content=\"700\" \/>\n\t<meta property=\"og:image:height\" content=\"800\" \/>\n\t<meta property=\"og:image:type\" content=\"image\/webp\" \/>\n<meta name=\"twitter:card\" content=\"summary_large_image\" \/>\n<meta name=\"twitter:label1\" content=\"Preis\" \/>\n\t<meta name=\"twitter:data1\" content=\"\" \/>\n\t<meta name=\"twitter:label2\" content=\"Verf\u00fcgbarkeit\" \/>\n\t<meta name=\"twitter:data2\" content=\"Auf Lager\" \/>\n<meta property=\"product:price:currency\" content=\"EUR\" \/>\n<meta property=\"og:availability\" content=\"instock\" \/>\n<meta property=\"product:availability\" content=\"instock\" \/>\n<meta property=\"product:retailer_item_id\" content=\"FABB0033\" \/>\n<meta property=\"product:condition\" content=\"new\" \/>\n<!-- \/ Yoast SEO Premium plugin. -->","yoast_head_json":{"title":"Gusseisen-Tr\u00e4nke f\u00fcr Ziegen und Schafe: Robust und hygienisch","description":"Entdecken Sie die Gusseisen-Tr\u00e4nke f\u00fcr Ziegen und Schafe FABB0033, entwickelt f\u00fcr eine hygienische und zuverl\u00e4ssige Wasserversorgung Ihrer Tiere. W\u00e4hlen Sie langlebige Qualit\u00e4t!","robots":{"index":"index","follow":"follow","max-snippet":"max-snippet:-1","max-image-preview":"max-image-preview:large","max-video-preview":"max-video-preview:-1"},"canonical":"https:\/\/fdasrl.it\/de\/prodotto\/emailierte-gusseisen-selbsttraenke-fabb0033-mit-rohrventil\/","og_locale":"de_DE","og_type":"article","og_title":"Emailierte Gusseisen-Selbsttr\u00e4nke FABB0033 mit Rohrventil","og_description":"Entdecken Sie die Gusseisen-Tr\u00e4nke f\u00fcr Ziegen und Schafe FABB0033, entwickelt f\u00fcr eine hygienische und zuverl\u00e4ssige Wasserversorgung Ihrer Tiere. W\u00e4hlen Sie langlebige Qualit\u00e4t!","og_url":"https:\/\/fdasrl.it\/de\/prodotto\/emailierte-gusseisen-selbsttraenke-fabb0033-mit-rohrventil\/","og_site_name":"FDA srl","article_publisher":"https:\/\/www.facebook.com\/share\/1MWhFWg1Tp\/?mibextid=LQQJ4d","og_image":[{"width":700,"height":800,"url":"https:\/\/fdasrl.it\/wp-content\/uploads\/2026\/03\/Abbeveratoio-smaltato-nero-pendolo-automatico-fda-shop-3.webp","type":"image\/webp"}],"twitter_card":"summary_large_image","twitter_misc":{"Preis":"","Verf\u00fcgbarkeit":"Auf Lager"},"schema":{"@context":"https:\/\/schema.org","@graph":[{"@type":"WebPage","@id":"https:\/\/fdasrl.it\/de\/prodotto\/emailierte-gusseisen-selbsttraenke-fabb0033-mit-rohrventil\/","url":"https:\/\/fdasrl.it\/de\/prodotto\/emailierte-gusseisen-selbsttraenke-fabb0033-mit-rohrventil\/","name":"Gusseisen-Tr\u00e4nke f\u00fcr Ziegen und Schafe: Robust und hygienisch","isPartOf":{"@id":"https:\/\/fdasrl.it\/de\/#website"},"primaryImageOfPage":{"@id":"https:\/\/fdasrl.it\/de\/prodotto\/emailierte-gusseisen-selbsttraenke-fabb0033-mit-rohrventil\/#primaryimage"},"image":{"@id":"https:\/\/fdasrl.it\/de\/prodotto\/emailierte-gusseisen-selbsttraenke-fabb0033-mit-rohrventil\/#primaryimage"},"thumbnailUrl":"https:\/\/fdasrl.it\/wp-content\/uploads\/2026\/03\/Abbeveratoio-smaltato-nero-pendolo-automatico-fda-shop-3.webp","datePublished":"2026-03-04T14:19:48+00:00","description":"Entdecken Sie die Gusseisen-Tr\u00e4nke f\u00fcr Ziegen und Schafe FABB0033, entwickelt f\u00fcr eine hygienische und zuverl\u00e4ssige Wasserversorgung Ihrer Tiere. W\u00e4hlen Sie langlebige Qualit\u00e4t!","breadcrumb":{"@id":"https:\/\/fdasrl.it\/de\/prodotto\/emailierte-gusseisen-selbsttraenke-fabb0033-mit-rohrventil\/#breadcrumb"},"inLanguage":"de","potentialAction":[{"@type":"ReadAction","target":["https:\/\/fdasrl.it\/de\/prodotto\/emailierte-gusseisen-selbsttraenke-fabb0033-mit-rohrventil\/"]}]},{"@type":"ImageObject","inLanguage":"de","@id":"https:\/\/fdasrl.it\/de\/prodotto\/emailierte-gusseisen-selbsttraenke-fabb0033-mit-rohrventil\/#primaryimage","url":"https:\/\/fdasrl.it\/wp-content\/uploads\/2026\/03\/Abbeveratoio-smaltato-nero-pendolo-automatico-fda-shop-3.webp","contentUrl":"https:\/\/fdasrl.it\/wp-content\/uploads\/2026\/03\/Abbeveratoio-smaltato-nero-pendolo-automatico-fda-shop-3.webp","width":700,"height":800,"caption":"Gusseisen-Befestigungshalterung f\u00fcr Stall-Selbsttr\u00e4nken."},{"@type":"BreadcrumbList","@id":"https:\/\/fdasrl.it\/de\/prodotto\/emailierte-gusseisen-selbsttraenke-fabb0033-mit-rohrventil\/#breadcrumb","itemListElement":[{"@type":"ListItem","position":1,"name":"Home","item":"https:\/\/fdasrl.it\/de\/startseite\/"},{"@type":"ListItem","position":2,"name":"Shop","item":"https:\/\/fdasrl.it\/de\/shop\/"},{"@type":"ListItem","position":3,"name":"Emailierte Gusseisen-Selbsttr\u00e4nke FABB0033 mit Rohrventil"}]},{"@type":"WebSite","@id":"https:\/\/fdasrl.it\/de\/#website","url":"https:\/\/fdasrl.it\/de\/","name":"FDA srl","description":"Equipment for animal husbandry","publisher":{"@id":"https:\/\/fdasrl.it\/de\/#organization"},"potentialAction":[{"@type":"SearchAction","target":{"@type":"EntryPoint","urlTemplate":"https:\/\/fdasrl.it\/de\/?s={search_term_string}"},"query-input":{"@type":"PropertyValueSpecification","valueRequired":true,"valueName":"search_term_string"}}],"inLanguage":"de"},{"@type":"Organization","@id":"https:\/\/fdasrl.it\/de\/#organization","name":"FDA srl","url":"https:\/\/fdasrl.it\/de\/","logo":{"@type":"ImageObject","inLanguage":"de","@id":"https:\/\/fdasrl.it\/de\/#\/schema\/logo\/image\/","url":"https:\/\/fdasrl.it\/wp-content\/uploads\/2024\/12\/Logo-FDA.png","contentUrl":"https:\/\/fdasrl.it\/wp-content\/uploads\/2024\/12\/Logo-FDA.png","width":316,"height":119,"caption":"FDA srl"},"image":{"@id":"https:\/\/fdasrl.it\/de\/#\/schema\/logo\/image\/"},"sameAs":["https:\/\/www.facebook.com\/share\/1MWhFWg1Tp\/?mibextid=LQQJ4d","https:\/\/www.instagram.com\/fda_srl\/profilecard\/?igsh=YW5lbzJ6MWg0d21u","https:\/\/www.youtube.com\/@FDASRL_ANIMALCARE"],"description":"FDA SRL \u2013 Equipment for animal husbandry nasce con l\u2019obiettivo di offrire soluzioni affidabili e innovative per l\u2019allevamento moderno. Con anni di esperienza nel settore zootecnico, progettiamo e realizziamo attrezzature destinate al benessere animale e alla gestione efficiente delle stalle: vasche, abbeveratoi, mangiatoie e sistemi di riscaldamento pensati per durare nel tempo e semplificare il lavoro quotidiano degli allevatori. Dalla progettazione alla produzione, ogni nostro prodotto \u00e8 studiato nei minimi dettagli, testato con cura e costruito per rispondere alle esigenze reali del settore. La nostra forza \u00e8 unire artigianalit\u00e0, tecnologia e competenza tecnica per trasformare ogni progetto in una soluzione concreta e funzionale. Oggi FDA SRL \u00e8 un punto di riferimento per privati e rivenditori che cercano qualit\u00e0, affidabilit\u00e0 e innovazione nelle attrezzature per l\u2019allevamento.","email":"info@fdasrl.it","telephone":"+390522826820","legalName":"F.D.A. SRL","foundingDate":"2024-10-13","vatID":"03075840359","taxID":"03075840359","numberOfEmployees":{"@type":"QuantitativeValue","minValue":"1","maxValue":"10"}}]},"product_price_currency":"EUR","og_availability":"instock","product_availability":"instock","product_retailer_item_id":"FABB0033","product_condition":"new"},"_links":{"self":[{"href":"https:\/\/fdasrl.it\/de\/wp-json\/wp\/v2\/product\/2276","targetHints":{"allow":["GET"]}}],"collection":[{"href":"https:\/\/fdasrl.it\/de\/wp-json\/wp\/v2\/product"}],"about":[{"href":"https:\/\/fdasrl.it\/de\/wp-json\/wp\/v2\/types\/product"}],"replies":[{"embeddable":true,"href":"https:\/\/fdasrl.it\/de\/wp-json\/wp\/v2\/comments?post=2276"}],"wp:featuredmedia":[{"embeddable":true,"href":"https:\/\/fdasrl.it\/de\/wp-json\/wp\/v2\/media\/1170"}],"wp:attachment":[{"href":"https:\/\/fdasrl.it\/de\/wp-json\/wp\/v2\/media?parent=2276"}],"wp:term":[{"taxonomy":"product_brand","embeddable":true,"href":"https:\/\/fdasrl.it\/de\/wp-json\/wp\/v2\/product_brand?post=2276"},{"taxonomy":"product_cat","embeddable":true,"href":"https:\/\/fdasrl.it\/de\/wp-json\/wp\/v2\/product_cat?post=2276"},{"taxonomy":"product_tag","embeddable":true,"href":"https:\/\/fdasrl.it\/de\/wp-json\/wp\/v2\/product_tag?post=2276"}],"curies":[{"name":"wp","href":"https:\/\/api.w.org\/{rel}","templated":true}]}}