{"id":2316,"date":"2026-03-04T12:07:45","date_gmt":"2026-03-04T11:07:45","guid":{"rendered":"https:\/\/fdasrl.it\/prodotto\/elektromotor-mit-oel-vakuumpumpe-facm20701-400-l-min-220-v-110-kw\/"},"modified":"2026-03-04T12:07:45","modified_gmt":"2026-03-04T11:07:45","slug":"elektromotor-mit-oel-vakuumpumpe-facm20701-400-l-min-220-v-110-kw","status":"publish","type":"product","link":"https:\/\/fdasrl.it\/de\/prodotto\/elektromotor-mit-oel-vakuumpumpe-facm20701-400-l-min-220-v-110-kw\/","title":{"rendered":"Elektromotor mit \u00d6l-Vakuumpumpe FACM20701 400 l\/min \u2013 220 V 1,10 kW"},"content":{"rendered":"<h1 data-start=\"109\" data-end=\"189\">Elektromotor mit \u00d6l-Vakuumpumpe FACM20701 400 l\/min \u2013 220 V 1,10 kW<\/h1>\n<p data-start=\"191\" data-end=\"388\">Das Modell <strong data-start=\"194\" data-end=\"207\">FACM20701<\/strong> ist ein <strong data-start=\"213\" data-end=\"278\">Elektromotor mit integrierter \u00d6lbad-Vakuumpumpe<\/strong>, konzipiert f\u00fcr Anwendungen in der Tierhaltung, bei denen eine <strong data-start=\"341\" data-end=\"387\">zuverl\u00e4ssige und kontinuierliche Vakuumausbeute<\/strong> erforderlich ist.<\/p>\n<p data-start=\"390\" data-end=\"583\">Das Aggregat besteht aus einem <strong data-start=\"414\" data-end=\"466\">1,10 kW Elektromotor mit 220 V AC-Anschluss<\/strong>, gekoppelt mit einer <strong data-start=\"481\" data-end=\"520\">\u00f6lgeschmierten Vakuumpumpe<\/strong>, die eine <strong data-start=\"548\" data-end=\"582\">F\u00f6rderleistung von 400 Litern pro Minute<\/strong> garantiert.<\/p>\n<p data-start=\"585\" data-end=\"792\">Diese Konfiguration gew\u00e4hrleistet hohe Leistung und Betriebssicherheit, wodurch sich das System besonders f\u00fcr <strong data-start=\"711\" data-end=\"791\">Melkanlagen und Ger\u00e4te im Bereich der Viehzucht<\/strong> eignet.<\/p>\n<hr data-start=\"794\" data-end=\"797\">\n<h2 data-start=\"799\" data-end=\"837\">Vorteile des \u00d6lbad-Systems<\/h2>\n<p data-start=\"839\" data-end=\"959\">Die \u00d6lschmierung tr\u00e4gt dazu bei, die Effizienz des Systems auch bei l\u00e4ngerem Einsatz aufrechtzuerhalten und bietet:<\/p>\n<ul data-start=\"961\" data-end=\"1112\">\n<li data-start=\"961\" data-end=\"998\">\n<p data-start=\"963\" data-end=\"998\"><strong data-start=\"963\" data-end=\"998\">h\u00f6here Betriebszuverl\u00e4ssigkeit<\/strong><\/p>\n<\/li>\n<li data-start=\"999\" data-end=\"1035\">\n<p data-start=\"1001\" data-end=\"1035\"><strong data-start=\"1001\" data-end=\"1035\">Reduzierung des mechanischen Verschlei\u00dfes<\/strong><\/p>\n<\/li>\n<li data-start=\"1036\" data-end=\"1075\">\n<p data-start=\"1038\" data-end=\"1075\"><strong data-start=\"1038\" data-end=\"1075\">gleichm\u00e4\u00dfiger und kontinuierlicher Betrieb<\/strong><\/p>\n<\/li>\n<li data-start=\"1076\" data-end=\"1112\">\n<p data-start=\"1078\" data-end=\"1112\"><strong data-start=\"1078\" data-end=\"1112\">konstante Leistung \u00fcber die Zeit<\/strong><\/p>\n<\/li>\n<\/ul>\n<p data-start=\"1114\" data-end=\"1294\">Dank seiner robusten und kompakten Bauweise stellt das <strong data-start=\"1163\" data-end=\"1176\">FACM20701<\/strong> eine ideale L\u00f6sung f\u00fcr Systeme dar, die <strong data-start=\"1237\" data-end=\"1293\">Betriebsstabilit\u00e4t und kontinuierliche Funktion<\/strong> erfordern.<\/p>\n<hr data-start=\"1296\" data-end=\"1299\">\n<h2 data-start=\"1301\" data-end=\"1328\">Technische Daten<\/h2>\n<ul data-start=\"1330\" data-end=\"1513\">\n<li data-start=\"1330\" data-end=\"1356\">\n<p data-start=\"1332\" data-end=\"1356\"><strong data-start=\"1332\" data-end=\"1344\">Modell:<\/strong> FACM20701<\/p>\n<\/li>\n<li data-start=\"1357\" data-end=\"1383\">\n<p data-start=\"1359\" data-end=\"1383\"><strong data-start=\"1359\" data-end=\"1371\">F\u00f6rderleistung:<\/strong> 400 l\/min<\/p>\n<\/li>\n<li data-start=\"1384\" data-end=\"1414\">\n<p data-start=\"1386\" data-end=\"1414\"><strong data-start=\"1386\" data-end=\"1404\">Stromversorgung:<\/strong> 220 VAC<\/p>\n<\/li>\n<li data-start=\"1415\" data-end=\"1439\">\n<p data-start=\"1417\" data-end=\"1439\"><strong data-start=\"1417\" data-end=\"1429\">Leistung:<\/strong> 1,10 kW (1,5 PS)<\/p>\n<\/li>\n<li data-start=\"1440\" data-end=\"1513\">\n<p data-start=\"1442\" data-end=\"1513\"><strong data-start=\"1442\" data-end=\"1461\">Konfiguration:<\/strong> Elektromotor mit \u00d6lbad-Vakuumpumpe<\/p>\n<\/li>\n<\/ul>\n<p data-start=\"1515\" data-end=\"1599\">Entwickelt f\u00fcr <strong data-start=\"1540\" data-end=\"1598\">lange Lebensdauer und dauerhaft stabile Leistung<\/strong>.<\/p>\n<h4 data-start=\"1954\" data-end=\"1993\">H\u00e4ndler und Vertriebspartner: Fordern Sie Informationen an <a href=\"https:\/\/fdasrl.it\/de\/kontakt\/\">(HIER KLICKEN)<\/a><\/h4>\n<h4 data-start=\"1954\" data-end=\"1993\">\ud83d\uded2 Online kaufen <a href=\"https:\/\/fda-shop.it\/shop\/mungitura\/accessori-mungitrici\/motore-elettrico-con-pompa-del-vuoto-ad-olio-facm20701-400-lmin-220v-110-kw\">(HIER KLICKEN)<\/a><\/h4>\n","protected":false},"excerpt":{"rendered":"<p>Elektromotor mit \u00d6lbad-Vakuumpumpe FACM20701 mit 400 l\/min, 220 V Stromversorgung und 1,10 kW Leistung. Kompaktes und zuverl\u00e4ssiges Aggregat, ideal f\u00fcr Melkanlagen und Anwendungen in der Tierhaltung, die eine stabile und kontinuierliche Vakuumerzeugung erfordern. <\/p>\n","protected":false},"featured_media":1165,"comment_status":"open","ping_status":"closed","template":"","meta":{"_et_pb_use_builder":"","_et_pb_old_content":"","_et_gb_content_width":""},"product_brand":[],"product_cat":[410,496],"product_tag":[530],"class_list":{"0":"post-2316","1":"product","2":"type-product","3":"status-publish","4":"has-post-thumbnail","6":"product_cat-fahrbare-melkmaschinen","7":"product_cat-zubehor-fur-melkmaschinen","8":"product_tag-facm20701","10":"first","11":"instock","12":"shipping-taxable","13":"product-type-simple"},"yoast_head":"<!-- This site is optimized with the Yoast SEO Premium plugin v27.5 (Yoast SEO v27.5) - https:\/\/yoast.com\/product\/yoast-seo-premium-wordpress\/ -->\n<title>\u00d6lbad-Vakuumpumpe 400 l\/min f\u00fcr Melkmaschinen<\/title>\n<meta name=\"description\" content=\"Garantieren Sie hohe Leistungen mit der \u00d6lbad-Vakuumpumpe 400 l\/min f\u00fcr Melkmaschinen FACM20701. Profitieren Sie noch heute von ihrer Kraft und Pr\u00e4zision!\" \/>\n<meta name=\"robots\" content=\"index, follow, max-snippet:-1, max-image-preview:large, max-video-preview:-1\" \/>\n<link rel=\"canonical\" href=\"https:\/\/fdasrl.it\/de\/prodotto\/elektromotor-mit-oel-vakuumpumpe-facm20701-400-l-min-220-v-110-kw\/\" \/>\n<meta property=\"og:locale\" content=\"de_DE\" \/>\n<meta property=\"og:type\" content=\"article\" \/>\n<meta property=\"og:title\" content=\"Elektromotor mit \u00d6l-Vakuumpumpe FACM20701 400 l\/min \u2013 220 V 1,10 kW\" \/>\n<meta property=\"og:description\" content=\"Garantieren Sie hohe Leistungen mit der \u00d6lbad-Vakuumpumpe 400 l\/min f\u00fcr Melkmaschinen FACM20701. Profitieren Sie noch heute von ihrer Kraft und Pr\u00e4zision!\" \/>\n<meta property=\"og:url\" content=\"https:\/\/fdasrl.it\/de\/prodotto\/elektromotor-mit-oel-vakuumpumpe-facm20701-400-l-min-220-v-110-kw\/\" \/>\n<meta property=\"og:site_name\" content=\"FDA srl\" \/>\n<meta property=\"article:publisher\" content=\"https:\/\/www.facebook.com\/share\/1MWhFWg1Tp\/?mibextid=LQQJ4d\" \/>\n<meta property=\"og:image\" content=\"https:\/\/fdasrl.it\/wp-content\/uploads\/2026\/03\/Motore-Elettrico-con-Pompa-del-Vuoto-ad-Olio-FACM20701-400-lmin-220V-110-kW-1-white.webp\" \/>\n\t<meta property=\"og:image:width\" content=\"968\" \/>\n\t<meta property=\"og:image:height\" content=\"1452\" \/>\n\t<meta property=\"og:image:type\" content=\"image\/webp\" \/>\n<meta name=\"twitter:card\" content=\"summary_large_image\" \/>\n<meta name=\"twitter:label1\" content=\"Preis\" \/>\n\t<meta name=\"twitter:data1\" content=\"\" \/>\n\t<meta name=\"twitter:label2\" content=\"Verf\u00fcgbarkeit\" \/>\n\t<meta name=\"twitter:data2\" content=\"Auf Lager\" \/>\n<meta property=\"product:price:currency\" content=\"EUR\" \/>\n<meta property=\"og:availability\" content=\"instock\" \/>\n<meta property=\"product:availability\" content=\"instock\" \/>\n<meta property=\"product:retailer_item_id\" content=\"FACM20701\" \/>\n<meta property=\"product:condition\" content=\"new\" \/>\n<!-- \/ Yoast SEO Premium plugin. -->","yoast_head_json":{"title":"\u00d6lbad-Vakuumpumpe 400 l\/min f\u00fcr Melkmaschinen","description":"Garantieren Sie hohe Leistungen mit der \u00d6lbad-Vakuumpumpe 400 l\/min f\u00fcr Melkmaschinen FACM20701. Profitieren Sie noch heute von ihrer Kraft und Pr\u00e4zision!","robots":{"index":"index","follow":"follow","max-snippet":"max-snippet:-1","max-image-preview":"max-image-preview:large","max-video-preview":"max-video-preview:-1"},"canonical":"https:\/\/fdasrl.it\/de\/prodotto\/elektromotor-mit-oel-vakuumpumpe-facm20701-400-l-min-220-v-110-kw\/","og_locale":"de_DE","og_type":"article","og_title":"Elektromotor mit \u00d6l-Vakuumpumpe FACM20701 400 l\/min \u2013 220 V 1,10 kW","og_description":"Garantieren Sie hohe Leistungen mit der \u00d6lbad-Vakuumpumpe 400 l\/min f\u00fcr Melkmaschinen FACM20701. Profitieren Sie noch heute von ihrer Kraft und Pr\u00e4zision!","og_url":"https:\/\/fdasrl.it\/de\/prodotto\/elektromotor-mit-oel-vakuumpumpe-facm20701-400-l-min-220-v-110-kw\/","og_site_name":"FDA srl","article_publisher":"https:\/\/www.facebook.com\/share\/1MWhFWg1Tp\/?mibextid=LQQJ4d","og_image":[{"width":968,"height":1452,"url":"https:\/\/fdasrl.it\/wp-content\/uploads\/2026\/03\/Motore-Elettrico-con-Pompa-del-Vuoto-ad-Olio-FACM20701-400-lmin-220V-110-kW-1-white.webp","type":"image\/webp"}],"twitter_card":"summary_large_image","twitter_misc":{"Preis":"","Verf\u00fcgbarkeit":"Auf Lager"},"schema":{"@context":"https:\/\/schema.org","@graph":[{"@type":"WebPage","@id":"https:\/\/fdasrl.it\/de\/prodotto\/elektromotor-mit-oel-vakuumpumpe-facm20701-400-l-min-220-v-110-kw\/","url":"https:\/\/fdasrl.it\/de\/prodotto\/elektromotor-mit-oel-vakuumpumpe-facm20701-400-l-min-220-v-110-kw\/","name":"\u00d6lbad-Vakuumpumpe 400 l\/min f\u00fcr Melkmaschinen","isPartOf":{"@id":"https:\/\/fdasrl.it\/de\/#website"},"primaryImageOfPage":{"@id":"https:\/\/fdasrl.it\/de\/prodotto\/elektromotor-mit-oel-vakuumpumpe-facm20701-400-l-min-220-v-110-kw\/#primaryimage"},"image":{"@id":"https:\/\/fdasrl.it\/de\/prodotto\/elektromotor-mit-oel-vakuumpumpe-facm20701-400-l-min-220-v-110-kw\/#primaryimage"},"thumbnailUrl":"https:\/\/fdasrl.it\/wp-content\/uploads\/2026\/03\/Motore-Elettrico-con-Pompa-del-Vuoto-ad-Olio-FACM20701-400-lmin-220V-110-kW-1-white.webp","datePublished":"2026-03-04T11:07:45+00:00","description":"Garantieren Sie hohe Leistungen mit der \u00d6lbad-Vakuumpumpe 400 l\/min f\u00fcr Melkmaschinen FACM20701. Profitieren Sie noch heute von ihrer Kraft und Pr\u00e4zision!","breadcrumb":{"@id":"https:\/\/fdasrl.it\/de\/prodotto\/elektromotor-mit-oel-vakuumpumpe-facm20701-400-l-min-220-v-110-kw\/#breadcrumb"},"inLanguage":"de","potentialAction":[{"@type":"ReadAction","target":["https:\/\/fdasrl.it\/de\/prodotto\/elektromotor-mit-oel-vakuumpumpe-facm20701-400-l-min-220-v-110-kw\/"]}]},{"@type":"ImageObject","inLanguage":"de","@id":"https:\/\/fdasrl.it\/de\/prodotto\/elektromotor-mit-oel-vakuumpumpe-facm20701-400-l-min-220-v-110-kw\/#primaryimage","url":"https:\/\/fdasrl.it\/wp-content\/uploads\/2026\/03\/Motore-Elettrico-con-Pompa-del-Vuoto-ad-Olio-FACM20701-400-lmin-220V-110-kW-1-white.webp","contentUrl":"https:\/\/fdasrl.it\/wp-content\/uploads\/2026\/03\/Motore-Elettrico-con-Pompa-del-Vuoto-ad-Olio-FACM20701-400-lmin-220V-110-kW-1-white.webp","width":968,"height":1452,"caption":"Elektromotor mit \u00f6lgeschmierter Vakuumpumpe f\u00fcr professionelle Melkmaschinen."},{"@type":"BreadcrumbList","@id":"https:\/\/fdasrl.it\/de\/prodotto\/elektromotor-mit-oel-vakuumpumpe-facm20701-400-l-min-220-v-110-kw\/#breadcrumb","itemListElement":[{"@type":"ListItem","position":1,"name":"Home","item":"https:\/\/fdasrl.it\/de\/startseite\/"},{"@type":"ListItem","position":2,"name":"Shop","item":"https:\/\/fdasrl.it\/de\/shop\/"},{"@type":"ListItem","position":3,"name":"Elektromotor mit \u00d6l-Vakuumpumpe FACM20701 400 l\/min \u2013 220 V 1,10 kW"}]},{"@type":"WebSite","@id":"https:\/\/fdasrl.it\/de\/#website","url":"https:\/\/fdasrl.it\/de\/","name":"FDA srl","description":"Equipment for animal husbandry","publisher":{"@id":"https:\/\/fdasrl.it\/de\/#organization"},"potentialAction":[{"@type":"SearchAction","target":{"@type":"EntryPoint","urlTemplate":"https:\/\/fdasrl.it\/de\/?s={search_term_string}"},"query-input":{"@type":"PropertyValueSpecification","valueRequired":true,"valueName":"search_term_string"}}],"inLanguage":"de"},{"@type":"Organization","@id":"https:\/\/fdasrl.it\/de\/#organization","name":"FDA srl","url":"https:\/\/fdasrl.it\/de\/","logo":{"@type":"ImageObject","inLanguage":"de","@id":"https:\/\/fdasrl.it\/de\/#\/schema\/logo\/image\/","url":"https:\/\/fdasrl.it\/wp-content\/uploads\/2024\/12\/Logo-FDA.png","contentUrl":"https:\/\/fdasrl.it\/wp-content\/uploads\/2024\/12\/Logo-FDA.png","width":316,"height":119,"caption":"FDA srl"},"image":{"@id":"https:\/\/fdasrl.it\/de\/#\/schema\/logo\/image\/"},"sameAs":["https:\/\/www.facebook.com\/share\/1MWhFWg1Tp\/?mibextid=LQQJ4d","https:\/\/www.instagram.com\/fda_srl\/profilecard\/?igsh=YW5lbzJ6MWg0d21u","https:\/\/www.youtube.com\/@FDASRL_ANIMALCARE"],"description":"FDA SRL \u2013 Equipment for animal husbandry nasce con l\u2019obiettivo di offrire soluzioni affidabili e innovative per l\u2019allevamento moderno. Con anni di esperienza nel settore zootecnico, progettiamo e realizziamo attrezzature destinate al benessere animale e alla gestione efficiente delle stalle: vasche, abbeveratoi, mangiatoie e sistemi di riscaldamento pensati per durare nel tempo e semplificare il lavoro quotidiano degli allevatori. Dalla progettazione alla produzione, ogni nostro prodotto \u00e8 studiato nei minimi dettagli, testato con cura e costruito per rispondere alle esigenze reali del settore. La nostra forza \u00e8 unire artigianalit\u00e0, tecnologia e competenza tecnica per trasformare ogni progetto in una soluzione concreta e funzionale. Oggi FDA SRL \u00e8 un punto di riferimento per privati e rivenditori che cercano qualit\u00e0, affidabilit\u00e0 e innovazione nelle attrezzature per l\u2019allevamento.","email":"info@fdasrl.it","telephone":"+390522826820","legalName":"F.D.A. SRL","foundingDate":"2024-10-13","vatID":"03075840359","taxID":"03075840359","numberOfEmployees":{"@type":"QuantitativeValue","minValue":"1","maxValue":"10"}}]},"product_price_currency":"EUR","og_availability":"instock","product_availability":"instock","product_retailer_item_id":"FACM20701","product_condition":"new"},"_links":{"self":[{"href":"https:\/\/fdasrl.it\/de\/wp-json\/wp\/v2\/product\/2316","targetHints":{"allow":["GET"]}}],"collection":[{"href":"https:\/\/fdasrl.it\/de\/wp-json\/wp\/v2\/product"}],"about":[{"href":"https:\/\/fdasrl.it\/de\/wp-json\/wp\/v2\/types\/product"}],"replies":[{"embeddable":true,"href":"https:\/\/fdasrl.it\/de\/wp-json\/wp\/v2\/comments?post=2316"}],"wp:featuredmedia":[{"embeddable":true,"href":"https:\/\/fdasrl.it\/de\/wp-json\/wp\/v2\/media\/1165"}],"wp:attachment":[{"href":"https:\/\/fdasrl.it\/de\/wp-json\/wp\/v2\/media?parent=2316"}],"wp:term":[{"taxonomy":"product_brand","embeddable":true,"href":"https:\/\/fdasrl.it\/de\/wp-json\/wp\/v2\/product_brand?post=2316"},{"taxonomy":"product_cat","embeddable":true,"href":"https:\/\/fdasrl.it\/de\/wp-json\/wp\/v2\/product_cat?post=2316"},{"taxonomy":"product_tag","embeddable":true,"href":"https:\/\/fdasrl.it\/de\/wp-json\/wp\/v2\/product_tag?post=2316"}],"curies":[{"name":"wp","href":"https:\/\/api.w.org\/{rel}","templated":true}]}}