{"id":2346,"date":"2026-03-04T11:57:32","date_gmt":"2026-03-04T10:57:32","guid":{"rendered":"https:\/\/fdasrl.it\/prodotto\/elektromotor-mit-oel-vakuumpumpe-facm20612-280-l-min-220-v-075-kw\/"},"modified":"2026-03-04T11:57:32","modified_gmt":"2026-03-04T10:57:32","slug":"elektromotor-mit-oel-vakuumpumpe-facm20612-280-l-min-220-v-075-kw","status":"publish","type":"product","link":"https:\/\/fdasrl.it\/de\/prodotto\/elektromotor-mit-oel-vakuumpumpe-facm20612-280-l-min-220-v-075-kw\/","title":{"rendered":"Elektromotor mit \u00d6l-Vakuumpumpe FACM20612 280 l\/min \u2013 220 V 0,75 kW"},"content":{"rendered":"<h1 data-start=\"119\" data-end=\"199\">Elektromotor mit \u00d6l-Vakuumpumpe FACM20612 280 l\/min \u2013 220 V 0,75 kW<\/h1>\n<p data-start=\"201\" data-end=\"398\">Der <strong data-start=\"204\" data-end=\"217\">FACM20612<\/strong> ist ein <strong data-start=\"223\" data-end=\"288\">Elektromotor mit integrierter \u00d6lbad-Vakuumpumpe<\/strong>, konzipiert f\u00fcr Anwendungen in der Tierhaltung, bei denen eine <strong data-start=\"351\" data-end=\"397\">zuverl\u00e4ssige und kontinuierliche Vakuumerzeugung<\/strong> erforderlich ist.<\/p>\n<p data-start=\"400\" data-end=\"593\">Das Aggregat besteht aus einem <strong data-start=\"424\" data-end=\"476\">0,75-kW-Elektromotor mit 220 VAC Speisung<\/strong>, gekoppelt mit einer <strong data-start=\"491\" data-end=\"530\">\u00f6lgeschmierten Vakuumpumpe<\/strong>, die eine <strong data-start=\"558\" data-end=\"592\">F\u00f6rderleistung von 280 Litern pro Minute<\/strong> garantiert.<\/p>\n<p data-start=\"595\" data-end=\"792\">Diese Konfiguration gew\u00e4hrleistet stabile Leistung und Betriebssicherheit, wodurch sich das System besonders f\u00fcr <strong data-start=\"719\" data-end=\"791\">Melkanlagen und Ausr\u00fcstungen im Viehzuchtsektor<\/strong> eignet.<\/p>\n<hr data-start=\"794\" data-end=\"797\">\n<h2 data-start=\"799\" data-end=\"837\">Vorteile des \u00d6lbad-Systems<\/h2>\n<p data-start=\"839\" data-end=\"935\">Die \u00d6lschmierung verbessert die Effizienz und Lebensdauer des Systems und bietet:<\/p>\n<ul data-start=\"937\" data-end=\"1088\">\n<li data-start=\"937\" data-end=\"974\">\n<p data-start=\"939\" data-end=\"974\"><strong data-start=\"939\" data-end=\"974\">h\u00f6here Betriebszuverl\u00e4ssigkeit<\/strong><\/p>\n<\/li>\n<li data-start=\"975\" data-end=\"1011\">\n<p data-start=\"977\" data-end=\"1011\"><strong data-start=\"977\" data-end=\"1011\">Reduzierung des mechanischen Verschlei\u00dfes<\/strong><\/p>\n<\/li>\n<li data-start=\"1012\" data-end=\"1051\">\n<p data-start=\"1014\" data-end=\"1051\"><strong data-start=\"1014\" data-end=\"1051\">gleichm\u00e4\u00dfiger und kontinuierlicher Betrieb<\/strong><\/p>\n<\/li>\n<li data-start=\"1052\" data-end=\"1088\">\n<p data-start=\"1054\" data-end=\"1088\"><strong data-start=\"1054\" data-end=\"1088\">konstante Leistung \u00fcber die Zeit<\/strong><\/p>\n<\/li>\n<\/ul>\n<p data-start=\"1090\" data-end=\"1270\">Dank seiner kompakten und robusten Bauweise stellt der <strong data-start=\"1139\" data-end=\"1152\">FACM20612<\/strong> eine ideale L\u00f6sung f\u00fcr Systeme dar, die <strong data-start=\"1213\" data-end=\"1269\">Betriebsstabilit\u00e4t und kontinuierliche Funktion<\/strong> erfordern.<\/p>\n<hr data-start=\"1272\" data-end=\"1275\">\n<h2 data-start=\"1277\" data-end=\"1304\">Technische Daten<\/h2>\n<ul data-start=\"1306\" data-end=\"1496\">\n<li data-start=\"1306\" data-end=\"1332\">\n<p data-start=\"1308\" data-end=\"1332\"><strong data-start=\"1308\" data-end=\"1320\">Modell:<\/strong> FACM20612<\/p>\n<\/li>\n<li data-start=\"1333\" data-end=\"1359\">\n<p data-start=\"1335\" data-end=\"1359\"><strong data-start=\"1335\" data-end=\"1347\">F\u00f6rderleistung:<\/strong> 280 l\/min<\/p>\n<\/li>\n<li data-start=\"1360\" data-end=\"1390\">\n<p data-start=\"1362\" data-end=\"1390\"><strong data-start=\"1362\" data-end=\"1380\">Stromversorgung:<\/strong> 220 VAC<\/p>\n<\/li>\n<li data-start=\"1391\" data-end=\"1422\">\n<p data-start=\"1393\" data-end=\"1422\"><strong data-start=\"1393\" data-end=\"1405\">Leistung:<\/strong> 0,75 kW (1 PS)<\/p>\n<\/li>\n<li data-start=\"1423\" data-end=\"1496\">\n<p data-start=\"1425\" data-end=\"1496\"><strong data-start=\"1425\" data-end=\"1444\">Konfiguration:<\/strong> Elektromotor mit \u00d6lbad-Vakuumpumpe<\/p>\n<\/li>\n<\/ul>\n<p data-start=\"1498\" data-end=\"1583\">Entwickelt, um eine <strong data-start=\"1523\" data-end=\"1582\">lange Lebensdauer und konstante Leistung \u00fcber die Zeit<\/strong> zu gew\u00e4hrleisten.<\/p>\n<h4 data-start=\"1954\" data-end=\"1993\">H\u00e4ndler und Vertriebspartner: Fordern Sie Informationen an <a href=\"https:\/\/fdasrl.it\/de\/kontakt\/\">(HIER KLICKEN)<\/a><\/h4>\n<h4 data-start=\"1954\" data-end=\"1993\">\ud83d\uded2 Online kaufen <a href=\"https:\/\/fda-shop.it\/shop\/mungitura\/accessori-mungitrici\/motore-elettrico-con-pompa-del-vuoto-ad-olio-facm20612-280-lmin-220v-075-kw\">(HIER KLICKEN)<\/a><\/h4>\n","protected":false},"excerpt":{"rendered":"<p>Elektromotor mit \u00d6lbad-Vakuumpumpe FACM20612 mit 280 l\/min, 220 V Speisung und 0,75 kW Leistung. Zuverl\u00e4ssige und kompakte L\u00f6sung f\u00fcr Melkanlagen und zootechnische Anwendungen, die eine stabile und kontinuierliche Vakuumerzeugung erfordern. <\/p>\n","protected":false},"featured_media":1160,"comment_status":"open","ping_status":"closed","template":"","meta":{"_et_pb_use_builder":"","_et_pb_old_content":"","_et_gb_content_width":""},"product_brand":[],"product_cat":[410,496],"product_tag":[536],"class_list":{"0":"post-2346","1":"product","2":"type-product","3":"status-publish","4":"has-post-thumbnail","6":"product_cat-fahrbare-melkmaschinen","7":"product_cat-zubehor-fur-melkmaschinen","8":"product_tag-facm20612","10":"first","11":"instock","12":"shipping-taxable","13":"product-type-simple"},"yoast_head":"<!-- This site is optimized with the Yoast SEO Premium plugin v27.5 (Yoast SEO v27.5) - https:\/\/yoast.com\/product\/yoast-seo-premium-wordpress\/ -->\n<title>\u00d6lbad-Vakuumpumpe 280 l\/min f\u00fcr Melkmaschinen<\/title>\n<meta name=\"description\" content=\"Entdecken Sie die FACM20612, die \u00d6lbad-Vakuumpumpe mit 280 l\/min f\u00fcr Melkmaschinen in der Tierhaltung. Garantiert zuverl\u00e4ssige und konstante Leistung.\" \/>\n<meta name=\"robots\" content=\"index, follow, max-snippet:-1, max-image-preview:large, max-video-preview:-1\" \/>\n<link rel=\"canonical\" href=\"https:\/\/fdasrl.it\/de\/prodotto\/elektromotor-mit-oel-vakuumpumpe-facm20612-280-l-min-220-v-075-kw\/\" \/>\n<meta property=\"og:locale\" content=\"de_DE\" \/>\n<meta property=\"og:type\" content=\"article\" \/>\n<meta property=\"og:title\" content=\"Elektromotor mit \u00d6l-Vakuumpumpe FACM20612 280 l\/min \u2013 220 V 0,75 kW\" \/>\n<meta property=\"og:description\" content=\"Entdecken Sie die FACM20612, die \u00d6lbad-Vakuumpumpe mit 280 l\/min f\u00fcr Melkmaschinen in der Tierhaltung. Garantiert zuverl\u00e4ssige und konstante Leistung.\" \/>\n<meta property=\"og:url\" content=\"https:\/\/fdasrl.it\/de\/prodotto\/elektromotor-mit-oel-vakuumpumpe-facm20612-280-l-min-220-v-075-kw\/\" \/>\n<meta property=\"og:site_name\" content=\"FDA srl\" \/>\n<meta property=\"article:publisher\" content=\"https:\/\/www.facebook.com\/share\/1MWhFWg1Tp\/?mibextid=LQQJ4d\" \/>\n<meta property=\"og:image\" content=\"https:\/\/fdasrl.it\/wp-content\/uploads\/2026\/03\/motore-elettrico-con-pompa-del-vuoto-ad-olio-facm20612-280-lmin-220v-075-kw-1-white.webp\" \/>\n\t<meta property=\"og:image:width\" content=\"1501\" \/>\n\t<meta property=\"og:image:height\" content=\"1860\" \/>\n\t<meta property=\"og:image:type\" content=\"image\/webp\" \/>\n<meta name=\"twitter:card\" content=\"summary_large_image\" \/>\n<meta name=\"twitter:label1\" content=\"Preis\" \/>\n\t<meta name=\"twitter:data1\" content=\"\" \/>\n\t<meta name=\"twitter:label2\" content=\"Verf\u00fcgbarkeit\" \/>\n\t<meta name=\"twitter:data2\" content=\"Auf Lager\" \/>\n<meta property=\"product:price:currency\" content=\"EUR\" \/>\n<meta property=\"og:availability\" content=\"instock\" \/>\n<meta property=\"product:availability\" content=\"instock\" \/>\n<meta property=\"product:retailer_item_id\" content=\"FACM20612\" \/>\n<meta property=\"product:condition\" content=\"new\" \/>\n<!-- \/ Yoast SEO Premium plugin. -->","yoast_head_json":{"title":"\u00d6lbad-Vakuumpumpe 280 l\/min f\u00fcr Melkmaschinen","description":"Entdecken Sie die FACM20612, die \u00d6lbad-Vakuumpumpe mit 280 l\/min f\u00fcr Melkmaschinen in der Tierhaltung. Garantiert zuverl\u00e4ssige und konstante Leistung.","robots":{"index":"index","follow":"follow","max-snippet":"max-snippet:-1","max-image-preview":"max-image-preview:large","max-video-preview":"max-video-preview:-1"},"canonical":"https:\/\/fdasrl.it\/de\/prodotto\/elektromotor-mit-oel-vakuumpumpe-facm20612-280-l-min-220-v-075-kw\/","og_locale":"de_DE","og_type":"article","og_title":"Elektromotor mit \u00d6l-Vakuumpumpe FACM20612 280 l\/min \u2013 220 V 0,75 kW","og_description":"Entdecken Sie die FACM20612, die \u00d6lbad-Vakuumpumpe mit 280 l\/min f\u00fcr Melkmaschinen in der Tierhaltung. Garantiert zuverl\u00e4ssige und konstante Leistung.","og_url":"https:\/\/fdasrl.it\/de\/prodotto\/elektromotor-mit-oel-vakuumpumpe-facm20612-280-l-min-220-v-075-kw\/","og_site_name":"FDA srl","article_publisher":"https:\/\/www.facebook.com\/share\/1MWhFWg1Tp\/?mibextid=LQQJ4d","og_image":[{"width":1501,"height":1860,"url":"https:\/\/fdasrl.it\/wp-content\/uploads\/2026\/03\/motore-elettrico-con-pompa-del-vuoto-ad-olio-facm20612-280-lmin-220v-075-kw-1-white.webp","type":"image\/webp"}],"twitter_card":"summary_large_image","twitter_misc":{"Preis":"","Verf\u00fcgbarkeit":"Auf Lager"},"schema":{"@context":"https:\/\/schema.org","@graph":[{"@type":"WebPage","@id":"https:\/\/fdasrl.it\/de\/prodotto\/elektromotor-mit-oel-vakuumpumpe-facm20612-280-l-min-220-v-075-kw\/","url":"https:\/\/fdasrl.it\/de\/prodotto\/elektromotor-mit-oel-vakuumpumpe-facm20612-280-l-min-220-v-075-kw\/","name":"\u00d6lbad-Vakuumpumpe 280 l\/min f\u00fcr Melkmaschinen","isPartOf":{"@id":"https:\/\/fdasrl.it\/de\/#website"},"primaryImageOfPage":{"@id":"https:\/\/fdasrl.it\/de\/prodotto\/elektromotor-mit-oel-vakuumpumpe-facm20612-280-l-min-220-v-075-kw\/#primaryimage"},"image":{"@id":"https:\/\/fdasrl.it\/de\/prodotto\/elektromotor-mit-oel-vakuumpumpe-facm20612-280-l-min-220-v-075-kw\/#primaryimage"},"thumbnailUrl":"https:\/\/fdasrl.it\/wp-content\/uploads\/2026\/03\/motore-elettrico-con-pompa-del-vuoto-ad-olio-facm20612-280-lmin-220v-075-kw-1-white.webp","datePublished":"2026-03-04T10:57:32+00:00","description":"Entdecken Sie die FACM20612, die \u00d6lbad-Vakuumpumpe mit 280 l\/min f\u00fcr Melkmaschinen in der Tierhaltung. Garantiert zuverl\u00e4ssige und konstante Leistung.","breadcrumb":{"@id":"https:\/\/fdasrl.it\/de\/prodotto\/elektromotor-mit-oel-vakuumpumpe-facm20612-280-l-min-220-v-075-kw\/#breadcrumb"},"inLanguage":"de","potentialAction":[{"@type":"ReadAction","target":["https:\/\/fdasrl.it\/de\/prodotto\/elektromotor-mit-oel-vakuumpumpe-facm20612-280-l-min-220-v-075-kw\/"]}]},{"@type":"ImageObject","inLanguage":"de","@id":"https:\/\/fdasrl.it\/de\/prodotto\/elektromotor-mit-oel-vakuumpumpe-facm20612-280-l-min-220-v-075-kw\/#primaryimage","url":"https:\/\/fdasrl.it\/wp-content\/uploads\/2026\/03\/motore-elettrico-con-pompa-del-vuoto-ad-olio-facm20612-280-lmin-220v-075-kw-1-white.webp","contentUrl":"https:\/\/fdasrl.it\/wp-content\/uploads\/2026\/03\/motore-elettrico-con-pompa-del-vuoto-ad-olio-facm20612-280-lmin-220v-075-kw-1-white.webp","width":1501,"height":1860,"caption":"Elektromotor mit \u00d6lbad-Vakuumpumpe f\u00fcr Melkmaschinen mit einer F\u00f6rderleistung von 280 l\/min."},{"@type":"BreadcrumbList","@id":"https:\/\/fdasrl.it\/de\/prodotto\/elektromotor-mit-oel-vakuumpumpe-facm20612-280-l-min-220-v-075-kw\/#breadcrumb","itemListElement":[{"@type":"ListItem","position":1,"name":"Home","item":"https:\/\/fdasrl.it\/de\/startseite\/"},{"@type":"ListItem","position":2,"name":"Shop","item":"https:\/\/fdasrl.it\/de\/shop\/"},{"@type":"ListItem","position":3,"name":"Elektromotor mit \u00d6l-Vakuumpumpe FACM20612 280 l\/min \u2013 220 V 0,75 kW"}]},{"@type":"WebSite","@id":"https:\/\/fdasrl.it\/de\/#website","url":"https:\/\/fdasrl.it\/de\/","name":"FDA srl","description":"Equipment for animal husbandry","publisher":{"@id":"https:\/\/fdasrl.it\/de\/#organization"},"potentialAction":[{"@type":"SearchAction","target":{"@type":"EntryPoint","urlTemplate":"https:\/\/fdasrl.it\/de\/?s={search_term_string}"},"query-input":{"@type":"PropertyValueSpecification","valueRequired":true,"valueName":"search_term_string"}}],"inLanguage":"de"},{"@type":"Organization","@id":"https:\/\/fdasrl.it\/de\/#organization","name":"FDA srl","url":"https:\/\/fdasrl.it\/de\/","logo":{"@type":"ImageObject","inLanguage":"de","@id":"https:\/\/fdasrl.it\/de\/#\/schema\/logo\/image\/","url":"https:\/\/fdasrl.it\/wp-content\/uploads\/2024\/12\/Logo-FDA.png","contentUrl":"https:\/\/fdasrl.it\/wp-content\/uploads\/2024\/12\/Logo-FDA.png","width":316,"height":119,"caption":"FDA srl"},"image":{"@id":"https:\/\/fdasrl.it\/de\/#\/schema\/logo\/image\/"},"sameAs":["https:\/\/www.facebook.com\/share\/1MWhFWg1Tp\/?mibextid=LQQJ4d","https:\/\/www.instagram.com\/fda_srl\/profilecard\/?igsh=YW5lbzJ6MWg0d21u","https:\/\/www.youtube.com\/@FDASRL_ANIMALCARE"],"description":"FDA SRL \u2013 Equipment for animal husbandry nasce con l\u2019obiettivo di offrire soluzioni affidabili e innovative per l\u2019allevamento moderno. Con anni di esperienza nel settore zootecnico, progettiamo e realizziamo attrezzature destinate al benessere animale e alla gestione efficiente delle stalle: vasche, abbeveratoi, mangiatoie e sistemi di riscaldamento pensati per durare nel tempo e semplificare il lavoro quotidiano degli allevatori. Dalla progettazione alla produzione, ogni nostro prodotto \u00e8 studiato nei minimi dettagli, testato con cura e costruito per rispondere alle esigenze reali del settore. La nostra forza \u00e8 unire artigianalit\u00e0, tecnologia e competenza tecnica per trasformare ogni progetto in una soluzione concreta e funzionale. Oggi FDA SRL \u00e8 un punto di riferimento per privati e rivenditori che cercano qualit\u00e0, affidabilit\u00e0 e innovazione nelle attrezzature per l\u2019allevamento.","email":"info@fdasrl.it","telephone":"+390522826820","legalName":"F.D.A. SRL","foundingDate":"2024-10-13","vatID":"03075840359","taxID":"03075840359","numberOfEmployees":{"@type":"QuantitativeValue","minValue":"1","maxValue":"10"}}]},"product_price_currency":"EUR","og_availability":"instock","product_availability":"instock","product_retailer_item_id":"FACM20612","product_condition":"new"},"_links":{"self":[{"href":"https:\/\/fdasrl.it\/de\/wp-json\/wp\/v2\/product\/2346","targetHints":{"allow":["GET"]}}],"collection":[{"href":"https:\/\/fdasrl.it\/de\/wp-json\/wp\/v2\/product"}],"about":[{"href":"https:\/\/fdasrl.it\/de\/wp-json\/wp\/v2\/types\/product"}],"replies":[{"embeddable":true,"href":"https:\/\/fdasrl.it\/de\/wp-json\/wp\/v2\/comments?post=2346"}],"wp:featuredmedia":[{"embeddable":true,"href":"https:\/\/fdasrl.it\/de\/wp-json\/wp\/v2\/media\/1160"}],"wp:attachment":[{"href":"https:\/\/fdasrl.it\/de\/wp-json\/wp\/v2\/media?parent=2346"}],"wp:term":[{"taxonomy":"product_brand","embeddable":true,"href":"https:\/\/fdasrl.it\/de\/wp-json\/wp\/v2\/product_brand?post=2346"},{"taxonomy":"product_cat","embeddable":true,"href":"https:\/\/fdasrl.it\/de\/wp-json\/wp\/v2\/product_cat?post=2346"},{"taxonomy":"product_tag","embeddable":true,"href":"https:\/\/fdasrl.it\/de\/wp-json\/wp\/v2\/product_tag?post=2346"}],"curies":[{"name":"wp","href":"https:\/\/api.w.org\/{rel}","templated":true}]}}