{"id":2390,"date":"2026-03-13T09:19:31","date_gmt":"2026-03-13T08:19:31","guid":{"rendered":"https:\/\/fdasrl.it\/prodotto\/schwimmerventil-far16p-fuer-traenke-1-2-mit-schwimmer-o90-mm\/"},"modified":"2026-03-13T09:19:31","modified_gmt":"2026-03-13T08:19:31","slug":"schwimmerventil-far16p-fuer-traenke-1-2-mit-schwimmer-o90-mm","status":"publish","type":"product","link":"https:\/\/fdasrl.it\/de\/prodotto\/schwimmerventil-far16p-fuer-traenke-1-2-mit-schwimmer-o90-mm\/","title":{"rendered":"Schwimmerventil FAR16P f\u00fcr Tr\u00e4nke 1\/2&#8243; mit Schwimmer \u00d890 mm"},"content":{"rendered":"<h2 data-section-id=\"18vje6i\" data-start=\"124\" data-end=\"202\">Schwimmerventil FAR16P f\u00fcr Tr\u00e4nke 1\/2&#8243; mit Schwimmer \u00d890 mm<\/h2>\n<p data-start=\"204\" data-end=\"536\">Das <strong data-start=\"207\" data-end=\"280\">Schwimmerventil FAR16P mit 1\/2&#8243;-Au\u00dfengewinde<\/strong> ist f\u00fcr die automatische Wasserstandskontrolle in Viehtr\u00e4nken konzipiert. Das Ventil besteht aus <strong data-start=\"407\" data-end=\"427\">robustem Nylon<\/strong>, einem Material, das aufgrund seiner Korrosions- und Verschlei\u00dffestigkeit ideal f\u00fcr den Einsatz in Stallumgebungen geeignet ist. <\/p>\n<p data-start=\"538\" data-end=\"886\">Das System ist mit einem <strong data-start=\"561\" data-end=\"631\">orangefarbenen Polypropylen-Schwimmer mit 90 mm Durchmesser<\/strong> und einer <strong data-start=\"634\" data-end=\"652\">Messingstange<\/strong> ausgestattet, was Zuverl\u00e4ssigkeit und Langlebigkeit garantiert. Der Schwimmer ist f\u00fcr den <strong data-start=\"742\" data-end=\"768\">vertikalen Betrieb<\/strong> ausgelegt und erm\u00f6glicht eine <strong data-start=\"784\" data-end=\"831\">einfache Regulierung des Wasserstands<\/strong>, wodurch die Tr\u00e4nke stets konstant gef\u00fcllt bleibt. <\/p>\n<p data-start=\"888\" data-end=\"1014\">Dieses Ventil wird als <strong data-start=\"921\" data-end=\"955\">Ersatzteil f\u00fcr FA-AG Tr\u00e4nken<\/strong> verwendet, sowohl f\u00fcr die Version <strong data-start=\"976\" data-end=\"988\">aus Gusseisen<\/strong> als auch <strong data-start=\"993\" data-end=\"1013\">aus Polypropylen<\/strong>.<\/p>\n<hr data-start=\"1016\" data-end=\"1019\">\n<h2 data-section-id=\"og5zk7\" data-start=\"1021\" data-end=\"1051\">\u2699\ufe0f Technische Merkmale<\/h2>\n<p data-start=\"1053\" data-end=\"1082\"><strong data-start=\"1053\" data-end=\"1073\">Artikelnummer:<\/strong> FAR16P<\/p>\n<p data-start=\"1084\" data-end=\"1104\"><strong data-start=\"1084\" data-end=\"1096\">Ventil:<\/strong> Nylon<\/p>\n<p data-start=\"1106\" data-end=\"1145\"><strong data-start=\"1106\" data-end=\"1118\">Anschluss:<\/strong> 1\/2&#8243; Au\u00dfengewinde<\/p>\n<p data-start=\"1147\" data-end=\"1190\"><strong data-start=\"1147\" data-end=\"1174\">Material Schwimmer:<\/strong> Polypropylen<\/p>\n<p data-start=\"1192\" data-end=\"1226\"><strong data-start=\"1192\" data-end=\"1218\">Schwimmerdurchmesser:<\/strong> 90 mm<\/p>\n<p data-start=\"1228\" data-end=\"1262\"><strong data-start=\"1228\" data-end=\"1252\">Schwimmerfarbe:<\/strong> Orange<\/p>\n<p data-start=\"1264\" data-end=\"1282\"><strong data-start=\"1264\" data-end=\"1273\">Stange:<\/strong> Messing<\/p>\n<p data-start=\"1284\" data-end=\"1345\"><strong data-start=\"1284\" data-end=\"1301\">Stangenanschluss:<\/strong> Messing-Mitnehmer mit <strong data-start=\"1334\" data-end=\"1343\">1\/4&#8243; Gasgewinde<\/strong><\/p>\n<p data-start=\"1347\" data-end=\"1383\"><strong data-start=\"1347\" data-end=\"1371\">Arbeitsposition:<\/strong> Vertikal<\/p>\n<p data-start=\"1385\" data-end=\"1420\"><strong data-start=\"1385\" data-end=\"1415\">Wasserstandregulierung:<\/strong> Ja<\/p>\n<p data-start=\"1422\" data-end=\"1463\"><strong data-start=\"1422\" data-end=\"1449\">Betriebsdruck:<\/strong> 0,5 \u2013 6 bar<\/p>\n<p data-start=\"1422\" data-end=\"1463\"><strong data-start=\"1482\" data-end=\"1500\">Durchflussmenge:<\/strong> <strong data-start=\"1501\" data-end=\"1512\">5 l\/min<\/strong><\/p>\n<p data-start=\"1465\" data-end=\"1485\"><strong data-start=\"1465\" data-end=\"1483\">Kompatibilit\u00e4t:<\/strong><\/p>\n<ul data-start=\"1486\" data-end=\"1557\">\n<li data-section-id=\"7p62o9\" data-start=\"1486\" data-end=\"1518\">\n<p data-start=\"1488\" data-end=\"1518\">Tr\u00e4nke <strong data-start=\"1501\" data-end=\"1516\">FA-AG Gusseisen<\/strong><\/p>\n<\/li>\n<li data-section-id=\"bk0ult\" data-start=\"1519\" data-end=\"1557\">\n<p data-start=\"1521\" data-end=\"1557\">Tr\u00e4nke <strong data-start=\"1534\" data-end=\"1557\">FA-AG Polypropylen<\/strong><\/p>\n<\/li>\n<li data-section-id=\"bk0ult\" data-start=\"1519\" data-end=\"1557\">Alle Modelle mit Niederdruck-Konstantlehre<\/li>\n<\/ul>\n<hr data-start=\"1559\" data-end=\"1562\">\n<h2 data-section-id=\"50c332\" data-start=\"1564\" data-end=\"1588\">\u2705 Hauptvorteile<\/h2>\n<p data-start=\"1590\" data-end=\"1823\">\u2714 <strong data-start=\"1592\" data-end=\"1623\">Korrosionsbest\u00e4ndiges Nylonventil<\/strong><br data-start=\"1639\" data-end=\"1642\">\u2714 <strong data-start=\"1644\" data-end=\"1667\">Schwimmer \u00d890 mm<\/strong> aus Polypropylen<br data-start=\"1684\" data-end=\"1687\">\u2714 <strong data-start=\"1689\" data-end=\"1707\">Messingstange<\/strong> f\u00fcr l\u00e4ngere Haltbarkeit<br data-start=\"1727\" data-end=\"1730\">\u2714 <strong data-start=\"1732\" data-end=\"1774\">Einfache Wasserstandregulierung<\/strong><br data-start=\"1774\" data-end=\"1777\">\u2714 Original-Ersatzteil f\u00fcr <strong data-start=\"1802\" data-end=\"1823\">FA-AG Tr\u00e4nken<\/strong><\/p>\n<p>\ud83d\udc49 H\u00e4ndlerpreis anfragen:  <a href=\"mailto:info@fdasrl.it\">HIER KLICKEN<\/a><\/p>\n<p>\ud83d\udc49 Online kaufen: <a href=\"https:\/\/fda-shop.it\/shop\/articoli-per-allevamento\/abbeveratoi\/galleggiante-per-abbeveratoio-16p\">HIER KLICKEN<\/a><\/p>\n","protected":false},"excerpt":{"rendered":"<p>Schwimmerventil FAR16P mit 1\/2&#8243;-Au\u00dfengewinde, Nylonk\u00f6rper, Polypropylen-Schwimmer \u00d890 mm und Messingstange. Ersatzteil f\u00fcr FA-AG Tr\u00e4nken aus Gusseisen und Polypropylen. <\/p>\n","protected":false},"featured_media":1232,"comment_status":"open","ping_status":"closed","template":"","meta":{"_et_pb_use_builder":"","_et_pb_old_content":"","_et_gb_content_width":""},"product_brand":[],"product_cat":[511,414,544,510,512],"product_tag":[545],"class_list":{"0":"post-2390","1":"product","2":"type-product","3":"status-publish","4":"has-post-thumbnail","6":"product_cat-edelstahlwannen-fur-stalle","7":"product_cat-schafe-und-ziegen","8":"product_cat-tranken-2","9":"product_cat-tranken","10":"product_cat-ventile-und-schwimmer","11":"product_tag-far16p","13":"first","14":"instock","15":"shipping-taxable","16":"product-type-simple"},"yoast_head":"<!-- This site is optimized with the Yoast SEO Premium plugin v27.5 (Yoast SEO v27.5) - https:\/\/yoast.com\/product\/yoast-seo-premium-wordpress\/ -->\n<title>Schwimmerventil FAR16P Tr\u00e4nke 1\/2&quot; mit Schwimmer<\/title>\n<meta name=\"description\" content=\"Kontrollieren Sie den Wasserstand mit dem Schwimmerventil FAR16P f\u00fcr 1\/2&#039;&#039;-Tr\u00e4nken. Aus robustem Nylon gefertigt, ist es ideal f\u00fcr den Stallbereich.\" \/>\n<meta name=\"robots\" content=\"index, follow, max-snippet:-1, max-image-preview:large, max-video-preview:-1\" \/>\n<link rel=\"canonical\" href=\"https:\/\/fdasrl.it\/de\/prodotto\/schwimmerventil-far16p-fuer-traenke-1-2-mit-schwimmer-o90-mm\/\" \/>\n<meta property=\"og:locale\" content=\"de_DE\" \/>\n<meta property=\"og:type\" content=\"article\" \/>\n<meta property=\"og:title\" content=\"Schwimmerventil FAR16P f\u00fcr Tr\u00e4nke 1\/2&quot; mit Schwimmer \u00d890 mm\" \/>\n<meta property=\"og:description\" content=\"Kontrollieren Sie den Wasserstand mit dem Schwimmerventil FAR16P f\u00fcr 1\/2&#039;&#039;-Tr\u00e4nken. Aus robustem Nylon gefertigt, ist es ideal f\u00fcr den Stallbereich.\" \/>\n<meta property=\"og:url\" content=\"https:\/\/fdasrl.it\/de\/prodotto\/schwimmerventil-far16p-fuer-traenke-1-2-mit-schwimmer-o90-mm\/\" \/>\n<meta property=\"og:site_name\" content=\"FDA srl\" \/>\n<meta property=\"article:publisher\" content=\"https:\/\/www.facebook.com\/share\/1MWhFWg1Tp\/?mibextid=LQQJ4d\" \/>\n<meta property=\"og:image\" content=\"https:\/\/fdasrl.it\/wp-content\/uploads\/2026\/03\/Galleggiante-con-valvola-FAR16P-regolabile.png\" \/>\n\t<meta property=\"og:image:width\" content=\"500\" \/>\n\t<meta property=\"og:image:height\" content=\"500\" \/>\n\t<meta property=\"og:image:type\" content=\"image\/png\" \/>\n<meta name=\"twitter:card\" content=\"summary_large_image\" \/>\n<meta name=\"twitter:label1\" content=\"Preis\" \/>\n\t<meta name=\"twitter:data1\" content=\"\" \/>\n\t<meta name=\"twitter:label2\" content=\"Verf\u00fcgbarkeit\" \/>\n\t<meta name=\"twitter:data2\" content=\"Auf Lager\" \/>\n<meta property=\"product:price:currency\" content=\"EUR\" \/>\n<meta property=\"og:availability\" content=\"instock\" \/>\n<meta property=\"product:availability\" content=\"instock\" \/>\n<meta property=\"product:retailer_item_id\" content=\"FAR16P\" \/>\n<meta property=\"product:condition\" content=\"new\" \/>\n<!-- \/ Yoast SEO Premium plugin. -->","yoast_head_json":{"title":"Schwimmerventil FAR16P Tr\u00e4nke 1\/2\" mit Schwimmer","description":"Kontrollieren Sie den Wasserstand mit dem Schwimmerventil FAR16P f\u00fcr 1\/2''-Tr\u00e4nken. Aus robustem Nylon gefertigt, ist es ideal f\u00fcr den Stallbereich.","robots":{"index":"index","follow":"follow","max-snippet":"max-snippet:-1","max-image-preview":"max-image-preview:large","max-video-preview":"max-video-preview:-1"},"canonical":"https:\/\/fdasrl.it\/de\/prodotto\/schwimmerventil-far16p-fuer-traenke-1-2-mit-schwimmer-o90-mm\/","og_locale":"de_DE","og_type":"article","og_title":"Schwimmerventil FAR16P f\u00fcr Tr\u00e4nke 1\/2\" mit Schwimmer \u00d890 mm","og_description":"Kontrollieren Sie den Wasserstand mit dem Schwimmerventil FAR16P f\u00fcr 1\/2''-Tr\u00e4nken. Aus robustem Nylon gefertigt, ist es ideal f\u00fcr den Stallbereich.","og_url":"https:\/\/fdasrl.it\/de\/prodotto\/schwimmerventil-far16p-fuer-traenke-1-2-mit-schwimmer-o90-mm\/","og_site_name":"FDA srl","article_publisher":"https:\/\/www.facebook.com\/share\/1MWhFWg1Tp\/?mibextid=LQQJ4d","og_image":[{"width":500,"height":500,"url":"https:\/\/fdasrl.it\/wp-content\/uploads\/2026\/03\/Galleggiante-con-valvola-FAR16P-regolabile.png","type":"image\/png"}],"twitter_card":"summary_large_image","twitter_misc":{"Preis":"","Verf\u00fcgbarkeit":"Auf Lager"},"schema":{"@context":"https:\/\/schema.org","@graph":[{"@type":"WebPage","@id":"https:\/\/fdasrl.it\/de\/prodotto\/schwimmerventil-far16p-fuer-traenke-1-2-mit-schwimmer-o90-mm\/","url":"https:\/\/fdasrl.it\/de\/prodotto\/schwimmerventil-far16p-fuer-traenke-1-2-mit-schwimmer-o90-mm\/","name":"Schwimmerventil FAR16P Tr\u00e4nke 1\/2\" mit Schwimmer","isPartOf":{"@id":"https:\/\/fdasrl.it\/de\/#website"},"primaryImageOfPage":{"@id":"https:\/\/fdasrl.it\/de\/prodotto\/schwimmerventil-far16p-fuer-traenke-1-2-mit-schwimmer-o90-mm\/#primaryimage"},"image":{"@id":"https:\/\/fdasrl.it\/de\/prodotto\/schwimmerventil-far16p-fuer-traenke-1-2-mit-schwimmer-o90-mm\/#primaryimage"},"thumbnailUrl":"https:\/\/fdasrl.it\/wp-content\/uploads\/2026\/03\/Galleggiante-con-valvola-FAR16P-regolabile.png","datePublished":"2026-03-13T08:19:31+00:00","description":"Kontrollieren Sie den Wasserstand mit dem Schwimmerventil FAR16P f\u00fcr 1\/2''-Tr\u00e4nken. Aus robustem Nylon gefertigt, ist es ideal f\u00fcr den Stallbereich.","breadcrumb":{"@id":"https:\/\/fdasrl.it\/de\/prodotto\/schwimmerventil-far16p-fuer-traenke-1-2-mit-schwimmer-o90-mm\/#breadcrumb"},"inLanguage":"de","potentialAction":[{"@type":"ReadAction","target":["https:\/\/fdasrl.it\/de\/prodotto\/schwimmerventil-far16p-fuer-traenke-1-2-mit-schwimmer-o90-mm\/"]}]},{"@type":"ImageObject","inLanguage":"de","@id":"https:\/\/fdasrl.it\/de\/prodotto\/schwimmerventil-far16p-fuer-traenke-1-2-mit-schwimmer-o90-mm\/#primaryimage","url":"https:\/\/fdasrl.it\/wp-content\/uploads\/2026\/03\/Galleggiante-con-valvola-FAR16P-regolabile.png","contentUrl":"https:\/\/fdasrl.it\/wp-content\/uploads\/2026\/03\/Galleggiante-con-valvola-FAR16P-regolabile.png","width":500,"height":500,"caption":"Schwimmerventil FAR16P zur automatischen Wasserstandregulierung."},{"@type":"BreadcrumbList","@id":"https:\/\/fdasrl.it\/de\/prodotto\/schwimmerventil-far16p-fuer-traenke-1-2-mit-schwimmer-o90-mm\/#breadcrumb","itemListElement":[{"@type":"ListItem","position":1,"name":"Home","item":"https:\/\/fdasrl.it\/de\/startseite\/"},{"@type":"ListItem","position":2,"name":"Shop","item":"https:\/\/fdasrl.it\/de\/shop\/"},{"@type":"ListItem","position":3,"name":"Schwimmerventil FAR16P f\u00fcr Tr\u00e4nke 1\/2&#8243; mit Schwimmer \u00d890 mm"}]},{"@type":"WebSite","@id":"https:\/\/fdasrl.it\/de\/#website","url":"https:\/\/fdasrl.it\/de\/","name":"FDA srl","description":"Equipment for animal husbandry","publisher":{"@id":"https:\/\/fdasrl.it\/de\/#organization"},"potentialAction":[{"@type":"SearchAction","target":{"@type":"EntryPoint","urlTemplate":"https:\/\/fdasrl.it\/de\/?s={search_term_string}"},"query-input":{"@type":"PropertyValueSpecification","valueRequired":true,"valueName":"search_term_string"}}],"inLanguage":"de"},{"@type":"Organization","@id":"https:\/\/fdasrl.it\/de\/#organization","name":"FDA srl","url":"https:\/\/fdasrl.it\/de\/","logo":{"@type":"ImageObject","inLanguage":"de","@id":"https:\/\/fdasrl.it\/de\/#\/schema\/logo\/image\/","url":"https:\/\/fdasrl.it\/wp-content\/uploads\/2024\/12\/Logo-FDA.png","contentUrl":"https:\/\/fdasrl.it\/wp-content\/uploads\/2024\/12\/Logo-FDA.png","width":316,"height":119,"caption":"FDA srl"},"image":{"@id":"https:\/\/fdasrl.it\/de\/#\/schema\/logo\/image\/"},"sameAs":["https:\/\/www.facebook.com\/share\/1MWhFWg1Tp\/?mibextid=LQQJ4d","https:\/\/www.instagram.com\/fda_srl\/profilecard\/?igsh=YW5lbzJ6MWg0d21u","https:\/\/www.youtube.com\/@FDASRL_ANIMALCARE"],"description":"FDA SRL \u2013 Equipment for animal husbandry nasce con l\u2019obiettivo di offrire soluzioni affidabili e innovative per l\u2019allevamento moderno. Con anni di esperienza nel settore zootecnico, progettiamo e realizziamo attrezzature destinate al benessere animale e alla gestione efficiente delle stalle: vasche, abbeveratoi, mangiatoie e sistemi di riscaldamento pensati per durare nel tempo e semplificare il lavoro quotidiano degli allevatori. Dalla progettazione alla produzione, ogni nostro prodotto \u00e8 studiato nei minimi dettagli, testato con cura e costruito per rispondere alle esigenze reali del settore. La nostra forza \u00e8 unire artigianalit\u00e0, tecnologia e competenza tecnica per trasformare ogni progetto in una soluzione concreta e funzionale. Oggi FDA SRL \u00e8 un punto di riferimento per privati e rivenditori che cercano qualit\u00e0, affidabilit\u00e0 e innovazione nelle attrezzature per l\u2019allevamento.","email":"info@fdasrl.it","telephone":"+390522826820","legalName":"F.D.A. SRL","foundingDate":"2024-10-13","vatID":"03075840359","taxID":"03075840359","numberOfEmployees":{"@type":"QuantitativeValue","minValue":"1","maxValue":"10"}}]},"product_price_currency":"EUR","og_availability":"instock","product_availability":"instock","product_retailer_item_id":"FAR16P","product_condition":"new"},"_links":{"self":[{"href":"https:\/\/fdasrl.it\/de\/wp-json\/wp\/v2\/product\/2390","targetHints":{"allow":["GET"]}}],"collection":[{"href":"https:\/\/fdasrl.it\/de\/wp-json\/wp\/v2\/product"}],"about":[{"href":"https:\/\/fdasrl.it\/de\/wp-json\/wp\/v2\/types\/product"}],"replies":[{"embeddable":true,"href":"https:\/\/fdasrl.it\/de\/wp-json\/wp\/v2\/comments?post=2390"}],"wp:featuredmedia":[{"embeddable":true,"href":"https:\/\/fdasrl.it\/de\/wp-json\/wp\/v2\/media\/1232"}],"wp:attachment":[{"href":"https:\/\/fdasrl.it\/de\/wp-json\/wp\/v2\/media?parent=2390"}],"wp:term":[{"taxonomy":"product_brand","embeddable":true,"href":"https:\/\/fdasrl.it\/de\/wp-json\/wp\/v2\/product_brand?post=2390"},{"taxonomy":"product_cat","embeddable":true,"href":"https:\/\/fdasrl.it\/de\/wp-json\/wp\/v2\/product_cat?post=2390"},{"taxonomy":"product_tag","embeddable":true,"href":"https:\/\/fdasrl.it\/de\/wp-json\/wp\/v2\/product_tag?post=2390"}],"curies":[{"name":"wp","href":"https:\/\/api.w.org\/{rel}","templated":true}]}}