{"id":2431,"date":"2026-03-11T11:35:20","date_gmt":"2026-03-11T10:35:20","guid":{"rendered":"https:\/\/fdasrl.it\/prodotto\/schwimmerventil-fuer-traenken-dn20-g3-4-aus-kunststoff-mit-hoher-durchflussrate\/"},"modified":"2026-03-11T11:35:20","modified_gmt":"2026-03-11T10:35:20","slug":"schwimmerventil-fuer-traenken-dn20-g3-4-aus-kunststoff-mit-hoher-durchflussrate","status":"publish","type":"product","link":"https:\/\/fdasrl.it\/de\/prodotto\/schwimmerventil-fuer-traenken-dn20-g3-4-aus-kunststoff-mit-hoher-durchflussrate\/","title":{"rendered":"Schwimmerventil f\u00fcr Tr\u00e4nken DN20 G3\/4&#8243; aus Kunststoff mit hoher Durchflussrate"},"content":{"rendered":"<h2 data-section-id=\"1apu402\" data-start=\"111\" data-end=\"192\">Schwimmerventil f\u00fcr Tr\u00e4nken DN20 G3\/4&#8243; aus Kunststoff mit hoher Durchflussrate FAR19PVC<\/h2>\n<p data-start=\"194\" data-end=\"542\">Das <strong data-start=\"197\" data-end=\"266\">Schwimmerventil DN20 mit G3\/4&#8243;-Au\u00dfengewinde<\/strong> ist f\u00fcr die automatische Wasserstandskontrolle in Tanks, Tr\u00e4nken und Wassersystemen konzipiert. Dank des Schwimmersystems reguliert das Ventil automatisch den Wasserzulauf und h\u00e4lt den F\u00fcllstand im Tank oder in der Tr\u00e4nke konstant. <\/p>\n<p data-start=\"544\" data-end=\"745\">Die Konstruktion aus <strong data-start=\"560\" data-end=\"599\">hochwertigem, widerstandsf\u00e4higem Kunststoff<\/strong> garantiert eine lange Lebensdauer sowie Korrosionsbest\u00e4ndigkeit und eignet sich daher auch f\u00fcr feuchte Umgebungen oder Anwendungen in der Tierhaltung.<\/p>\n<p data-start=\"747\" data-end=\"967\">Zudem ist das Design auf <strong data-start=\"792\" data-end=\"822\">eine hohe Durchflussrate<\/strong> von bis zu <strong data-start=\"831\" data-end=\"862\">180 l\/min bei 6 bar<\/strong> ausgelegt, was eine schnelle Bef\u00fcllung und einen effizienten Betrieb auch bei hohem Druck erm\u00f6glicht.<\/p>\n<p data-start=\"969\" data-end=\"1119\">Dank der <strong data-start=\"981\" data-end=\"1029\">einfachen Installation mit Au\u00dfengewinde<\/strong> l\u00e4sst sich das Ventil schnell an verschiedenen Tanktypen oder Wassersystemen montieren.<\/p>\n<hr data-start=\"1121\" data-end=\"1124\">\n<h2 data-section-id=\"og5zk7\" data-start=\"1126\" data-end=\"1156\">\u2699\ufe0f Technische Daten<\/h2>\n<p data-start=\"1158\" data-end=\"1232\"><strong data-start=\"1158\" data-end=\"1176\">Produkttyp:<\/strong> Schwimmerventil \/ Schwimmerkugelventil<\/p>\n<p data-start=\"1234\" data-end=\"1259\"><strong data-start=\"1234\" data-end=\"1248\">Material:<\/strong> Kunststoff<\/p>\n<p data-start=\"1261\" data-end=\"1316\"><strong data-start=\"1261\" data-end=\"1277\">Anschluss:<\/strong> Au\u00dfengewinde <strong data-start=\"1298\" data-end=\"1314\">G3\/4&#8243; (DN20)<\/strong><\/p>\n<p data-start=\"1318\" data-end=\"1365\"><strong data-start=\"1318\" data-end=\"1345\">Betriebsdruck:<\/strong> <strong data-start=\"1346\" data-end=\"1363\">0,1 \u2013 1,2 MPa<\/strong><\/p>\n<p data-start=\"1367\" data-end=\"1409\"><strong data-start=\"1367\" data-end=\"1385\">Durchflussrate:<\/strong> <strong data-start=\"1386\" data-end=\"1407\">180 l\/min bei 6 bar<\/strong><\/p>\n<p data-start=\"1411\" data-end=\"1452\"><strong data-start=\"1411\" data-end=\"1433\">Wassertemperatur:<\/strong> <strong data-start=\"1434\" data-end=\"1450\">0 \u00b0C \u2013 70 \u00b0C<\/strong><\/p>\n<p data-start=\"1454\" data-end=\"1524\"><strong data-start=\"1454\" data-end=\"1483\">Einbauma\u00df:<\/strong> ca. <strong data-start=\"1490\" data-end=\"1500\">275 mm<\/strong> (ohne Gewinde)<\/p>\n<p data-start=\"1526\" data-end=\"1558\"><strong data-start=\"1526\" data-end=\"1550\">Verwendbares Medium:<\/strong> Wasser<\/p>\n<p data-start=\"1560\" data-end=\"1585\"><strong data-start=\"1560\" data-end=\"1569\">Gewicht:<\/strong> ca. <strong data-start=\"1576\" data-end=\"1585\">138 g<\/strong><\/p>\n<hr data-start=\"1587\" data-end=\"1590\">\n<h2 data-section-id=\"mslteg\" data-start=\"1592\" data-end=\"1607\">Anwendungen<\/h2>\n<p data-start=\"1609\" data-end=\"1728\">Dieses Schwimmerventil eignet sich zur automatischen Wasserstandskontrolle in verschiedenen Anlagen, darunter:<\/p>\n<ul data-start=\"1730\" data-end=\"1948\">\n<li data-section-id=\"1q01goj\" data-start=\"1730\" data-end=\"1761\">\n<p data-start=\"1732\" data-end=\"1761\">Wassertanks und Zisternen<\/p>\n<\/li>\n<li data-section-id=\"1s61xc\" data-start=\"1762\" data-end=\"1779\">\n<p data-start=\"1764\" data-end=\"1779\">Wassert\u00fcrme<\/p>\n<\/li>\n<li data-section-id=\"1crfh67\" data-start=\"1780\" data-end=\"1807\">\n<p data-start=\"1782\" data-end=\"1807\">K\u00fchlt\u00fcrme<\/p>\n<\/li>\n<li data-section-id=\"1uzkr02\" data-start=\"1808\" data-end=\"1838\">\n<p data-start=\"1810\" data-end=\"1838\">K\u00fchlanlagen<\/p>\n<\/li>\n<li data-section-id=\"m07hyl\" data-start=\"1839\" data-end=\"1867\">\n<p data-start=\"1841\" data-end=\"1867\">Eismaschinen<\/p>\n<\/li>\n<li data-section-id=\"1xt7pwt\" data-start=\"1868\" data-end=\"1901\">\n<p data-start=\"1870\" data-end=\"1901\">Ausr\u00fcstung f\u00fcr die Tierhaltung<\/p>\n<\/li>\n<li data-section-id=\"1p9qgg\" data-start=\"1902\" data-end=\"1948\">\n<p data-start=\"1904\" data-end=\"1948\">Wasserwirtschafts- und Aufbereitungssysteme<\/p>\n<\/li>\n<\/ul>\n<hr data-start=\"1950\" data-end=\"1953\">\n<h2 data-section-id=\"1113tbv\" data-start=\"1955\" data-end=\"1977\">Hauptvorteile<\/h2>\n<p data-start=\"1979\" data-end=\"2238\">\u2714 Automatische Wasserstandskontrolle<br data-start=\"2024\" data-end=\"2027\">\u2714 <strong data-start=\"2029\" data-end=\"2065\">Hohe Durchflussrate bis zu 180 l\/min<\/strong><br data-start=\"2065\" data-end=\"2068\">\u2714 Widerstandsf\u00e4hige Konstruktion aus korrosionsbest\u00e4ndigem Kunststoff<br data-start=\"2117\" data-end=\"2120\">\u2714 Einfache Installation mit <strong data-start=\"2149\" data-end=\"2174\">G3\/4&#8243;-Au\u00dfengewinde<\/strong><br data-start=\"2174\" data-end=\"2177\">\u2714 Geeignet f\u00fcr industrielle, landwirtschaftliche und zootechnische Anwendungen<\/p>\n<p>\ud83d\udc49 H\u00e4ndlerpreis anfragen:  <a href=\"mailto:info@fdasrl.it\">HIER KLICKEN<\/a><\/p>\n<p>\ud83d\udc49 Online kaufen: <a href=\"https:\/\/fda-shop.it\/shop\/articoli-per-allevamento\/abbeveratoi\/valvola-a-galleggiante-per-abbeveratoio-dn20-g34-in-plastica-ad-alta-portata\">HIER KLICKEN<\/a><\/p>\n","protected":false},"excerpt":{"rendered":"<p>Schwimmerventil DN20 G3\/4&#8243; aus Kunststoff zur automatischen Wasserstandskontrolle. Durchflussrate bis zu 180 l\/min bei 6 bar, Betriebsdruck 0,1\u20131,2 MPa. Ideal f\u00fcr Tanks, Wassert\u00fcrme, K\u00fchlanlagen und Ausr\u00fcstung f\u00fcr die Tierhaltung.  <\/p>\n","protected":false},"featured_media":1226,"comment_status":"open","ping_status":"closed","template":"","meta":{"_et_pb_use_builder":"","_et_pb_old_content":"","_et_gb_content_width":""},"product_brand":[],"product_cat":[511,510,544,512],"product_tag":[561],"class_list":{"0":"post-2431","1":"product","2":"type-product","3":"status-publish","4":"has-post-thumbnail","6":"product_cat-edelstahlwannen-fur-stalle","7":"product_cat-tranken","8":"product_cat-tranken-2","9":"product_cat-ventile-und-schwimmer","10":"product_tag-far19pvc","12":"first","13":"instock","14":"shipping-taxable","15":"product-type-simple"},"yoast_head":"<!-- This site is optimized with the Yoast SEO Premium plugin v27.5 (Yoast SEO v27.5) - https:\/\/yoast.com\/product\/yoast-seo-premium-wordpress\/ -->\n<title>Schwimmerventil f\u00fcr Tr\u00e4nken mit Kugel FAR19PVC<\/title>\n<meta name=\"description\" content=\"Erg\u00e4nzen Sie Ihr Wassersystem um das Schwimmerventil FAR19PVC f\u00fcr Tr\u00e4nken. Halten Sie den Wasserstand ganz einfach immer konstant!\" \/>\n<meta name=\"robots\" content=\"index, follow, max-snippet:-1, max-image-preview:large, max-video-preview:-1\" \/>\n<link rel=\"canonical\" href=\"https:\/\/fdasrl.it\/de\/prodotto\/schwimmerventil-fuer-traenken-dn20-g3-4-aus-kunststoff-mit-hoher-durchflussrate\/\" \/>\n<meta property=\"og:locale\" content=\"de_DE\" \/>\n<meta property=\"og:type\" content=\"article\" \/>\n<meta property=\"og:title\" content=\"Schwimmerventil f\u00fcr Tr\u00e4nken DN20 G3\/4&quot; aus Kunststoff mit hoher Durchflussrate\" \/>\n<meta property=\"og:description\" content=\"Erg\u00e4nzen Sie Ihr Wassersystem um das Schwimmerventil FAR19PVC f\u00fcr Tr\u00e4nken. Halten Sie den Wasserstand ganz einfach immer konstant!\" \/>\n<meta property=\"og:url\" content=\"https:\/\/fdasrl.it\/de\/prodotto\/schwimmerventil-fuer-traenken-dn20-g3-4-aus-kunststoff-mit-hoher-durchflussrate\/\" \/>\n<meta property=\"og:site_name\" content=\"FDA srl\" \/>\n<meta property=\"article:publisher\" content=\"https:\/\/www.facebook.com\/share\/1MWhFWg1Tp\/?mibextid=LQQJ4d\" \/>\n<meta property=\"og:image\" content=\"https:\/\/fdasrl.it\/wp-content\/uploads\/2026\/03\/Galleggiante-per-abbeveratoio-con-sfera-FAR19PVC-1.jpg\" \/>\n\t<meta property=\"og:image:width\" content=\"1500\" \/>\n\t<meta property=\"og:image:height\" content=\"1178\" \/>\n\t<meta property=\"og:image:type\" content=\"image\/jpeg\" \/>\n<meta name=\"twitter:card\" content=\"summary_large_image\" \/>\n<meta name=\"twitter:label1\" content=\"Preis\" \/>\n\t<meta name=\"twitter:data1\" content=\"\" \/>\n\t<meta name=\"twitter:label2\" content=\"Verf\u00fcgbarkeit\" \/>\n\t<meta name=\"twitter:data2\" content=\"Auf Lager\" \/>\n<meta property=\"product:price:currency\" content=\"EUR\" \/>\n<meta property=\"og:availability\" content=\"instock\" \/>\n<meta property=\"product:availability\" content=\"instock\" \/>\n<meta property=\"product:retailer_item_id\" content=\"FAR19PVC\" \/>\n<meta property=\"product:condition\" content=\"new\" \/>\n<!-- \/ Yoast SEO Premium plugin. -->","yoast_head_json":{"title":"Schwimmerventil f\u00fcr Tr\u00e4nken mit Kugel FAR19PVC","description":"Erg\u00e4nzen Sie Ihr Wassersystem um das Schwimmerventil FAR19PVC f\u00fcr Tr\u00e4nken. Halten Sie den Wasserstand ganz einfach immer konstant!","robots":{"index":"index","follow":"follow","max-snippet":"max-snippet:-1","max-image-preview":"max-image-preview:large","max-video-preview":"max-video-preview:-1"},"canonical":"https:\/\/fdasrl.it\/de\/prodotto\/schwimmerventil-fuer-traenken-dn20-g3-4-aus-kunststoff-mit-hoher-durchflussrate\/","og_locale":"de_DE","og_type":"article","og_title":"Schwimmerventil f\u00fcr Tr\u00e4nken DN20 G3\/4\" aus Kunststoff mit hoher Durchflussrate","og_description":"Erg\u00e4nzen Sie Ihr Wassersystem um das Schwimmerventil FAR19PVC f\u00fcr Tr\u00e4nken. Halten Sie den Wasserstand ganz einfach immer konstant!","og_url":"https:\/\/fdasrl.it\/de\/prodotto\/schwimmerventil-fuer-traenken-dn20-g3-4-aus-kunststoff-mit-hoher-durchflussrate\/","og_site_name":"FDA srl","article_publisher":"https:\/\/www.facebook.com\/share\/1MWhFWg1Tp\/?mibextid=LQQJ4d","og_image":[{"width":1500,"height":1178,"url":"https:\/\/fdasrl.it\/wp-content\/uploads\/2026\/03\/Galleggiante-per-abbeveratoio-con-sfera-FAR19PVC-1.jpg","type":"image\/jpeg"}],"twitter_card":"summary_large_image","twitter_misc":{"Preis":"","Verf\u00fcgbarkeit":"Auf Lager"},"schema":{"@context":"https:\/\/schema.org","@graph":[{"@type":"WebPage","@id":"https:\/\/fdasrl.it\/de\/prodotto\/schwimmerventil-fuer-traenken-dn20-g3-4-aus-kunststoff-mit-hoher-durchflussrate\/","url":"https:\/\/fdasrl.it\/de\/prodotto\/schwimmerventil-fuer-traenken-dn20-g3-4-aus-kunststoff-mit-hoher-durchflussrate\/","name":"Schwimmerventil f\u00fcr Tr\u00e4nken mit Kugel FAR19PVC","isPartOf":{"@id":"https:\/\/fdasrl.it\/de\/#website"},"primaryImageOfPage":{"@id":"https:\/\/fdasrl.it\/de\/prodotto\/schwimmerventil-fuer-traenken-dn20-g3-4-aus-kunststoff-mit-hoher-durchflussrate\/#primaryimage"},"image":{"@id":"https:\/\/fdasrl.it\/de\/prodotto\/schwimmerventil-fuer-traenken-dn20-g3-4-aus-kunststoff-mit-hoher-durchflussrate\/#primaryimage"},"thumbnailUrl":"https:\/\/fdasrl.it\/wp-content\/uploads\/2026\/03\/Galleggiante-per-abbeveratoio-con-sfera-FAR19PVC-1.jpg","datePublished":"2026-03-11T10:35:20+00:00","description":"Erg\u00e4nzen Sie Ihr Wassersystem um das Schwimmerventil FAR19PVC f\u00fcr Tr\u00e4nken. Halten Sie den Wasserstand ganz einfach immer konstant!","breadcrumb":{"@id":"https:\/\/fdasrl.it\/de\/prodotto\/schwimmerventil-fuer-traenken-dn20-g3-4-aus-kunststoff-mit-hoher-durchflussrate\/#breadcrumb"},"inLanguage":"de","potentialAction":[{"@type":"ReadAction","target":["https:\/\/fdasrl.it\/de\/prodotto\/schwimmerventil-fuer-traenken-dn20-g3-4-aus-kunststoff-mit-hoher-durchflussrate\/"]}]},{"@type":"ImageObject","inLanguage":"de","@id":"https:\/\/fdasrl.it\/de\/prodotto\/schwimmerventil-fuer-traenken-dn20-g3-4-aus-kunststoff-mit-hoher-durchflussrate\/#primaryimage","url":"https:\/\/fdasrl.it\/wp-content\/uploads\/2026\/03\/Galleggiante-per-abbeveratoio-con-sfera-FAR19PVC-1.jpg","contentUrl":"https:\/\/fdasrl.it\/wp-content\/uploads\/2026\/03\/Galleggiante-per-abbeveratoio-con-sfera-FAR19PVC-1.jpg","width":1500,"height":1178},{"@type":"BreadcrumbList","@id":"https:\/\/fdasrl.it\/de\/prodotto\/schwimmerventil-fuer-traenken-dn20-g3-4-aus-kunststoff-mit-hoher-durchflussrate\/#breadcrumb","itemListElement":[{"@type":"ListItem","position":1,"name":"Home","item":"https:\/\/fdasrl.it\/de\/startseite\/"},{"@type":"ListItem","position":2,"name":"Shop","item":"https:\/\/fdasrl.it\/de\/shop\/"},{"@type":"ListItem","position":3,"name":"Schwimmerventil f\u00fcr Tr\u00e4nken DN20 G3\/4&#8243; aus Kunststoff mit hoher Durchflussrate"}]},{"@type":"WebSite","@id":"https:\/\/fdasrl.it\/de\/#website","url":"https:\/\/fdasrl.it\/de\/","name":"FDA srl","description":"Equipment for animal husbandry","publisher":{"@id":"https:\/\/fdasrl.it\/de\/#organization"},"potentialAction":[{"@type":"SearchAction","target":{"@type":"EntryPoint","urlTemplate":"https:\/\/fdasrl.it\/de\/?s={search_term_string}"},"query-input":{"@type":"PropertyValueSpecification","valueRequired":true,"valueName":"search_term_string"}}],"inLanguage":"de"},{"@type":"Organization","@id":"https:\/\/fdasrl.it\/de\/#organization","name":"FDA srl","url":"https:\/\/fdasrl.it\/de\/","logo":{"@type":"ImageObject","inLanguage":"de","@id":"https:\/\/fdasrl.it\/de\/#\/schema\/logo\/image\/","url":"https:\/\/fdasrl.it\/wp-content\/uploads\/2024\/12\/Logo-FDA.png","contentUrl":"https:\/\/fdasrl.it\/wp-content\/uploads\/2024\/12\/Logo-FDA.png","width":316,"height":119,"caption":"FDA srl"},"image":{"@id":"https:\/\/fdasrl.it\/de\/#\/schema\/logo\/image\/"},"sameAs":["https:\/\/www.facebook.com\/share\/1MWhFWg1Tp\/?mibextid=LQQJ4d","https:\/\/www.instagram.com\/fda_srl\/profilecard\/?igsh=YW5lbzJ6MWg0d21u","https:\/\/www.youtube.com\/@FDASRL_ANIMALCARE"],"description":"FDA SRL \u2013 Equipment for animal husbandry nasce con l\u2019obiettivo di offrire soluzioni affidabili e innovative per l\u2019allevamento moderno. Con anni di esperienza nel settore zootecnico, progettiamo e realizziamo attrezzature destinate al benessere animale e alla gestione efficiente delle stalle: vasche, abbeveratoi, mangiatoie e sistemi di riscaldamento pensati per durare nel tempo e semplificare il lavoro quotidiano degli allevatori. Dalla progettazione alla produzione, ogni nostro prodotto \u00e8 studiato nei minimi dettagli, testato con cura e costruito per rispondere alle esigenze reali del settore. La nostra forza \u00e8 unire artigianalit\u00e0, tecnologia e competenza tecnica per trasformare ogni progetto in una soluzione concreta e funzionale. Oggi FDA SRL \u00e8 un punto di riferimento per privati e rivenditori che cercano qualit\u00e0, affidabilit\u00e0 e innovazione nelle attrezzature per l\u2019allevamento.","email":"info@fdasrl.it","telephone":"+390522826820","legalName":"F.D.A. SRL","foundingDate":"2024-10-13","vatID":"03075840359","taxID":"03075840359","numberOfEmployees":{"@type":"QuantitativeValue","minValue":"1","maxValue":"10"}}]},"product_price_currency":"EUR","og_availability":"instock","product_availability":"instock","product_retailer_item_id":"FAR19PVC","product_condition":"new"},"_links":{"self":[{"href":"https:\/\/fdasrl.it\/de\/wp-json\/wp\/v2\/product\/2431","targetHints":{"allow":["GET"]}}],"collection":[{"href":"https:\/\/fdasrl.it\/de\/wp-json\/wp\/v2\/product"}],"about":[{"href":"https:\/\/fdasrl.it\/de\/wp-json\/wp\/v2\/types\/product"}],"replies":[{"embeddable":true,"href":"https:\/\/fdasrl.it\/de\/wp-json\/wp\/v2\/comments?post=2431"}],"wp:featuredmedia":[{"embeddable":true,"href":"https:\/\/fdasrl.it\/de\/wp-json\/wp\/v2\/media\/1226"}],"wp:attachment":[{"href":"https:\/\/fdasrl.it\/de\/wp-json\/wp\/v2\/media?parent=2431"}],"wp:term":[{"taxonomy":"product_brand","embeddable":true,"href":"https:\/\/fdasrl.it\/de\/wp-json\/wp\/v2\/product_brand?post=2431"},{"taxonomy":"product_cat","embeddable":true,"href":"https:\/\/fdasrl.it\/de\/wp-json\/wp\/v2\/product_cat?post=2431"},{"taxonomy":"product_tag","embeddable":true,"href":"https:\/\/fdasrl.it\/de\/wp-json\/wp\/v2\/product_tag?post=2431"}],"curies":[{"name":"wp","href":"https:\/\/api.w.org\/{rel}","templated":true}]}}