{"id":2513,"date":"2026-03-10T09:04:32","date_gmt":"2026-03-10T08:04:32","guid":{"rendered":"https:\/\/fdasrl.it\/prodotto\/gusseisen-selbsttraenke-fa-be-max-mit-verstaerktem-fda-pendel-fuer-rinder-und-pferde-5-liter-becken\/"},"modified":"2026-03-10T09:04:32","modified_gmt":"2026-03-10T08:04:32","slug":"gusseisen-selbsttraenke-fa-be-max-mit-verstaerktem-fda-pendel-fuer-rinder-und-pferde-5-liter-becken","status":"publish","type":"product","link":"https:\/\/fdasrl.it\/de\/prodotto\/gusseisen-selbsttraenke-fa-be-max-mit-verstaerktem-fda-pendel-fuer-rinder-und-pferde-5-liter-becken\/","title":{"rendered":"Gusseisen-Selbsttr\u00e4nke FA-BE MAX mit verst\u00e4rktem FDA-Pendel f\u00fcr Rinder und Pferde \u2013 5-Liter-Becken"},"content":{"rendered":"<h2 data-section-id=\"1y7oiug\" data-start=\"163\" data-end=\"268\">\ud83d\udc04 Gusseisen-Selbsttr\u00e4nke FA-BE MAX mit verst\u00e4rktem FDA-Pendel f\u00fcr Rinder und Pferde \u2013 5-Liter-Becken<\/h2>\n<p data-start=\"270\" data-end=\"599\">Die <strong data-start=\"272\" data-end=\"334\">Gusseisen-Selbsttr\u00e4nke FA-BE MAX mit verst\u00e4rktem FDA-Pendel<\/strong> ist f\u00fcr Rinder und Pferde in Anbindehaltung konzipiert. Dank der Gusseisenstruktur mit <strong data-start=\"426\" data-end=\"470\">Korrosionsschutz durch KATA-Beschichtung<\/strong> garantiert sie hohe Rostbest\u00e4ndigkeit, lange Lebensdauer und maximale Zuverl\u00e4ssigkeit selbst in anspruchsvollsten Stallumgebungen. <\/p>\n<p data-start=\"601\" data-end=\"802\">Zudem ist diese <strong data-start=\"617\" data-end=\"665\">5-Liter-Tr\u00e4nke f\u00fcr Rinder und Pferde<\/strong> besonders f\u00fcr professionelle Betriebe geeignet, die Robustheit, hohe Wasserdurchflussrate und einfache Installation erfordern.<\/p>\n<p data-start=\"804\" data-end=\"1186\">Im Vergleich zum Standardmodell FA-BE verf\u00fcgt die Version <strong data-start=\"852\" data-end=\"906\">MAX \u00fcber ein vergr\u00f6\u00dfertes 5-Liter-Becken<\/strong>; folglich stellt sie eine gr\u00f6\u00dfere Wasserverf\u00fcgbarkeit f\u00fcr die Tiere sicher. Gleichzeitig ist die Tr\u00e4nke mit einem <strong data-start=\"1031\" data-end=\"1070\">Hochfluss-Druckventil<\/strong> und einem <strong data-start=\"1076\" data-end=\"1102\">verst\u00e4rkten FDA-Pendel<\/strong> ausgestattet, das speziell f\u00fcr den intensiven Einsatz in St\u00e4llen entwickelt wurde. <\/p>\n<p data-start=\"1188\" data-end=\"1534\">Was die Installation betrifft, kann die Tr\u00e4nke <strong data-start=\"1251\" data-end=\"1284\">direkt an der Wand befestigt<\/strong> werden. Alternativ kann sie mit dem entsprechenden <strong data-start=\"1359\" data-end=\"1443\">Befestigungsset bestehend aus 2 Klemmen (Art.-Nr. FAC0017) mit Edelstahlschrauben<\/strong> <strong data-start=\"1313\" data-end=\"1335\">an Rohren installiert<\/strong> werden. So l\u00e4sst sie sich leicht an verschiedene Stallkonfigurationen anpassen.  <\/p>\n<p data-start=\"295\" data-end=\"490\">Diese <strong data-start=\"302\" data-end=\"359\">5-Liter-Gusseisen-Tr\u00e4nke f\u00fcr Rinder und Pferde<\/strong> ist auf Zuverl\u00e4ssigkeit und Langlebigkeit in professionellen Zuchtbetrieben ausgelegt. Insbesondere bietet sie folgende betriebliche Vorteile: <\/p>\n<ul data-start=\"492\" data-end=\"874\">\n<li data-section-id=\"1l5zpv\" data-start=\"492\" data-end=\"570\">\n<p data-start=\"494\" data-end=\"570\"><strong data-start=\"494\" data-end=\"529\">Vergr\u00f6\u00dfertes 5-Liter-Becken<\/strong> f\u00fcr h\u00f6here Wasserverf\u00fcgbarkeit<\/p>\n<\/li>\n<li data-section-id=\"14hu1d\" data-start=\"571\" data-end=\"646\">\n<p data-start=\"573\" data-end=\"646\"><strong data-start=\"573\" data-end=\"615\">Verst\u00e4rktes FDA FAR17 Pendelventil<\/strong>, widerstandsf\u00e4hig bei intensivem Gebrauch <a href=\"https:\/\/fdasrl.it\/prodotto\/valvola-a-pendolo-far17-per-abbeveratoi\/\">(f\u00fcr weitere Infos hier klicken)<\/a><\/p>\n<\/li>\n<li data-section-id=\"1njywgi\" data-start=\"647\" data-end=\"720\">\n<p data-start=\"649\" data-end=\"720\"><strong data-start=\"649\" data-end=\"692\">Wasserdurchfluss bis zu 20 l\/min bei 3 bar<\/strong> f\u00fcr schnelle Bef\u00fcllung<\/p>\n<\/li>\n<li data-section-id=\"lz6viv\" data-start=\"721\" data-end=\"801\">\n<p data-start=\"723\" data-end=\"801\"><strong data-start=\"723\" data-end=\"776\">Gusseisenstruktur mit Korrosionsschutzbehandlung<\/strong> f\u00fcr Stallumgebungen<\/p>\n<\/li>\n<li data-section-id=\"1ywa03g\" data-start=\"802\" data-end=\"874\">\n<p data-start=\"804\" data-end=\"874\"><strong data-start=\"804\" data-end=\"832\">Flexible Installation<\/strong> an der Wand oder am Rohr mit Set FAC0017<\/p>\n<\/li>\n<\/ul>\n<hr data-start=\"1536\" data-end=\"1539\">\n<h2 data-section-id=\"og5zk7\" data-start=\"1541\" data-end=\"1571\">\u2699\ufe0f Technische Eigenschaften<\/h2>\n<p data-start=\"1573\" data-end=\"1597\"><strong data-start=\"1573\" data-end=\"1585\">Modell:<\/strong> FA-BE MAX<\/p>\n<p data-start=\"1599\" data-end=\"1677\"><strong data-start=\"1599\" data-end=\"1613\">Material:<\/strong> Lackiertes Gusseisen mit Korrosionsschutz durch KATA-Beschichtung<\/p>\n<p data-start=\"1679\" data-end=\"1729\"><strong data-start=\"1679\" data-end=\"1691\">Ventil:<\/strong> Hochfluss-Druckventil<\/p>\n<p data-start=\"1731\" data-end=\"1793\"><strong data-start=\"1731\" data-end=\"1752\">Aktivierungsart:<\/strong> Verst\u00e4rktes FDA FAR17 Pendelventil<\/p>\n<p data-start=\"1795\" data-end=\"1847\"><strong data-start=\"1795\" data-end=\"1813\">Wasserdurchfluss:<\/strong> 20 l\/min bei 3 bar Druck<\/p>\n<p data-start=\"1849\" data-end=\"1888\"><strong data-start=\"1849\" data-end=\"1876\">Betriebsdruck:<\/strong> 0 \u2013 5 atm<\/p>\n<p data-start=\"1890\" data-end=\"1923\"><strong data-start=\"1890\" data-end=\"1913\">Beckenkapazit\u00e4t:<\/strong> 5 Liter<\/p>\n<p data-start=\"1925\" data-end=\"2005\"><strong data-start=\"1925\" data-end=\"1949\">Wasseranschluss:<\/strong> 1\/2\u2033-Anschluss mit Wasserzulauf von oben oder unten<\/p>\n<p data-start=\"2007\" data-end=\"2062\"><strong data-start=\"2007\" data-end=\"2022\">Abmessungen:<\/strong><br data-start=\"2022\" data-end=\"2025\">L\u00e4nge 305 mm<br data-start=\"2041\" data-end=\"2044\">Breite 240 mm<\/p>\n<p data-start=\"2064\" data-end=\"2082\"><strong data-start=\"2064\" data-end=\"2073\">Gewicht:<\/strong> 9,5 kg<\/p>\n<p data-start=\"2084\" data-end=\"2187\"><strong data-start=\"2084\" data-end=\"2102\">Installation:<\/strong><br data-start=\"2102\" data-end=\"2105\">Wandbefestigung oder Rohrbefestigung mit <strong data-start=\"2143\" data-end=\"2187\">Set FAC0017 (2 B\u00fcgel + Edelstahlschrauben)<\/strong><\/p>\n<hr data-start=\"2189\" data-end=\"2192\">\n<h2 data-section-id=\"50c332\" data-start=\"2194\" data-end=\"2218\">\u2705 Hauptvorteile<\/h2>\n<p data-start=\"2220\" data-end=\"2684\">\u2714 <strong data-start=\"2222\" data-end=\"2266\">Korrosionsschutz durch KATA-Beschichtung<\/strong> f\u00fcr l\u00e4ngere Haltbarkeit<br data-start=\"2300\" data-end=\"2303\">\u2714 <strong data-start=\"2305\" data-end=\"2340\">Vergr\u00f6\u00dfertes 5-Liter-Becken<\/strong> f\u00fcr mehr verf\u00fcgbares Wasser<br data-start=\"2378\" data-end=\"2381\">\u2714 <strong data-start=\"2383\" data-end=\"2409\">Verst\u00e4rktes FDA-Pendel<\/strong>, konzipiert f\u00fcr intensiven Gebrauch<br data-start=\"2442\" data-end=\"2445\">\u2714 <strong data-start=\"2447\" data-end=\"2485\">Hochflussventil (20 l\/min)<\/strong> f\u00fcr schnellen und konstanten Wasserfluss<br data-start=\"2535\" data-end=\"2538\">\u2714 <strong data-start=\"2540\" data-end=\"2570\">Robuste Gusseisenstruktur<\/strong>, ideal f\u00fcr Stallumgebungen<br data-start=\"2601\" data-end=\"2604\">\u2714 <strong data-start=\"2606\" data-end=\"2633\">Vielseitige Installation<\/strong> dank Wasserzulauf von oben oder unten<\/p>\n<hr data-start=\"1836\" data-end=\"1839\">\n<p>\ud83d\udc49 H\u00e4ndlerpreis anfragen: <a href=\"mailto:info@fdasrl.it\">HIER KLICKEN<\/a><\/p>\n<p>\ud83d\udc49 Online kaufen: <a href=\"https:\/\/fda-shop.it\/shop\/articoli-per-allevamento\/abbeveratoi\/abbeveratoio-in-ghisa-fa-be-max-con-pendolo-rinforzato-fda-per-bovini-ed-equini-vaschetta-5-litri#\/299-tipo_di_fissaggio_-a_muro\">HIER KLICKEN<\/a><\/p>\n","protected":false},"excerpt":{"rendered":"<p>Gusseisen-Selbsttr\u00e4nke FA-BE MAX mit verst\u00e4rktem FDA-Pendel, ideal f\u00fcr Rinder und Pferde in Anbindehaltung. Vergr\u00f6\u00dfertes 5-Liter-Becken mit Hochfluss-Druckventil (20 l\/min bei 3 bar). Wasserzulauf oben oder unten mit 1\/2\u2033-Anschluss. Wand- oder Rohrmontage.   <\/p>\n","protected":false},"featured_media":1212,"comment_status":"open","ping_status":"closed","template":"","meta":{"_et_pb_use_builder":"","_et_pb_old_content":"","_et_gb_content_width":""},"product_brand":[],"product_cat":[578,409,544,510],"product_tag":[579],"class_list":{"0":"post-2513","1":"product","2":"type-product","3":"status-publish","4":"has-post-thumbnail","6":"product_cat-pferde","7":"product_cat-rinder","8":"product_cat-tranken-2","9":"product_cat-tranken","10":"product_tag-fa-be-max","12":"first","13":"instock","14":"shipping-taxable","15":"product-type-simple"},"yoast_head":"<!-- This site is optimized with the Yoast SEO Premium plugin v27.5 (Yoast SEO v27.5) - https:\/\/yoast.com\/product\/yoast-seo-premium-wordpress\/ -->\n<title>Gusseisen-Tr\u00e4nke f\u00fcr Rinder und Pferde, 5 Liter, f\u00fcr jeden Stall<\/title>\n<meta name=\"description\" content=\"Sichern Sie frisches und reichlich vorhandenes Wasser mit unserer 5-Liter-Gusseisen-Tr\u00e4nke f\u00fcr Rinder und Pferde! Die beste Wahl f\u00fcr das Tierwohl. \ud83d\udca7\" \/>\n<meta name=\"robots\" content=\"index, follow, max-snippet:-1, max-image-preview:large, max-video-preview:-1\" \/>\n<link rel=\"canonical\" href=\"https:\/\/fdasrl.it\/de\/prodotto\/gusseisen-selbsttraenke-fa-be-max-mit-verstaerktem-fda-pendel-fuer-rinder-und-pferde-5-liter-becken\/\" \/>\n<meta property=\"og:locale\" content=\"de_DE\" \/>\n<meta property=\"og:type\" content=\"article\" \/>\n<meta property=\"og:title\" content=\"Gusseisen-Selbsttr\u00e4nke FA-BE MAX mit verst\u00e4rktem FDA-Pendel f\u00fcr Rinder und Pferde \u2013 5-Liter-Becken\" \/>\n<meta property=\"og:description\" content=\"Sichern Sie frisches und reichlich vorhandenes Wasser mit unserer 5-Liter-Gusseisen-Tr\u00e4nke f\u00fcr Rinder und Pferde! Die beste Wahl f\u00fcr das Tierwohl. \ud83d\udca7\" \/>\n<meta property=\"og:url\" content=\"https:\/\/fdasrl.it\/de\/prodotto\/gusseisen-selbsttraenke-fa-be-max-mit-verstaerktem-fda-pendel-fuer-rinder-und-pferde-5-liter-becken\/\" \/>\n<meta property=\"og:site_name\" content=\"FDA srl\" \/>\n<meta property=\"article:publisher\" content=\"https:\/\/www.facebook.com\/share\/1MWhFWg1Tp\/?mibextid=LQQJ4d\" \/>\n<meta property=\"og:image\" content=\"https:\/\/fdasrl.it\/wp-content\/uploads\/2026\/03\/FABE-max-abbeveratoi-elevata-capienza-FDA-1.webp\" \/>\n\t<meta property=\"og:image:width\" content=\"1884\" \/>\n\t<meta property=\"og:image:height\" content=\"2048\" \/>\n\t<meta property=\"og:image:type\" content=\"image\/webp\" \/>\n<meta name=\"twitter:card\" content=\"summary_large_image\" \/>\n<meta name=\"twitter:label1\" content=\"Preis\" \/>\n\t<meta name=\"twitter:data1\" content=\"\" \/>\n\t<meta name=\"twitter:label2\" content=\"Verf\u00fcgbarkeit\" \/>\n\t<meta name=\"twitter:data2\" content=\"Auf Lager\" \/>\n<meta property=\"product:price:currency\" content=\"EUR\" \/>\n<meta property=\"og:availability\" content=\"instock\" \/>\n<meta property=\"product:availability\" content=\"instock\" \/>\n<meta property=\"product:retailer_item_id\" content=\"FA-BE MAX\" \/>\n<meta property=\"product:condition\" content=\"new\" \/>\n<!-- \/ Yoast SEO Premium plugin. -->","yoast_head_json":{"title":"Gusseisen-Tr\u00e4nke f\u00fcr Rinder und Pferde, 5 Liter, f\u00fcr jeden Stall","description":"Sichern Sie frisches und reichlich vorhandenes Wasser mit unserer 5-Liter-Gusseisen-Tr\u00e4nke f\u00fcr Rinder und Pferde! Die beste Wahl f\u00fcr das Tierwohl. \ud83d\udca7","robots":{"index":"index","follow":"follow","max-snippet":"max-snippet:-1","max-image-preview":"max-image-preview:large","max-video-preview":"max-video-preview:-1"},"canonical":"https:\/\/fdasrl.it\/de\/prodotto\/gusseisen-selbsttraenke-fa-be-max-mit-verstaerktem-fda-pendel-fuer-rinder-und-pferde-5-liter-becken\/","og_locale":"de_DE","og_type":"article","og_title":"Gusseisen-Selbsttr\u00e4nke FA-BE MAX mit verst\u00e4rktem FDA-Pendel f\u00fcr Rinder und Pferde \u2013 5-Liter-Becken","og_description":"Sichern Sie frisches und reichlich vorhandenes Wasser mit unserer 5-Liter-Gusseisen-Tr\u00e4nke f\u00fcr Rinder und Pferde! Die beste Wahl f\u00fcr das Tierwohl. \ud83d\udca7","og_url":"https:\/\/fdasrl.it\/de\/prodotto\/gusseisen-selbsttraenke-fa-be-max-mit-verstaerktem-fda-pendel-fuer-rinder-und-pferde-5-liter-becken\/","og_site_name":"FDA srl","article_publisher":"https:\/\/www.facebook.com\/share\/1MWhFWg1Tp\/?mibextid=LQQJ4d","og_image":[{"width":1884,"height":2048,"url":"https:\/\/fdasrl.it\/wp-content\/uploads\/2026\/03\/FABE-max-abbeveratoi-elevata-capienza-FDA-1.webp","type":"image\/webp"}],"twitter_card":"summary_large_image","twitter_misc":{"Preis":"","Verf\u00fcgbarkeit":"Auf Lager"},"schema":{"@context":"https:\/\/schema.org","@graph":[{"@type":"WebPage","@id":"https:\/\/fdasrl.it\/de\/prodotto\/gusseisen-selbsttraenke-fa-be-max-mit-verstaerktem-fda-pendel-fuer-rinder-und-pferde-5-liter-becken\/","url":"https:\/\/fdasrl.it\/de\/prodotto\/gusseisen-selbsttraenke-fa-be-max-mit-verstaerktem-fda-pendel-fuer-rinder-und-pferde-5-liter-becken\/","name":"Gusseisen-Tr\u00e4nke f\u00fcr Rinder und Pferde, 5 Liter, f\u00fcr jeden Stall","isPartOf":{"@id":"https:\/\/fdasrl.it\/de\/#website"},"primaryImageOfPage":{"@id":"https:\/\/fdasrl.it\/de\/prodotto\/gusseisen-selbsttraenke-fa-be-max-mit-verstaerktem-fda-pendel-fuer-rinder-und-pferde-5-liter-becken\/#primaryimage"},"image":{"@id":"https:\/\/fdasrl.it\/de\/prodotto\/gusseisen-selbsttraenke-fa-be-max-mit-verstaerktem-fda-pendel-fuer-rinder-und-pferde-5-liter-becken\/#primaryimage"},"thumbnailUrl":"https:\/\/fdasrl.it\/wp-content\/uploads\/2026\/03\/FABE-max-abbeveratoi-elevata-capienza-FDA-1.webp","datePublished":"2026-03-10T08:04:32+00:00","description":"Sichern Sie frisches und reichlich vorhandenes Wasser mit unserer 5-Liter-Gusseisen-Tr\u00e4nke f\u00fcr Rinder und Pferde! Die beste Wahl f\u00fcr das Tierwohl. \ud83d\udca7","breadcrumb":{"@id":"https:\/\/fdasrl.it\/de\/prodotto\/gusseisen-selbsttraenke-fa-be-max-mit-verstaerktem-fda-pendel-fuer-rinder-und-pferde-5-liter-becken\/#breadcrumb"},"inLanguage":"de","potentialAction":[{"@type":"ReadAction","target":["https:\/\/fdasrl.it\/de\/prodotto\/gusseisen-selbsttraenke-fa-be-max-mit-verstaerktem-fda-pendel-fuer-rinder-und-pferde-5-liter-becken\/"]}]},{"@type":"ImageObject","inLanguage":"de","@id":"https:\/\/fdasrl.it\/de\/prodotto\/gusseisen-selbsttraenke-fa-be-max-mit-verstaerktem-fda-pendel-fuer-rinder-und-pferde-5-liter-becken\/#primaryimage","url":"https:\/\/fdasrl.it\/wp-content\/uploads\/2026\/03\/FABE-max-abbeveratoi-elevata-capienza-FDA-1.webp","contentUrl":"https:\/\/fdasrl.it\/wp-content\/uploads\/2026\/03\/FABE-max-abbeveratoi-elevata-capienza-FDA-1.webp","width":1884,"height":2048,"caption":"Gusseisen-Tr\u00e4nke mit hoher Kapazit\u00e4t, ideal f\u00fcr Rinder, Pferde und Intensivhaltung."},{"@type":"BreadcrumbList","@id":"https:\/\/fdasrl.it\/de\/prodotto\/gusseisen-selbsttraenke-fa-be-max-mit-verstaerktem-fda-pendel-fuer-rinder-und-pferde-5-liter-becken\/#breadcrumb","itemListElement":[{"@type":"ListItem","position":1,"name":"Home","item":"https:\/\/fdasrl.it\/de\/startseite\/"},{"@type":"ListItem","position":2,"name":"Shop","item":"https:\/\/fdasrl.it\/de\/shop\/"},{"@type":"ListItem","position":3,"name":"Gusseisen-Selbsttr\u00e4nke FA-BE MAX mit verst\u00e4rktem FDA-Pendel f\u00fcr Rinder und Pferde \u2013 5-Liter-Becken"}]},{"@type":"WebSite","@id":"https:\/\/fdasrl.it\/de\/#website","url":"https:\/\/fdasrl.it\/de\/","name":"FDA srl","description":"Equipment for animal husbandry","publisher":{"@id":"https:\/\/fdasrl.it\/de\/#organization"},"potentialAction":[{"@type":"SearchAction","target":{"@type":"EntryPoint","urlTemplate":"https:\/\/fdasrl.it\/de\/?s={search_term_string}"},"query-input":{"@type":"PropertyValueSpecification","valueRequired":true,"valueName":"search_term_string"}}],"inLanguage":"de"},{"@type":"Organization","@id":"https:\/\/fdasrl.it\/de\/#organization","name":"FDA srl","url":"https:\/\/fdasrl.it\/de\/","logo":{"@type":"ImageObject","inLanguage":"de","@id":"https:\/\/fdasrl.it\/de\/#\/schema\/logo\/image\/","url":"https:\/\/fdasrl.it\/wp-content\/uploads\/2024\/12\/Logo-FDA.png","contentUrl":"https:\/\/fdasrl.it\/wp-content\/uploads\/2024\/12\/Logo-FDA.png","width":316,"height":119,"caption":"FDA srl"},"image":{"@id":"https:\/\/fdasrl.it\/de\/#\/schema\/logo\/image\/"},"sameAs":["https:\/\/www.facebook.com\/share\/1MWhFWg1Tp\/?mibextid=LQQJ4d","https:\/\/www.instagram.com\/fda_srl\/profilecard\/?igsh=YW5lbzJ6MWg0d21u","https:\/\/www.youtube.com\/@FDASRL_ANIMALCARE"],"description":"FDA SRL \u2013 Equipment for animal husbandry nasce con l\u2019obiettivo di offrire soluzioni affidabili e innovative per l\u2019allevamento moderno. Con anni di esperienza nel settore zootecnico, progettiamo e realizziamo attrezzature destinate al benessere animale e alla gestione efficiente delle stalle: vasche, abbeveratoi, mangiatoie e sistemi di riscaldamento pensati per durare nel tempo e semplificare il lavoro quotidiano degli allevatori. Dalla progettazione alla produzione, ogni nostro prodotto \u00e8 studiato nei minimi dettagli, testato con cura e costruito per rispondere alle esigenze reali del settore. La nostra forza \u00e8 unire artigianalit\u00e0, tecnologia e competenza tecnica per trasformare ogni progetto in una soluzione concreta e funzionale. Oggi FDA SRL \u00e8 un punto di riferimento per privati e rivenditori che cercano qualit\u00e0, affidabilit\u00e0 e innovazione nelle attrezzature per l\u2019allevamento.","email":"info@fdasrl.it","telephone":"+390522826820","legalName":"F.D.A. SRL","foundingDate":"2024-10-13","vatID":"03075840359","taxID":"03075840359","numberOfEmployees":{"@type":"QuantitativeValue","minValue":"1","maxValue":"10"}}]},"product_price_currency":"EUR","og_availability":"instock","product_availability":"instock","product_retailer_item_id":"FA-BE MAX","product_condition":"new"},"_links":{"self":[{"href":"https:\/\/fdasrl.it\/de\/wp-json\/wp\/v2\/product\/2513","targetHints":{"allow":["GET"]}}],"collection":[{"href":"https:\/\/fdasrl.it\/de\/wp-json\/wp\/v2\/product"}],"about":[{"href":"https:\/\/fdasrl.it\/de\/wp-json\/wp\/v2\/types\/product"}],"replies":[{"embeddable":true,"href":"https:\/\/fdasrl.it\/de\/wp-json\/wp\/v2\/comments?post=2513"}],"wp:featuredmedia":[{"embeddable":true,"href":"https:\/\/fdasrl.it\/de\/wp-json\/wp\/v2\/media\/1212"}],"wp:attachment":[{"href":"https:\/\/fdasrl.it\/de\/wp-json\/wp\/v2\/media?parent=2513"}],"wp:term":[{"taxonomy":"product_brand","embeddable":true,"href":"https:\/\/fdasrl.it\/de\/wp-json\/wp\/v2\/product_brand?post=2513"},{"taxonomy":"product_cat","embeddable":true,"href":"https:\/\/fdasrl.it\/de\/wp-json\/wp\/v2\/product_cat?post=2513"},{"taxonomy":"product_tag","embeddable":true,"href":"https:\/\/fdasrl.it\/de\/wp-json\/wp\/v2\/product_tag?post=2513"}],"curies":[{"name":"wp","href":"https:\/\/api.w.org\/{rel}","templated":true}]}}