{"id":2548,"date":"2026-03-10T14:05:36","date_gmt":"2026-03-10T13:05:36","guid":{"rendered":"https:\/\/fdasrl.it\/prodotto\/schwimmerventil-fuer-traenke-far19pvr-3-4-aus-abs-mit-vorfilter-und-pegelregulierung\/"},"modified":"2026-03-10T14:05:36","modified_gmt":"2026-03-10T13:05:36","slug":"schwimmerventil-fuer-traenke-far19pvr-3-4-aus-abs-mit-vorfilter-und-pegelregulierung","status":"publish","type":"product","link":"https:\/\/fdasrl.it\/de\/prodotto\/schwimmerventil-fuer-traenke-far19pvr-3-4-aus-abs-mit-vorfilter-und-pegelregulierung\/","title":{"rendered":"Schwimmerventil f\u00fcr Tr\u00e4nke FAR19PVR 3\/4&#8243; aus ABS mit Vorfilter und Pegelregulierung"},"content":{"rendered":"<h2 data-section-id=\"e0jt7x\" data-start=\"95\" data-end=\"184\">Schwimmerventil f\u00fcr Tr\u00e4nke FAR19PVR 3\/4&#8243; aus ABS mit Vorfilter und Pegelregulierung<\/h2>\n<p data-start=\"186\" data-end=\"405\">Das <strong data-start=\"189\" data-end=\"286\">Schwimmerventil f\u00fcr Tr\u00e4nke FAR19PVR mit Geh\u00e4use aus ABS und 3\/4&#8243; Au\u00dfengewinde<\/strong> ist f\u00fcr eine pr\u00e4zise und zuverl\u00e4ssige Kontrolle des Wasserstands in Tr\u00e4nken f\u00fcr die Tierhaltung konzipiert.<\/p>\n<p data-start=\"407\" data-end=\"720\">Dank der Konstruktion aus <strong data-start=\"432\" data-end=\"455\">hochwertigem ABS<\/strong> bietet dieses Schwimmerventil Korrosionsbest\u00e4ndigkeit und lange Lebensdauer auch bei intensiver Nutzung im Stall. Zudem ist es <strong data-start=\"591\" data-end=\"614\">mit einem Vorfilter ausgestattet<\/strong>, der eventuelle Verunreinigungen im Wasser zur\u00fcckh\u00e4lt und die Funktion des Ventils verbessert. <\/p>\n<p data-start=\"722\" data-end=\"893\">Das System erm\u00f6glicht <strong data-start=\"742\" data-end=\"783\">die Regulierung des Wasserstands<\/strong> und gew\u00e4hrleistet eine konstante Bef\u00fcllung der Tr\u00e4nke sowie eine kontinuierliche Wasserversorgung f\u00fcr die Tiere.<\/p>\n<hr data-start=\"895\" data-end=\"898\">\n<h2 data-section-id=\"og5zk7\" data-start=\"900\" data-end=\"930\">\u2699\ufe0f Technische Merkmale<\/h2>\n<p data-start=\"932\" data-end=\"1065\"><strong data-start=\"932\" data-end=\"952\">Produktcode:<\/strong> FAR19PVR<br data-start=\"961\" data-end=\"964\"><strong data-start=\"964\" data-end=\"978\">Material:<\/strong> Geh\u00e4use aus ABS<br data-start=\"991\" data-end=\"994\"><strong data-start=\"994\" data-end=\"1006\">Anschluss:<\/strong> 3\/4&#8243; Au\u00dfengewinde<br data-start=\"1031\" data-end=\"1034\"><strong data-start=\"1034\" data-end=\"1047\">Verwendung:<\/strong> F\u00fcr Tr\u00e4nken<\/p>\n<p data-start=\"1067\" data-end=\"1093\"><strong data-start=\"1067\" data-end=\"1081\">Vorfilter:<\/strong> Integriert<\/p>\n<p data-start=\"1095\" data-end=\"1130\"><strong data-start=\"1095\" data-end=\"1125\">Wasserstandsregulierung:<\/strong> Ja<\/p>\n<p data-start=\"1132\" data-end=\"1174\"><strong data-start=\"1132\" data-end=\"1159\">Betriebsdruck:<\/strong> 0,5 \u2013 12 bar<\/p>\n<p data-start=\"1176\" data-end=\"1214\"><strong data-start=\"1176\" data-end=\"1194\">Wasserdurchfluss:<\/strong> 180 L\/min bei 6 bar<\/p>\n<p data-start=\"1216\" data-end=\"1269\"><strong data-start=\"1216\" data-end=\"1252\">Mindestabstand f\u00fcr Installation:<\/strong> 299 mm nach oben<\/p>\n<hr data-start=\"1271\" data-end=\"1274\">\n<h2 data-section-id=\"50c332\" data-start=\"1276\" data-end=\"1300\">\u2705 Hauptvorteile<\/h2>\n<ul>\n<li data-section-id=\"19eg2ht\" data-start=\"29\" data-end=\"73\">\n<p data-start=\"32\" data-end=\"73\">Korrosionsbest\u00e4ndiges ABS-Geh\u00e4use<\/p>\n<\/li>\n<li data-section-id=\"1s3jga\" data-start=\"74\" data-end=\"122\">\n<p data-start=\"77\" data-end=\"122\">Integrierter Vorfilter zum Zur\u00fcckhalten von Verunreinigungen<\/p>\n<\/li>\n<li data-section-id=\"c242ck\" data-start=\"123\" data-end=\"181\">\n<p data-start=\"126\" data-end=\"181\">Einfache und pr\u00e4zise Wasserstandsregulierung<\/p>\n<\/li>\n<li data-section-id=\"5ibxc3\" data-start=\"182\" data-end=\"219\">\n<p data-start=\"185\" data-end=\"219\">Hoher Durchfluss bis zu 180 L\/min<\/p>\n<\/li>\n<li data-section-id=\"x61yrq\" data-start=\"220\" data-end=\"260\" data-is-last-node=\"\">\n<p data-start=\"223\" data-end=\"260\" data-is-last-node=\"\">Ideal f\u00fcr Tr\u00e4nken in der Tierhaltung<\/p>\n<\/li>\n<\/ul>\n<p>&nbsp;<\/p>\n<p>\ud83d\udc49 H\u00e4ndlerpreis anfragen: <a href=\"mailto:info@fdasrl.it\">HIER KLICKEN<\/a><\/p>\n<p>\ud83d\udc49 Online kaufen: <a href=\"https:\/\/fda-shop.it\/shop\/articoli-per-allevamento\/abbeveratoi\/ricambio-per-abbeveratoio-in-abs-da-3-4\">HIER KLICKEN<\/a><\/p>\n","protected":false},"excerpt":{"rendered":"<p>Schwimmerventil FAR19PVR f\u00fcr Tr\u00e4nke mit ABS-Geh\u00e4use und 3\/4&#8243; Au\u00dfengewinde. Mit Vorfilter und Wasserstandsregulierung ausgestattet. Durchfluss 180 L\/min bei 6 bar. Betriebsdruck von 0,5 bis 12 bar.   <\/p>\n","protected":false},"featured_media":1220,"comment_status":"open","ping_status":"closed","template":"","meta":{"_et_pb_use_builder":"","_et_pb_old_content":"","_et_gb_content_width":""},"product_brand":[],"product_cat":[511,544,510,512],"product_tag":[585],"class_list":{"0":"post-2548","1":"product","2":"type-product","3":"status-publish","4":"has-post-thumbnail","6":"product_cat-edelstahlwannen-fur-stalle","7":"product_cat-tranken-2","8":"product_cat-tranken","9":"product_cat-ventile-und-schwimmer","10":"product_tag-far19pvr","12":"first","13":"instock","14":"shipping-taxable","15":"product-type-simple"},"yoast_head":"<!-- This site is optimized with the Yoast SEO Premium plugin v27.5 (Yoast SEO v27.5) - https:\/\/yoast.com\/product\/yoast-seo-premium-wordpress\/ -->\n<title>Schwimmerventil f\u00fcr Tr\u00e4nke mit Kugel FAR19PVR in hoher Qualit\u00e4t<\/title>\n<meta name=\"description\" content=\"Entdecken Sie das Hochleistungs-Schwimmerventil FAR19PVR, entwickelt f\u00fcr pr\u00e4zise Wasserkontrolle in Tr\u00e4nken. W\u00e4hlen Sie Qualit\u00e4t und Langlebigkeit!\" \/>\n<meta name=\"robots\" content=\"index, follow, max-snippet:-1, max-image-preview:large, max-video-preview:-1\" \/>\n<link rel=\"canonical\" href=\"https:\/\/fdasrl.it\/de\/prodotto\/schwimmerventil-fuer-traenke-far19pvr-3-4-aus-abs-mit-vorfilter-und-pegelregulierung\/\" \/>\n<meta property=\"og:locale\" content=\"de_DE\" \/>\n<meta property=\"og:type\" content=\"article\" \/>\n<meta property=\"og:title\" content=\"Schwimmerventil f\u00fcr Tr\u00e4nke FAR19PVR 3\/4&quot; aus ABS mit Vorfilter und Pegelregulierung\" \/>\n<meta property=\"og:description\" content=\"Entdecken Sie das Hochleistungs-Schwimmerventil FAR19PVR, entwickelt f\u00fcr pr\u00e4zise Wasserkontrolle in Tr\u00e4nken. W\u00e4hlen Sie Qualit\u00e4t und Langlebigkeit!\" \/>\n<meta property=\"og:url\" content=\"https:\/\/fdasrl.it\/de\/prodotto\/schwimmerventil-fuer-traenke-far19pvr-3-4-aus-abs-mit-vorfilter-und-pegelregulierung\/\" \/>\n<meta property=\"og:site_name\" content=\"FDA srl\" \/>\n<meta property=\"article:publisher\" content=\"https:\/\/www.facebook.com\/share\/1MWhFWg1Tp\/?mibextid=LQQJ4d\" \/>\n<meta property=\"og:image\" content=\"https:\/\/fdasrl.it\/wp-content\/uploads\/2026\/03\/Galleggiante-per-abbeveratoio-con-sfera-FAR19PVR.png\" \/>\n\t<meta property=\"og:image:width\" content=\"500\" \/>\n\t<meta property=\"og:image:height\" content=\"500\" \/>\n\t<meta property=\"og:image:type\" content=\"image\/png\" \/>\n<meta name=\"twitter:card\" content=\"summary_large_image\" \/>\n<meta name=\"twitter:label1\" content=\"Preis\" \/>\n\t<meta name=\"twitter:data1\" content=\"\" \/>\n\t<meta name=\"twitter:label2\" content=\"Verf\u00fcgbarkeit\" \/>\n\t<meta name=\"twitter:data2\" content=\"Auf Lager\" \/>\n<meta property=\"product:price:currency\" content=\"EUR\" \/>\n<meta property=\"og:availability\" content=\"instock\" \/>\n<meta property=\"product:availability\" content=\"instock\" \/>\n<meta property=\"product:retailer_item_id\" content=\"FAR19PVR\" \/>\n<meta property=\"product:condition\" content=\"new\" \/>\n<!-- \/ Yoast SEO Premium plugin. -->","yoast_head_json":{"title":"Schwimmerventil f\u00fcr Tr\u00e4nke mit Kugel FAR19PVR in hoher Qualit\u00e4t","description":"Entdecken Sie das Hochleistungs-Schwimmerventil FAR19PVR, entwickelt f\u00fcr pr\u00e4zise Wasserkontrolle in Tr\u00e4nken. W\u00e4hlen Sie Qualit\u00e4t und Langlebigkeit!","robots":{"index":"index","follow":"follow","max-snippet":"max-snippet:-1","max-image-preview":"max-image-preview:large","max-video-preview":"max-video-preview:-1"},"canonical":"https:\/\/fdasrl.it\/de\/prodotto\/schwimmerventil-fuer-traenke-far19pvr-3-4-aus-abs-mit-vorfilter-und-pegelregulierung\/","og_locale":"de_DE","og_type":"article","og_title":"Schwimmerventil f\u00fcr Tr\u00e4nke FAR19PVR 3\/4\" aus ABS mit Vorfilter und Pegelregulierung","og_description":"Entdecken Sie das Hochleistungs-Schwimmerventil FAR19PVR, entwickelt f\u00fcr pr\u00e4zise Wasserkontrolle in Tr\u00e4nken. W\u00e4hlen Sie Qualit\u00e4t und Langlebigkeit!","og_url":"https:\/\/fdasrl.it\/de\/prodotto\/schwimmerventil-fuer-traenke-far19pvr-3-4-aus-abs-mit-vorfilter-und-pegelregulierung\/","og_site_name":"FDA srl","article_publisher":"https:\/\/www.facebook.com\/share\/1MWhFWg1Tp\/?mibextid=LQQJ4d","og_image":[{"width":500,"height":500,"url":"https:\/\/fdasrl.it\/wp-content\/uploads\/2026\/03\/Galleggiante-per-abbeveratoio-con-sfera-FAR19PVR.png","type":"image\/png"}],"twitter_card":"summary_large_image","twitter_misc":{"Preis":"","Verf\u00fcgbarkeit":"Auf Lager"},"schema":{"@context":"https:\/\/schema.org","@graph":[{"@type":"WebPage","@id":"https:\/\/fdasrl.it\/de\/prodotto\/schwimmerventil-fuer-traenke-far19pvr-3-4-aus-abs-mit-vorfilter-und-pegelregulierung\/","url":"https:\/\/fdasrl.it\/de\/prodotto\/schwimmerventil-fuer-traenke-far19pvr-3-4-aus-abs-mit-vorfilter-und-pegelregulierung\/","name":"Schwimmerventil f\u00fcr Tr\u00e4nke mit Kugel FAR19PVR in hoher Qualit\u00e4t","isPartOf":{"@id":"https:\/\/fdasrl.it\/de\/#website"},"primaryImageOfPage":{"@id":"https:\/\/fdasrl.it\/de\/prodotto\/schwimmerventil-fuer-traenke-far19pvr-3-4-aus-abs-mit-vorfilter-und-pegelregulierung\/#primaryimage"},"image":{"@id":"https:\/\/fdasrl.it\/de\/prodotto\/schwimmerventil-fuer-traenke-far19pvr-3-4-aus-abs-mit-vorfilter-und-pegelregulierung\/#primaryimage"},"thumbnailUrl":"https:\/\/fdasrl.it\/wp-content\/uploads\/2026\/03\/Galleggiante-per-abbeveratoio-con-sfera-FAR19PVR.png","datePublished":"2026-03-10T13:05:36+00:00","description":"Entdecken Sie das Hochleistungs-Schwimmerventil FAR19PVR, entwickelt f\u00fcr pr\u00e4zise Wasserkontrolle in Tr\u00e4nken. W\u00e4hlen Sie Qualit\u00e4t und Langlebigkeit!","breadcrumb":{"@id":"https:\/\/fdasrl.it\/de\/prodotto\/schwimmerventil-fuer-traenke-far19pvr-3-4-aus-abs-mit-vorfilter-und-pegelregulierung\/#breadcrumb"},"inLanguage":"de","potentialAction":[{"@type":"ReadAction","target":["https:\/\/fdasrl.it\/de\/prodotto\/schwimmerventil-fuer-traenke-far19pvr-3-4-aus-abs-mit-vorfilter-und-pegelregulierung\/"]}]},{"@type":"ImageObject","inLanguage":"de","@id":"https:\/\/fdasrl.it\/de\/prodotto\/schwimmerventil-fuer-traenke-far19pvr-3-4-aus-abs-mit-vorfilter-und-pegelregulierung\/#primaryimage","url":"https:\/\/fdasrl.it\/wp-content\/uploads\/2026\/03\/Galleggiante-per-abbeveratoio-con-sfera-FAR19PVR.png","contentUrl":"https:\/\/fdasrl.it\/wp-content\/uploads\/2026\/03\/Galleggiante-per-abbeveratoio-con-sfera-FAR19PVR.png","width":500,"height":500,"caption":"Schwimmerventil mit Kugel zur automatischen Kontrolle des Wasserstands in Tr\u00e4nken."},{"@type":"BreadcrumbList","@id":"https:\/\/fdasrl.it\/de\/prodotto\/schwimmerventil-fuer-traenke-far19pvr-3-4-aus-abs-mit-vorfilter-und-pegelregulierung\/#breadcrumb","itemListElement":[{"@type":"ListItem","position":1,"name":"Home","item":"https:\/\/fdasrl.it\/de\/startseite\/"},{"@type":"ListItem","position":2,"name":"Shop","item":"https:\/\/fdasrl.it\/de\/shop\/"},{"@type":"ListItem","position":3,"name":"Schwimmerventil f\u00fcr Tr\u00e4nke FAR19PVR 3\/4&#8243; aus ABS mit Vorfilter und Pegelregulierung"}]},{"@type":"WebSite","@id":"https:\/\/fdasrl.it\/de\/#website","url":"https:\/\/fdasrl.it\/de\/","name":"FDA srl","description":"Equipment for animal husbandry","publisher":{"@id":"https:\/\/fdasrl.it\/de\/#organization"},"potentialAction":[{"@type":"SearchAction","target":{"@type":"EntryPoint","urlTemplate":"https:\/\/fdasrl.it\/de\/?s={search_term_string}"},"query-input":{"@type":"PropertyValueSpecification","valueRequired":true,"valueName":"search_term_string"}}],"inLanguage":"de"},{"@type":"Organization","@id":"https:\/\/fdasrl.it\/de\/#organization","name":"FDA srl","url":"https:\/\/fdasrl.it\/de\/","logo":{"@type":"ImageObject","inLanguage":"de","@id":"https:\/\/fdasrl.it\/de\/#\/schema\/logo\/image\/","url":"https:\/\/fdasrl.it\/wp-content\/uploads\/2024\/12\/Logo-FDA.png","contentUrl":"https:\/\/fdasrl.it\/wp-content\/uploads\/2024\/12\/Logo-FDA.png","width":316,"height":119,"caption":"FDA srl"},"image":{"@id":"https:\/\/fdasrl.it\/de\/#\/schema\/logo\/image\/"},"sameAs":["https:\/\/www.facebook.com\/share\/1MWhFWg1Tp\/?mibextid=LQQJ4d","https:\/\/www.instagram.com\/fda_srl\/profilecard\/?igsh=YW5lbzJ6MWg0d21u","https:\/\/www.youtube.com\/@FDASRL_ANIMALCARE"],"description":"FDA SRL \u2013 Equipment for animal husbandry nasce con l\u2019obiettivo di offrire soluzioni affidabili e innovative per l\u2019allevamento moderno. Con anni di esperienza nel settore zootecnico, progettiamo e realizziamo attrezzature destinate al benessere animale e alla gestione efficiente delle stalle: vasche, abbeveratoi, mangiatoie e sistemi di riscaldamento pensati per durare nel tempo e semplificare il lavoro quotidiano degli allevatori. Dalla progettazione alla produzione, ogni nostro prodotto \u00e8 studiato nei minimi dettagli, testato con cura e costruito per rispondere alle esigenze reali del settore. La nostra forza \u00e8 unire artigianalit\u00e0, tecnologia e competenza tecnica per trasformare ogni progetto in una soluzione concreta e funzionale. Oggi FDA SRL \u00e8 un punto di riferimento per privati e rivenditori che cercano qualit\u00e0, affidabilit\u00e0 e innovazione nelle attrezzature per l\u2019allevamento.","email":"info@fdasrl.it","telephone":"+390522826820","legalName":"F.D.A. SRL","foundingDate":"2024-10-13","vatID":"03075840359","taxID":"03075840359","numberOfEmployees":{"@type":"QuantitativeValue","minValue":"1","maxValue":"10"}}]},"product_price_currency":"EUR","og_availability":"instock","product_availability":"instock","product_retailer_item_id":"FAR19PVR","product_condition":"new"},"_links":{"self":[{"href":"https:\/\/fdasrl.it\/de\/wp-json\/wp\/v2\/product\/2548","targetHints":{"allow":["GET"]}}],"collection":[{"href":"https:\/\/fdasrl.it\/de\/wp-json\/wp\/v2\/product"}],"about":[{"href":"https:\/\/fdasrl.it\/de\/wp-json\/wp\/v2\/types\/product"}],"replies":[{"embeddable":true,"href":"https:\/\/fdasrl.it\/de\/wp-json\/wp\/v2\/comments?post=2548"}],"wp:featuredmedia":[{"embeddable":true,"href":"https:\/\/fdasrl.it\/de\/wp-json\/wp\/v2\/media\/1220"}],"wp:attachment":[{"href":"https:\/\/fdasrl.it\/de\/wp-json\/wp\/v2\/media?parent=2548"}],"wp:term":[{"taxonomy":"product_brand","embeddable":true,"href":"https:\/\/fdasrl.it\/de\/wp-json\/wp\/v2\/product_brand?post=2548"},{"taxonomy":"product_cat","embeddable":true,"href":"https:\/\/fdasrl.it\/de\/wp-json\/wp\/v2\/product_cat?post=2548"},{"taxonomy":"product_tag","embeddable":true,"href":"https:\/\/fdasrl.it\/de\/wp-json\/wp\/v2\/product_tag?post=2548"}],"curies":[{"name":"wp","href":"https:\/\/api.w.org\/{rel}","templated":true}]}}