{"id":2563,"date":"2026-03-06T15:54:29","date_gmt":"2026-03-06T14:54:29","guid":{"rendered":"https:\/\/fdasrl.it\/prodotto\/pendelventil-far18-fuer-traenken\/"},"modified":"2026-03-06T15:54:29","modified_gmt":"2026-03-06T14:54:29","slug":"pendelventil-far18-fuer-traenken","status":"publish","type":"product","link":"https:\/\/fdasrl.it\/de\/prodotto\/pendelventil-far18-fuer-traenken\/","title":{"rendered":"Pendelventil FAR18 f\u00fcr Tr\u00e4nken"},"content":{"rendered":"<h3 data-section-id=\"631hw6\" data-start=\"122\" data-end=\"169\"><strong data-start=\"126\" data-end=\"169\">Pendelventil <\/strong><strong data-start=\"126\" data-end=\"169\">FAR18 <\/strong><strong data-start=\"126\" data-end=\"169\">f\u00fcr Tr\u00e4nken<\/strong><\/h3>\n<p data-start=\"171\" data-end=\"451\">Das <strong data-start=\"174\" data-end=\"201\">Pendelventil FAR18<\/strong> ist f\u00fcr verschiedene Tr\u00e4nkentypen konzipiert und kompatibel mit den Tr\u00e4nken <strong data-start=\"284\" data-end=\"297\">FDA FA-KB<\/strong> und <strong data-start=\"300\" data-end=\"312\">FABB0033<\/strong>.<br data-start=\"313\" data-end=\"316\">Aus <strong data-start=\"330\" data-end=\"340\">Messing<\/strong> gefertigt, garantiert es hohe Korrosionsbest\u00e4ndigkeit und lange Lebensdauer auch in anspruchsvollsten landwirtschaftlichen Umgebungen.<\/p>\n<p data-start=\"453\" data-end=\"625\">Dank des <strong data-start=\"464\" data-end=\"501\">1\/2&#8243; Innengewindeanschlusses<\/strong> gew\u00e4hrleistet das Ventil eine <strong data-start=\"527\" data-end=\"552\">gute Wasserdurchflussmenge<\/strong> und zuverl\u00e4ssigen Betrieb auch bei intensiver Nutzung.<\/p>\n<p data-start=\"627\" data-end=\"691\">Es wird als <strong data-start=\"642\" data-end=\"690\">komplettes, installationsfertiges Ersatzteil<\/strong> geliefert.<\/p>\n<h3 data-section-id=\"xrc42a\" data-start=\"693\" data-end=\"727\"><strong data-start=\"697\" data-end=\"727\">Hauptmerkmale<\/strong><\/h3>\n<ul data-start=\"729\" data-end=\"948\">\n<li data-section-id=\"a06e4o\" data-start=\"729\" data-end=\"777\">\n<p data-start=\"731\" data-end=\"777\">Geh\u00e4use aus <strong data-start=\"740\" data-end=\"777\">korrosionsbest\u00e4ndigem Messing<\/strong><\/p>\n<\/li>\n<li data-section-id=\"1jt4ndz\" data-start=\"778\" data-end=\"814\">\n<p data-start=\"780\" data-end=\"814\"><strong data-start=\"780\" data-end=\"814\">Innengewindeanschluss 1\/2&#8243; &#8211; von unten und oben<\/strong><\/p>\n<\/li>\n<li data-section-id=\"12kdzhk\" data-start=\"815\" data-end=\"842\">\n<p data-start=\"817\" data-end=\"842\"><strong data-start=\"817\" data-end=\"842\">Gute Wasserdurchflussmenge<\/strong><\/p>\n<\/li>\n<li data-section-id=\"1cp13de\" data-start=\"843\" data-end=\"897\">\n<p data-start=\"845\" data-end=\"897\">Kompatibel mit Tr\u00e4nken <strong data-start=\"873\" data-end=\"882\">FA-KB<\/strong> und <strong data-start=\"885\" data-end=\"897\">FABB0033<\/strong><\/p>\n<\/li>\n<li data-section-id=\"7eg5ja\" data-start=\"898\" data-end=\"948\">\n<p data-start=\"900\" data-end=\"948\"><strong data-start=\"900\" data-end=\"921\">Komplettes Ersatzteil<\/strong>, installationsfertig<\/p>\n<\/li>\n<\/ul>\n<h3 data-section-id=\"2pq1zq\" data-start=\"950\" data-end=\"980\"><strong data-start=\"954\" data-end=\"980\">Betriebsdruck<\/strong><\/h3>\n<ul data-start=\"982\" data-end=\"1018\">\n<li data-section-id=\"hbbj97\" data-start=\"982\" data-end=\"1018\">\n<p data-start=\"984\" data-end=\"1018\"><strong data-start=\"984\" data-end=\"1008\">Arbeitsdruck:<\/strong> 0 \u2013 5 bar<\/p>\n<\/li>\n<\/ul>\n<h3 data-section-id=\"8whuzw\" data-start=\"1020\" data-end=\"1041\"><strong data-start=\"1024\" data-end=\"1041\">Wasserdurchfluss<\/strong><\/h3>\n<ul data-start=\"1043\" data-end=\"1064\">\n<li data-section-id=\"yqq2y4\" data-start=\"1043\" data-end=\"1064\">\n<p data-start=\"1045\" data-end=\"1064\"><strong data-start=\"1045\" data-end=\"1064\">Bis zu 20 l\/min<\/strong><\/p>\n<\/li>\n<\/ul>\n<p data-start=\"1066\" data-end=\"1263\">Das <strong data-start=\"1069\" data-end=\"1096\">Pendelventil FAR18<\/strong> gew\u00e4hrleistet eine effiziente Wasserabgabe in Tr\u00e4nken, tr\u00e4gt zur <strong data-start=\"1178\" data-end=\"1201\">Reduzierung von Verschwendung<\/strong> bei und sichert den Tieren <strong data-start=\"1229\" data-end=\"1262\">einen konstanten Zugang zu Wasser<\/strong>.<\/p>\n<p>\ud83d\udc49 Preis f\u00fcr Wiederverkauf anfragen:  <a href=\"mailto:info@fdasrl.it\">HIER KLICKEN<\/a><\/p>\n<p>\ud83d\udc49 Online kaufen: <a href=\"https:\/\/fda-shop.it\/shop\/scuderia-horse-care\/scuderia-e-paddock\/abbeveratoi-per-cavalli\/valvola-per-abbeveratoio-cavalli\">HIER KLICKEN<\/a><\/p>\n","protected":false},"excerpt":{"rendered":"<p>Das <strong data-start=\"26\" data-end=\"53\">Pendelventil FAR18<\/strong> ist ein komplettes Ersatzteil, kompatibel mit vielen Tr\u00e4nken, darunter die <strong data-start=\"81\" data-end=\"114\">FDA-Tr\u00e4nken FA-KB und FABB0033<\/strong>, aus <strong data-start=\"130\" data-end=\"140\">Messing<\/strong> gefertigt, um Best\u00e4ndigkeit und Langlebigkeit in landwirtschaftlichen Umgebungen zu gew\u00e4hrleisten. Ausgestattet mit <strong data-start=\"212\" data-end=\"249\">1\/2&#8243; Innengewindeanschluss<\/strong>, sichert es eine gute <strong data-start=\"260\" data-end=\"287\">Wasserdurchflussmenge<\/strong> und zuverl\u00e4ssigen Betrieb bei <strong data-start=\"319\" data-end=\"358\">Betriebsdruck von 0 bis 5 bar<\/strong>. Ideal, um eine konstante Wasserabgabe in Tr\u00e4nken zu gew\u00e4hrleisten.  <\/p>\n","protected":false},"featured_media":1201,"comment_status":"open","ping_status":"closed","template":"","meta":{"_et_pb_use_builder":"","_et_pb_old_content":"","_et_gb_content_width":""},"product_brand":[],"product_cat":[510,544,512],"product_tag":[588],"class_list":{"0":"post-2563","1":"product","2":"type-product","3":"status-publish","4":"has-post-thumbnail","6":"product_cat-tranken","7":"product_cat-tranken-2","8":"product_cat-ventile-und-schwimmer","9":"product_tag-far18","11":"first","12":"instock","13":"shipping-taxable","14":"product-type-simple"},"yoast_head":"<!-- This site is optimized with the Yoast SEO Premium plugin v27.5 (Yoast SEO v27.5) - https:\/\/yoast.com\/product\/yoast-seo-premium-wordpress\/ -->\n<title>Pendelventil FAR18 f\u00fcr Tr\u00e4nken mit Gewindeanschluss<\/title>\n<meta name=\"description\" content=\"W\u00e4hlen Sie das hochwertige Pendelventil FAR18 f\u00fcr Tr\u00e4nken. Aus Messing gefertigt, installationsfertig und ideal f\u00fcr jeden Bedarf!\" \/>\n<meta name=\"robots\" content=\"index, follow, max-snippet:-1, max-image-preview:large, max-video-preview:-1\" \/>\n<link rel=\"canonical\" href=\"https:\/\/fdasrl.it\/de\/prodotto\/pendelventil-far18-fuer-traenken\/\" \/>\n<meta property=\"og:locale\" content=\"de_DE\" \/>\n<meta property=\"og:type\" content=\"article\" \/>\n<meta property=\"og:title\" content=\"Pendelventil FAR18 f\u00fcr Tr\u00e4nken\" \/>\n<meta property=\"og:description\" content=\"W\u00e4hlen Sie das hochwertige Pendelventil FAR18 f\u00fcr Tr\u00e4nken. Aus Messing gefertigt, installationsfertig und ideal f\u00fcr jeden Bedarf!\" \/>\n<meta property=\"og:url\" content=\"https:\/\/fdasrl.it\/de\/prodotto\/pendelventil-far18-fuer-traenken\/\" \/>\n<meta property=\"og:site_name\" content=\"FDA srl\" \/>\n<meta property=\"article:publisher\" content=\"https:\/\/www.facebook.com\/share\/1MWhFWg1Tp\/?mibextid=LQQJ4d\" \/>\n<meta property=\"og:image\" content=\"https:\/\/fdasrl.it\/wp-content\/uploads\/2026\/03\/valvola-pendolo-FAR18-media-portata-1.png\" \/>\n\t<meta property=\"og:image:width\" content=\"822\" \/>\n\t<meta property=\"og:image:height\" content=\"827\" \/>\n\t<meta property=\"og:image:type\" content=\"image\/png\" \/>\n<meta name=\"twitter:card\" content=\"summary_large_image\" \/>\n<meta name=\"twitter:label1\" content=\"Preis\" \/>\n\t<meta name=\"twitter:data1\" content=\"\" \/>\n\t<meta name=\"twitter:label2\" content=\"Verf\u00fcgbarkeit\" \/>\n\t<meta name=\"twitter:data2\" content=\"Auf Lager\" \/>\n<meta property=\"product:price:currency\" content=\"EUR\" \/>\n<meta property=\"og:availability\" content=\"instock\" \/>\n<meta property=\"product:availability\" content=\"instock\" \/>\n<meta property=\"product:retailer_item_id\" content=\"FAR18\" \/>\n<meta property=\"product:condition\" content=\"new\" \/>\n<!-- \/ Yoast SEO Premium plugin. -->","yoast_head_json":{"title":"Pendelventil FAR18 f\u00fcr Tr\u00e4nken mit Gewindeanschluss","description":"W\u00e4hlen Sie das hochwertige Pendelventil FAR18 f\u00fcr Tr\u00e4nken. Aus Messing gefertigt, installationsfertig und ideal f\u00fcr jeden Bedarf!","robots":{"index":"index","follow":"follow","max-snippet":"max-snippet:-1","max-image-preview":"max-image-preview:large","max-video-preview":"max-video-preview:-1"},"canonical":"https:\/\/fdasrl.it\/de\/prodotto\/pendelventil-far18-fuer-traenken\/","og_locale":"de_DE","og_type":"article","og_title":"Pendelventil FAR18 f\u00fcr Tr\u00e4nken","og_description":"W\u00e4hlen Sie das hochwertige Pendelventil FAR18 f\u00fcr Tr\u00e4nken. Aus Messing gefertigt, installationsfertig und ideal f\u00fcr jeden Bedarf!","og_url":"https:\/\/fdasrl.it\/de\/prodotto\/pendelventil-far18-fuer-traenken\/","og_site_name":"FDA srl","article_publisher":"https:\/\/www.facebook.com\/share\/1MWhFWg1Tp\/?mibextid=LQQJ4d","og_image":[{"width":822,"height":827,"url":"https:\/\/fdasrl.it\/wp-content\/uploads\/2026\/03\/valvola-pendolo-FAR18-media-portata-1.png","type":"image\/png"}],"twitter_card":"summary_large_image","twitter_misc":{"Preis":"","Verf\u00fcgbarkeit":"Auf Lager"},"schema":{"@context":"https:\/\/schema.org","@graph":[{"@type":"WebPage","@id":"https:\/\/fdasrl.it\/de\/prodotto\/pendelventil-far18-fuer-traenken\/","url":"https:\/\/fdasrl.it\/de\/prodotto\/pendelventil-far18-fuer-traenken\/","name":"Pendelventil FAR18 f\u00fcr Tr\u00e4nken mit Gewindeanschluss","isPartOf":{"@id":"https:\/\/fdasrl.it\/de\/#website"},"primaryImageOfPage":{"@id":"https:\/\/fdasrl.it\/de\/prodotto\/pendelventil-far18-fuer-traenken\/#primaryimage"},"image":{"@id":"https:\/\/fdasrl.it\/de\/prodotto\/pendelventil-far18-fuer-traenken\/#primaryimage"},"thumbnailUrl":"https:\/\/fdasrl.it\/wp-content\/uploads\/2026\/03\/valvola-pendolo-FAR18-media-portata-1.png","datePublished":"2026-03-06T14:54:29+00:00","description":"W\u00e4hlen Sie das hochwertige Pendelventil FAR18 f\u00fcr Tr\u00e4nken. Aus Messing gefertigt, installationsfertig und ideal f\u00fcr jeden Bedarf!","breadcrumb":{"@id":"https:\/\/fdasrl.it\/de\/prodotto\/pendelventil-far18-fuer-traenken\/#breadcrumb"},"inLanguage":"de","potentialAction":[{"@type":"ReadAction","target":["https:\/\/fdasrl.it\/de\/prodotto\/pendelventil-far18-fuer-traenken\/"]}]},{"@type":"ImageObject","inLanguage":"de","@id":"https:\/\/fdasrl.it\/de\/prodotto\/pendelventil-far18-fuer-traenken\/#primaryimage","url":"https:\/\/fdasrl.it\/wp-content\/uploads\/2026\/03\/valvola-pendolo-FAR18-media-portata-1.png","contentUrl":"https:\/\/fdasrl.it\/wp-content\/uploads\/2026\/03\/valvola-pendolo-FAR18-media-portata-1.png","width":822,"height":827,"caption":"Pendelventil FAR18 mit mittlerem Durchfluss f\u00fcr automatische Tr\u00e4nken."},{"@type":"BreadcrumbList","@id":"https:\/\/fdasrl.it\/de\/prodotto\/pendelventil-far18-fuer-traenken\/#breadcrumb","itemListElement":[{"@type":"ListItem","position":1,"name":"Home","item":"https:\/\/fdasrl.it\/de\/startseite\/"},{"@type":"ListItem","position":2,"name":"Shop","item":"https:\/\/fdasrl.it\/de\/shop\/"},{"@type":"ListItem","position":3,"name":"Pendelventil FAR18 f\u00fcr Tr\u00e4nken"}]},{"@type":"WebSite","@id":"https:\/\/fdasrl.it\/de\/#website","url":"https:\/\/fdasrl.it\/de\/","name":"FDA srl","description":"Equipment for animal husbandry","publisher":{"@id":"https:\/\/fdasrl.it\/de\/#organization"},"potentialAction":[{"@type":"SearchAction","target":{"@type":"EntryPoint","urlTemplate":"https:\/\/fdasrl.it\/de\/?s={search_term_string}"},"query-input":{"@type":"PropertyValueSpecification","valueRequired":true,"valueName":"search_term_string"}}],"inLanguage":"de"},{"@type":"Organization","@id":"https:\/\/fdasrl.it\/de\/#organization","name":"FDA srl","url":"https:\/\/fdasrl.it\/de\/","logo":{"@type":"ImageObject","inLanguage":"de","@id":"https:\/\/fdasrl.it\/de\/#\/schema\/logo\/image\/","url":"https:\/\/fdasrl.it\/wp-content\/uploads\/2024\/12\/Logo-FDA.png","contentUrl":"https:\/\/fdasrl.it\/wp-content\/uploads\/2024\/12\/Logo-FDA.png","width":316,"height":119,"caption":"FDA srl"},"image":{"@id":"https:\/\/fdasrl.it\/de\/#\/schema\/logo\/image\/"},"sameAs":["https:\/\/www.facebook.com\/share\/1MWhFWg1Tp\/?mibextid=LQQJ4d","https:\/\/www.instagram.com\/fda_srl\/profilecard\/?igsh=YW5lbzJ6MWg0d21u","https:\/\/www.youtube.com\/@FDASRL_ANIMALCARE"],"description":"FDA SRL \u2013 Equipment for animal husbandry nasce con l\u2019obiettivo di offrire soluzioni affidabili e innovative per l\u2019allevamento moderno. Con anni di esperienza nel settore zootecnico, progettiamo e realizziamo attrezzature destinate al benessere animale e alla gestione efficiente delle stalle: vasche, abbeveratoi, mangiatoie e sistemi di riscaldamento pensati per durare nel tempo e semplificare il lavoro quotidiano degli allevatori. Dalla progettazione alla produzione, ogni nostro prodotto \u00e8 studiato nei minimi dettagli, testato con cura e costruito per rispondere alle esigenze reali del settore. La nostra forza \u00e8 unire artigianalit\u00e0, tecnologia e competenza tecnica per trasformare ogni progetto in una soluzione concreta e funzionale. Oggi FDA SRL \u00e8 un punto di riferimento per privati e rivenditori che cercano qualit\u00e0, affidabilit\u00e0 e innovazione nelle attrezzature per l\u2019allevamento.","email":"info@fdasrl.it","telephone":"+390522826820","legalName":"F.D.A. SRL","foundingDate":"2024-10-13","vatID":"03075840359","taxID":"03075840359","numberOfEmployees":{"@type":"QuantitativeValue","minValue":"1","maxValue":"10"}}]},"product_price_currency":"EUR","og_availability":"instock","product_availability":"instock","product_retailer_item_id":"FAR18","product_condition":"new"},"_links":{"self":[{"href":"https:\/\/fdasrl.it\/de\/wp-json\/wp\/v2\/product\/2563","targetHints":{"allow":["GET"]}}],"collection":[{"href":"https:\/\/fdasrl.it\/de\/wp-json\/wp\/v2\/product"}],"about":[{"href":"https:\/\/fdasrl.it\/de\/wp-json\/wp\/v2\/types\/product"}],"replies":[{"embeddable":true,"href":"https:\/\/fdasrl.it\/de\/wp-json\/wp\/v2\/comments?post=2563"}],"wp:featuredmedia":[{"embeddable":true,"href":"https:\/\/fdasrl.it\/de\/wp-json\/wp\/v2\/media\/1201"}],"wp:attachment":[{"href":"https:\/\/fdasrl.it\/de\/wp-json\/wp\/v2\/media?parent=2563"}],"wp:term":[{"taxonomy":"product_brand","embeddable":true,"href":"https:\/\/fdasrl.it\/de\/wp-json\/wp\/v2\/product_brand?post=2563"},{"taxonomy":"product_cat","embeddable":true,"href":"https:\/\/fdasrl.it\/de\/wp-json\/wp\/v2\/product_cat?post=2563"},{"taxonomy":"product_tag","embeddable":true,"href":"https:\/\/fdasrl.it\/de\/wp-json\/wp\/v2\/product_tag?post=2563"}],"curies":[{"name":"wp","href":"https:\/\/api.w.org\/{rel}","templated":true}]}}