{"id":2601,"date":"2026-03-09T16:03:54","date_gmt":"2026-03-09T15:03:54","guid":{"rendered":"https:\/\/fdasrl.it\/prodotto\/schwimmerventil-fuer-traenke-mit-messingventil-3-4-far19b\/"},"modified":"2026-03-09T16:03:54","modified_gmt":"2026-03-09T15:03:54","slug":"schwimmerventil-fuer-traenke-mit-messingventil-3-4-far19b","status":"publish","type":"product","link":"https:\/\/fdasrl.it\/de\/prodotto\/schwimmerventil-fuer-traenke-mit-messingventil-3-4-far19b\/","title":{"rendered":"Schwimmerventil f\u00fcr Tr\u00e4nke mit Messingventil 3\/4&#8243; \u2013 FAR19B"},"content":{"rendered":"<h3 data-section-id=\"8xm6rw\" data-start=\"89\" data-end=\"159\"><strong data-start=\"93\" data-end=\"159\">Schwimmerventil f\u00fcr Tr\u00e4nke mit Messingventil 3\/4&#8243; \u2013 FAR19B<\/strong><\/h3>\n<p data-start=\"161\" data-end=\"506\">Schwimmer <strong data-start=\"174\" data-end=\"203\">aus hochwertigem Messing<\/strong>, entwickelt f\u00fcr die automatische Wasserstandsregelung in Tr\u00e4nken und <strong data-start=\"289\" data-end=\"326\">verschiedenen Becken mit konstantem Niveau<\/strong>, darunter die Modelle <strong data-start=\"346\" data-end=\"367\">FA-VSRP und FA-VSRT<\/strong>.<br data-start=\"368\" data-end=\"371\">Das <strong data-start=\"374\" data-end=\"414\">Ventil mit Messingdichtsitz<\/strong> gew\u00e4hrleistet hohe Widerstandsf\u00e4higkeit, Zuverl\u00e4ssigkeit und lange Lebensdauer auch in landwirtschaftlichen Umgebungen.<\/p>\n<p data-start=\"508\" data-end=\"681\">Das Schwimmersystem erm\u00f6glicht eine <strong data-start=\"546\" data-end=\"591\">einfache Regulierung des Wasserstands<\/strong>, gew\u00e4hrleistet eine konstante Wasserversorgung der Tiere und tr\u00e4gt zur Reduzierung von Verschwendung bei.<\/p>\n<h3 data-section-id=\"xrc42a\" data-start=\"683\" data-end=\"717\"><strong data-start=\"687\" data-end=\"717\">Hauptmerkmale<\/strong><\/h3>\n<ul data-start=\"719\" data-end=\"922\">\n<li data-section-id=\"1uaetok\" data-start=\"719\" data-end=\"756\">\n<p data-start=\"721\" data-end=\"756\">K\u00f6rper <strong data-start=\"727\" data-end=\"756\">aus hochwertigem Messing<\/strong><\/p>\n<\/li>\n<li data-section-id=\"1l0v1sz\" data-start=\"757\" data-end=\"793\">\n<p data-start=\"759\" data-end=\"793\"><strong data-start=\"759\" data-end=\"793\">Au\u00dfengewinde 3\/4&#8243;<\/strong><\/p>\n<\/li>\n<li data-section-id=\"ul0k2p\" data-start=\"794\" data-end=\"824\">\n<p data-start=\"796\" data-end=\"824\"><strong data-start=\"796\" data-end=\"824\">Dichtsitz aus Messing<\/strong><\/p>\n<\/li>\n<li data-section-id=\"1u1s06\" data-start=\"825\" data-end=\"865\">\n<p data-start=\"827\" data-end=\"865\"><strong data-start=\"827\" data-end=\"865\">Wasserstandsregelung<\/strong><\/p>\n<\/li>\n<li data-section-id=\"d5dbow\" data-start=\"866\" data-end=\"922\">\n<p data-start=\"868\" data-end=\"922\">Geeignet f\u00fcr <strong data-start=\"879\" data-end=\"922\">Tr\u00e4nken und Becken mit konstantem Niveau<\/strong><\/p>\n<\/li>\n<li data-section-id=\"d5dbow\" data-start=\"866\" data-end=\"922\">Dichtung 50 x 27 x 2 mm enthalten<\/li>\n<\/ul>\n<h3 data-section-id=\"2pq1zq\" data-start=\"924\" data-end=\"954\"><strong data-start=\"928\" data-end=\"954\">Betriebsdruck<\/strong><\/h3>\n<ul data-start=\"956\" data-end=\"974\">\n<li data-section-id=\"bz2ema\" data-start=\"956\" data-end=\"974\">\n<p data-start=\"958\" data-end=\"974\"><strong data-start=\"958\" data-end=\"974\">0,5 \u2013 10 bar<\/strong><\/p>\n<\/li>\n<\/ul>\n<h3 data-section-id=\"8whuzw\" data-start=\"976\" data-end=\"997\"><strong data-start=\"980\" data-end=\"997\">Wasserdurchfluss<\/strong><\/h3>\n<ul data-start=\"999\" data-end=\"1021\">\n<li data-section-id=\"1upjgnj\" data-start=\"999\" data-end=\"1021\">\n<p data-start=\"1001\" data-end=\"1021\"><strong data-start=\"1001\" data-end=\"1021\">91 L\/min bei 6 bar<\/strong><\/p>\n<\/li>\n<\/ul>\n<h3 data-section-id=\"1cf253l\" data-start=\"1023\" data-end=\"1044\"><strong data-start=\"1027\" data-end=\"1044\">Installation<\/strong><\/h3>\n<p data-start=\"1046\" data-end=\"1177\">F\u00fcr eine korrekte Installation und optimale Funktion ist ein <strong data-start=\"1128\" data-end=\"1176\">minimaler oberer Freiraum von 190 mm<\/strong> erforderlich.<\/p>\n<p>&nbsp;<\/p>\n<p>\ud83d\udc49 H\u00e4ndlerpreis anfragen: <a href=\"mailto:info@fdasrl.it\">HIER KLICKEN<\/a><\/p>\n<p>\ud83d\udc49 Online kaufen: <a href=\"https:\/\/fda-shop.it\/shop\/articoli-per-allevamento\/galleggiante-abbeveratoio-in-ottone-3-4\">HIER KLICKEN<\/a><\/p>\n","protected":false},"excerpt":{"rendered":"<p><strong data-start=\"0\" data-end=\"86\" data-is-only-node=\"\">Schwimmerventil f\u00fcr Tr\u00e4nke FAR19B mit Messingventil und 3\/4&#8243; Au\u00dfengewinde.<\/strong><br data-start=\"86\" data-end=\"89\">Erm\u00f6glicht die automatische Wasserstandsregelung und ist geeignet f\u00fcr Tr\u00e4nken und Becken mit konstantem Niveau, darunter die Modelle <strong data-start=\"222\" data-end=\"243\">FA-VSRP und FA-VSRT<\/strong>.<br data-start=\"244\" data-end=\"247\">Durchfluss bis zu <strong data-start=\"262\" data-end=\"282\">91 L\/min bei 6 bar<\/strong> mit Betriebsdruck <strong data-start=\"310\" data-end=\"324\">0,5\u201310 bar<\/strong>.<\/p>\n","protected":false},"featured_media":1204,"comment_status":"open","ping_status":"closed","template":"","meta":{"_et_pb_use_builder":"","_et_pb_old_content":"","_et_gb_content_width":""},"product_brand":[],"product_cat":[511,544,510,512],"product_tag":[596],"class_list":{"0":"post-2601","1":"product","2":"type-product","3":"status-publish","4":"has-post-thumbnail","6":"product_cat-edelstahlwannen-fur-stalle","7":"product_cat-tranken-2","8":"product_cat-tranken","9":"product_cat-ventile-und-schwimmer","10":"product_tag-far19b","12":"first","13":"instock","14":"shipping-taxable","15":"product-type-simple"},"yoast_head":"<!-- This site is optimized with the Yoast SEO Premium plugin v27.5 (Yoast SEO v27.5) - https:\/\/yoast.com\/product\/yoast-seo-premium-wordpress\/ -->\n<title>Schwimmer mit 3\/4 Messingventil f\u00fcr Tr\u00e4nken<\/title>\n<meta name=\"description\" content=\"Optimieren Sie die Wasserbewirtschaftung mit dem Schwimmer mit 3\/4 Messingventil, entwickelt f\u00fcr langanhaltende Leistung. Integrieren Sie ihn noch heute in Ihr System!\" \/>\n<meta name=\"robots\" content=\"index, follow, max-snippet:-1, max-image-preview:large, max-video-preview:-1\" \/>\n<link rel=\"canonical\" href=\"https:\/\/fdasrl.it\/de\/prodotto\/schwimmerventil-fuer-traenke-mit-messingventil-3-4-far19b\/\" \/>\n<meta property=\"og:locale\" content=\"de_DE\" \/>\n<meta property=\"og:type\" content=\"article\" \/>\n<meta property=\"og:title\" content=\"Schwimmerventil f\u00fcr Tr\u00e4nke mit Messingventil 3\/4&quot; \u2013 FAR19B\" \/>\n<meta property=\"og:description\" content=\"Optimieren Sie die Wasserbewirtschaftung mit dem Schwimmer mit 3\/4 Messingventil, entwickelt f\u00fcr langanhaltende Leistung. Integrieren Sie ihn noch heute in Ihr System!\" \/>\n<meta property=\"og:url\" content=\"https:\/\/fdasrl.it\/de\/prodotto\/schwimmerventil-fuer-traenke-mit-messingventil-3-4-far19b\/\" \/>\n<meta property=\"og:site_name\" content=\"FDA srl\" \/>\n<meta property=\"article:publisher\" content=\"https:\/\/www.facebook.com\/share\/1MWhFWg1Tp\/?mibextid=LQQJ4d\" \/>\n<meta property=\"og:image\" content=\"https:\/\/fdasrl.it\/wp-content\/uploads\/2026\/03\/valvola-galleggiante-abbeveratoio-3-4-ottone-e1773070482989.webp\" \/>\n\t<meta property=\"og:image:width\" content=\"577\" \/>\n\t<meta property=\"og:image:height\" content=\"433\" \/>\n\t<meta property=\"og:image:type\" content=\"image\/webp\" \/>\n<meta name=\"twitter:card\" content=\"summary_large_image\" \/>\n<meta name=\"twitter:label1\" content=\"Preis\" \/>\n\t<meta name=\"twitter:data1\" content=\"\" \/>\n\t<meta name=\"twitter:label2\" content=\"Verf\u00fcgbarkeit\" \/>\n\t<meta name=\"twitter:data2\" content=\"Auf Lager\" \/>\n<meta property=\"product:price:currency\" content=\"EUR\" \/>\n<meta property=\"og:availability\" content=\"instock\" \/>\n<meta property=\"product:availability\" content=\"instock\" \/>\n<meta property=\"product:retailer_item_id\" content=\"FAR19B\" \/>\n<meta property=\"product:condition\" content=\"new\" \/>\n<!-- \/ Yoast SEO Premium plugin. -->","yoast_head_json":{"title":"Schwimmer mit 3\/4 Messingventil f\u00fcr Tr\u00e4nken","description":"Optimieren Sie die Wasserbewirtschaftung mit dem Schwimmer mit 3\/4 Messingventil, entwickelt f\u00fcr langanhaltende Leistung. Integrieren Sie ihn noch heute in Ihr System!","robots":{"index":"index","follow":"follow","max-snippet":"max-snippet:-1","max-image-preview":"max-image-preview:large","max-video-preview":"max-video-preview:-1"},"canonical":"https:\/\/fdasrl.it\/de\/prodotto\/schwimmerventil-fuer-traenke-mit-messingventil-3-4-far19b\/","og_locale":"de_DE","og_type":"article","og_title":"Schwimmerventil f\u00fcr Tr\u00e4nke mit Messingventil 3\/4\" \u2013 FAR19B","og_description":"Optimieren Sie die Wasserbewirtschaftung mit dem Schwimmer mit 3\/4 Messingventil, entwickelt f\u00fcr langanhaltende Leistung. Integrieren Sie ihn noch heute in Ihr System!","og_url":"https:\/\/fdasrl.it\/de\/prodotto\/schwimmerventil-fuer-traenke-mit-messingventil-3-4-far19b\/","og_site_name":"FDA srl","article_publisher":"https:\/\/www.facebook.com\/share\/1MWhFWg1Tp\/?mibextid=LQQJ4d","og_image":[{"width":577,"height":433,"url":"https:\/\/fdasrl.it\/wp-content\/uploads\/2026\/03\/valvola-galleggiante-abbeveratoio-3-4-ottone-e1773070482989.webp","type":"image\/webp"}],"twitter_card":"summary_large_image","twitter_misc":{"Preis":"","Verf\u00fcgbarkeit":"Auf Lager"},"schema":{"@context":"https:\/\/schema.org","@graph":[{"@type":"WebPage","@id":"https:\/\/fdasrl.it\/de\/prodotto\/schwimmerventil-fuer-traenke-mit-messingventil-3-4-far19b\/","url":"https:\/\/fdasrl.it\/de\/prodotto\/schwimmerventil-fuer-traenke-mit-messingventil-3-4-far19b\/","name":"Schwimmer mit 3\/4 Messingventil f\u00fcr Tr\u00e4nken","isPartOf":{"@id":"https:\/\/fdasrl.it\/de\/#website"},"primaryImageOfPage":{"@id":"https:\/\/fdasrl.it\/de\/prodotto\/schwimmerventil-fuer-traenke-mit-messingventil-3-4-far19b\/#primaryimage"},"image":{"@id":"https:\/\/fdasrl.it\/de\/prodotto\/schwimmerventil-fuer-traenke-mit-messingventil-3-4-far19b\/#primaryimage"},"thumbnailUrl":"https:\/\/fdasrl.it\/wp-content\/uploads\/2026\/03\/valvola-galleggiante-abbeveratoio-3-4-ottone-e1773070482989.webp","datePublished":"2026-03-09T15:03:54+00:00","description":"Optimieren Sie die Wasserbewirtschaftung mit dem Schwimmer mit 3\/4 Messingventil, entwickelt f\u00fcr langanhaltende Leistung. Integrieren Sie ihn noch heute in Ihr System!","breadcrumb":{"@id":"https:\/\/fdasrl.it\/de\/prodotto\/schwimmerventil-fuer-traenke-mit-messingventil-3-4-far19b\/#breadcrumb"},"inLanguage":"de","potentialAction":[{"@type":"ReadAction","target":["https:\/\/fdasrl.it\/de\/prodotto\/schwimmerventil-fuer-traenke-mit-messingventil-3-4-far19b\/"]}]},{"@type":"ImageObject","inLanguage":"de","@id":"https:\/\/fdasrl.it\/de\/prodotto\/schwimmerventil-fuer-traenke-mit-messingventil-3-4-far19b\/#primaryimage","url":"https:\/\/fdasrl.it\/wp-content\/uploads\/2026\/03\/valvola-galleggiante-abbeveratoio-3-4-ottone-e1773070482989.webp","contentUrl":"https:\/\/fdasrl.it\/wp-content\/uploads\/2026\/03\/valvola-galleggiante-abbeveratoio-3-4-ottone-e1773070482989.webp","width":577,"height":433,"caption":"Schwimmerventil aus Messing f\u00fcr automatische Tr\u00e4nken mit 3\/4\" Anschluss."},{"@type":"BreadcrumbList","@id":"https:\/\/fdasrl.it\/de\/prodotto\/schwimmerventil-fuer-traenke-mit-messingventil-3-4-far19b\/#breadcrumb","itemListElement":[{"@type":"ListItem","position":1,"name":"Home","item":"https:\/\/fdasrl.it\/de\/startseite\/"},{"@type":"ListItem","position":2,"name":"Shop","item":"https:\/\/fdasrl.it\/de\/shop\/"},{"@type":"ListItem","position":3,"name":"Schwimmerventil f\u00fcr Tr\u00e4nke mit Messingventil 3\/4&#8243; \u2013 FAR19B"}]},{"@type":"WebSite","@id":"https:\/\/fdasrl.it\/de\/#website","url":"https:\/\/fdasrl.it\/de\/","name":"FDA srl","description":"Equipment for animal husbandry","publisher":{"@id":"https:\/\/fdasrl.it\/de\/#organization"},"potentialAction":[{"@type":"SearchAction","target":{"@type":"EntryPoint","urlTemplate":"https:\/\/fdasrl.it\/de\/?s={search_term_string}"},"query-input":{"@type":"PropertyValueSpecification","valueRequired":true,"valueName":"search_term_string"}}],"inLanguage":"de"},{"@type":"Organization","@id":"https:\/\/fdasrl.it\/de\/#organization","name":"FDA srl","url":"https:\/\/fdasrl.it\/de\/","logo":{"@type":"ImageObject","inLanguage":"de","@id":"https:\/\/fdasrl.it\/de\/#\/schema\/logo\/image\/","url":"https:\/\/fdasrl.it\/wp-content\/uploads\/2024\/12\/Logo-FDA.png","contentUrl":"https:\/\/fdasrl.it\/wp-content\/uploads\/2024\/12\/Logo-FDA.png","width":316,"height":119,"caption":"FDA srl"},"image":{"@id":"https:\/\/fdasrl.it\/de\/#\/schema\/logo\/image\/"},"sameAs":["https:\/\/www.facebook.com\/share\/1MWhFWg1Tp\/?mibextid=LQQJ4d","https:\/\/www.instagram.com\/fda_srl\/profilecard\/?igsh=YW5lbzJ6MWg0d21u","https:\/\/www.youtube.com\/@FDASRL_ANIMALCARE"],"description":"FDA SRL \u2013 Equipment for animal husbandry nasce con l\u2019obiettivo di offrire soluzioni affidabili e innovative per l\u2019allevamento moderno. Con anni di esperienza nel settore zootecnico, progettiamo e realizziamo attrezzature destinate al benessere animale e alla gestione efficiente delle stalle: vasche, abbeveratoi, mangiatoie e sistemi di riscaldamento pensati per durare nel tempo e semplificare il lavoro quotidiano degli allevatori. Dalla progettazione alla produzione, ogni nostro prodotto \u00e8 studiato nei minimi dettagli, testato con cura e costruito per rispondere alle esigenze reali del settore. La nostra forza \u00e8 unire artigianalit\u00e0, tecnologia e competenza tecnica per trasformare ogni progetto in una soluzione concreta e funzionale. Oggi FDA SRL \u00e8 un punto di riferimento per privati e rivenditori che cercano qualit\u00e0, affidabilit\u00e0 e innovazione nelle attrezzature per l\u2019allevamento.","email":"info@fdasrl.it","telephone":"+390522826820","legalName":"F.D.A. SRL","foundingDate":"2024-10-13","vatID":"03075840359","taxID":"03075840359","numberOfEmployees":{"@type":"QuantitativeValue","minValue":"1","maxValue":"10"}}]},"product_price_currency":"EUR","og_availability":"instock","product_availability":"instock","product_retailer_item_id":"FAR19B","product_condition":"new"},"_links":{"self":[{"href":"https:\/\/fdasrl.it\/de\/wp-json\/wp\/v2\/product\/2601","targetHints":{"allow":["GET"]}}],"collection":[{"href":"https:\/\/fdasrl.it\/de\/wp-json\/wp\/v2\/product"}],"about":[{"href":"https:\/\/fdasrl.it\/de\/wp-json\/wp\/v2\/types\/product"}],"replies":[{"embeddable":true,"href":"https:\/\/fdasrl.it\/de\/wp-json\/wp\/v2\/comments?post=2601"}],"wp:featuredmedia":[{"embeddable":true,"href":"https:\/\/fdasrl.it\/de\/wp-json\/wp\/v2\/media\/1204"}],"wp:attachment":[{"href":"https:\/\/fdasrl.it\/de\/wp-json\/wp\/v2\/media?parent=2601"}],"wp:term":[{"taxonomy":"product_brand","embeddable":true,"href":"https:\/\/fdasrl.it\/de\/wp-json\/wp\/v2\/product_brand?post=2601"},{"taxonomy":"product_cat","embeddable":true,"href":"https:\/\/fdasrl.it\/de\/wp-json\/wp\/v2\/product_cat?post=2601"},{"taxonomy":"product_tag","embeddable":true,"href":"https:\/\/fdasrl.it\/de\/wp-json\/wp\/v2\/product_tag?post=2601"}],"curies":[{"name":"wp","href":"https:\/\/api.w.org\/{rel}","templated":true}]}}