{"id":2639,"date":"2026-03-05T16:00:57","date_gmt":"2026-03-05T15:00:57","guid":{"rendered":"https:\/\/fdasrl.it\/prodotto\/pendelventil-far17-fuer-traenken\/"},"modified":"2026-03-05T16:00:57","modified_gmt":"2026-03-05T15:00:57","slug":"pendelventil-far17-fuer-traenken","status":"publish","type":"product","link":"https:\/\/fdasrl.it\/de\/prodotto\/pendelventil-far17-fuer-traenken\/","title":{"rendered":"Pendelventil FAR17 f\u00fcr Tr\u00e4nken"},"content":{"rendered":"<h2>Pendelventil FAR17 f\u00fcr Tr\u00e4nken<\/h2>\n<p>Das <strong>Pendelventil FAR17<\/strong> ist f\u00fcr viele Arten von <strong>Tr\u00e4nken konzipiert, darunter die FDA-Tr\u00e4nken FA-BE und FA-BE MAX<\/strong>, und besteht aus <strong>Messing<\/strong>, um eine hohe Widerstandsf\u00e4higkeit und lange Lebensdauer in landwirtschaftlichen Umgebungen zu gew\u00e4hrleisten.<\/p>\n<p>Ausgestattet mit einem <strong>1\/2&#8243;-Au\u00dfengewinde<\/strong> gew\u00e4hrleistet dieses Ventil einen hohen Wasserdurchfluss und einen zuverl\u00e4ssigen Betrieb auch unter intensiven Einsatzbedingungen.<\/p>\n<h3>Hauptmerkmale<\/h3>\n<ul>\n<li>Geh\u00e4use aus <strong>korrosionsbest\u00e4ndigem Messing<\/strong><\/li>\n<li><strong>1\/2&#8243;-Au\u00dfengewinde<\/strong><\/li>\n<li><strong>Hoher Wasserdurchfluss<\/strong><\/li>\n<li>Kompatibel mit <strong>FA-BE und FA-BE MAX Tr\u00e4nken<\/strong><\/li>\n<li><strong>Komplettes Ersatzteil<\/strong>, einbaufertig<\/li>\n<\/ul>\n<h3>Betriebsdruck<\/h3>\n<p>Arbeitsdruck:  <strong>0 bis 5 bar<\/strong><\/p>\n<h3>Wasserdurchfluss<\/h3>\n<ul>\n<li><strong>3 bar:<\/strong> 20 l\/min<\/li>\n<li><strong>4 bar:<\/strong> 23 l\/min<\/li>\n<li><strong>5 bar:<\/strong> 26 l\/min<\/li>\n<\/ul>\n<p>Das Pendelventil FAR17 garantiert eine effiziente Wasserabgabe in den Tr\u00e4nken, tr\u00e4gt zur Reduzierung von Verschwendung bei und sichert den Tieren einen konstanten Zugang zu Wasser.<\/p>\n<p>\ud83d\udc49 H\u00e4ndlerpreis anfragen: <a href=\"mailto:info@fdasrl.it\">HIER KLICKEN<\/a><\/p>\n","protected":false},"excerpt":{"rendered":"<p>Das <strong data-start=\"26\" data-end=\"53\">Pendelventil FAR17<\/strong> ist ein komplettes Ersatzteil, das mit vielen Tr\u00e4nken kompatibel ist, einschlie\u00dflich der <strong data-start=\"81\" data-end=\"114\">FA-BE und FA-BE MAX Tr\u00e4nken<\/strong>. Es besteht aus <strong data-start=\"130\" data-end=\"140\">Messing<\/strong>, um Robustheit und Langlebigkeit in der Tierhaltung zu garantieren. Ausgestattet mit einem <strong data-start=\"212\" data-end=\"249\">1\/2&#8243;-Au\u00dfengewinde<\/strong> gew\u00e4hrleistet es einen <strong data-start=\"260\" data-end=\"287\">hohen Wasserdurchfluss<\/strong> und einen zuverl\u00e4ssigen Betrieb bei einem <strong data-start=\"319\" data-end=\"358\">Betriebsdruck von 0 bis 5 bar<\/strong>. Ideal f\u00fcr eine konstante Wasserversorgung in Tr\u00e4nken.  <\/p>\n","protected":false},"featured_media":1182,"comment_status":"open","ping_status":"closed","template":"","meta":{"_et_pb_use_builder":"","_et_pb_old_content":"","_et_gb_content_width":""},"product_brand":[],"product_cat":[544,510,512],"product_tag":[603],"class_list":{"0":"post-2639","1":"product","2":"type-product","3":"status-publish","4":"has-post-thumbnail","6":"product_cat-tranken-2","7":"product_cat-tranken","8":"product_cat-ventile-und-schwimmer","9":"product_tag-far17","11":"first","12":"instock","13":"shipping-taxable","14":"product-type-simple"},"yoast_head":"<!-- This site is optimized with the Yoast SEO Premium plugin v27.5 (Yoast SEO v27.5) - https:\/\/yoast.com\/product\/yoast-seo-premium-wordpress\/ -->\n<title>Pendelventil f\u00fcr Tr\u00e4nken: hoher Durchfluss<\/title>\n<meta name=\"description\" content=\"Entdecken Sie das Pendelventil FAR17 f\u00fcr Tr\u00e4nken, das auf Langlebigkeit und eine hohe Wasserdurchflussrate ausgelegt ist. Jetzt entdecken!\" \/>\n<meta name=\"robots\" content=\"index, follow, max-snippet:-1, max-image-preview:large, max-video-preview:-1\" \/>\n<link rel=\"canonical\" href=\"https:\/\/fdasrl.it\/de\/prodotto\/pendelventil-far17-fuer-traenken\/\" \/>\n<meta property=\"og:locale\" content=\"de_DE\" \/>\n<meta property=\"og:type\" content=\"article\" \/>\n<meta property=\"og:title\" content=\"Pendelventil FAR17 f\u00fcr Tr\u00e4nken\" \/>\n<meta property=\"og:description\" content=\"Entdecken Sie das Pendelventil FAR17 f\u00fcr Tr\u00e4nken, das auf Langlebigkeit und eine hohe Wasserdurchflussrate ausgelegt ist. Jetzt entdecken!\" \/>\n<meta property=\"og:url\" content=\"https:\/\/fdasrl.it\/de\/prodotto\/pendelventil-far17-fuer-traenken\/\" \/>\n<meta property=\"og:site_name\" content=\"FDA srl\" \/>\n<meta property=\"article:publisher\" content=\"https:\/\/www.facebook.com\/share\/1MWhFWg1Tp\/?mibextid=LQQJ4d\" \/>\n<meta property=\"og:image\" content=\"https:\/\/fdasrl.it\/wp-content\/uploads\/2026\/03\/valvola-pendolo-FAR17-elevata-portata-per-sito-1.jpg\" \/>\n\t<meta property=\"og:image:width\" content=\"530\" \/>\n\t<meta property=\"og:image:height\" content=\"482\" \/>\n\t<meta property=\"og:image:type\" content=\"image\/jpeg\" \/>\n<meta name=\"twitter:card\" content=\"summary_large_image\" \/>\n<meta name=\"twitter:label1\" content=\"Preis\" \/>\n\t<meta name=\"twitter:data1\" content=\"\" \/>\n\t<meta name=\"twitter:label2\" content=\"Verf\u00fcgbarkeit\" \/>\n\t<meta name=\"twitter:data2\" content=\"Auf Lager\" \/>\n<meta property=\"product:price:currency\" content=\"EUR\" \/>\n<meta property=\"og:availability\" content=\"instock\" \/>\n<meta property=\"product:availability\" content=\"instock\" \/>\n<meta property=\"product:retailer_item_id\" content=\"FAR17\" \/>\n<meta property=\"product:condition\" content=\"new\" \/>\n<!-- \/ Yoast SEO Premium plugin. -->","yoast_head_json":{"title":"Pendelventil f\u00fcr Tr\u00e4nken: hoher Durchfluss","description":"Entdecken Sie das Pendelventil FAR17 f\u00fcr Tr\u00e4nken, das auf Langlebigkeit und eine hohe Wasserdurchflussrate ausgelegt ist. Jetzt entdecken!","robots":{"index":"index","follow":"follow","max-snippet":"max-snippet:-1","max-image-preview":"max-image-preview:large","max-video-preview":"max-video-preview:-1"},"canonical":"https:\/\/fdasrl.it\/de\/prodotto\/pendelventil-far17-fuer-traenken\/","og_locale":"de_DE","og_type":"article","og_title":"Pendelventil FAR17 f\u00fcr Tr\u00e4nken","og_description":"Entdecken Sie das Pendelventil FAR17 f\u00fcr Tr\u00e4nken, das auf Langlebigkeit und eine hohe Wasserdurchflussrate ausgelegt ist. Jetzt entdecken!","og_url":"https:\/\/fdasrl.it\/de\/prodotto\/pendelventil-far17-fuer-traenken\/","og_site_name":"FDA srl","article_publisher":"https:\/\/www.facebook.com\/share\/1MWhFWg1Tp\/?mibextid=LQQJ4d","og_image":[{"width":530,"height":482,"url":"https:\/\/fdasrl.it\/wp-content\/uploads\/2026\/03\/valvola-pendolo-FAR17-elevata-portata-per-sito-1.jpg","type":"image\/jpeg"}],"twitter_card":"summary_large_image","twitter_misc":{"Preis":"","Verf\u00fcgbarkeit":"Auf Lager"},"schema":{"@context":"https:\/\/schema.org","@graph":[{"@type":"WebPage","@id":"https:\/\/fdasrl.it\/de\/prodotto\/pendelventil-far17-fuer-traenken\/","url":"https:\/\/fdasrl.it\/de\/prodotto\/pendelventil-far17-fuer-traenken\/","name":"Pendelventil f\u00fcr Tr\u00e4nken: hoher Durchfluss","isPartOf":{"@id":"https:\/\/fdasrl.it\/de\/#website"},"primaryImageOfPage":{"@id":"https:\/\/fdasrl.it\/de\/prodotto\/pendelventil-far17-fuer-traenken\/#primaryimage"},"image":{"@id":"https:\/\/fdasrl.it\/de\/prodotto\/pendelventil-far17-fuer-traenken\/#primaryimage"},"thumbnailUrl":"https:\/\/fdasrl.it\/wp-content\/uploads\/2026\/03\/valvola-pendolo-FAR17-elevata-portata-per-sito-1.jpg","datePublished":"2026-03-05T15:00:57+00:00","description":"Entdecken Sie das Pendelventil FAR17 f\u00fcr Tr\u00e4nken, das auf Langlebigkeit und eine hohe Wasserdurchflussrate ausgelegt ist. Jetzt entdecken!","breadcrumb":{"@id":"https:\/\/fdasrl.it\/de\/prodotto\/pendelventil-far17-fuer-traenken\/#breadcrumb"},"inLanguage":"de","potentialAction":[{"@type":"ReadAction","target":["https:\/\/fdasrl.it\/de\/prodotto\/pendelventil-far17-fuer-traenken\/"]}]},{"@type":"ImageObject","inLanguage":"de","@id":"https:\/\/fdasrl.it\/de\/prodotto\/pendelventil-far17-fuer-traenken\/#primaryimage","url":"https:\/\/fdasrl.it\/wp-content\/uploads\/2026\/03\/valvola-pendolo-FAR17-elevata-portata-per-sito-1.jpg","contentUrl":"https:\/\/fdasrl.it\/wp-content\/uploads\/2026\/03\/valvola-pendolo-FAR17-elevata-portata-per-sito-1.jpg","width":530,"height":482,"caption":"Hochfluss-Pendelventil FAR17 f\u00fcr automatische Tr\u00e4nken."},{"@type":"BreadcrumbList","@id":"https:\/\/fdasrl.it\/de\/prodotto\/pendelventil-far17-fuer-traenken\/#breadcrumb","itemListElement":[{"@type":"ListItem","position":1,"name":"Home","item":"https:\/\/fdasrl.it\/de\/startseite\/"},{"@type":"ListItem","position":2,"name":"Shop","item":"https:\/\/fdasrl.it\/de\/shop\/"},{"@type":"ListItem","position":3,"name":"Pendelventil FAR17 f\u00fcr Tr\u00e4nken"}]},{"@type":"WebSite","@id":"https:\/\/fdasrl.it\/de\/#website","url":"https:\/\/fdasrl.it\/de\/","name":"FDA srl","description":"Equipment for animal husbandry","publisher":{"@id":"https:\/\/fdasrl.it\/de\/#organization"},"potentialAction":[{"@type":"SearchAction","target":{"@type":"EntryPoint","urlTemplate":"https:\/\/fdasrl.it\/de\/?s={search_term_string}"},"query-input":{"@type":"PropertyValueSpecification","valueRequired":true,"valueName":"search_term_string"}}],"inLanguage":"de"},{"@type":"Organization","@id":"https:\/\/fdasrl.it\/de\/#organization","name":"FDA srl","url":"https:\/\/fdasrl.it\/de\/","logo":{"@type":"ImageObject","inLanguage":"de","@id":"https:\/\/fdasrl.it\/de\/#\/schema\/logo\/image\/","url":"https:\/\/fdasrl.it\/wp-content\/uploads\/2024\/12\/Logo-FDA.png","contentUrl":"https:\/\/fdasrl.it\/wp-content\/uploads\/2024\/12\/Logo-FDA.png","width":316,"height":119,"caption":"FDA srl"},"image":{"@id":"https:\/\/fdasrl.it\/de\/#\/schema\/logo\/image\/"},"sameAs":["https:\/\/www.facebook.com\/share\/1MWhFWg1Tp\/?mibextid=LQQJ4d","https:\/\/www.instagram.com\/fda_srl\/profilecard\/?igsh=YW5lbzJ6MWg0d21u","https:\/\/www.youtube.com\/@FDASRL_ANIMALCARE"],"description":"FDA SRL \u2013 Equipment for animal husbandry nasce con l\u2019obiettivo di offrire soluzioni affidabili e innovative per l\u2019allevamento moderno. Con anni di esperienza nel settore zootecnico, progettiamo e realizziamo attrezzature destinate al benessere animale e alla gestione efficiente delle stalle: vasche, abbeveratoi, mangiatoie e sistemi di riscaldamento pensati per durare nel tempo e semplificare il lavoro quotidiano degli allevatori. Dalla progettazione alla produzione, ogni nostro prodotto \u00e8 studiato nei minimi dettagli, testato con cura e costruito per rispondere alle esigenze reali del settore. La nostra forza \u00e8 unire artigianalit\u00e0, tecnologia e competenza tecnica per trasformare ogni progetto in una soluzione concreta e funzionale. Oggi FDA SRL \u00e8 un punto di riferimento per privati e rivenditori che cercano qualit\u00e0, affidabilit\u00e0 e innovazione nelle attrezzature per l\u2019allevamento.","email":"info@fdasrl.it","telephone":"+390522826820","legalName":"F.D.A. SRL","foundingDate":"2024-10-13","vatID":"03075840359","taxID":"03075840359","numberOfEmployees":{"@type":"QuantitativeValue","minValue":"1","maxValue":"10"}}]},"product_price_currency":"EUR","og_availability":"instock","product_availability":"instock","product_retailer_item_id":"FAR17","product_condition":"new"},"_links":{"self":[{"href":"https:\/\/fdasrl.it\/de\/wp-json\/wp\/v2\/product\/2639","targetHints":{"allow":["GET"]}}],"collection":[{"href":"https:\/\/fdasrl.it\/de\/wp-json\/wp\/v2\/product"}],"about":[{"href":"https:\/\/fdasrl.it\/de\/wp-json\/wp\/v2\/types\/product"}],"replies":[{"embeddable":true,"href":"https:\/\/fdasrl.it\/de\/wp-json\/wp\/v2\/comments?post=2639"}],"wp:featuredmedia":[{"embeddable":true,"href":"https:\/\/fdasrl.it\/de\/wp-json\/wp\/v2\/media\/1182"}],"wp:attachment":[{"href":"https:\/\/fdasrl.it\/de\/wp-json\/wp\/v2\/media?parent=2639"}],"wp:term":[{"taxonomy":"product_brand","embeddable":true,"href":"https:\/\/fdasrl.it\/de\/wp-json\/wp\/v2\/product_brand?post=2639"},{"taxonomy":"product_cat","embeddable":true,"href":"https:\/\/fdasrl.it\/de\/wp-json\/wp\/v2\/product_cat?post=2639"},{"taxonomy":"product_tag","embeddable":true,"href":"https:\/\/fdasrl.it\/de\/wp-json\/wp\/v2\/product_tag?post=2639"}],"curies":[{"name":"wp","href":"https:\/\/api.w.org\/{rel}","templated":true}]}}