{"id":2763,"date":"2025-08-26T16:13:25","date_gmt":"2025-08-26T14:13:25","guid":{"rendered":"https:\/\/fdasrl.it\/prodotto\/interheat-par-100w-3g-waermelampe-fuer-tiere\/"},"modified":"2025-08-26T16:13:25","modified_gmt":"2025-08-26T14:13:25","slug":"interheat-par-100w-3g-waermelampe-fuer-tiere","status":"publish","type":"product","link":"https:\/\/fdasrl.it\/de\/prodotto\/interheat-par-100w-3g-waermelampe-fuer-tiere\/","title":{"rendered":"Interheat PAR 100W 3G W\u00e4rmelampe f\u00fcr Tiere"},"content":{"rendered":"<p data-start=\"834\" data-end=\"1243\">Die <strong data-start=\"837\" data-end=\"881\">Interheat PAR100W 3G W\u00e4rmelampe<\/strong> aus Pressglas ist eine professionelle und effiziente L\u00f6sung, um kleinen Tieren in Zuchtbetrieben und professionellen Umgebungen W\u00e4rme und Wohlbefinden zu garantieren. Ideal f\u00fcr <strong data-start=\"1057\" data-end=\"1089\">Ferkel, K\u00fcken und Welpen<\/strong> bietet diese Infrarotlampe eine gleichm\u00e4\u00dfige und dauerhafte W\u00e4rme und reduziert das Risiko einer Unterk\u00fchlung der Tiere in den ersten Wachstumsphasen. <\/p>\n<p data-start=\"1245\" data-end=\"1578\">Dank ihres <strong data-start=\"1259\" data-end=\"1302\">integrierten Aluminiumreflektors (PAR)<\/strong> und der kompakten Struktur wird die W\u00e4rme nach unten projiziert, wodurch eine komfortable und sichere Umgebung entsteht. Mit nur <strong data-start=\"1425\" data-end=\"1448\">100 Watt Leistung<\/strong> garantiert sie die gleiche Leistung wie eine herk\u00f6mmliche 150-Watt-Lampe und erm\u00f6glicht eine <strong data-start=\"1539\" data-end=\"1575\">Energieeinsparung von bis zu 30 %. Die<\/strong> Interheat PAR100W 3G W\u00e4rmelampe ist eine erstklassige Wahl. <\/p>\n<h3 data-start=\"1580\" data-end=\"1611\">Technische Daten:<\/h3>\n<ul data-start=\"1612\" data-end=\"1870\">\n<li data-start=\"1612\" data-end=\"1664\">\n<p data-start=\"1614\" data-end=\"1664\">Typ: <strong data-start=\"1620\" data-end=\"1662\">Infrarotlampe aus schwerem Pressglas<\/strong> \u2013 perfekt f\u00fcr alle, die eine zuverl\u00e4ssige W\u00e4rmelampe suchen<\/p>\n<\/li>\n<li data-start=\"1665\" data-end=\"1685\">\n<p data-start=\"1667\" data-end=\"1685\">Modell: <strong data-start=\"1676\" data-end=\"1683\">PAR<\/strong><\/p>\n<\/li>\n<li data-start=\"1686\" data-end=\"1707\">\n<p data-start=\"1688\" data-end=\"1707\">Farbe: <strong data-start=\"1696\" data-end=\"1705\">rot<\/strong><\/p>\n<\/li>\n<li data-start=\"1708\" data-end=\"1733\">\n<p data-start=\"1710\" data-end=\"1733\">Leistung: <strong data-start=\"1719\" data-end=\"1731\">100 Watt<\/strong><\/p>\n<\/li>\n<li data-start=\"1734\" data-end=\"1761\">\n<p data-start=\"1736\" data-end=\"1761\">Spannung: <strong data-start=\"1746\" data-end=\"1759\">230\u2013240 V<\/strong><\/p>\n<\/li>\n<li data-start=\"1762\" data-end=\"1782\">\n<p data-start=\"1764\" data-end=\"1782\">Fassung: <strong data-start=\"1773\" data-end=\"1780\">E27<\/strong><\/p>\n<\/li>\n<li data-start=\"1783\" data-end=\"1802\">\n<p data-start=\"1785\" data-end=\"1802\"><strong data-start=\"1785\" data-end=\"1800\">Dimmbar<\/strong><\/p>\n<\/li>\n<li data-start=\"1803\" data-end=\"1842\">\n<p data-start=\"1805\" data-end=\"1842\"><strong data-start=\"1805\" data-end=\"1840\">Spritzwassergesch\u00fctzt<\/strong><\/p>\n<\/li>\n<li data-start=\"1843\" data-end=\"1870\">\n<p data-start=\"1845\" data-end=\"1870\">Verpackung: <strong data-start=\"1857\" data-end=\"1868\">2 St\u00fcck<\/strong><\/p>\n<\/li>\n<\/ul>\n<p data-start=\"1872\" data-end=\"2050\">W\u00e4hlen Sie die <strong data-start=\"1882\" data-end=\"1926\">Interheat PAR100W 3G W\u00e4rmelampe<\/strong> f\u00fcr eine <strong data-start=\"1934\" data-end=\"1988\">zuverl\u00e4ssige, sichere und verbrauchsarme Beheizung<\/strong>, entwickelt f\u00fcr den Agrar-, Viehzucht- und Industriesektor. Diese W\u00e4rmelampe ist f\u00fcr ihre Energieeffizienz bekannt. <\/p>\n<hr data-start=\"1609\" data-end=\"1612\">\n<p data-start=\"1614\" data-end=\"1719\">\ud83d\udce9 <strong data-start=\"1617\" data-end=\"1717\">F\u00fcr gezielte Angebote und personalisierte Kostenvoranschl\u00e4ge schreiben Sie an: <a class=\"decorated-link cursor-pointer\" href=\"mailto:info@fdasrl.it\" rel=\"noopener\" data-start=\"1676\" data-end=\"1715\">info@fdasrl.it<\/a><\/strong><\/p>\n<p data-start=\"1614\" data-end=\"1719\"><a href=\"https:\/\/fda-shop.it\/shop\/articoli-per-allevamento\/riflettori-e-infrarossi\/lampada-riscaldante-per-animali-interheat-par-100w#\/295-accessori_e_confezioni-confezione_2_pezzi\">\ud83d\udc49 <\/a><strong data-start=\"2134\" data-end=\"2186\">Kaufen Sie sie jetzt in unserem Online-Shop FDA SRL \u2013 <\/strong><a href=\"https:\/\/fda-shop.it\/shop\/articoli-per-allevamento\/riflettori-e-infrarossi\/lampada-riscaldante-per-animali-interheat-par-100w#\/295-accessori_e_confezioni-confezione_2_pezzi\"><strong data-start=\"2134\" data-end=\"2186\">HIER KLICKEN<\/strong><\/a><\/p>\n<p>&nbsp;<\/p>\n<p>&nbsp;<\/p>\n","protected":false},"excerpt":{"rendered":"<p>Interheat PAR100W 3G Infrarot-W\u00e4rmelampe aus Pressglas mit integriertem Reflektor. 100 Watt Leistung, E27-Fassung, Farbe Rot. Bietet die gleiche Leistung wie 150-Watt-Lampen bei einer Energieeinsparung von 30 %. Ideal f\u00fcr Ferkel, K\u00fcken, Welpen und kleine Tiere.   <\/p>\n","protected":false},"featured_media":907,"comment_status":"open","ping_status":"closed","template":"","meta":{"_et_pb_use_builder":"","_et_pb_old_content":"","_et_gb_content_width":""},"product_brand":[],"product_cat":[645,644,643,646],"product_tag":[647],"class_list":{"0":"post-2763","1":"product","2":"type-product","3":"status-publish","4":"has-post-thumbnail","6":"product_cat-geflugel","7":"product_cat-infrarotlampen","8":"product_cat-schweine","9":"product_cat-tierheizung","10":"product_tag-fda-000061i","12":"first","13":"instock","14":"shipping-taxable","15":"product-type-simple"},"yoast_head":"<!-- This site is optimized with the Yoast SEO Premium plugin v27.5 (Yoast SEO v27.5) - https:\/\/yoast.com\/product\/yoast-seo-premium-wordpress\/ -->\n<title>Interheat PAR100W 3G W\u00e4rmelampe f\u00fcr Ferkel und K\u00fcken<\/title>\n<meta name=\"description\" content=\"Bieten Sie Ihren Tieren W\u00e4rme und Wohlbefinden mit der Interheat PAR100W 3G W\u00e4rmelampe. Effizient und kompakt \u2013 jetzt entdecken!\" \/>\n<meta name=\"robots\" content=\"index, follow, max-snippet:-1, max-image-preview:large, max-video-preview:-1\" \/>\n<link rel=\"canonical\" href=\"https:\/\/fdasrl.it\/de\/prodotto\/interheat-par-100w-3g-waermelampe-fuer-tiere\/\" \/>\n<meta property=\"og:locale\" content=\"de_DE\" \/>\n<meta property=\"og:type\" content=\"article\" \/>\n<meta property=\"og:title\" content=\"Interheat PAR 100W 3G W\u00e4rmelampe f\u00fcr Tiere\" \/>\n<meta property=\"og:description\" content=\"Bieten Sie Ihren Tieren W\u00e4rme und Wohlbefinden mit der Interheat PAR100W 3G W\u00e4rmelampe. Effizient und kompakt \u2013 jetzt entdecken!\" \/>\n<meta property=\"og:url\" content=\"https:\/\/fdasrl.it\/de\/prodotto\/interheat-par-100w-3g-waermelampe-fuer-tiere\/\" \/>\n<meta property=\"og:site_name\" content=\"FDA srl\" \/>\n<meta property=\"article:publisher\" content=\"https:\/\/www.facebook.com\/share\/1MWhFWg1Tp\/?mibextid=LQQJ4d\" \/>\n<meta property=\"og:image\" content=\"https:\/\/fdasrl.it\/wp-content\/uploads\/2025\/08\/lampada-riscaldante-interheat-par100w-3g-1.webp\" \/>\n\t<meta property=\"og:image:width\" content=\"750\" \/>\n\t<meta property=\"og:image:height\" content=\"750\" \/>\n\t<meta property=\"og:image:type\" content=\"image\/webp\" \/>\n<meta name=\"twitter:card\" content=\"summary_large_image\" \/>\n<meta name=\"twitter:label1\" content=\"Preis\" \/>\n\t<meta name=\"twitter:data1\" content=\"\" \/>\n\t<meta name=\"twitter:label2\" content=\"Verf\u00fcgbarkeit\" \/>\n\t<meta name=\"twitter:data2\" content=\"Auf Lager\" \/>\n<meta property=\"product:price:currency\" content=\"EUR\" \/>\n<meta property=\"og:availability\" content=\"instock\" \/>\n<meta property=\"product:availability\" content=\"instock\" \/>\n<meta property=\"product:retailer_item_id\" content=\"FDA-000061-1\" \/>\n<meta property=\"product:condition\" content=\"new\" \/>\n<!-- \/ Yoast SEO Premium plugin. -->","yoast_head_json":{"title":"Interheat PAR100W 3G W\u00e4rmelampe f\u00fcr Ferkel und K\u00fcken","description":"Bieten Sie Ihren Tieren W\u00e4rme und Wohlbefinden mit der Interheat PAR100W 3G W\u00e4rmelampe. Effizient und kompakt \u2013 jetzt entdecken!","robots":{"index":"index","follow":"follow","max-snippet":"max-snippet:-1","max-image-preview":"max-image-preview:large","max-video-preview":"max-video-preview:-1"},"canonical":"https:\/\/fdasrl.it\/de\/prodotto\/interheat-par-100w-3g-waermelampe-fuer-tiere\/","og_locale":"de_DE","og_type":"article","og_title":"Interheat PAR 100W 3G W\u00e4rmelampe f\u00fcr Tiere","og_description":"Bieten Sie Ihren Tieren W\u00e4rme und Wohlbefinden mit der Interheat PAR100W 3G W\u00e4rmelampe. Effizient und kompakt \u2013 jetzt entdecken!","og_url":"https:\/\/fdasrl.it\/de\/prodotto\/interheat-par-100w-3g-waermelampe-fuer-tiere\/","og_site_name":"FDA srl","article_publisher":"https:\/\/www.facebook.com\/share\/1MWhFWg1Tp\/?mibextid=LQQJ4d","og_image":[{"width":750,"height":750,"url":"https:\/\/fdasrl.it\/wp-content\/uploads\/2025\/08\/lampada-riscaldante-interheat-par100w-3g-1.webp","type":"image\/webp"}],"twitter_card":"summary_large_image","twitter_misc":{"Preis":"","Verf\u00fcgbarkeit":"Auf Lager"},"schema":{"@context":"https:\/\/schema.org","@graph":[{"@type":"WebPage","@id":"https:\/\/fdasrl.it\/de\/prodotto\/interheat-par-100w-3g-waermelampe-fuer-tiere\/","url":"https:\/\/fdasrl.it\/de\/prodotto\/interheat-par-100w-3g-waermelampe-fuer-tiere\/","name":"Interheat PAR100W 3G W\u00e4rmelampe f\u00fcr Ferkel und K\u00fcken","isPartOf":{"@id":"https:\/\/fdasrl.it\/de\/#website"},"primaryImageOfPage":{"@id":"https:\/\/fdasrl.it\/de\/prodotto\/interheat-par-100w-3g-waermelampe-fuer-tiere\/#primaryimage"},"image":{"@id":"https:\/\/fdasrl.it\/de\/prodotto\/interheat-par-100w-3g-waermelampe-fuer-tiere\/#primaryimage"},"thumbnailUrl":"https:\/\/fdasrl.it\/wp-content\/uploads\/2025\/08\/lampada-riscaldante-interheat-par100w-3g-1.webp","datePublished":"2025-08-26T14:13:25+00:00","description":"Bieten Sie Ihren Tieren W\u00e4rme und Wohlbefinden mit der Interheat PAR100W 3G W\u00e4rmelampe. Effizient und kompakt \u2013 jetzt entdecken!","breadcrumb":{"@id":"https:\/\/fdasrl.it\/de\/prodotto\/interheat-par-100w-3g-waermelampe-fuer-tiere\/#breadcrumb"},"inLanguage":"de","potentialAction":[{"@type":"ReadAction","target":["https:\/\/fdasrl.it\/de\/prodotto\/interheat-par-100w-3g-waermelampe-fuer-tiere\/"]}]},{"@type":"ImageObject","inLanguage":"de","@id":"https:\/\/fdasrl.it\/de\/prodotto\/interheat-par-100w-3g-waermelampe-fuer-tiere\/#primaryimage","url":"https:\/\/fdasrl.it\/wp-content\/uploads\/2025\/08\/lampada-riscaldante-interheat-par100w-3g-1.webp","contentUrl":"https:\/\/fdasrl.it\/wp-content\/uploads\/2025\/08\/lampada-riscaldante-interheat-par100w-3g-1.webp","width":750,"height":750,"caption":"Interheat PAR100W 3G W\u00e4rmelampe, 100 Watt, Farbe Rot, aus Pressglas. Ideal f\u00fcr Nutztiere."},{"@type":"BreadcrumbList","@id":"https:\/\/fdasrl.it\/de\/prodotto\/interheat-par-100w-3g-waermelampe-fuer-tiere\/#breadcrumb","itemListElement":[{"@type":"ListItem","position":1,"name":"Home","item":"https:\/\/fdasrl.it\/de\/startseite\/"},{"@type":"ListItem","position":2,"name":"Shop","item":"https:\/\/fdasrl.it\/de\/shop\/"},{"@type":"ListItem","position":3,"name":"Interheat PAR 100W 3G W\u00e4rmelampe f\u00fcr Tiere"}]},{"@type":"WebSite","@id":"https:\/\/fdasrl.it\/de\/#website","url":"https:\/\/fdasrl.it\/de\/","name":"FDA srl","description":"Equipment for animal husbandry","publisher":{"@id":"https:\/\/fdasrl.it\/de\/#organization"},"potentialAction":[{"@type":"SearchAction","target":{"@type":"EntryPoint","urlTemplate":"https:\/\/fdasrl.it\/de\/?s={search_term_string}"},"query-input":{"@type":"PropertyValueSpecification","valueRequired":true,"valueName":"search_term_string"}}],"inLanguage":"de"},{"@type":"Organization","@id":"https:\/\/fdasrl.it\/de\/#organization","name":"FDA srl","url":"https:\/\/fdasrl.it\/de\/","logo":{"@type":"ImageObject","inLanguage":"de","@id":"https:\/\/fdasrl.it\/de\/#\/schema\/logo\/image\/","url":"https:\/\/fdasrl.it\/wp-content\/uploads\/2024\/12\/Logo-FDA.png","contentUrl":"https:\/\/fdasrl.it\/wp-content\/uploads\/2024\/12\/Logo-FDA.png","width":316,"height":119,"caption":"FDA srl"},"image":{"@id":"https:\/\/fdasrl.it\/de\/#\/schema\/logo\/image\/"},"sameAs":["https:\/\/www.facebook.com\/share\/1MWhFWg1Tp\/?mibextid=LQQJ4d","https:\/\/www.instagram.com\/fda_srl\/profilecard\/?igsh=YW5lbzJ6MWg0d21u","https:\/\/www.youtube.com\/@FDASRL_ANIMALCARE"],"description":"FDA SRL \u2013 Equipment for animal husbandry nasce con l\u2019obiettivo di offrire soluzioni affidabili e innovative per l\u2019allevamento moderno. Con anni di esperienza nel settore zootecnico, progettiamo e realizziamo attrezzature destinate al benessere animale e alla gestione efficiente delle stalle: vasche, abbeveratoi, mangiatoie e sistemi di riscaldamento pensati per durare nel tempo e semplificare il lavoro quotidiano degli allevatori. Dalla progettazione alla produzione, ogni nostro prodotto \u00e8 studiato nei minimi dettagli, testato con cura e costruito per rispondere alle esigenze reali del settore. La nostra forza \u00e8 unire artigianalit\u00e0, tecnologia e competenza tecnica per trasformare ogni progetto in una soluzione concreta e funzionale. Oggi FDA SRL \u00e8 un punto di riferimento per privati e rivenditori che cercano qualit\u00e0, affidabilit\u00e0 e innovazione nelle attrezzature per l\u2019allevamento.","email":"info@fdasrl.it","telephone":"+390522826820","legalName":"F.D.A. SRL","foundingDate":"2024-10-13","vatID":"03075840359","taxID":"03075840359","numberOfEmployees":{"@type":"QuantitativeValue","minValue":"1","maxValue":"10"}}]},"product_price_currency":"EUR","og_availability":"instock","product_availability":"instock","product_retailer_item_id":"FDA-000061-1","product_condition":"new"},"_links":{"self":[{"href":"https:\/\/fdasrl.it\/de\/wp-json\/wp\/v2\/product\/2763","targetHints":{"allow":["GET"]}}],"collection":[{"href":"https:\/\/fdasrl.it\/de\/wp-json\/wp\/v2\/product"}],"about":[{"href":"https:\/\/fdasrl.it\/de\/wp-json\/wp\/v2\/types\/product"}],"replies":[{"embeddable":true,"href":"https:\/\/fdasrl.it\/de\/wp-json\/wp\/v2\/comments?post=2763"}],"wp:featuredmedia":[{"embeddable":true,"href":"https:\/\/fdasrl.it\/de\/wp-json\/wp\/v2\/media\/907"}],"wp:attachment":[{"href":"https:\/\/fdasrl.it\/de\/wp-json\/wp\/v2\/media?parent=2763"}],"wp:term":[{"taxonomy":"product_brand","embeddable":true,"href":"https:\/\/fdasrl.it\/de\/wp-json\/wp\/v2\/product_brand?post=2763"},{"taxonomy":"product_cat","embeddable":true,"href":"https:\/\/fdasrl.it\/de\/wp-json\/wp\/v2\/product_cat?post=2763"},{"taxonomy":"product_tag","embeddable":true,"href":"https:\/\/fdasrl.it\/de\/wp-json\/wp\/v2\/product_tag?post=2763"}],"curies":[{"name":"wp","href":"https:\/\/api.w.org\/{rel}","templated":true}]}}