{"id":2852,"date":"2025-05-09T15:51:04","date_gmt":"2025-05-09T13:51:04","guid":{"rendered":"https:\/\/fdasrl.it\/prodotto\/rutschfeste-gummimatten-fuer-staelle-sofa\/"},"modified":"2025-05-09T15:51:04","modified_gmt":"2025-05-09T13:51:04","slug":"rutschfeste-gummimatten-fuer-staelle-sofa","status":"publish","type":"product","link":"https:\/\/fdasrl.it\/de\/prodotto\/rutschfeste-gummimatten-fuer-staelle-sofa\/","title":{"rendered":"Rutschfeste Gummimatten f\u00fcr St\u00e4lle Sofa"},"content":{"rendered":"<h2 class=\"\" data-start=\"207\" data-end=\"327\"><strong data-start=\"210\" data-end=\"327\">Quadratische Gummimatten SOFA \u2013 Modularer rutschfester Bodenbelag f\u00fcr St\u00e4lle, Liegeboxen, Boxen und Melkst\u00e4nde<\/strong><\/h2>\n<p class=\"\" data-start=\"329\" data-end=\"737\">Die <strong data-start=\"332\" data-end=\"368\">quadratischen Gummimatten SOFA PZ<\/strong> sind eine professionelle und effektive L\u00f6sung zur Verbesserung von Sicherheit, Hygiene und Tierkomfort im Stall. Diese f\u00fcr den intensiven Einsatz in der Tierhaltung konzipierten <strong data-start=\"574\" data-end=\"613\">modularen rutschfesten Bodenbel\u00e4ge<\/strong> passen sich perfekt an alle Stallfl\u00e4chen an und garantieren <strong data-start=\"686\" data-end=\"736\">Langlebigkeit, Widerstandsf\u00e4higkeit und einfache Installation<\/strong>. <\/p>\n<h3 class=\"\" data-start=\"739\" data-end=\"769\">\u2705 <strong data-start=\"745\" data-end=\"768\">Ideale Anwendungen<\/strong>:<\/h3>\n<ul data-start=\"770\" data-end=\"1000\">\n<li class=\"\" data-start=\"770\" data-end=\"804\">\n<p class=\"\" data-start=\"772\" data-end=\"804\">Liegeboxen und Laufg\u00e4nge<\/p>\n<\/li>\n<li class=\"\" data-start=\"805\" data-end=\"839\">\n<p class=\"\" data-start=\"807\" data-end=\"839\">Melkst\u00e4nde und Vorteiber\u00e4ume<\/p>\n<\/li>\n<li class=\"\" data-start=\"840\" data-end=\"887\">\n<p class=\"\" data-start=\"842\" data-end=\"887\">Spaltenb\u00f6den und Transitbereiche<\/p>\n<\/li>\n<li class=\"\" data-start=\"888\" data-end=\"934\">\n<p class=\"\" data-start=\"890\" data-end=\"934\">Anbindest\u00e4lle und F\u00fctterungsbereiche<\/p>\n<\/li>\n<li class=\"\" data-start=\"935\" data-end=\"961\">\n<p class=\"\" data-start=\"937\" data-end=\"961\">Kranken- und Abkalbeboxen<\/p>\n<\/li>\n<li class=\"\" data-start=\"962\" data-end=\"1000\">\n<p class=\"\" data-start=\"964\" data-end=\"1000\">Boxen f\u00fcr K\u00e4lber und Jungvieh<\/p>\n<\/li>\n<\/ul>\n<h3 class=\"\" data-start=\"1002\" data-end=\"1053\">\u2b50 <strong data-start=\"1008\" data-end=\"1052\">Hauptvorteile der quadratischen SOFA-Matten<\/strong>:<\/h3>\n<ul data-start=\"1054\" data-end=\"2006\">\n<li class=\"\" data-start=\"1054\" data-end=\"1191\">\n<p class=\"\" data-start=\"1056\" data-end=\"1191\"><strong data-start=\"1056\" data-end=\"1098\">Komfort und Sicherheit f\u00fcr Ihre Tiere<\/strong>: Die elastische Oberfl\u00e4che reduziert Erm\u00fcdungserscheinungen und verbessert die Lebensqualit\u00e4t des Viehs.<\/p>\n<\/li>\n<li class=\"\" data-start=\"1192\" data-end=\"1316\">\n<p class=\"\" data-start=\"1194\" data-end=\"1316\"><strong data-start=\"1194\" data-end=\"1220\">Rutschfeste Oberfl\u00e4che<\/strong>: Entwickelt, um das Sturzrisiko auch bei Feuchtigkeit oder organischen R\u00fcckst\u00e4nden zu minimieren.<\/p>\n<\/li>\n<li class=\"\" data-start=\"1317\" data-end=\"1425\">\n<p class=\"\" data-start=\"1319\" data-end=\"1425\"><strong data-start=\"1319\" data-end=\"1349\">H\u00f6heres Tierwohl<\/strong>: Der Komfort unter den Klauen hilft, Lahmheiten, Verletzungen und Stress vorzubeugen.<\/p>\n<\/li>\n<li class=\"\" data-start=\"1426\" data-end=\"1531\">\n<p class=\"\" data-start=\"1428\" data-end=\"1531\"><strong data-start=\"1428\" data-end=\"1450\">W\u00e4rmeisolierung<\/strong>: Sch\u00fctzt vor Bodenk\u00e4lte, ideal f\u00fcr den Winter oder feuchte Umgebungen.<\/p>\n<\/li>\n<li class=\"\" data-start=\"1532\" data-end=\"1651\">\n<p class=\"\" data-start=\"1534\" data-end=\"1651\"><strong data-start=\"1534\" data-end=\"1562\">Effektive D\u00e4mpfung<\/strong>: Reduziert die Belastung von Gelenken und B\u00e4ndern und verbessert die Mobilit\u00e4t der Tiere.<\/p>\n<\/li>\n<li class=\"\" data-start=\"1652\" data-end=\"1766\">\n<p class=\"\" data-start=\"1654\" data-end=\"1766\"><strong data-start=\"1654\" data-end=\"1677\">Leichte Reinigung<\/strong>: Kompakte und wasserundurchl\u00e4ssige Oberfl\u00e4che, die die t\u00e4gliche Reinigung erleichtert.<\/p>\n<\/li>\n<li class=\"\" data-start=\"1767\" data-end=\"1879\">\n<p class=\"\" data-start=\"1769\" data-end=\"1879\"><strong data-start=\"1769\" data-end=\"1801\">Hohe Verschlei\u00dffestigkeit<\/strong>: Langlebiges Material auch bei hoher Frequenz und Belastung.<\/p>\n<\/li>\n<li class=\"\" data-start=\"1880\" data-end=\"2006\">\n<p class=\"\" data-start=\"1882\" data-end=\"2006\"><strong data-start=\"1882\" data-end=\"1917\">Einfache und schnelle Installation<\/strong>: Puzzle-Stecksystem, anpassbar an jede, auch unebene Oberfl\u00e4che.<\/p>\n<\/li>\n<\/ul>\n<h3 class=\"\" data-start=\"2008\" data-end=\"2044\">\ud83d\udcd0 <strong data-start=\"2015\" data-end=\"2043\">Technische Merkmale<\/strong>:<\/h3>\n<ul data-start=\"2045\" data-end=\"2208\">\n<li class=\"\" data-start=\"2045\" data-end=\"2089\">\n<p class=\"\" data-start=\"2047\" data-end=\"2089\">Material: Technischer Gummi mit hoher Dichte<\/p>\n<\/li>\n<li class=\"\" data-start=\"2090\" data-end=\"2122\">\n<p class=\"\" data-start=\"2092\" data-end=\"2122\">Modulares Puzzle-Format<\/p>\n<\/li>\n<li class=\"\" data-start=\"2123\" data-end=\"2178\">\n<p class=\"\" data-start=\"2125\" data-end=\"2178\">St\u00e4rke und Abmessungen auf Anfrage anpassbar<\/p>\n<\/li>\n<li class=\"\" data-start=\"2179\" data-end=\"2208\">\n<p class=\"\" data-start=\"2181\" data-end=\"2208\">Farbe: Schwarz oder auf Anfrage<\/p>\n<\/li>\n<\/ul>\n<hr class=\"\" data-start=\"2210\" data-end=\"2213\">\n<h3 class=\"\" data-start=\"2215\" data-end=\"2279\">\ud83d\udc04 <strong data-start=\"2222\" data-end=\"2279\">Warum sollten Sie sich f\u00fcr quadratische <\/strong><strong data-start=\"1008\" data-end=\"1052\">SOFA-Matten <\/strong><strong data-start=\"2222\" data-end=\"2279\">f\u00fcr Ihren Stall entscheiden?<\/strong><\/h3>\n<p class=\"\" data-start=\"2280\" data-end=\"2615\">Quadratische SOFA-Matten verbessern die Umgebungsbedingungen in St\u00e4llen erheblich und tragen zum <strong data-start=\"2383\" data-end=\"2404\">Tierwohl<\/strong>, zur <strong data-start=\"2411\" data-end=\"2440\">Produktivit\u00e4t des Viehs<\/strong> und zur <strong data-start=\"2448\" data-end=\"2477\">Sicherheit des Personals<\/strong> bei.<br data-start=\"2478\" data-end=\"2481\">Ideale L\u00f6sung f\u00fcr Rinder-, Schaf- und Schweinehaltungen, besonders effektiv in Bereichen mit hoher Feuchtigkeit oder viel Bewegung.<\/p>\n<p>&nbsp;<\/p>\n","protected":false},"excerpt":{"rendered":"<p><strong data-start=\"147\" data-end=\"194\">SOFA PZ Puzzle-Gummimatten f\u00fcr St\u00e4lle<\/strong>: Modularer rutschfester Bodenbelag f\u00fcr Liegeboxen, Melkst\u00e4nde, Abkalbeboxen und G\u00e4nge. Komfort, Sicherheit und Wohlbefinden f\u00fcr Ihre Tiere. <\/p>\n<p>Technische Datenbl\u00e4tter herunterladen:<\/p>\n<p><strong><a href=\"https:\/\/fdasrl.it\/wp-content\/uploads\/2025\/05\/SOFA-ITpdf_compressed.pdf\">SOFA-ITpdf_compressed<\/a> <\/strong><\/p>\n<p><strong><a href=\"https:\/\/fdasrl.it\/wp-content\/uploads\/2025\/05\/SOFA-EN-pagine_compressed-1.pdf\">SOFA-EN-pagine_compressed (1)<\/a><\/strong><\/p>\n<p>FORDERN SIE DAS VOLLST\u00c4NDIGE DATENBLATT PER E-MAIL AN: <a href=\"mailto:info@fdasrl.it\">info@fdasrl.it<\/a><\/p>\n","protected":false},"featured_media":790,"comment_status":"open","ping_status":"closed","template":"","meta":{"_et_pb_use_builder":"","_et_pb_old_content":"","_et_gb_content_width":""},"product_brand":[],"product_cat":[686,578,409,689,690,688,687],"product_tag":[691],"class_list":{"0":"post-2852","1":"product","2":"type-product","3":"status-publish","4":"has-post-thumbnail","6":"product_cat-klauenreinigung-und-rutschfeste-matten-fur-kuhe","7":"product_cat-pferde","8":"product_cat-rinder","9":"product_cat-rutschfeste-gummimatten","10":"product_cat-rutschfeste-gummimatten-fur-schweine","11":"product_cat-rutschfeste-matten-fur-pferde","12":"product_cat-tierwohl","13":"product_tag-sofa","15":"first","16":"instock","17":"shipping-taxable","18":"product-type-simple"},"yoast_head":"<!-- This site is optimized with the Yoast SEO Premium plugin v27.5 (Yoast SEO v27.5) - https:\/\/yoast.com\/product\/yoast-seo-premium-wordpress\/ -->\n<title>Quadratische rutschfeste Stallmatten: Sicherheit und Komfort - FDA srl<\/title>\n<meta name=\"description\" content=\"Verbessern Sie Komfort und Sicherheit der Tiere mit quadratischen rutschfesten Stallmatten. Langlebig und f\u00fcr jede Oberfl\u00e4che geeignet!\" \/>\n<meta name=\"robots\" content=\"index, follow, max-snippet:-1, max-image-preview:large, max-video-preview:-1\" \/>\n<link rel=\"canonical\" href=\"https:\/\/fdasrl.it\/de\/prodotto\/rutschfeste-gummimatten-fuer-staelle-sofa\/\" \/>\n<meta property=\"og:locale\" content=\"de_DE\" \/>\n<meta property=\"og:type\" content=\"article\" \/>\n<meta property=\"og:title\" content=\"Rutschfeste Gummimatten f\u00fcr St\u00e4lle Sofa\" \/>\n<meta property=\"og:description\" content=\"Verbessern Sie Komfort und Sicherheit der Tiere mit quadratischen rutschfesten Stallmatten. Langlebig und f\u00fcr jede Oberfl\u00e4che geeignet!\" \/>\n<meta property=\"og:url\" content=\"https:\/\/fdasrl.it\/de\/prodotto\/rutschfeste-gummimatten-fuer-staelle-sofa\/\" \/>\n<meta property=\"og:site_name\" content=\"FDA srl\" \/>\n<meta property=\"article:publisher\" content=\"https:\/\/www.facebook.com\/share\/1MWhFWg1Tp\/?mibextid=LQQJ4d\" \/>\n<meta property=\"og:image\" content=\"https:\/\/fdasrl.it\/wp-content\/uploads\/2025\/05\/Pavimentazione-gomma-stalla-quaadro-sofa.jpeg\" \/>\n\t<meta property=\"og:image:width\" content=\"1199\" \/>\n\t<meta property=\"og:image:height\" content=\"1200\" \/>\n\t<meta property=\"og:image:type\" content=\"image\/jpeg\" \/>\n<meta name=\"twitter:card\" content=\"summary_large_image\" \/>\n<meta name=\"twitter:label1\" content=\"Preis\" \/>\n\t<meta name=\"twitter:data1\" content=\"\" \/>\n\t<meta name=\"twitter:label2\" content=\"Verf\u00fcgbarkeit\" \/>\n\t<meta name=\"twitter:data2\" content=\"Auf Lager\" \/>\n<meta property=\"product:price:currency\" content=\"EUR\" \/>\n<meta property=\"og:availability\" content=\"instock\" \/>\n<meta property=\"product:availability\" content=\"instock\" \/>\n<meta property=\"product:retailer_item_id\" content=\"SOFAPZ-1\" \/>\n<meta property=\"product:condition\" content=\"new\" \/>\n<!-- \/ Yoast SEO Premium plugin. -->","yoast_head_json":{"title":"Quadratische rutschfeste Stallmatten: Sicherheit und Komfort - FDA srl","description":"Verbessern Sie Komfort und Sicherheit der Tiere mit quadratischen rutschfesten Stallmatten. Langlebig und f\u00fcr jede Oberfl\u00e4che geeignet!","robots":{"index":"index","follow":"follow","max-snippet":"max-snippet:-1","max-image-preview":"max-image-preview:large","max-video-preview":"max-video-preview:-1"},"canonical":"https:\/\/fdasrl.it\/de\/prodotto\/rutschfeste-gummimatten-fuer-staelle-sofa\/","og_locale":"de_DE","og_type":"article","og_title":"Rutschfeste Gummimatten f\u00fcr St\u00e4lle Sofa","og_description":"Verbessern Sie Komfort und Sicherheit der Tiere mit quadratischen rutschfesten Stallmatten. Langlebig und f\u00fcr jede Oberfl\u00e4che geeignet!","og_url":"https:\/\/fdasrl.it\/de\/prodotto\/rutschfeste-gummimatten-fuer-staelle-sofa\/","og_site_name":"FDA srl","article_publisher":"https:\/\/www.facebook.com\/share\/1MWhFWg1Tp\/?mibextid=LQQJ4d","og_image":[{"width":1199,"height":1200,"url":"https:\/\/fdasrl.it\/wp-content\/uploads\/2025\/05\/Pavimentazione-gomma-stalla-quaadro-sofa.jpeg","type":"image\/jpeg"}],"twitter_card":"summary_large_image","twitter_misc":{"Preis":"","Verf\u00fcgbarkeit":"Auf Lager"},"schema":{"@context":"https:\/\/schema.org","@graph":[{"@type":"WebPage","@id":"https:\/\/fdasrl.it\/de\/prodotto\/rutschfeste-gummimatten-fuer-staelle-sofa\/","url":"https:\/\/fdasrl.it\/de\/prodotto\/rutschfeste-gummimatten-fuer-staelle-sofa\/","name":"Quadratische rutschfeste Stallmatten: Sicherheit und Komfort - FDA srl","isPartOf":{"@id":"https:\/\/fdasrl.it\/de\/#website"},"primaryImageOfPage":{"@id":"https:\/\/fdasrl.it\/de\/prodotto\/rutschfeste-gummimatten-fuer-staelle-sofa\/#primaryimage"},"image":{"@id":"https:\/\/fdasrl.it\/de\/prodotto\/rutschfeste-gummimatten-fuer-staelle-sofa\/#primaryimage"},"thumbnailUrl":"https:\/\/fdasrl.it\/wp-content\/uploads\/2025\/05\/Pavimentazione-gomma-stalla-quaadro-sofa.jpeg","datePublished":"2025-05-09T13:51:04+00:00","description":"Verbessern Sie Komfort und Sicherheit der Tiere mit quadratischen rutschfesten Stallmatten. Langlebig und f\u00fcr jede Oberfl\u00e4che geeignet!","breadcrumb":{"@id":"https:\/\/fdasrl.it\/de\/prodotto\/rutschfeste-gummimatten-fuer-staelle-sofa\/#breadcrumb"},"inLanguage":"de","potentialAction":[{"@type":"ReadAction","target":["https:\/\/fdasrl.it\/de\/prodotto\/rutschfeste-gummimatten-fuer-staelle-sofa\/"]}]},{"@type":"ImageObject","inLanguage":"de","@id":"https:\/\/fdasrl.it\/de\/prodotto\/rutschfeste-gummimatten-fuer-staelle-sofa\/#primaryimage","url":"https:\/\/fdasrl.it\/wp-content\/uploads\/2025\/05\/Pavimentazione-gomma-stalla-quaadro-sofa.jpeg","contentUrl":"https:\/\/fdasrl.it\/wp-content\/uploads\/2025\/05\/Pavimentazione-gomma-stalla-quaadro-sofa.jpeg","width":1199,"height":1200,"caption":"Tappetino in gomma antiscivolo per stalle"},{"@type":"BreadcrumbList","@id":"https:\/\/fdasrl.it\/de\/prodotto\/rutschfeste-gummimatten-fuer-staelle-sofa\/#breadcrumb","itemListElement":[{"@type":"ListItem","position":1,"name":"Home","item":"https:\/\/fdasrl.it\/de\/startseite\/"},{"@type":"ListItem","position":2,"name":"Shop","item":"https:\/\/fdasrl.it\/de\/shop\/"},{"@type":"ListItem","position":3,"name":"Rutschfeste Gummimatten f\u00fcr St\u00e4lle Sofa"}]},{"@type":"WebSite","@id":"https:\/\/fdasrl.it\/de\/#website","url":"https:\/\/fdasrl.it\/de\/","name":"FDA srl","description":"Equipment for animal husbandry","publisher":{"@id":"https:\/\/fdasrl.it\/de\/#organization"},"potentialAction":[{"@type":"SearchAction","target":{"@type":"EntryPoint","urlTemplate":"https:\/\/fdasrl.it\/de\/?s={search_term_string}"},"query-input":{"@type":"PropertyValueSpecification","valueRequired":true,"valueName":"search_term_string"}}],"inLanguage":"de"},{"@type":"Organization","@id":"https:\/\/fdasrl.it\/de\/#organization","name":"FDA srl","url":"https:\/\/fdasrl.it\/de\/","logo":{"@type":"ImageObject","inLanguage":"de","@id":"https:\/\/fdasrl.it\/de\/#\/schema\/logo\/image\/","url":"https:\/\/fdasrl.it\/wp-content\/uploads\/2024\/12\/Logo-FDA.png","contentUrl":"https:\/\/fdasrl.it\/wp-content\/uploads\/2024\/12\/Logo-FDA.png","width":316,"height":119,"caption":"FDA srl"},"image":{"@id":"https:\/\/fdasrl.it\/de\/#\/schema\/logo\/image\/"},"sameAs":["https:\/\/www.facebook.com\/share\/1MWhFWg1Tp\/?mibextid=LQQJ4d","https:\/\/www.instagram.com\/fda_srl\/profilecard\/?igsh=YW5lbzJ6MWg0d21u","https:\/\/www.youtube.com\/@FDASRL_ANIMALCARE"],"description":"FDA SRL \u2013 Equipment for animal husbandry nasce con l\u2019obiettivo di offrire soluzioni affidabili e innovative per l\u2019allevamento moderno. Con anni di esperienza nel settore zootecnico, progettiamo e realizziamo attrezzature destinate al benessere animale e alla gestione efficiente delle stalle: vasche, abbeveratoi, mangiatoie e sistemi di riscaldamento pensati per durare nel tempo e semplificare il lavoro quotidiano degli allevatori. Dalla progettazione alla produzione, ogni nostro prodotto \u00e8 studiato nei minimi dettagli, testato con cura e costruito per rispondere alle esigenze reali del settore. La nostra forza \u00e8 unire artigianalit\u00e0, tecnologia e competenza tecnica per trasformare ogni progetto in una soluzione concreta e funzionale. Oggi FDA SRL \u00e8 un punto di riferimento per privati e rivenditori che cercano qualit\u00e0, affidabilit\u00e0 e innovazione nelle attrezzature per l\u2019allevamento.","email":"info@fdasrl.it","telephone":"+390522826820","legalName":"F.D.A. SRL","foundingDate":"2024-10-13","vatID":"03075840359","taxID":"03075840359","numberOfEmployees":{"@type":"QuantitativeValue","minValue":"1","maxValue":"10"}}]},"product_price_currency":"EUR","og_availability":"instock","product_availability":"instock","product_retailer_item_id":"SOFAPZ-1","product_condition":"new"},"_links":{"self":[{"href":"https:\/\/fdasrl.it\/de\/wp-json\/wp\/v2\/product\/2852","targetHints":{"allow":["GET"]}}],"collection":[{"href":"https:\/\/fdasrl.it\/de\/wp-json\/wp\/v2\/product"}],"about":[{"href":"https:\/\/fdasrl.it\/de\/wp-json\/wp\/v2\/types\/product"}],"replies":[{"embeddable":true,"href":"https:\/\/fdasrl.it\/de\/wp-json\/wp\/v2\/comments?post=2852"}],"wp:featuredmedia":[{"embeddable":true,"href":"https:\/\/fdasrl.it\/de\/wp-json\/wp\/v2\/media\/790"}],"wp:attachment":[{"href":"https:\/\/fdasrl.it\/de\/wp-json\/wp\/v2\/media?parent=2852"}],"wp:term":[{"taxonomy":"product_brand","embeddable":true,"href":"https:\/\/fdasrl.it\/de\/wp-json\/wp\/v2\/product_brand?post=2852"},{"taxonomy":"product_cat","embeddable":true,"href":"https:\/\/fdasrl.it\/de\/wp-json\/wp\/v2\/product_cat?post=2852"},{"taxonomy":"product_tag","embeddable":true,"href":"https:\/\/fdasrl.it\/de\/wp-json\/wp\/v2\/product_tag?post=2852"}],"curies":[{"name":"wp","href":"https:\/\/api.w.org\/{rel}","templated":true}]}}