{"id":2899,"date":"2025-07-25T16:56:01","date_gmt":"2025-07-25T14:56:01","guid":{"rendered":"https:\/\/fdasrl.it\/prodotto\/universelle-bodenhalterung-far-23-fuer-traenken\/"},"modified":"2025-07-25T16:56:01","modified_gmt":"2025-07-25T14:56:01","slug":"universelle-bodenhalterung-far-23-fuer-traenken","status":"publish","type":"product","link":"https:\/\/fdasrl.it\/de\/prodotto\/universelle-bodenhalterung-far-23-fuer-traenken\/","title":{"rendered":"Universelle Bodenhalterung FAR 23 f\u00fcr Tr\u00e4nken"},"content":{"rendered":"<h3 data-start=\"155\" data-end=\"274\">\u2705 Bodenhalterung FAR 23 f\u00fcr Tr\u00e4nken \u2013 verzinkter Stahl, St\u00e4rke 3 mm, mit Stickstoff-Laserschnitt<\/h3>\n<p data-start=\"490\" data-end=\"800\">Die <strong data-start=\"493\" data-end=\"510\">Bodenhalterung FAR 23<\/strong> von <strong data-start=\"514\" data-end=\"525\">FDA SRL<\/strong> ist eine professionelle Bodenst\u00fctze, die f\u00fcr die <strong data-start=\"580\" data-end=\"629\">stabile und sichere Installation von Tr\u00e4nken<\/strong> in landwirtschaftlichen, tiertechnischen, privaten und Garten-PET-Bereichen entwickelt wurde. Sie ist die ideale L\u00f6sung, um eine Tr\u00e4nkstelle auch ohne W\u00e4nde oder vertikale Strukturen zu schaffen. <\/p>\n<p data-start=\"802\" data-end=\"1105\">Hergestellt aus <strong data-start=\"816\" data-end=\"855\">verzinktem Stahl mit 3 mm St\u00e4rke<\/strong>, garantiert sie eine hohe strukturelle Robustheit und eine lange Lebensdauer im Au\u00dfenbereich. Der Schnitt erfolgt mit <strong data-start=\"967\" data-end=\"985\">Stickstoff-Lasertechnologie<\/strong>, die das Rostrisiko an den Schnittkanten eliminiert und die Materialintegrit\u00e4t auch unter feuchten Bedingungen bewahrt. <\/p>\n<p data-start=\"1107\" data-end=\"1186\">Die Halterung ist mit den wichtigsten Modellen der automatischen FDA-Tr\u00e4nken kompatibel:<\/p>\n<ul data-start=\"1188\" data-end=\"1268\">\n<li data-start=\"1188\" data-end=\"1219\">\n<p data-start=\"1190\" data-end=\"1219\">\u2705 <strong data-start=\"1192\" data-end=\"1204\">FAAGINOX<\/strong> \u2013 Edelstahl<\/p>\n<\/li>\n<li data-start=\"1220\" data-end=\"1268\">\n<p data-start=\"1222\" data-end=\"1268\">\u2705 <strong data-start=\"1224\" data-end=\"1241\">FAAG POLIPROP<\/strong> \u2013 Polypropylen, 3 Modelle<\/p>\n<\/li>\n<\/ul>\n<p data-start=\"1270\" data-end=\"1416\">Die Installation ist denkbar einfach: <strong data-start=\"1309\" data-end=\"1347\">Schlagen Sie sie direkt in den Boden ein<\/strong> und <strong data-start=\"1350\" data-end=\"1398\">befestigen Sie die Tr\u00e4nke mit den mitgelieferten Bolzen<\/strong>.<\/p>\n<hr data-start=\"1418\" data-end=\"1421\">\n<h3 data-start=\"1423\" data-end=\"1459\">\u2699\ufe0f <strong data-start=\"1430\" data-end=\"1459\">Technische Merkmale:<\/strong><\/h3>\n<ul data-start=\"1461\" data-end=\"1905\">\n<li data-start=\"1461\" data-end=\"1491\">\n<p data-start=\"1463\" data-end=\"1491\"><strong data-start=\"1463\" data-end=\"1474\">Modell<\/strong>: Bodenhalterung FAR 23<\/p>\n<\/li>\n<li data-start=\"1492\" data-end=\"1540\">\n<p data-start=\"1494\" data-end=\"1540\"><strong data-start=\"1494\" data-end=\"1507\">Material<\/strong>: verzinkter Stahl, St\u00e4rke 3 mm<\/p>\n<\/li>\n<li data-start=\"1541\" data-end=\"1597\">\n<p data-start=\"1543\" data-end=\"1597\"><strong data-start=\"1543\" data-end=\"1553\">Schnitt<\/strong>: Stickstoff-Laser (rostfrei an den Kanten)<\/p>\n<\/li>\n<li data-start=\"1598\" data-end=\"1664\">\n<p data-start=\"1600\" data-end=\"1664\"><strong data-start=\"1600\" data-end=\"1613\">Befestigung<\/strong>: Bodenmontage \u2013 direkt in den Boden einzuschlagen<\/p>\n<\/li>\n<li data-start=\"1665\" data-end=\"1719\">\n<p data-start=\"1667\" data-end=\"1719\"><strong data-start=\"1667\" data-end=\"1681\">Schraubensatz<\/strong>: zur Befestigung der Tr\u00e4nke enthalten<\/p>\n<\/li>\n<li data-start=\"1720\" data-end=\"1796\">\n<p data-start=\"1722\" data-end=\"1796\"><strong data-start=\"1722\" data-end=\"1739\">Kompatibilit\u00e4t<\/strong>: FAAGINOX, FAAG POLIPROP und andere Standardtr\u00e4nken<\/p>\n<\/li>\n<li data-start=\"1797\" data-end=\"1862\">\n<p data-start=\"1799\" data-end=\"1862\"><strong data-start=\"1799\" data-end=\"1811\">Verwendung<\/strong>: Paddocks, Gehege, St\u00e4lle, Zuchtbetriebe, G\u00e4rten<\/p>\n<\/li>\n<li data-start=\"1863\" data-end=\"1905\">\n<p data-start=\"1865\" data-end=\"1905\"><strong data-start=\"1865\" data-end=\"1880\">Hergestellt von<\/strong>: FDA SRL \u2013 Made in Italy<\/p>\n<\/li>\n<\/ul>\n<p>&nbsp;<\/p>\n<p>Kontaktieren Sie uns f\u00fcr ein spezielles Angebot f\u00fcr Wiederverk\u00e4ufer: info@fdasrl.it<\/p>\n<p>Kaufen Sie es in unserem Online-Shop<\/p>\n","protected":false},"excerpt":{"rendered":"<p>Bodenhalterung FAR 23 aus 3 mm verzinktem Stahl, Stickstoff-Laserschnitt. F\u00fcr FAAGINOX- und POLIPROP-Tr\u00e4nken. Robust, rostfrei, inklusive Bolzen.  <\/p>\n<p>Datenblatt KIT INOX herunterladen: <a href=\"https:\/\/fdasrl.it\/wp-content\/uploads\/2025\/07\/FAR23-instructions-with-FAAGINOX-final-version_compressed.pdf\">FAR23 instructions with FAAGINOX final version_compressed<\/a><\/p>\n<p>Datenblatt KIT INOX herunterladen: <a href=\"https:\/\/fdasrl.it\/wp-content\/uploads\/2025\/07\/FAR23-instructions-with-FAAGPOLIPROP-final-version_compressed.pdf\">FAR23 instructions with FAAGPOLIPROP final version_compressed<\/a><\/p>\n","protected":false},"featured_media":898,"comment_status":"open","ping_status":"closed","template":"","meta":{"_et_pb_use_builder":"","_et_pb_old_content":"","_et_gb_content_width":""},"product_brand":[],"product_cat":[645,578,409,414,544,510],"product_tag":[709,708],"class_list":{"0":"post-2899","1":"product","2":"type-product","3":"status-publish","4":"has-post-thumbnail","6":"product_cat-geflugel","7":"product_cat-pferde","8":"product_cat-rinder","9":"product_cat-schafe-und-ziegen","10":"product_cat-tranken-2","11":"product_cat-tranken","12":"product_tag-far-23","13":"product_tag-far23","15":"first","16":"instock","17":"shipping-taxable","18":"product-type-simple"},"yoast_head":"<!-- This site is optimized with the Yoast SEO Premium plugin v27.5 (Yoast SEO v27.5) - https:\/\/yoast.com\/product\/yoast-seo-premium-wordpress\/ -->\n<title>Verzinkte Bodenhalterung f\u00fcr Tr\u00e4nken: Robust und langlebig<\/title>\n<meta name=\"description\" content=\"Schnelle Installation und widerstandsf\u00e4higes Design: Die universelle verzinkte Bodenhalterung f\u00fcr Tr\u00e4nken aus verzinktem Stahl ist genau das, was Sie brauchen! Nutzen Sie das Angebot jetzt!\" \/>\n<meta name=\"robots\" content=\"index, follow, max-snippet:-1, max-image-preview:large, max-video-preview:-1\" \/>\n<link rel=\"canonical\" href=\"https:\/\/fdasrl.it\/de\/prodotto\/universelle-bodenhalterung-far-23-fuer-traenken\/\" \/>\n<meta property=\"og:locale\" content=\"de_DE\" \/>\n<meta property=\"og:type\" content=\"article\" \/>\n<meta property=\"og:title\" content=\"Universelle Bodenhalterung FAR 23 f\u00fcr Tr\u00e4nken\" \/>\n<meta property=\"og:description\" content=\"Schnelle Installation und widerstandsf\u00e4higes Design: Die universelle verzinkte Bodenhalterung f\u00fcr Tr\u00e4nken aus verzinktem Stahl ist genau das, was Sie brauchen! Nutzen Sie das Angebot jetzt!\" \/>\n<meta property=\"og:url\" content=\"https:\/\/fdasrl.it\/de\/prodotto\/universelle-bodenhalterung-far-23-fuer-traenken\/\" \/>\n<meta property=\"og:site_name\" content=\"FDA srl\" \/>\n<meta property=\"article:publisher\" content=\"https:\/\/www.facebook.com\/share\/1MWhFWg1Tp\/?mibextid=LQQJ4d\" \/>\n<meta property=\"og:image\" content=\"https:\/\/fdasrl.it\/wp-content\/uploads\/2025\/07\/staffa-terra-abbeveratoi-far23-1.webp\" \/>\n\t<meta property=\"og:image:width\" content=\"1000\" \/>\n\t<meta property=\"og:image:height\" content=\"2000\" \/>\n\t<meta property=\"og:image:type\" content=\"image\/webp\" \/>\n<meta name=\"twitter:card\" content=\"summary_large_image\" \/>\n<meta name=\"twitter:label1\" content=\"Preis\" \/>\n\t<meta name=\"twitter:data1\" content=\"\" \/>\n\t<meta name=\"twitter:label2\" content=\"Verf\u00fcgbarkeit\" \/>\n\t<meta name=\"twitter:data2\" content=\"Auf Lager\" \/>\n<meta property=\"product:price:currency\" content=\"EUR\" \/>\n<meta property=\"og:availability\" content=\"instock\" \/>\n<meta property=\"product:availability\" content=\"instock\" \/>\n<meta property=\"product:retailer_item_id\" content=\"FAR23\" \/>\n<meta property=\"product:condition\" content=\"new\" \/>\n<!-- \/ Yoast SEO Premium plugin. -->","yoast_head_json":{"title":"Verzinkte Bodenhalterung f\u00fcr Tr\u00e4nken: Robust und langlebig","description":"Schnelle Installation und widerstandsf\u00e4higes Design: Die universelle verzinkte Bodenhalterung f\u00fcr Tr\u00e4nken aus verzinktem Stahl ist genau das, was Sie brauchen! Nutzen Sie das Angebot jetzt!","robots":{"index":"index","follow":"follow","max-snippet":"max-snippet:-1","max-image-preview":"max-image-preview:large","max-video-preview":"max-video-preview:-1"},"canonical":"https:\/\/fdasrl.it\/de\/prodotto\/universelle-bodenhalterung-far-23-fuer-traenken\/","og_locale":"de_DE","og_type":"article","og_title":"Universelle Bodenhalterung FAR 23 f\u00fcr Tr\u00e4nken","og_description":"Schnelle Installation und widerstandsf\u00e4higes Design: Die universelle verzinkte Bodenhalterung f\u00fcr Tr\u00e4nken aus verzinktem Stahl ist genau das, was Sie brauchen! Nutzen Sie das Angebot jetzt!","og_url":"https:\/\/fdasrl.it\/de\/prodotto\/universelle-bodenhalterung-far-23-fuer-traenken\/","og_site_name":"FDA srl","article_publisher":"https:\/\/www.facebook.com\/share\/1MWhFWg1Tp\/?mibextid=LQQJ4d","og_image":[{"width":1000,"height":2000,"url":"https:\/\/fdasrl.it\/wp-content\/uploads\/2025\/07\/staffa-terra-abbeveratoi-far23-1.webp","type":"image\/webp"}],"twitter_card":"summary_large_image","twitter_misc":{"Preis":"","Verf\u00fcgbarkeit":"Auf Lager"},"schema":{"@context":"https:\/\/schema.org","@graph":[{"@type":"WebPage","@id":"https:\/\/fdasrl.it\/de\/prodotto\/universelle-bodenhalterung-far-23-fuer-traenken\/","url":"https:\/\/fdasrl.it\/de\/prodotto\/universelle-bodenhalterung-far-23-fuer-traenken\/","name":"Verzinkte Bodenhalterung f\u00fcr Tr\u00e4nken: Robust und langlebig","isPartOf":{"@id":"https:\/\/fdasrl.it\/de\/#website"},"primaryImageOfPage":{"@id":"https:\/\/fdasrl.it\/de\/prodotto\/universelle-bodenhalterung-far-23-fuer-traenken\/#primaryimage"},"image":{"@id":"https:\/\/fdasrl.it\/de\/prodotto\/universelle-bodenhalterung-far-23-fuer-traenken\/#primaryimage"},"thumbnailUrl":"https:\/\/fdasrl.it\/wp-content\/uploads\/2025\/07\/staffa-terra-abbeveratoi-far23-1.webp","datePublished":"2025-07-25T14:56:01+00:00","description":"Schnelle Installation und widerstandsf\u00e4higes Design: Die universelle verzinkte Bodenhalterung f\u00fcr Tr\u00e4nken aus verzinktem Stahl ist genau das, was Sie brauchen! Nutzen Sie das Angebot jetzt!","breadcrumb":{"@id":"https:\/\/fdasrl.it\/de\/prodotto\/universelle-bodenhalterung-far-23-fuer-traenken\/#breadcrumb"},"inLanguage":"de","potentialAction":[{"@type":"ReadAction","target":["https:\/\/fdasrl.it\/de\/prodotto\/universelle-bodenhalterung-far-23-fuer-traenken\/"]}]},{"@type":"ImageObject","inLanguage":"de","@id":"https:\/\/fdasrl.it\/de\/prodotto\/universelle-bodenhalterung-far-23-fuer-traenken\/#primaryimage","url":"https:\/\/fdasrl.it\/wp-content\/uploads\/2025\/07\/staffa-terra-abbeveratoi-far23-1.webp","contentUrl":"https:\/\/fdasrl.it\/wp-content\/uploads\/2025\/07\/staffa-terra-abbeveratoi-far23-1.webp","width":1000,"height":2000,"caption":"Staffa da terra in acciaio zincato FAR 23 per abbeveratoi"},{"@type":"BreadcrumbList","@id":"https:\/\/fdasrl.it\/de\/prodotto\/universelle-bodenhalterung-far-23-fuer-traenken\/#breadcrumb","itemListElement":[{"@type":"ListItem","position":1,"name":"Home","item":"https:\/\/fdasrl.it\/de\/startseite\/"},{"@type":"ListItem","position":2,"name":"Shop","item":"https:\/\/fdasrl.it\/de\/shop\/"},{"@type":"ListItem","position":3,"name":"Universelle Bodenhalterung FAR 23 f\u00fcr Tr\u00e4nken"}]},{"@type":"WebSite","@id":"https:\/\/fdasrl.it\/de\/#website","url":"https:\/\/fdasrl.it\/de\/","name":"FDA srl","description":"Equipment for animal husbandry","publisher":{"@id":"https:\/\/fdasrl.it\/de\/#organization"},"potentialAction":[{"@type":"SearchAction","target":{"@type":"EntryPoint","urlTemplate":"https:\/\/fdasrl.it\/de\/?s={search_term_string}"},"query-input":{"@type":"PropertyValueSpecification","valueRequired":true,"valueName":"search_term_string"}}],"inLanguage":"de"},{"@type":"Organization","@id":"https:\/\/fdasrl.it\/de\/#organization","name":"FDA srl","url":"https:\/\/fdasrl.it\/de\/","logo":{"@type":"ImageObject","inLanguage":"de","@id":"https:\/\/fdasrl.it\/de\/#\/schema\/logo\/image\/","url":"https:\/\/fdasrl.it\/wp-content\/uploads\/2024\/12\/Logo-FDA.png","contentUrl":"https:\/\/fdasrl.it\/wp-content\/uploads\/2024\/12\/Logo-FDA.png","width":316,"height":119,"caption":"FDA srl"},"image":{"@id":"https:\/\/fdasrl.it\/de\/#\/schema\/logo\/image\/"},"sameAs":["https:\/\/www.facebook.com\/share\/1MWhFWg1Tp\/?mibextid=LQQJ4d","https:\/\/www.instagram.com\/fda_srl\/profilecard\/?igsh=YW5lbzJ6MWg0d21u","https:\/\/www.youtube.com\/@FDASRL_ANIMALCARE"],"description":"FDA SRL \u2013 Equipment for animal husbandry nasce con l\u2019obiettivo di offrire soluzioni affidabili e innovative per l\u2019allevamento moderno. Con anni di esperienza nel settore zootecnico, progettiamo e realizziamo attrezzature destinate al benessere animale e alla gestione efficiente delle stalle: vasche, abbeveratoi, mangiatoie e sistemi di riscaldamento pensati per durare nel tempo e semplificare il lavoro quotidiano degli allevatori. Dalla progettazione alla produzione, ogni nostro prodotto \u00e8 studiato nei minimi dettagli, testato con cura e costruito per rispondere alle esigenze reali del settore. La nostra forza \u00e8 unire artigianalit\u00e0, tecnologia e competenza tecnica per trasformare ogni progetto in una soluzione concreta e funzionale. Oggi FDA SRL \u00e8 un punto di riferimento per privati e rivenditori che cercano qualit\u00e0, affidabilit\u00e0 e innovazione nelle attrezzature per l\u2019allevamento.","email":"info@fdasrl.it","telephone":"+390522826820","legalName":"F.D.A. SRL","foundingDate":"2024-10-13","vatID":"03075840359","taxID":"03075840359","numberOfEmployees":{"@type":"QuantitativeValue","minValue":"1","maxValue":"10"}}]},"product_price_currency":"EUR","og_availability":"instock","product_availability":"instock","product_retailer_item_id":"FAR23","product_condition":"new"},"_links":{"self":[{"href":"https:\/\/fdasrl.it\/de\/wp-json\/wp\/v2\/product\/2899","targetHints":{"allow":["GET"]}}],"collection":[{"href":"https:\/\/fdasrl.it\/de\/wp-json\/wp\/v2\/product"}],"about":[{"href":"https:\/\/fdasrl.it\/de\/wp-json\/wp\/v2\/types\/product"}],"replies":[{"embeddable":true,"href":"https:\/\/fdasrl.it\/de\/wp-json\/wp\/v2\/comments?post=2899"}],"wp:featuredmedia":[{"embeddable":true,"href":"https:\/\/fdasrl.it\/de\/wp-json\/wp\/v2\/media\/898"}],"wp:attachment":[{"href":"https:\/\/fdasrl.it\/de\/wp-json\/wp\/v2\/media?parent=2899"}],"wp:term":[{"taxonomy":"product_brand","embeddable":true,"href":"https:\/\/fdasrl.it\/de\/wp-json\/wp\/v2\/product_brand?post=2899"},{"taxonomy":"product_cat","embeddable":true,"href":"https:\/\/fdasrl.it\/de\/wp-json\/wp\/v2\/product_cat?post=2899"},{"taxonomy":"product_tag","embeddable":true,"href":"https:\/\/fdasrl.it\/de\/wp-json\/wp\/v2\/product_tag?post=2899"}],"curies":[{"name":"wp","href":"https:\/\/api.w.org\/{rel}","templated":true}]}}