{"id":2942,"date":"2025-01-21T13:06:43","date_gmt":"2025-01-21T12:06:43","guid":{"rendered":"https:\/\/fdasrl.it\/prodotto\/pumpenaggregat-fuer-400-liter-melkmaschine-mit-druckbehaelter\/"},"modified":"2025-01-21T13:06:43","modified_gmt":"2025-01-21T12:06:43","slug":"pumpenaggregat-fuer-400-liter-melkmaschine-mit-druckbehaelter","status":"publish","type":"product","link":"https:\/\/fdasrl.it\/de\/prodotto\/pumpenaggregat-fuer-400-liter-melkmaschine-mit-druckbehaelter\/","title":{"rendered":"PUMPENAGGREGAT F\u00dcR 400-LITER-MELKMASCHINE MIT DRUCKBEH\u00c4LTER"},"content":{"rendered":"<div>\n<h3 data-start=\"180\" data-end=\"274\"><strong data-start=\"184\" data-end=\"274\">Vakuumpumpenaggregat 400 L\/min mit 18-Liter-Druckbeh\u00e4lter zur Vakuumkompensation f\u00fcr Melkanlagen \u2013 Motor 1,1 kW 220V<\/strong><\/h3>\n<p data-start=\"276\" data-end=\"562\">Zuverl\u00e4ssig und effizient ist diese <strong data-start=\"309\" data-end=\"351\">Vakuumpumpe mit 400 Litern pro Minute<\/strong> ideal f\u00fcr professionelle Melkanlagen kleiner und mittlerer Gr\u00f6\u00dfe.<br data-start=\"431\" data-end=\"434\">Dank der <strong data-start=\"446\" data-end=\"503\">Trockenpumpe mit selbstschmierenden Graphitfl\u00fcgeln<\/strong> garantiert sie lange Lebensdauer und geringen Wartungsbedarf.<\/p>\n<h4 data-start=\"564\" data-end=\"611\">\u2705 <strong data-start=\"571\" data-end=\"611\">Wichtigste technische Merkmale:<\/strong><\/h4>\n<ul data-start=\"612\" data-end=\"888\">\n<li data-start=\"612\" data-end=\"650\">\n<p data-start=\"614\" data-end=\"650\"><strong data-start=\"614\" data-end=\"637\">Pumpenleistung<\/strong>: 400 L\/min &#8211; 1,5 PS<\/p>\n<\/li>\n<li data-start=\"651\" data-end=\"721\">\n<p data-start=\"653\" data-end=\"721\"><strong data-start=\"653\" data-end=\"670\">Pumpentyp<\/strong>: Trocken mit selbstschmierenden Graphitfl\u00fcgeln<\/p>\n<\/li>\n<li data-start=\"722\" data-end=\"761\">\n<p data-start=\"724\" data-end=\"761\"><strong data-start=\"724\" data-end=\"749\">Druckbeh\u00e4lter<\/strong>: 18 Liter<\/p>\n<\/li>\n<li data-start=\"762\" data-end=\"805\">\n<p data-start=\"764\" data-end=\"805\"><strong data-start=\"764\" data-end=\"784\">Elektromotor<\/strong>: 1,1 kW \u2013 einphasig<\/p>\n<\/li>\n<li data-start=\"806\" data-end=\"840\">\n<p data-start=\"808\" data-end=\"840\"><strong data-start=\"808\" data-end=\"825\">Stromversorgung<\/strong>: 220V \u2013 50Hz<\/p>\n<\/li>\n<li data-start=\"841\" data-end=\"888\">\n<p data-start=\"843\" data-end=\"888\"><strong data-start=\"843\" data-end=\"865\">Kompakte Bauweise<\/strong> und einfach zu installieren<\/p>\n<\/li>\n<\/ul>\n<h4 data-start=\"890\" data-end=\"924\">\ud83d\udc04 <strong data-start=\"898\" data-end=\"924\">Melkkapazit\u00e4t:<\/strong><\/h4>\n<ul data-start=\"925\" data-end=\"1018\">\n<li data-start=\"925\" data-end=\"975\">\n<p data-start=\"927\" data-end=\"975\"><strong data-start=\"927\" data-end=\"954\">Bis zu 4 Ziegen oder Schafe<\/strong> gleichzeitig<\/p>\n<\/li>\n<li data-start=\"976\" data-end=\"1018\">\n<p data-start=\"978\" data-end=\"1018\"><strong data-start=\"978\" data-end=\"997\">Bis zu 2 K\u00fche<\/strong> gleichzeitig<\/p>\n<\/li>\n<\/ul>\n<p data-start=\"1020\" data-end=\"1162\">Ideal f\u00fcr Landwirte, die eine <strong data-start=\"1058\" data-end=\"1123\">effiziente, kompakte und einfach zu bedienende Melkpumpe<\/strong> suchen. Perfekt f\u00fcr mobile oder station\u00e4re Anlagen. <\/p>\n<hr data-start=\"1164\" data-end=\"1167\">\n<h3 data-start=\"1169\" data-end=\"1243\">\ud83d\uded2 <strong data-start=\"1176\" data-end=\"1243\">Kaufen Sie jetzt die 400-L-Vakuumpumpe in unserem Online-Shop<\/strong><\/h3>\n<p data-start=\"1245\" data-end=\"1283\">\ud83d\udc49 <a href=\"https:\/\/fda-shop.it\/shop\/gruppo-pompa-mungitore-da-400-litri-con-accumulatore\" target=\"_blank\" rel=\"noopener\">Online-Shop<\/a><\/p>\n<\/div>\n","protected":false},"excerpt":{"rendered":"<p>Vakuumpumpe 400 L\/min mit 18-Liter-Beh\u00e4lter, ideal zum Melken von 4 Ziegen oder 2 K\u00fchen. Ausgestattet mit 1,1 kW Elektromotor und Trockenpumpe mit selbstschmierenden Graphitfl\u00fcgeln. <\/p>\n","protected":false},"featured_media":470,"comment_status":"open","ping_status":"closed","template":"","meta":{"_et_pb_use_builder":"","_et_pb_old_content":"","_et_gb_content_width":""},"product_brand":[],"product_cat":[410,496],"product_tag":[726],"class_list":{"0":"post-2942","1":"product","2":"type-product","3":"status-publish","4":"has-post-thumbnail","6":"product_cat-fahrbare-melkmaschinen","7":"product_cat-zubehor-fur-melkmaschinen","8":"product_tag-facm99001","10":"first","11":"instock","12":"shipping-taxable","13":"product-type-simple"},"yoast_head":"<!-- This site is optimized with the Yoast SEO Premium plugin v27.5 (Yoast SEO v27.5) - https:\/\/yoast.com\/product\/yoast-seo-premium-wordpress\/ -->\n<title>Vakuumpumpenaggregat f\u00fcr Melkmaschine einfach zu installieren - FDA srl<\/title>\n<meta name=\"description\" content=\"Optimieren Sie Ihre Melkanlage mit dem Vakuumpumpenaggregat f\u00fcr Melkmaschine, das Effizienz und niedrige Wartungskosten bietet. Jetzt kaufen!\" \/>\n<meta name=\"robots\" content=\"index, follow, max-snippet:-1, max-image-preview:large, max-video-preview:-1\" \/>\n<link rel=\"canonical\" href=\"https:\/\/fdasrl.it\/de\/prodotto\/pumpenaggregat-fuer-400-liter-melkmaschine-mit-druckbehaelter\/\" \/>\n<meta property=\"og:locale\" content=\"de_DE\" \/>\n<meta property=\"og:type\" content=\"article\" \/>\n<meta property=\"og:title\" content=\"PUMPENAGGREGAT F\u00dcR 400-LITER-MELKMASCHINE MIT DRUCKBEH\u00c4LTER\" \/>\n<meta property=\"og:description\" content=\"Optimieren Sie Ihre Melkanlage mit dem Vakuumpumpenaggregat f\u00fcr Melkmaschine, das Effizienz und niedrige Wartungskosten bietet. Jetzt kaufen!\" \/>\n<meta property=\"og:url\" content=\"https:\/\/fdasrl.it\/de\/prodotto\/pumpenaggregat-fuer-400-liter-melkmaschine-mit-druckbehaelter\/\" \/>\n<meta property=\"og:site_name\" content=\"FDA srl\" \/>\n<meta property=\"article:publisher\" content=\"https:\/\/www.facebook.com\/share\/1MWhFWg1Tp\/?mibextid=LQQJ4d\" \/>\n<meta property=\"og:image\" content=\"https:\/\/fdasrl.it\/wp-content\/uploads\/2025\/01\/FACM99001_1.jpg\" \/>\n\t<meta property=\"og:image:width\" content=\"225\" \/>\n\t<meta property=\"og:image:height\" content=\"300\" \/>\n\t<meta property=\"og:image:type\" content=\"image\/jpeg\" \/>\n<meta name=\"twitter:card\" content=\"summary_large_image\" \/>\n<meta name=\"twitter:label1\" content=\"Preis\" \/>\n\t<meta name=\"twitter:data1\" content=\"\" \/>\n\t<meta name=\"twitter:label2\" content=\"Verf\u00fcgbarkeit\" \/>\n\t<meta name=\"twitter:data2\" content=\"Auf Lager\" \/>\n<meta property=\"product:price:currency\" content=\"EUR\" \/>\n<meta property=\"og:availability\" content=\"instock\" \/>\n<meta property=\"product:availability\" content=\"instock\" \/>\n<meta property=\"product:retailer_item_id\" content=\"FACM99001\" \/>\n<meta property=\"product:condition\" content=\"new\" \/>\n<!-- \/ Yoast SEO Premium plugin. -->","yoast_head_json":{"title":"Vakuumpumpenaggregat f\u00fcr Melkmaschine einfach zu installieren - FDA srl","description":"Optimieren Sie Ihre Melkanlage mit dem Vakuumpumpenaggregat f\u00fcr Melkmaschine, das Effizienz und niedrige Wartungskosten bietet. Jetzt kaufen!","robots":{"index":"index","follow":"follow","max-snippet":"max-snippet:-1","max-image-preview":"max-image-preview:large","max-video-preview":"max-video-preview:-1"},"canonical":"https:\/\/fdasrl.it\/de\/prodotto\/pumpenaggregat-fuer-400-liter-melkmaschine-mit-druckbehaelter\/","og_locale":"de_DE","og_type":"article","og_title":"PUMPENAGGREGAT F\u00dcR 400-LITER-MELKMASCHINE MIT DRUCKBEH\u00c4LTER","og_description":"Optimieren Sie Ihre Melkanlage mit dem Vakuumpumpenaggregat f\u00fcr Melkmaschine, das Effizienz und niedrige Wartungskosten bietet. Jetzt kaufen!","og_url":"https:\/\/fdasrl.it\/de\/prodotto\/pumpenaggregat-fuer-400-liter-melkmaschine-mit-druckbehaelter\/","og_site_name":"FDA srl","article_publisher":"https:\/\/www.facebook.com\/share\/1MWhFWg1Tp\/?mibextid=LQQJ4d","og_image":[{"width":225,"height":300,"url":"https:\/\/fdasrl.it\/wp-content\/uploads\/2025\/01\/FACM99001_1.jpg","type":"image\/jpeg"}],"twitter_card":"summary_large_image","twitter_misc":{"Preis":"","Verf\u00fcgbarkeit":"Auf Lager"},"schema":{"@context":"https:\/\/schema.org","@graph":[{"@type":"WebPage","@id":"https:\/\/fdasrl.it\/de\/prodotto\/pumpenaggregat-fuer-400-liter-melkmaschine-mit-druckbehaelter\/","url":"https:\/\/fdasrl.it\/de\/prodotto\/pumpenaggregat-fuer-400-liter-melkmaschine-mit-druckbehaelter\/","name":"Vakuumpumpenaggregat f\u00fcr Melkmaschine einfach zu installieren - FDA srl","isPartOf":{"@id":"https:\/\/fdasrl.it\/de\/#website"},"primaryImageOfPage":{"@id":"https:\/\/fdasrl.it\/de\/prodotto\/pumpenaggregat-fuer-400-liter-melkmaschine-mit-druckbehaelter\/#primaryimage"},"image":{"@id":"https:\/\/fdasrl.it\/de\/prodotto\/pumpenaggregat-fuer-400-liter-melkmaschine-mit-druckbehaelter\/#primaryimage"},"thumbnailUrl":"https:\/\/fdasrl.it\/wp-content\/uploads\/2025\/01\/FACM99001_1.jpg","datePublished":"2025-01-21T12:06:43+00:00","description":"Optimieren Sie Ihre Melkanlage mit dem Vakuumpumpenaggregat f\u00fcr Melkmaschine, das Effizienz und niedrige Wartungskosten bietet. Jetzt kaufen!","breadcrumb":{"@id":"https:\/\/fdasrl.it\/de\/prodotto\/pumpenaggregat-fuer-400-liter-melkmaschine-mit-druckbehaelter\/#breadcrumb"},"inLanguage":"de","potentialAction":[{"@type":"ReadAction","target":["https:\/\/fdasrl.it\/de\/prodotto\/pumpenaggregat-fuer-400-liter-melkmaschine-mit-druckbehaelter\/"]}]},{"@type":"ImageObject","inLanguage":"de","@id":"https:\/\/fdasrl.it\/de\/prodotto\/pumpenaggregat-fuer-400-liter-melkmaschine-mit-druckbehaelter\/#primaryimage","url":"https:\/\/fdasrl.it\/wp-content\/uploads\/2025\/01\/FACM99001_1.jpg","contentUrl":"https:\/\/fdasrl.it\/wp-content\/uploads\/2025\/01\/FACM99001_1.jpg","width":225,"height":300,"caption":"Pompa del vuoto 400 litri per mungitura con serbatoio di compensazione da 18 litri"},{"@type":"BreadcrumbList","@id":"https:\/\/fdasrl.it\/de\/prodotto\/pumpenaggregat-fuer-400-liter-melkmaschine-mit-druckbehaelter\/#breadcrumb","itemListElement":[{"@type":"ListItem","position":1,"name":"Home","item":"https:\/\/fdasrl.it\/de\/startseite\/"},{"@type":"ListItem","position":2,"name":"Shop","item":"https:\/\/fdasrl.it\/de\/shop\/"},{"@type":"ListItem","position":3,"name":"PUMPENAGGREGAT F\u00dcR 400-LITER-MELKMASCHINE MIT DRUCKBEH\u00c4LTER"}]},{"@type":"WebSite","@id":"https:\/\/fdasrl.it\/de\/#website","url":"https:\/\/fdasrl.it\/de\/","name":"FDA srl","description":"Equipment for animal husbandry","publisher":{"@id":"https:\/\/fdasrl.it\/de\/#organization"},"potentialAction":[{"@type":"SearchAction","target":{"@type":"EntryPoint","urlTemplate":"https:\/\/fdasrl.it\/de\/?s={search_term_string}"},"query-input":{"@type":"PropertyValueSpecification","valueRequired":true,"valueName":"search_term_string"}}],"inLanguage":"de"},{"@type":"Organization","@id":"https:\/\/fdasrl.it\/de\/#organization","name":"FDA srl","url":"https:\/\/fdasrl.it\/de\/","logo":{"@type":"ImageObject","inLanguage":"de","@id":"https:\/\/fdasrl.it\/de\/#\/schema\/logo\/image\/","url":"https:\/\/fdasrl.it\/wp-content\/uploads\/2024\/12\/Logo-FDA.png","contentUrl":"https:\/\/fdasrl.it\/wp-content\/uploads\/2024\/12\/Logo-FDA.png","width":316,"height":119,"caption":"FDA srl"},"image":{"@id":"https:\/\/fdasrl.it\/de\/#\/schema\/logo\/image\/"},"sameAs":["https:\/\/www.facebook.com\/share\/1MWhFWg1Tp\/?mibextid=LQQJ4d","https:\/\/www.instagram.com\/fda_srl\/profilecard\/?igsh=YW5lbzJ6MWg0d21u","https:\/\/www.youtube.com\/@FDASRL_ANIMALCARE"],"description":"FDA SRL \u2013 Equipment for animal husbandry nasce con l\u2019obiettivo di offrire soluzioni affidabili e innovative per l\u2019allevamento moderno. Con anni di esperienza nel settore zootecnico, progettiamo e realizziamo attrezzature destinate al benessere animale e alla gestione efficiente delle stalle: vasche, abbeveratoi, mangiatoie e sistemi di riscaldamento pensati per durare nel tempo e semplificare il lavoro quotidiano degli allevatori. Dalla progettazione alla produzione, ogni nostro prodotto \u00e8 studiato nei minimi dettagli, testato con cura e costruito per rispondere alle esigenze reali del settore. La nostra forza \u00e8 unire artigianalit\u00e0, tecnologia e competenza tecnica per trasformare ogni progetto in una soluzione concreta e funzionale. Oggi FDA SRL \u00e8 un punto di riferimento per privati e rivenditori che cercano qualit\u00e0, affidabilit\u00e0 e innovazione nelle attrezzature per l\u2019allevamento.","email":"info@fdasrl.it","telephone":"+390522826820","legalName":"F.D.A. SRL","foundingDate":"2024-10-13","vatID":"03075840359","taxID":"03075840359","numberOfEmployees":{"@type":"QuantitativeValue","minValue":"1","maxValue":"10"}}]},"product_price_currency":"EUR","og_availability":"instock","product_availability":"instock","product_retailer_item_id":"FACM99001","product_condition":"new"},"_links":{"self":[{"href":"https:\/\/fdasrl.it\/de\/wp-json\/wp\/v2\/product\/2942","targetHints":{"allow":["GET"]}}],"collection":[{"href":"https:\/\/fdasrl.it\/de\/wp-json\/wp\/v2\/product"}],"about":[{"href":"https:\/\/fdasrl.it\/de\/wp-json\/wp\/v2\/types\/product"}],"replies":[{"embeddable":true,"href":"https:\/\/fdasrl.it\/de\/wp-json\/wp\/v2\/comments?post=2942"}],"wp:featuredmedia":[{"embeddable":true,"href":"https:\/\/fdasrl.it\/de\/wp-json\/wp\/v2\/media\/470"}],"wp:attachment":[{"href":"https:\/\/fdasrl.it\/de\/wp-json\/wp\/v2\/media?parent=2942"}],"wp:term":[{"taxonomy":"product_brand","embeddable":true,"href":"https:\/\/fdasrl.it\/de\/wp-json\/wp\/v2\/product_brand?post=2942"},{"taxonomy":"product_cat","embeddable":true,"href":"https:\/\/fdasrl.it\/de\/wp-json\/wp\/v2\/product_cat?post=2942"},{"taxonomy":"product_tag","embeddable":true,"href":"https:\/\/fdasrl.it\/de\/wp-json\/wp\/v2\/product_tag?post=2942"}],"curies":[{"name":"wp","href":"https:\/\/api.w.org\/{rel}","templated":true}]}}