{"id":3004,"date":"2025-04-22T11:33:21","date_gmt":"2025-04-22T09:33:21","guid":{"rendered":"https:\/\/fdasrl.it\/prodotto\/eck-futtertrog-aus-verzinktem-stahl-fuer-pferdestaelle-und-viehstaelle\/"},"modified":"2025-04-22T11:33:21","modified_gmt":"2025-04-22T09:33:21","slug":"eck-futtertrog-aus-verzinktem-stahl-fuer-pferdestaelle-und-viehstaelle","status":"publish","type":"product","link":"https:\/\/fdasrl.it\/de\/prodotto\/eck-futtertrog-aus-verzinktem-stahl-fuer-pferdestaelle-und-viehstaelle\/","title":{"rendered":"Eck-Futtertrog aus verzinktem Stahl f\u00fcr Pferdest\u00e4lle und Viehst\u00e4lle"},"content":{"rendered":"<h3 data-start=\"162\" data-end=\"267\"><strong data-start=\"162\" data-end=\"267\">Eck-Futtertrog aus verzinktem Stahl f\u00fcr Pferde und Rinder \u2013 35 Liter \u2013 robust und sicher<\/strong><\/h3>\n<p class=\"\" data-start=\"269\" data-end=\"729\">Der <strong data-start=\"272\" data-end=\"322\">Eck-Futtertrog aus feuerverzinktem Stahl<\/strong> ist ein unverzichtbares Zubeh\u00f6r f\u00fcr die Verwaltung eines <strong data-start=\"375\" data-end=\"416\">Stalls, Pferdestalls oder Zuchtbetriebs<\/strong>.<\/p>\n<p class=\"\" data-start=\"269\" data-end=\"729\">Dank seiner <strong data-start=\"434\" data-end=\"455\">dreieckigen Form<\/strong> l\u00e4sst er sich problemlos in einer Wandecke installieren, optimiert den Platz und gew\u00e4hrleistet eine komfortable Nutzung durch die Tiere. Ideal f\u00fcr <strong data-start=\"609\" data-end=\"673\">Rinder, Pferde, Fohlen, K\u00e4lber und andere Nutztiere<\/strong>, erm\u00f6glicht er eine sichere, ordentliche und hygienische F\u00fctterung. <\/p>\n<p class=\"\" data-start=\"731\" data-end=\"1225\">Vollst\u00e4ndig aus <strong data-start=\"756\" data-end=\"790\">feuerverzinktem Rohr und Blech<\/strong> gefertigt, ist dieser Futtertrog f\u00fcr eine lange Lebensdauer auch in feuchten Umgebungen oder unter schwierigen Bedingungen konzipiert.<\/p>\n<p class=\"\" data-start=\"731\" data-end=\"1225\">Die <strong data-start=\"906\" data-end=\"938\">innen und au\u00dfen erfolgte Verzinkung<\/strong> sch\u00fctzt wirksam vor <strong data-start=\"968\" data-end=\"998\">Rost und Korrosion<\/strong> und verl\u00e4ngert die Lebensdauer des Produkts auch bei intensiver Nutzung. Zudem reduziert die Struktur ohne scharfe Kanten das Risiko von <strong data-start=\"1146\" data-end=\"1168\">Verletzungen<\/strong> erheblich und bietet den Tieren w\u00e4hrend der Nutzung mehr Sicherheit. <\/p>\n<p class=\"\" data-start=\"1227\" data-end=\"1696\">Mit einem <strong data-start=\"1235\" data-end=\"1259\">Fassungsverm\u00f6gen von 35 Litern<\/strong> eignet sich der Trog sowohl f\u00fcr trockene als auch feuchte Futtermittel wie Kraftfutter, geh\u00e4ckseltes Heu, Wasser oder fl\u00fcssige Erg\u00e4nzungsmittel.<\/p>\n<p class=\"\" data-start=\"1227\" data-end=\"1696\">Die gro\u00dfz\u00fcgigen Abmessungen \u2013 <strong data-start=\"1399\" data-end=\"1461\">44 cm Breite, 44 cm Tiefe und 24 cm H\u00f6he<\/strong> \u2013 gew\u00e4hrleisten eine optimale Aufnahme ohne Verschwendung. Der <strong data-start=\"1520\" data-end=\"1549\">integrierte 15-mm-Ablassstopfen<\/strong> an der Basis erm\u00f6glicht eine <strong data-start=\"1583\" data-end=\"1625\">schnelle Reinigung und einfache Entleerung<\/strong> und erleichtert die t\u00e4glichen Wartungs- und Desinfektionsarbeiten. <\/p>\n<p class=\"\" data-start=\"1698\" data-end=\"1871\">Die Installation ist einfach und schnell: Der Futtertrog kann <strong data-start=\"1760\" data-end=\"1795\">mit 4 Schrauben an der Wand befestigt<\/strong> werden (nicht im Lieferumfang enthalten), wodurch er stabil, solide und in wenigen Minuten einsatzbereit ist.<\/p>\n<h3 class=\"\" data-start=\"1873\" data-end=\"1897\">Hauptvorteile:<\/h3>\n<ul data-start=\"1898\" data-end=\"2307\">\n<li class=\"\" data-start=\"1898\" data-end=\"1973\">\n<p class=\"\" data-start=\"1900\" data-end=\"1973\"><strong data-start=\"1900\" data-end=\"1919\">Eck-Design<\/strong> f\u00fcr platzsparende Installation in Pferdest\u00e4llen und Viehst\u00e4llen<\/p>\n<\/li>\n<li class=\"\" data-start=\"1974\" data-end=\"2055\">\n<p class=\"\" data-start=\"1976\" data-end=\"2055\"><strong data-start=\"1976\" data-end=\"2016\">Struktur aus feuerverzinktem Stahl<\/strong>, langlebig und korrosionsbest\u00e4ndig<\/p>\n<\/li>\n<li class=\"\" data-start=\"2056\" data-end=\"2113\">\n<p class=\"\" data-start=\"2058\" data-end=\"2113\"><strong data-start=\"2058\" data-end=\"2079\">Vollst\u00e4ndiger Schutz<\/strong> gegen St\u00f6\u00dfe, Verschlei\u00df und Verformungen<\/p>\n<\/li>\n<li class=\"\" data-start=\"2114\" data-end=\"2181\">\n<p class=\"\" data-start=\"2116\" data-end=\"2181\"><strong data-start=\"2116\" data-end=\"2134\">Gro\u00dfes Fassungsverm\u00f6gen<\/strong> von 35 Litern, geeignet f\u00fcr verschiedene Futterarten<\/p>\n<\/li>\n<li class=\"\" data-start=\"2182\" data-end=\"2257\">\n<p class=\"\" data-start=\"2184\" data-end=\"2257\"><strong data-start=\"2184\" data-end=\"2214\">Integrierter Ablassstopfen<\/strong> f\u00fcr einfache Reinigung und garantierte Hygiene<\/p>\n<\/li>\n<li class=\"\" data-start=\"2258\" data-end=\"2307\">\n<p class=\"\" data-start=\"2260\" data-end=\"2307\"><strong data-start=\"2260\" data-end=\"2282\">Einfache Montage<\/strong> mit 4 Befestigungspunkten<\/p>\n<\/li>\n<\/ul>\n<h3 class=\"\" data-start=\"2309\" data-end=\"2333\">Technische Daten:<\/h3>\n<ul data-start=\"2334\" data-end=\"2590\">\n<li class=\"\" data-start=\"2334\" data-end=\"2391\">\n<p class=\"\" data-start=\"2336\" data-end=\"2391\">Material: feuerverzinkter Stahl (innen und au\u00dfen)<\/p>\n<\/li>\n<li class=\"\" data-start=\"2392\" data-end=\"2412\">\n<p class=\"\" data-start=\"2394\" data-end=\"2412\">Fassungsverm\u00f6gen: 35 Liter<\/p>\n<\/li>\n<li class=\"\" data-start=\"2413\" data-end=\"2454\">\n<p class=\"\" data-start=\"2415\" data-end=\"2454\">Abmessungen: 44 x 44 x 24 cm (B x T x H)<\/p>\n<\/li>\n<li class=\"\" data-start=\"2455\" data-end=\"2480\">\n<p class=\"\" data-start=\"2457\" data-end=\"2480\">Ablauf: 15-mm-Stopfen<\/p>\n<\/li>\n<li class=\"\" data-start=\"2481\" data-end=\"2538\">\n<p class=\"\" data-start=\"2483\" data-end=\"2538\">Installation: Wandmontage (Eck) mit 4 Schrauben<\/p>\n<\/li>\n<li class=\"\" data-start=\"2539\" data-end=\"2590\">\n<p class=\"\" data-start=\"2541\" data-end=\"2590\">Verwendung: Rinder, Pferde, Nutztiere<\/p>\n<\/li>\n<\/ul>\n","protected":false},"excerpt":{"rendered":"<p>Eck-Futtertrog aus feuerverzinktem Stahl, ideal f\u00fcr Pferde und Rinder. Fassungsverm\u00f6gen 35 Liter, korrosionsbest\u00e4ndig, sicher und leicht zu reinigen dank integriertem Ablassstopfen. Wandmontage mit 4 Schrauben.  <\/p>\n","protected":false},"featured_media":742,"comment_status":"open","ping_status":"closed","template":"","meta":{"_et_pb_use_builder":"","_et_pb_old_content":"","_et_gb_content_width":""},"product_brand":[],"product_cat":[742,578,409],"product_tag":[743,744],"class_list":{"0":"post-3004","1":"product","2":"type-product","3":"status-publish","4":"has-post-thumbnail","6":"product_cat-futtertroge","7":"product_cat-pferde","8":"product_cat-rinder","9":"product_tag-fa-ma6","10":"product_tag-fama6","12":"first","13":"instock","14":"shipping-taxable","15":"product-type-simple"},"yoast_head":"<!-- This site is optimized with the Yoast SEO Premium plugin v27.5 (Yoast SEO v27.5) - https:\/\/yoast.com\/product\/yoast-seo-premium-wordpress\/ -->\n<title>Eck-Futtertrog aus verzinktem Stahl f\u00fcr Pferde und Rinder - FDA srl<\/title>\n<meta name=\"description\" content=\"Entdecken Sie den Eck-Futtertrog aus verzinktem Stahl f\u00fcr Pferde und Rinder, perfekt zur Raumoptimierung in Ihrem Stall. Jetzt kaufen!\" \/>\n<meta name=\"robots\" content=\"index, follow, max-snippet:-1, max-image-preview:large, max-video-preview:-1\" \/>\n<link rel=\"canonical\" href=\"https:\/\/fdasrl.it\/de\/prodotto\/eck-futtertrog-aus-verzinktem-stahl-fuer-pferdestaelle-und-viehstaelle\/\" \/>\n<meta property=\"og:locale\" content=\"de_DE\" \/>\n<meta property=\"og:type\" content=\"article\" \/>\n<meta property=\"og:title\" content=\"Eck-Futtertrog aus verzinktem Stahl f\u00fcr Pferdest\u00e4lle und Viehst\u00e4lle\" \/>\n<meta property=\"og:description\" content=\"Entdecken Sie den Eck-Futtertrog aus verzinktem Stahl f\u00fcr Pferde und Rinder, perfekt zur Raumoptimierung in Ihrem Stall. Jetzt kaufen!\" \/>\n<meta property=\"og:url\" content=\"https:\/\/fdasrl.it\/de\/prodotto\/eck-futtertrog-aus-verzinktem-stahl-fuer-pferdestaelle-und-viehstaelle\/\" \/>\n<meta property=\"og:site_name\" content=\"FDA srl\" \/>\n<meta property=\"article:publisher\" content=\"https:\/\/www.facebook.com\/share\/1MWhFWg1Tp\/?mibextid=LQQJ4d\" \/>\n<meta property=\"og:image\" content=\"https:\/\/fdasrl.it\/wp-content\/uploads\/2025\/04\/mangiatoia-angolare-in-acciaio-zincato-35-litri-mucca-cavallo.webp\" \/>\n\t<meta property=\"og:image:width\" content=\"1280\" \/>\n\t<meta property=\"og:image:height\" content=\"1280\" \/>\n\t<meta property=\"og:image:type\" content=\"image\/webp\" \/>\n<meta name=\"twitter:card\" content=\"summary_large_image\" \/>\n<meta name=\"twitter:label1\" content=\"Preis\" \/>\n\t<meta name=\"twitter:data1\" content=\"\" \/>\n\t<meta name=\"twitter:label2\" content=\"Verf\u00fcgbarkeit\" \/>\n\t<meta name=\"twitter:data2\" content=\"Auf Lager\" \/>\n<meta property=\"product:price:currency\" content=\"EUR\" \/>\n<meta property=\"og:availability\" content=\"instock\" \/>\n<meta property=\"product:availability\" content=\"instock\" \/>\n<meta property=\"product:retailer_item_id\" content=\"FAMA6\" \/>\n<meta property=\"product:condition\" content=\"new\" \/>\n<!-- \/ Yoast SEO Premium plugin. -->","yoast_head_json":{"title":"Eck-Futtertrog aus verzinktem Stahl f\u00fcr Pferde und Rinder - FDA srl","description":"Entdecken Sie den Eck-Futtertrog aus verzinktem Stahl f\u00fcr Pferde und Rinder, perfekt zur Raumoptimierung in Ihrem Stall. Jetzt kaufen!","robots":{"index":"index","follow":"follow","max-snippet":"max-snippet:-1","max-image-preview":"max-image-preview:large","max-video-preview":"max-video-preview:-1"},"canonical":"https:\/\/fdasrl.it\/de\/prodotto\/eck-futtertrog-aus-verzinktem-stahl-fuer-pferdestaelle-und-viehstaelle\/","og_locale":"de_DE","og_type":"article","og_title":"Eck-Futtertrog aus verzinktem Stahl f\u00fcr Pferdest\u00e4lle und Viehst\u00e4lle","og_description":"Entdecken Sie den Eck-Futtertrog aus verzinktem Stahl f\u00fcr Pferde und Rinder, perfekt zur Raumoptimierung in Ihrem Stall. Jetzt kaufen!","og_url":"https:\/\/fdasrl.it\/de\/prodotto\/eck-futtertrog-aus-verzinktem-stahl-fuer-pferdestaelle-und-viehstaelle\/","og_site_name":"FDA srl","article_publisher":"https:\/\/www.facebook.com\/share\/1MWhFWg1Tp\/?mibextid=LQQJ4d","og_image":[{"width":1280,"height":1280,"url":"https:\/\/fdasrl.it\/wp-content\/uploads\/2025\/04\/mangiatoia-angolare-in-acciaio-zincato-35-litri-mucca-cavallo.webp","type":"image\/webp"}],"twitter_card":"summary_large_image","twitter_misc":{"Preis":"","Verf\u00fcgbarkeit":"Auf Lager"},"schema":{"@context":"https:\/\/schema.org","@graph":[{"@type":"WebPage","@id":"https:\/\/fdasrl.it\/de\/prodotto\/eck-futtertrog-aus-verzinktem-stahl-fuer-pferdestaelle-und-viehstaelle\/","url":"https:\/\/fdasrl.it\/de\/prodotto\/eck-futtertrog-aus-verzinktem-stahl-fuer-pferdestaelle-und-viehstaelle\/","name":"Eck-Futtertrog aus verzinktem Stahl f\u00fcr Pferde und Rinder - FDA srl","isPartOf":{"@id":"https:\/\/fdasrl.it\/de\/#website"},"primaryImageOfPage":{"@id":"https:\/\/fdasrl.it\/de\/prodotto\/eck-futtertrog-aus-verzinktem-stahl-fuer-pferdestaelle-und-viehstaelle\/#primaryimage"},"image":{"@id":"https:\/\/fdasrl.it\/de\/prodotto\/eck-futtertrog-aus-verzinktem-stahl-fuer-pferdestaelle-und-viehstaelle\/#primaryimage"},"thumbnailUrl":"https:\/\/fdasrl.it\/wp-content\/uploads\/2025\/04\/mangiatoia-angolare-in-acciaio-zincato-35-litri-mucca-cavallo.webp","datePublished":"2025-04-22T09:33:21+00:00","description":"Entdecken Sie den Eck-Futtertrog aus verzinktem Stahl f\u00fcr Pferde und Rinder, perfekt zur Raumoptimierung in Ihrem Stall. Jetzt kaufen!","breadcrumb":{"@id":"https:\/\/fdasrl.it\/de\/prodotto\/eck-futtertrog-aus-verzinktem-stahl-fuer-pferdestaelle-und-viehstaelle\/#breadcrumb"},"inLanguage":"de","potentialAction":[{"@type":"ReadAction","target":["https:\/\/fdasrl.it\/de\/prodotto\/eck-futtertrog-aus-verzinktem-stahl-fuer-pferdestaelle-und-viehstaelle\/"]}]},{"@type":"ImageObject","inLanguage":"de","@id":"https:\/\/fdasrl.it\/de\/prodotto\/eck-futtertrog-aus-verzinktem-stahl-fuer-pferdestaelle-und-viehstaelle\/#primaryimage","url":"https:\/\/fdasrl.it\/wp-content\/uploads\/2025\/04\/mangiatoia-angolare-in-acciaio-zincato-35-litri-mucca-cavallo.webp","contentUrl":"https:\/\/fdasrl.it\/wp-content\/uploads\/2025\/04\/mangiatoia-angolare-in-acciaio-zincato-35-litri-mucca-cavallo.webp","width":1280,"height":1280,"caption":"eck-futtertrog-aus-verzinktem-stahl-35-liter-kuh-pferd"},{"@type":"BreadcrumbList","@id":"https:\/\/fdasrl.it\/de\/prodotto\/eck-futtertrog-aus-verzinktem-stahl-fuer-pferdestaelle-und-viehstaelle\/#breadcrumb","itemListElement":[{"@type":"ListItem","position":1,"name":"Home","item":"https:\/\/fdasrl.it\/de\/startseite\/"},{"@type":"ListItem","position":2,"name":"Shop","item":"https:\/\/fdasrl.it\/de\/shop\/"},{"@type":"ListItem","position":3,"name":"Eck-Futtertrog aus verzinktem Stahl f\u00fcr Pferdest\u00e4lle und Viehst\u00e4lle"}]},{"@type":"WebSite","@id":"https:\/\/fdasrl.it\/de\/#website","url":"https:\/\/fdasrl.it\/de\/","name":"FDA srl","description":"Equipment for animal husbandry","publisher":{"@id":"https:\/\/fdasrl.it\/de\/#organization"},"potentialAction":[{"@type":"SearchAction","target":{"@type":"EntryPoint","urlTemplate":"https:\/\/fdasrl.it\/de\/?s={search_term_string}"},"query-input":{"@type":"PropertyValueSpecification","valueRequired":true,"valueName":"search_term_string"}}],"inLanguage":"de"},{"@type":"Organization","@id":"https:\/\/fdasrl.it\/de\/#organization","name":"FDA srl","url":"https:\/\/fdasrl.it\/de\/","logo":{"@type":"ImageObject","inLanguage":"de","@id":"https:\/\/fdasrl.it\/de\/#\/schema\/logo\/image\/","url":"https:\/\/fdasrl.it\/wp-content\/uploads\/2024\/12\/Logo-FDA.png","contentUrl":"https:\/\/fdasrl.it\/wp-content\/uploads\/2024\/12\/Logo-FDA.png","width":316,"height":119,"caption":"FDA srl"},"image":{"@id":"https:\/\/fdasrl.it\/de\/#\/schema\/logo\/image\/"},"sameAs":["https:\/\/www.facebook.com\/share\/1MWhFWg1Tp\/?mibextid=LQQJ4d","https:\/\/www.instagram.com\/fda_srl\/profilecard\/?igsh=YW5lbzJ6MWg0d21u","https:\/\/www.youtube.com\/@FDASRL_ANIMALCARE"],"description":"FDA SRL \u2013 Equipment for animal husbandry nasce con l\u2019obiettivo di offrire soluzioni affidabili e innovative per l\u2019allevamento moderno. Con anni di esperienza nel settore zootecnico, progettiamo e realizziamo attrezzature destinate al benessere animale e alla gestione efficiente delle stalle: vasche, abbeveratoi, mangiatoie e sistemi di riscaldamento pensati per durare nel tempo e semplificare il lavoro quotidiano degli allevatori. Dalla progettazione alla produzione, ogni nostro prodotto \u00e8 studiato nei minimi dettagli, testato con cura e costruito per rispondere alle esigenze reali del settore. La nostra forza \u00e8 unire artigianalit\u00e0, tecnologia e competenza tecnica per trasformare ogni progetto in una soluzione concreta e funzionale. Oggi FDA SRL \u00e8 un punto di riferimento per privati e rivenditori che cercano qualit\u00e0, affidabilit\u00e0 e innovazione nelle attrezzature per l\u2019allevamento.","email":"info@fdasrl.it","telephone":"+390522826820","legalName":"F.D.A. SRL","foundingDate":"2024-10-13","vatID":"03075840359","taxID":"03075840359","numberOfEmployees":{"@type":"QuantitativeValue","minValue":"1","maxValue":"10"}}]},"product_price_currency":"EUR","og_availability":"instock","product_availability":"instock","product_retailer_item_id":"FAMA6","product_condition":"new"},"_links":{"self":[{"href":"https:\/\/fdasrl.it\/de\/wp-json\/wp\/v2\/product\/3004","targetHints":{"allow":["GET"]}}],"collection":[{"href":"https:\/\/fdasrl.it\/de\/wp-json\/wp\/v2\/product"}],"about":[{"href":"https:\/\/fdasrl.it\/de\/wp-json\/wp\/v2\/types\/product"}],"replies":[{"embeddable":true,"href":"https:\/\/fdasrl.it\/de\/wp-json\/wp\/v2\/comments?post=3004"}],"wp:featuredmedia":[{"embeddable":true,"href":"https:\/\/fdasrl.it\/de\/wp-json\/wp\/v2\/media\/742"}],"wp:attachment":[{"href":"https:\/\/fdasrl.it\/de\/wp-json\/wp\/v2\/media?parent=3004"}],"wp:term":[{"taxonomy":"product_brand","embeddable":true,"href":"https:\/\/fdasrl.it\/de\/wp-json\/wp\/v2\/product_brand?post=3004"},{"taxonomy":"product_cat","embeddable":true,"href":"https:\/\/fdasrl.it\/de\/wp-json\/wp\/v2\/product_cat?post=3004"},{"taxonomy":"product_tag","embeddable":true,"href":"https:\/\/fdasrl.it\/de\/wp-json\/wp\/v2\/product_tag?post=3004"}],"curies":[{"name":"wp","href":"https:\/\/api.w.org\/{rel}","templated":true}]}}