{"id":3019,"date":"2025-01-21T13:15:41","date_gmt":"2025-01-21T12:15:41","guid":{"rendered":"https:\/\/fdasrl.it\/prodotto\/melkeimer-und-transportkanne-fuer-schafe-und-ziegen\/"},"modified":"2025-01-21T13:15:41","modified_gmt":"2025-01-21T12:15:41","slug":"melkeimer-und-transportkanne-fuer-schafe-und-ziegen","status":"publish","type":"product","link":"https:\/\/fdasrl.it\/de\/prodotto\/melkeimer-und-transportkanne-fuer-schafe-und-ziegen\/","title":{"rendered":"MELKEIMER UND TRANSPORTKANNE F\u00dcR SCHAFE UND ZIEGEN"},"content":{"rendered":"<h2 data-start=\"113\" data-end=\"198\">Melkeimer aus Edelstahl 30 l f\u00fcr Ziegen und Schafe \u2013 Doppelmelkzeug<\/h2>\n<p data-start=\"200\" data-end=\"527\">Der <strong data-start=\"203\" data-end=\"252\">Melkeimer aus Edelstahl mit 30 Litern<\/strong> ist ein unverzichtbares Werkzeug f\u00fcr das professionelle t\u00e4gliche Melken von <strong data-start=\"327\" data-end=\"345\">Ziegen und Schafen<\/strong>.<br data-start=\"346\" data-end=\"349\">Gefertigt aus lebensmittelechtem <strong data-start=\"363\" data-end=\"388\">Edelstahl AISI 304<\/strong>, garantiert er hohe Hygienestandards, Korrosionsbest\u00e4ndigkeit und eine lange Lebensdauer, selbst in intensiven landwirtschaftlichen Umgebungen.<\/p>\n<p data-start=\"529\" data-end=\"787\">Dieses Modell ist f\u00fcr den Betrieb mit <strong data-start=\"576\" data-end=\"598\">2 Melkzeugen<\/strong> ausgelegt und bietet eine h\u00f6here Effizienz und Zeitersparnis im Vergleich zu Einzelmelksystemen. Der Eimer ist mit einem <strong data-start=\"715\" data-end=\"735\">robusten Griff<\/strong> ausgestattet, der den Transport auch bei voller Beladung erleichtert. <\/p>\n<p data-start=\"789\" data-end=\"814\">Das Kit ist <strong data-start=\"798\" data-end=\"813\">komplett mit<\/strong>:<\/p>\n<ul data-start=\"815\" data-end=\"1142\">\n<li data-start=\"815\" data-end=\"862\">\n<p data-start=\"817\" data-end=\"862\">Edelstahldeckel mit Schnellkupplungen<\/p>\n<\/li>\n<li data-start=\"863\" data-end=\"932\">\n<p data-start=\"865\" data-end=\"932\">Pneumatischer Pulsator (Frequenz 50\/50 f\u00fcr Schafe oder 60\/40 f\u00fcr Ziegen)<\/p>\n<\/li>\n<li data-start=\"933\" data-end=\"981\">\n<p data-start=\"935\" data-end=\"981\">2 Sammelst\u00fccke mit Absperrventil<\/p>\n<\/li>\n<li data-start=\"982\" data-end=\"1044\">\n<p data-start=\"984\" data-end=\"1044\">Melkbecher aus widerstandsf\u00e4higem Material mit halbautomatischen Ventilen<\/p>\n<\/li>\n<li data-start=\"1045\" data-end=\"1069\">\n<p data-start=\"1047\" data-end=\"1069\">Zitzengummis aus Silikon<\/p>\n<\/li>\n<li data-start=\"1070\" data-end=\"1142\">\n<p data-start=\"1072\" data-end=\"1142\">Schl\u00e4uche aus <strong data-start=\"1085\" data-end=\"1124\">extra dickwandigem Lebensmittel-Crystal<\/strong> f\u00fcr Milch und Vakuum<\/p>\n<\/li>\n<\/ul>\n<blockquote data-start=\"1144\" data-end=\"1238\">\n<p data-start=\"1146\" data-end=\"1238\">\u26a0\ufe0f <strong data-start=\"1149\" data-end=\"1163\">Achtung<\/strong>: Das System ben\u00f6tigt eine <strong data-start=\"1189\" data-end=\"1216\">externe Vakuumpumpe<\/strong>, die nicht im Kit enthalten ist.<\/p>\n<\/blockquote>\n<p data-start=\"1240\" data-end=\"1463\">Ideal f\u00fcr <strong data-start=\"1251\" data-end=\"1274\">kleine Betriebe<\/strong>, mobiles Melken oder die <strong data-start=\"1295\" data-end=\"1341\">handwerkliche Herstellung von Milch und Milchprodukten<\/strong> (K\u00e4se, Joghurt usw.).<br data-start=\"1367\" data-end=\"1370\">Ein zuverl\u00e4ssiges, einfach zu bedienendes Werkzeug, kompatibel mit tragbaren oder station\u00e4ren Melkanlagen.<\/p>\n<hr data-start=\"1282\" data-end=\"1285\">\n<p data-start=\"1287\" data-end=\"1336\">\ud83d\uded2 <strong data-start=\"1290\" data-end=\"1336\">Kaufen Sie ihn jetzt in unserem <\/strong><a href=\"https:\/\/fda-shop.it\/shop\/mungitura\/secchio-mungitore-in-acciaio-inox-per-capra-o-pecora\" target=\"_blank\" rel=\"noopener\">Online-Shop<\/a><\/p>\n","protected":false},"excerpt":{"rendered":"<p>Edelstahl-Melkeimer mit 30 l f\u00fcr Milchschafe und Milchziegen, komplett mit Zubeh\u00f6r.<\/p>\n","protected":false},"featured_media":476,"comment_status":"open","ping_status":"closed","template":"","meta":{"_et_pb_use_builder":"","_et_pb_old_content":"","_et_gb_content_width":""},"product_brand":[],"product_cat":[496],"product_tag":[747],"class_list":{"0":"post-3019","1":"product","2":"type-product","3":"status-publish","4":"has-post-thumbnail","6":"product_cat-zubehor-fur-melkmaschinen","7":"product_tag-facm19300","9":"first","10":"instock","11":"shipping-taxable","12":"product-type-simple"},"yoast_head":"<!-- This site is optimized with the Yoast SEO Premium plugin v27.5 (Yoast SEO v27.5) - https:\/\/yoast.com\/product\/yoast-seo-premium-wordpress\/ -->\n<title>Melkeimer aus Edelstahl f\u00fcr Schafe und Ziegen 30 l - FDA srl<\/title>\n<meta name=\"description\" content=\"Entdecken Sie den Melkeimer aus Edelstahl f\u00fcr Schafe und Ziegen, konzipiert f\u00fcr professionelles und hygienisches Melken. Nutzen Sie die Gelegenheit und kaufen Sie ihn jetzt!\" \/>\n<meta name=\"robots\" content=\"index, follow, max-snippet:-1, max-image-preview:large, max-video-preview:-1\" \/>\n<link rel=\"canonical\" href=\"https:\/\/fdasrl.it\/de\/prodotto\/melkeimer-und-transportkanne-fuer-schafe-und-ziegen\/\" \/>\n<meta property=\"og:locale\" content=\"de_DE\" \/>\n<meta property=\"og:type\" content=\"article\" \/>\n<meta property=\"og:title\" content=\"MELKEIMER UND TRANSPORTKANNE F\u00dcR SCHAFE UND ZIEGEN\" \/>\n<meta property=\"og:description\" content=\"Entdecken Sie den Melkeimer aus Edelstahl f\u00fcr Schafe und Ziegen, konzipiert f\u00fcr professionelles und hygienisches Melken. Nutzen Sie die Gelegenheit und kaufen Sie ihn jetzt!\" \/>\n<meta property=\"og:url\" content=\"https:\/\/fdasrl.it\/de\/prodotto\/melkeimer-und-transportkanne-fuer-schafe-und-ziegen\/\" \/>\n<meta property=\"og:site_name\" content=\"FDA srl\" \/>\n<meta property=\"article:publisher\" content=\"https:\/\/www.facebook.com\/share\/1MWhFWg1Tp\/?mibextid=LQQJ4d\" \/>\n<meta property=\"og:image\" content=\"https:\/\/fdasrl.it\/wp-content\/uploads\/2025\/01\/FACM19300.jpg\" \/>\n\t<meta property=\"og:image:width\" content=\"600\" \/>\n\t<meta property=\"og:image:height\" content=\"800\" \/>\n\t<meta property=\"og:image:type\" content=\"image\/jpeg\" \/>\n<meta name=\"twitter:card\" content=\"summary_large_image\" \/>\n<meta name=\"twitter:label1\" content=\"Preis\" \/>\n\t<meta name=\"twitter:data1\" content=\"\" \/>\n\t<meta name=\"twitter:label2\" content=\"Verf\u00fcgbarkeit\" \/>\n\t<meta name=\"twitter:data2\" content=\"Auf Lager\" \/>\n<meta property=\"product:price:currency\" content=\"EUR\" \/>\n<meta property=\"og:availability\" content=\"instock\" \/>\n<meta property=\"product:availability\" content=\"instock\" \/>\n<meta property=\"product:retailer_item_id\" content=\"FACM19300\" \/>\n<meta property=\"product:condition\" content=\"new\" \/>\n<!-- \/ Yoast SEO Premium plugin. -->","yoast_head_json":{"title":"Melkeimer aus Edelstahl f\u00fcr Schafe und Ziegen 30 l - FDA srl","description":"Entdecken Sie den Melkeimer aus Edelstahl f\u00fcr Schafe und Ziegen, konzipiert f\u00fcr professionelles und hygienisches Melken. Nutzen Sie die Gelegenheit und kaufen Sie ihn jetzt!","robots":{"index":"index","follow":"follow","max-snippet":"max-snippet:-1","max-image-preview":"max-image-preview:large","max-video-preview":"max-video-preview:-1"},"canonical":"https:\/\/fdasrl.it\/de\/prodotto\/melkeimer-und-transportkanne-fuer-schafe-und-ziegen\/","og_locale":"de_DE","og_type":"article","og_title":"MELKEIMER UND TRANSPORTKANNE F\u00dcR SCHAFE UND ZIEGEN","og_description":"Entdecken Sie den Melkeimer aus Edelstahl f\u00fcr Schafe und Ziegen, konzipiert f\u00fcr professionelles und hygienisches Melken. Nutzen Sie die Gelegenheit und kaufen Sie ihn jetzt!","og_url":"https:\/\/fdasrl.it\/de\/prodotto\/melkeimer-und-transportkanne-fuer-schafe-und-ziegen\/","og_site_name":"FDA srl","article_publisher":"https:\/\/www.facebook.com\/share\/1MWhFWg1Tp\/?mibextid=LQQJ4d","og_image":[{"width":600,"height":800,"url":"https:\/\/fdasrl.it\/wp-content\/uploads\/2025\/01\/FACM19300.jpg","type":"image\/jpeg"}],"twitter_card":"summary_large_image","twitter_misc":{"Preis":"","Verf\u00fcgbarkeit":"Auf Lager"},"schema":{"@context":"https:\/\/schema.org","@graph":[{"@type":"WebPage","@id":"https:\/\/fdasrl.it\/de\/prodotto\/melkeimer-und-transportkanne-fuer-schafe-und-ziegen\/","url":"https:\/\/fdasrl.it\/de\/prodotto\/melkeimer-und-transportkanne-fuer-schafe-und-ziegen\/","name":"Melkeimer aus Edelstahl f\u00fcr Schafe und Ziegen 30 l - FDA srl","isPartOf":{"@id":"https:\/\/fdasrl.it\/de\/#website"},"primaryImageOfPage":{"@id":"https:\/\/fdasrl.it\/de\/prodotto\/melkeimer-und-transportkanne-fuer-schafe-und-ziegen\/#primaryimage"},"image":{"@id":"https:\/\/fdasrl.it\/de\/prodotto\/melkeimer-und-transportkanne-fuer-schafe-und-ziegen\/#primaryimage"},"thumbnailUrl":"https:\/\/fdasrl.it\/wp-content\/uploads\/2025\/01\/FACM19300.jpg","datePublished":"2025-01-21T12:15:41+00:00","description":"Entdecken Sie den Melkeimer aus Edelstahl f\u00fcr Schafe und Ziegen, konzipiert f\u00fcr professionelles und hygienisches Melken. Nutzen Sie die Gelegenheit und kaufen Sie ihn jetzt!","breadcrumb":{"@id":"https:\/\/fdasrl.it\/de\/prodotto\/melkeimer-und-transportkanne-fuer-schafe-und-ziegen\/#breadcrumb"},"inLanguage":"de","potentialAction":[{"@type":"ReadAction","target":["https:\/\/fdasrl.it\/de\/prodotto\/melkeimer-und-transportkanne-fuer-schafe-und-ziegen\/"]}]},{"@type":"ImageObject","inLanguage":"de","@id":"https:\/\/fdasrl.it\/de\/prodotto\/melkeimer-und-transportkanne-fuer-schafe-und-ziegen\/#primaryimage","url":"https:\/\/fdasrl.it\/wp-content\/uploads\/2025\/01\/FACM19300.jpg","contentUrl":"https:\/\/fdasrl.it\/wp-content\/uploads\/2025\/01\/FACM19300.jpg","width":600,"height":800},{"@type":"BreadcrumbList","@id":"https:\/\/fdasrl.it\/de\/prodotto\/melkeimer-und-transportkanne-fuer-schafe-und-ziegen\/#breadcrumb","itemListElement":[{"@type":"ListItem","position":1,"name":"Home","item":"https:\/\/fdasrl.it\/de\/startseite\/"},{"@type":"ListItem","position":2,"name":"Shop","item":"https:\/\/fdasrl.it\/de\/shop\/"},{"@type":"ListItem","position":3,"name":"MELKEIMER UND TRANSPORTKANNE F\u00dcR SCHAFE UND ZIEGEN"}]},{"@type":"WebSite","@id":"https:\/\/fdasrl.it\/de\/#website","url":"https:\/\/fdasrl.it\/de\/","name":"FDA srl","description":"Equipment for animal husbandry","publisher":{"@id":"https:\/\/fdasrl.it\/de\/#organization"},"potentialAction":[{"@type":"SearchAction","target":{"@type":"EntryPoint","urlTemplate":"https:\/\/fdasrl.it\/de\/?s={search_term_string}"},"query-input":{"@type":"PropertyValueSpecification","valueRequired":true,"valueName":"search_term_string"}}],"inLanguage":"de"},{"@type":"Organization","@id":"https:\/\/fdasrl.it\/de\/#organization","name":"FDA srl","url":"https:\/\/fdasrl.it\/de\/","logo":{"@type":"ImageObject","inLanguage":"de","@id":"https:\/\/fdasrl.it\/de\/#\/schema\/logo\/image\/","url":"https:\/\/fdasrl.it\/wp-content\/uploads\/2024\/12\/Logo-FDA.png","contentUrl":"https:\/\/fdasrl.it\/wp-content\/uploads\/2024\/12\/Logo-FDA.png","width":316,"height":119,"caption":"FDA srl"},"image":{"@id":"https:\/\/fdasrl.it\/de\/#\/schema\/logo\/image\/"},"sameAs":["https:\/\/www.facebook.com\/share\/1MWhFWg1Tp\/?mibextid=LQQJ4d","https:\/\/www.instagram.com\/fda_srl\/profilecard\/?igsh=YW5lbzJ6MWg0d21u","https:\/\/www.youtube.com\/@FDASRL_ANIMALCARE"],"description":"FDA SRL \u2013 Equipment for animal husbandry nasce con l\u2019obiettivo di offrire soluzioni affidabili e innovative per l\u2019allevamento moderno. Con anni di esperienza nel settore zootecnico, progettiamo e realizziamo attrezzature destinate al benessere animale e alla gestione efficiente delle stalle: vasche, abbeveratoi, mangiatoie e sistemi di riscaldamento pensati per durare nel tempo e semplificare il lavoro quotidiano degli allevatori. Dalla progettazione alla produzione, ogni nostro prodotto \u00e8 studiato nei minimi dettagli, testato con cura e costruito per rispondere alle esigenze reali del settore. La nostra forza \u00e8 unire artigianalit\u00e0, tecnologia e competenza tecnica per trasformare ogni progetto in una soluzione concreta e funzionale. Oggi FDA SRL \u00e8 un punto di riferimento per privati e rivenditori che cercano qualit\u00e0, affidabilit\u00e0 e innovazione nelle attrezzature per l\u2019allevamento.","email":"info@fdasrl.it","telephone":"+390522826820","legalName":"F.D.A. SRL","foundingDate":"2024-10-13","vatID":"03075840359","taxID":"03075840359","numberOfEmployees":{"@type":"QuantitativeValue","minValue":"1","maxValue":"10"}}]},"product_price_currency":"EUR","og_availability":"instock","product_availability":"instock","product_retailer_item_id":"FACM19300","product_condition":"new"},"_links":{"self":[{"href":"https:\/\/fdasrl.it\/de\/wp-json\/wp\/v2\/product\/3019","targetHints":{"allow":["GET"]}}],"collection":[{"href":"https:\/\/fdasrl.it\/de\/wp-json\/wp\/v2\/product"}],"about":[{"href":"https:\/\/fdasrl.it\/de\/wp-json\/wp\/v2\/types\/product"}],"replies":[{"embeddable":true,"href":"https:\/\/fdasrl.it\/de\/wp-json\/wp\/v2\/comments?post=3019"}],"wp:featuredmedia":[{"embeddable":true,"href":"https:\/\/fdasrl.it\/de\/wp-json\/wp\/v2\/media\/476"}],"wp:attachment":[{"href":"https:\/\/fdasrl.it\/de\/wp-json\/wp\/v2\/media?parent=3019"}],"wp:term":[{"taxonomy":"product_brand","embeddable":true,"href":"https:\/\/fdasrl.it\/de\/wp-json\/wp\/v2\/product_brand?post=3019"},{"taxonomy":"product_cat","embeddable":true,"href":"https:\/\/fdasrl.it\/de\/wp-json\/wp\/v2\/product_cat?post=3019"},{"taxonomy":"product_tag","embeddable":true,"href":"https:\/\/fdasrl.it\/de\/wp-json\/wp\/v2\/product_tag?post=3019"}],"curies":[{"name":"wp","href":"https:\/\/api.w.org\/{rel}","templated":true}]}}