{"id":3060,"date":"2025-10-16T12:26:33","date_gmt":"2025-10-16T10:26:33","guid":{"rendered":"https:\/\/fdasrl.it\/prodotto\/verschwendungsarme-schalentraenke-fda-t100-ideal-fuer-ferkel\/"},"modified":"2025-10-16T12:26:33","modified_gmt":"2025-10-16T10:26:33","slug":"verschwendungsarme-schalentraenke-fda-t100-ideal-fuer-ferkel","status":"publish","type":"product","link":"https:\/\/fdasrl.it\/de\/prodotto\/verschwendungsarme-schalentraenke-fda-t100-ideal-fuer-ferkel\/","title":{"rendered":"Verschwendungsarme Schalentr\u00e4nke FDA-T100 ideal f\u00fcr Ferkel"},"content":{"rendered":"<div>\n<h3 data-start=\"132\" data-end=\"207\">Verschwendungsarme Schale klein FDA-T100 mit Tr\u00e4nke f\u00fcr Ferkel von 3 bis 15 kg<\/h3>\n<p data-start=\"209\" data-end=\"388\">Die <strong data-start=\"212\" data-end=\"244\">verschwendungsarme Schale klein<\/strong> ist vollst\u00e4ndig aus <strong data-start=\"273\" data-end=\"298\">Edelstahl AISI 304<\/strong> mit St\u00e4rke <strong data-start=\"312\" data-end=\"324\">10\/10 mm<\/strong> gefertigt, Garantie f\u00fcr <strong data-start=\"338\" data-end=\"385\">Hygiene, Widerstandsf\u00e4higkeit und lange Lebensdauer<\/strong>.<\/p>\n<p data-start=\"390\" data-end=\"592\">Ausgestattet mit <strong data-start=\"400\" data-end=\"426\">integrierter Tr\u00e4nke<\/strong>, ist sie konzipiert, um <strong data-start=\"445\" data-end=\"486\">Wasserverschwendung auf ein Minimum zu reduzieren<\/strong> und einen einfachen Zugang f\u00fcr die Tiere zu gew\u00e4hrleisten, wodurch <strong data-start=\"546\" data-end=\"591\">Tierwohl und Effizienz der Haltung<\/strong> verbessert werden.<\/p>\n<p data-start=\"594\" data-end=\"629\">\u2705 <strong data-start=\"596\" data-end=\"627\">Hauptmerkmale:<\/strong><\/p>\n<ul data-start=\"630\" data-end=\"1445\">\n<li data-start=\"630\" data-end=\"673\">\n<p data-start=\"632\" data-end=\"673\">Geeignet f\u00fcr <strong data-start=\"643\" data-end=\"671\">Ferkel von 3 kg bis 15 kg<\/strong><\/p>\n<\/li>\n<li data-start=\"674\" data-end=\"730\">\n<p data-start=\"676\" data-end=\"730\">Gefertigt aus <strong data-start=\"690\" data-end=\"728\">Edelstahl AISI 304 St. 10\/10 mm<\/strong><\/p>\n<\/li>\n<li data-start=\"731\" data-end=\"807\">\n<p data-start=\"733\" data-end=\"807\"><strong data-start=\"733\" data-end=\"759\">Integrierte Tr\u00e4nke<\/strong> Art.-Nr. <a class=\"decorated-link\" href=\"https:\/\/fdasrl.it\/prodotto\/art-fda-000006-abbeveratoio-1-2-per-vaschetta-inox\/\" rel=\"noopener\" data-start=\"765\" data-end=\"784\"><strong data-start=\"766\" data-end=\"780\">FDA-000006<\/strong><\/a> <em data-start=\"785\" data-end=\"805\">(zum Artikel)<\/em><\/p>\n<\/li>\n<li data-start=\"808\" data-end=\"852\">\n<p data-start=\"810\" data-end=\"852\"><strong data-start=\"810\" data-end=\"825\">Abmessungen:<\/strong> L 13,5 \u00d7 H 13,5 \u00d7 T 8 cm<\/p>\n<\/li>\n<li data-start=\"853\" data-end=\"996\">\n<p data-start=\"855\" data-end=\"996\"><strong data-start=\"855\" data-end=\"877\">Ergonomisches Design:<\/strong> die runde Form ist auf die Anatomie der Schweine abgestimmt und reduziert Wasserverschwendung beim Tr\u00e4nken<\/p>\n<\/li>\n<li data-start=\"997\" data-end=\"1133\">\n<p data-start=\"999\" data-end=\"1133\"><strong data-start=\"999\" data-end=\"1020\">Schnittschutzr\u00e4nder:<\/strong> nach au\u00dfen umgeb\u00f6rdelt, um Verkrustungen zu vermeiden und die Schale sauber und sicher zu halten<\/p>\n<\/li>\n<li data-start=\"1134\" data-end=\"1267\">\n<p data-start=\"1136\" data-end=\"1267\"><strong data-start=\"1136\" data-end=\"1169\">Hochwertiger Edelstahl:<\/strong> aus AISI 304 St. 10\/10 gefertigt, extrem widerstandsf\u00e4hig und langlebig auch in schwierigen Umgebungen<\/p>\n<\/li>\n<li data-start=\"1268\" data-end=\"1417\">\n<p data-start=\"1270\" data-end=\"1417\"><strong data-start=\"1270\" data-end=\"1299\">Breiter Druckbereich:<\/strong> kompatibel mit Dr\u00fccken von <strong data-start=\"1329\" data-end=\"1372\">0,2 Bar (0,02 MPa) bis 2,0 Bar (0,20 MPa)<\/strong>, geeignet f\u00fcr verschiedene Tr\u00e4nkeanforderungen<\/p>\n<\/li>\n<li data-start=\"1418\" data-end=\"1445\">\n<p data-start=\"1420\" data-end=\"1445\"><strong data-start=\"1420\" data-end=\"1438\">Wasseranschluss:<\/strong> 1\/2&#8243;<\/p>\n<\/li>\n<\/ul>\n<p data-start=\"1447\" data-end=\"1497\">Widerstandsf\u00e4hig, hygienisch und <strong data-start=\"1470\" data-end=\"1494\">einfach zu installieren<\/strong>.<\/p>\n<p data-start=\"1499\" data-end=\"1612\">\ud83d\udc49 <strong data-start=\"1502\" data-end=\"1518\">H\u00e4ndler:<\/strong> f\u00fcr Wiederverkaufsbedingungen Anfrage per E-Mail: <a href=\"mailto:info@fdasrl.it\"><strong data-start=\"1573\" data-end=\"1587\">hier klicken<\/strong>.<\/a><\/p>\n<\/div>\n","protected":false},"excerpt":{"rendered":"<p>Verschwendungsarme Schale klein aus <strong data-start=\"1678\" data-end=\"1716\">Edelstahl AISI 304 St. 10\/10 mm<\/strong> mit <strong data-start=\"1721\" data-end=\"1747\">integrierter Tr\u00e4nke<\/strong>, Schnittschutzr\u00e4ndern und ergonomischem Design. Geeignet f\u00fcr <strong data-start=\"1798\" data-end=\"1823\">Ferkel von 3 bis 15 kg<\/strong>. Betriebsdruck: <strong data-start=\"1848\" data-end=\"1865\">0,2 \u2013 2,0 bar<\/strong>, Wasseranschluss <strong data-start=\"1881\" data-end=\"1889\">1\/2&#8243;<\/strong>.  <\/p>\n","protected":false},"featured_media":976,"comment_status":"open","ping_status":"closed","template":"","meta":{"_et_pb_use_builder":"on","_et_pb_old_content":"<div>\n<h3 data-start=\"132\" data-end=\"207\">Verschwendungsarme Schale klein FDA-T100 mit Tr\u00e4nke f\u00fcr Ferkel von 3 bis 15 kg<\/h3>\n<p data-start=\"209\" data-end=\"388\">Die <strong data-start=\"212\" data-end=\"244\">verschwendungsarme Schale klein<\/strong> ist vollst\u00e4ndig aus <strong data-start=\"273\" data-end=\"298\">Edelstahl AISI 304<\/strong> mit St\u00e4rke <strong data-start=\"312\" data-end=\"324\">10\/10 mm<\/strong> gefertigt, Garantie f\u00fcr <strong data-start=\"338\" data-end=\"385\">Hygiene, Widerstandsf\u00e4higkeit und lange Lebensdauer<\/strong>.<\/p>\n<p data-start=\"390\" data-end=\"592\">Ausgestattet mit <strong data-start=\"400\" data-end=\"426\">integrierter Tr\u00e4nke<\/strong>, ist sie konzipiert, um <strong data-start=\"445\" data-end=\"486\">Wasserverschwendung auf ein Minimum zu reduzieren<\/strong> und einen einfachen Zugang f\u00fcr die Tiere zu gew\u00e4hrleisten, wodurch <strong data-start=\"546\" data-end=\"591\">Tierwohl und Effizienz der Haltung<\/strong> verbessert werden.<\/p>\n<p data-start=\"594\" data-end=\"629\">\u2705 <strong data-start=\"596\" data-end=\"627\">Hauptmerkmale:<\/strong><\/p>\n\n<ul data-start=\"630\" data-end=\"1445\">\n \t<li data-start=\"630\" data-end=\"673\">\n<p data-start=\"632\" data-end=\"673\">Geeignet f\u00fcr <strong data-start=\"643\" data-end=\"671\">Ferkel von 3 kg bis 15 kg<\/strong><\/p>\n<\/li>\n \t<li data-start=\"674\" data-end=\"730\">\n<p data-start=\"676\" data-end=\"730\">Gefertigt aus <strong data-start=\"690\" data-end=\"728\">Edelstahl AISI 304 St. 10\/10 mm<\/strong><\/p>\n<\/li>\n \t<li data-start=\"731\" data-end=\"807\">\n<p data-start=\"733\" data-end=\"807\"><strong data-start=\"733\" data-end=\"759\">Integrierte Tr\u00e4nke<\/strong> Art.-Nr. <a class=\"decorated-link\" href=\"https:\/\/fdasrl.it\/prodotto\/art-fda-000006-abbeveratoio-1-2-per-vaschetta-inox\/\" rel=\"noopener\" data-start=\"765\" data-end=\"784\"><strong data-start=\"766\" data-end=\"780\">FDA-000006<\/strong><\/a> <em data-start=\"785\" data-end=\"805\">(zum Artikel)<\/em><\/p>\n<\/li>\n \t<li data-start=\"808\" data-end=\"852\">\n<p data-start=\"810\" data-end=\"852\"><strong data-start=\"810\" data-end=\"825\">Abmessungen:<\/strong> L 13,5 \u00d7 H 13,5 \u00d7 T 8 cm<\/p>\n<\/li>\n \t<li data-start=\"853\" data-end=\"996\">\n<p data-start=\"855\" data-end=\"996\"><strong data-start=\"855\" data-end=\"877\">Ergonomisches Design:<\/strong> die runde Form ist auf die Anatomie der Schweine abgestimmt und reduziert Wasserverschwendung beim Tr\u00e4nken<\/p>\n<\/li>\n \t<li data-start=\"997\" data-end=\"1133\">\n<p data-start=\"999\" data-end=\"1133\"><strong data-start=\"999\" data-end=\"1020\">Schnittschutzr\u00e4nder:<\/strong> nach au\u00dfen umgeb\u00f6rdelt, um Verkrustungen zu vermeiden und die Schale sauber und sicher zu halten<\/p>\n<\/li>\n \t<li data-start=\"1134\" data-end=\"1267\">\n<p data-start=\"1136\" data-end=\"1267\"><strong data-start=\"1136\" data-end=\"1169\">Hochwertiger Edelstahl:<\/strong> aus AISI 304 St. 10\/10 gefertigt, extrem widerstandsf\u00e4hig und langlebig auch in schwierigen Umgebungen<\/p>\n<\/li>\n \t<li data-start=\"1268\" data-end=\"1417\">\n<p data-start=\"1270\" data-end=\"1417\"><strong data-start=\"1270\" data-end=\"1299\">Breiter Druckbereich:<\/strong> kompatibel mit Dr\u00fccken von <strong data-start=\"1329\" data-end=\"1372\">0,2 Bar (0,02 MPa) bis 2,0 Bar (0,20 MPa)<\/strong>, geeignet f\u00fcr verschiedene Tr\u00e4nkeanforderungen<\/p>\n<\/li>\n \t<li data-start=\"1418\" data-end=\"1445\">\n<p data-start=\"1420\" data-end=\"1445\"><strong data-start=\"1420\" data-end=\"1438\">Wasseranschluss:<\/strong> 1\/2\"<\/p>\n<\/li>\n<\/ul>\n<p data-start=\"1447\" data-end=\"1497\">Widerstandsf\u00e4hig, hygienisch und <strong data-start=\"1470\" data-end=\"1494\">einfach zu installieren<\/strong>.<\/p>\n<p data-start=\"1499\" data-end=\"1612\">\ud83d\udc49 <strong data-start=\"1502\" data-end=\"1518\">H\u00e4ndler:<\/strong> f\u00fcr Wiederverkaufsbedingungen Anfrage per E-Mail: <a href=\"mailto:info@fdasrl.it\"><strong data-start=\"1573\" data-end=\"1587\">hier klicken<\/strong>.<\/a><\/p>\n\n<\/div>","_et_gb_content_width":""},"product_brand":[],"product_cat":[763,643,762],"product_tag":[764],"class_list":{"0":"post-3060","1":"product","2":"type-product","3":"status-publish","4":"has-post-thumbnail","6":"product_cat-schalentranke","7":"product_cat-schweine","8":"product_cat-tranken-3","9":"product_tag-fda-t100","11":"first","12":"instock","13":"shipping-taxable","14":"product-type-simple"},"yoast_head":"<!-- This site is optimized with the Yoast SEO Premium plugin v27.5 (Yoast SEO v27.5) - https:\/\/yoast.com\/product\/yoast-seo-premium-wordpress\/ -->\n<title>Verschwendungsarme Schale Klein: einfacher Zugang f\u00fcr Ferkel<\/title>\n<meta name=\"description\" content=\"Die verschwendungsarme Schale Klein ist perfekt f\u00fcr Ferkel von 3 kg bis 15 kg! Aus Edelstahl AISI 304 f\u00fcr \u00fcberlegene Leistung. Mehr erfahren!\" \/>\n<meta name=\"robots\" content=\"index, follow, max-snippet:-1, max-image-preview:large, max-video-preview:-1\" \/>\n<link rel=\"canonical\" href=\"https:\/\/fdasrl.it\/de\/prodotto\/verschwendungsarme-schalentraenke-fda-t100-ideal-fuer-ferkel\/\" \/>\n<meta property=\"og:locale\" content=\"de_DE\" \/>\n<meta property=\"og:type\" content=\"article\" \/>\n<meta property=\"og:title\" content=\"Verschwendungsarme Schalentr\u00e4nke FDA-T100 ideal f\u00fcr Ferkel\" \/>\n<meta property=\"og:description\" content=\"Die verschwendungsarme Schale Klein ist perfekt f\u00fcr Ferkel von 3 kg bis 15 kg! Aus Edelstahl AISI 304 f\u00fcr \u00fcberlegene Leistung. Mehr erfahren!\" \/>\n<meta property=\"og:url\" content=\"https:\/\/fdasrl.it\/de\/prodotto\/verschwendungsarme-schalentraenke-fda-t100-ideal-fuer-ferkel\/\" \/>\n<meta property=\"og:site_name\" content=\"FDA srl\" \/>\n<meta property=\"article:publisher\" content=\"https:\/\/www.facebook.com\/share\/1MWhFWg1Tp\/?mibextid=LQQJ4d\" \/>\n<meta property=\"og:image\" content=\"https:\/\/fdasrl.it\/wp-content\/uploads\/2025\/10\/FDA-T100-abbeveratoio_vaschetta_rotonda_antispreco_per_suini.jpg\" \/>\n\t<meta property=\"og:image:width\" content=\"1187\" \/>\n\t<meta property=\"og:image:height\" content=\"1200\" \/>\n\t<meta property=\"og:image:type\" content=\"image\/jpeg\" \/>\n<meta name=\"twitter:card\" content=\"summary_large_image\" \/>\n<meta name=\"twitter:label1\" content=\"Preis\" \/>\n\t<meta name=\"twitter:data1\" content=\"\" \/>\n\t<meta name=\"twitter:label2\" content=\"Verf\u00fcgbarkeit\" \/>\n\t<meta name=\"twitter:data2\" content=\"Auf Lager\" \/>\n<meta property=\"product:price:currency\" content=\"EUR\" \/>\n<meta property=\"og:availability\" content=\"instock\" \/>\n<meta property=\"product:availability\" content=\"instock\" \/>\n<meta property=\"product:retailer_item_id\" content=\"FDA-T100\" \/>\n<meta property=\"product:condition\" content=\"new\" \/>\n<!-- \/ Yoast SEO Premium plugin. -->","yoast_head_json":{"title":"Verschwendungsarme Schale Klein: einfacher Zugang f\u00fcr Ferkel","description":"Die verschwendungsarme Schale Klein ist perfekt f\u00fcr Ferkel von 3 kg bis 15 kg! Aus Edelstahl AISI 304 f\u00fcr \u00fcberlegene Leistung. Mehr erfahren!","robots":{"index":"index","follow":"follow","max-snippet":"max-snippet:-1","max-image-preview":"max-image-preview:large","max-video-preview":"max-video-preview:-1"},"canonical":"https:\/\/fdasrl.it\/de\/prodotto\/verschwendungsarme-schalentraenke-fda-t100-ideal-fuer-ferkel\/","og_locale":"de_DE","og_type":"article","og_title":"Verschwendungsarme Schalentr\u00e4nke FDA-T100 ideal f\u00fcr Ferkel","og_description":"Die verschwendungsarme Schale Klein ist perfekt f\u00fcr Ferkel von 3 kg bis 15 kg! Aus Edelstahl AISI 304 f\u00fcr \u00fcberlegene Leistung. Mehr erfahren!","og_url":"https:\/\/fdasrl.it\/de\/prodotto\/verschwendungsarme-schalentraenke-fda-t100-ideal-fuer-ferkel\/","og_site_name":"FDA srl","article_publisher":"https:\/\/www.facebook.com\/share\/1MWhFWg1Tp\/?mibextid=LQQJ4d","og_image":[{"width":1187,"height":1200,"url":"https:\/\/fdasrl.it\/wp-content\/uploads\/2025\/10\/FDA-T100-abbeveratoio_vaschetta_rotonda_antispreco_per_suini.jpg","type":"image\/jpeg"}],"twitter_card":"summary_large_image","twitter_misc":{"Preis":"","Verf\u00fcgbarkeit":"Auf Lager"},"schema":{"@context":"https:\/\/schema.org","@graph":[{"@type":"WebPage","@id":"https:\/\/fdasrl.it\/de\/prodotto\/verschwendungsarme-schalentraenke-fda-t100-ideal-fuer-ferkel\/","url":"https:\/\/fdasrl.it\/de\/prodotto\/verschwendungsarme-schalentraenke-fda-t100-ideal-fuer-ferkel\/","name":"Verschwendungsarme Schale Klein: einfacher Zugang f\u00fcr Ferkel","isPartOf":{"@id":"https:\/\/fdasrl.it\/de\/#website"},"primaryImageOfPage":{"@id":"https:\/\/fdasrl.it\/de\/prodotto\/verschwendungsarme-schalentraenke-fda-t100-ideal-fuer-ferkel\/#primaryimage"},"image":{"@id":"https:\/\/fdasrl.it\/de\/prodotto\/verschwendungsarme-schalentraenke-fda-t100-ideal-fuer-ferkel\/#primaryimage"},"thumbnailUrl":"https:\/\/fdasrl.it\/wp-content\/uploads\/2025\/10\/FDA-T100-abbeveratoio_vaschetta_rotonda_antispreco_per_suini.jpg","datePublished":"2025-10-16T10:26:33+00:00","description":"Die verschwendungsarme Schale Klein ist perfekt f\u00fcr Ferkel von 3 kg bis 15 kg! Aus Edelstahl AISI 304 f\u00fcr \u00fcberlegene Leistung. Mehr erfahren!","breadcrumb":{"@id":"https:\/\/fdasrl.it\/de\/prodotto\/verschwendungsarme-schalentraenke-fda-t100-ideal-fuer-ferkel\/#breadcrumb"},"inLanguage":"de","potentialAction":[{"@type":"ReadAction","target":["https:\/\/fdasrl.it\/de\/prodotto\/verschwendungsarme-schalentraenke-fda-t100-ideal-fuer-ferkel\/"]}]},{"@type":"ImageObject","inLanguage":"de","@id":"https:\/\/fdasrl.it\/de\/prodotto\/verschwendungsarme-schalentraenke-fda-t100-ideal-fuer-ferkel\/#primaryimage","url":"https:\/\/fdasrl.it\/wp-content\/uploads\/2025\/10\/FDA-T100-abbeveratoio_vaschetta_rotonda_antispreco_per_suini.jpg","contentUrl":"https:\/\/fdasrl.it\/wp-content\/uploads\/2025\/10\/FDA-T100-abbeveratoio_vaschetta_rotonda_antispreco_per_suini.jpg","width":1187,"height":1200,"caption":"Vaschetta antispreco in acciaio inox per suinetti"},{"@type":"BreadcrumbList","@id":"https:\/\/fdasrl.it\/de\/prodotto\/verschwendungsarme-schalentraenke-fda-t100-ideal-fuer-ferkel\/#breadcrumb","itemListElement":[{"@type":"ListItem","position":1,"name":"Home","item":"https:\/\/fdasrl.it\/de\/startseite\/"},{"@type":"ListItem","position":2,"name":"Shop","item":"https:\/\/fdasrl.it\/de\/shop\/"},{"@type":"ListItem","position":3,"name":"Verschwendungsarme Schalentr\u00e4nke FDA-T100 ideal f\u00fcr Ferkel"}]},{"@type":"WebSite","@id":"https:\/\/fdasrl.it\/de\/#website","url":"https:\/\/fdasrl.it\/de\/","name":"FDA srl","description":"Equipment for animal husbandry","publisher":{"@id":"https:\/\/fdasrl.it\/de\/#organization"},"potentialAction":[{"@type":"SearchAction","target":{"@type":"EntryPoint","urlTemplate":"https:\/\/fdasrl.it\/de\/?s={search_term_string}"},"query-input":{"@type":"PropertyValueSpecification","valueRequired":true,"valueName":"search_term_string"}}],"inLanguage":"de"},{"@type":"Organization","@id":"https:\/\/fdasrl.it\/de\/#organization","name":"FDA srl","url":"https:\/\/fdasrl.it\/de\/","logo":{"@type":"ImageObject","inLanguage":"de","@id":"https:\/\/fdasrl.it\/de\/#\/schema\/logo\/image\/","url":"https:\/\/fdasrl.it\/wp-content\/uploads\/2024\/12\/Logo-FDA.png","contentUrl":"https:\/\/fdasrl.it\/wp-content\/uploads\/2024\/12\/Logo-FDA.png","width":316,"height":119,"caption":"FDA srl"},"image":{"@id":"https:\/\/fdasrl.it\/de\/#\/schema\/logo\/image\/"},"sameAs":["https:\/\/www.facebook.com\/share\/1MWhFWg1Tp\/?mibextid=LQQJ4d","https:\/\/www.instagram.com\/fda_srl\/profilecard\/?igsh=YW5lbzJ6MWg0d21u","https:\/\/www.youtube.com\/@FDASRL_ANIMALCARE"],"description":"FDA SRL \u2013 Equipment for animal husbandry nasce con l\u2019obiettivo di offrire soluzioni affidabili e innovative per l\u2019allevamento moderno. Con anni di esperienza nel settore zootecnico, progettiamo e realizziamo attrezzature destinate al benessere animale e alla gestione efficiente delle stalle: vasche, abbeveratoi, mangiatoie e sistemi di riscaldamento pensati per durare nel tempo e semplificare il lavoro quotidiano degli allevatori. Dalla progettazione alla produzione, ogni nostro prodotto \u00e8 studiato nei minimi dettagli, testato con cura e costruito per rispondere alle esigenze reali del settore. La nostra forza \u00e8 unire artigianalit\u00e0, tecnologia e competenza tecnica per trasformare ogni progetto in una soluzione concreta e funzionale. Oggi FDA SRL \u00e8 un punto di riferimento per privati e rivenditori che cercano qualit\u00e0, affidabilit\u00e0 e innovazione nelle attrezzature per l\u2019allevamento.","email":"info@fdasrl.it","telephone":"+390522826820","legalName":"F.D.A. SRL","foundingDate":"2024-10-13","vatID":"03075840359","taxID":"03075840359","numberOfEmployees":{"@type":"QuantitativeValue","minValue":"1","maxValue":"10"}}]},"product_price_currency":"EUR","og_availability":"instock","product_availability":"instock","product_retailer_item_id":"FDA-T100","product_condition":"new"},"_links":{"self":[{"href":"https:\/\/fdasrl.it\/de\/wp-json\/wp\/v2\/product\/3060","targetHints":{"allow":["GET"]}}],"collection":[{"href":"https:\/\/fdasrl.it\/de\/wp-json\/wp\/v2\/product"}],"about":[{"href":"https:\/\/fdasrl.it\/de\/wp-json\/wp\/v2\/types\/product"}],"replies":[{"embeddable":true,"href":"https:\/\/fdasrl.it\/de\/wp-json\/wp\/v2\/comments?post=3060"}],"wp:featuredmedia":[{"embeddable":true,"href":"https:\/\/fdasrl.it\/de\/wp-json\/wp\/v2\/media\/976"}],"wp:attachment":[{"href":"https:\/\/fdasrl.it\/de\/wp-json\/wp\/v2\/media?parent=3060"}],"wp:term":[{"taxonomy":"product_brand","embeddable":true,"href":"https:\/\/fdasrl.it\/de\/wp-json\/wp\/v2\/product_brand?post=3060"},{"taxonomy":"product_cat","embeddable":true,"href":"https:\/\/fdasrl.it\/de\/wp-json\/wp\/v2\/product_cat?post=3060"},{"taxonomy":"product_tag","embeddable":true,"href":"https:\/\/fdasrl.it\/de\/wp-json\/wp\/v2\/product_tag?post=3060"}],"curies":[{"name":"wp","href":"https:\/\/api.w.org\/{rel}","templated":true}]}}