{"id":3065,"date":"2025-06-25T11:42:12","date_gmt":"2025-06-25T09:42:12","guid":{"rendered":"https:\/\/fdasrl.it\/prodotto\/rechteckiger-futtertrog-aus-verzinktem-stahl-fuer-pferde-und-kuehe\/"},"modified":"2025-06-25T11:42:12","modified_gmt":"2025-06-25T09:42:12","slug":"rechteckiger-futtertrog-aus-verzinktem-stahl-fuer-pferde-und-kuehe","status":"publish","type":"product","link":"https:\/\/fdasrl.it\/de\/prodotto\/rechteckiger-futtertrog-aus-verzinktem-stahl-fuer-pferde-und-kuehe\/","title":{"rendered":"Rechteckiger Futtertrog aus verzinktem Stahl f\u00fcr Pferde und K\u00fche"},"content":{"rendered":"<h3 class=\"ai-optimize-68 ai-optimize-introduction\" data-start=\"341\" data-end=\"448\"><strong data-start=\"341\" data-end=\"448\">Rechteckiger Futtertrog aus feuerverzinktem Stahl \u2013 35 Liter \u2013 f\u00fcr Pferde, K\u00fche und Stalltiere<\/strong><\/h3>\n<p class=\"ai-optimize-69 ai-optimize-introduction\" data-start=\"450\" data-end=\"759\">Professioneller rechteckiger Futtertrog, ideal f\u00fcr die F\u00fctterung von <strong data-start=\"519\" data-end=\"564\">Rindern, Pferden und anderen Stalltieren<\/strong>. Hergestellt aus <strong data-start=\"591\" data-end=\"618\">feuerverzinktem Stahl<\/strong>, garantiert er <strong data-start=\"631\" data-end=\"669\">hohe Korrosionsbest\u00e4ndigkeit<\/strong>, maximale Langlebigkeit und eine sichere Struktur, die das Verletzungsrisiko f\u00fcr die Tiere verringert. <\/p>\n<p class=\"ai-optimize-70\" data-start=\"761\" data-end=\"972\">Mit einem <strong data-start=\"769\" data-end=\"793\">Fassungsverm\u00f6gen von 35 Litern<\/strong> ist dieser Trog perfekt f\u00fcr die Gabe von Futter oder Raufutter. Der <strong data-start=\"873\" data-end=\"902\">15-mm-Ablassstopfen<\/strong> erleichtert die t\u00e4gliche Reinigung und sorgt f\u00fcr hohe Hygienestandards. <\/p>\n<p class=\"ai-optimize-71\" data-start=\"974\" data-end=\"1167\">Die <strong data-start=\"977\" data-end=\"1020\">kompakten Ma\u00dfe (45 x 34 x H 24 cm)<\/strong> machen ihn f\u00fcr jede Art von Box, Gehege oder Stall geeignet. Die Wandbefestigung erfolgt einfach und schnell dank der <strong data-start=\"1129\" data-end=\"1154\">3 vorbereiteten Verankerungspunkte<\/strong>. <\/p>\n<hr data-start=\"1169\" data-end=\"1172\">\n<h3 class=\"ai-optimize-72\" data-start=\"1174\" data-end=\"1209\"><strong data-start=\"1178\" data-end=\"1209\">Hauptmerkmale:<\/strong><\/h3>\n<ul data-start=\"1211\" data-end=\"1509\">\n<li class=\"ai-optimize-73\" data-start=\"1211\" data-end=\"1294\">\n<p class=\"ai-optimize-74\" data-start=\"1213\" data-end=\"1294\">\u2705 <strong data-start=\"1215\" data-end=\"1239\">Widerstandsf\u00e4higes Material<\/strong>: feuerverzinkter Stahl, auch im Inneren der Rohre<\/p>\n<\/li>\n<li class=\"ai-optimize-75\" data-start=\"1295\" data-end=\"1323\">\n<p class=\"ai-optimize-76\" data-start=\"1297\" data-end=\"1323\">\u2705 <strong data-start=\"1299\" data-end=\"1311\">Fassungsverm\u00f6gen<\/strong>: 35 Liter<\/p>\n<\/li>\n<li class=\"ai-optimize-77\" data-start=\"1324\" data-end=\"1402\">\n<p class=\"ai-optimize-78\" data-start=\"1326\" data-end=\"1402\">\u2705 <strong data-start=\"1328\" data-end=\"1342\">Ma\u00dfe<\/strong>: 45 cm (Breite) x 34 cm (Tiefe) x 24 cm (H\u00f6he)<\/p>\n<\/li>\n<li class=\"ai-optimize-79\" data-start=\"1403\" data-end=\"1457\">\n<p class=\"ai-optimize-80\" data-start=\"1405\" data-end=\"1457\">\u2705 <strong data-start=\"1407\" data-end=\"1427\">Ablassstopfen<\/strong> (15 mm) f\u00fcr einfache Reinigung<\/p>\n<\/li>\n<li class=\"ai-optimize-81\" data-start=\"1458\" data-end=\"1509\">\n<p class=\"ai-optimize-82\" data-start=\"1460\" data-end=\"1509\">\u2705 <strong data-start=\"1462\" data-end=\"1484\">Wandmontage<\/strong> mit 3 Schrauben (nicht im Lieferumfang enthalten)<\/p>\n<\/li>\n<\/ul>\n","protected":false},"excerpt":{"rendered":"<p class=\"ai-optimize-31\"><strong data-start=\"158\" data-end=\"217\">Rechteckiger Futtertrog aus Stahl f\u00fcr Pferde und K\u00fche<\/strong>, 35 Liter. Widerstandsf\u00e4hig, sicher, einfach zu montieren und zu reinigen. Ideal f\u00fcr St\u00e4lle und Reitanlagen.  <\/p>\n","protected":false},"featured_media":860,"comment_status":"open","ping_status":"closed","template":"","meta":{"_et_pb_use_builder":"","_et_pb_old_content":"","_et_gb_content_width":""},"product_brand":[],"product_cat":[742,578,409],"product_tag":[767,765,766],"class_list":{"0":"post-3065","1":"product","2":"type-product","3":"status-publish","4":"has-post-thumbnail","6":"product_cat-futtertroge","7":"product_cat-pferde","8":"product_cat-rinder","9":"product_tag-fa-ma-8","10":"product_tag-fa-ma8","11":"product_tag-fama8","13":"first","14":"instock","15":"shipping-taxable","16":"product-type-simple"},"yoast_head":"<!-- This site is optimized with the Yoast SEO Premium plugin v27.5 (Yoast SEO v27.5) - https:\/\/yoast.com\/product\/yoast-seo-premium-wordpress\/ -->\n<title>Rechteckiger Futtertrog aus Stahl f\u00fcr Pferde und K\u00fche: hohe Qualit\u00e4t<\/title>\n<meta name=\"description\" content=\"W\u00e4hlen Sie den rechteckigen Futtertrog aus Stahl f\u00fcr Pferde und K\u00fche mit 35 Litern Fassungsverm\u00f6gen. Erleichtert die Reinigung und garantiert Sicherheit f\u00fcr Ihre Tiere! \u2705\" \/>\n<meta name=\"robots\" content=\"index, follow, max-snippet:-1, max-image-preview:large, max-video-preview:-1\" \/>\n<link rel=\"canonical\" href=\"https:\/\/fdasrl.it\/de\/prodotto\/rechteckiger-futtertrog-aus-verzinktem-stahl-fuer-pferde-und-kuehe\/\" \/>\n<meta property=\"og:locale\" content=\"de_DE\" \/>\n<meta property=\"og:type\" content=\"article\" \/>\n<meta property=\"og:title\" content=\"Rechteckiger Futtertrog aus verzinktem Stahl f\u00fcr Pferde und K\u00fche\" \/>\n<meta property=\"og:description\" content=\"W\u00e4hlen Sie den rechteckigen Futtertrog aus Stahl f\u00fcr Pferde und K\u00fche mit 35 Litern Fassungsverm\u00f6gen. Erleichtert die Reinigung und garantiert Sicherheit f\u00fcr Ihre Tiere! \u2705\" \/>\n<meta property=\"og:url\" content=\"https:\/\/fdasrl.it\/de\/prodotto\/rechteckiger-futtertrog-aus-verzinktem-stahl-fuer-pferde-und-kuehe\/\" \/>\n<meta property=\"og:site_name\" content=\"FDA srl\" \/>\n<meta property=\"article:publisher\" content=\"https:\/\/www.facebook.com\/share\/1MWhFWg1Tp\/?mibextid=LQQJ4d\" \/>\n<meta property=\"og:image\" content=\"https:\/\/fdasrl.it\/wp-content\/uploads\/2025\/06\/mangiatoia-a-rettangolo-acciaio.jpg\" \/>\n\t<meta property=\"og:image:width\" content=\"1261\" \/>\n\t<meta property=\"og:image:height\" content=\"900\" \/>\n\t<meta property=\"og:image:type\" content=\"image\/jpeg\" \/>\n<meta name=\"twitter:card\" content=\"summary_large_image\" \/>\n<meta name=\"twitter:label1\" content=\"Preis\" \/>\n\t<meta name=\"twitter:data1\" content=\"\" \/>\n\t<meta name=\"twitter:label2\" content=\"Verf\u00fcgbarkeit\" \/>\n\t<meta name=\"twitter:data2\" content=\"Auf Lager\" \/>\n<meta property=\"product:price:currency\" content=\"EUR\" \/>\n<meta property=\"og:availability\" content=\"instock\" \/>\n<meta property=\"product:availability\" content=\"instock\" \/>\n<meta property=\"product:retailer_item_id\" content=\"FAMA6-1\" \/>\n<meta property=\"product:condition\" content=\"new\" \/>\n<!-- \/ Yoast SEO Premium plugin. -->","yoast_head_json":{"title":"Rechteckiger Futtertrog aus Stahl f\u00fcr Pferde und K\u00fche: hohe Qualit\u00e4t","description":"W\u00e4hlen Sie den rechteckigen Futtertrog aus Stahl f\u00fcr Pferde und K\u00fche mit 35 Litern Fassungsverm\u00f6gen. Erleichtert die Reinigung und garantiert Sicherheit f\u00fcr Ihre Tiere! \u2705","robots":{"index":"index","follow":"follow","max-snippet":"max-snippet:-1","max-image-preview":"max-image-preview:large","max-video-preview":"max-video-preview:-1"},"canonical":"https:\/\/fdasrl.it\/de\/prodotto\/rechteckiger-futtertrog-aus-verzinktem-stahl-fuer-pferde-und-kuehe\/","og_locale":"de_DE","og_type":"article","og_title":"Rechteckiger Futtertrog aus verzinktem Stahl f\u00fcr Pferde und K\u00fche","og_description":"W\u00e4hlen Sie den rechteckigen Futtertrog aus Stahl f\u00fcr Pferde und K\u00fche mit 35 Litern Fassungsverm\u00f6gen. Erleichtert die Reinigung und garantiert Sicherheit f\u00fcr Ihre Tiere! \u2705","og_url":"https:\/\/fdasrl.it\/de\/prodotto\/rechteckiger-futtertrog-aus-verzinktem-stahl-fuer-pferde-und-kuehe\/","og_site_name":"FDA srl","article_publisher":"https:\/\/www.facebook.com\/share\/1MWhFWg1Tp\/?mibextid=LQQJ4d","og_image":[{"width":1261,"height":900,"url":"https:\/\/fdasrl.it\/wp-content\/uploads\/2025\/06\/mangiatoia-a-rettangolo-acciaio.jpg","type":"image\/jpeg"}],"twitter_card":"summary_large_image","twitter_misc":{"Preis":"","Verf\u00fcgbarkeit":"Auf Lager"},"schema":{"@context":"https:\/\/schema.org","@graph":[{"@type":"WebPage","@id":"https:\/\/fdasrl.it\/de\/prodotto\/rechteckiger-futtertrog-aus-verzinktem-stahl-fuer-pferde-und-kuehe\/","url":"https:\/\/fdasrl.it\/de\/prodotto\/rechteckiger-futtertrog-aus-verzinktem-stahl-fuer-pferde-und-kuehe\/","name":"Rechteckiger Futtertrog aus Stahl f\u00fcr Pferde und K\u00fche: hohe Qualit\u00e4t","isPartOf":{"@id":"https:\/\/fdasrl.it\/de\/#website"},"primaryImageOfPage":{"@id":"https:\/\/fdasrl.it\/de\/prodotto\/rechteckiger-futtertrog-aus-verzinktem-stahl-fuer-pferde-und-kuehe\/#primaryimage"},"image":{"@id":"https:\/\/fdasrl.it\/de\/prodotto\/rechteckiger-futtertrog-aus-verzinktem-stahl-fuer-pferde-und-kuehe\/#primaryimage"},"thumbnailUrl":"https:\/\/fdasrl.it\/wp-content\/uploads\/2025\/06\/mangiatoia-a-rettangolo-acciaio.jpg","datePublished":"2025-06-25T09:42:12+00:00","description":"W\u00e4hlen Sie den rechteckigen Futtertrog aus Stahl f\u00fcr Pferde und K\u00fche mit 35 Litern Fassungsverm\u00f6gen. Erleichtert die Reinigung und garantiert Sicherheit f\u00fcr Ihre Tiere! \u2705","breadcrumb":{"@id":"https:\/\/fdasrl.it\/de\/prodotto\/rechteckiger-futtertrog-aus-verzinktem-stahl-fuer-pferde-und-kuehe\/#breadcrumb"},"inLanguage":"de","potentialAction":[{"@type":"ReadAction","target":["https:\/\/fdasrl.it\/de\/prodotto\/rechteckiger-futtertrog-aus-verzinktem-stahl-fuer-pferde-und-kuehe\/"]}]},{"@type":"ImageObject","inLanguage":"de","@id":"https:\/\/fdasrl.it\/de\/prodotto\/rechteckiger-futtertrog-aus-verzinktem-stahl-fuer-pferde-und-kuehe\/#primaryimage","url":"https:\/\/fdasrl.it\/wp-content\/uploads\/2025\/06\/mangiatoia-a-rettangolo-acciaio.jpg","contentUrl":"https:\/\/fdasrl.it\/wp-content\/uploads\/2025\/06\/mangiatoia-a-rettangolo-acciaio.jpg","width":1261,"height":900,"caption":"Mangiatoia rettangolare in acciaio zincato a caldo da 35 litri per cavalli e mucche, resistente e facile da montare"},{"@type":"BreadcrumbList","@id":"https:\/\/fdasrl.it\/de\/prodotto\/rechteckiger-futtertrog-aus-verzinktem-stahl-fuer-pferde-und-kuehe\/#breadcrumb","itemListElement":[{"@type":"ListItem","position":1,"name":"Home","item":"https:\/\/fdasrl.it\/de\/startseite\/"},{"@type":"ListItem","position":2,"name":"Shop","item":"https:\/\/fdasrl.it\/de\/shop\/"},{"@type":"ListItem","position":3,"name":"Rechteckiger Futtertrog aus verzinktem Stahl f\u00fcr Pferde und K\u00fche"}]},{"@type":"WebSite","@id":"https:\/\/fdasrl.it\/de\/#website","url":"https:\/\/fdasrl.it\/de\/","name":"FDA srl","description":"Equipment for animal husbandry","publisher":{"@id":"https:\/\/fdasrl.it\/de\/#organization"},"potentialAction":[{"@type":"SearchAction","target":{"@type":"EntryPoint","urlTemplate":"https:\/\/fdasrl.it\/de\/?s={search_term_string}"},"query-input":{"@type":"PropertyValueSpecification","valueRequired":true,"valueName":"search_term_string"}}],"inLanguage":"de"},{"@type":"Organization","@id":"https:\/\/fdasrl.it\/de\/#organization","name":"FDA srl","url":"https:\/\/fdasrl.it\/de\/","logo":{"@type":"ImageObject","inLanguage":"de","@id":"https:\/\/fdasrl.it\/de\/#\/schema\/logo\/image\/","url":"https:\/\/fdasrl.it\/wp-content\/uploads\/2024\/12\/Logo-FDA.png","contentUrl":"https:\/\/fdasrl.it\/wp-content\/uploads\/2024\/12\/Logo-FDA.png","width":316,"height":119,"caption":"FDA srl"},"image":{"@id":"https:\/\/fdasrl.it\/de\/#\/schema\/logo\/image\/"},"sameAs":["https:\/\/www.facebook.com\/share\/1MWhFWg1Tp\/?mibextid=LQQJ4d","https:\/\/www.instagram.com\/fda_srl\/profilecard\/?igsh=YW5lbzJ6MWg0d21u","https:\/\/www.youtube.com\/@FDASRL_ANIMALCARE"],"description":"FDA SRL \u2013 Equipment for animal husbandry nasce con l\u2019obiettivo di offrire soluzioni affidabili e innovative per l\u2019allevamento moderno. Con anni di esperienza nel settore zootecnico, progettiamo e realizziamo attrezzature destinate al benessere animale e alla gestione efficiente delle stalle: vasche, abbeveratoi, mangiatoie e sistemi di riscaldamento pensati per durare nel tempo e semplificare il lavoro quotidiano degli allevatori. Dalla progettazione alla produzione, ogni nostro prodotto \u00e8 studiato nei minimi dettagli, testato con cura e costruito per rispondere alle esigenze reali del settore. La nostra forza \u00e8 unire artigianalit\u00e0, tecnologia e competenza tecnica per trasformare ogni progetto in una soluzione concreta e funzionale. Oggi FDA SRL \u00e8 un punto di riferimento per privati e rivenditori che cercano qualit\u00e0, affidabilit\u00e0 e innovazione nelle attrezzature per l\u2019allevamento.","email":"info@fdasrl.it","telephone":"+390522826820","legalName":"F.D.A. SRL","foundingDate":"2024-10-13","vatID":"03075840359","taxID":"03075840359","numberOfEmployees":{"@type":"QuantitativeValue","minValue":"1","maxValue":"10"}}]},"product_price_currency":"EUR","og_availability":"instock","product_availability":"instock","product_retailer_item_id":"FAMA6-1","product_condition":"new"},"_links":{"self":[{"href":"https:\/\/fdasrl.it\/de\/wp-json\/wp\/v2\/product\/3065","targetHints":{"allow":["GET"]}}],"collection":[{"href":"https:\/\/fdasrl.it\/de\/wp-json\/wp\/v2\/product"}],"about":[{"href":"https:\/\/fdasrl.it\/de\/wp-json\/wp\/v2\/types\/product"}],"replies":[{"embeddable":true,"href":"https:\/\/fdasrl.it\/de\/wp-json\/wp\/v2\/comments?post=3065"}],"wp:featuredmedia":[{"embeddable":true,"href":"https:\/\/fdasrl.it\/de\/wp-json\/wp\/v2\/media\/860"}],"wp:attachment":[{"href":"https:\/\/fdasrl.it\/de\/wp-json\/wp\/v2\/media?parent=3065"}],"wp:term":[{"taxonomy":"product_brand","embeddable":true,"href":"https:\/\/fdasrl.it\/de\/wp-json\/wp\/v2\/product_brand?post=3065"},{"taxonomy":"product_cat","embeddable":true,"href":"https:\/\/fdasrl.it\/de\/wp-json\/wp\/v2\/product_cat?post=3065"},{"taxonomy":"product_tag","embeddable":true,"href":"https:\/\/fdasrl.it\/de\/wp-json\/wp\/v2\/product_tag?post=3065"}],"curies":[{"name":"wp","href":"https:\/\/api.w.org\/{rel}","templated":true}]}}