{"id":3146,"date":"2025-05-23T09:33:28","date_gmt":"2025-05-23T07:33:28","guid":{"rendered":"https:\/\/fdasrl.it\/prodotto\/universal-eckhalterung-fuer-traenken-far22\/"},"modified":"2025-05-23T09:33:28","modified_gmt":"2025-05-23T07:33:28","slug":"universal-eckhalterung-fuer-traenken-far22","status":"publish","type":"product","link":"https:\/\/fdasrl.it\/de\/prodotto\/universal-eckhalterung-fuer-traenken-far22\/","title":{"rendered":"Universal-Eckhalterung f\u00fcr Tr\u00e4nken FAR22"},"content":{"rendered":"<h3 data-start=\"155\" data-end=\"274\">\u2705 <strong data-start=\"161\" data-end=\"274\">Universal-Eckhalterung f\u00fcr Tr\u00e4nken FAR22 \u2013 Robust, kompatibel und oxidationsfrei lasergeschnitten<\/strong><\/h3>\n<p data-start=\"276\" data-end=\"301\"><strong data-start=\"276\" data-end=\"301\">Produktbeschreibung:<\/strong><\/p>\n<p data-start=\"303\" data-end=\"613\">Die <strong data-start=\"306\" data-end=\"342\">Universal-Eckhalterung FAR22<\/strong> ist die ideale L\u00f6sung f\u00fcr die sichere und stabile Montage jeder Art von Tr\u00e4nke an Wand- oder Mauerecken. Gefertigt aus <strong data-start=\"481\" data-end=\"512\">30\/10 mm verzinktem Stahl<\/strong>, bietet sie hohe mechanische Festigkeit und Korrosionsbest\u00e4ndigkeit, perfekt f\u00fcr den Einsatz in der Tierhaltung. <\/p>\n<p data-start=\"615\" data-end=\"821\">Die Fertigung erfolgt mittels <strong data-start=\"646\" data-end=\"672\">Stickstoff-Laserschneiden<\/strong>, einer Technologie, die h\u00f6chste Pr\u00e4zision garantiert und <strong data-start=\"725\" data-end=\"761\">die Oxidation der Kanten verhindert<\/strong>, wodurch Qualit\u00e4t und Langlebigkeit des Produkts erhalten bleiben.<\/p>\n<p data-start=\"823\" data-end=\"1093\">Die <strong data-start=\"826\" data-end=\"850\">90\u00b0-Winkelform<\/strong> und das <strong data-start=\"856\" data-end=\"880\">hintere Halblangloch<\/strong> erm\u00f6glichen eine schnelle und ordentliche Installation, erleichtern die Rohrf\u00fchrung und reduzieren Knicke. Ideal f\u00fcr St\u00e4lle, Boxen und Montagen in Ecken, auch bei begrenztem Platzangebot. <\/p>\n<p data-start=\"1095\" data-end=\"1124\"><strong data-start=\"1095\" data-end=\"1124\">Technische Merkmale:<\/strong><\/p>\n<ul data-start=\"1125\" data-end=\"1406\">\n<li data-start=\"1125\" data-end=\"1153\">\n<p data-start=\"1127\" data-end=\"1153\">Material: verzinkter Stahl<\/p>\n<\/li>\n<li data-start=\"1154\" data-end=\"1174\">\n<p data-start=\"1156\" data-end=\"1174\">St\u00e4rke: 30\/10 mm<\/p>\n<\/li>\n<li data-start=\"1175\" data-end=\"1219\">\n<p data-start=\"1177\" data-end=\"1219\">Schnitt: Stickstoff-Laser (oxidationsfrei)<\/p>\n<\/li>\n<li data-start=\"1220\" data-end=\"1243\">\n<p data-start=\"1222\" data-end=\"1243\">Form: 90\u00b0-Winkel<\/p>\n<\/li>\n<li data-start=\"1244\" data-end=\"1305\">\n<p data-start=\"1246\" data-end=\"1305\">Hinterer Auslass in Achse mit dem Tr\u00e4nkeeinlass<\/p>\n<\/li>\n<li data-start=\"1306\" data-end=\"1353\">\n<p data-start=\"1308\" data-end=\"1353\">Vorbereitet f\u00fcr die Befestigung mit Schrauben und D\u00fcbeln<\/p>\n<\/li>\n<li data-start=\"1354\" data-end=\"1406\">\n<p data-start=\"1356\" data-end=\"1406\">Universelle Kompatibilit\u00e4t mit allen Tr\u00e4nken<\/p>\n<\/li>\n<\/ul>\n<p data-start=\"1408\" data-end=\"1421\"><strong data-start=\"1408\" data-end=\"1421\">Vorteile:<\/strong><\/p>\n<ul data-start=\"1422\" data-end=\"1576\">\n<li data-start=\"1422\" data-end=\"1452\">\n<p data-start=\"1424\" data-end=\"1452\">Stabile und langlebige Befestigung<\/p>\n<\/li>\n<li data-start=\"1453\" data-end=\"1492\">\n<p data-start=\"1455\" data-end=\"1492\">Pr\u00e4zise Verarbeitung ohne Oxidation<\/p>\n<\/li>\n<li data-start=\"1493\" data-end=\"1540\">\n<p data-start=\"1495\" data-end=\"1540\">Einfache Installation auch bei geringem Platzangebot<\/p>\n<\/li>\n<li data-start=\"1541\" data-end=\"1576\">\n<p data-start=\"1543\" data-end=\"1576\">Ordentliche Rohrf\u00fchrung<\/p>\n<\/li>\n<\/ul>\n<p>&nbsp;<\/p>\n<p>Kontaktieren Sie uns f\u00fcr ein spezielles Angebot f\u00fcr H\u00e4ndler: info@fdasrl.it<\/p>\n<p>Kaufen Sie es in unserem <a href=\"https:\/\/fda-shop.it\/shop\/articoli-per-allevamento\/abbeveratoi\/staffa-angolare-universale-per-abbeveratoi#\/25-accessori_e_confezioni-singola_unita\">Online-Shop<\/a><\/p>\n","protected":false},"excerpt":{"rendered":"<p>Universal-Eckhalterung aus verzinktem Stahl f\u00fcr Tr\u00e4nken. Kompatibel mit allen Modellen, mit hinterem Auslass und oxidationsfreiem Laserschnitt. Einfache Installation auch bei wenig Platz.  <\/p>\n<p>Download: <a href=\"https:\/\/fdasrl.it\/wp-content\/uploads\/2025\/05\/Scheda-tecnica-FAR22_compressed-1.pdf\">Technisches Datenblatt FAR22_compressed (1)<\/a><\/p>\n","protected":false},"featured_media":832,"comment_status":"open","ping_status":"closed","template":"","meta":{"_et_pb_use_builder":"","_et_pb_old_content":"","_et_gb_content_width":""},"product_brand":[],"product_cat":[578,409,414,510,544],"product_tag":[789,788],"class_list":{"0":"post-3146","1":"product","2":"type-product","3":"status-publish","4":"has-post-thumbnail","6":"product_cat-pferde","7":"product_cat-rinder","8":"product_cat-schafe-und-ziegen","9":"product_cat-tranken","10":"product_cat-tranken-2","11":"product_tag-far-22","12":"product_tag-far22","14":"first","15":"instock","16":"shipping-taxable","17":"product-type-simple"},"yoast_head":"<!-- This site is optimized with the Yoast SEO Premium plugin v27.5 (Yoast SEO v27.6) - https:\/\/yoast.com\/product\/yoast-seo-premium-wordpress\/ -->\n<title>Universal-Eckhalterung f\u00fcr Tr\u00e4nken aus verzinktem Stahl - FDA srl<\/title>\n<meta name=\"description\" content=\"Die Universal-Eckhalterung f\u00fcr Tr\u00e4nken aus verzinktem Stahl ist ideal f\u00fcr enge Ecken und stabile Installationen.\" \/>\n<meta name=\"robots\" content=\"index, follow, max-snippet:-1, max-image-preview:large, max-video-preview:-1\" \/>\n<link rel=\"canonical\" href=\"https:\/\/fdasrl.it\/de\/prodotto\/universal-eckhalterung-fuer-traenken-far22\/\" \/>\n<meta property=\"og:locale\" content=\"de_DE\" \/>\n<meta property=\"og:type\" content=\"article\" \/>\n<meta property=\"og:title\" content=\"Universal-Eckhalterung f\u00fcr Tr\u00e4nken FAR22\" \/>\n<meta property=\"og:description\" content=\"Die Universal-Eckhalterung f\u00fcr Tr\u00e4nken aus verzinktem Stahl ist ideal f\u00fcr enge Ecken und stabile Installationen.\" \/>\n<meta property=\"og:url\" content=\"https:\/\/fdasrl.it\/de\/prodotto\/universal-eckhalterung-fuer-traenken-far22\/\" \/>\n<meta property=\"og:site_name\" content=\"FDA srl\" \/>\n<meta property=\"article:publisher\" content=\"https:\/\/www.facebook.com\/share\/1MWhFWg1Tp\/?mibextid=LQQJ4d\" \/>\n<meta property=\"og:image\" content=\"https:\/\/fdasrl.it\/wp-content\/uploads\/2025\/05\/Staffa-angolare-abbeveratoi-FAR22-1.png\" \/>\n\t<meta property=\"og:image:width\" content=\"1376\" \/>\n\t<meta property=\"og:image:height\" content=\"1008\" \/>\n\t<meta property=\"og:image:type\" content=\"image\/png\" \/>\n<meta name=\"twitter:card\" content=\"summary_large_image\" \/>\n<meta name=\"twitter:label1\" content=\"Preis\" \/>\n\t<meta name=\"twitter:data1\" content=\"\" \/>\n\t<meta name=\"twitter:label2\" content=\"Verf\u00fcgbarkeit\" \/>\n\t<meta name=\"twitter:data2\" content=\"Auf Lager\" \/>\n<meta property=\"product:price:currency\" content=\"EUR\" \/>\n<meta property=\"og:availability\" content=\"instock\" \/>\n<meta property=\"product:availability\" content=\"instock\" \/>\n<meta property=\"product:retailer_item_id\" content=\"FAR22\" \/>\n<meta property=\"product:condition\" content=\"new\" \/>\n<!-- \/ Yoast SEO Premium plugin. -->","yoast_head_json":{"title":"Universal-Eckhalterung f\u00fcr Tr\u00e4nken aus verzinktem Stahl - FDA srl","description":"Die Universal-Eckhalterung f\u00fcr Tr\u00e4nken aus verzinktem Stahl ist ideal f\u00fcr enge Ecken und stabile Installationen.","robots":{"index":"index","follow":"follow","max-snippet":"max-snippet:-1","max-image-preview":"max-image-preview:large","max-video-preview":"max-video-preview:-1"},"canonical":"https:\/\/fdasrl.it\/de\/prodotto\/universal-eckhalterung-fuer-traenken-far22\/","og_locale":"de_DE","og_type":"article","og_title":"Universal-Eckhalterung f\u00fcr Tr\u00e4nken FAR22","og_description":"Die Universal-Eckhalterung f\u00fcr Tr\u00e4nken aus verzinktem Stahl ist ideal f\u00fcr enge Ecken und stabile Installationen.","og_url":"https:\/\/fdasrl.it\/de\/prodotto\/universal-eckhalterung-fuer-traenken-far22\/","og_site_name":"FDA srl","article_publisher":"https:\/\/www.facebook.com\/share\/1MWhFWg1Tp\/?mibextid=LQQJ4d","og_image":[{"width":1376,"height":1008,"url":"https:\/\/fdasrl.it\/wp-content\/uploads\/2025\/05\/Staffa-angolare-abbeveratoi-FAR22-1.png","type":"image\/png"}],"twitter_card":"summary_large_image","twitter_misc":{"Preis":"","Verf\u00fcgbarkeit":"Auf Lager"},"schema":{"@context":"https:\/\/schema.org","@graph":[{"@type":"WebPage","@id":"https:\/\/fdasrl.it\/de\/prodotto\/universal-eckhalterung-fuer-traenken-far22\/","url":"https:\/\/fdasrl.it\/de\/prodotto\/universal-eckhalterung-fuer-traenken-far22\/","name":"Universal-Eckhalterung f\u00fcr Tr\u00e4nken aus verzinktem Stahl - FDA srl","isPartOf":{"@id":"https:\/\/fdasrl.it\/de\/#website"},"primaryImageOfPage":{"@id":"https:\/\/fdasrl.it\/de\/prodotto\/universal-eckhalterung-fuer-traenken-far22\/#primaryimage"},"image":{"@id":"https:\/\/fdasrl.it\/de\/prodotto\/universal-eckhalterung-fuer-traenken-far22\/#primaryimage"},"thumbnailUrl":"https:\/\/fdasrl.it\/wp-content\/uploads\/2025\/05\/Staffa-angolare-abbeveratoi-FAR22-1.png","datePublished":"2025-05-23T07:33:28+00:00","description":"Die Universal-Eckhalterung f\u00fcr Tr\u00e4nken aus verzinktem Stahl ist ideal f\u00fcr enge Ecken und stabile Installationen.","breadcrumb":{"@id":"https:\/\/fdasrl.it\/de\/prodotto\/universal-eckhalterung-fuer-traenken-far22\/#breadcrumb"},"inLanguage":"de","potentialAction":[{"@type":"ReadAction","target":["https:\/\/fdasrl.it\/de\/prodotto\/universal-eckhalterung-fuer-traenken-far22\/"]}]},{"@type":"ImageObject","inLanguage":"de","@id":"https:\/\/fdasrl.it\/de\/prodotto\/universal-eckhalterung-fuer-traenken-far22\/#primaryimage","url":"https:\/\/fdasrl.it\/wp-content\/uploads\/2025\/05\/Staffa-angolare-abbeveratoi-FAR22-1.png","contentUrl":"https:\/\/fdasrl.it\/wp-content\/uploads\/2025\/05\/Staffa-angolare-abbeveratoi-FAR22-1.png","width":1376,"height":1008,"caption":"Staffa angolare per abbeveratoio FAR22"},{"@type":"BreadcrumbList","@id":"https:\/\/fdasrl.it\/de\/prodotto\/universal-eckhalterung-fuer-traenken-far22\/#breadcrumb","itemListElement":[{"@type":"ListItem","position":1,"name":"Home","item":"https:\/\/fdasrl.it\/de\/startseite\/"},{"@type":"ListItem","position":2,"name":"Shop","item":"https:\/\/fdasrl.it\/de\/shop\/"},{"@type":"ListItem","position":3,"name":"Universal-Eckhalterung f\u00fcr Tr\u00e4nken FAR22"}]},{"@type":"WebSite","@id":"https:\/\/fdasrl.it\/de\/#website","url":"https:\/\/fdasrl.it\/de\/","name":"FDA srl","description":"Equipment for animal husbandry","publisher":{"@id":"https:\/\/fdasrl.it\/de\/#organization"},"potentialAction":[{"@type":"SearchAction","target":{"@type":"EntryPoint","urlTemplate":"https:\/\/fdasrl.it\/de\/?s={search_term_string}"},"query-input":{"@type":"PropertyValueSpecification","valueRequired":true,"valueName":"search_term_string"}}],"inLanguage":"de"},{"@type":"Organization","@id":"https:\/\/fdasrl.it\/de\/#organization","name":"FDA srl","url":"https:\/\/fdasrl.it\/de\/","logo":{"@type":"ImageObject","inLanguage":"de","@id":"https:\/\/fdasrl.it\/de\/#\/schema\/logo\/image\/","url":"https:\/\/fdasrl.it\/wp-content\/uploads\/2024\/12\/Logo-FDA.png","contentUrl":"https:\/\/fdasrl.it\/wp-content\/uploads\/2024\/12\/Logo-FDA.png","width":316,"height":119,"caption":"FDA srl"},"image":{"@id":"https:\/\/fdasrl.it\/de\/#\/schema\/logo\/image\/"},"sameAs":["https:\/\/www.facebook.com\/share\/1MWhFWg1Tp\/?mibextid=LQQJ4d","https:\/\/www.instagram.com\/fda_srl\/profilecard\/?igsh=YW5lbzJ6MWg0d21u","https:\/\/www.youtube.com\/@FDASRL_ANIMALCARE"],"description":"FDA SRL \u2013 Equipment for animal husbandry nasce con l\u2019obiettivo di offrire soluzioni affidabili e innovative per l\u2019allevamento moderno. Con anni di esperienza nel settore zootecnico, progettiamo e realizziamo attrezzature destinate al benessere animale e alla gestione efficiente delle stalle: vasche, abbeveratoi, mangiatoie e sistemi di riscaldamento pensati per durare nel tempo e semplificare il lavoro quotidiano degli allevatori. Dalla progettazione alla produzione, ogni nostro prodotto \u00e8 studiato nei minimi dettagli, testato con cura e costruito per rispondere alle esigenze reali del settore. La nostra forza \u00e8 unire artigianalit\u00e0, tecnologia e competenza tecnica per trasformare ogni progetto in una soluzione concreta e funzionale. Oggi FDA SRL \u00e8 un punto di riferimento per privati e rivenditori che cercano qualit\u00e0, affidabilit\u00e0 e innovazione nelle attrezzature per l\u2019allevamento.","email":"info@fdasrl.it","telephone":"+390522826820","legalName":"F.D.A. SRL","foundingDate":"2024-10-13","vatID":"03075840359","taxID":"03075840359","numberOfEmployees":{"@type":"QuantitativeValue","minValue":"1","maxValue":"10"}}]},"product_price_currency":"EUR","og_availability":"instock","product_availability":"instock","product_retailer_item_id":"FAR22","product_condition":"new"},"_links":{"self":[{"href":"https:\/\/fdasrl.it\/de\/wp-json\/wp\/v2\/product\/3146","targetHints":{"allow":["GET"]}}],"collection":[{"href":"https:\/\/fdasrl.it\/de\/wp-json\/wp\/v2\/product"}],"about":[{"href":"https:\/\/fdasrl.it\/de\/wp-json\/wp\/v2\/types\/product"}],"replies":[{"embeddable":true,"href":"https:\/\/fdasrl.it\/de\/wp-json\/wp\/v2\/comments?post=3146"}],"wp:featuredmedia":[{"embeddable":true,"href":"https:\/\/fdasrl.it\/de\/wp-json\/wp\/v2\/media\/832"}],"wp:attachment":[{"href":"https:\/\/fdasrl.it\/de\/wp-json\/wp\/v2\/media?parent=3146"}],"wp:term":[{"taxonomy":"product_brand","embeddable":true,"href":"https:\/\/fdasrl.it\/de\/wp-json\/wp\/v2\/product_brand?post=3146"},{"taxonomy":"product_cat","embeddable":true,"href":"https:\/\/fdasrl.it\/de\/wp-json\/wp\/v2\/product_cat?post=3146"},{"taxonomy":"product_tag","embeddable":true,"href":"https:\/\/fdasrl.it\/de\/wp-json\/wp\/v2\/product_tag?post=3146"}],"curies":[{"name":"wp","href":"https:\/\/api.w.org\/{rel}","templated":true}]}}