{"id":3234,"date":"2025-01-21T13:34:38","date_gmt":"2025-01-21T12:34:38","guid":{"rendered":"https:\/\/fdasrl.it\/prodotto\/trockenlauf-vakuumpumpe-400-l-min-mit-elektromotor\/"},"modified":"2025-01-21T13:34:38","modified_gmt":"2025-01-21T12:34:38","slug":"trockenlauf-vakuumpumpe-400-l-min-mit-elektromotor","status":"publish","type":"product","link":"https:\/\/fdasrl.it\/de\/prodotto\/trockenlauf-vakuumpumpe-400-l-min-mit-elektromotor\/","title":{"rendered":"Trockenlauf-Vakuumpumpe 400 l\/min mit Elektromotor"},"content":{"rendered":"<h4 data-start=\"170\" data-end=\"241\"><strong data-start=\"170\" data-end=\"241\">Zentrifugal-Vakuumpumpe mit Graphitlamellen und Elektromotor \u2013 F\u00f6rderleistung 400 l\/min<\/strong><\/h4>\n<p class=\"\" data-start=\"243\" data-end=\"505\">Trockenlauf-Vakuumpumpe mit Graphitlamellen, ideal f\u00fcr Anwendungen in der Tierhaltung, die Zuverl\u00e4ssigkeit und Schmierfreiheit erfordern.<br data-start=\"383\" data-end=\"386\"><strong data-start=\"386\" data-end=\"440\">Besonders geeignet f\u00fcr fahrbare Melkmaschinen<\/strong>, diese Pumpe garantiert hohe Leistung und Langlebigkeit.<\/p>\n<p class=\"\" data-start=\"507\" data-end=\"538\"><strong data-start=\"507\" data-end=\"538\">Hauptmerkmale:<\/strong><\/p>\n<ul data-start=\"540\" data-end=\"996\">\n<li class=\"\" data-start=\"540\" data-end=\"588\">\n<p class=\"\" data-start=\"542\" data-end=\"588\"><strong data-start=\"542\" data-end=\"551\">Typ:<\/strong> Trockenlauf-Zentrifugal-Vakuumpumpe<\/p>\n<\/li>\n<li class=\"\" data-start=\"589\" data-end=\"615\">\n<p class=\"\" data-start=\"591\" data-end=\"615\"><strong data-start=\"591\" data-end=\"603\">F\u00f6rderleistung:<\/strong> 400 l\/min<\/p>\n<\/li>\n<li class=\"\" data-start=\"616\" data-end=\"661\">\n<p class=\"\" data-start=\"618\" data-end=\"661\"><strong data-start=\"618\" data-end=\"630\">Lamellen:<\/strong> Aus Graphit<\/p>\n<\/li>\n<li class=\"\" data-start=\"662\" data-end=\"778\">\n<p class=\"\" data-start=\"664\" data-end=\"778\"><strong data-start=\"664\" data-end=\"681\">Anwendung:<\/strong> Ideal f\u00fcr fahrbare Melkmaschinen<\/p>\n<\/li>\n<li class=\"\" data-start=\"779\" data-end=\"876\">\n<p class=\"\" data-start=\"781\" data-end=\"805\"><strong data-start=\"781\" data-end=\"803\">Inklusive Zubeh\u00f6r:<\/strong><\/p>\n<ul data-start=\"808\" data-end=\"876\">\n<li class=\"\" data-start=\"808\" data-end=\"831\">\n<p class=\"\" data-start=\"810\" data-end=\"831\">Auspuffschalld\u00e4mpfer<\/p>\n<\/li>\n<li class=\"\" data-start=\"834\" data-end=\"876\">\n<p class=\"\" data-start=\"836\" data-end=\"876\">Ein-\/Ausschalter<\/p>\n<\/li>\n<\/ul>\n<\/li>\n<li class=\"\" data-start=\"877\" data-end=\"969\">\n<p class=\"\" data-start=\"879\" data-end=\"902\"><strong data-start=\"879\" data-end=\"900\">Elektromotor:<\/strong><\/p>\n<ul data-start=\"905\" data-end=\"969\">\n<li class=\"\" data-start=\"905\" data-end=\"924\">\n<p class=\"\" data-start=\"907\" data-end=\"924\">Leistung: 1,1 kW<\/p>\n<\/li>\n<li class=\"\" data-start=\"927\" data-end=\"946\">\n<p class=\"\" data-start=\"929\" data-end=\"946\">Spannung: 220 V<\/p>\n<\/li>\n<li class=\"\" data-start=\"949\" data-end=\"969\">\n<p class=\"\" data-start=\"951\" data-end=\"969\">Frequenz: 50 Hz<\/p>\n<\/li>\n<\/ul>\n<\/li>\n<\/ul>\n<p>Kaufen Sie sie in unserem <a href=\"https:\/\/fda-shop.it\/shop\/pompa-del-vuoto-a-secco-400-l-min-con-motore-elettrico\" target=\"_blank\" rel=\"noopener\">Online-Shop<\/a><\/p>\n","protected":false},"excerpt":{"rendered":"<p class=\"\" data-start=\"70\" data-end=\"300\"><strong data-start=\"70\" data-end=\"300\">Trockenlauf-Vakuumpumpe mit Graphitlamellen, F\u00f6rderleistung 400 l\/min, ideal f\u00fcr fahrbare Melkmaschinen und Anwendungen in der Tierhaltung. Zuverl\u00e4ssig, schmierfrei, komplett mit Schalld\u00e4mpfer, Schalter und 1,1 kW Elektromotor. <\/strong><\/p>\n","protected":false},"featured_media":489,"comment_status":"open","ping_status":"closed","template":"","meta":{"_et_pb_use_builder":"","_et_pb_old_content":"","_et_gb_content_width":""},"product_brand":[],"product_cat":[410,496],"product_tag":[808],"class_list":{"0":"post-3234","1":"product","2":"type-product","3":"status-publish","4":"has-post-thumbnail","6":"product_cat-fahrbare-melkmaschinen","7":"product_cat-zubehor-fur-melkmaschinen","8":"product_tag-facm20700","10":"first","11":"instock","12":"shipping-taxable","13":"product-type-simple"},"yoast_head":"<!-- This site is optimized with the Yoast SEO Premium plugin v27.5 (Yoast SEO v27.5) - https:\/\/yoast.com\/product\/yoast-seo-premium-wordpress\/ -->\n<title>Trockenlauf-Vakuumpumpe mit Graphitlamellen: Hohe Leistung - FDA srl<\/title>\n<meta name=\"description\" content=\"Die Trockenlauf-Vakuumpumpe mit Graphitlamellen ist f\u00fcr langlebige Leistung konzipiert. Holen Sie das Beste aus Ihren Melkmaschinen heraus! \ud83d\udd27\" \/>\n<meta name=\"robots\" content=\"index, follow, max-snippet:-1, max-image-preview:large, max-video-preview:-1\" \/>\n<link rel=\"canonical\" href=\"https:\/\/fdasrl.it\/de\/prodotto\/trockenlauf-vakuumpumpe-400-l-min-mit-elektromotor\/\" \/>\n<meta property=\"og:locale\" content=\"de_DE\" \/>\n<meta property=\"og:type\" content=\"article\" \/>\n<meta property=\"og:title\" content=\"Trockenlauf-Vakuumpumpe 400 l\/min mit Elektromotor\" \/>\n<meta property=\"og:description\" content=\"Die Trockenlauf-Vakuumpumpe mit Graphitlamellen ist f\u00fcr langlebige Leistung konzipiert. Holen Sie das Beste aus Ihren Melkmaschinen heraus! \ud83d\udd27\" \/>\n<meta property=\"og:url\" content=\"https:\/\/fdasrl.it\/de\/prodotto\/trockenlauf-vakuumpumpe-400-l-min-mit-elektromotor\/\" \/>\n<meta property=\"og:site_name\" content=\"FDA srl\" \/>\n<meta property=\"article:publisher\" content=\"https:\/\/www.facebook.com\/share\/1MWhFWg1Tp\/?mibextid=LQQJ4d\" \/>\n<meta property=\"og:image\" content=\"https:\/\/fdasrl.it\/wp-content\/uploads\/2025\/01\/motore400.jpg\" \/>\n\t<meta property=\"og:image:width\" content=\"800\" \/>\n\t<meta property=\"og:image:height\" content=\"737\" \/>\n\t<meta property=\"og:image:type\" content=\"image\/jpeg\" \/>\n<meta name=\"twitter:card\" content=\"summary_large_image\" \/>\n<meta name=\"twitter:label1\" content=\"Preis\" \/>\n\t<meta name=\"twitter:data1\" content=\"\" \/>\n\t<meta name=\"twitter:label2\" content=\"Verf\u00fcgbarkeit\" \/>\n\t<meta name=\"twitter:data2\" content=\"Auf Lager\" \/>\n<meta property=\"product:price:currency\" content=\"EUR\" \/>\n<meta property=\"og:availability\" content=\"instock\" \/>\n<meta property=\"product:availability\" content=\"instock\" \/>\n<meta property=\"product:retailer_item_id\" content=\"FACM20700\" \/>\n<meta property=\"product:condition\" content=\"new\" \/>\n<!-- \/ Yoast SEO Premium plugin. -->","yoast_head_json":{"title":"Trockenlauf-Vakuumpumpe mit Graphitlamellen: Hohe Leistung - FDA srl","description":"Die Trockenlauf-Vakuumpumpe mit Graphitlamellen ist f\u00fcr langlebige Leistung konzipiert. Holen Sie das Beste aus Ihren Melkmaschinen heraus! \ud83d\udd27","robots":{"index":"index","follow":"follow","max-snippet":"max-snippet:-1","max-image-preview":"max-image-preview:large","max-video-preview":"max-video-preview:-1"},"canonical":"https:\/\/fdasrl.it\/de\/prodotto\/trockenlauf-vakuumpumpe-400-l-min-mit-elektromotor\/","og_locale":"de_DE","og_type":"article","og_title":"Trockenlauf-Vakuumpumpe 400 l\/min mit Elektromotor","og_description":"Die Trockenlauf-Vakuumpumpe mit Graphitlamellen ist f\u00fcr langlebige Leistung konzipiert. Holen Sie das Beste aus Ihren Melkmaschinen heraus! \ud83d\udd27","og_url":"https:\/\/fdasrl.it\/de\/prodotto\/trockenlauf-vakuumpumpe-400-l-min-mit-elektromotor\/","og_site_name":"FDA srl","article_publisher":"https:\/\/www.facebook.com\/share\/1MWhFWg1Tp\/?mibextid=LQQJ4d","og_image":[{"width":800,"height":737,"url":"https:\/\/fdasrl.it\/wp-content\/uploads\/2025\/01\/motore400.jpg","type":"image\/jpeg"}],"twitter_card":"summary_large_image","twitter_misc":{"Preis":"","Verf\u00fcgbarkeit":"Auf Lager"},"schema":{"@context":"https:\/\/schema.org","@graph":[{"@type":"WebPage","@id":"https:\/\/fdasrl.it\/de\/prodotto\/trockenlauf-vakuumpumpe-400-l-min-mit-elektromotor\/","url":"https:\/\/fdasrl.it\/de\/prodotto\/trockenlauf-vakuumpumpe-400-l-min-mit-elektromotor\/","name":"Trockenlauf-Vakuumpumpe mit Graphitlamellen: Hohe Leistung - FDA srl","isPartOf":{"@id":"https:\/\/fdasrl.it\/de\/#website"},"primaryImageOfPage":{"@id":"https:\/\/fdasrl.it\/de\/prodotto\/trockenlauf-vakuumpumpe-400-l-min-mit-elektromotor\/#primaryimage"},"image":{"@id":"https:\/\/fdasrl.it\/de\/prodotto\/trockenlauf-vakuumpumpe-400-l-min-mit-elektromotor\/#primaryimage"},"thumbnailUrl":"https:\/\/fdasrl.it\/wp-content\/uploads\/2025\/01\/motore400.jpg","datePublished":"2025-01-21T12:34:38+00:00","description":"Die Trockenlauf-Vakuumpumpe mit Graphitlamellen ist f\u00fcr langlebige Leistung konzipiert. Holen Sie das Beste aus Ihren Melkmaschinen heraus! \ud83d\udd27","breadcrumb":{"@id":"https:\/\/fdasrl.it\/de\/prodotto\/trockenlauf-vakuumpumpe-400-l-min-mit-elektromotor\/#breadcrumb"},"inLanguage":"de","potentialAction":[{"@type":"ReadAction","target":["https:\/\/fdasrl.it\/de\/prodotto\/trockenlauf-vakuumpumpe-400-l-min-mit-elektromotor\/"]}]},{"@type":"ImageObject","inLanguage":"de","@id":"https:\/\/fdasrl.it\/de\/prodotto\/trockenlauf-vakuumpumpe-400-l-min-mit-elektromotor\/#primaryimage","url":"https:\/\/fdasrl.it\/wp-content\/uploads\/2025\/01\/motore400.jpg","contentUrl":"https:\/\/fdasrl.it\/wp-content\/uploads\/2025\/01\/motore400.jpg","width":800,"height":737},{"@type":"BreadcrumbList","@id":"https:\/\/fdasrl.it\/de\/prodotto\/trockenlauf-vakuumpumpe-400-l-min-mit-elektromotor\/#breadcrumb","itemListElement":[{"@type":"ListItem","position":1,"name":"Home","item":"https:\/\/fdasrl.it\/de\/startseite\/"},{"@type":"ListItem","position":2,"name":"Shop","item":"https:\/\/fdasrl.it\/de\/shop\/"},{"@type":"ListItem","position":3,"name":"Trockenlauf-Vakuumpumpe 400 l\/min mit Elektromotor"}]},{"@type":"WebSite","@id":"https:\/\/fdasrl.it\/de\/#website","url":"https:\/\/fdasrl.it\/de\/","name":"FDA srl","description":"Equipment for animal husbandry","publisher":{"@id":"https:\/\/fdasrl.it\/de\/#organization"},"potentialAction":[{"@type":"SearchAction","target":{"@type":"EntryPoint","urlTemplate":"https:\/\/fdasrl.it\/de\/?s={search_term_string}"},"query-input":{"@type":"PropertyValueSpecification","valueRequired":true,"valueName":"search_term_string"}}],"inLanguage":"de"},{"@type":"Organization","@id":"https:\/\/fdasrl.it\/de\/#organization","name":"FDA srl","url":"https:\/\/fdasrl.it\/de\/","logo":{"@type":"ImageObject","inLanguage":"de","@id":"https:\/\/fdasrl.it\/de\/#\/schema\/logo\/image\/","url":"https:\/\/fdasrl.it\/wp-content\/uploads\/2024\/12\/Logo-FDA.png","contentUrl":"https:\/\/fdasrl.it\/wp-content\/uploads\/2024\/12\/Logo-FDA.png","width":316,"height":119,"caption":"FDA srl"},"image":{"@id":"https:\/\/fdasrl.it\/de\/#\/schema\/logo\/image\/"},"sameAs":["https:\/\/www.facebook.com\/share\/1MWhFWg1Tp\/?mibextid=LQQJ4d","https:\/\/www.instagram.com\/fda_srl\/profilecard\/?igsh=YW5lbzJ6MWg0d21u","https:\/\/www.youtube.com\/@FDASRL_ANIMALCARE"],"description":"FDA SRL \u2013 Equipment for animal husbandry nasce con l\u2019obiettivo di offrire soluzioni affidabili e innovative per l\u2019allevamento moderno. Con anni di esperienza nel settore zootecnico, progettiamo e realizziamo attrezzature destinate al benessere animale e alla gestione efficiente delle stalle: vasche, abbeveratoi, mangiatoie e sistemi di riscaldamento pensati per durare nel tempo e semplificare il lavoro quotidiano degli allevatori. Dalla progettazione alla produzione, ogni nostro prodotto \u00e8 studiato nei minimi dettagli, testato con cura e costruito per rispondere alle esigenze reali del settore. La nostra forza \u00e8 unire artigianalit\u00e0, tecnologia e competenza tecnica per trasformare ogni progetto in una soluzione concreta e funzionale. Oggi FDA SRL \u00e8 un punto di riferimento per privati e rivenditori che cercano qualit\u00e0, affidabilit\u00e0 e innovazione nelle attrezzature per l\u2019allevamento.","email":"info@fdasrl.it","telephone":"+390522826820","legalName":"F.D.A. SRL","foundingDate":"2024-10-13","vatID":"03075840359","taxID":"03075840359","numberOfEmployees":{"@type":"QuantitativeValue","minValue":"1","maxValue":"10"}}]},"product_price_currency":"EUR","og_availability":"instock","product_availability":"instock","product_retailer_item_id":"FACM20700","product_condition":"new"},"_links":{"self":[{"href":"https:\/\/fdasrl.it\/de\/wp-json\/wp\/v2\/product\/3234","targetHints":{"allow":["GET"]}}],"collection":[{"href":"https:\/\/fdasrl.it\/de\/wp-json\/wp\/v2\/product"}],"about":[{"href":"https:\/\/fdasrl.it\/de\/wp-json\/wp\/v2\/types\/product"}],"replies":[{"embeddable":true,"href":"https:\/\/fdasrl.it\/de\/wp-json\/wp\/v2\/comments?post=3234"}],"wp:featuredmedia":[{"embeddable":true,"href":"https:\/\/fdasrl.it\/de\/wp-json\/wp\/v2\/media\/489"}],"wp:attachment":[{"href":"https:\/\/fdasrl.it\/de\/wp-json\/wp\/v2\/media?parent=3234"}],"wp:term":[{"taxonomy":"product_brand","embeddable":true,"href":"https:\/\/fdasrl.it\/de\/wp-json\/wp\/v2\/product_brand?post=3234"},{"taxonomy":"product_cat","embeddable":true,"href":"https:\/\/fdasrl.it\/de\/wp-json\/wp\/v2\/product_cat?post=3234"},{"taxonomy":"product_tag","embeddable":true,"href":"https:\/\/fdasrl.it\/de\/wp-json\/wp\/v2\/product_tag?post=3234"}],"curies":[{"name":"wp","href":"https:\/\/api.w.org\/{rel}","templated":true}]}}