{"id":3278,"date":"2025-01-21T13:24:26","date_gmt":"2025-01-21T12:24:26","guid":{"rendered":"https:\/\/fdasrl.it\/prodotto\/pneumatische-pulsatoren-fuer-melkmaschinen\/"},"modified":"2025-01-21T13:24:26","modified_gmt":"2025-01-21T12:24:26","slug":"pneumatische-pulsatoren-fuer-melkmaschinen","status":"publish","type":"product","link":"https:\/\/fdasrl.it\/de\/prodotto\/pneumatische-pulsatoren-fuer-melkmaschinen\/","title":{"rendered":"PNEUMATISCHE PULSATOREN F\u00dcR MELKMASCHINEN"},"content":{"rendered":"<h2 data-start=\"120\" data-end=\"187\">Pneumatische Pulsatoren f\u00fcr Melkmaschinen \u2013 F\u00fcr K\u00fche, Ziegen und Schafe<\/h2>\n<p data-start=\"189\" data-end=\"406\"><strong data-start=\"189\" data-end=\"215\">Pneumatische Pulsatoren<\/strong> sind wesentliche Komponenten in Melkanlagen. Sie regeln den Vakuumfluss zu den Zitzenbechern, simulieren den Saugrhythmus des Tieres und gew\u00e4hrleisten ein effizientes und sanftes Melken. <\/p>\n<h3 data-start=\"408\" data-end=\"453\">Wozu dient ein Pulsator f\u00fcr Melkmaschinen?<\/h3>\n<p data-start=\"455\" data-end=\"695\">Der <strong data-start=\"458\" data-end=\"486\">Pulsator f\u00fcr Melkmaschinen<\/strong> steuert das Vakuum abwechselnd und erm\u00f6glicht so das \u00d6ffnen und Schlie\u00dfen der Zitzengummis. Dieser zyklische Prozess ist grundlegend f\u00fcr die Tiergesundheit und eine optimale Milchproduktion. <\/p>\n<h3 data-start=\"697\" data-end=\"728\">Hauptmerkmale:<\/h3>\n<ul data-start=\"730\" data-end=\"938\">\n<li data-start=\"730\" data-end=\"847\">\n<p data-start=\"732\" data-end=\"847\">\u2705 <strong data-start=\"734\" data-end=\"759\">Pulszahl<\/strong>: gibt die Anzahl der Pulsationen pro Minute an. Einstellbar \u00fcber eine Pr\u00e4zisionsschraube. <\/p>\n<\/li>\n<li data-start=\"848\" data-end=\"938\">\n<p data-start=\"850\" data-end=\"938\">\u2705 <strong data-start=\"852\" data-end=\"878\">Pulsverh\u00e4ltnis<\/strong>: definiert die Dauer des Vakuums in jedem Pulsationszyklus.<\/p>\n<\/li>\n<\/ul>\n<hr data-start=\"940\" data-end=\"943\">\n<h3 data-start=\"945\" data-end=\"968\">Verf\u00fcgbare Modelle<\/h3>\n<h4 data-start=\"970\" data-end=\"1009\">\ud83d\udd39 Pneumatischer Pulsator f\u00fcr K\u00fche<\/h4>\n<ul data-start=\"1010\" data-end=\"1137\">\n<li data-start=\"1010\" data-end=\"1033\">\n<p data-start=\"1012\" data-end=\"1033\"><strong data-start=\"1012\" data-end=\"1024\">Verh\u00e4ltnis<\/strong>: 60\/40<\/p>\n<\/li>\n<li data-start=\"1034\" data-end=\"1073\">\n<p data-start=\"1036\" data-end=\"1073\"><strong data-start=\"1036\" data-end=\"1049\">Frequenz<\/strong>: 60 Pulsationen\/Min.<\/p>\n<\/li>\n<li data-start=\"1074\" data-end=\"1137\">\n<p data-start=\"1076\" data-end=\"1137\">Ideal f\u00fcr das Melken von Rindern, garantiert Effizienz und Komfort.<\/p>\n<\/li>\n<\/ul>\n<h4 data-start=\"1139\" data-end=\"1177\">\ud83d\udd39 Pneumatischer Pulsator f\u00fcr Ziegen<\/h4>\n<ul data-start=\"1178\" data-end=\"1301\">\n<li data-start=\"1178\" data-end=\"1201\">\n<p data-start=\"1180\" data-end=\"1201\"><strong data-start=\"1180\" data-end=\"1192\">Verh\u00e4ltnis<\/strong>: 60\/40<\/p>\n<\/li>\n<li data-start=\"1202\" data-end=\"1241\">\n<p data-start=\"1204\" data-end=\"1241\"><strong data-start=\"1204\" data-end=\"1217\">Frequenz<\/strong>: 90 Pulsationen\/Min.<\/p>\n<\/li>\n<li data-start=\"1242\" data-end=\"1301\">\n<p data-start=\"1244\" data-end=\"1301\">Optimiert f\u00fcr das empfindliche System von Milchziegen.<\/p>\n<\/li>\n<\/ul>\n<h4 data-start=\"1303\" data-end=\"1342\">\ud83d\udd39 Pneumatischer Pulsator f\u00fcr Schafe<\/h4>\n<ul data-start=\"1343\" data-end=\"1459\">\n<li data-start=\"1343\" data-end=\"1366\">\n<p data-start=\"1345\" data-end=\"1366\"><strong data-start=\"1345\" data-end=\"1357\">Verh\u00e4ltnis<\/strong>: 50\/50<\/p>\n<\/li>\n<li data-start=\"1367\" data-end=\"1407\">\n<p data-start=\"1369\" data-end=\"1407\"><strong data-start=\"1369\" data-end=\"1382\">Frequenz<\/strong>: 120 Pulsationen\/Min.<\/p>\n<\/li>\n<li data-start=\"1408\" data-end=\"1459\">\n<p data-start=\"1410\" data-end=\"1459\">Entwickelt f\u00fcr das Hochfrequenzmelken von Schafen.<\/p>\n<\/li>\n<\/ul>\n<hr data-start=\"1461\" data-end=\"1464\">\n<h3 data-start=\"1466\" data-end=\"1506\">Warum unsere Pulsatoren w\u00e4hlen?<\/h3>\n<ul data-start=\"1508\" data-end=\"1663\">\n<li data-start=\"1508\" data-end=\"1558\">\n<p data-start=\"1510\" data-end=\"1558\">\u2705 Kompatibel mit Standard-Melkanlagen<\/p>\n<\/li>\n<li data-start=\"1559\" data-end=\"1591\">\n<p data-start=\"1561\" data-end=\"1591\">\u2705 Einfache und pr\u00e4zise Einstellung<\/p>\n<\/li>\n<li data-start=\"1592\" data-end=\"1632\">\n<p data-start=\"1594\" data-end=\"1632\">\u2705 Hohe Zuverl\u00e4ssigkeit und Langlebigkeit<\/p>\n<\/li>\n<li data-start=\"1633\" data-end=\"1663\">\n<p data-start=\"1635\" data-end=\"1663\">\u2705 Garantierter technischer Support<\/p>\n<\/li>\n<\/ul>\n<p>Kaufen Sie ihn in unserem <a href=\"https:\/\/fda-shop.it\/shop\/mungitura\/pulsatore-pneumatico#\/148-tipo-mucca\" target=\"_blank\" rel=\"noopener\">Online-Shop<\/a><\/p>\n","protected":false},"excerpt":{"rendered":"<p>Pneumatische Pulsatoren f\u00fcr Melkmaschinen f\u00fcr K\u00fche, Ziegen und Schafe. Hochwertig, einstellbar und zuverl\u00e4ssig. <\/p>\n","protected":false},"featured_media":482,"comment_status":"open","ping_status":"closed","template":"","meta":{"_et_pb_use_builder":"","_et_pb_old_content":"","_et_gb_content_width":""},"product_brand":[],"product_cat":[496],"product_tag":[818],"class_list":{"0":"post-3278","1":"product","2":"type-product","3":"status-publish","4":"has-post-thumbnail","6":"product_cat-zubehor-fur-melkmaschinen","7":"product_tag-facm10200","9":"first","10":"instock","11":"shipping-taxable","12":"product-type-simple"},"yoast_head":"<!-- This site is optimized with the Yoast SEO Premium plugin v27.5 (Yoast SEO v27.5) - https:\/\/yoast.com\/product\/yoast-seo-premium-wordpress\/ -->\n<title>Pulsator f\u00fcr Melkmaschine mit Frequenzregelung - FDA srl<\/title>\n<meta name=\"description\" content=\"Der Pulsator f\u00fcr Melkmaschinen regelt den Vakuumfluss f\u00fcr ein sanftes und optimales Melken. Jetzt kaufen und Ihre Produktion steigern! \u2705\" \/>\n<meta name=\"robots\" content=\"index, follow, max-snippet:-1, max-image-preview:large, max-video-preview:-1\" \/>\n<link rel=\"canonical\" href=\"https:\/\/fdasrl.it\/de\/prodotto\/pneumatische-pulsatoren-fuer-melkmaschinen\/\" \/>\n<meta property=\"og:locale\" content=\"de_DE\" \/>\n<meta property=\"og:type\" content=\"article\" \/>\n<meta property=\"og:title\" content=\"PNEUMATISCHE PULSATOREN F\u00dcR MELKMASCHINEN\" \/>\n<meta property=\"og:description\" content=\"Der Pulsator f\u00fcr Melkmaschinen regelt den Vakuumfluss f\u00fcr ein sanftes und optimales Melken. Jetzt kaufen und Ihre Produktion steigern! \u2705\" \/>\n<meta property=\"og:url\" content=\"https:\/\/fdasrl.it\/de\/prodotto\/pneumatische-pulsatoren-fuer-melkmaschinen\/\" \/>\n<meta property=\"og:site_name\" content=\"FDA srl\" \/>\n<meta property=\"article:publisher\" content=\"https:\/\/www.facebook.com\/share\/1MWhFWg1Tp\/?mibextid=LQQJ4d\" \/>\n<meta property=\"og:image\" content=\"https:\/\/fdasrl.it\/wp-content\/uploads\/2025\/01\/FACM10000_2.jpg\" \/>\n\t<meta property=\"og:image:width\" content=\"300\" \/>\n\t<meta property=\"og:image:height\" content=\"276\" \/>\n\t<meta property=\"og:image:type\" content=\"image\/jpeg\" \/>\n<meta name=\"twitter:card\" content=\"summary_large_image\" \/>\n<meta name=\"twitter:label1\" content=\"Preis\" \/>\n\t<meta name=\"twitter:data1\" content=\"\" \/>\n\t<meta name=\"twitter:label2\" content=\"Verf\u00fcgbarkeit\" \/>\n\t<meta name=\"twitter:data2\" content=\"Auf Lager\" \/>\n<meta property=\"product:price:currency\" content=\"EUR\" \/>\n<meta property=\"og:availability\" content=\"instock\" \/>\n<meta property=\"product:availability\" content=\"instock\" \/>\n<meta property=\"product:retailer_item_id\" content=\"FACM10000\" \/>\n<meta property=\"product:condition\" content=\"new\" \/>\n<!-- \/ Yoast SEO Premium plugin. -->","yoast_head_json":{"title":"Pulsator f\u00fcr Melkmaschine mit Frequenzregelung - FDA srl","description":"Der Pulsator f\u00fcr Melkmaschinen regelt den Vakuumfluss f\u00fcr ein sanftes und optimales Melken. Jetzt kaufen und Ihre Produktion steigern! \u2705","robots":{"index":"index","follow":"follow","max-snippet":"max-snippet:-1","max-image-preview":"max-image-preview:large","max-video-preview":"max-video-preview:-1"},"canonical":"https:\/\/fdasrl.it\/de\/prodotto\/pneumatische-pulsatoren-fuer-melkmaschinen\/","og_locale":"de_DE","og_type":"article","og_title":"PNEUMATISCHE PULSATOREN F\u00dcR MELKMASCHINEN","og_description":"Der Pulsator f\u00fcr Melkmaschinen regelt den Vakuumfluss f\u00fcr ein sanftes und optimales Melken. Jetzt kaufen und Ihre Produktion steigern! \u2705","og_url":"https:\/\/fdasrl.it\/de\/prodotto\/pneumatische-pulsatoren-fuer-melkmaschinen\/","og_site_name":"FDA srl","article_publisher":"https:\/\/www.facebook.com\/share\/1MWhFWg1Tp\/?mibextid=LQQJ4d","og_image":[{"width":300,"height":276,"url":"https:\/\/fdasrl.it\/wp-content\/uploads\/2025\/01\/FACM10000_2.jpg","type":"image\/jpeg"}],"twitter_card":"summary_large_image","twitter_misc":{"Preis":"","Verf\u00fcgbarkeit":"Auf Lager"},"schema":{"@context":"https:\/\/schema.org","@graph":[{"@type":"WebPage","@id":"https:\/\/fdasrl.it\/de\/prodotto\/pneumatische-pulsatoren-fuer-melkmaschinen\/","url":"https:\/\/fdasrl.it\/de\/prodotto\/pneumatische-pulsatoren-fuer-melkmaschinen\/","name":"Pulsator f\u00fcr Melkmaschine mit Frequenzregelung - FDA srl","isPartOf":{"@id":"https:\/\/fdasrl.it\/de\/#website"},"primaryImageOfPage":{"@id":"https:\/\/fdasrl.it\/de\/prodotto\/pneumatische-pulsatoren-fuer-melkmaschinen\/#primaryimage"},"image":{"@id":"https:\/\/fdasrl.it\/de\/prodotto\/pneumatische-pulsatoren-fuer-melkmaschinen\/#primaryimage"},"thumbnailUrl":"https:\/\/fdasrl.it\/wp-content\/uploads\/2025\/01\/FACM10000_2.jpg","datePublished":"2025-01-21T12:24:26+00:00","description":"Der Pulsator f\u00fcr Melkmaschinen regelt den Vakuumfluss f\u00fcr ein sanftes und optimales Melken. Jetzt kaufen und Ihre Produktion steigern! \u2705","breadcrumb":{"@id":"https:\/\/fdasrl.it\/de\/prodotto\/pneumatische-pulsatoren-fuer-melkmaschinen\/#breadcrumb"},"inLanguage":"de","potentialAction":[{"@type":"ReadAction","target":["https:\/\/fdasrl.it\/de\/prodotto\/pneumatische-pulsatoren-fuer-melkmaschinen\/"]}]},{"@type":"ImageObject","inLanguage":"de","@id":"https:\/\/fdasrl.it\/de\/prodotto\/pneumatische-pulsatoren-fuer-melkmaschinen\/#primaryimage","url":"https:\/\/fdasrl.it\/wp-content\/uploads\/2025\/01\/FACM10000_2.jpg","contentUrl":"https:\/\/fdasrl.it\/wp-content\/uploads\/2025\/01\/FACM10000_2.jpg","width":300,"height":276},{"@type":"BreadcrumbList","@id":"https:\/\/fdasrl.it\/de\/prodotto\/pneumatische-pulsatoren-fuer-melkmaschinen\/#breadcrumb","itemListElement":[{"@type":"ListItem","position":1,"name":"Home","item":"https:\/\/fdasrl.it\/de\/startseite\/"},{"@type":"ListItem","position":2,"name":"Shop","item":"https:\/\/fdasrl.it\/de\/shop\/"},{"@type":"ListItem","position":3,"name":"PNEUMATISCHE PULSATOREN F\u00dcR MELKMASCHINEN"}]},{"@type":"WebSite","@id":"https:\/\/fdasrl.it\/de\/#website","url":"https:\/\/fdasrl.it\/de\/","name":"FDA srl","description":"Equipment for animal husbandry","publisher":{"@id":"https:\/\/fdasrl.it\/de\/#organization"},"potentialAction":[{"@type":"SearchAction","target":{"@type":"EntryPoint","urlTemplate":"https:\/\/fdasrl.it\/de\/?s={search_term_string}"},"query-input":{"@type":"PropertyValueSpecification","valueRequired":true,"valueName":"search_term_string"}}],"inLanguage":"de"},{"@type":"Organization","@id":"https:\/\/fdasrl.it\/de\/#organization","name":"FDA srl","url":"https:\/\/fdasrl.it\/de\/","logo":{"@type":"ImageObject","inLanguage":"de","@id":"https:\/\/fdasrl.it\/de\/#\/schema\/logo\/image\/","url":"https:\/\/fdasrl.it\/wp-content\/uploads\/2024\/12\/Logo-FDA.png","contentUrl":"https:\/\/fdasrl.it\/wp-content\/uploads\/2024\/12\/Logo-FDA.png","width":316,"height":119,"caption":"FDA srl"},"image":{"@id":"https:\/\/fdasrl.it\/de\/#\/schema\/logo\/image\/"},"sameAs":["https:\/\/www.facebook.com\/share\/1MWhFWg1Tp\/?mibextid=LQQJ4d","https:\/\/www.instagram.com\/fda_srl\/profilecard\/?igsh=YW5lbzJ6MWg0d21u","https:\/\/www.youtube.com\/@FDASRL_ANIMALCARE"],"description":"FDA SRL \u2013 Equipment for animal husbandry nasce con l\u2019obiettivo di offrire soluzioni affidabili e innovative per l\u2019allevamento moderno. Con anni di esperienza nel settore zootecnico, progettiamo e realizziamo attrezzature destinate al benessere animale e alla gestione efficiente delle stalle: vasche, abbeveratoi, mangiatoie e sistemi di riscaldamento pensati per durare nel tempo e semplificare il lavoro quotidiano degli allevatori. Dalla progettazione alla produzione, ogni nostro prodotto \u00e8 studiato nei minimi dettagli, testato con cura e costruito per rispondere alle esigenze reali del settore. La nostra forza \u00e8 unire artigianalit\u00e0, tecnologia e competenza tecnica per trasformare ogni progetto in una soluzione concreta e funzionale. Oggi FDA SRL \u00e8 un punto di riferimento per privati e rivenditori che cercano qualit\u00e0, affidabilit\u00e0 e innovazione nelle attrezzature per l\u2019allevamento.","email":"info@fdasrl.it","telephone":"+390522826820","legalName":"F.D.A. SRL","foundingDate":"2024-10-13","vatID":"03075840359","taxID":"03075840359","numberOfEmployees":{"@type":"QuantitativeValue","minValue":"1","maxValue":"10"}}]},"product_price_currency":"EUR","og_availability":"instock","product_availability":"instock","product_retailer_item_id":"FACM10000","product_condition":"new"},"_links":{"self":[{"href":"https:\/\/fdasrl.it\/de\/wp-json\/wp\/v2\/product\/3278","targetHints":{"allow":["GET"]}}],"collection":[{"href":"https:\/\/fdasrl.it\/de\/wp-json\/wp\/v2\/product"}],"about":[{"href":"https:\/\/fdasrl.it\/de\/wp-json\/wp\/v2\/types\/product"}],"replies":[{"embeddable":true,"href":"https:\/\/fdasrl.it\/de\/wp-json\/wp\/v2\/comments?post=3278"}],"wp:featuredmedia":[{"embeddable":true,"href":"https:\/\/fdasrl.it\/de\/wp-json\/wp\/v2\/media\/482"}],"wp:attachment":[{"href":"https:\/\/fdasrl.it\/de\/wp-json\/wp\/v2\/media?parent=3278"}],"wp:term":[{"taxonomy":"product_brand","embeddable":true,"href":"https:\/\/fdasrl.it\/de\/wp-json\/wp\/v2\/product_brand?post=3278"},{"taxonomy":"product_cat","embeddable":true,"href":"https:\/\/fdasrl.it\/de\/wp-json\/wp\/v2\/product_cat?post=3278"},{"taxonomy":"product_tag","embeddable":true,"href":"https:\/\/fdasrl.it\/de\/wp-json\/wp\/v2\/product_tag?post=3278"}],"curies":[{"name":"wp","href":"https:\/\/api.w.org\/{rel}","templated":true}]}}