{"id":3313,"date":"2025-01-21T13:28:10","date_gmt":"2025-01-21T12:28:10","guid":{"rendered":"https:\/\/fdasrl.it\/prodotto\/sammelstueck-fuer-ziegen-und-schafe\/"},"modified":"2025-01-21T13:28:10","modified_gmt":"2025-01-21T12:28:10","slug":"sammelstueck-fuer-ziegen-und-schafe","status":"publish","type":"product","link":"https:\/\/fdasrl.it\/de\/prodotto\/sammelstueck-fuer-ziegen-und-schafe\/","title":{"rendered":"Sammelst\u00fcck f\u00fcr Ziegen und Schafe"},"content":{"rendered":"<h3>Sammelst\u00fcck f\u00fcr Ziegen und Schafe 13300 f\u00fcr Melkmaschinen.<\/h3>\n<p class=\"\" data-start=\"393\" data-end=\"612\">Hergestellt aus <strong data-start=\"407\" data-end=\"447\">hochwertigem, lebensmittelechtem Material<\/strong>, <strong data-start=\"449\" data-end=\"461\">ungiftig<\/strong> und <strong data-start=\"464\" data-end=\"488\">verschlei\u00dffest<\/strong>, ist dieses Zubeh\u00f6r f\u00fcr Melkmaschinen so konzipiert, dass es <strong data-start=\"550\" data-end=\"580\">maximale hygienische Sicherheit<\/strong> und eine <strong data-start=\"583\" data-end=\"609\">lange Lebensdauer<\/strong> garantiert.<\/p>\n<p class=\"\" data-start=\"393\" data-end=\"612\">Kompatibel mit <strong data-start=\"630\" data-end=\"681\">allen Melkzeugen f\u00fcr Schafe und Ziegen<\/strong>, ist es ideal f\u00fcr den Einsatz in <strong data-start=\"705\" data-end=\"737\">mobilen Melkwagen<\/strong> und in <strong data-start=\"743\" data-end=\"761\">station\u00e4ren Anlagen<\/strong> und gew\u00e4hrleistet <strong data-start=\"775\" data-end=\"800\">betriebliche Vielseitigkeit<\/strong> in jeder Art von Zucht.<\/p>\n<p class=\"\" data-start=\"831\" data-end=\"993\">Speziell f\u00fcr die <strong data-start=\"863\" data-end=\"903\">Milchgewinnung bei Schafen und Ziegen<\/strong> konzipiert, stellt es ein <strong data-start=\"920\" data-end=\"943\">wesentliches Ersatzteil<\/strong> f\u00fcr den korrekten Betrieb der Melkmaschine dar.<\/p>\n<p class=\"\" data-start=\"995\" data-end=\"1156\">Sein <strong data-start=\"1002\" data-end=\"1022\">intuitives<\/strong> und funktionales Design erm\u00f6glicht eine <strong data-start=\"1048\" data-end=\"1068\">praktische Anwendung<\/strong>, erleichtert die t\u00e4glichen Melkvorg\u00e4nge und reduziert die Wartungszeiten.<\/p>\n<hr class=\"\" data-start=\"1158\" data-end=\"1161\">\n<h4 class=\"\" data-start=\"1163\" data-end=\"1195\">Hauptmerkmale:<\/h4>\n<ul data-start=\"1196\" data-end=\"1412\">\n<li class=\"\" data-start=\"1196\" data-end=\"1238\">\n<p class=\"\" data-start=\"1198\" data-end=\"1238\">Zertifiziertes Material f\u00fcr den Lebensmittelkontakt<\/p>\n<\/li>\n<li class=\"\" data-start=\"1239\" data-end=\"1297\">\n<p class=\"\" data-start=\"1241\" data-end=\"1297\">Universelle Kompatibilit\u00e4t mit Schaf- und Ziegenmelkzeugen<\/p>\n<\/li>\n<li class=\"\" data-start=\"1298\" data-end=\"1343\">\n<p class=\"\" data-start=\"1300\" data-end=\"1343\">Geeignet f\u00fcr station\u00e4re Anlagen und mobile Melkwagen<\/p>\n<\/li>\n<li class=\"\" data-start=\"1344\" data-end=\"1376\">\n<p class=\"\" data-start=\"1346\" data-end=\"1376\">Hohe Widerstandsf\u00e4higkeit und lange Lebensdauer<\/p>\n<\/li>\n<li class=\"\" data-start=\"1377\" data-end=\"1412\">\n<p class=\"\" data-start=\"1379\" data-end=\"1412\">Einfach zu installieren und zu bedienen<\/p>\n<\/li>\n<\/ul>\n<p>Kaufen Sie es in unserem <a href=\"https:\/\/fda-shop.it\/shop\/mungitura\/collettore-per-capre-o-pecore\" target=\"_blank\" rel=\"noopener\">Online-Shop<\/a><\/p>\n","protected":false},"excerpt":{"rendered":"<p>Das Sammelst\u00fcck f\u00fcr Ziegen\/Schafe ist mit allen Melkzeugen f\u00fcr Schafe und Ziegen kompatibel und eignet sich ideal f\u00fcr den Einsatz sowohl in mobilen Systemen (Melkwagen) als auch in station\u00e4ren Anlagen.<br data-start=\"458\" data-end=\"461\">Speziell f\u00fcr die Milchgewinnung konzipiert, stellt es ein unverzichtbares Zubeh\u00f6r f\u00fcr Melkmaschinen f\u00fcr Schafe und Ziegen dar.<\/p>\n","protected":false},"featured_media":630,"comment_status":"open","ping_status":"closed","template":"","meta":{"_et_pb_use_builder":"","_et_pb_old_content":"","_et_gb_content_width":""},"product_brand":[],"product_cat":[496],"product_tag":[825],"class_list":{"0":"post-3313","1":"product","2":"type-product","3":"status-publish","4":"has-post-thumbnail","6":"product_cat-zubehor-fur-melkmaschinen","7":"product_tag-825","9":"first","10":"instock","11":"shipping-taxable","12":"product-type-simple"},"yoast_head":"<!-- This site is optimized with the Yoast SEO Premium plugin v27.5 (Yoast SEO v27.5) - https:\/\/yoast.com\/product\/yoast-seo-premium-wordpress\/ -->\n<title>Sammelst\u00fcck Ziegen Schafe Melkzeug - Hohe Qualit\u00e4t - FDA srl<\/title>\n<meta name=\"description\" content=\"Sammeln Sie Milch einfach und praktisch mit dem Sammelst\u00fcck f\u00fcr Ziegen- und Schafmelkzeuge. Hergestellt aus hochwertigem und langlebigem Material!\" \/>\n<meta name=\"robots\" content=\"index, follow, max-snippet:-1, max-image-preview:large, max-video-preview:-1\" \/>\n<link rel=\"canonical\" href=\"https:\/\/fdasrl.it\/de\/prodotto\/sammelstueck-fuer-ziegen-und-schafe\/\" \/>\n<meta property=\"og:locale\" content=\"de_DE\" \/>\n<meta property=\"og:type\" content=\"article\" \/>\n<meta property=\"og:title\" content=\"Sammelst\u00fcck f\u00fcr Ziegen und Schafe\" \/>\n<meta property=\"og:description\" content=\"Sammeln Sie Milch einfach und praktisch mit dem Sammelst\u00fcck f\u00fcr Ziegen- und Schafmelkzeuge. Hergestellt aus hochwertigem und langlebigem Material!\" \/>\n<meta property=\"og:url\" content=\"https:\/\/fdasrl.it\/de\/prodotto\/sammelstueck-fuer-ziegen-und-schafe\/\" \/>\n<meta property=\"og:site_name\" content=\"FDA srl\" \/>\n<meta property=\"article:publisher\" content=\"https:\/\/www.facebook.com\/share\/1MWhFWg1Tp\/?mibextid=LQQJ4d\" \/>\n<meta property=\"og:image\" content=\"https:\/\/fdasrl.it\/wp-content\/uploads\/2025\/01\/Collettore-capre-pecore-mungitura-FDA.png\" \/>\n\t<meta property=\"og:image:width\" content=\"1001\" \/>\n\t<meta property=\"og:image:height\" content=\"900\" \/>\n\t<meta property=\"og:image:type\" content=\"image\/png\" \/>\n<meta name=\"twitter:card\" content=\"summary_large_image\" \/>\n<meta name=\"twitter:label1\" content=\"Preis\" \/>\n\t<meta name=\"twitter:data1\" content=\"\" \/>\n\t<meta name=\"twitter:label2\" content=\"Verf\u00fcgbarkeit\" \/>\n\t<meta name=\"twitter:data2\" content=\"Auf Lager\" \/>\n<meta property=\"product:price:currency\" content=\"EUR\" \/>\n<meta property=\"og:availability\" content=\"instock\" \/>\n<meta property=\"product:availability\" content=\"instock\" \/>\n<meta property=\"product:retailer_item_id\" content=\"13300\" \/>\n<meta property=\"product:condition\" content=\"new\" \/>\n<!-- \/ Yoast SEO Premium plugin. -->","yoast_head_json":{"title":"Sammelst\u00fcck Ziegen Schafe Melkzeug - Hohe Qualit\u00e4t - FDA srl","description":"Sammeln Sie Milch einfach und praktisch mit dem Sammelst\u00fcck f\u00fcr Ziegen- und Schafmelkzeuge. Hergestellt aus hochwertigem und langlebigem Material!","robots":{"index":"index","follow":"follow","max-snippet":"max-snippet:-1","max-image-preview":"max-image-preview:large","max-video-preview":"max-video-preview:-1"},"canonical":"https:\/\/fdasrl.it\/de\/prodotto\/sammelstueck-fuer-ziegen-und-schafe\/","og_locale":"de_DE","og_type":"article","og_title":"Sammelst\u00fcck f\u00fcr Ziegen und Schafe","og_description":"Sammeln Sie Milch einfach und praktisch mit dem Sammelst\u00fcck f\u00fcr Ziegen- und Schafmelkzeuge. Hergestellt aus hochwertigem und langlebigem Material!","og_url":"https:\/\/fdasrl.it\/de\/prodotto\/sammelstueck-fuer-ziegen-und-schafe\/","og_site_name":"FDA srl","article_publisher":"https:\/\/www.facebook.com\/share\/1MWhFWg1Tp\/?mibextid=LQQJ4d","og_image":[{"width":1001,"height":900,"url":"https:\/\/fdasrl.it\/wp-content\/uploads\/2025\/01\/Collettore-capre-pecore-mungitura-FDA.png","type":"image\/png"}],"twitter_card":"summary_large_image","twitter_misc":{"Preis":"","Verf\u00fcgbarkeit":"Auf Lager"},"schema":{"@context":"https:\/\/schema.org","@graph":[{"@type":"WebPage","@id":"https:\/\/fdasrl.it\/de\/prodotto\/sammelstueck-fuer-ziegen-und-schafe\/","url":"https:\/\/fdasrl.it\/de\/prodotto\/sammelstueck-fuer-ziegen-und-schafe\/","name":"Sammelst\u00fcck Ziegen Schafe Melkzeug - Hohe Qualit\u00e4t - FDA srl","isPartOf":{"@id":"https:\/\/fdasrl.it\/de\/#website"},"primaryImageOfPage":{"@id":"https:\/\/fdasrl.it\/de\/prodotto\/sammelstueck-fuer-ziegen-und-schafe\/#primaryimage"},"image":{"@id":"https:\/\/fdasrl.it\/de\/prodotto\/sammelstueck-fuer-ziegen-und-schafe\/#primaryimage"},"thumbnailUrl":"https:\/\/fdasrl.it\/wp-content\/uploads\/2025\/01\/Collettore-capre-pecore-mungitura-FDA.png","datePublished":"2025-01-21T12:28:10+00:00","description":"Sammeln Sie Milch einfach und praktisch mit dem Sammelst\u00fcck f\u00fcr Ziegen- und Schafmelkzeuge. Hergestellt aus hochwertigem und langlebigem Material!","breadcrumb":{"@id":"https:\/\/fdasrl.it\/de\/prodotto\/sammelstueck-fuer-ziegen-und-schafe\/#breadcrumb"},"inLanguage":"de","potentialAction":[{"@type":"ReadAction","target":["https:\/\/fdasrl.it\/de\/prodotto\/sammelstueck-fuer-ziegen-und-schafe\/"]}]},{"@type":"ImageObject","inLanguage":"de","@id":"https:\/\/fdasrl.it\/de\/prodotto\/sammelstueck-fuer-ziegen-und-schafe\/#primaryimage","url":"https:\/\/fdasrl.it\/wp-content\/uploads\/2025\/01\/Collettore-capre-pecore-mungitura-FDA.png","contentUrl":"https:\/\/fdasrl.it\/wp-content\/uploads\/2025\/01\/Collettore-capre-pecore-mungitura-FDA.png","width":1001,"height":900,"caption":"Sammelstueck-Ziegen-Schafe-Melken-13300-FDA"},{"@type":"BreadcrumbList","@id":"https:\/\/fdasrl.it\/de\/prodotto\/sammelstueck-fuer-ziegen-und-schafe\/#breadcrumb","itemListElement":[{"@type":"ListItem","position":1,"name":"Home","item":"https:\/\/fdasrl.it\/de\/startseite\/"},{"@type":"ListItem","position":2,"name":"Shop","item":"https:\/\/fdasrl.it\/de\/shop\/"},{"@type":"ListItem","position":3,"name":"Sammelst\u00fcck f\u00fcr Ziegen und Schafe"}]},{"@type":"WebSite","@id":"https:\/\/fdasrl.it\/de\/#website","url":"https:\/\/fdasrl.it\/de\/","name":"FDA srl","description":"Equipment for animal husbandry","publisher":{"@id":"https:\/\/fdasrl.it\/de\/#organization"},"potentialAction":[{"@type":"SearchAction","target":{"@type":"EntryPoint","urlTemplate":"https:\/\/fdasrl.it\/de\/?s={search_term_string}"},"query-input":{"@type":"PropertyValueSpecification","valueRequired":true,"valueName":"search_term_string"}}],"inLanguage":"de"},{"@type":"Organization","@id":"https:\/\/fdasrl.it\/de\/#organization","name":"FDA srl","url":"https:\/\/fdasrl.it\/de\/","logo":{"@type":"ImageObject","inLanguage":"de","@id":"https:\/\/fdasrl.it\/de\/#\/schema\/logo\/image\/","url":"https:\/\/fdasrl.it\/wp-content\/uploads\/2024\/12\/Logo-FDA.png","contentUrl":"https:\/\/fdasrl.it\/wp-content\/uploads\/2024\/12\/Logo-FDA.png","width":316,"height":119,"caption":"FDA srl"},"image":{"@id":"https:\/\/fdasrl.it\/de\/#\/schema\/logo\/image\/"},"sameAs":["https:\/\/www.facebook.com\/share\/1MWhFWg1Tp\/?mibextid=LQQJ4d","https:\/\/www.instagram.com\/fda_srl\/profilecard\/?igsh=YW5lbzJ6MWg0d21u","https:\/\/www.youtube.com\/@FDASRL_ANIMALCARE"],"description":"FDA SRL \u2013 Equipment for animal husbandry nasce con l\u2019obiettivo di offrire soluzioni affidabili e innovative per l\u2019allevamento moderno. Con anni di esperienza nel settore zootecnico, progettiamo e realizziamo attrezzature destinate al benessere animale e alla gestione efficiente delle stalle: vasche, abbeveratoi, mangiatoie e sistemi di riscaldamento pensati per durare nel tempo e semplificare il lavoro quotidiano degli allevatori. Dalla progettazione alla produzione, ogni nostro prodotto \u00e8 studiato nei minimi dettagli, testato con cura e costruito per rispondere alle esigenze reali del settore. La nostra forza \u00e8 unire artigianalit\u00e0, tecnologia e competenza tecnica per trasformare ogni progetto in una soluzione concreta e funzionale. Oggi FDA SRL \u00e8 un punto di riferimento per privati e rivenditori che cercano qualit\u00e0, affidabilit\u00e0 e innovazione nelle attrezzature per l\u2019allevamento.","email":"info@fdasrl.it","telephone":"+390522826820","legalName":"F.D.A. SRL","foundingDate":"2024-10-13","vatID":"03075840359","taxID":"03075840359","numberOfEmployees":{"@type":"QuantitativeValue","minValue":"1","maxValue":"10"}}]},"product_price_currency":"EUR","og_availability":"instock","product_availability":"instock","product_retailer_item_id":"13300","product_condition":"new"},"_links":{"self":[{"href":"https:\/\/fdasrl.it\/de\/wp-json\/wp\/v2\/product\/3313","targetHints":{"allow":["GET"]}}],"collection":[{"href":"https:\/\/fdasrl.it\/de\/wp-json\/wp\/v2\/product"}],"about":[{"href":"https:\/\/fdasrl.it\/de\/wp-json\/wp\/v2\/types\/product"}],"replies":[{"embeddable":true,"href":"https:\/\/fdasrl.it\/de\/wp-json\/wp\/v2\/comments?post=3313"}],"wp:featuredmedia":[{"embeddable":true,"href":"https:\/\/fdasrl.it\/de\/wp-json\/wp\/v2\/media\/630"}],"wp:attachment":[{"href":"https:\/\/fdasrl.it\/de\/wp-json\/wp\/v2\/media?parent=3313"}],"wp:term":[{"taxonomy":"product_brand","embeddable":true,"href":"https:\/\/fdasrl.it\/de\/wp-json\/wp\/v2\/product_brand?post=3313"},{"taxonomy":"product_cat","embeddable":true,"href":"https:\/\/fdasrl.it\/de\/wp-json\/wp\/v2\/product_cat?post=3313"},{"taxonomy":"product_tag","embeddable":true,"href":"https:\/\/fdasrl.it\/de\/wp-json\/wp\/v2\/product_tag?post=3313"}],"curies":[{"name":"wp","href":"https:\/\/api.w.org\/{rel}","templated":true}]}}