{"id":3446,"date":"2025-01-21T11:54:16","date_gmt":"2025-01-21T10:54:16","guid":{"rendered":"https:\/\/fdasrl.it\/prodotto\/tragbarer-futtertrog-aus-polyethylen-fuer-pferde\/"},"modified":"2025-01-21T11:54:16","modified_gmt":"2025-01-21T10:54:16","slug":"tragbarer-futtertrog-aus-polyethylen-fuer-pferde","status":"publish","type":"product","link":"https:\/\/fdasrl.it\/de\/prodotto\/tragbarer-futtertrog-aus-polyethylen-fuer-pferde\/","title":{"rendered":"TRAGBARER FUTTERTROG AUS POLYETHYLEN F\u00dcR PFERDE"},"content":{"rendered":"<p>Tragbarer Futtertrog aus Polyethylen f\u00fcr Pferde mit kunststoffbeschichteten Metallhaken und verzinktem Metallgriff.<\/p>\n<p>Handlich, praktisch und robust. Dank des Metallgriffs leicht zu transportieren. Ausgestattet mit Halterungen zum einfachen Einh\u00e4ngen und Aush\u00e4ngen an der Box. Fassungsverm\u00f6gen: 16 Liter   <\/p>\n","protected":false},"excerpt":{"rendered":"<p>Tragbarer Futtertrog aus Polyethylen f\u00fcr Pferde mit kunststoffbeschichteten Metallhaken und verzinktem Metallgriff. Handlich, praktisch und robust. Dank des Metallgriffs leicht zu transportieren. Ausgestattet mit Halterungen zum einfachen Einh\u00e4ngen und Aush\u00e4ngen an der Box. Fassungsverm\u00f6gen: 16 Liter<\/p>\n","protected":false},"featured_media":644,"comment_status":"open","ping_status":"closed","template":"","meta":{"_et_pb_use_builder":"","_et_pb_old_content":"","_et_gb_content_width":""},"product_brand":[],"product_cat":[742,578],"product_tag":[860],"class_list":{"0":"post-3446","1":"product","2":"type-product","3":"status-publish","4":"has-post-thumbnail","6":"product_cat-futtertroge","7":"product_cat-pferde","8":"product_tag-fa-ma2","10":"first","11":"instock","12":"shipping-taxable","13":"product-type-simple"},"yoast_head":"<!-- This site is optimized with the Yoast SEO Premium plugin v27.5 (Yoast SEO v27.6) - https:\/\/yoast.com\/product\/yoast-seo-premium-wordpress\/ -->\n<title>TRAGBARER FUTTERTROG AUS POLYETHYLEN F\u00dcR PFERDE - FDA srl<\/title>\n<meta name=\"description\" content=\"Tragbarer Futtertrog aus Polyethylen f\u00fcr Pferde mit kunststoffbeschichteten Metallhaken und verzinktem Metallgriff. Handlich, praktisch und robust. Dank\" \/>\n<meta name=\"robots\" content=\"index, follow, max-snippet:-1, max-image-preview:large, max-video-preview:-1\" \/>\n<link rel=\"canonical\" href=\"https:\/\/fdasrl.it\/de\/prodotto\/tragbarer-futtertrog-aus-polyethylen-fuer-pferde\/\" \/>\n<meta property=\"og:locale\" content=\"de_DE\" \/>\n<meta property=\"og:type\" content=\"article\" \/>\n<meta property=\"og:title\" content=\"TRAGBARER FUTTERTROG AUS POLYETHYLEN F\u00dcR PFERDE\" \/>\n<meta property=\"og:description\" content=\"Tragbarer Futtertrog aus Polyethylen f\u00fcr Pferde mit kunststoffbeschichteten Metallhaken und verzinktem Metallgriff. Handlich, praktisch und robust. Dank\" \/>\n<meta property=\"og:url\" content=\"https:\/\/fdasrl.it\/de\/prodotto\/tragbarer-futtertrog-aus-polyethylen-fuer-pferde\/\" \/>\n<meta property=\"og:site_name\" content=\"FDA srl\" \/>\n<meta property=\"article:publisher\" content=\"https:\/\/www.facebook.com\/share\/1MWhFWg1Tp\/?mibextid=LQQJ4d\" \/>\n<meta property=\"og:image\" content=\"https:\/\/fdasrl.it\/wp-content\/uploads\/2025\/01\/mangiatoia-portatile-in-polietilene-per-cavalli-fa-ma2.jpg\" \/>\n\t<meta property=\"og:image:width\" content=\"1500\" \/>\n\t<meta property=\"og:image:height\" content=\"1500\" \/>\n\t<meta property=\"og:image:type\" content=\"image\/jpeg\" \/>\n<meta name=\"twitter:card\" content=\"summary_large_image\" \/>\n<meta name=\"twitter:label1\" content=\"Preis\" \/>\n\t<meta name=\"twitter:data1\" content=\"\" \/>\n\t<meta name=\"twitter:label2\" content=\"Verf\u00fcgbarkeit\" \/>\n\t<meta name=\"twitter:data2\" content=\"Auf Lager\" \/>\n<meta property=\"product:price:currency\" content=\"EUR\" \/>\n<meta property=\"og:availability\" content=\"instock\" \/>\n<meta property=\"product:availability\" content=\"instock\" \/>\n<meta property=\"product:condition\" content=\"new\" \/>\n<!-- \/ Yoast SEO Premium plugin. -->","yoast_head_json":{"title":"TRAGBARER FUTTERTROG AUS POLYETHYLEN F\u00dcR PFERDE - FDA srl","description":"Tragbarer Futtertrog aus Polyethylen f\u00fcr Pferde mit kunststoffbeschichteten Metallhaken und verzinktem Metallgriff. Handlich, praktisch und robust. Dank","robots":{"index":"index","follow":"follow","max-snippet":"max-snippet:-1","max-image-preview":"max-image-preview:large","max-video-preview":"max-video-preview:-1"},"canonical":"https:\/\/fdasrl.it\/de\/prodotto\/tragbarer-futtertrog-aus-polyethylen-fuer-pferde\/","og_locale":"de_DE","og_type":"article","og_title":"TRAGBARER FUTTERTROG AUS POLYETHYLEN F\u00dcR PFERDE","og_description":"Tragbarer Futtertrog aus Polyethylen f\u00fcr Pferde mit kunststoffbeschichteten Metallhaken und verzinktem Metallgriff. Handlich, praktisch und robust. Dank","og_url":"https:\/\/fdasrl.it\/de\/prodotto\/tragbarer-futtertrog-aus-polyethylen-fuer-pferde\/","og_site_name":"FDA srl","article_publisher":"https:\/\/www.facebook.com\/share\/1MWhFWg1Tp\/?mibextid=LQQJ4d","og_image":[{"width":1500,"height":1500,"url":"https:\/\/fdasrl.it\/wp-content\/uploads\/2025\/01\/mangiatoia-portatile-in-polietilene-per-cavalli-fa-ma2.jpg","type":"image\/jpeg"}],"twitter_card":"summary_large_image","twitter_misc":{"Preis":"","Verf\u00fcgbarkeit":"Auf Lager"},"schema":{"@context":"https:\/\/schema.org","@graph":[{"@type":"WebPage","@id":"https:\/\/fdasrl.it\/de\/prodotto\/tragbarer-futtertrog-aus-polyethylen-fuer-pferde\/","url":"https:\/\/fdasrl.it\/de\/prodotto\/tragbarer-futtertrog-aus-polyethylen-fuer-pferde\/","name":"TRAGBARER FUTTERTROG AUS POLYETHYLEN F\u00dcR PFERDE - FDA srl","isPartOf":{"@id":"https:\/\/fdasrl.it\/de\/#website"},"primaryImageOfPage":{"@id":"https:\/\/fdasrl.it\/de\/prodotto\/tragbarer-futtertrog-aus-polyethylen-fuer-pferde\/#primaryimage"},"image":{"@id":"https:\/\/fdasrl.it\/de\/prodotto\/tragbarer-futtertrog-aus-polyethylen-fuer-pferde\/#primaryimage"},"thumbnailUrl":"https:\/\/fdasrl.it\/wp-content\/uploads\/2025\/01\/mangiatoia-portatile-in-polietilene-per-cavalli-fa-ma2.jpg","datePublished":"2025-01-21T10:54:16+00:00","description":"Tragbarer Futtertrog aus Polyethylen f\u00fcr Pferde mit kunststoffbeschichteten Metallhaken und verzinktem Metallgriff. Handlich, praktisch und robust. Dank","breadcrumb":{"@id":"https:\/\/fdasrl.it\/de\/prodotto\/tragbarer-futtertrog-aus-polyethylen-fuer-pferde\/#breadcrumb"},"inLanguage":"de","potentialAction":[{"@type":"ReadAction","target":["https:\/\/fdasrl.it\/de\/prodotto\/tragbarer-futtertrog-aus-polyethylen-fuer-pferde\/"]}]},{"@type":"ImageObject","inLanguage":"de","@id":"https:\/\/fdasrl.it\/de\/prodotto\/tragbarer-futtertrog-aus-polyethylen-fuer-pferde\/#primaryimage","url":"https:\/\/fdasrl.it\/wp-content\/uploads\/2025\/01\/mangiatoia-portatile-in-polietilene-per-cavalli-fa-ma2.jpg","contentUrl":"https:\/\/fdasrl.it\/wp-content\/uploads\/2025\/01\/mangiatoia-portatile-in-polietilene-per-cavalli-fa-ma2.jpg","width":1500,"height":1500,"caption":"tragbarer-futtertrog-aus-polyethylen-fuer-pferde-fa-ma2"},{"@type":"BreadcrumbList","@id":"https:\/\/fdasrl.it\/de\/prodotto\/tragbarer-futtertrog-aus-polyethylen-fuer-pferde\/#breadcrumb","itemListElement":[{"@type":"ListItem","position":1,"name":"Home","item":"https:\/\/fdasrl.it\/de\/startseite\/"},{"@type":"ListItem","position":2,"name":"Shop","item":"https:\/\/fdasrl.it\/de\/shop\/"},{"@type":"ListItem","position":3,"name":"TRAGBARER FUTTERTROG AUS POLYETHYLEN F\u00dcR PFERDE"}]},{"@type":"WebSite","@id":"https:\/\/fdasrl.it\/de\/#website","url":"https:\/\/fdasrl.it\/de\/","name":"FDA srl","description":"Equipment for animal husbandry","publisher":{"@id":"https:\/\/fdasrl.it\/de\/#organization"},"potentialAction":[{"@type":"SearchAction","target":{"@type":"EntryPoint","urlTemplate":"https:\/\/fdasrl.it\/de\/?s={search_term_string}"},"query-input":{"@type":"PropertyValueSpecification","valueRequired":true,"valueName":"search_term_string"}}],"inLanguage":"de"},{"@type":"Organization","@id":"https:\/\/fdasrl.it\/de\/#organization","name":"FDA srl","url":"https:\/\/fdasrl.it\/de\/","logo":{"@type":"ImageObject","inLanguage":"de","@id":"https:\/\/fdasrl.it\/de\/#\/schema\/logo\/image\/","url":"https:\/\/fdasrl.it\/wp-content\/uploads\/2024\/12\/Logo-FDA.png","contentUrl":"https:\/\/fdasrl.it\/wp-content\/uploads\/2024\/12\/Logo-FDA.png","width":316,"height":119,"caption":"FDA srl"},"image":{"@id":"https:\/\/fdasrl.it\/de\/#\/schema\/logo\/image\/"},"sameAs":["https:\/\/www.facebook.com\/share\/1MWhFWg1Tp\/?mibextid=LQQJ4d","https:\/\/www.instagram.com\/fda_srl\/profilecard\/?igsh=YW5lbzJ6MWg0d21u","https:\/\/www.youtube.com\/@FDASRL_ANIMALCARE"],"description":"FDA SRL \u2013 Equipment for animal husbandry nasce con l\u2019obiettivo di offrire soluzioni affidabili e innovative per l\u2019allevamento moderno. Con anni di esperienza nel settore zootecnico, progettiamo e realizziamo attrezzature destinate al benessere animale e alla gestione efficiente delle stalle: vasche, abbeveratoi, mangiatoie e sistemi di riscaldamento pensati per durare nel tempo e semplificare il lavoro quotidiano degli allevatori. Dalla progettazione alla produzione, ogni nostro prodotto \u00e8 studiato nei minimi dettagli, testato con cura e costruito per rispondere alle esigenze reali del settore. La nostra forza \u00e8 unire artigianalit\u00e0, tecnologia e competenza tecnica per trasformare ogni progetto in una soluzione concreta e funzionale. Oggi FDA SRL \u00e8 un punto di riferimento per privati e rivenditori che cercano qualit\u00e0, affidabilit\u00e0 e innovazione nelle attrezzature per l\u2019allevamento.","email":"info@fdasrl.it","telephone":"+390522826820","legalName":"F.D.A. SRL","foundingDate":"2024-10-13","vatID":"03075840359","taxID":"03075840359","numberOfEmployees":{"@type":"QuantitativeValue","minValue":"1","maxValue":"10"}}]},"product_price_currency":"EUR","og_availability":"instock","product_availability":"instock","product_condition":"new"},"_links":{"self":[{"href":"https:\/\/fdasrl.it\/de\/wp-json\/wp\/v2\/product\/3446","targetHints":{"allow":["GET"]}}],"collection":[{"href":"https:\/\/fdasrl.it\/de\/wp-json\/wp\/v2\/product"}],"about":[{"href":"https:\/\/fdasrl.it\/de\/wp-json\/wp\/v2\/types\/product"}],"replies":[{"embeddable":true,"href":"https:\/\/fdasrl.it\/de\/wp-json\/wp\/v2\/comments?post=3446"}],"wp:featuredmedia":[{"embeddable":true,"href":"https:\/\/fdasrl.it\/de\/wp-json\/wp\/v2\/media\/644"}],"wp:attachment":[{"href":"https:\/\/fdasrl.it\/de\/wp-json\/wp\/v2\/media?parent=3446"}],"wp:term":[{"taxonomy":"product_brand","embeddable":true,"href":"https:\/\/fdasrl.it\/de\/wp-json\/wp\/v2\/product_brand?post=3446"},{"taxonomy":"product_cat","embeddable":true,"href":"https:\/\/fdasrl.it\/de\/wp-json\/wp\/v2\/product_cat?post=3446"},{"taxonomy":"product_tag","embeddable":true,"href":"https:\/\/fdasrl.it\/de\/wp-json\/wp\/v2\/product_tag?post=3446"}],"curies":[{"name":"wp","href":"https:\/\/api.w.org\/{rel}","templated":true}]}}