{"id":3507,"date":"2025-01-21T11:45:09","date_gmt":"2025-01-21T10:45:09","guid":{"rendered":"https:\/\/fdasrl.it\/prodotto\/klauenbadwanne-fuer-rinder-klauenpflege\/"},"modified":"2025-01-21T11:45:09","modified_gmt":"2025-01-21T10:45:09","slug":"klauenbadwanne-fuer-rinder-klauenpflege","status":"publish","type":"product","link":"https:\/\/fdasrl.it\/de\/prodotto\/klauenbadwanne-fuer-rinder-klauenpflege\/","title":{"rendered":"KLAUENBADWANNE F\u00dcR RINDER KLAUENPFLEGE"},"content":{"rendered":"<h3 data-start=\"203\" data-end=\"285\"><strong data-start=\"207\" data-end=\"285\">Klauenbadwanne f\u00fcr Rinder \u2013 200 Liter \u2013 Professionelle Klauenpflege<\/strong><\/h3>\n<p data-start=\"287\" data-end=\"642\">Die <strong data-start=\"290\" data-end=\"320\">Klauenbadwanne f\u00fcr Rinder<\/strong> ist ein unverzichtbares Hilfsmittel f\u00fcr die <strong data-start=\"359\" data-end=\"426\">Pflege und Vorbeugung von Klauenerkrankungen bei K\u00fchen<\/strong>. Diese Wanne wurde entwickelt, um eine wirksame, sichere und dauerhafte Behandlung zu gew\u00e4hrleisten. Sie erm\u00f6glicht die Reinigung und Desinfektion der Klauen auf praktische und hygienische Weise direkt im Durchgang der Tiere. <\/p>\n<p data-start=\"644\" data-end=\"770\">Dank der M\u00f6glichkeit, <strong data-start=\"681\" data-end=\"707\">zwei Wannen hintereinander<\/strong> zu schalten, l\u00e4sst sich ein komplettes System mit Doppelwirkung realisieren:<\/p>\n<ul data-start=\"771\" data-end=\"999\">\n<li data-start=\"771\" data-end=\"868\">\n<p data-start=\"773\" data-end=\"868\">Die <strong data-start=\"776\" data-end=\"791\">erste Wanne<\/strong> dient der Reinigung und entfernt G\u00fclle und Schmutz von den Klauen.<\/p>\n<\/li>\n<li data-start=\"869\" data-end=\"999\">\n<p data-start=\"871\" data-end=\"999\">Die <strong data-start=\"874\" data-end=\"891\">zweite Wanne<\/strong> enth\u00e4lt eine <strong data-start=\"905\" data-end=\"932\">Desinfektionsl\u00f6sung<\/strong>, die tiefenwirksam ist und die Effektivit\u00e4t der Behandlung verbessert.<\/p>\n<\/li>\n<\/ul>\n<p data-start=\"1001\" data-end=\"1371\">Der Wannenboden ist mit einer <strong data-start=\"1038\" data-end=\"1083\">hochwiderstandsf\u00e4higen, rutschfesten Oberfl\u00e4che<\/strong> ausgestattet, die f\u00fcr mehr Sicherheit und Stabilit\u00e4t beim Durchgang der Rinder sorgt. Die Form der Wanne und das spezielle Profil erm\u00f6glichen eine <strong data-start=\"1219\" data-end=\"1271\">leichte Spreizung des Klauenspalts<\/strong>, was das <strong data-start=\"1291\" data-end=\"1331\">vollst\u00e4ndige Eindringen des Desinfektionsmittels<\/strong> in jeden Zwischenraum der Klaue beg\u00fcnstigt. <\/p>\n<p data-start=\"1373\" data-end=\"1664\">Die Ma\u00dfe jeder Wanne betragen <strong data-start=\"1406\" data-end=\"1428\">203 x 80 x 18,5 cm<\/strong> bei einem Fassungsverm\u00f6gen von <strong data-start=\"1449\" data-end=\"1462\">200 Litern<\/strong>. Durch das Aneinanderreihen zweier Wannen entsteht eine Strecke von <strong data-start=\"1510\" data-end=\"1525\">ganzen 4 Metern<\/strong>, was ausreicht, um ein langsames Gehen der Tiere zu gew\u00e4hrleisten, sodass das Desinfektionsmittel l\u00e4nger und effektiver einwirken kann.<\/p>\n<h3 data-start=\"1666\" data-end=\"1701\"><strong data-start=\"1670\" data-end=\"1701\">Hauptmerkmale:<\/strong><\/h3>\n<ul data-start=\"1702\" data-end=\"2141\">\n<li data-start=\"1702\" data-end=\"1727\">\n<p data-start=\"1704\" data-end=\"1727\">Fassungsverm\u00f6gen: <strong data-start=\"1714\" data-end=\"1727\">200 Liter<\/strong><\/p>\n<\/li>\n<li data-start=\"1728\" data-end=\"1764\">\n<p data-start=\"1730\" data-end=\"1764\">Ma\u00dfe: <strong data-start=\"1742\" data-end=\"1764\">203 x 80 x 18,5 cm<\/strong><\/p>\n<\/li>\n<li data-start=\"1765\" data-end=\"1855\">\n<p data-start=\"1767\" data-end=\"1855\">Hergestellt aus extrem abriebfestem und chemikalienbest\u00e4ndigem <strong data-start=\"1781\" data-end=\"1808\">High-Impact-Polyethylen<\/strong><\/p>\n<\/li>\n<li data-start=\"1856\" data-end=\"1895\">\n<p data-start=\"1858\" data-end=\"1895\">In den Rand eingepr\u00e4gte <strong data-start=\"1858\" data-end=\"1876\">Messskala<\/strong><\/p>\n<\/li>\n<li data-start=\"1896\" data-end=\"1941\">\n<p data-start=\"1898\" data-end=\"1941\"><strong data-start=\"1898\" data-end=\"1918\">Ablassstopfen<\/strong> zur schnellen Entleerung<\/p>\n<\/li>\n<li data-start=\"1942\" data-end=\"1996\">\n<p data-start=\"1944\" data-end=\"1996\"><strong data-start=\"1944\" data-end=\"1970\">Rutschfeste Oberfl\u00e4che<\/strong> f\u00fcr Sicherheit und Stabilit\u00e4t<\/p>\n<\/li>\n<li data-start=\"1997\" data-end=\"2065\">\n<p data-start=\"1999\" data-end=\"2065\">Vorbereitete <strong data-start=\"1999\" data-end=\"2022\">Verankerungspunkte<\/strong> f\u00fcr die Verbindung der Wannen<\/p>\n<\/li>\n<li data-start=\"2066\" data-end=\"2141\">\n<p data-start=\"2068\" data-end=\"2141\">Kompatibel mit allen Arten von <strong data-start=\"2100\" data-end=\"2141\">veterin\u00e4rmedizinischen Reinigungs- und Desinfektionsmitteln<\/strong><\/p>\n<\/li>\n<\/ul>\n<p data-start=\"2143\" data-end=\"2351\">Diese <strong data-start=\"2150\" data-end=\"2205\">Wanne zur Klauenreinigung bei K\u00fchen<\/strong> ist ideal f\u00fcr Z\u00fcchter und landwirtschaftliche Betriebe, die auf einfache und sichere Weise das <strong data-start=\"2274\" data-end=\"2324\">Wohlbefinden f\u00f6rdern und Klauenerkrankungen vorbeugen<\/strong> m\u00f6chten.<\/p>\n<p>Kaufen Sie es in unserem  <a href=\"https:\/\/fda-shop.it\/shop\/articoli-per-allevamento\/attrezzatura-di-stalla\/vasca-pediluvio-lavaggio-zoccolo-e-unghioni\" target=\"_blank\" rel=\"noopener\">Online-Shop<\/a><\/p>\n<p>&nbsp;<\/p>\n","protected":false},"excerpt":{"rendered":"<p>200-Liter-Klauenbadwanne f\u00fcr Rinder, ideal zur Pflege und Desinfektion der Klauen. Rutschfester Boden, koppelbar, chemikalienbest\u00e4ndig. <\/p>\n","protected":false},"featured_media":414,"comment_status":"open","ping_status":"closed","template":"","meta":{"_et_pb_use_builder":"","_et_pb_old_content":"","_et_gb_content_width":""},"product_brand":[],"product_cat":[686,409,687],"product_tag":[873],"class_list":{"0":"post-3507","1":"product","2":"type-product","3":"status-publish","4":"has-post-thumbnail","6":"product_cat-klauenreinigung-und-rutschfeste-matten-fur-kuhe","7":"product_cat-rinder","8":"product_cat-tierwohl","9":"product_tag-fa-cp","11":"first","12":"instock","13":"shipping-taxable","14":"product-type-simple"},"yoast_head":"<!-- This site is optimized with the Yoast SEO Premium plugin v27.5 (Yoast SEO v27.5) - https:\/\/yoast.com\/product\/yoast-seo-premium-wordpress\/ -->\n<title>KLAUENBADWANNE F\u00dcR RINDER KLAUENPFLEGE - FDA srl<\/title>\n<meta name=\"description\" content=\"200-Liter-Klauenbadwanne f\u00fcr Rinder, ideal zur Pflege und Desinfektion der Klauen. Rutschfester Boden, koppelbar, chemikalienbest\u00e4ndig.\" \/>\n<meta name=\"robots\" content=\"index, follow, max-snippet:-1, max-image-preview:large, max-video-preview:-1\" \/>\n<link rel=\"canonical\" href=\"https:\/\/fdasrl.it\/de\/prodotto\/klauenbadwanne-fuer-rinder-klauenpflege\/\" \/>\n<meta property=\"og:locale\" content=\"de_DE\" \/>\n<meta property=\"og:type\" content=\"article\" \/>\n<meta property=\"og:title\" content=\"KLAUENBADWANNE F\u00dcR RINDER KLAUENPFLEGE\" \/>\n<meta property=\"og:description\" content=\"200-Liter-Klauenbadwanne f\u00fcr Rinder, ideal zur Pflege und Desinfektion der Klauen. Rutschfester Boden, koppelbar, chemikalienbest\u00e4ndig.\" \/>\n<meta property=\"og:url\" content=\"https:\/\/fdasrl.it\/de\/prodotto\/klauenbadwanne-fuer-rinder-klauenpflege\/\" \/>\n<meta property=\"og:site_name\" content=\"FDA srl\" \/>\n<meta property=\"article:publisher\" content=\"https:\/\/www.facebook.com\/share\/1MWhFWg1Tp\/?mibextid=LQQJ4d\" \/>\n<meta property=\"og:image\" content=\"https:\/\/fdasrl.it\/wp-content\/uploads\/2025\/01\/FA-CP_1.jpg\" \/>\n\t<meta property=\"og:image:width\" content=\"480\" \/>\n\t<meta property=\"og:image:height\" content=\"480\" \/>\n\t<meta property=\"og:image:type\" content=\"image\/jpeg\" \/>\n<meta name=\"twitter:card\" content=\"summary_large_image\" \/>\n<meta name=\"twitter:label1\" content=\"Preis\" \/>\n\t<meta name=\"twitter:data1\" content=\"\" \/>\n\t<meta name=\"twitter:label2\" content=\"Verf\u00fcgbarkeit\" \/>\n\t<meta name=\"twitter:data2\" content=\"Auf Lager\" \/>\n<meta property=\"product:price:currency\" content=\"EUR\" \/>\n<meta property=\"og:availability\" content=\"instock\" \/>\n<meta property=\"product:availability\" content=\"instock\" \/>\n<meta property=\"product:retailer_item_id\" content=\"FA-CP\" \/>\n<meta property=\"product:condition\" content=\"new\" \/>\n<!-- \/ Yoast SEO Premium plugin. -->","yoast_head_json":{"title":"KLAUENBADWANNE F\u00dcR RINDER KLAUENPFLEGE - FDA srl","description":"200-Liter-Klauenbadwanne f\u00fcr Rinder, ideal zur Pflege und Desinfektion der Klauen. Rutschfester Boden, koppelbar, chemikalienbest\u00e4ndig.","robots":{"index":"index","follow":"follow","max-snippet":"max-snippet:-1","max-image-preview":"max-image-preview:large","max-video-preview":"max-video-preview:-1"},"canonical":"https:\/\/fdasrl.it\/de\/prodotto\/klauenbadwanne-fuer-rinder-klauenpflege\/","og_locale":"de_DE","og_type":"article","og_title":"KLAUENBADWANNE F\u00dcR RINDER KLAUENPFLEGE","og_description":"200-Liter-Klauenbadwanne f\u00fcr Rinder, ideal zur Pflege und Desinfektion der Klauen. Rutschfester Boden, koppelbar, chemikalienbest\u00e4ndig.","og_url":"https:\/\/fdasrl.it\/de\/prodotto\/klauenbadwanne-fuer-rinder-klauenpflege\/","og_site_name":"FDA srl","article_publisher":"https:\/\/www.facebook.com\/share\/1MWhFWg1Tp\/?mibextid=LQQJ4d","og_image":[{"width":480,"height":480,"url":"https:\/\/fdasrl.it\/wp-content\/uploads\/2025\/01\/FA-CP_1.jpg","type":"image\/jpeg"}],"twitter_card":"summary_large_image","twitter_misc":{"Preis":"","Verf\u00fcgbarkeit":"Auf Lager"},"schema":{"@context":"https:\/\/schema.org","@graph":[{"@type":"WebPage","@id":"https:\/\/fdasrl.it\/de\/prodotto\/klauenbadwanne-fuer-rinder-klauenpflege\/","url":"https:\/\/fdasrl.it\/de\/prodotto\/klauenbadwanne-fuer-rinder-klauenpflege\/","name":"KLAUENBADWANNE F\u00dcR RINDER KLAUENPFLEGE - FDA srl","isPartOf":{"@id":"https:\/\/fdasrl.it\/de\/#website"},"primaryImageOfPage":{"@id":"https:\/\/fdasrl.it\/de\/prodotto\/klauenbadwanne-fuer-rinder-klauenpflege\/#primaryimage"},"image":{"@id":"https:\/\/fdasrl.it\/de\/prodotto\/klauenbadwanne-fuer-rinder-klauenpflege\/#primaryimage"},"thumbnailUrl":"https:\/\/fdasrl.it\/wp-content\/uploads\/2025\/01\/FA-CP_1.jpg","datePublished":"2025-01-21T10:45:09+00:00","description":"200-Liter-Klauenbadwanne f\u00fcr Rinder, ideal zur Pflege und Desinfektion der Klauen. Rutschfester Boden, koppelbar, chemikalienbest\u00e4ndig.","breadcrumb":{"@id":"https:\/\/fdasrl.it\/de\/prodotto\/klauenbadwanne-fuer-rinder-klauenpflege\/#breadcrumb"},"inLanguage":"de","potentialAction":[{"@type":"ReadAction","target":["https:\/\/fdasrl.it\/de\/prodotto\/klauenbadwanne-fuer-rinder-klauenpflege\/"]}]},{"@type":"ImageObject","inLanguage":"de","@id":"https:\/\/fdasrl.it\/de\/prodotto\/klauenbadwanne-fuer-rinder-klauenpflege\/#primaryimage","url":"https:\/\/fdasrl.it\/wp-content\/uploads\/2025\/01\/FA-CP_1.jpg","contentUrl":"https:\/\/fdasrl.it\/wp-content\/uploads\/2025\/01\/FA-CP_1.jpg","width":480,"height":480,"caption":"klauenbadwanne-fuer-rinder-klauenpflege-fa-cp"},{"@type":"BreadcrumbList","@id":"https:\/\/fdasrl.it\/de\/prodotto\/klauenbadwanne-fuer-rinder-klauenpflege\/#breadcrumb","itemListElement":[{"@type":"ListItem","position":1,"name":"Home","item":"https:\/\/fdasrl.it\/de\/startseite\/"},{"@type":"ListItem","position":2,"name":"Shop","item":"https:\/\/fdasrl.it\/de\/shop\/"},{"@type":"ListItem","position":3,"name":"KLAUENBADWANNE F\u00dcR RINDER KLAUENPFLEGE"}]},{"@type":"WebSite","@id":"https:\/\/fdasrl.it\/de\/#website","url":"https:\/\/fdasrl.it\/de\/","name":"FDA srl","description":"Equipment for animal husbandry","publisher":{"@id":"https:\/\/fdasrl.it\/de\/#organization"},"potentialAction":[{"@type":"SearchAction","target":{"@type":"EntryPoint","urlTemplate":"https:\/\/fdasrl.it\/de\/?s={search_term_string}"},"query-input":{"@type":"PropertyValueSpecification","valueRequired":true,"valueName":"search_term_string"}}],"inLanguage":"de"},{"@type":"Organization","@id":"https:\/\/fdasrl.it\/de\/#organization","name":"FDA srl","url":"https:\/\/fdasrl.it\/de\/","logo":{"@type":"ImageObject","inLanguage":"de","@id":"https:\/\/fdasrl.it\/de\/#\/schema\/logo\/image\/","url":"https:\/\/fdasrl.it\/wp-content\/uploads\/2024\/12\/Logo-FDA.png","contentUrl":"https:\/\/fdasrl.it\/wp-content\/uploads\/2024\/12\/Logo-FDA.png","width":316,"height":119,"caption":"FDA srl"},"image":{"@id":"https:\/\/fdasrl.it\/de\/#\/schema\/logo\/image\/"},"sameAs":["https:\/\/www.facebook.com\/share\/1MWhFWg1Tp\/?mibextid=LQQJ4d","https:\/\/www.instagram.com\/fda_srl\/profilecard\/?igsh=YW5lbzJ6MWg0d21u","https:\/\/www.youtube.com\/@FDASRL_ANIMALCARE"],"description":"FDA SRL \u2013 Equipment for animal husbandry nasce con l\u2019obiettivo di offrire soluzioni affidabili e innovative per l\u2019allevamento moderno. Con anni di esperienza nel settore zootecnico, progettiamo e realizziamo attrezzature destinate al benessere animale e alla gestione efficiente delle stalle: vasche, abbeveratoi, mangiatoie e sistemi di riscaldamento pensati per durare nel tempo e semplificare il lavoro quotidiano degli allevatori. Dalla progettazione alla produzione, ogni nostro prodotto \u00e8 studiato nei minimi dettagli, testato con cura e costruito per rispondere alle esigenze reali del settore. La nostra forza \u00e8 unire artigianalit\u00e0, tecnologia e competenza tecnica per trasformare ogni progetto in una soluzione concreta e funzionale. Oggi FDA SRL \u00e8 un punto di riferimento per privati e rivenditori che cercano qualit\u00e0, affidabilit\u00e0 e innovazione nelle attrezzature per l\u2019allevamento.","email":"info@fdasrl.it","telephone":"+390522826820","legalName":"F.D.A. SRL","foundingDate":"2024-10-13","vatID":"03075840359","taxID":"03075840359","numberOfEmployees":{"@type":"QuantitativeValue","minValue":"1","maxValue":"10"}}]},"product_price_currency":"EUR","og_availability":"instock","product_availability":"instock","product_retailer_item_id":"FA-CP","product_condition":"new"},"_links":{"self":[{"href":"https:\/\/fdasrl.it\/de\/wp-json\/wp\/v2\/product\/3507","targetHints":{"allow":["GET"]}}],"collection":[{"href":"https:\/\/fdasrl.it\/de\/wp-json\/wp\/v2\/product"}],"about":[{"href":"https:\/\/fdasrl.it\/de\/wp-json\/wp\/v2\/types\/product"}],"replies":[{"embeddable":true,"href":"https:\/\/fdasrl.it\/de\/wp-json\/wp\/v2\/comments?post=3507"}],"wp:featuredmedia":[{"embeddable":true,"href":"https:\/\/fdasrl.it\/de\/wp-json\/wp\/v2\/media\/414"}],"wp:attachment":[{"href":"https:\/\/fdasrl.it\/de\/wp-json\/wp\/v2\/media?parent=3507"}],"wp:term":[{"taxonomy":"product_brand","embeddable":true,"href":"https:\/\/fdasrl.it\/de\/wp-json\/wp\/v2\/product_brand?post=3507"},{"taxonomy":"product_cat","embeddable":true,"href":"https:\/\/fdasrl.it\/de\/wp-json\/wp\/v2\/product_cat?post=3507"},{"taxonomy":"product_tag","embeddable":true,"href":"https:\/\/fdasrl.it\/de\/wp-json\/wp\/v2\/product_tag?post=3507"}],"curies":[{"name":"wp","href":"https:\/\/api.w.org\/{rel}","templated":true}]}}