{"id":3612,"date":"2025-01-21T10:43:30","date_gmt":"2025-01-21T09:43:30","guid":{"rendered":"https:\/\/fdasrl.it\/prodotto\/niedrigdruck-traenkebecken-aus-edelstahl\/"},"modified":"2025-01-21T10:43:30","modified_gmt":"2025-01-21T09:43:30","slug":"niedrigdruck-traenkebecken-aus-edelstahl","status":"publish","type":"product","link":"https:\/\/fdasrl.it\/de\/prodotto\/niedrigdruck-traenkebecken-aus-edelstahl\/","title":{"rendered":"Niedrigdruck-Tr\u00e4nkebecken aus Edelstahl"},"content":{"rendered":"<div class=\"product-intro\">\n<div class=\"product-intro-padding\">\n<div class=\"xt-container-content-wrapper\">\n<div class=\"xt-introduction-wrapper\">\n<p data-start=\"287\" data-end=\"544\">Das <strong data-start=\"290\" data-end=\"334\">Edelstahlbecken mit konstantem Wasserstand<\/strong> ist eine robuste und hygienische L\u00f6sung f\u00fcr die Tr\u00e4nke von Tieren. Gefertigt aus <strong data-start=\"418\" data-end=\"443\">Edelstahl AISI 304<\/strong>, ist es ideal f\u00fcr Anwendungen in der Tierhaltung, bei denen Widerstandsf\u00e4higkeit, Langlebigkeit und einfache Reinigung gefragt sind. <\/p>\n<h3 data-start=\"546\" data-end=\"582\">\u2705 <strong data-start=\"552\" data-end=\"582\">Hauptmerkmale<\/strong><\/h3>\n<ul data-start=\"584\" data-end=\"1024\">\n<li data-start=\"584\" data-end=\"634\">\n<p data-start=\"586\" data-end=\"634\"><strong data-start=\"586\" data-end=\"599\">Material<\/strong>: Edelstahl 304 (St\u00e4rke 10\/10)<\/p>\n<\/li>\n<li data-start=\"635\" data-end=\"704\">\n<p data-start=\"637\" data-end=\"704\"><strong data-start=\"637\" data-end=\"667\">Niedrigdrucksystem<\/strong> mit inklusivem <strong data-start=\"672\" data-end=\"696\">1\/2\u201d-Schwimmerventil<\/strong><\/p>\n<\/li>\n<li data-start=\"705\" data-end=\"776\">\n<p data-start=\"707\" data-end=\"776\"><strong data-start=\"707\" data-end=\"737\">Schwimmergeh\u00e4use<\/strong> auf der linken oder rechten Seite verf\u00fcgbar<\/p>\n<\/li>\n<li data-start=\"777\" data-end=\"835\">\n<p data-start=\"779\" data-end=\"835\"><strong data-start=\"779\" data-end=\"797\">Ohne Halterungen<\/strong>: geeignet zur Auflage<\/p>\n<\/li>\n<li data-start=\"836\" data-end=\"868\">\n<p data-start=\"838\" data-end=\"868\"><strong data-start=\"838\" data-end=\"858\">Maximale Kapazit\u00e4t<\/strong>: 45 l<\/p>\n<\/li>\n<li data-start=\"869\" data-end=\"937\">\n<p data-start=\"871\" data-end=\"937\"><strong data-start=\"871\" data-end=\"897\">Reinigungsablauf<\/strong>: 3\/4\u201d-Anschluss f\u00fcr einfache Entleerung<\/p>\n<\/li>\n<li data-start=\"938\" data-end=\"975\">\n<p data-start=\"940\" data-end=\"975\"><strong data-start=\"940\" data-end=\"958\">Wassereinlass<\/strong>: 3\/4\u201d-Anschluss<\/p>\n<\/li>\n<li data-start=\"976\" data-end=\"1024\">\n<p data-start=\"978\" data-end=\"1024\"><strong data-start=\"978\" data-end=\"1016\">Maximaler Schwimmerdruck<\/strong>: 10 bar<\/p>\n<\/li>\n<\/ul>\n<h3 data-start=\"1026\" data-end=\"1059\">\ud83d\udcd0 <strong data-start=\"1033\" data-end=\"1059\">Verf\u00fcgbare Abmessungen<\/strong><\/h3>\n<ul data-start=\"1061\" data-end=\"1127\">\n<li data-start=\"1061\" data-end=\"1082\">\n<p data-start=\"1063\" data-end=\"1082\">60 x 30 x H 20 cm<\/p>\n<\/li>\n<li data-start=\"1083\" data-end=\"1104\">\n<p data-start=\"1085\" data-end=\"1104\">80 x 30 x H 20 cm<\/p>\n<\/li>\n<li data-start=\"1105\" data-end=\"1127\">\n<p data-start=\"1107\" data-end=\"1127\">120 x 30 x H 20 cm<\/p>\n<\/li>\n<\/ul>\n<blockquote data-start=\"1129\" data-end=\"1242\">\n<p data-start=\"1131\" data-end=\"1242\">Ideal f\u00fcr die Rinder-, Schweine-, Schaf-, Ziegen- und Pferdehaltung. Leicht in neue oder bestehende St\u00e4lle integrierbar. <\/p>\n<\/blockquote>\n<h3 data-start=\"1244\" data-end=\"1267\">\ud83d\udd27 <strong data-start=\"1251\" data-end=\"1267\">Anwendungen<\/strong><\/h3>\n<ul data-start=\"1269\" data-end=\"1367\">\n<li data-start=\"1269\" data-end=\"1294\">\n<p data-start=\"1271\" data-end=\"1294\">Tr\u00e4nken f\u00fcr Tiere<\/p>\n<\/li>\n<li data-start=\"1295\" data-end=\"1324\">\n<p data-start=\"1297\" data-end=\"1324\">Wannen f\u00fcr St\u00e4lle und Gehege<\/p>\n<\/li>\n<li data-start=\"1325\" data-end=\"1367\">\n<p data-start=\"1327\" data-end=\"1367\">Automatische Wassersysteme in der Tierhaltung<\/p>\n<\/li>\n<\/ul>\n<h3 data-start=\"1369\" data-end=\"1415\">\ud83c\udf10 Warum unsere Edelstahlwannen w\u00e4hlen?<\/h3>\n<ul data-start=\"1417\" data-end=\"1573\">\n<li data-start=\"1417\" data-end=\"1445\">\n<p data-start=\"1419\" data-end=\"1445\">Hohe Materialqualit\u00e4t<\/p>\n<\/li>\n<li data-start=\"1446\" data-end=\"1485\">\n<p data-start=\"1448\" data-end=\"1485\">Maximale Hygiene und einfache Reinigung<\/p>\n<\/li>\n<li data-start=\"1486\" data-end=\"1528\">\n<p data-start=\"1488\" data-end=\"1528\">Lange Lebensdauer auch unter harten Bedingungen<\/p>\n<\/li>\n<li data-start=\"1529\" data-end=\"1573\">\n<p data-start=\"1531\" data-end=\"1573\">In Italien entwickeltes und hergestelltes Produkt<\/p>\n<\/li>\n<\/ul>\n<hr data-start=\"1575\" data-end=\"1578\">\n<h4 data-start=\"1580\" data-end=\"1648\">\ud83d\udcde Kontaktieren Sie uns f\u00fcr Anpassungen oder Gro\u00dfbestellungen &#8211; <a href=\"https:\/\/fdasrl.it\/de\/kontakt\/#et_pb_contact_form_0\">HIER KLICKEN<\/a><\/h4>\n<\/div>\n<\/div>\n<\/div>\n<\/div>\n","protected":false},"excerpt":{"rendered":"<p>Tr\u00e4nkebecken aus Edelstahl AISI 304 mit konstantem Wasserstand und 1\/2&#8243;-Schwimmer, ideal f\u00fcr St\u00e4lle und Zuchtbetriebe. Kapazit\u00e4t 45 l, leicht zu reinigen. Drei Gr\u00f6\u00dfen verf\u00fcgbar.  <\/p>\n","protected":false},"featured_media":369,"comment_status":"open","ping_status":"closed","template":"","meta":{"_et_pb_use_builder":"","_et_pb_old_content":"","_et_gb_content_width":""},"product_brand":[],"product_cat":[511,409,414],"product_tag":[883],"class_list":{"0":"post-3612","1":"product","2":"type-product","3":"status-publish","4":"has-post-thumbnail","6":"product_cat-edelstahlwannen-fur-stalle","7":"product_cat-rinder","8":"product_cat-schafe-und-ziegen","9":"product_tag-fa-vs1","11":"first","12":"instock","13":"shipping-taxable","14":"product-type-simple"},"yoast_head":"<!-- This site is optimized with the Yoast SEO Premium plugin v27.5 (Yoast SEO v27.5) - https:\/\/yoast.com\/product\/yoast-seo-premium-wordpress\/ -->\n<title>Edelstahl-Tr\u00e4nkebecken f\u00fcr St\u00e4lle und Gehege - FDA srl<\/title>\n<meta name=\"description\" content=\"W\u00e4hlen Sie das Edelstahl-Tr\u00e4nkebecken f\u00fcr eine hygienische und robuste L\u00f6sung f\u00fcr Ihr Vieh. Erfahren Sie mehr!\" \/>\n<meta name=\"robots\" content=\"index, follow, max-snippet:-1, max-image-preview:large, max-video-preview:-1\" \/>\n<link rel=\"canonical\" href=\"https:\/\/fdasrl.it\/de\/prodotto\/niedrigdruck-traenkebecken-aus-edelstahl\/\" \/>\n<meta property=\"og:locale\" content=\"de_DE\" \/>\n<meta property=\"og:type\" content=\"article\" \/>\n<meta property=\"og:title\" content=\"Niedrigdruck-Tr\u00e4nkebecken aus Edelstahl\" \/>\n<meta property=\"og:description\" content=\"W\u00e4hlen Sie das Edelstahl-Tr\u00e4nkebecken f\u00fcr eine hygienische und robuste L\u00f6sung f\u00fcr Ihr Vieh. Erfahren Sie mehr!\" \/>\n<meta property=\"og:url\" content=\"https:\/\/fdasrl.it\/de\/prodotto\/niedrigdruck-traenkebecken-aus-edelstahl\/\" \/>\n<meta property=\"og:site_name\" content=\"FDA srl\" \/>\n<meta property=\"article:publisher\" content=\"https:\/\/www.facebook.com\/share\/1MWhFWg1Tp\/?mibextid=LQQJ4d\" \/>\n<meta property=\"og:image\" content=\"https:\/\/fdasrl.it\/wp-content\/uploads\/2025\/01\/FA-VS1.jpg\" \/>\n\t<meta property=\"og:image:width\" content=\"730\" \/>\n\t<meta property=\"og:image:height\" content=\"548\" \/>\n\t<meta property=\"og:image:type\" content=\"image\/jpeg\" \/>\n<meta name=\"twitter:card\" content=\"summary_large_image\" \/>\n<meta name=\"twitter:label1\" content=\"Preis\" \/>\n\t<meta name=\"twitter:data1\" content=\"\" \/>\n\t<meta name=\"twitter:label2\" content=\"Verf\u00fcgbarkeit\" \/>\n\t<meta name=\"twitter:data2\" content=\"Auf Lager\" \/>\n<meta property=\"product:price:currency\" content=\"EUR\" \/>\n<meta property=\"og:availability\" content=\"instock\" \/>\n<meta property=\"product:availability\" content=\"instock\" \/>\n<meta property=\"product:retailer_item_id\" content=\"FA-VS1\" \/>\n<meta property=\"product:condition\" content=\"new\" \/>\n<!-- \/ Yoast SEO Premium plugin. -->","yoast_head_json":{"title":"Edelstahl-Tr\u00e4nkebecken f\u00fcr St\u00e4lle und Gehege - FDA srl","description":"W\u00e4hlen Sie das Edelstahl-Tr\u00e4nkebecken f\u00fcr eine hygienische und robuste L\u00f6sung f\u00fcr Ihr Vieh. Erfahren Sie mehr!","robots":{"index":"index","follow":"follow","max-snippet":"max-snippet:-1","max-image-preview":"max-image-preview:large","max-video-preview":"max-video-preview:-1"},"canonical":"https:\/\/fdasrl.it\/de\/prodotto\/niedrigdruck-traenkebecken-aus-edelstahl\/","og_locale":"de_DE","og_type":"article","og_title":"Niedrigdruck-Tr\u00e4nkebecken aus Edelstahl","og_description":"W\u00e4hlen Sie das Edelstahl-Tr\u00e4nkebecken f\u00fcr eine hygienische und robuste L\u00f6sung f\u00fcr Ihr Vieh. Erfahren Sie mehr!","og_url":"https:\/\/fdasrl.it\/de\/prodotto\/niedrigdruck-traenkebecken-aus-edelstahl\/","og_site_name":"FDA srl","article_publisher":"https:\/\/www.facebook.com\/share\/1MWhFWg1Tp\/?mibextid=LQQJ4d","og_image":[{"width":730,"height":548,"url":"https:\/\/fdasrl.it\/wp-content\/uploads\/2025\/01\/FA-VS1.jpg","type":"image\/jpeg"}],"twitter_card":"summary_large_image","twitter_misc":{"Preis":"","Verf\u00fcgbarkeit":"Auf Lager"},"schema":{"@context":"https:\/\/schema.org","@graph":[{"@type":"WebPage","@id":"https:\/\/fdasrl.it\/de\/prodotto\/niedrigdruck-traenkebecken-aus-edelstahl\/","url":"https:\/\/fdasrl.it\/de\/prodotto\/niedrigdruck-traenkebecken-aus-edelstahl\/","name":"Edelstahl-Tr\u00e4nkebecken f\u00fcr St\u00e4lle und Gehege - FDA srl","isPartOf":{"@id":"https:\/\/fdasrl.it\/de\/#website"},"primaryImageOfPage":{"@id":"https:\/\/fdasrl.it\/de\/prodotto\/niedrigdruck-traenkebecken-aus-edelstahl\/#primaryimage"},"image":{"@id":"https:\/\/fdasrl.it\/de\/prodotto\/niedrigdruck-traenkebecken-aus-edelstahl\/#primaryimage"},"thumbnailUrl":"https:\/\/fdasrl.it\/wp-content\/uploads\/2025\/01\/FA-VS1.jpg","datePublished":"2025-01-21T09:43:30+00:00","description":"W\u00e4hlen Sie das Edelstahl-Tr\u00e4nkebecken f\u00fcr eine hygienische und robuste L\u00f6sung f\u00fcr Ihr Vieh. Erfahren Sie mehr!","breadcrumb":{"@id":"https:\/\/fdasrl.it\/de\/prodotto\/niedrigdruck-traenkebecken-aus-edelstahl\/#breadcrumb"},"inLanguage":"de","potentialAction":[{"@type":"ReadAction","target":["https:\/\/fdasrl.it\/de\/prodotto\/niedrigdruck-traenkebecken-aus-edelstahl\/"]}]},{"@type":"ImageObject","inLanguage":"de","@id":"https:\/\/fdasrl.it\/de\/prodotto\/niedrigdruck-traenkebecken-aus-edelstahl\/#primaryimage","url":"https:\/\/fdasrl.it\/wp-content\/uploads\/2025\/01\/FA-VS1.jpg","contentUrl":"https:\/\/fdasrl.it\/wp-content\/uploads\/2025\/01\/FA-VS1.jpg","width":730,"height":548},{"@type":"BreadcrumbList","@id":"https:\/\/fdasrl.it\/de\/prodotto\/niedrigdruck-traenkebecken-aus-edelstahl\/#breadcrumb","itemListElement":[{"@type":"ListItem","position":1,"name":"Home","item":"https:\/\/fdasrl.it\/de\/startseite\/"},{"@type":"ListItem","position":2,"name":"Shop","item":"https:\/\/fdasrl.it\/de\/shop\/"},{"@type":"ListItem","position":3,"name":"Niedrigdruck-Tr\u00e4nkebecken aus Edelstahl"}]},{"@type":"WebSite","@id":"https:\/\/fdasrl.it\/de\/#website","url":"https:\/\/fdasrl.it\/de\/","name":"FDA srl","description":"Equipment for animal husbandry","publisher":{"@id":"https:\/\/fdasrl.it\/de\/#organization"},"potentialAction":[{"@type":"SearchAction","target":{"@type":"EntryPoint","urlTemplate":"https:\/\/fdasrl.it\/de\/?s={search_term_string}"},"query-input":{"@type":"PropertyValueSpecification","valueRequired":true,"valueName":"search_term_string"}}],"inLanguage":"de"},{"@type":"Organization","@id":"https:\/\/fdasrl.it\/de\/#organization","name":"FDA srl","url":"https:\/\/fdasrl.it\/de\/","logo":{"@type":"ImageObject","inLanguage":"de","@id":"https:\/\/fdasrl.it\/de\/#\/schema\/logo\/image\/","url":"https:\/\/fdasrl.it\/wp-content\/uploads\/2024\/12\/Logo-FDA.png","contentUrl":"https:\/\/fdasrl.it\/wp-content\/uploads\/2024\/12\/Logo-FDA.png","width":316,"height":119,"caption":"FDA srl"},"image":{"@id":"https:\/\/fdasrl.it\/de\/#\/schema\/logo\/image\/"},"sameAs":["https:\/\/www.facebook.com\/share\/1MWhFWg1Tp\/?mibextid=LQQJ4d","https:\/\/www.instagram.com\/fda_srl\/profilecard\/?igsh=YW5lbzJ6MWg0d21u","https:\/\/www.youtube.com\/@FDASRL_ANIMALCARE"],"description":"FDA SRL \u2013 Equipment for animal husbandry nasce con l\u2019obiettivo di offrire soluzioni affidabili e innovative per l\u2019allevamento moderno. Con anni di esperienza nel settore zootecnico, progettiamo e realizziamo attrezzature destinate al benessere animale e alla gestione efficiente delle stalle: vasche, abbeveratoi, mangiatoie e sistemi di riscaldamento pensati per durare nel tempo e semplificare il lavoro quotidiano degli allevatori. Dalla progettazione alla produzione, ogni nostro prodotto \u00e8 studiato nei minimi dettagli, testato con cura e costruito per rispondere alle esigenze reali del settore. La nostra forza \u00e8 unire artigianalit\u00e0, tecnologia e competenza tecnica per trasformare ogni progetto in una soluzione concreta e funzionale. Oggi FDA SRL \u00e8 un punto di riferimento per privati e rivenditori che cercano qualit\u00e0, affidabilit\u00e0 e innovazione nelle attrezzature per l\u2019allevamento.","email":"info@fdasrl.it","telephone":"+390522826820","legalName":"F.D.A. SRL","foundingDate":"2024-10-13","vatID":"03075840359","taxID":"03075840359","numberOfEmployees":{"@type":"QuantitativeValue","minValue":"1","maxValue":"10"}}]},"product_price_currency":"EUR","og_availability":"instock","product_availability":"instock","product_retailer_item_id":"FA-VS1","product_condition":"new"},"_links":{"self":[{"href":"https:\/\/fdasrl.it\/de\/wp-json\/wp\/v2\/product\/3612","targetHints":{"allow":["GET"]}}],"collection":[{"href":"https:\/\/fdasrl.it\/de\/wp-json\/wp\/v2\/product"}],"about":[{"href":"https:\/\/fdasrl.it\/de\/wp-json\/wp\/v2\/types\/product"}],"replies":[{"embeddable":true,"href":"https:\/\/fdasrl.it\/de\/wp-json\/wp\/v2\/comments?post=3612"}],"wp:featuredmedia":[{"embeddable":true,"href":"https:\/\/fdasrl.it\/de\/wp-json\/wp\/v2\/media\/369"}],"wp:attachment":[{"href":"https:\/\/fdasrl.it\/de\/wp-json\/wp\/v2\/media?parent=3612"}],"wp:term":[{"taxonomy":"product_brand","embeddable":true,"href":"https:\/\/fdasrl.it\/de\/wp-json\/wp\/v2\/product_brand?post=3612"},{"taxonomy":"product_cat","embeddable":true,"href":"https:\/\/fdasrl.it\/de\/wp-json\/wp\/v2\/product_cat?post=3612"},{"taxonomy":"product_tag","embeddable":true,"href":"https:\/\/fdasrl.it\/de\/wp-json\/wp\/v2\/product_tag?post=3612"}],"curies":[{"name":"wp","href":"https:\/\/api.w.org\/{rel}","templated":true}]}}