{"id":3616,"date":"2025-01-21T10:47:40","date_gmt":"2025-01-21T09:47:40","guid":{"rendered":"https:\/\/fdasrl.it\/prodotto\/automatische-edelstahl-traenkewanne-fuer-staelle\/"},"modified":"2025-01-21T10:47:40","modified_gmt":"2025-01-21T09:47:40","slug":"automatische-edelstahl-traenkewanne-fuer-staelle","status":"publish","type":"product","link":"https:\/\/fdasrl.it\/de\/prodotto\/automatische-edelstahl-traenkewanne-fuer-staelle\/","title":{"rendered":"AUTOMATISCHE EDELSTAHL-TR\u00c4NKEWANNE F\u00dcR ST\u00c4LLE"},"content":{"rendered":"<p>Die automatische Tr\u00e4nke mit konstantem F\u00fcllstand mit Wanne aus Edelstahl AISI 304 12\/10 mm ist konzipiert, um Ihren Tieren kontinuierlich sauberes und frisches Wasser bereitzustellen und die Einhaltung der Tierschutzvorschriften in landwirtschaftlichen Betrieben zu gew\u00e4hrleisten.<\/p>\n<h4><em>VERF\u00dcGBAR IN 3 VERSCHIEDENEN L\u00c4NGEN: 60 &#8211; 80 &#8211; 120 cm (senden Sie uns eine Anfrage per E-Mail oder rufen Sie uns an &#8211; <a href=\"https:\/\/fdasrl.it\/de\/kontakt\/#et_pb_contact_form_0\">siehe KONTAKT-Seite &#8211; HIER KLICKEN<\/a>)<\/em><\/h4>\n<p>Zu den technischen Eigenschaften geh\u00f6ren:<\/p>\n<ul>\n<li>Schwimmergeh\u00e4use auf der linken Seite.<\/li>\n<li>Wannenkapazit\u00e4t bei maximalem F\u00fcllstand 45 Liter.<\/li>\n<li>Schwimmer 3\/4&#8243; Au\u00dfengewinde, Geh\u00e4use aus ABS. Wasserdruck des in der Wanne enthaltenen Schwimmers bei maximaler Durchflussmenge von 0,5 bis 10 bar. <\/li>\n<li>3\/4-Zoll-Ablauf mit Hahn f\u00fcr schnelles Entleeren.<\/li>\n<li>Abmessungen: L\u00e4nge 80 cm x Tiefe 30 cm x H\u00f6he 20 cm. Gesamttiefe hinten 100 cm. Tr\u00e4nkefl\u00e4che 60 cm.  <\/li>\n<li>M\u00f6glichkeit der Wandmontage mittels Fischer-D\u00fcbel Durchmesser 12 mm f\u00fcr seitliche Verankerung.<\/li>\n<li>Gewicht 10,8 kg<\/li>\n<\/ul>\n<h3><strong>Wasserablauf \u00fcber den 3\/4-Zoll-Hahn f\u00fcr schnelles Entleeren der Wanne.<\/strong><\/h3>\n<h4>Zusammenfassend ist die automatische Tr\u00e4nke mit konstantem F\u00fcllstand aus Edelstahl AISI 304 eine zuverl\u00e4ssige und praktische L\u00f6sung, um eine angemessene Wasserversorgung Ihrer Tiere zu gew\u00e4hrleisten, ihr Wohlbefinden zu sichern und die geltenden Vorschriften im Agrarsektor einzuhalten.<\/h4>\n<h4><em>VERF\u00dcGBAR IN 3 VERSCHIEDENEN L\u00c4NGEN: 60 &#8211; 80 &#8211; 120 cm <\/em><em>(senden Sie uns eine Anfrage per E-Mail oder rufen Sie uns an &#8211; <a href=\"https:\/\/fdasrl.it\/de\/kontakt\/#et_pb_contact_form_0\">siehe KONTAKT-Seite &#8211; HIER KLICKEN<\/a>)<\/em><\/h4>\n<p>Kaufen Sie sie in unserem  <a href=\"https:\/\/fda-shop.it\/shop\/articoli-per-allevamento\/abbeveratoio-vasca-automatico-a-livello-costante\" target=\"_blank\" rel=\"noopener\">Online-Shop<\/a><\/p>\n","protected":false},"excerpt":{"rendered":"<p>Die automatische Tr\u00e4nke mit konstantem F\u00fcllstand aus Edelstahl AISI 304 12\/10 mm ist konzipiert, um Ihren Tieren kontinuierlich sauberes und frisches Wasser bereitzustellen und die Einhaltung der Tierschutzvorschriften in landwirtschaftlichen Betrieben zu gew\u00e4hrleisten.<\/p>\n","protected":false},"featured_media":667,"comment_status":"open","ping_status":"closed","template":"","meta":{"_et_pb_use_builder":"","_et_pb_old_content":"","_et_gb_content_width":""},"product_brand":[],"product_cat":[511,578,409,414,510,544],"product_tag":[884],"class_list":{"0":"post-3616","1":"product","2":"type-product","3":"status-publish","4":"has-post-thumbnail","6":"product_cat-edelstahlwannen-fur-stalle","7":"product_cat-pferde","8":"product_cat-rinder","9":"product_cat-schafe-und-ziegen","10":"product_cat-tranken","11":"product_cat-tranken-2","12":"product_tag-fa-vs2","14":"first","15":"instock","16":"shipping-taxable","17":"product-type-simple"},"yoast_head":"<!-- This site is optimized with the Yoast SEO Premium plugin v27.5 (Yoast SEO v27.5) - https:\/\/yoast.com\/product\/yoast-seo-premium-wordpress\/ -->\n<title>Automatische Edelstahl-Tr\u00e4nkewanne f\u00fcr St\u00e4lle mit Schwimmer<\/title>\n<meta name=\"description\" content=\"Sichern Sie frisches und sauberes Wasser f\u00fcr Ihre Tiere mit der automatischen Edelstahl-Tr\u00e4nkewanne f\u00fcr St\u00e4lle. Entdecken Sie alle technischen Eigenschaften!\" \/>\n<meta name=\"robots\" content=\"index, follow, max-snippet:-1, max-image-preview:large, max-video-preview:-1\" \/>\n<link rel=\"canonical\" href=\"https:\/\/fdasrl.it\/de\/prodotto\/automatische-edelstahl-traenkewanne-fuer-staelle\/\" \/>\n<meta property=\"og:locale\" content=\"de_DE\" \/>\n<meta property=\"og:type\" content=\"article\" \/>\n<meta property=\"og:title\" content=\"AUTOMATISCHE EDELSTAHL-TR\u00c4NKEWANNE F\u00dcR ST\u00c4LLE\" \/>\n<meta property=\"og:description\" content=\"Sichern Sie frisches und sauberes Wasser f\u00fcr Ihre Tiere mit der automatischen Edelstahl-Tr\u00e4nkewanne f\u00fcr St\u00e4lle. Entdecken Sie alle technischen Eigenschaften!\" \/>\n<meta property=\"og:url\" content=\"https:\/\/fdasrl.it\/de\/prodotto\/automatische-edelstahl-traenkewanne-fuer-staelle\/\" \/>\n<meta property=\"og:site_name\" content=\"FDA srl\" \/>\n<meta property=\"article:publisher\" content=\"https:\/\/www.facebook.com\/share\/1MWhFWg1Tp\/?mibextid=LQQJ4d\" \/>\n<meta property=\"og:image\" content=\"https:\/\/fdasrl.it\/wp-content\/uploads\/2025\/01\/Abbeveratoio-automatico-vasca-inox-stalla-equini-bovini-caprini-fa-v2.jpeg\" \/>\n\t<meta property=\"og:image:width\" content=\"1000\" \/>\n\t<meta property=\"og:image:height\" content=\"535\" \/>\n\t<meta property=\"og:image:type\" content=\"image\/jpeg\" \/>\n<meta name=\"twitter:card\" content=\"summary_large_image\" \/>\n<meta name=\"twitter:label1\" content=\"Preis\" \/>\n\t<meta name=\"twitter:data1\" content=\"\" \/>\n\t<meta name=\"twitter:label2\" content=\"Verf\u00fcgbarkeit\" \/>\n\t<meta name=\"twitter:data2\" content=\"Auf Lager\" \/>\n<meta property=\"product:price:currency\" content=\"EUR\" \/>\n<meta property=\"og:availability\" content=\"instock\" \/>\n<meta property=\"product:availability\" content=\"instock\" \/>\n<meta property=\"product:retailer_item_id\" content=\"FAVS2\" \/>\n<meta property=\"product:condition\" content=\"new\" \/>\n<!-- \/ Yoast SEO Premium plugin. -->","yoast_head_json":{"title":"Automatische Edelstahl-Tr\u00e4nkewanne f\u00fcr St\u00e4lle mit Schwimmer","description":"Sichern Sie frisches und sauberes Wasser f\u00fcr Ihre Tiere mit der automatischen Edelstahl-Tr\u00e4nkewanne f\u00fcr St\u00e4lle. Entdecken Sie alle technischen Eigenschaften!","robots":{"index":"index","follow":"follow","max-snippet":"max-snippet:-1","max-image-preview":"max-image-preview:large","max-video-preview":"max-video-preview:-1"},"canonical":"https:\/\/fdasrl.it\/de\/prodotto\/automatische-edelstahl-traenkewanne-fuer-staelle\/","og_locale":"de_DE","og_type":"article","og_title":"AUTOMATISCHE EDELSTAHL-TR\u00c4NKEWANNE F\u00dcR ST\u00c4LLE","og_description":"Sichern Sie frisches und sauberes Wasser f\u00fcr Ihre Tiere mit der automatischen Edelstahl-Tr\u00e4nkewanne f\u00fcr St\u00e4lle. Entdecken Sie alle technischen Eigenschaften!","og_url":"https:\/\/fdasrl.it\/de\/prodotto\/automatische-edelstahl-traenkewanne-fuer-staelle\/","og_site_name":"FDA srl","article_publisher":"https:\/\/www.facebook.com\/share\/1MWhFWg1Tp\/?mibextid=LQQJ4d","og_image":[{"width":1000,"height":535,"url":"https:\/\/fdasrl.it\/wp-content\/uploads\/2025\/01\/Abbeveratoio-automatico-vasca-inox-stalla-equini-bovini-caprini-fa-v2.jpeg","type":"image\/jpeg"}],"twitter_card":"summary_large_image","twitter_misc":{"Preis":"","Verf\u00fcgbarkeit":"Auf Lager"},"schema":{"@context":"https:\/\/schema.org","@graph":[{"@type":"WebPage","@id":"https:\/\/fdasrl.it\/de\/prodotto\/automatische-edelstahl-traenkewanne-fuer-staelle\/","url":"https:\/\/fdasrl.it\/de\/prodotto\/automatische-edelstahl-traenkewanne-fuer-staelle\/","name":"Automatische Edelstahl-Tr\u00e4nkewanne f\u00fcr St\u00e4lle mit Schwimmer","isPartOf":{"@id":"https:\/\/fdasrl.it\/de\/#website"},"primaryImageOfPage":{"@id":"https:\/\/fdasrl.it\/de\/prodotto\/automatische-edelstahl-traenkewanne-fuer-staelle\/#primaryimage"},"image":{"@id":"https:\/\/fdasrl.it\/de\/prodotto\/automatische-edelstahl-traenkewanne-fuer-staelle\/#primaryimage"},"thumbnailUrl":"https:\/\/fdasrl.it\/wp-content\/uploads\/2025\/01\/Abbeveratoio-automatico-vasca-inox-stalla-equini-bovini-caprini-fa-v2.jpeg","datePublished":"2025-01-21T09:47:40+00:00","description":"Sichern Sie frisches und sauberes Wasser f\u00fcr Ihre Tiere mit der automatischen Edelstahl-Tr\u00e4nkewanne f\u00fcr St\u00e4lle. Entdecken Sie alle technischen Eigenschaften!","breadcrumb":{"@id":"https:\/\/fdasrl.it\/de\/prodotto\/automatische-edelstahl-traenkewanne-fuer-staelle\/#breadcrumb"},"inLanguage":"de","potentialAction":[{"@type":"ReadAction","target":["https:\/\/fdasrl.it\/de\/prodotto\/automatische-edelstahl-traenkewanne-fuer-staelle\/"]}]},{"@type":"ImageObject","inLanguage":"de","@id":"https:\/\/fdasrl.it\/de\/prodotto\/automatische-edelstahl-traenkewanne-fuer-staelle\/#primaryimage","url":"https:\/\/fdasrl.it\/wp-content\/uploads\/2025\/01\/Abbeveratoio-automatico-vasca-inox-stalla-equini-bovini-caprini-fa-v2.jpeg","contentUrl":"https:\/\/fdasrl.it\/wp-content\/uploads\/2025\/01\/Abbeveratoio-automatico-vasca-inox-stalla-equini-bovini-caprini-fa-v2.jpeg","width":1000,"height":535,"caption":"Abbeveratoio automatico vasca inox con galleggiante automatico per stalla equini bovini caprini fav2"},{"@type":"BreadcrumbList","@id":"https:\/\/fdasrl.it\/de\/prodotto\/automatische-edelstahl-traenkewanne-fuer-staelle\/#breadcrumb","itemListElement":[{"@type":"ListItem","position":1,"name":"Home","item":"https:\/\/fdasrl.it\/de\/startseite\/"},{"@type":"ListItem","position":2,"name":"Shop","item":"https:\/\/fdasrl.it\/de\/shop\/"},{"@type":"ListItem","position":3,"name":"AUTOMATISCHE EDELSTAHL-TR\u00c4NKEWANNE F\u00dcR ST\u00c4LLE"}]},{"@type":"WebSite","@id":"https:\/\/fdasrl.it\/de\/#website","url":"https:\/\/fdasrl.it\/de\/","name":"FDA srl","description":"Equipment for animal husbandry","publisher":{"@id":"https:\/\/fdasrl.it\/de\/#organization"},"potentialAction":[{"@type":"SearchAction","target":{"@type":"EntryPoint","urlTemplate":"https:\/\/fdasrl.it\/de\/?s={search_term_string}"},"query-input":{"@type":"PropertyValueSpecification","valueRequired":true,"valueName":"search_term_string"}}],"inLanguage":"de"},{"@type":"Organization","@id":"https:\/\/fdasrl.it\/de\/#organization","name":"FDA srl","url":"https:\/\/fdasrl.it\/de\/","logo":{"@type":"ImageObject","inLanguage":"de","@id":"https:\/\/fdasrl.it\/de\/#\/schema\/logo\/image\/","url":"https:\/\/fdasrl.it\/wp-content\/uploads\/2024\/12\/Logo-FDA.png","contentUrl":"https:\/\/fdasrl.it\/wp-content\/uploads\/2024\/12\/Logo-FDA.png","width":316,"height":119,"caption":"FDA srl"},"image":{"@id":"https:\/\/fdasrl.it\/de\/#\/schema\/logo\/image\/"},"sameAs":["https:\/\/www.facebook.com\/share\/1MWhFWg1Tp\/?mibextid=LQQJ4d","https:\/\/www.instagram.com\/fda_srl\/profilecard\/?igsh=YW5lbzJ6MWg0d21u","https:\/\/www.youtube.com\/@FDASRL_ANIMALCARE"],"description":"FDA SRL \u2013 Equipment for animal husbandry nasce con l\u2019obiettivo di offrire soluzioni affidabili e innovative per l\u2019allevamento moderno. Con anni di esperienza nel settore zootecnico, progettiamo e realizziamo attrezzature destinate al benessere animale e alla gestione efficiente delle stalle: vasche, abbeveratoi, mangiatoie e sistemi di riscaldamento pensati per durare nel tempo e semplificare il lavoro quotidiano degli allevatori. Dalla progettazione alla produzione, ogni nostro prodotto \u00e8 studiato nei minimi dettagli, testato con cura e costruito per rispondere alle esigenze reali del settore. La nostra forza \u00e8 unire artigianalit\u00e0, tecnologia e competenza tecnica per trasformare ogni progetto in una soluzione concreta e funzionale. Oggi FDA SRL \u00e8 un punto di riferimento per privati e rivenditori che cercano qualit\u00e0, affidabilit\u00e0 e innovazione nelle attrezzature per l\u2019allevamento.","email":"info@fdasrl.it","telephone":"+390522826820","legalName":"F.D.A. SRL","foundingDate":"2024-10-13","vatID":"03075840359","taxID":"03075840359","numberOfEmployees":{"@type":"QuantitativeValue","minValue":"1","maxValue":"10"}}]},"product_price_currency":"EUR","og_availability":"instock","product_availability":"instock","product_retailer_item_id":"FAVS2","product_condition":"new"},"_links":{"self":[{"href":"https:\/\/fdasrl.it\/de\/wp-json\/wp\/v2\/product\/3616","targetHints":{"allow":["GET"]}}],"collection":[{"href":"https:\/\/fdasrl.it\/de\/wp-json\/wp\/v2\/product"}],"about":[{"href":"https:\/\/fdasrl.it\/de\/wp-json\/wp\/v2\/types\/product"}],"replies":[{"embeddable":true,"href":"https:\/\/fdasrl.it\/de\/wp-json\/wp\/v2\/comments?post=3616"}],"wp:featuredmedia":[{"embeddable":true,"href":"https:\/\/fdasrl.it\/de\/wp-json\/wp\/v2\/media\/667"}],"wp:attachment":[{"href":"https:\/\/fdasrl.it\/de\/wp-json\/wp\/v2\/media?parent=3616"}],"wp:term":[{"taxonomy":"product_brand","embeddable":true,"href":"https:\/\/fdasrl.it\/de\/wp-json\/wp\/v2\/product_brand?post=3616"},{"taxonomy":"product_cat","embeddable":true,"href":"https:\/\/fdasrl.it\/de\/wp-json\/wp\/v2\/product_cat?post=3616"},{"taxonomy":"product_tag","embeddable":true,"href":"https:\/\/fdasrl.it\/de\/wp-json\/wp\/v2\/product_tag?post=3616"}],"curies":[{"name":"wp","href":"https:\/\/api.w.org\/{rel}","templated":true}]}}