{"id":3636,"date":"2025-01-21T11:01:42","date_gmt":"2025-01-21T10:01:42","guid":{"rendered":"https:\/\/fdasrl.it\/prodotto\/automatisches-niederdruck-schwimmertraenkebecken-mit-klappbarer-wanne-aus-edelstahl-aisi-304\/"},"modified":"2025-01-21T11:01:42","modified_gmt":"2025-01-21T10:01:42","slug":"automatisches-niederdruck-schwimmertraenkebecken-mit-klappbarer-wanne-aus-edelstahl-aisi-304","status":"publish","type":"product","link":"https:\/\/fdasrl.it\/de\/prodotto\/automatisches-niederdruck-schwimmertraenkebecken-mit-klappbarer-wanne-aus-edelstahl-aisi-304\/","title":{"rendered":"Automatisches Niederdruck-Schwimmertr\u00e4nkebecken mit klappbarer Wanne aus Edelstahl AISI 304"},"content":{"rendered":"<p>Automatisches Niederdruck-Schwimmertr\u00e4nkebecken mit klappbarer Wanne aus Edelstahl AISI 304 FA-VSRP. <strong>Entwickelt, um eine kontinuierliche Versorgung mit sauberem und frischem Wasser f\u00fcr Rinder und Pferde zu gew\u00e4hrleisten.<\/strong><\/p>\n<h3><strong>In verschiedenen Gr\u00f6\u00dfen erh\u00e4ltlich, um jedem Bedarf gerecht zu werden:<\/strong><\/h3>\n<h4>&#8211; FA VSRP 1 L\u00c4NGE 1 Meter Wandmontage<\/h4>\n<p><strong>Technische Merkmale:<\/strong><\/p>\n<ul>\n<li>Schutzstruktur aus feuerverzinktem Rohr mit Platten zur Wandbefestigung (Ma\u00dfe: L\u00e4nge 130 cm, Breite 58 cm);<\/li>\n<li>Wanne 32 cm breit, 23 cm hoch, 100 cm lang; Tr\u00e4nkebereich 88 cm;<\/li>\n<li>Schwimmer \u00d8 3\/4 Au\u00dfengewinde, Ventilgeh\u00e4use aus ABS inklusive Vorfilter, Kugelk\u00f6rper aus PE, Kugel h\u00f6henverstellbar, Betriebsdruck 0,5 bis 12 bar, Durchflussmenge 50 Liter Wasser pro Minute bei 6 bar Betriebsdruck;<\/li>\n<li>Gewicht 45 kg.<\/li>\n<\/ul>\n<p>Kaufen Sie ihn in unserem <a href=\"https:\/\/fda-shop.it\/shop\/articoli-per-allevamento\/abbeveratoi\/abbeveratoio-automatico-a-parete-un-metro-ribaltabile\" target=\"_blank\" rel=\"noopener\">Online-Shop<\/a><\/p>\n<h4 class=\"content-title\">&#8211; FA VSRP 1.5 L\u00c4NGE 1,5 Meter Wandmontage<\/h4>\n<p>Automatisches Niederdruck-Schwimmertr\u00e4nkebecken mit klappbarer Wanne aus Edelstahl AISI 304. <strong>Technische Merkmale:<\/strong><\/p>\n<ul>\n<li>Schutzstruktur aus feuerverzinktem Rohr mit Platten zur Wandbefestigung (Ma\u00dfe: L\u00e4nge 180 cm, Breite 58 cm);<\/li>\n<li>Wanne 32 cm breit, 23 cm hoch, 150 cm lang;<\/li>\n<li>Tr\u00e4nkebereich 138 cm;<\/li>\n<li>Schwimmer \u00d8 3\/4 Au\u00dfengewinde, Ventilgeh\u00e4use aus ABS inklusive Vorfilter, Kugelk\u00f6rper aus PE, Kugel h\u00f6henverstellbar, Betriebsdruck 0,5 bis 12 bar, Durchflussmenge 50 Liter Wasser pro Minute bei 6 bar Betriebsdruck;<\/li>\n<li>Gewicht 45 kg.<\/li>\n<\/ul>\n<p>Kaufen Sie ihn in unserem <a href=\"https:\/\/fda-shop.it\/shop\/articoli-per-allevamento\/abbeveratoi\/abbeveratoio-automatico-a-parete-un-metro-mezzo-ribaltabile\" target=\"_blank\" rel=\"noopener\">Online-Shop<\/a><\/p>\n<h4 class=\"content-title\">&#8211; FA VSRP 2 L\u00c4NGE 2 Meter Wandmontage<\/h4>\n<p>Automatisches Niederdruck-Schwimmertr\u00e4nkebecken mit klappbarer Wanne aus Edelstahl AISI 304. <strong>Technische Merkmale:<\/strong><\/p>\n<ul>\n<li>Schutzstruktur aus feuerverzinktem Rohr mit Platten zur Wandbefestigung (Ma\u00dfe: L\u00e4nge 230 cm, Breite 58 cm);<\/li>\n<li>Wanne 32 cm breit, 23 cm hoch, 200 cm lang;<\/li>\n<li>Tr\u00e4nkebereich 188 cm;<\/li>\n<li>Schwimmer \u00d8 3\/4 Au\u00dfengewinde, Ventilgeh\u00e4use aus ABS inklusive Vorfilter, Kugelk\u00f6rper aus PE, Kugel h\u00f6henverstellbar, Betriebsdruck 0,5 bis 12 bar, Durchflussmenge 50 Liter Wasser pro Minute bei 6 bar Betriebsdruck;<\/li>\n<li>Gewicht 54 kg.<\/li>\n<\/ul>\n<p>Kaufen Sie ihn in unserem <a href=\"https:\/\/fda-shop.it\/shop\/articoli-per-allevamento\/abbeveratoi\/abbeveratoio-automatico-a-parete-due-metri-ribaltabile\" target=\"_blank\" rel=\"noopener\">Online-Shop<\/a><\/p>\n<p>TECHNISCHE DATENBL\u00c4TTER HERUNTERLADEN:<\/p>\n<ul>\n<li><a href=\"http:\/\/content\/uploads\/2025\/05\/SCHEDA_TECNICA__E_RICAMBI_VASCA_RIBALTABILE_A_PARETE_MT_10.pdf\">KLAPPBARE WANNE 1 M &#8211; DOWNLOAD<\/a><\/li>\n<li><a href=\"http:\/\/content\/uploads\/2025\/05\/SCHEDA_TECNICA__E_RICAMBI_VASCA_RIBALTABILE_A_PARETE_MT_15.pdf\">KLAPPBARE WANNE 1,5 M &#8211; DOWNLOAD<\/a><\/li>\n<li><a href=\"http:\/\/content\/uploads\/2025\/05\/SCHEDA_TECNICA__E_RICAMBI_VASCA_RIBALTABILE_A_PARETE_MT_20.pdf\">KLAPPBARE WANNE 2 M &#8211; DOWNLOAD<\/a><\/li>\n<\/ul>\n","protected":false},"excerpt":{"rendered":"<p>Automatisches Niederdruck-Schwimmertr\u00e4nkebecken FA-VSRP aus Edelstahl AISI 304, mit klappbarer Wanne und verstellbarem Schwimmer. Erh\u00e4ltlich in L\u00e4ngen von 1, 1,5 und 2 Metern f\u00fcr Rinder und Pferde. Garantiert sauberes und frisches Wasser mit einer Durchflussrate von bis zu 50 l\/min bei 6 bar. Feuerverzinkte Struktur f\u00fcr maximale Widerstandsf\u00e4higkeit.   <\/p>\n","protected":false},"featured_media":384,"comment_status":"open","ping_status":"closed","template":"","meta":{"_et_pb_use_builder":"off","_et_pb_old_content":"Automatisches Niederdruck-Schwimmertr\u00e4nkebecken mit klappbarer Wanne aus Edelstahl AISI 304 FA-VSRP. <strong>Entwickelt, um eine kontinuierliche Versorgung mit sauberem und frischem Wasser f\u00fcr Rinder und Pferde zu gew\u00e4hrleisten.<\/strong>\n<h3><strong>In verschiedenen Gr\u00f6\u00dfen erh\u00e4ltlich, um jedem Bedarf gerecht zu werden:<\/strong><\/h3>\n<h4>- FA VSRP 1 L\u00c4NGE 1 Meter Wandmontage<\/h4>\n<strong>Technische Merkmale:<\/strong>\n<ul>\n \t<li>Schutzstruktur aus feuerverzinktem Rohr mit Platten zur Wandbefestigung (Ma\u00dfe: L\u00e4nge 130 cm, Breite 58 cm);<\/li>\n \t<li>Wanne 32 cm breit, 23 cm hoch, 100 cm lang;\nTr\u00e4nkebereich 88 cm;<\/li>\n \t<li>Schwimmer \u00d8 3\/4 Au\u00dfengewinde, Ventilgeh\u00e4use aus ABS inklusive Vorfilter, Kugelk\u00f6rper aus PE, Kugel h\u00f6henverstellbar, Betriebsdruck 0,5 bis 12 bar, Durchflussmenge 50 Liter Wasser pro Minute bei 6 bar Betriebsdruck;<\/li>\n \t<li>Gewicht 45 kg.<\/li>\n<\/ul>\nKaufen Sie ihn in unserem <a href=\"https:\/\/fda-shop.it\/shop\/articoli-per-allevamento\/abbeveratoi\/abbeveratoio-automatico-a-parete-un-metro-ribaltabile\" target=\"_blank\" rel=\"noopener\">Online-Shop<\/a>\n<h4 class=\"content-title\">- FA VSRP 1.5 L\u00c4NGE 1,5 Meter Wandmontage<\/h4>\nAutomatisches Niederdruck-Schwimmertr\u00e4nkebecken mit klappbarer Wanne aus Edelstahl AISI 304.\n\n<strong>Technische Merkmale:<\/strong>\n<ul>\n \t<li>Schutzstruktur aus feuerverzinktem Rohr mit Platten zur Wandbefestigung (Ma\u00dfe: L\u00e4nge 180 cm, Breite 58 cm);<\/li>\n \t<li>Wanne 32 cm breit, 23 cm hoch, 150 cm lang;<\/li>\n \t<li>Tr\u00e4nkebereich 138 cm;<\/li>\n \t<li>Schwimmer \u00d8 3\/4 Au\u00dfengewinde, Ventilgeh\u00e4use aus ABS inklusive Vorfilter, Kugelk\u00f6rper aus PE, Kugel h\u00f6henverstellbar, Betriebsdruck 0,5 bis 12 bar, Durchflussmenge 50 Liter Wasser pro Minute bei 6 bar Betriebsdruck;<\/li>\n \t<li>Gewicht 45 kg.<\/li>\n<\/ul>\nKaufen Sie ihn in unserem <a href=\"https:\/\/fda-shop.it\/shop\/articoli-per-allevamento\/abbeveratoi\/abbeveratoio-automatico-a-parete-un-metro-mezzo-ribaltabile\" target=\"_blank\" rel=\"noopener\">Online-Shop<\/a>\n<h4 class=\"content-title\">- FA VSRP 2 L\u00c4NGE 2 Meter Wandmontage<\/h4>\nAutomatisches Niederdruck-Schwimmertr\u00e4nkebecken mit klappbarer Wanne aus Edelstahl AISI 304.\n\n<strong>Technische Merkmale:<\/strong>\n<ul>\n \t<li>Schutzstruktur aus feuerverzinktem Rohr mit Platten zur Wandbefestigung (Ma\u00dfe: L\u00e4nge 230 cm, Breite 58 cm);<\/li>\n \t<li>Wanne 32 cm breit, 23 cm hoch, 200 cm lang;<\/li>\n \t<li>Tr\u00e4nkebereich 188 cm;<\/li>\n \t<li>Schwimmer \u00d8 3\/4 Au\u00dfengewinde, Ventilgeh\u00e4use aus ABS inklusive Vorfilter, Kugelk\u00f6rper aus PE, Kugel h\u00f6henverstellbar, Betriebsdruck 0,5 bis 12 bar, Durchflussmenge 50 Liter Wasser pro Minute bei 6 bar Betriebsdruck;<\/li>\n \t<li>Gewicht 54 kg.<\/li>\n<\/ul>\nKaufen Sie ihn in unserem <a href=\"https:\/\/fda-shop.it\/shop\/articoli-per-allevamento\/abbeveratoi\/abbeveratoio-automatico-a-parete-due-metri-ribaltabile\" target=\"_blank\" rel=\"noopener\">Online-Shop<\/a>","_et_gb_content_width":""},"product_brand":[],"product_cat":[511,578,409,544,510],"product_tag":[887],"class_list":{"0":"post-3636","1":"product","2":"type-product","3":"status-publish","4":"has-post-thumbnail","6":"product_cat-edelstahlwannen-fur-stalle","7":"product_cat-pferde","8":"product_cat-rinder","9":"product_cat-tranken-2","10":"product_cat-tranken","11":"product_tag-fa-vsrp","13":"first","14":"instock","15":"shipping-taxable","16":"product-type-simple"},"yoast_head":"<!-- This site is optimized with the Yoast SEO Premium plugin v27.5 (Yoast SEO v27.5) - https:\/\/yoast.com\/product\/yoast-seo-premium-wordpress\/ -->\n<title>Automatisches Tr\u00e4nkebecken mit klappbarer Wanne: frisches Wasser - FDA srl<\/title>\n<meta name=\"description\" content=\"Automatisches Niederdruck-Schwimmertr\u00e4nkebecken FA-VSRP aus Edelstahl AISI 304, mit klappbarer Wanne und verstellbarem Schwimmer. Erh\u00e4ltlich in L\u00e4ngen von 1, 1,5 und 2 Metern f\u00fcr Rinder und Pferde. Garantiert sauberes und frisches Wasser mit einer Durchflussrate von bis zu 50 l\/min bei 6 bar. Feuerverzinkte Struktur f\u00fcr maximale Widerstandsf\u00e4higkeit.\" \/>\n<meta name=\"robots\" content=\"index, follow, max-snippet:-1, max-image-preview:large, max-video-preview:-1\" \/>\n<link rel=\"canonical\" href=\"https:\/\/fdasrl.it\/de\/prodotto\/automatisches-niederdruck-schwimmertraenkebecken-mit-klappbarer-wanne-aus-edelstahl-aisi-304\/\" \/>\n<meta property=\"og:locale\" content=\"de_DE\" \/>\n<meta property=\"og:type\" content=\"article\" \/>\n<meta property=\"og:title\" content=\"Automatisches Niederdruck-Schwimmertr\u00e4nkebecken mit klappbarer Wanne aus Edelstahl AISI 304\" \/>\n<meta property=\"og:description\" content=\"Automatisches Niederdruck-Schwimmertr\u00e4nkebecken FA-VSRP aus Edelstahl AISI 304, mit klappbarer Wanne und verstellbarem Schwimmer. Erh\u00e4ltlich in L\u00e4ngen von 1, 1,5 und 2 Metern f\u00fcr Rinder und Pferde. Garantiert sauberes und frisches Wasser mit einer Durchflussrate von bis zu 50 l\/min bei 6 bar. Feuerverzinkte Struktur f\u00fcr maximale Widerstandsf\u00e4higkeit.\" \/>\n<meta property=\"og:url\" content=\"https:\/\/fdasrl.it\/de\/prodotto\/automatisches-niederdruck-schwimmertraenkebecken-mit-klappbarer-wanne-aus-edelstahl-aisi-304\/\" \/>\n<meta property=\"og:site_name\" content=\"FDA srl\" \/>\n<meta property=\"article:publisher\" content=\"https:\/\/www.facebook.com\/share\/1MWhFWg1Tp\/?mibextid=LQQJ4d\" \/>\n<meta property=\"og:image\" content=\"https:\/\/fdasrl.it\/wp-content\/uploads\/2025\/01\/FA-VSRP1_1.jpg\" \/>\n\t<meta property=\"og:image:width\" content=\"730\" \/>\n\t<meta property=\"og:image:height\" content=\"433\" \/>\n\t<meta property=\"og:image:type\" content=\"image\/jpeg\" \/>\n<meta name=\"twitter:card\" content=\"summary_large_image\" \/>\n<meta name=\"twitter:label1\" content=\"Preis\" \/>\n\t<meta name=\"twitter:data1\" content=\"\" \/>\n\t<meta name=\"twitter:label2\" content=\"Verf\u00fcgbarkeit\" \/>\n\t<meta name=\"twitter:data2\" content=\"Auf Lager\" \/>\n<meta property=\"product:price:currency\" content=\"EUR\" \/>\n<meta property=\"og:availability\" content=\"instock\" \/>\n<meta property=\"product:availability\" content=\"instock\" \/>\n<meta property=\"product:retailer_item_id\" content=\"FAVSRP\" \/>\n<meta property=\"product:condition\" content=\"new\" \/>\n<!-- \/ Yoast SEO Premium plugin. -->","yoast_head_json":{"title":"Automatisches Tr\u00e4nkebecken mit klappbarer Wanne: frisches Wasser - FDA srl","description":"Automatisches Niederdruck-Schwimmertr\u00e4nkebecken FA-VSRP aus Edelstahl AISI 304, mit klappbarer Wanne und verstellbarem Schwimmer. Erh\u00e4ltlich in L\u00e4ngen von 1, 1,5 und 2 Metern f\u00fcr Rinder und Pferde. Garantiert sauberes und frisches Wasser mit einer Durchflussrate von bis zu 50 l\/min bei 6 bar. Feuerverzinkte Struktur f\u00fcr maximale Widerstandsf\u00e4higkeit.","robots":{"index":"index","follow":"follow","max-snippet":"max-snippet:-1","max-image-preview":"max-image-preview:large","max-video-preview":"max-video-preview:-1"},"canonical":"https:\/\/fdasrl.it\/de\/prodotto\/automatisches-niederdruck-schwimmertraenkebecken-mit-klappbarer-wanne-aus-edelstahl-aisi-304\/","og_locale":"de_DE","og_type":"article","og_title":"Automatisches Niederdruck-Schwimmertr\u00e4nkebecken mit klappbarer Wanne aus Edelstahl AISI 304","og_description":"Automatisches Niederdruck-Schwimmertr\u00e4nkebecken FA-VSRP aus Edelstahl AISI 304, mit klappbarer Wanne und verstellbarem Schwimmer. Erh\u00e4ltlich in L\u00e4ngen von 1, 1,5 und 2 Metern f\u00fcr Rinder und Pferde. Garantiert sauberes und frisches Wasser mit einer Durchflussrate von bis zu 50 l\/min bei 6 bar. Feuerverzinkte Struktur f\u00fcr maximale Widerstandsf\u00e4higkeit.","og_url":"https:\/\/fdasrl.it\/de\/prodotto\/automatisches-niederdruck-schwimmertraenkebecken-mit-klappbarer-wanne-aus-edelstahl-aisi-304\/","og_site_name":"FDA srl","article_publisher":"https:\/\/www.facebook.com\/share\/1MWhFWg1Tp\/?mibextid=LQQJ4d","og_image":[{"width":730,"height":433,"url":"https:\/\/fdasrl.it\/wp-content\/uploads\/2025\/01\/FA-VSRP1_1.jpg","type":"image\/jpeg"}],"twitter_card":"summary_large_image","twitter_misc":{"Preis":"","Verf\u00fcgbarkeit":"Auf Lager"},"schema":{"@context":"https:\/\/schema.org","@graph":[{"@type":"WebPage","@id":"https:\/\/fdasrl.it\/de\/prodotto\/automatisches-niederdruck-schwimmertraenkebecken-mit-klappbarer-wanne-aus-edelstahl-aisi-304\/","url":"https:\/\/fdasrl.it\/de\/prodotto\/automatisches-niederdruck-schwimmertraenkebecken-mit-klappbarer-wanne-aus-edelstahl-aisi-304\/","name":"Automatisches Tr\u00e4nkebecken mit klappbarer Wanne: frisches Wasser - FDA srl","isPartOf":{"@id":"https:\/\/fdasrl.it\/de\/#website"},"primaryImageOfPage":{"@id":"https:\/\/fdasrl.it\/de\/prodotto\/automatisches-niederdruck-schwimmertraenkebecken-mit-klappbarer-wanne-aus-edelstahl-aisi-304\/#primaryimage"},"image":{"@id":"https:\/\/fdasrl.it\/de\/prodotto\/automatisches-niederdruck-schwimmertraenkebecken-mit-klappbarer-wanne-aus-edelstahl-aisi-304\/#primaryimage"},"thumbnailUrl":"https:\/\/fdasrl.it\/wp-content\/uploads\/2025\/01\/FA-VSRP1_1.jpg","datePublished":"2025-01-21T10:01:42+00:00","description":"Automatisches Niederdruck-Schwimmertr\u00e4nkebecken FA-VSRP aus Edelstahl AISI 304, mit klappbarer Wanne und verstellbarem Schwimmer. Erh\u00e4ltlich in L\u00e4ngen von 1, 1,5 und 2 Metern f\u00fcr Rinder und Pferde. Garantiert sauberes und frisches Wasser mit einer Durchflussrate von bis zu 50 l\/min bei 6 bar. Feuerverzinkte Struktur f\u00fcr maximale Widerstandsf\u00e4higkeit.","breadcrumb":{"@id":"https:\/\/fdasrl.it\/de\/prodotto\/automatisches-niederdruck-schwimmertraenkebecken-mit-klappbarer-wanne-aus-edelstahl-aisi-304\/#breadcrumb"},"inLanguage":"de","potentialAction":[{"@type":"ReadAction","target":["https:\/\/fdasrl.it\/de\/prodotto\/automatisches-niederdruck-schwimmertraenkebecken-mit-klappbarer-wanne-aus-edelstahl-aisi-304\/"]}]},{"@type":"ImageObject","inLanguage":"de","@id":"https:\/\/fdasrl.it\/de\/prodotto\/automatisches-niederdruck-schwimmertraenkebecken-mit-klappbarer-wanne-aus-edelstahl-aisi-304\/#primaryimage","url":"https:\/\/fdasrl.it\/wp-content\/uploads\/2025\/01\/FA-VSRP1_1.jpg","contentUrl":"https:\/\/fdasrl.it\/wp-content\/uploads\/2025\/01\/FA-VSRP1_1.jpg","width":730,"height":433},{"@type":"BreadcrumbList","@id":"https:\/\/fdasrl.it\/de\/prodotto\/automatisches-niederdruck-schwimmertraenkebecken-mit-klappbarer-wanne-aus-edelstahl-aisi-304\/#breadcrumb","itemListElement":[{"@type":"ListItem","position":1,"name":"Home","item":"https:\/\/fdasrl.it\/de\/startseite\/"},{"@type":"ListItem","position":2,"name":"Shop","item":"https:\/\/fdasrl.it\/de\/shop\/"},{"@type":"ListItem","position":3,"name":"Automatisches Niederdruck-Schwimmertr\u00e4nkebecken mit klappbarer Wanne aus Edelstahl AISI 304"}]},{"@type":"WebSite","@id":"https:\/\/fdasrl.it\/de\/#website","url":"https:\/\/fdasrl.it\/de\/","name":"FDA srl","description":"Equipment for animal husbandry","publisher":{"@id":"https:\/\/fdasrl.it\/de\/#organization"},"potentialAction":[{"@type":"SearchAction","target":{"@type":"EntryPoint","urlTemplate":"https:\/\/fdasrl.it\/de\/?s={search_term_string}"},"query-input":{"@type":"PropertyValueSpecification","valueRequired":true,"valueName":"search_term_string"}}],"inLanguage":"de"},{"@type":"Organization","@id":"https:\/\/fdasrl.it\/de\/#organization","name":"FDA srl","url":"https:\/\/fdasrl.it\/de\/","logo":{"@type":"ImageObject","inLanguage":"de","@id":"https:\/\/fdasrl.it\/de\/#\/schema\/logo\/image\/","url":"https:\/\/fdasrl.it\/wp-content\/uploads\/2024\/12\/Logo-FDA.png","contentUrl":"https:\/\/fdasrl.it\/wp-content\/uploads\/2024\/12\/Logo-FDA.png","width":316,"height":119,"caption":"FDA srl"},"image":{"@id":"https:\/\/fdasrl.it\/de\/#\/schema\/logo\/image\/"},"sameAs":["https:\/\/www.facebook.com\/share\/1MWhFWg1Tp\/?mibextid=LQQJ4d","https:\/\/www.instagram.com\/fda_srl\/profilecard\/?igsh=YW5lbzJ6MWg0d21u","https:\/\/www.youtube.com\/@FDASRL_ANIMALCARE"],"description":"FDA SRL \u2013 Equipment for animal husbandry nasce con l\u2019obiettivo di offrire soluzioni affidabili e innovative per l\u2019allevamento moderno. Con anni di esperienza nel settore zootecnico, progettiamo e realizziamo attrezzature destinate al benessere animale e alla gestione efficiente delle stalle: vasche, abbeveratoi, mangiatoie e sistemi di riscaldamento pensati per durare nel tempo e semplificare il lavoro quotidiano degli allevatori. Dalla progettazione alla produzione, ogni nostro prodotto \u00e8 studiato nei minimi dettagli, testato con cura e costruito per rispondere alle esigenze reali del settore. La nostra forza \u00e8 unire artigianalit\u00e0, tecnologia e competenza tecnica per trasformare ogni progetto in una soluzione concreta e funzionale. Oggi FDA SRL \u00e8 un punto di riferimento per privati e rivenditori che cercano qualit\u00e0, affidabilit\u00e0 e innovazione nelle attrezzature per l\u2019allevamento.","email":"info@fdasrl.it","telephone":"+390522826820","legalName":"F.D.A. SRL","foundingDate":"2024-10-13","vatID":"03075840359","taxID":"03075840359","numberOfEmployees":{"@type":"QuantitativeValue","minValue":"1","maxValue":"10"}}]},"product_price_currency":"EUR","og_availability":"instock","product_availability":"instock","product_retailer_item_id":"FAVSRP","product_condition":"new"},"_links":{"self":[{"href":"https:\/\/fdasrl.it\/de\/wp-json\/wp\/v2\/product\/3636","targetHints":{"allow":["GET"]}}],"collection":[{"href":"https:\/\/fdasrl.it\/de\/wp-json\/wp\/v2\/product"}],"about":[{"href":"https:\/\/fdasrl.it\/de\/wp-json\/wp\/v2\/types\/product"}],"replies":[{"embeddable":true,"href":"https:\/\/fdasrl.it\/de\/wp-json\/wp\/v2\/comments?post=3636"}],"wp:featuredmedia":[{"embeddable":true,"href":"https:\/\/fdasrl.it\/de\/wp-json\/wp\/v2\/media\/384"}],"wp:attachment":[{"href":"https:\/\/fdasrl.it\/de\/wp-json\/wp\/v2\/media?parent=3636"}],"wp:term":[{"taxonomy":"product_brand","embeddable":true,"href":"https:\/\/fdasrl.it\/de\/wp-json\/wp\/v2\/product_brand?post=3636"},{"taxonomy":"product_cat","embeddable":true,"href":"https:\/\/fdasrl.it\/de\/wp-json\/wp\/v2\/product_cat?post=3636"},{"taxonomy":"product_tag","embeddable":true,"href":"https:\/\/fdasrl.it\/de\/wp-json\/wp\/v2\/product_tag?post=3636"}],"curies":[{"name":"wp","href":"https:\/\/api.w.org\/{rel}","templated":true}]}}