{"id":3687,"date":"2025-01-21T12:02:15","date_gmt":"2025-01-21T11:02:15","guid":{"rendered":"https:\/\/fdasrl.it\/prodotto\/eck-futtertrog-mit-futtersparrand-fuer-pferdestall\/"},"modified":"2025-01-21T12:02:15","modified_gmt":"2025-01-21T11:02:15","slug":"eck-futtertrog-mit-futtersparrand-fuer-pferdestall","status":"publish","type":"product","link":"https:\/\/fdasrl.it\/de\/prodotto\/eck-futtertrog-mit-futtersparrand-fuer-pferdestall\/","title":{"rendered":"Eck-Futtertrog mit Futtersparrand f\u00fcr Pferdestall"},"content":{"rendered":"<p>Eck-Futtertrog mit Futtersparrand aus verzinktem Metall, ideal f\u00fcr Pferdestall. Mit Ablassstopfen am Boden zur Reinigung. Farbe gr\u00fcn.  <\/p>\n<p>Der Eck-Futtertrog f\u00fcr Pferdestall FA-MA4 ist sehr praktisch und robust.<\/p>\n<p>Eigenschaften:<\/p>\n<p>-aus kratzfestem Polyethylen gefertigt<\/p>\n<p>-Fassungsverm\u00f6gen <strong>24<\/strong> L<\/p>\n<p>-Futtersparrand aus verzinktem Schwermetall<\/p>\n<p>-Ablassstopfen am Boden zur Reinigung.<\/p>\n<p>-Produkt von ausgezeichneter Qualit\u00e4t<\/p>\n<p><strong>ABMESSUNGEN<\/strong>: Breite 44 cm, L\u00e4nge 59 cm und H\u00f6he 30 cm<\/p>\n","protected":false},"excerpt":{"rendered":"<p>Eck-Futtertrog mit Futtersparrand aus verzinktem Metall, ideal f\u00fcr Pferdestall. Mit Ablassstopfen am Boden zur Reinigung. Farbe gr\u00fcn. Der Eck-Futtertrog f\u00fcr Pferdestall FA-MA4 ist sehr praktisch und robust. Eigenschaften: -aus kratzfestem Polyethylen gefertigt -Fassungsverm\u00f6gen 24 L -Futtersparrand aus verzinktem Schwermetall -Ablassstopfen am Boden zur Reinigung. -Produkt von ausgezeichneter Qualit\u00e4t ABMESSUNGEN: Breite 44 cm, L\u00e4nge 59 cm [&hellip;]<\/p>\n","protected":false},"featured_media":640,"comment_status":"open","ping_status":"closed","template":"","meta":{"_et_pb_use_builder":"","_et_pb_old_content":"","_et_gb_content_width":""},"product_brand":[],"product_cat":[742,578],"product_tag":[893],"class_list":{"0":"post-3687","1":"product","2":"type-product","3":"status-publish","4":"has-post-thumbnail","6":"product_cat-futtertroge","7":"product_cat-pferde","8":"product_tag-fa-ma4","10":"first","11":"instock","12":"shipping-taxable","13":"product-type-simple"},"yoast_head":"<!-- This site is optimized with the Yoast SEO Premium plugin v27.5 (Yoast SEO v27.6) - https:\/\/yoast.com\/product\/yoast-seo-premium-wordpress\/ -->\n<title>Eck-Futtertrog mit Futtersparrand f\u00fcr Pferdestall - FDA srl<\/title>\n<meta name=\"description\" content=\"Eck-Futtertrog mit Futtersparrand aus verzinktem Metall, ideal f\u00fcr Pferdestall. Mit Ablassstopfen am Boden zur Reinigung. Farbe gr\u00fcn. Der Eck-Futtertrog\" \/>\n<meta name=\"robots\" content=\"index, follow, max-snippet:-1, max-image-preview:large, max-video-preview:-1\" \/>\n<link rel=\"canonical\" href=\"https:\/\/fdasrl.it\/de\/prodotto\/eck-futtertrog-mit-futtersparrand-fuer-pferdestall\/\" \/>\n<meta property=\"og:locale\" content=\"de_DE\" \/>\n<meta property=\"og:type\" content=\"article\" \/>\n<meta property=\"og:title\" content=\"Eck-Futtertrog mit Futtersparrand f\u00fcr Pferdestall\" \/>\n<meta property=\"og:description\" content=\"Eck-Futtertrog mit Futtersparrand aus verzinktem Metall, ideal f\u00fcr Pferdestall. Mit Ablassstopfen am Boden zur Reinigung. Farbe gr\u00fcn. Der Eck-Futtertrog\" \/>\n<meta property=\"og:url\" content=\"https:\/\/fdasrl.it\/de\/prodotto\/eck-futtertrog-mit-futtersparrand-fuer-pferdestall\/\" \/>\n<meta property=\"og:site_name\" content=\"FDA srl\" \/>\n<meta property=\"article:publisher\" content=\"https:\/\/www.facebook.com\/share\/1MWhFWg1Tp\/?mibextid=LQQJ4d\" \/>\n<meta property=\"og:image\" content=\"https:\/\/fdasrl.it\/wp-content\/uploads\/2025\/01\/mangiatoia-angolare-bordo-metallo-pesante-zincato-fa-ma4.png\" \/>\n\t<meta property=\"og:image:width\" content=\"1400\" \/>\n\t<meta property=\"og:image:height\" content=\"1400\" \/>\n\t<meta property=\"og:image:type\" content=\"image\/png\" \/>\n<meta name=\"twitter:card\" content=\"summary_large_image\" \/>\n<meta name=\"twitter:label1\" content=\"Preis\" \/>\n\t<meta name=\"twitter:data1\" content=\"\" \/>\n\t<meta name=\"twitter:label2\" content=\"Verf\u00fcgbarkeit\" \/>\n\t<meta name=\"twitter:data2\" content=\"Auf Lager\" \/>\n<meta property=\"product:price:currency\" content=\"EUR\" \/>\n<meta property=\"og:availability\" content=\"instock\" \/>\n<meta property=\"product:availability\" content=\"instock\" \/>\n<meta property=\"product:retailer_item_id\" content=\"FA-MA4\" \/>\n<meta property=\"product:condition\" content=\"new\" \/>\n<!-- \/ Yoast SEO Premium plugin. -->","yoast_head_json":{"title":"Eck-Futtertrog mit Futtersparrand f\u00fcr Pferdestall - FDA srl","description":"Eck-Futtertrog mit Futtersparrand aus verzinktem Metall, ideal f\u00fcr Pferdestall. Mit Ablassstopfen am Boden zur Reinigung. Farbe gr\u00fcn. Der Eck-Futtertrog","robots":{"index":"index","follow":"follow","max-snippet":"max-snippet:-1","max-image-preview":"max-image-preview:large","max-video-preview":"max-video-preview:-1"},"canonical":"https:\/\/fdasrl.it\/de\/prodotto\/eck-futtertrog-mit-futtersparrand-fuer-pferdestall\/","og_locale":"de_DE","og_type":"article","og_title":"Eck-Futtertrog mit Futtersparrand f\u00fcr Pferdestall","og_description":"Eck-Futtertrog mit Futtersparrand aus verzinktem Metall, ideal f\u00fcr Pferdestall. Mit Ablassstopfen am Boden zur Reinigung. Farbe gr\u00fcn. Der Eck-Futtertrog","og_url":"https:\/\/fdasrl.it\/de\/prodotto\/eck-futtertrog-mit-futtersparrand-fuer-pferdestall\/","og_site_name":"FDA srl","article_publisher":"https:\/\/www.facebook.com\/share\/1MWhFWg1Tp\/?mibextid=LQQJ4d","og_image":[{"width":1400,"height":1400,"url":"https:\/\/fdasrl.it\/wp-content\/uploads\/2025\/01\/mangiatoia-angolare-bordo-metallo-pesante-zincato-fa-ma4.png","type":"image\/png"}],"twitter_card":"summary_large_image","twitter_misc":{"Preis":"","Verf\u00fcgbarkeit":"Auf Lager"},"schema":{"@context":"https:\/\/schema.org","@graph":[{"@type":"WebPage","@id":"https:\/\/fdasrl.it\/de\/prodotto\/eck-futtertrog-mit-futtersparrand-fuer-pferdestall\/","url":"https:\/\/fdasrl.it\/de\/prodotto\/eck-futtertrog-mit-futtersparrand-fuer-pferdestall\/","name":"Eck-Futtertrog mit Futtersparrand f\u00fcr Pferdestall - FDA srl","isPartOf":{"@id":"https:\/\/fdasrl.it\/de\/#website"},"primaryImageOfPage":{"@id":"https:\/\/fdasrl.it\/de\/prodotto\/eck-futtertrog-mit-futtersparrand-fuer-pferdestall\/#primaryimage"},"image":{"@id":"https:\/\/fdasrl.it\/de\/prodotto\/eck-futtertrog-mit-futtersparrand-fuer-pferdestall\/#primaryimage"},"thumbnailUrl":"https:\/\/fdasrl.it\/wp-content\/uploads\/2025\/01\/mangiatoia-angolare-bordo-metallo-pesante-zincato-fa-ma4.png","datePublished":"2025-01-21T11:02:15+00:00","description":"Eck-Futtertrog mit Futtersparrand aus verzinktem Metall, ideal f\u00fcr Pferdestall. Mit Ablassstopfen am Boden zur Reinigung. Farbe gr\u00fcn. Der Eck-Futtertrog","breadcrumb":{"@id":"https:\/\/fdasrl.it\/de\/prodotto\/eck-futtertrog-mit-futtersparrand-fuer-pferdestall\/#breadcrumb"},"inLanguage":"de","potentialAction":[{"@type":"ReadAction","target":["https:\/\/fdasrl.it\/de\/prodotto\/eck-futtertrog-mit-futtersparrand-fuer-pferdestall\/"]}]},{"@type":"ImageObject","inLanguage":"de","@id":"https:\/\/fdasrl.it\/de\/prodotto\/eck-futtertrog-mit-futtersparrand-fuer-pferdestall\/#primaryimage","url":"https:\/\/fdasrl.it\/wp-content\/uploads\/2025\/01\/mangiatoia-angolare-bordo-metallo-pesante-zincato-fa-ma4.png","contentUrl":"https:\/\/fdasrl.it\/wp-content\/uploads\/2025\/01\/mangiatoia-angolare-bordo-metallo-pesante-zincato-fa-ma4.png","width":1400,"height":1400,"caption":"eck-futtertrog-rand-verzinktes-schwermetall-fa-ma4"},{"@type":"BreadcrumbList","@id":"https:\/\/fdasrl.it\/de\/prodotto\/eck-futtertrog-mit-futtersparrand-fuer-pferdestall\/#breadcrumb","itemListElement":[{"@type":"ListItem","position":1,"name":"Home","item":"https:\/\/fdasrl.it\/de\/startseite\/"},{"@type":"ListItem","position":2,"name":"Shop","item":"https:\/\/fdasrl.it\/de\/shop\/"},{"@type":"ListItem","position":3,"name":"Eck-Futtertrog mit Futtersparrand f\u00fcr Pferdestall"}]},{"@type":"WebSite","@id":"https:\/\/fdasrl.it\/de\/#website","url":"https:\/\/fdasrl.it\/de\/","name":"FDA srl","description":"Equipment for animal husbandry","publisher":{"@id":"https:\/\/fdasrl.it\/de\/#organization"},"potentialAction":[{"@type":"SearchAction","target":{"@type":"EntryPoint","urlTemplate":"https:\/\/fdasrl.it\/de\/?s={search_term_string}"},"query-input":{"@type":"PropertyValueSpecification","valueRequired":true,"valueName":"search_term_string"}}],"inLanguage":"de"},{"@type":"Organization","@id":"https:\/\/fdasrl.it\/de\/#organization","name":"FDA srl","url":"https:\/\/fdasrl.it\/de\/","logo":{"@type":"ImageObject","inLanguage":"de","@id":"https:\/\/fdasrl.it\/de\/#\/schema\/logo\/image\/","url":"https:\/\/fdasrl.it\/wp-content\/uploads\/2024\/12\/Logo-FDA.png","contentUrl":"https:\/\/fdasrl.it\/wp-content\/uploads\/2024\/12\/Logo-FDA.png","width":316,"height":119,"caption":"FDA srl"},"image":{"@id":"https:\/\/fdasrl.it\/de\/#\/schema\/logo\/image\/"},"sameAs":["https:\/\/www.facebook.com\/share\/1MWhFWg1Tp\/?mibextid=LQQJ4d","https:\/\/www.instagram.com\/fda_srl\/profilecard\/?igsh=YW5lbzJ6MWg0d21u","https:\/\/www.youtube.com\/@FDASRL_ANIMALCARE"],"description":"FDA SRL \u2013 Equipment for animal husbandry nasce con l\u2019obiettivo di offrire soluzioni affidabili e innovative per l\u2019allevamento moderno. Con anni di esperienza nel settore zootecnico, progettiamo e realizziamo attrezzature destinate al benessere animale e alla gestione efficiente delle stalle: vasche, abbeveratoi, mangiatoie e sistemi di riscaldamento pensati per durare nel tempo e semplificare il lavoro quotidiano degli allevatori. Dalla progettazione alla produzione, ogni nostro prodotto \u00e8 studiato nei minimi dettagli, testato con cura e costruito per rispondere alle esigenze reali del settore. La nostra forza \u00e8 unire artigianalit\u00e0, tecnologia e competenza tecnica per trasformare ogni progetto in una soluzione concreta e funzionale. Oggi FDA SRL \u00e8 un punto di riferimento per privati e rivenditori che cercano qualit\u00e0, affidabilit\u00e0 e innovazione nelle attrezzature per l\u2019allevamento.","email":"info@fdasrl.it","telephone":"+390522826820","legalName":"F.D.A. SRL","foundingDate":"2024-10-13","vatID":"03075840359","taxID":"03075840359","numberOfEmployees":{"@type":"QuantitativeValue","minValue":"1","maxValue":"10"}}]},"product_price_currency":"EUR","og_availability":"instock","product_availability":"instock","product_retailer_item_id":"FA-MA4","product_condition":"new"},"_links":{"self":[{"href":"https:\/\/fdasrl.it\/de\/wp-json\/wp\/v2\/product\/3687","targetHints":{"allow":["GET"]}}],"collection":[{"href":"https:\/\/fdasrl.it\/de\/wp-json\/wp\/v2\/product"}],"about":[{"href":"https:\/\/fdasrl.it\/de\/wp-json\/wp\/v2\/types\/product"}],"replies":[{"embeddable":true,"href":"https:\/\/fdasrl.it\/de\/wp-json\/wp\/v2\/comments?post=3687"}],"wp:featuredmedia":[{"embeddable":true,"href":"https:\/\/fdasrl.it\/de\/wp-json\/wp\/v2\/media\/640"}],"wp:attachment":[{"href":"https:\/\/fdasrl.it\/de\/wp-json\/wp\/v2\/media?parent=3687"}],"wp:term":[{"taxonomy":"product_brand","embeddable":true,"href":"https:\/\/fdasrl.it\/de\/wp-json\/wp\/v2\/product_brand?post=3687"},{"taxonomy":"product_cat","embeddable":true,"href":"https:\/\/fdasrl.it\/de\/wp-json\/wp\/v2\/product_cat?post=3687"},{"taxonomy":"product_tag","embeddable":true,"href":"https:\/\/fdasrl.it\/de\/wp-json\/wp\/v2\/product_tag?post=3687"}],"curies":[{"name":"wp","href":"https:\/\/api.w.org\/{rel}","templated":true}]}}