{"id":3730,"date":"2025-01-21T10:30:25","date_gmt":"2025-01-21T09:30:25","guid":{"rendered":"https:\/\/fdasrl.it\/prodotto\/frostfreie-thermotraenke-mit-zwei-kugeln-fa-at-2\/"},"modified":"2025-01-21T10:30:25","modified_gmt":"2025-01-21T09:30:25","slug":"frostfreie-thermotraenke-mit-zwei-kugeln-fa-at-2","status":"publish","type":"product","link":"https:\/\/fdasrl.it\/de\/prodotto\/frostfreie-thermotraenke-mit-zwei-kugeln-fa-at-2\/","title":{"rendered":"Frostfreie Thermotr\u00e4nke mit zwei Kugeln FA-AT 2"},"content":{"rendered":"<h2 data-start=\"227\" data-end=\"307\">\u2744\ufe0f <strong data-start=\"233\" data-end=\"307\">Frostfreie Thermotr\u00e4nke mit zwei Kugeln FA-AT 2 f\u00fcr Rinder und Pferde<\/strong><\/h2>\n<p data-start=\"309\" data-end=\"516\">Die <strong data-start=\"311\" data-end=\"352\">frostfreie Thermotr\u00e4nke FA-AT 2<\/strong> ist so konzipiert, dass sie <strong data-start=\"380\" data-end=\"414\">das ganze Jahr \u00fcber Wasser<\/strong> zur Verf\u00fcgung stellt, selbst unter extremen klimatischen Bedingungen bis zu <strong data-start=\"462\" data-end=\"472\">\u201330 \u00b0C<\/strong>, ohne den Einsatz von elektrischen Heizst\u00e4ben.<\/p>\n<p data-start=\"518\" data-end=\"769\">Gefertigt mit <strong data-start=\"532\" data-end=\"549\">Doppelwandung<\/strong> und <strong data-start=\"552\" data-end=\"608\">hochdichter Polyurethan-Schaumisolierung<\/strong>, h\u00e4lt sie die Wassertemperatur im Winter zwischen <strong data-start=\"649\" data-end=\"672\">3 \u00b0C und 5 \u00b0C<\/strong> und im Sommer zwischen <strong data-start=\"679\" data-end=\"703\">10 \u00b0C und 12 \u00b0C<\/strong>, was <strong data-start=\"717\" data-end=\"768\">Hygiene, Frostschutz und Tierwohl<\/strong> gew\u00e4hrleistet.<\/p>\n<hr data-start=\"771\" data-end=\"774\">\n<h3 data-start=\"776\" data-end=\"822\">\ud83d\udc04 <strong data-start=\"783\" data-end=\"822\">Wichtigste technische Merkmale<\/strong><\/h3>\n<ul data-start=\"824\" data-end=\"1407\">\n<li data-start=\"824\" data-end=\"846\">\n<p data-start=\"826\" data-end=\"846\"><strong data-start=\"826\" data-end=\"837\">Modell<\/strong>: FA-AT 2<\/p>\n<\/li>\n<li data-start=\"847\" data-end=\"872\">\n<p data-start=\"849\" data-end=\"872\"><strong data-start=\"849\" data-end=\"861\">Kapazit\u00e4t<\/strong>: 100 Liter<\/p>\n<\/li>\n<li data-start=\"873\" data-end=\"904\">\n<p data-start=\"875\" data-end=\"904\"><strong data-start=\"875\" data-end=\"894\">Ventildurchfluss<\/strong>: 35 l\/min<\/p>\n<\/li>\n<li data-start=\"905\" data-end=\"959\">\n<p data-start=\"907\" data-end=\"959\"><strong data-start=\"907\" data-end=\"930\">Wasseranschluss<\/strong>: Anschluss von unten 1\/2&#8243;<\/p>\n<\/li>\n<li data-start=\"960\" data-end=\"1007\">\n<p data-start=\"962\" data-end=\"1007\"><strong data-start=\"962\" data-end=\"984\">W\u00e4rmeisolierung<\/strong> aus Polyurethan-Schaumstoff<\/p>\n<\/li>\n<li data-start=\"1008\" data-end=\"1054\">\n<p data-start=\"1010\" data-end=\"1054\"><strong data-start=\"1010\" data-end=\"1035\">Doppelball-Frostschutz<\/strong> bei konstantem Wasserstand<\/p>\n<\/li>\n<li data-start=\"1055\" data-end=\"1109\">\n<p data-start=\"1057\" data-end=\"1109\"><strong data-start=\"1057\" data-end=\"1071\">Geeignet f\u00fcr<\/strong>: bis zu 30 Tiere (Rinder und Pferde)<\/p>\n<\/li>\n<li data-start=\"1110\" data-end=\"1148\">\n<p data-start=\"1112\" data-end=\"1148\"><strong data-start=\"1112\" data-end=\"1126\">Abmessungen<\/strong>: 108,5 x 70 x 52,5 cm<\/p>\n<\/li>\n<li data-start=\"1149\" data-end=\"1200\">\n<p data-start=\"1151\" data-end=\"1200\"><strong data-start=\"1151\" data-end=\"1176\">Frostbest\u00e4ndig bis \u201330 \u00b0C<\/strong> ohne Strom<\/p>\n<\/li>\n<li data-start=\"1201\" data-end=\"1240\">\n<p data-start=\"1203\" data-end=\"1240\"><strong data-start=\"1203\" data-end=\"1221\">Schnellentleerung<\/strong> mit Stopfen \u00d8 100 mm<\/p>\n<\/li>\n<li data-start=\"1241\" data-end=\"1407\">\n<p data-start=\"1243\" data-end=\"1265\"><strong data-start=\"1243\" data-end=\"1264\">Inklusive Zubeh\u00f6r<\/strong>:<\/p>\n<ul data-start=\"1268\" data-end=\"1407\">\n<li data-start=\"1268\" data-end=\"1298\">\n<p data-start=\"1270\" data-end=\"1298\">Bodenanker zur Befestigung<\/p>\n<\/li>\n<li data-start=\"1301\" data-end=\"1356\">\n<p data-start=\"1303\" data-end=\"1356\">Ersatzdichtungen f\u00fcr das Schwimmerventil<\/p>\n<\/li>\n<li data-start=\"1359\" data-end=\"1407\">\n<p data-start=\"1361\" data-end=\"1407\">Ablassventil mit isoliertem Schlauch<\/p>\n<\/li>\n<\/ul>\n<\/li>\n<\/ul>\n<hr data-start=\"1409\" data-end=\"1412\">\n<h3 data-start=\"1414\" data-end=\"1459\">\ud83d\udca7 <strong data-start=\"1421\" data-end=\"1459\">Vorteile der Tr\u00e4nke FA-AT 2<\/strong><\/h3>\n<ul data-start=\"1461\" data-end=\"1737\">\n<li data-start=\"1461\" data-end=\"1505\">\n<p data-start=\"1463\" data-end=\"1505\">Keine Stromversorgung erforderlich<\/p>\n<\/li>\n<li data-start=\"1506\" data-end=\"1543\">\n<p data-start=\"1508\" data-end=\"1543\">Maximaler passiver Frostschutz<\/p>\n<\/li>\n<li data-start=\"1544\" data-end=\"1606\">\n<p data-start=\"1546\" data-end=\"1606\">Stets verf\u00fcgbares, sauberes und temperaturgesteuertes Wasser<\/p>\n<\/li>\n<li data-start=\"1607\" data-end=\"1641\">\n<p data-start=\"1609\" data-end=\"1641\">Einfache und robuste Installation<\/p>\n<\/li>\n<li data-start=\"1642\" data-end=\"1691\">\n<p data-start=\"1644\" data-end=\"1691\">Reduziert Verschmutzung und verbessert die Wasserhygiene<\/p>\n<\/li>\n<li data-start=\"1692\" data-end=\"1737\">\n<p data-start=\"1694\" data-end=\"1737\">Ideal f\u00fcr St\u00e4lle, Paddocks und Au\u00dfenpferche<\/p>\n<\/li>\n<\/ul>\n<p>Kaufen Sie ihn in unserem <a href=\"https:\/\/fda-shop.it\/shop\/articoli-per-allevamento\/abbeveratoi\/abbeveratoio-termico-antigelo-fa-at-2\" target=\"_blank\" rel=\"noopener\">Online-Shop<\/a><\/p>\n","protected":false},"excerpt":{"rendered":"<p>Frostfreie 100-Liter-Thermotr\u00e4nke mit zwei Kugeln f\u00fcr Rinder und Pferde. Ohne Strom, frostbest\u00e4ndig bis -30 \u00b0C. Ideal f\u00fcr St\u00e4lle und Au\u00dfenpferche.  <\/p>\n","protected":false},"featured_media":358,"comment_status":"open","ping_status":"closed","template":"","meta":{"_et_pb_use_builder":"","_et_pb_old_content":"","_et_gb_content_width":""},"product_brand":[],"product_cat":[901,578,409,544],"product_tag":[902],"class_list":{"0":"post-3730","1":"product","2":"type-product","3":"status-publish","4":"has-post-thumbnail","6":"product_cat-frostfreie-tranken","7":"product_cat-pferde","8":"product_cat-rinder","9":"product_cat-tranken-2","10":"product_tag-fa-at2","12":"first","13":"instock","14":"shipping-taxable","15":"product-type-simple"},"yoast_head":"<!-- This site is optimized with the Yoast SEO Premium plugin v27.5 (Yoast SEO v27.6) - https:\/\/yoast.com\/product\/yoast-seo-premium-wordpress\/ -->\n<title>Frostfreie Thermotr\u00e4nke f\u00fcr Rinder und Pferde \u2013 Winter - FDA srl<\/title>\n<meta name=\"description\" content=\"Halten Sie Ihre Tiere mit der frostfreien Thermotr\u00e4nke f\u00fcr Rinder und Pferde hydriert. Eine hervorragende Investition f\u00fcr ihr Wohlbefinden! \u2744\ufe0f\" \/>\n<meta name=\"robots\" content=\"index, follow, max-snippet:-1, max-image-preview:large, max-video-preview:-1\" \/>\n<link rel=\"canonical\" href=\"https:\/\/fdasrl.it\/de\/prodotto\/frostfreie-thermotraenke-mit-zwei-kugeln-fa-at-2\/\" \/>\n<meta property=\"og:locale\" content=\"de_DE\" \/>\n<meta property=\"og:type\" content=\"article\" \/>\n<meta property=\"og:title\" content=\"Frostfreie Thermotr\u00e4nke mit zwei Kugeln FA-AT 2\" \/>\n<meta property=\"og:description\" content=\"Halten Sie Ihre Tiere mit der frostfreien Thermotr\u00e4nke f\u00fcr Rinder und Pferde hydriert. Eine hervorragende Investition f\u00fcr ihr Wohlbefinden! \u2744\ufe0f\" \/>\n<meta property=\"og:url\" content=\"https:\/\/fdasrl.it\/de\/prodotto\/frostfreie-thermotraenke-mit-zwei-kugeln-fa-at-2\/\" \/>\n<meta property=\"og:site_name\" content=\"FDA srl\" \/>\n<meta property=\"article:publisher\" content=\"https:\/\/www.facebook.com\/share\/1MWhFWg1Tp\/?mibextid=LQQJ4d\" \/>\n<meta property=\"og:image\" content=\"https:\/\/fdasrl.it\/wp-content\/uploads\/2025\/01\/FA-AT-2.jpg\" \/>\n\t<meta property=\"og:image:width\" content=\"730\" \/>\n\t<meta property=\"og:image:height\" content=\"531\" \/>\n\t<meta property=\"og:image:type\" content=\"image\/jpeg\" \/>\n<meta name=\"twitter:card\" content=\"summary_large_image\" \/>\n<meta name=\"twitter:label1\" content=\"Preis\" \/>\n\t<meta name=\"twitter:data1\" content=\"\" \/>\n\t<meta name=\"twitter:label2\" content=\"Verf\u00fcgbarkeit\" \/>\n\t<meta name=\"twitter:data2\" content=\"Auf Lager\" \/>\n<meta property=\"product:price:currency\" content=\"EUR\" \/>\n<meta property=\"og:availability\" content=\"instock\" \/>\n<meta property=\"product:availability\" content=\"instock\" \/>\n<meta property=\"product:retailer_item_id\" content=\"FAAT2\" \/>\n<meta property=\"product:condition\" content=\"new\" \/>\n<!-- \/ Yoast SEO Premium plugin. -->","yoast_head_json":{"title":"Frostfreie Thermotr\u00e4nke f\u00fcr Rinder und Pferde \u2013 Winter - FDA srl","description":"Halten Sie Ihre Tiere mit der frostfreien Thermotr\u00e4nke f\u00fcr Rinder und Pferde hydriert. Eine hervorragende Investition f\u00fcr ihr Wohlbefinden! \u2744\ufe0f","robots":{"index":"index","follow":"follow","max-snippet":"max-snippet:-1","max-image-preview":"max-image-preview:large","max-video-preview":"max-video-preview:-1"},"canonical":"https:\/\/fdasrl.it\/de\/prodotto\/frostfreie-thermotraenke-mit-zwei-kugeln-fa-at-2\/","og_locale":"de_DE","og_type":"article","og_title":"Frostfreie Thermotr\u00e4nke mit zwei Kugeln FA-AT 2","og_description":"Halten Sie Ihre Tiere mit der frostfreien Thermotr\u00e4nke f\u00fcr Rinder und Pferde hydriert. Eine hervorragende Investition f\u00fcr ihr Wohlbefinden! \u2744\ufe0f","og_url":"https:\/\/fdasrl.it\/de\/prodotto\/frostfreie-thermotraenke-mit-zwei-kugeln-fa-at-2\/","og_site_name":"FDA srl","article_publisher":"https:\/\/www.facebook.com\/share\/1MWhFWg1Tp\/?mibextid=LQQJ4d","og_image":[{"width":730,"height":531,"url":"https:\/\/fdasrl.it\/wp-content\/uploads\/2025\/01\/FA-AT-2.jpg","type":"image\/jpeg"}],"twitter_card":"summary_large_image","twitter_misc":{"Preis":"","Verf\u00fcgbarkeit":"Auf Lager"},"schema":{"@context":"https:\/\/schema.org","@graph":[{"@type":"WebPage","@id":"https:\/\/fdasrl.it\/de\/prodotto\/frostfreie-thermotraenke-mit-zwei-kugeln-fa-at-2\/","url":"https:\/\/fdasrl.it\/de\/prodotto\/frostfreie-thermotraenke-mit-zwei-kugeln-fa-at-2\/","name":"Frostfreie Thermotr\u00e4nke f\u00fcr Rinder und Pferde \u2013 Winter - FDA srl","isPartOf":{"@id":"https:\/\/fdasrl.it\/de\/#website"},"primaryImageOfPage":{"@id":"https:\/\/fdasrl.it\/de\/prodotto\/frostfreie-thermotraenke-mit-zwei-kugeln-fa-at-2\/#primaryimage"},"image":{"@id":"https:\/\/fdasrl.it\/de\/prodotto\/frostfreie-thermotraenke-mit-zwei-kugeln-fa-at-2\/#primaryimage"},"thumbnailUrl":"https:\/\/fdasrl.it\/wp-content\/uploads\/2025\/01\/FA-AT-2.jpg","datePublished":"2025-01-21T09:30:25+00:00","description":"Halten Sie Ihre Tiere mit der frostfreien Thermotr\u00e4nke f\u00fcr Rinder und Pferde hydriert. Eine hervorragende Investition f\u00fcr ihr Wohlbefinden! \u2744\ufe0f","breadcrumb":{"@id":"https:\/\/fdasrl.it\/de\/prodotto\/frostfreie-thermotraenke-mit-zwei-kugeln-fa-at-2\/#breadcrumb"},"inLanguage":"de","potentialAction":[{"@type":"ReadAction","target":["https:\/\/fdasrl.it\/de\/prodotto\/frostfreie-thermotraenke-mit-zwei-kugeln-fa-at-2\/"]}]},{"@type":"ImageObject","inLanguage":"de","@id":"https:\/\/fdasrl.it\/de\/prodotto\/frostfreie-thermotraenke-mit-zwei-kugeln-fa-at-2\/#primaryimage","url":"https:\/\/fdasrl.it\/wp-content\/uploads\/2025\/01\/FA-AT-2.jpg","contentUrl":"https:\/\/fdasrl.it\/wp-content\/uploads\/2025\/01\/FA-AT-2.jpg","width":730,"height":531,"caption":"Frostfreie Thermotr\u00e4nke mit zwei Kugeln FA-AT 2 f\u00fcr Rinder und Pferde"},{"@type":"BreadcrumbList","@id":"https:\/\/fdasrl.it\/de\/prodotto\/frostfreie-thermotraenke-mit-zwei-kugeln-fa-at-2\/#breadcrumb","itemListElement":[{"@type":"ListItem","position":1,"name":"Home","item":"https:\/\/fdasrl.it\/de\/startseite\/"},{"@type":"ListItem","position":2,"name":"Shop","item":"https:\/\/fdasrl.it\/de\/shop\/"},{"@type":"ListItem","position":3,"name":"Frostfreie Thermotr\u00e4nke mit zwei Kugeln FA-AT 2"}]},{"@type":"WebSite","@id":"https:\/\/fdasrl.it\/de\/#website","url":"https:\/\/fdasrl.it\/de\/","name":"FDA srl","description":"Equipment for animal husbandry","publisher":{"@id":"https:\/\/fdasrl.it\/de\/#organization"},"potentialAction":[{"@type":"SearchAction","target":{"@type":"EntryPoint","urlTemplate":"https:\/\/fdasrl.it\/de\/?s={search_term_string}"},"query-input":{"@type":"PropertyValueSpecification","valueRequired":true,"valueName":"search_term_string"}}],"inLanguage":"de"},{"@type":"Organization","@id":"https:\/\/fdasrl.it\/de\/#organization","name":"FDA srl","url":"https:\/\/fdasrl.it\/de\/","logo":{"@type":"ImageObject","inLanguage":"de","@id":"https:\/\/fdasrl.it\/de\/#\/schema\/logo\/image\/","url":"https:\/\/fdasrl.it\/wp-content\/uploads\/2024\/12\/Logo-FDA.png","contentUrl":"https:\/\/fdasrl.it\/wp-content\/uploads\/2024\/12\/Logo-FDA.png","width":316,"height":119,"caption":"FDA srl"},"image":{"@id":"https:\/\/fdasrl.it\/de\/#\/schema\/logo\/image\/"},"sameAs":["https:\/\/www.facebook.com\/share\/1MWhFWg1Tp\/?mibextid=LQQJ4d","https:\/\/www.instagram.com\/fda_srl\/profilecard\/?igsh=YW5lbzJ6MWg0d21u","https:\/\/www.youtube.com\/@FDASRL_ANIMALCARE"],"description":"FDA SRL \u2013 Equipment for animal husbandry nasce con l\u2019obiettivo di offrire soluzioni affidabili e innovative per l\u2019allevamento moderno. Con anni di esperienza nel settore zootecnico, progettiamo e realizziamo attrezzature destinate al benessere animale e alla gestione efficiente delle stalle: vasche, abbeveratoi, mangiatoie e sistemi di riscaldamento pensati per durare nel tempo e semplificare il lavoro quotidiano degli allevatori. Dalla progettazione alla produzione, ogni nostro prodotto \u00e8 studiato nei minimi dettagli, testato con cura e costruito per rispondere alle esigenze reali del settore. La nostra forza \u00e8 unire artigianalit\u00e0, tecnologia e competenza tecnica per trasformare ogni progetto in una soluzione concreta e funzionale. Oggi FDA SRL \u00e8 un punto di riferimento per privati e rivenditori che cercano qualit\u00e0, affidabilit\u00e0 e innovazione nelle attrezzature per l\u2019allevamento.","email":"info@fdasrl.it","telephone":"+390522826820","legalName":"F.D.A. SRL","foundingDate":"2024-10-13","vatID":"03075840359","taxID":"03075840359","numberOfEmployees":{"@type":"QuantitativeValue","minValue":"1","maxValue":"10"}}]},"product_price_currency":"EUR","og_availability":"instock","product_availability":"instock","product_retailer_item_id":"FAAT2","product_condition":"new"},"_links":{"self":[{"href":"https:\/\/fdasrl.it\/de\/wp-json\/wp\/v2\/product\/3730","targetHints":{"allow":["GET"]}}],"collection":[{"href":"https:\/\/fdasrl.it\/de\/wp-json\/wp\/v2\/product"}],"about":[{"href":"https:\/\/fdasrl.it\/de\/wp-json\/wp\/v2\/types\/product"}],"replies":[{"embeddable":true,"href":"https:\/\/fdasrl.it\/de\/wp-json\/wp\/v2\/comments?post=3730"}],"wp:featuredmedia":[{"embeddable":true,"href":"https:\/\/fdasrl.it\/de\/wp-json\/wp\/v2\/media\/358"}],"wp:attachment":[{"href":"https:\/\/fdasrl.it\/de\/wp-json\/wp\/v2\/media?parent=3730"}],"wp:term":[{"taxonomy":"product_brand","embeddable":true,"href":"https:\/\/fdasrl.it\/de\/wp-json\/wp\/v2\/product_brand?post=3730"},{"taxonomy":"product_cat","embeddable":true,"href":"https:\/\/fdasrl.it\/de\/wp-json\/wp\/v2\/product_cat?post=3730"},{"taxonomy":"product_tag","embeddable":true,"href":"https:\/\/fdasrl.it\/de\/wp-json\/wp\/v2\/product_tag?post=3730"}],"curies":[{"name":"wp","href":"https:\/\/api.w.org\/{rel}","templated":true}]}}