{"id":3778,"date":"2025-01-21T10:09:47","date_gmt":"2025-01-21T09:09:47","guid":{"rendered":"https:\/\/fdasrl.it\/prodotto\/edelstahl-selbsttraenke-fa-kb-mit-gusseisen-buegel\/"},"modified":"2025-01-21T10:09:47","modified_gmt":"2025-01-21T09:09:47","slug":"edelstahl-selbsttraenke-fa-kb-mit-gusseisen-buegel","status":"publish","type":"product","link":"https:\/\/fdasrl.it\/de\/prodotto\/edelstahl-selbsttraenke-fa-kb-mit-gusseisen-buegel\/","title":{"rendered":"Edelstahl-Selbsttr\u00e4nke FA-KB mit Gusseisen-B\u00fcgel"},"content":{"rendered":"<h2 data-start=\"242\" data-end=\"331\">\ud83d\udca7 <strong data-start=\"248\" data-end=\"331\">Edelstahl-Selbsttr\u00e4nke FA-KB mit Gusseisen-B\u00fcgel und Hochflussventil<\/strong><\/h2>\n<p data-start=\"333\" data-end=\"669\">Die <strong data-start=\"335\" data-end=\"357\">Selbsttr\u00e4nke FA-KB<\/strong> ist eine robuste und hygienische L\u00f6sung f\u00fcr die Tr\u00e4nke von <strong data-start=\"415\" data-end=\"456\">Rindern und Pferden in Anbindehaltung<\/strong>. Ausgestattet mit einer <strong data-start=\"468\" data-end=\"512\">Edelstahlschale in 12\/10er St\u00e4rke<\/strong>, garantiert sie maximale Widerstandsf\u00e4higkeit, Hygiene und Langlebigkeit. Das <strong data-start=\"578\" data-end=\"617\">Hochflussventil aus Messing<\/strong> gew\u00e4hrleistet eine reichliche und schnelle Wasserabgabe.  <\/p>\n<hr data-start=\"671\" data-end=\"674\">\n<h3 data-start=\"676\" data-end=\"711\">\u2699\ufe0f <strong data-start=\"683\" data-end=\"711\">Technische Eigenschaften<\/strong><\/h3>\n<ul data-start=\"713\" data-end=\"1307\">\n<li data-start=\"713\" data-end=\"735\">\n<p data-start=\"715\" data-end=\"735\"><strong data-start=\"715\" data-end=\"726\">Modell<\/strong>: FA-KB<\/p>\n<\/li>\n<li data-start=\"736\" data-end=\"787\">\n<p data-start=\"738\" data-end=\"787\"><strong data-start=\"738\" data-end=\"761\">Material Schale<\/strong>: Edelstahl St. 12\/10<\/p>\n<\/li>\n<li data-start=\"788\" data-end=\"834\">\n<p data-start=\"790\" data-end=\"834\"><strong data-start=\"790\" data-end=\"802\">Halterung<\/strong>: Befestigungsb\u00fcgel aus Gusseisen<\/p>\n<\/li>\n<li data-start=\"835\" data-end=\"876\">\n<p data-start=\"837\" data-end=\"876\"><strong data-start=\"837\" data-end=\"848\">Ventil<\/strong>: Aus Messing mit hohem Durchfluss<\/p>\n<\/li>\n<li data-start=\"877\" data-end=\"942\">\n<p data-start=\"879\" data-end=\"942\"><strong data-start=\"879\" data-end=\"896\">Wasserdurchfluss<\/strong>: 5 bis 21 l\/min (max. 20 l\/min empfohlen)<\/p>\n<\/li>\n<li data-start=\"943\" data-end=\"987\">\n<p data-start=\"945\" data-end=\"987\"><strong data-start=\"945\" data-end=\"971\">Betriebsdruck<\/strong>: 0 bis 5 atm<\/p>\n<\/li>\n<li data-start=\"988\" data-end=\"1015\">\n<p data-start=\"990\" data-end=\"1015\"><strong data-start=\"990\" data-end=\"1002\">Fassungsverm\u00f6gen<\/strong>: 5,5 Liter<\/p>\n<\/li>\n<li data-start=\"1016\" data-end=\"1134\">\n<p data-start=\"1018\" data-end=\"1045\"><strong data-start=\"1018\" data-end=\"1042\">Abmessungen Schale<\/strong>:<\/p>\n<ul data-start=\"1048\" data-end=\"1134\">\n<li data-start=\"1048\" data-end=\"1075\">\n<p data-start=\"1050\" data-end=\"1075\">Innendurchmesser: 26 cm<\/p>\n<\/li>\n<li data-start=\"1078\" data-end=\"1099\">\n<p data-start=\"1080\" data-end=\"1099\">Tiefe: 12 cm<\/p>\n<\/li>\n<li data-start=\"1102\" data-end=\"1134\">\n<p data-start=\"1104\" data-end=\"1134\">Beckenbreite: \u00d8 27 cm<\/p>\n<\/li>\n<\/ul>\n<\/li>\n<li data-start=\"1135\" data-end=\"1169\">\n<p data-start=\"1137\" data-end=\"1169\"><strong data-start=\"1137\" data-end=\"1160\">Gesamth\u00f6he<\/strong>: 23 cm<\/p>\n<\/li>\n<li data-start=\"1170\" data-end=\"1253\">\n<p data-start=\"1172\" data-end=\"1253\"><strong data-start=\"1172\" data-end=\"1195\">Wasseranschluss<\/strong>: \u00d8 1\/2&#8243;, Wasserzulauf sowohl <strong data-start=\"1224\" data-end=\"1251\">von oben als auch von unten<\/strong><\/p>\n<\/li>\n<li data-start=\"1254\" data-end=\"1288\">\n<p data-start=\"1256\" data-end=\"1288\"><strong data-start=\"1256\" data-end=\"1278\">Wandbefestigung<\/strong>: 4 L\u00f6cher<\/p>\n<\/li>\n<li data-start=\"1289\" data-end=\"1307\">\n<p data-start=\"1291\" data-end=\"1307\"><strong data-start=\"1291\" data-end=\"1299\">Gewicht<\/strong>: 5 kg<\/p>\n<\/li>\n<\/ul>\n<hr data-start=\"1309\" data-end=\"1312\">\n<h3 data-start=\"1314\" data-end=\"1343\">\u2705 <strong data-start=\"1320\" data-end=\"1343\">Hauptvorteile<\/strong><\/h3>\n<ul data-start=\"1345\" data-end=\"1648\">\n<li data-start=\"1345\" data-end=\"1402\">\n<p data-start=\"1347\" data-end=\"1402\">Ideal f\u00fcr <strong data-start=\"1358\" data-end=\"1400\">Rinder und Pferde in Anbindehaltung<\/strong><\/p>\n<\/li>\n<li data-start=\"1403\" data-end=\"1475\">\n<p data-start=\"1405\" data-end=\"1475\">Breite und tiefe Schale: <strong data-start=\"1433\" data-end=\"1473\">maximale Hygiene und einfache Reinigung<\/strong><\/p>\n<\/li>\n<li data-start=\"1476\" data-end=\"1529\">\n<p data-start=\"1478\" data-end=\"1529\">Hoher Wasserdurchfluss: ideal f\u00fcr ausgewachsene Tiere<\/p>\n<\/li>\n<li data-start=\"1530\" data-end=\"1588\">\n<p data-start=\"1532\" data-end=\"1588\">Flexible Installation (Wasserzulauf oben oder unten)<\/p>\n<\/li>\n<li data-start=\"1589\" data-end=\"1624\">\n<p data-start=\"1591\" data-end=\"1624\">Widerstandsf\u00e4hige und langlebige Struktur<\/p>\n<\/li>\n<li data-start=\"1625\" data-end=\"1648\">\n<p data-start=\"1627\" data-end=\"1648\">Einfache Wartung<\/p>\n<\/li>\n<\/ul>\n<p>&nbsp;<\/p>\n<p>\ud83d\udc49 H\u00e4ndlerpreis anfragen: <a href=\"mailto:info@fdasrl.it\">HIER KLICKEN<\/a><\/p>\n<div>\n<p>\ud83d\udc49 Kaufen Sie es in unserem <a href=\"https:\/\/fda-shop.it\/shop\/articoli-per-allevamento\/abbeveratoi\/abbeveratoio-automatico-bovini-a-pendolo\" target=\"_blank\" rel=\"noopener\">Onlineshop<\/a><\/p>\n<\/div>\n","protected":false},"excerpt":{"rendered":"<p>Edelstahl-Selbsttr\u00e4nke FA-KB mit Gusseisen-B\u00fcgel und Hochflussventil. F\u00fcr Rinder und Pferde in Anbindehaltung. Hygienisch, robust und einfach zu installieren.  <\/p>\n","protected":false},"featured_media":354,"comment_status":"open","ping_status":"closed","template":"","meta":{"_et_pb_use_builder":"","_et_pb_old_content":"","_et_gb_content_width":""},"product_brand":[],"product_cat":[578,409,510,544],"product_tag":[912],"class_list":{"0":"post-3778","1":"product","2":"type-product","3":"status-publish","4":"has-post-thumbnail","6":"product_cat-pferde","7":"product_cat-rinder","8":"product_cat-tranken","9":"product_cat-tranken-2","10":"product_tag-fa-kb","12":"first","13":"instock","14":"shipping-taxable","15":"product-type-simple"},"yoast_head":"<!-- This site is optimized with the Yoast SEO Premium plugin v27.5 (Yoast SEO v27.5) - https:\/\/yoast.com\/product\/yoast-seo-premium-wordpress\/ -->\n<title>Edelstahl-Selbsttr\u00e4nke f\u00fcr Rinder und Pferde FA-KB f\u00fcr lange Lebensdauer - FDA srl<\/title>\n<meta name=\"description\" content=\"Entdecken Sie die Edelstahl-Selbsttr\u00e4nke f\u00fcr Rinder und Pferde FA-KB, widerstandsf\u00e4hig und hygienisch. Die perfekte L\u00f6sung f\u00fcr Ihren Betrieb! \ud83d\udca7\" \/>\n<meta name=\"robots\" content=\"index, follow, max-snippet:-1, max-image-preview:large, max-video-preview:-1\" \/>\n<link rel=\"canonical\" href=\"https:\/\/fdasrl.it\/de\/prodotto\/edelstahl-selbsttraenke-fa-kb-mit-gusseisen-buegel\/\" \/>\n<meta property=\"og:locale\" content=\"de_DE\" \/>\n<meta property=\"og:type\" content=\"article\" \/>\n<meta property=\"og:title\" content=\"Edelstahl-Selbsttr\u00e4nke FA-KB mit Gusseisen-B\u00fcgel\" \/>\n<meta property=\"og:description\" content=\"Entdecken Sie die Edelstahl-Selbsttr\u00e4nke f\u00fcr Rinder und Pferde FA-KB, widerstandsf\u00e4hig und hygienisch. Die perfekte L\u00f6sung f\u00fcr Ihren Betrieb! \ud83d\udca7\" \/>\n<meta property=\"og:url\" content=\"https:\/\/fdasrl.it\/de\/prodotto\/edelstahl-selbsttraenke-fa-kb-mit-gusseisen-buegel\/\" \/>\n<meta property=\"og:site_name\" content=\"FDA srl\" \/>\n<meta property=\"article:publisher\" content=\"https:\/\/www.facebook.com\/share\/1MWhFWg1Tp\/?mibextid=LQQJ4d\" \/>\n<meta property=\"og:image\" content=\"https:\/\/fdasrl.it\/wp-content\/uploads\/2025\/01\/FA-KB.jpg\" \/>\n\t<meta property=\"og:image:width\" content=\"800\" \/>\n\t<meta property=\"og:image:height\" content=\"737\" \/>\n\t<meta property=\"og:image:type\" content=\"image\/jpeg\" \/>\n<meta name=\"twitter:card\" content=\"summary_large_image\" \/>\n<meta name=\"twitter:label1\" content=\"Preis\" \/>\n\t<meta name=\"twitter:data1\" content=\"\" \/>\n\t<meta name=\"twitter:label2\" content=\"Verf\u00fcgbarkeit\" \/>\n\t<meta name=\"twitter:data2\" content=\"Auf Lager\" \/>\n<meta property=\"product:price:currency\" content=\"EUR\" \/>\n<meta property=\"og:availability\" content=\"instock\" \/>\n<meta property=\"product:availability\" content=\"instock\" \/>\n<meta property=\"product:retailer_item_id\" content=\"FA-KB\" \/>\n<meta property=\"product:condition\" content=\"new\" \/>\n<!-- \/ Yoast SEO Premium plugin. -->","yoast_head_json":{"title":"Edelstahl-Selbsttr\u00e4nke f\u00fcr Rinder und Pferde FA-KB f\u00fcr lange Lebensdauer - FDA srl","description":"Entdecken Sie die Edelstahl-Selbsttr\u00e4nke f\u00fcr Rinder und Pferde FA-KB, widerstandsf\u00e4hig und hygienisch. Die perfekte L\u00f6sung f\u00fcr Ihren Betrieb! \ud83d\udca7","robots":{"index":"index","follow":"follow","max-snippet":"max-snippet:-1","max-image-preview":"max-image-preview:large","max-video-preview":"max-video-preview:-1"},"canonical":"https:\/\/fdasrl.it\/de\/prodotto\/edelstahl-selbsttraenke-fa-kb-mit-gusseisen-buegel\/","og_locale":"de_DE","og_type":"article","og_title":"Edelstahl-Selbsttr\u00e4nke FA-KB mit Gusseisen-B\u00fcgel","og_description":"Entdecken Sie die Edelstahl-Selbsttr\u00e4nke f\u00fcr Rinder und Pferde FA-KB, widerstandsf\u00e4hig und hygienisch. Die perfekte L\u00f6sung f\u00fcr Ihren Betrieb! \ud83d\udca7","og_url":"https:\/\/fdasrl.it\/de\/prodotto\/edelstahl-selbsttraenke-fa-kb-mit-gusseisen-buegel\/","og_site_name":"FDA srl","article_publisher":"https:\/\/www.facebook.com\/share\/1MWhFWg1Tp\/?mibextid=LQQJ4d","og_image":[{"width":800,"height":737,"url":"https:\/\/fdasrl.it\/wp-content\/uploads\/2025\/01\/FA-KB.jpg","type":"image\/jpeg"}],"twitter_card":"summary_large_image","twitter_misc":{"Preis":"","Verf\u00fcgbarkeit":"Auf Lager"},"schema":{"@context":"https:\/\/schema.org","@graph":[{"@type":"WebPage","@id":"https:\/\/fdasrl.it\/de\/prodotto\/edelstahl-selbsttraenke-fa-kb-mit-gusseisen-buegel\/","url":"https:\/\/fdasrl.it\/de\/prodotto\/edelstahl-selbsttraenke-fa-kb-mit-gusseisen-buegel\/","name":"Edelstahl-Selbsttr\u00e4nke f\u00fcr Rinder und Pferde FA-KB f\u00fcr lange Lebensdauer - FDA srl","isPartOf":{"@id":"https:\/\/fdasrl.it\/de\/#website"},"primaryImageOfPage":{"@id":"https:\/\/fdasrl.it\/de\/prodotto\/edelstahl-selbsttraenke-fa-kb-mit-gusseisen-buegel\/#primaryimage"},"image":{"@id":"https:\/\/fdasrl.it\/de\/prodotto\/edelstahl-selbsttraenke-fa-kb-mit-gusseisen-buegel\/#primaryimage"},"thumbnailUrl":"https:\/\/fdasrl.it\/wp-content\/uploads\/2025\/01\/FA-KB.jpg","datePublished":"2025-01-21T09:09:47+00:00","description":"Entdecken Sie die Edelstahl-Selbsttr\u00e4nke f\u00fcr Rinder und Pferde FA-KB, widerstandsf\u00e4hig und hygienisch. Die perfekte L\u00f6sung f\u00fcr Ihren Betrieb! \ud83d\udca7","breadcrumb":{"@id":"https:\/\/fdasrl.it\/de\/prodotto\/edelstahl-selbsttraenke-fa-kb-mit-gusseisen-buegel\/#breadcrumb"},"inLanguage":"de","potentialAction":[{"@type":"ReadAction","target":["https:\/\/fdasrl.it\/de\/prodotto\/edelstahl-selbsttraenke-fa-kb-mit-gusseisen-buegel\/"]}]},{"@type":"ImageObject","inLanguage":"de","@id":"https:\/\/fdasrl.it\/de\/prodotto\/edelstahl-selbsttraenke-fa-kb-mit-gusseisen-buegel\/#primaryimage","url":"https:\/\/fdasrl.it\/wp-content\/uploads\/2025\/01\/FA-KB.jpg","contentUrl":"https:\/\/fdasrl.it\/wp-content\/uploads\/2025\/01\/FA-KB.jpg","width":800,"height":737,"caption":"Abbeveratoio in acciaio inox FA-KB per bovini e cavalli con valvola ad alto flusso"},{"@type":"BreadcrumbList","@id":"https:\/\/fdasrl.it\/de\/prodotto\/edelstahl-selbsttraenke-fa-kb-mit-gusseisen-buegel\/#breadcrumb","itemListElement":[{"@type":"ListItem","position":1,"name":"Home","item":"https:\/\/fdasrl.it\/de\/startseite\/"},{"@type":"ListItem","position":2,"name":"Shop","item":"https:\/\/fdasrl.it\/de\/shop\/"},{"@type":"ListItem","position":3,"name":"Edelstahl-Selbsttr\u00e4nke FA-KB mit Gusseisen-B\u00fcgel"}]},{"@type":"WebSite","@id":"https:\/\/fdasrl.it\/de\/#website","url":"https:\/\/fdasrl.it\/de\/","name":"FDA srl","description":"Equipment for animal husbandry","publisher":{"@id":"https:\/\/fdasrl.it\/de\/#organization"},"potentialAction":[{"@type":"SearchAction","target":{"@type":"EntryPoint","urlTemplate":"https:\/\/fdasrl.it\/de\/?s={search_term_string}"},"query-input":{"@type":"PropertyValueSpecification","valueRequired":true,"valueName":"search_term_string"}}],"inLanguage":"de"},{"@type":"Organization","@id":"https:\/\/fdasrl.it\/de\/#organization","name":"FDA srl","url":"https:\/\/fdasrl.it\/de\/","logo":{"@type":"ImageObject","inLanguage":"de","@id":"https:\/\/fdasrl.it\/de\/#\/schema\/logo\/image\/","url":"https:\/\/fdasrl.it\/wp-content\/uploads\/2024\/12\/Logo-FDA.png","contentUrl":"https:\/\/fdasrl.it\/wp-content\/uploads\/2024\/12\/Logo-FDA.png","width":316,"height":119,"caption":"FDA srl"},"image":{"@id":"https:\/\/fdasrl.it\/de\/#\/schema\/logo\/image\/"},"sameAs":["https:\/\/www.facebook.com\/share\/1MWhFWg1Tp\/?mibextid=LQQJ4d","https:\/\/www.instagram.com\/fda_srl\/profilecard\/?igsh=YW5lbzJ6MWg0d21u","https:\/\/www.youtube.com\/@FDASRL_ANIMALCARE"],"description":"FDA SRL \u2013 Equipment for animal husbandry nasce con l\u2019obiettivo di offrire soluzioni affidabili e innovative per l\u2019allevamento moderno. Con anni di esperienza nel settore zootecnico, progettiamo e realizziamo attrezzature destinate al benessere animale e alla gestione efficiente delle stalle: vasche, abbeveratoi, mangiatoie e sistemi di riscaldamento pensati per durare nel tempo e semplificare il lavoro quotidiano degli allevatori. Dalla progettazione alla produzione, ogni nostro prodotto \u00e8 studiato nei minimi dettagli, testato con cura e costruito per rispondere alle esigenze reali del settore. La nostra forza \u00e8 unire artigianalit\u00e0, tecnologia e competenza tecnica per trasformare ogni progetto in una soluzione concreta e funzionale. Oggi FDA SRL \u00e8 un punto di riferimento per privati e rivenditori che cercano qualit\u00e0, affidabilit\u00e0 e innovazione nelle attrezzature per l\u2019allevamento.","email":"info@fdasrl.it","telephone":"+390522826820","legalName":"F.D.A. SRL","foundingDate":"2024-10-13","vatID":"03075840359","taxID":"03075840359","numberOfEmployees":{"@type":"QuantitativeValue","minValue":"1","maxValue":"10"}}]},"product_price_currency":"EUR","og_availability":"instock","product_availability":"instock","product_retailer_item_id":"FA-KB","product_condition":"new"},"_links":{"self":[{"href":"https:\/\/fdasrl.it\/de\/wp-json\/wp\/v2\/product\/3778","targetHints":{"allow":["GET"]}}],"collection":[{"href":"https:\/\/fdasrl.it\/de\/wp-json\/wp\/v2\/product"}],"about":[{"href":"https:\/\/fdasrl.it\/de\/wp-json\/wp\/v2\/types\/product"}],"replies":[{"embeddable":true,"href":"https:\/\/fdasrl.it\/de\/wp-json\/wp\/v2\/comments?post=3778"}],"wp:featuredmedia":[{"embeddable":true,"href":"https:\/\/fdasrl.it\/de\/wp-json\/wp\/v2\/media\/354"}],"wp:attachment":[{"href":"https:\/\/fdasrl.it\/de\/wp-json\/wp\/v2\/media?parent=3778"}],"wp:term":[{"taxonomy":"product_brand","embeddable":true,"href":"https:\/\/fdasrl.it\/de\/wp-json\/wp\/v2\/product_brand?post=3778"},{"taxonomy":"product_cat","embeddable":true,"href":"https:\/\/fdasrl.it\/de\/wp-json\/wp\/v2\/product_cat?post=3778"},{"taxonomy":"product_tag","embeddable":true,"href":"https:\/\/fdasrl.it\/de\/wp-json\/wp\/v2\/product_tag?post=3778"}],"curies":[{"name":"wp","href":"https:\/\/api.w.org\/{rel}","templated":true}]}}