{"id":3801,"date":"2025-01-21T10:51:18","date_gmt":"2025-01-21T09:51:18","guid":{"rendered":"https:\/\/fdasrl.it\/prodotto\/automatische-schraeg-trogtraenke-aus-edelstahl\/"},"modified":"2025-01-21T10:51:18","modified_gmt":"2025-01-21T09:51:18","slug":"automatische-schraeg-trogtraenke-aus-edelstahl","status":"publish","type":"product","link":"https:\/\/fdasrl.it\/de\/prodotto\/automatische-schraeg-trogtraenke-aus-edelstahl\/","title":{"rendered":"AUTOMATISCHE SCHR\u00c4G-TROGTR\u00c4NKE AUS EDELSTAHL"},"content":{"rendered":"<h3 data-start=\"109\" data-end=\"179\">Automatische Niederdruck-Schr\u00e4gtr\u00e4nke Modell FA-V4<\/h3>\n<p data-start=\"181\" data-end=\"405\">Die automatische Tr\u00e4nke <strong data-start=\"207\" data-end=\"216\">FA-V4<\/strong>, ideal f\u00fcr <strong data-start=\"229\" data-end=\"264\">K\u00fche, Pferde, Ziegen und Schafe<\/strong>, ist vollst\u00e4ndig aus <strong data-start=\"294\" data-end=\"319\">Edelstahl AISI 304<\/strong> mit einer St\u00e4rke von <strong data-start=\"333\" data-end=\"345\">15\/10 mm<\/strong> gefertigt, was Robustheit, Hygiene und Langlebigkeit garantiert.<\/p>\n<p data-start=\"407\" data-end=\"642\">Das <strong data-start=\"410\" data-end=\"429\">schr\u00e4ge Becken<\/strong> sorgt f\u00fcr einen <strong data-start=\"442\" data-end=\"469\">kontinuierlichen Wasserfluss<\/strong>, w\u00e4hrend die <strong data-start=\"480\" data-end=\"512\">abgerundeten, schnittsicheren Kanten<\/strong> maximale Sicherheit f\u00fcr die Tiere gew\u00e4hrleisten. Die <strong data-start=\"567\" data-end=\"587\">Wandbefestigung<\/strong> erfolgt dank der <strong data-start=\"620\" data-end=\"641\">integrierten Platten<\/strong> schnell und einfach. <\/p>\n<p data-start=\"644\" data-end=\"679\">\u2705 <strong data-start=\"646\" data-end=\"677\">Hauptmerkmale:<\/strong><\/p>\n<ul data-start=\"680\" data-end=\"1130\">\n<li data-start=\"680\" data-end=\"712\">\n<p data-start=\"682\" data-end=\"712\"><strong data-start=\"682\" data-end=\"701\">Beckeninhalt:<\/strong> 45 l<\/p>\n<\/li>\n<li data-start=\"713\" data-end=\"778\">\n<p data-start=\"715\" data-end=\"778\">Geh\u00e4use f\u00fcr <strong data-start=\"733\" data-end=\"749\">Schwimmerventil<\/strong> auf der linken oder rechten Seite<\/p>\n<\/li>\n<li data-start=\"779\" data-end=\"872\">\n<p data-start=\"781\" data-end=\"872\"><strong data-start=\"781\" data-end=\"810\">Schwimmerventil 3\/4&#8243;<\/strong> inklusive, um den Wasserstand automatisch zu halten<\/p>\n<\/li>\n<li data-start=\"873\" data-end=\"900\">\n<p data-start=\"875\" data-end=\"900\"><strong data-start=\"875\" data-end=\"893\">Wasseranschluss:<\/strong> 3\/4&#8243;<\/p>\n<\/li>\n<li data-start=\"901\" data-end=\"943\">\n<p data-start=\"903\" data-end=\"943\"><strong data-start=\"903\" data-end=\"927\">Druckfestigkeit:<\/strong> bis zu 10 bar<\/p>\n<\/li>\n<li data-start=\"944\" data-end=\"985\">\n<p data-start=\"946\" data-end=\"985\"><strong data-start=\"946\" data-end=\"958\">Ablauf:<\/strong> 2&#8243; f\u00fcr einfache Reinigung<\/p>\n<\/li>\n<li data-start=\"986\" data-end=\"1027\">\n<p data-start=\"988\" data-end=\"1027\"><strong data-start=\"988\" data-end=\"1003\">Ma\u00dfe:<\/strong> L 80 \u00d7 T 30 \u00d7 H 40 cm<\/p>\n<\/li>\n<li data-start=\"1028\" data-end=\"1094\">\n<p data-start=\"1030\" data-end=\"1094\">M\u00f6glichkeit zur <strong data-start=\"1045\" data-end=\"1067\">Wandbefestigung<\/strong> mittels D\u00fcbeln \u00d8 12 mm<\/p>\n<\/li>\n<li data-start=\"1095\" data-end=\"1130\">\n<p data-start=\"1097\" data-end=\"1130\"><strong data-start=\"1097\" data-end=\"1121\">Platzbedarf hinten:<\/strong> 100 cm<\/p>\n<\/li>\n<\/ul>\n<p data-start=\"1132\" data-end=\"1264\">Produkt <strong data-start=\"1141\" data-end=\"1163\">100 % Made in Italy<\/strong>, entwickelt f\u00fcr anspruchsvollste Bedingungen sowie Effizienz und Langlebigkeit.<\/p>\n<p data-start=\"1266\" data-end=\"1427\"><br data-start=\"1318\" data-end=\"1321\"><strong data-start=\"1321\" data-end=\"1337\">\ud83d\udc49 H\u00e4ndler:<\/strong> F\u00fcr Wiederverk\u00e4uferkonditionen senden Sie eine Anfrage per E-Mail: <a href=\"mailto:info@fdasrl.it\">Hier klicken.<\/a><\/p>\n<p data-start=\"1266\" data-end=\"1427\">\ud83d\udc49 Kaufen Sie es in unserem <a href=\"https:\/\/fda-shop.it\/shop\/articoli-per-allevamento\/abbeveratoi\/abbeveratoio-automatico-bovini\" target=\"_blank\" rel=\"noopener\">Online-Shop<\/a><\/p>\n","protected":false},"excerpt":{"rendered":"<p>Automatische Niederdrucktr\u00e4nke aus <strong data-start=\"1504\" data-end=\"1542\">Edelstahl AISI 304, St\u00e4rke 15\/10 mm<\/strong>, mit schr\u00e4gem <strong data-start=\"1567\" data-end=\"1579\">45-Liter-Becken<\/strong>, inklusive <strong data-start=\"1581\" data-end=\"1610\">Schwimmerventil 3\/4&#8243;<\/strong> und 2&#8243;-Ablauf. Ideal f\u00fcr <strong data-start=\"1647\" data-end=\"1682\">Rinder, Pferde, Ziegen und Schafe<\/strong>. <\/p>\n","protected":false},"featured_media":378,"comment_status":"open","ping_status":"closed","template":"","meta":{"_et_pb_use_builder":"","_et_pb_old_content":"","_et_gb_content_width":""},"product_brand":[],"product_cat":[511,578,409,414,544],"product_tag":[917],"class_list":{"0":"post-3801","1":"product","2":"type-product","3":"status-publish","4":"has-post-thumbnail","6":"product_cat-edelstahlwannen-fur-stalle","7":"product_cat-pferde","8":"product_cat-rinder","9":"product_cat-schafe-und-ziegen","10":"product_cat-tranken-2","11":"product_tag-fa-v4","13":"first","14":"instock","15":"shipping-taxable","16":"product-type-simple"},"yoast_head":"<!-- This site is optimized with the Yoast SEO Premium plugin v27.5 (Yoast SEO v27.5) - https:\/\/yoast.com\/product\/yoast-seo-premium-wordpress\/ -->\n<title>Schr\u00e4g-Trogtr\u00e4nke aus Edelstahl FA-V4 f\u00fcr K\u00fche und Pferde - FDA srl<\/title>\n<meta name=\"description\" content=\"Sicherheit und Effizienz mit der Schr\u00e4g-Trogtr\u00e4nke aus Edelstahl FA-V4! Ideal f\u00fcr Ziegen, K\u00fche und Schafe \u2013 machen Sie die Tierhaltung einfacher. \ud83d\udc04\" \/>\n<meta name=\"robots\" content=\"index, follow, max-snippet:-1, max-image-preview:large, max-video-preview:-1\" \/>\n<link rel=\"canonical\" href=\"https:\/\/fdasrl.it\/de\/prodotto\/automatische-schraeg-trogtraenke-aus-edelstahl\/\" \/>\n<meta property=\"og:locale\" content=\"de_DE\" \/>\n<meta property=\"og:type\" content=\"article\" \/>\n<meta property=\"og:title\" content=\"AUTOMATISCHE SCHR\u00c4G-TROGTR\u00c4NKE AUS EDELSTAHL\" \/>\n<meta property=\"og:description\" content=\"Sicherheit und Effizienz mit der Schr\u00e4g-Trogtr\u00e4nke aus Edelstahl FA-V4! Ideal f\u00fcr Ziegen, K\u00fche und Schafe \u2013 machen Sie die Tierhaltung einfacher. \ud83d\udc04\" \/>\n<meta property=\"og:url\" content=\"https:\/\/fdasrl.it\/de\/prodotto\/automatische-schraeg-trogtraenke-aus-edelstahl\/\" \/>\n<meta property=\"og:site_name\" content=\"FDA srl\" \/>\n<meta property=\"article:publisher\" content=\"https:\/\/www.facebook.com\/share\/1MWhFWg1Tp\/?mibextid=LQQJ4d\" \/>\n<meta property=\"og:image\" content=\"https:\/\/fdasrl.it\/wp-content\/uploads\/2025\/01\/FA-VS4_2.jpg\" \/>\n\t<meta property=\"og:image:width\" content=\"800\" \/>\n\t<meta property=\"og:image:height\" content=\"600\" \/>\n\t<meta property=\"og:image:type\" content=\"image\/jpeg\" \/>\n<meta name=\"twitter:card\" content=\"summary_large_image\" \/>\n<meta name=\"twitter:label1\" content=\"Preis\" \/>\n\t<meta name=\"twitter:data1\" content=\"\" \/>\n\t<meta name=\"twitter:label2\" content=\"Verf\u00fcgbarkeit\" \/>\n\t<meta name=\"twitter:data2\" content=\"Auf Lager\" \/>\n<meta property=\"product:price:currency\" content=\"EUR\" \/>\n<meta property=\"og:availability\" content=\"instock\" \/>\n<meta property=\"product:availability\" content=\"instock\" \/>\n<meta property=\"product:retailer_item_id\" content=\"FA-V4\" \/>\n<meta property=\"product:condition\" content=\"new\" \/>\n<!-- \/ Yoast SEO Premium plugin. -->","yoast_head_json":{"title":"Schr\u00e4g-Trogtr\u00e4nke aus Edelstahl FA-V4 f\u00fcr K\u00fche und Pferde - FDA srl","description":"Sicherheit und Effizienz mit der Schr\u00e4g-Trogtr\u00e4nke aus Edelstahl FA-V4! Ideal f\u00fcr Ziegen, K\u00fche und Schafe \u2013 machen Sie die Tierhaltung einfacher. \ud83d\udc04","robots":{"index":"index","follow":"follow","max-snippet":"max-snippet:-1","max-image-preview":"max-image-preview:large","max-video-preview":"max-video-preview:-1"},"canonical":"https:\/\/fdasrl.it\/de\/prodotto\/automatische-schraeg-trogtraenke-aus-edelstahl\/","og_locale":"de_DE","og_type":"article","og_title":"AUTOMATISCHE SCHR\u00c4G-TROGTR\u00c4NKE AUS EDELSTAHL","og_description":"Sicherheit und Effizienz mit der Schr\u00e4g-Trogtr\u00e4nke aus Edelstahl FA-V4! Ideal f\u00fcr Ziegen, K\u00fche und Schafe \u2013 machen Sie die Tierhaltung einfacher. \ud83d\udc04","og_url":"https:\/\/fdasrl.it\/de\/prodotto\/automatische-schraeg-trogtraenke-aus-edelstahl\/","og_site_name":"FDA srl","article_publisher":"https:\/\/www.facebook.com\/share\/1MWhFWg1Tp\/?mibextid=LQQJ4d","og_image":[{"width":800,"height":600,"url":"https:\/\/fdasrl.it\/wp-content\/uploads\/2025\/01\/FA-VS4_2.jpg","type":"image\/jpeg"}],"twitter_card":"summary_large_image","twitter_misc":{"Preis":"","Verf\u00fcgbarkeit":"Auf Lager"},"schema":{"@context":"https:\/\/schema.org","@graph":[{"@type":"WebPage","@id":"https:\/\/fdasrl.it\/de\/prodotto\/automatische-schraeg-trogtraenke-aus-edelstahl\/","url":"https:\/\/fdasrl.it\/de\/prodotto\/automatische-schraeg-trogtraenke-aus-edelstahl\/","name":"Schr\u00e4g-Trogtr\u00e4nke aus Edelstahl FA-V4 f\u00fcr K\u00fche und Pferde - FDA srl","isPartOf":{"@id":"https:\/\/fdasrl.it\/de\/#website"},"primaryImageOfPage":{"@id":"https:\/\/fdasrl.it\/de\/prodotto\/automatische-schraeg-trogtraenke-aus-edelstahl\/#primaryimage"},"image":{"@id":"https:\/\/fdasrl.it\/de\/prodotto\/automatische-schraeg-trogtraenke-aus-edelstahl\/#primaryimage"},"thumbnailUrl":"https:\/\/fdasrl.it\/wp-content\/uploads\/2025\/01\/FA-VS4_2.jpg","datePublished":"2025-01-21T09:51:18+00:00","description":"Sicherheit und Effizienz mit der Schr\u00e4g-Trogtr\u00e4nke aus Edelstahl FA-V4! Ideal f\u00fcr Ziegen, K\u00fche und Schafe \u2013 machen Sie die Tierhaltung einfacher. \ud83d\udc04","breadcrumb":{"@id":"https:\/\/fdasrl.it\/de\/prodotto\/automatische-schraeg-trogtraenke-aus-edelstahl\/#breadcrumb"},"inLanguage":"de","potentialAction":[{"@type":"ReadAction","target":["https:\/\/fdasrl.it\/de\/prodotto\/automatische-schraeg-trogtraenke-aus-edelstahl\/"]}]},{"@type":"ImageObject","inLanguage":"de","@id":"https:\/\/fdasrl.it\/de\/prodotto\/automatische-schraeg-trogtraenke-aus-edelstahl\/#primaryimage","url":"https:\/\/fdasrl.it\/wp-content\/uploads\/2025\/01\/FA-VS4_2.jpg","contentUrl":"https:\/\/fdasrl.it\/wp-content\/uploads\/2025\/01\/FA-VS4_2.jpg","width":800,"height":600},{"@type":"BreadcrumbList","@id":"https:\/\/fdasrl.it\/de\/prodotto\/automatische-schraeg-trogtraenke-aus-edelstahl\/#breadcrumb","itemListElement":[{"@type":"ListItem","position":1,"name":"Home","item":"https:\/\/fdasrl.it\/de\/startseite\/"},{"@type":"ListItem","position":2,"name":"Shop","item":"https:\/\/fdasrl.it\/de\/shop\/"},{"@type":"ListItem","position":3,"name":"AUTOMATISCHE SCHR\u00c4G-TROGTR\u00c4NKE AUS EDELSTAHL"}]},{"@type":"WebSite","@id":"https:\/\/fdasrl.it\/de\/#website","url":"https:\/\/fdasrl.it\/de\/","name":"FDA srl","description":"Equipment for animal husbandry","publisher":{"@id":"https:\/\/fdasrl.it\/de\/#organization"},"potentialAction":[{"@type":"SearchAction","target":{"@type":"EntryPoint","urlTemplate":"https:\/\/fdasrl.it\/de\/?s={search_term_string}"},"query-input":{"@type":"PropertyValueSpecification","valueRequired":true,"valueName":"search_term_string"}}],"inLanguage":"de"},{"@type":"Organization","@id":"https:\/\/fdasrl.it\/de\/#organization","name":"FDA srl","url":"https:\/\/fdasrl.it\/de\/","logo":{"@type":"ImageObject","inLanguage":"de","@id":"https:\/\/fdasrl.it\/de\/#\/schema\/logo\/image\/","url":"https:\/\/fdasrl.it\/wp-content\/uploads\/2024\/12\/Logo-FDA.png","contentUrl":"https:\/\/fdasrl.it\/wp-content\/uploads\/2024\/12\/Logo-FDA.png","width":316,"height":119,"caption":"FDA srl"},"image":{"@id":"https:\/\/fdasrl.it\/de\/#\/schema\/logo\/image\/"},"sameAs":["https:\/\/www.facebook.com\/share\/1MWhFWg1Tp\/?mibextid=LQQJ4d","https:\/\/www.instagram.com\/fda_srl\/profilecard\/?igsh=YW5lbzJ6MWg0d21u","https:\/\/www.youtube.com\/@FDASRL_ANIMALCARE"],"description":"FDA SRL \u2013 Equipment for animal husbandry nasce con l\u2019obiettivo di offrire soluzioni affidabili e innovative per l\u2019allevamento moderno. Con anni di esperienza nel settore zootecnico, progettiamo e realizziamo attrezzature destinate al benessere animale e alla gestione efficiente delle stalle: vasche, abbeveratoi, mangiatoie e sistemi di riscaldamento pensati per durare nel tempo e semplificare il lavoro quotidiano degli allevatori. Dalla progettazione alla produzione, ogni nostro prodotto \u00e8 studiato nei minimi dettagli, testato con cura e costruito per rispondere alle esigenze reali del settore. La nostra forza \u00e8 unire artigianalit\u00e0, tecnologia e competenza tecnica per trasformare ogni progetto in una soluzione concreta e funzionale. Oggi FDA SRL \u00e8 un punto di riferimento per privati e rivenditori che cercano qualit\u00e0, affidabilit\u00e0 e innovazione nelle attrezzature per l\u2019allevamento.","email":"info@fdasrl.it","telephone":"+390522826820","legalName":"F.D.A. SRL","foundingDate":"2024-10-13","vatID":"03075840359","taxID":"03075840359","numberOfEmployees":{"@type":"QuantitativeValue","minValue":"1","maxValue":"10"}}]},"product_price_currency":"EUR","og_availability":"instock","product_availability":"instock","product_retailer_item_id":"FA-V4","product_condition":"new"},"_links":{"self":[{"href":"https:\/\/fdasrl.it\/de\/wp-json\/wp\/v2\/product\/3801","targetHints":{"allow":["GET"]}}],"collection":[{"href":"https:\/\/fdasrl.it\/de\/wp-json\/wp\/v2\/product"}],"about":[{"href":"https:\/\/fdasrl.it\/de\/wp-json\/wp\/v2\/types\/product"}],"replies":[{"embeddable":true,"href":"https:\/\/fdasrl.it\/de\/wp-json\/wp\/v2\/comments?post=3801"}],"wp:featuredmedia":[{"embeddable":true,"href":"https:\/\/fdasrl.it\/de\/wp-json\/wp\/v2\/media\/378"}],"wp:attachment":[{"href":"https:\/\/fdasrl.it\/de\/wp-json\/wp\/v2\/media?parent=3801"}],"wp:term":[{"taxonomy":"product_brand","embeddable":true,"href":"https:\/\/fdasrl.it\/de\/wp-json\/wp\/v2\/product_brand?post=3801"},{"taxonomy":"product_cat","embeddable":true,"href":"https:\/\/fdasrl.it\/de\/wp-json\/wp\/v2\/product_cat?post=3801"},{"taxonomy":"product_tag","embeddable":true,"href":"https:\/\/fdasrl.it\/de\/wp-json\/wp\/v2\/product_tag?post=3801"}],"curies":[{"name":"wp","href":"https:\/\/api.w.org\/{rel}","templated":true}]}}