{"id":3915,"date":"2025-01-21T10:38:03","date_gmt":"2025-01-21T09:38:03","guid":{"rendered":"https:\/\/fdasrl.it\/prodotto\/frostschutz-zirkulationspumpe\/"},"modified":"2025-01-21T10:38:03","modified_gmt":"2025-01-21T09:38:03","slug":"frostschutz-zirkulationspumpe","status":"publish","type":"product","link":"https:\/\/fdasrl.it\/de\/prodotto\/frostschutz-zirkulationspumpe\/","title":{"rendered":"Frostschutz-Zirkulationspumpe"},"content":{"rendered":"<h2 data-start=\"262\" data-end=\"361\">\ud83d\udca7 <strong data-start=\"268\" data-end=\"361\">AquaLine \u2013 Frostschutz-Zirkulationspumpe mit integrierter Heizung f\u00fcr Tr\u00e4nkeanlagen<\/strong><\/h2>\n<p data-start=\"363\" data-end=\"737\"><strong data-start=\"363\" data-end=\"375\">AquaLine<\/strong> ist die <strong data-start=\"381\" data-end=\"498\">professionelle L\u00f6sung f\u00fcr die Umw\u00e4lzung und Erw\u00e4rmung von Wasser in Tiertr\u00e4nkeanlagen<\/strong>, ideal f\u00fcr Ringleitungen bis zu <strong data-start=\"538\" data-end=\"551\">250 Metern<\/strong> (mit 3\/4&#8243;-Rohr). Die kontinuierliche Wasserbewegung und die Beheizung mit Heizelement bieten einen <strong data-start=\"666\" data-end=\"702\">sicheren Frostschutz<\/strong> selbst unter h\u00e4rtesten Bedingungen. <\/p>\n<hr data-start=\"865\" data-end=\"868\">\n<h3 data-start=\"870\" data-end=\"905\">\u2699\ufe0f <strong data-start=\"877\" data-end=\"905\">Technische Merkmale<\/strong><\/h3>\n<ul data-start=\"907\" data-end=\"1502\">\n<li data-start=\"907\" data-end=\"964\">\n<p data-start=\"909\" data-end=\"964\"><strong data-start=\"909\" data-end=\"937\">Ganzjahresbetrieb<\/strong>: mit oder ohne Heizung<\/p>\n<\/li>\n<li data-start=\"965\" data-end=\"1011\">\n<p data-start=\"967\" data-end=\"1011\"><strong data-start=\"967\" data-end=\"1011\">Automatische Temperaturregelung<\/strong><\/p>\n<\/li>\n<li data-start=\"1012\" data-end=\"1091\">\n<p data-start=\"1014\" data-end=\"1091\"><strong data-start=\"1014\" data-end=\"1042\">Sicherheitseinrichtung<\/strong> gegen \u00dcberhitzung mit automatischer Abschaltung<\/p>\n<\/li>\n<li data-start=\"1092\" data-end=\"1141\">\n<p data-start=\"1094\" data-end=\"1141\"><strong data-start=\"1094\" data-end=\"1115\">Separate LED-Kontrollleuchten<\/strong> f\u00fcr Pumpe und Heizung<\/p>\n<\/li>\n<li data-start=\"1142\" data-end=\"1175\">\n<p data-start=\"1144\" data-end=\"1175\"><strong data-start=\"1144\" data-end=\"1175\">Integriertes Entl\u00fcftungsventil<\/strong><\/p>\n<\/li>\n<li data-start=\"1176\" data-end=\"1249\">\n<p data-start=\"1178\" data-end=\"1249\"><strong data-start=\"1178\" data-end=\"1202\">Gesch\u00fctzte Elektronik<\/strong> in isoliertem, kondenswassergesch\u00fctztem Polyamidgeh\u00e4use<\/p>\n<\/li>\n<li data-start=\"1250\" data-end=\"1314\">\n<p data-start=\"1252\" data-end=\"1314\"><strong data-start=\"1252\" data-end=\"1278\">Einfache Wandmontage<\/strong> (Befestigungssatz inklusive)<\/p>\n<\/li>\n<li data-start=\"1315\" data-end=\"1364\">\n<p data-start=\"1317\" data-end=\"1364\"><strong data-start=\"1317\" data-end=\"1336\">Kompaktes Design<\/strong>, ideal f\u00fcr beengte Platzverh\u00e4ltnisse<\/p>\n<\/li>\n<li data-start=\"1365\" data-end=\"1416\">\n<p data-start=\"1367\" data-end=\"1416\"><strong data-start=\"1367\" data-end=\"1389\">Wartungsarm<\/strong>, hochwertige Materialien<\/p>\n<\/li>\n<li data-start=\"1417\" data-end=\"1443\">\n<p data-start=\"1419\" data-end=\"1443\"><strong data-start=\"1419\" data-end=\"1436\">Stromversorgung<\/strong>: 230 V<\/p>\n<\/li>\n<li data-start=\"1444\" data-end=\"1479\">\n<p data-start=\"1446\" data-end=\"1479\"><strong data-start=\"1446\" data-end=\"1463\">Wasseranschluss<\/strong>: 3\/4\u201d von unten<\/p>\n<\/li>\n<li data-start=\"1480\" data-end=\"1502\">\n<p data-start=\"1482\" data-end=\"1502\"><strong data-start=\"1482\" data-end=\"1494\">Garantie<\/strong>: 2 Jahre<\/p>\n<\/li>\n<\/ul>\n<hr data-start=\"1959\" data-end=\"1962\">\n<h3 data-start=\"1964\" data-end=\"2031\">\ud83d\udc04 <strong data-start=\"1971\" data-end=\"2031\">Perfekt f\u00fcr Tr\u00e4nkeanlagen in der Haltung von:<\/strong><\/h3>\n<ul data-start=\"2032\" data-end=\"2098\">\n<li data-start=\"2032\" data-end=\"2040\">\n<p data-start=\"2034\" data-end=\"2040\">Rinder<\/p>\n<\/li>\n<li data-start=\"2041\" data-end=\"2048\">\n<p data-start=\"2043\" data-end=\"2048\">Schweine<\/p>\n<\/li>\n<li data-start=\"2049\" data-end=\"2058\">\n<p data-start=\"2051\" data-end=\"2058\">Pferde<\/p>\n<\/li>\n<li data-start=\"2059\" data-end=\"2071\">\n<p data-start=\"2061\" data-end=\"2071\">Schafen und Ziegen<\/p>\n<\/li>\n<li data-start=\"2072\" data-end=\"2098\">\n<p data-start=\"2074\" data-end=\"2098\">Anderen Nutztieren<\/p>\n<\/li>\n<\/ul>\n<p>Kaufen Sie sie in unserem <a href=\"https:\/\/fda-shop.it\/shop\/articoli-per-allevamento\/pompa-di-ricircolo-acqua-antigelo-marca-aqualine\" target=\"_blank\" rel=\"noopener\">Online-Shop<\/a><\/p>\n","protected":false},"excerpt":{"rendered":"<p>Zirkulationspumpe mit integrierter Heizung f\u00fcr Tr\u00e4nkeanlagen bis 250 m. Frostschutz und einfache Installation. <\/p>\n","protected":false},"featured_media":366,"comment_status":"open","ping_status":"closed","template":"","meta":{"_et_pb_use_builder":"","_et_pb_old_content":"","_et_gb_content_width":""},"product_brand":[],"product_cat":[901,409],"product_tag":[940],"class_list":{"0":"post-3915","1":"product","2":"type-product","3":"status-publish","4":"has-post-thumbnail","6":"product_cat-frostfreie-tranken","7":"product_cat-rinder","8":"product_tag-neg-fabb0019","10":"first","11":"instock","12":"shipping-taxable","13":"product-type-simple"},"yoast_head":"<!-- This site is optimized with the Yoast SEO Premium plugin v27.5 (Yoast SEO v27.5) - https:\/\/yoast.com\/product\/yoast-seo-premium-wordpress\/ -->\n<title>Frostschutz-Zirkulationspumpe mit einfacher Installation - FDA srl<\/title>\n<meta name=\"description\" content=\"Entdecken Sie die AquaLine Frostschutz-Zirkulationspumpe, ideal f\u00fcr die Erw\u00e4rmung des Wassers in Tr\u00e4nken. Bestellen Sie noch heute Ihre professionelle L\u00f6sung!\" \/>\n<meta name=\"robots\" content=\"index, follow, max-snippet:-1, max-image-preview:large, max-video-preview:-1\" \/>\n<link rel=\"canonical\" href=\"https:\/\/fdasrl.it\/de\/prodotto\/frostschutz-zirkulationspumpe\/\" \/>\n<meta property=\"og:locale\" content=\"de_DE\" \/>\n<meta property=\"og:type\" content=\"article\" \/>\n<meta property=\"og:title\" content=\"Frostschutz-Zirkulationspumpe\" \/>\n<meta property=\"og:description\" content=\"Entdecken Sie die AquaLine Frostschutz-Zirkulationspumpe, ideal f\u00fcr die Erw\u00e4rmung des Wassers in Tr\u00e4nken. Bestellen Sie noch heute Ihre professionelle L\u00f6sung!\" \/>\n<meta property=\"og:url\" content=\"https:\/\/fdasrl.it\/de\/prodotto\/frostschutz-zirkulationspumpe\/\" \/>\n<meta property=\"og:site_name\" content=\"FDA srl\" \/>\n<meta property=\"article:publisher\" content=\"https:\/\/www.facebook.com\/share\/1MWhFWg1Tp\/?mibextid=LQQJ4d\" \/>\n<meta property=\"og:image\" content=\"https:\/\/fdasrl.it\/wp-content\/uploads\/2025\/01\/22331_3.jpg\" \/>\n\t<meta property=\"og:image:width\" content=\"500\" \/>\n\t<meta property=\"og:image:height\" content=\"500\" \/>\n\t<meta property=\"og:image:type\" content=\"image\/jpeg\" \/>\n<meta name=\"twitter:card\" content=\"summary_large_image\" \/>\n<meta name=\"twitter:label1\" content=\"Preis\" \/>\n\t<meta name=\"twitter:data1\" content=\"\" \/>\n\t<meta name=\"twitter:label2\" content=\"Verf\u00fcgbarkeit\" \/>\n\t<meta name=\"twitter:data2\" content=\"Auf Lager\" \/>\n<meta property=\"product:price:currency\" content=\"EUR\" \/>\n<meta property=\"og:availability\" content=\"instock\" \/>\n<meta property=\"product:availability\" content=\"instock\" \/>\n<meta property=\"product:retailer_item_id\" content=\"NEG-FABB0019\" \/>\n<meta property=\"product:condition\" content=\"new\" \/>\n<!-- \/ Yoast SEO Premium plugin. -->","yoast_head_json":{"title":"Frostschutz-Zirkulationspumpe mit einfacher Installation - FDA srl","description":"Entdecken Sie die AquaLine Frostschutz-Zirkulationspumpe, ideal f\u00fcr die Erw\u00e4rmung des Wassers in Tr\u00e4nken. Bestellen Sie noch heute Ihre professionelle L\u00f6sung!","robots":{"index":"index","follow":"follow","max-snippet":"max-snippet:-1","max-image-preview":"max-image-preview:large","max-video-preview":"max-video-preview:-1"},"canonical":"https:\/\/fdasrl.it\/de\/prodotto\/frostschutz-zirkulationspumpe\/","og_locale":"de_DE","og_type":"article","og_title":"Frostschutz-Zirkulationspumpe","og_description":"Entdecken Sie die AquaLine Frostschutz-Zirkulationspumpe, ideal f\u00fcr die Erw\u00e4rmung des Wassers in Tr\u00e4nken. Bestellen Sie noch heute Ihre professionelle L\u00f6sung!","og_url":"https:\/\/fdasrl.it\/de\/prodotto\/frostschutz-zirkulationspumpe\/","og_site_name":"FDA srl","article_publisher":"https:\/\/www.facebook.com\/share\/1MWhFWg1Tp\/?mibextid=LQQJ4d","og_image":[{"width":500,"height":500,"url":"https:\/\/fdasrl.it\/wp-content\/uploads\/2025\/01\/22331_3.jpg","type":"image\/jpeg"}],"twitter_card":"summary_large_image","twitter_misc":{"Preis":"","Verf\u00fcgbarkeit":"Auf Lager"},"schema":{"@context":"https:\/\/schema.org","@graph":[{"@type":"WebPage","@id":"https:\/\/fdasrl.it\/de\/prodotto\/frostschutz-zirkulationspumpe\/","url":"https:\/\/fdasrl.it\/de\/prodotto\/frostschutz-zirkulationspumpe\/","name":"Frostschutz-Zirkulationspumpe mit einfacher Installation - FDA srl","isPartOf":{"@id":"https:\/\/fdasrl.it\/de\/#website"},"primaryImageOfPage":{"@id":"https:\/\/fdasrl.it\/de\/prodotto\/frostschutz-zirkulationspumpe\/#primaryimage"},"image":{"@id":"https:\/\/fdasrl.it\/de\/prodotto\/frostschutz-zirkulationspumpe\/#primaryimage"},"thumbnailUrl":"https:\/\/fdasrl.it\/wp-content\/uploads\/2025\/01\/22331_3.jpg","datePublished":"2025-01-21T09:38:03+00:00","description":"Entdecken Sie die AquaLine Frostschutz-Zirkulationspumpe, ideal f\u00fcr die Erw\u00e4rmung des Wassers in Tr\u00e4nken. Bestellen Sie noch heute Ihre professionelle L\u00f6sung!","breadcrumb":{"@id":"https:\/\/fdasrl.it\/de\/prodotto\/frostschutz-zirkulationspumpe\/#breadcrumb"},"inLanguage":"de","potentialAction":[{"@type":"ReadAction","target":["https:\/\/fdasrl.it\/de\/prodotto\/frostschutz-zirkulationspumpe\/"]}]},{"@type":"ImageObject","inLanguage":"de","@id":"https:\/\/fdasrl.it\/de\/prodotto\/frostschutz-zirkulationspumpe\/#primaryimage","url":"https:\/\/fdasrl.it\/wp-content\/uploads\/2025\/01\/22331_3.jpg","contentUrl":"https:\/\/fdasrl.it\/wp-content\/uploads\/2025\/01\/22331_3.jpg","width":500,"height":500},{"@type":"BreadcrumbList","@id":"https:\/\/fdasrl.it\/de\/prodotto\/frostschutz-zirkulationspumpe\/#breadcrumb","itemListElement":[{"@type":"ListItem","position":1,"name":"Home","item":"https:\/\/fdasrl.it\/de\/startseite\/"},{"@type":"ListItem","position":2,"name":"Shop","item":"https:\/\/fdasrl.it\/de\/shop\/"},{"@type":"ListItem","position":3,"name":"Frostschutz-Zirkulationspumpe"}]},{"@type":"WebSite","@id":"https:\/\/fdasrl.it\/de\/#website","url":"https:\/\/fdasrl.it\/de\/","name":"FDA srl","description":"Equipment for animal husbandry","publisher":{"@id":"https:\/\/fdasrl.it\/de\/#organization"},"potentialAction":[{"@type":"SearchAction","target":{"@type":"EntryPoint","urlTemplate":"https:\/\/fdasrl.it\/de\/?s={search_term_string}"},"query-input":{"@type":"PropertyValueSpecification","valueRequired":true,"valueName":"search_term_string"}}],"inLanguage":"de"},{"@type":"Organization","@id":"https:\/\/fdasrl.it\/de\/#organization","name":"FDA srl","url":"https:\/\/fdasrl.it\/de\/","logo":{"@type":"ImageObject","inLanguage":"de","@id":"https:\/\/fdasrl.it\/de\/#\/schema\/logo\/image\/","url":"https:\/\/fdasrl.it\/wp-content\/uploads\/2024\/12\/Logo-FDA.png","contentUrl":"https:\/\/fdasrl.it\/wp-content\/uploads\/2024\/12\/Logo-FDA.png","width":316,"height":119,"caption":"FDA srl"},"image":{"@id":"https:\/\/fdasrl.it\/de\/#\/schema\/logo\/image\/"},"sameAs":["https:\/\/www.facebook.com\/share\/1MWhFWg1Tp\/?mibextid=LQQJ4d","https:\/\/www.instagram.com\/fda_srl\/profilecard\/?igsh=YW5lbzJ6MWg0d21u","https:\/\/www.youtube.com\/@FDASRL_ANIMALCARE"],"description":"FDA SRL \u2013 Equipment for animal husbandry nasce con l\u2019obiettivo di offrire soluzioni affidabili e innovative per l\u2019allevamento moderno. Con anni di esperienza nel settore zootecnico, progettiamo e realizziamo attrezzature destinate al benessere animale e alla gestione efficiente delle stalle: vasche, abbeveratoi, mangiatoie e sistemi di riscaldamento pensati per durare nel tempo e semplificare il lavoro quotidiano degli allevatori. Dalla progettazione alla produzione, ogni nostro prodotto \u00e8 studiato nei minimi dettagli, testato con cura e costruito per rispondere alle esigenze reali del settore. La nostra forza \u00e8 unire artigianalit\u00e0, tecnologia e competenza tecnica per trasformare ogni progetto in una soluzione concreta e funzionale. Oggi FDA SRL \u00e8 un punto di riferimento per privati e rivenditori che cercano qualit\u00e0, affidabilit\u00e0 e innovazione nelle attrezzature per l\u2019allevamento.","email":"info@fdasrl.it","telephone":"+390522826820","legalName":"F.D.A. SRL","foundingDate":"2024-10-13","vatID":"03075840359","taxID":"03075840359","numberOfEmployees":{"@type":"QuantitativeValue","minValue":"1","maxValue":"10"}}]},"product_price_currency":"EUR","og_availability":"instock","product_availability":"instock","product_retailer_item_id":"NEG-FABB0019","product_condition":"new"},"_links":{"self":[{"href":"https:\/\/fdasrl.it\/de\/wp-json\/wp\/v2\/product\/3915","targetHints":{"allow":["GET"]}}],"collection":[{"href":"https:\/\/fdasrl.it\/de\/wp-json\/wp\/v2\/product"}],"about":[{"href":"https:\/\/fdasrl.it\/de\/wp-json\/wp\/v2\/types\/product"}],"replies":[{"embeddable":true,"href":"https:\/\/fdasrl.it\/de\/wp-json\/wp\/v2\/comments?post=3915"}],"wp:featuredmedia":[{"embeddable":true,"href":"https:\/\/fdasrl.it\/de\/wp-json\/wp\/v2\/media\/366"}],"wp:attachment":[{"href":"https:\/\/fdasrl.it\/de\/wp-json\/wp\/v2\/media?parent=3915"}],"wp:term":[{"taxonomy":"product_brand","embeddable":true,"href":"https:\/\/fdasrl.it\/de\/wp-json\/wp\/v2\/product_brand?post=3915"},{"taxonomy":"product_cat","embeddable":true,"href":"https:\/\/fdasrl.it\/de\/wp-json\/wp\/v2\/product_cat?post=3915"},{"taxonomy":"product_tag","embeddable":true,"href":"https:\/\/fdasrl.it\/de\/wp-json\/wp\/v2\/product_tag?post=3915"}],"curies":[{"name":"wp","href":"https:\/\/api.w.org\/{rel}","templated":true}]}}