{"id":3949,"date":"2025-01-21T10:56:42","date_gmt":"2025-01-21T09:56:42","guid":{"rendered":"https:\/\/fdasrl.it\/prodotto\/geneigte-edelstahl-beckentraenke-fa-v5\/"},"modified":"2025-01-21T10:56:42","modified_gmt":"2025-01-21T09:56:42","slug":"geneigte-edelstahl-beckentraenke-fa-v5","status":"publish","type":"product","link":"https:\/\/fdasrl.it\/de\/prodotto\/geneigte-edelstahl-beckentraenke-fa-v5\/","title":{"rendered":"GENEIGTE EDELSTAHL-BECKENTR\u00c4NKE FA-V5"},"content":{"rendered":"<h3 data-start=\"119\" data-end=\"189\">Automatische Schwimmertr\u00e4nke Modell geneigt FA-V5<\/h3>\n<p data-start=\"191\" data-end=\"400\">Die automatische Tr\u00e4nke <strong data-start=\"217\" data-end=\"226\">FA-V5<\/strong>, ideal f\u00fcr <strong data-start=\"239\" data-end=\"259\">Rinder und Pferde<\/strong>, besteht vollst\u00e4ndig aus <strong data-start=\"289\" data-end=\"314\">Edelstahl AISI 304<\/strong> mit einer St\u00e4rke von <strong data-start=\"328\" data-end=\"340\">1,5 mm<\/strong> und garantiert Robustheit, Hygiene sowie Langlebigkeit.<\/p>\n<p data-start=\"402\" data-end=\"637\">Das <strong data-start=\"405\" data-end=\"424\">geneigte Becken<\/strong> sorgt f\u00fcr einen <strong data-start=\"437\" data-end=\"464\">kontinuierlichen Wasserfluss<\/strong>, w\u00e4hrend die <strong data-start=\"475\" data-end=\"507\">abgerundeten, verletzungssicheren Kanten<\/strong> maximale Sicherheit f\u00fcr die Tiere gew\u00e4hrleisten. Die <strong data-start=\"562\" data-end=\"582\">Wandbefestigung<\/strong> erfolgt dank der <strong data-start=\"615\" data-end=\"636\">integrierten Platten<\/strong> schnell und einfach. <\/p>\n<p data-start=\"639\" data-end=\"674\">\u2705 <strong data-start=\"641\" data-end=\"672\">Hauptmerkmale:<\/strong><\/p>\n<ul data-start=\"675\" data-end=\"1084\">\n<li data-start=\"675\" data-end=\"722\">\n<p data-start=\"677\" data-end=\"722\">Zentrales Geh\u00e4use f\u00fcr <strong data-start=\"704\" data-end=\"720\">Schwimmer<\/strong><\/p>\n<\/li>\n<li data-start=\"723\" data-end=\"755\">\n<p data-start=\"725\" data-end=\"755\"><strong data-start=\"725\" data-end=\"744\">Beckenkapazit\u00e4t:<\/strong> 80 Liter<\/p>\n<\/li>\n<li data-start=\"756\" data-end=\"795\">\n<p data-start=\"758\" data-end=\"795\"><strong data-start=\"758\" data-end=\"785\">Zwei-Wege-Wasseranschluss<\/strong> 3\/4&#8243;<\/p>\n<\/li>\n<li data-start=\"796\" data-end=\"893\">\n<p data-start=\"798\" data-end=\"893\"><strong data-start=\"798\" data-end=\"822\">Haltedruck:<\/strong> bis zu 10 bar mit zwei enthaltenen Schwimmern f\u00fcr eine schnelle Bef\u00fcllung<\/p>\n<\/li>\n<li data-start=\"894\" data-end=\"938\">\n<p data-start=\"896\" data-end=\"938\"><strong data-start=\"896\" data-end=\"907\">Ablauf<\/strong> 2&#8243; f\u00fcr eine einfache Reinigung<\/p>\n<\/li>\n<li data-start=\"939\" data-end=\"981\">\n<p data-start=\"941\" data-end=\"981\"><strong data-start=\"941\" data-end=\"956\">Abmessungen:<\/strong> L 100 \u00d7 T 40 \u00d7 H 60 cm<\/p>\n<\/li>\n<li data-start=\"982\" data-end=\"1048\">\n<p data-start=\"984\" data-end=\"1048\">M\u00f6glichkeit zur <strong data-start=\"999\" data-end=\"1021\">Wandbefestigung<\/strong> mittels D\u00fcbeln \u00d8 12 mm<\/p>\n<\/li>\n<li data-start=\"1049\" data-end=\"1084\">\n<p data-start=\"1051\" data-end=\"1084\"><strong data-start=\"1051\" data-end=\"1075\">Platzbedarf hinten:<\/strong> 120 cm<\/p>\n<\/li>\n<li data-start=\"1049\" data-end=\"1084\">Ausgestattet mit 3\/4&#8243;-Schwimmerventil<\/li>\n<\/ul>\n<p data-start=\"1086\" data-end=\"1218\">Ein Produkt <strong data-start=\"1095\" data-end=\"1117\">100 % Made in Italy<\/strong>, entwickelt f\u00fcr anspruchsvollste Bedingungen, um Effizienz und Langlebigkeit zu garantieren.<\/p>\n<p data-start=\"1220\" data-end=\"1272\">\ud83d\udc49 H\u00e4ndlerpreis anfragen: <a href=\"mailto:info@fdasrl.it\">HIER KLICKEN<\/a><\/p>\n<p>\ud83d\udc49 Kaufen Sie sie in unserem  <a href=\"https:\/\/fda-shop.it\/shop\/articoli-per-allevamento\/abbeveratoi\/abbeveratoio-vasca-automatico-bovini\" target=\"_blank\" rel=\"noopener\">Online-Shop<\/a><\/p>\n","protected":false},"excerpt":{"rendered":"<p>Automatische Schwimmertr\u00e4nke aus <strong data-start=\"142\" data-end=\"180\">Edelstahl AISI 304, St\u00e4rke 1,5 mm<\/strong>, ideal f\u00fcr <strong data-start=\"193\" data-end=\"213\">Rinder und Pferde<\/strong>. Ausgestattet mit <strong data-start=\"225\" data-end=\"254\">3\/4&#8243;-Schwimmerventil<\/strong>, geneigtem <strong data-start=\"275\" data-end=\"287\">80-Liter-Becken<\/strong>, 2&#8243;-Ablauf und Wandbefestigung. <strong data-start=\"325\" data-end=\"342\">Made in Italy<\/strong>, robust und sicher. <\/p>\n","protected":false},"featured_media":660,"comment_status":"open","ping_status":"closed","template":"","meta":{"_et_pb_use_builder":"","_et_pb_old_content":"","_et_gb_content_width":""},"product_brand":[],"product_cat":[511,578,409,510,544],"product_tag":[944],"class_list":{"0":"post-3949","1":"product","2":"type-product","3":"status-publish","4":"has-post-thumbnail","6":"product_cat-edelstahlwannen-fur-stalle","7":"product_cat-pferde","8":"product_cat-rinder","9":"product_cat-tranken","10":"product_cat-tranken-2","11":"product_tag-fa-v5","13":"first","14":"instock","15":"shipping-taxable","16":"product-type-simple"},"yoast_head":"<!-- This site is optimized with the Yoast SEO Premium plugin v27.5 (Yoast SEO v27.5) - https:\/\/yoast.com\/product\/yoast-seo-premium-wordpress\/ -->\n<title>Automatische Tr\u00e4nke, Modell geneigt FA-V5 f\u00fcr Zuchtbetriebe - FDA srl<\/title>\n<meta name=\"description\" content=\"Entdecken Sie die automatische Tr\u00e4nke Modell FA-V5, ideal f\u00fcr Rinder und Pferde! Robust und einfach zu installieren, garantiert sie Sicherheit \ud83d\udca7\" \/>\n<meta name=\"robots\" content=\"index, follow, max-snippet:-1, max-image-preview:large, max-video-preview:-1\" \/>\n<link rel=\"canonical\" href=\"https:\/\/fdasrl.it\/de\/prodotto\/geneigte-edelstahl-beckentraenke-fa-v5\/\" \/>\n<meta property=\"og:locale\" content=\"de_DE\" \/>\n<meta property=\"og:type\" content=\"article\" \/>\n<meta property=\"og:title\" content=\"GENEIGTE EDELSTAHL-BECKENTR\u00c4NKE FA-V5\" \/>\n<meta property=\"og:description\" content=\"Entdecken Sie die automatische Tr\u00e4nke Modell FA-V5, ideal f\u00fcr Rinder und Pferde! Robust und einfach zu installieren, garantiert sie Sicherheit \ud83d\udca7\" \/>\n<meta property=\"og:url\" content=\"https:\/\/fdasrl.it\/de\/prodotto\/geneigte-edelstahl-beckentraenke-fa-v5\/\" \/>\n<meta property=\"og:site_name\" content=\"FDA srl\" \/>\n<meta property=\"article:publisher\" content=\"https:\/\/www.facebook.com\/share\/1MWhFWg1Tp\/?mibextid=LQQJ4d\" \/>\n<meta property=\"og:image\" content=\"https:\/\/fdasrl.it\/wp-content\/uploads\/2025\/01\/Abbeveratoio-inclinato-inox-vasca-cavalli-mucche-favs5.jpeg\" \/>\n\t<meta property=\"og:image:width\" content=\"1000\" \/>\n\t<meta property=\"og:image:height\" content=\"571\" \/>\n\t<meta property=\"og:image:type\" content=\"image\/jpeg\" \/>\n<meta name=\"twitter:card\" content=\"summary_large_image\" \/>\n<meta name=\"twitter:label1\" content=\"Preis\" \/>\n\t<meta name=\"twitter:data1\" content=\"\" \/>\n\t<meta name=\"twitter:label2\" content=\"Verf\u00fcgbarkeit\" \/>\n\t<meta name=\"twitter:data2\" content=\"Auf Lager\" \/>\n<meta property=\"product:price:currency\" content=\"EUR\" \/>\n<meta property=\"og:availability\" content=\"instock\" \/>\n<meta property=\"product:availability\" content=\"instock\" \/>\n<meta property=\"product:retailer_item_id\" content=\"FA-V5\" \/>\n<meta property=\"product:condition\" content=\"new\" \/>\n<!-- \/ Yoast SEO Premium plugin. -->","yoast_head_json":{"title":"Automatische Tr\u00e4nke, Modell geneigt FA-V5 f\u00fcr Zuchtbetriebe - FDA srl","description":"Entdecken Sie die automatische Tr\u00e4nke Modell FA-V5, ideal f\u00fcr Rinder und Pferde! Robust und einfach zu installieren, garantiert sie Sicherheit \ud83d\udca7","robots":{"index":"index","follow":"follow","max-snippet":"max-snippet:-1","max-image-preview":"max-image-preview:large","max-video-preview":"max-video-preview:-1"},"canonical":"https:\/\/fdasrl.it\/de\/prodotto\/geneigte-edelstahl-beckentraenke-fa-v5\/","og_locale":"de_DE","og_type":"article","og_title":"GENEIGTE EDELSTAHL-BECKENTR\u00c4NKE FA-V5","og_description":"Entdecken Sie die automatische Tr\u00e4nke Modell FA-V5, ideal f\u00fcr Rinder und Pferde! Robust und einfach zu installieren, garantiert sie Sicherheit \ud83d\udca7","og_url":"https:\/\/fdasrl.it\/de\/prodotto\/geneigte-edelstahl-beckentraenke-fa-v5\/","og_site_name":"FDA srl","article_publisher":"https:\/\/www.facebook.com\/share\/1MWhFWg1Tp\/?mibextid=LQQJ4d","og_image":[{"width":1000,"height":571,"url":"https:\/\/fdasrl.it\/wp-content\/uploads\/2025\/01\/Abbeveratoio-inclinato-inox-vasca-cavalli-mucche-favs5.jpeg","type":"image\/jpeg"}],"twitter_card":"summary_large_image","twitter_misc":{"Preis":"","Verf\u00fcgbarkeit":"Auf Lager"},"schema":{"@context":"https:\/\/schema.org","@graph":[{"@type":"WebPage","@id":"https:\/\/fdasrl.it\/de\/prodotto\/geneigte-edelstahl-beckentraenke-fa-v5\/","url":"https:\/\/fdasrl.it\/de\/prodotto\/geneigte-edelstahl-beckentraenke-fa-v5\/","name":"Automatische Tr\u00e4nke, Modell geneigt FA-V5 f\u00fcr Zuchtbetriebe - FDA srl","isPartOf":{"@id":"https:\/\/fdasrl.it\/de\/#website"},"primaryImageOfPage":{"@id":"https:\/\/fdasrl.it\/de\/prodotto\/geneigte-edelstahl-beckentraenke-fa-v5\/#primaryimage"},"image":{"@id":"https:\/\/fdasrl.it\/de\/prodotto\/geneigte-edelstahl-beckentraenke-fa-v5\/#primaryimage"},"thumbnailUrl":"https:\/\/fdasrl.it\/wp-content\/uploads\/2025\/01\/Abbeveratoio-inclinato-inox-vasca-cavalli-mucche-favs5.jpeg","datePublished":"2025-01-21T09:56:42+00:00","description":"Entdecken Sie die automatische Tr\u00e4nke Modell FA-V5, ideal f\u00fcr Rinder und Pferde! Robust und einfach zu installieren, garantiert sie Sicherheit \ud83d\udca7","breadcrumb":{"@id":"https:\/\/fdasrl.it\/de\/prodotto\/geneigte-edelstahl-beckentraenke-fa-v5\/#breadcrumb"},"inLanguage":"de","potentialAction":[{"@type":"ReadAction","target":["https:\/\/fdasrl.it\/de\/prodotto\/geneigte-edelstahl-beckentraenke-fa-v5\/"]}]},{"@type":"ImageObject","inLanguage":"de","@id":"https:\/\/fdasrl.it\/de\/prodotto\/geneigte-edelstahl-beckentraenke-fa-v5\/#primaryimage","url":"https:\/\/fdasrl.it\/wp-content\/uploads\/2025\/01\/Abbeveratoio-inclinato-inox-vasca-cavalli-mucche-favs5.jpeg","contentUrl":"https:\/\/fdasrl.it\/wp-content\/uploads\/2025\/01\/Abbeveratoio-inclinato-inox-vasca-cavalli-mucche-favs5.jpeg","width":1000,"height":571,"caption":"Edelstahl-Beckentr\u00e4nke-geneigt-Pferde-Rinder-favs5"},{"@type":"BreadcrumbList","@id":"https:\/\/fdasrl.it\/de\/prodotto\/geneigte-edelstahl-beckentraenke-fa-v5\/#breadcrumb","itemListElement":[{"@type":"ListItem","position":1,"name":"Home","item":"https:\/\/fdasrl.it\/de\/startseite\/"},{"@type":"ListItem","position":2,"name":"Shop","item":"https:\/\/fdasrl.it\/de\/shop\/"},{"@type":"ListItem","position":3,"name":"GENEIGTE EDELSTAHL-BECKENTR\u00c4NKE FA-V5"}]},{"@type":"WebSite","@id":"https:\/\/fdasrl.it\/de\/#website","url":"https:\/\/fdasrl.it\/de\/","name":"FDA srl","description":"Equipment for animal husbandry","publisher":{"@id":"https:\/\/fdasrl.it\/de\/#organization"},"potentialAction":[{"@type":"SearchAction","target":{"@type":"EntryPoint","urlTemplate":"https:\/\/fdasrl.it\/de\/?s={search_term_string}"},"query-input":{"@type":"PropertyValueSpecification","valueRequired":true,"valueName":"search_term_string"}}],"inLanguage":"de"},{"@type":"Organization","@id":"https:\/\/fdasrl.it\/de\/#organization","name":"FDA srl","url":"https:\/\/fdasrl.it\/de\/","logo":{"@type":"ImageObject","inLanguage":"de","@id":"https:\/\/fdasrl.it\/de\/#\/schema\/logo\/image\/","url":"https:\/\/fdasrl.it\/wp-content\/uploads\/2024\/12\/Logo-FDA.png","contentUrl":"https:\/\/fdasrl.it\/wp-content\/uploads\/2024\/12\/Logo-FDA.png","width":316,"height":119,"caption":"FDA srl"},"image":{"@id":"https:\/\/fdasrl.it\/de\/#\/schema\/logo\/image\/"},"sameAs":["https:\/\/www.facebook.com\/share\/1MWhFWg1Tp\/?mibextid=LQQJ4d","https:\/\/www.instagram.com\/fda_srl\/profilecard\/?igsh=YW5lbzJ6MWg0d21u","https:\/\/www.youtube.com\/@FDASRL_ANIMALCARE"],"description":"FDA SRL \u2013 Equipment for animal husbandry nasce con l\u2019obiettivo di offrire soluzioni affidabili e innovative per l\u2019allevamento moderno. Con anni di esperienza nel settore zootecnico, progettiamo e realizziamo attrezzature destinate al benessere animale e alla gestione efficiente delle stalle: vasche, abbeveratoi, mangiatoie e sistemi di riscaldamento pensati per durare nel tempo e semplificare il lavoro quotidiano degli allevatori. Dalla progettazione alla produzione, ogni nostro prodotto \u00e8 studiato nei minimi dettagli, testato con cura e costruito per rispondere alle esigenze reali del settore. La nostra forza \u00e8 unire artigianalit\u00e0, tecnologia e competenza tecnica per trasformare ogni progetto in una soluzione concreta e funzionale. Oggi FDA SRL \u00e8 un punto di riferimento per privati e rivenditori che cercano qualit\u00e0, affidabilit\u00e0 e innovazione nelle attrezzature per l\u2019allevamento.","email":"info@fdasrl.it","telephone":"+390522826820","legalName":"F.D.A. SRL","foundingDate":"2024-10-13","vatID":"03075840359","taxID":"03075840359","numberOfEmployees":{"@type":"QuantitativeValue","minValue":"1","maxValue":"10"}}]},"product_price_currency":"EUR","og_availability":"instock","product_availability":"instock","product_retailer_item_id":"FA-V5","product_condition":"new"},"_links":{"self":[{"href":"https:\/\/fdasrl.it\/de\/wp-json\/wp\/v2\/product\/3949","targetHints":{"allow":["GET"]}}],"collection":[{"href":"https:\/\/fdasrl.it\/de\/wp-json\/wp\/v2\/product"}],"about":[{"href":"https:\/\/fdasrl.it\/de\/wp-json\/wp\/v2\/types\/product"}],"replies":[{"embeddable":true,"href":"https:\/\/fdasrl.it\/de\/wp-json\/wp\/v2\/comments?post=3949"}],"wp:featuredmedia":[{"embeddable":true,"href":"https:\/\/fdasrl.it\/de\/wp-json\/wp\/v2\/media\/660"}],"wp:attachment":[{"href":"https:\/\/fdasrl.it\/de\/wp-json\/wp\/v2\/media?parent=3949"}],"wp:term":[{"taxonomy":"product_brand","embeddable":true,"href":"https:\/\/fdasrl.it\/de\/wp-json\/wp\/v2\/product_brand?post=3949"},{"taxonomy":"product_cat","embeddable":true,"href":"https:\/\/fdasrl.it\/de\/wp-json\/wp\/v2\/product_cat?post=3949"},{"taxonomy":"product_tag","embeddable":true,"href":"https:\/\/fdasrl.it\/de\/wp-json\/wp\/v2\/product_tag?post=3949"}],"curies":[{"name":"wp","href":"https:\/\/api.w.org\/{rel}","templated":true}]}}