{"id":3954,"date":"2025-01-21T09:57:19","date_gmt":"2025-01-21T08:57:19","guid":{"rendered":"https:\/\/fdasrl.it\/prodotto\/gusseisen-traenkebecken-mit-automatischer-niveauregulierung-fuer-rinder-und-pferde\/"},"modified":"2025-01-21T09:57:19","modified_gmt":"2025-01-21T08:57:19","slug":"gusseisen-traenkebecken-mit-automatischer-niveauregulierung-fuer-rinder-und-pferde","status":"publish","type":"product","link":"https:\/\/fdasrl.it\/de\/prodotto\/gusseisen-traenkebecken-mit-automatischer-niveauregulierung-fuer-rinder-und-pferde\/","title":{"rendered":"Gusseisen-Tr\u00e4nkebecken mit automatischer Niveauregulierung f\u00fcr Rinder und Pferde"},"content":{"rendered":"<h3 data-start=\"396\" data-end=\"488\">Gusseisen-Tr\u00e4nkebecken mit automatischer Niveauregulierung 4,5 Liter f\u00fcr Rinder und Pferde \u2013 Modell FDA<\/h3>\n<h4 data-start=\"490\" data-end=\"780\">Das automatische Tr\u00e4nkebecken FDA ist die ideale L\u00f6sung, um eine konstante und sichere Wasserversorgung f\u00fcr Rinder und Pferde zu gew\u00e4hrleisten.<\/h4>\n<p data-start=\"490\" data-end=\"780\">Hergestellt aus <strong data-start=\"639\" data-end=\"700\">emailliertem und kataphoretisch beschichtetem Gusseisen<\/strong>, ist es f\u00fcr langlebigen Einsatz auch in anspruchsvollen landwirtschaftlichen Umgebungen konzipiert.<\/p>\n<p data-start=\"782\" data-end=\"1116\">Ausgestattet mit <strong data-start=\"792\" data-end=\"843\">regulierbarem Kugelschwimmerventil FAR 16P<\/strong>, h\u00e4lt es automatisch den Wasserstand konstant und reduziert Verschwendung und manuelle Eingriffe. Der <strong data-start=\"945\" data-end=\"979\">Schutz aus Edelstahl 304<\/strong> gew\u00e4hrleistet zus\u00e4tzliche Widerstandsf\u00e4higkeit und Hygiene, w\u00e4hrend der <strong data-start=\"1030\" data-end=\"1060\">integrierte Ablassstopfen<\/strong> eine schnelle und einfache Reinigung der Schale erm\u00f6glicht. <\/p>\n<p data-start=\"1118\" data-end=\"1253\">Dank des <strong data-start=\"1128\" data-end=\"1157\">kompakten und robusten Designs<\/strong> kann das Tr\u00e4nkebecken an der <strong data-start=\"1198\" data-end=\"1222\">Wand oder an einem Pfosten<\/strong> montiert werden, mit Wasserzulauf von unten.<\/p>\n<hr data-start=\"1255\" data-end=\"1258\">\n<h3 data-start=\"1260\" data-end=\"1292\">\u2699\ufe0f Technische Merkmale:<\/h3>\n<ul data-start=\"1294\" data-end=\"1681\">\n<li data-start=\"1294\" data-end=\"1321\">\n<p data-start=\"1296\" data-end=\"1321\"><strong data-start=\"1296\" data-end=\"1308\">Fassungsverm\u00f6gen<\/strong>: 4,5 Liter<\/p>\n<\/li>\n<li data-start=\"1322\" data-end=\"1378\">\n<p data-start=\"1324\" data-end=\"1378\"><strong data-start=\"1324\" data-end=\"1337\">Material<\/strong>: emailliertes Gusseisen, Edelstahl AISI 304<\/p>\n<\/li>\n<li data-start=\"1379\" data-end=\"1433\">\n<p data-start=\"1381\" data-end=\"1433\"><strong data-start=\"1381\" data-end=\"1392\">Ventil<\/strong>: FAR 16P mit regulierbarer Niveauregulierung<\/p>\n<\/li>\n<li data-start=\"1434\" data-end=\"1452\">\n<p data-start=\"1436\" data-end=\"1452\"><strong data-start=\"1436\" data-end=\"1444\">Gewicht<\/strong>: 7 kg<\/p>\n<\/li>\n<li data-start=\"1453\" data-end=\"1494\">\n<p data-start=\"1455\" data-end=\"1494\"><strong data-start=\"1455\" data-end=\"1485\">Innendurchmesser Schale<\/strong>: 21 cm<\/p>\n<\/li>\n<li data-start=\"1495\" data-end=\"1546\">\n<p data-start=\"1497\" data-end=\"1546\"><strong data-start=\"1497\" data-end=\"1514\">Montage<\/strong>: an Wand oder auf vertikalem Rohr<\/p>\n<\/li>\n<li data-start=\"1547\" data-end=\"1622\">\n<p data-start=\"1549\" data-end=\"1622\"><strong data-start=\"1549\" data-end=\"1564\">Behandlung<\/strong>: kataphoretische Beschichtung, korrosionsbest\u00e4ndig<\/p>\n<\/li>\n<li data-start=\"1623\" data-end=\"1681\">\n<p data-start=\"1625\" data-end=\"1681\"><strong data-start=\"1625\" data-end=\"1641\">Wartung<\/strong>: unterer Ablauf f\u00fcr schnelle Reinigung<\/p>\n<\/li>\n<\/ul>\n<p>&nbsp;<\/p>\n<p>\ud83d\udc49 H\u00e4ndlerpreis anfragen: <a href=\"mailto:info@fdasrl.it\">HIER KLICKEN<\/a><\/p>\n<p>\ud83d\udc49 Kaufen Sie es in unserem <a href=\"https:\/\/fda-shop.it\/shop\/articoli-per-allevamento\/abbeveratoi\/abbeveratoio-automatico-a-livello-costante-in-ghisa-45-l#\/299-tipo_di_fissaggio_-a_muro\" target=\"_blank\" rel=\"noopener\">Online-Shop<\/a><\/p>\n","protected":false},"excerpt":{"rendered":"<p>Emailliertes Gusseisen-Tr\u00e4nkebecken 4,5 L mit konstantem Niveau, FAR 16P-Ventil und Edelstahlschutz. Ideal f\u00fcr Rinder und Pferde. <\/p>\n","protected":false},"featured_media":884,"comment_status":"open","ping_status":"closed","template":"","meta":{"_et_pb_use_builder":"","_et_pb_old_content":"","_et_gb_content_width":""},"product_brand":[],"product_cat":[578,409,510,544],"product_tag":[945,946],"class_list":{"0":"post-3954","1":"product","2":"type-product","3":"status-publish","4":"has-post-thumbnail","6":"product_cat-pferde","7":"product_cat-rinder","8":"product_cat-tranken","9":"product_cat-tranken-2","10":"product_tag-fa-ag-ghisa","11":"product_tag-faag-ghisa","13":"first","14":"instock","15":"shipping-taxable","16":"product-type-simple"},"yoast_head":"<!-- This site is optimized with the Yoast SEO Premium plugin v27.5 (Yoast SEO v27.5) - https:\/\/yoast.com\/product\/yoast-seo-premium-wordpress\/ -->\n<title>Gusseisen-Tr\u00e4nkebecken mit automatischer Niveauregulierung f\u00fcr Rinder und Pferde - FDA srl<\/title>\n<meta name=\"description\" content=\"W\u00e4hlen Sie das Gusseisen-Tr\u00e4nkebecken mit automatischer Niveauregulierung f\u00fcr Rinder und Pferde f\u00fcr eine Wasserbewirtschaftung ohne Verschwendung. Erfahren Sie jetzt mehr!\" \/>\n<meta name=\"robots\" content=\"index, follow, max-snippet:-1, max-image-preview:large, max-video-preview:-1\" \/>\n<link rel=\"canonical\" href=\"https:\/\/fdasrl.it\/de\/prodotto\/gusseisen-traenkebecken-mit-automatischer-niveauregulierung-fuer-rinder-und-pferde\/\" \/>\n<meta property=\"og:locale\" content=\"de_DE\" \/>\n<meta property=\"og:type\" content=\"article\" \/>\n<meta property=\"og:title\" content=\"Gusseisen-Tr\u00e4nkebecken mit automatischer Niveauregulierung f\u00fcr Rinder und Pferde\" \/>\n<meta property=\"og:description\" content=\"W\u00e4hlen Sie das Gusseisen-Tr\u00e4nkebecken mit automatischer Niveauregulierung f\u00fcr Rinder und Pferde f\u00fcr eine Wasserbewirtschaftung ohne Verschwendung. Erfahren Sie jetzt mehr!\" \/>\n<meta property=\"og:url\" content=\"https:\/\/fdasrl.it\/de\/prodotto\/gusseisen-traenkebecken-mit-automatischer-niveauregulierung-fuer-rinder-und-pferde\/\" \/>\n<meta property=\"og:site_name\" content=\"FDA srl\" \/>\n<meta property=\"article:publisher\" content=\"https:\/\/www.facebook.com\/share\/1MWhFWg1Tp\/?mibextid=LQQJ4d\" \/>\n<meta property=\"og:image\" content=\"https:\/\/fdasrl.it\/wp-content\/uploads\/2025\/01\/vaschetta-abbeveratoio-ghisa-fda-1.webp\" \/>\n\t<meta property=\"og:image:width\" content=\"1684\" \/>\n\t<meta property=\"og:image:height\" content=\"1190\" \/>\n\t<meta property=\"og:image:type\" content=\"image\/webp\" \/>\n<meta name=\"twitter:card\" content=\"summary_large_image\" \/>\n<meta name=\"twitter:label1\" content=\"Preis\" \/>\n\t<meta name=\"twitter:data1\" content=\"\" \/>\n\t<meta name=\"twitter:label2\" content=\"Verf\u00fcgbarkeit\" \/>\n\t<meta name=\"twitter:data2\" content=\"Auf Lager\" \/>\n<meta property=\"product:price:currency\" content=\"EUR\" \/>\n<meta property=\"og:availability\" content=\"instock\" \/>\n<meta property=\"product:availability\" content=\"instock\" \/>\n<meta property=\"product:retailer_item_id\" content=\"FAAG-GHISA\" \/>\n<meta property=\"product:condition\" content=\"new\" \/>\n<!-- \/ Yoast SEO Premium plugin. -->","yoast_head_json":{"title":"Gusseisen-Tr\u00e4nkebecken mit automatischer Niveauregulierung f\u00fcr Rinder und Pferde - FDA srl","description":"W\u00e4hlen Sie das Gusseisen-Tr\u00e4nkebecken mit automatischer Niveauregulierung f\u00fcr Rinder und Pferde f\u00fcr eine Wasserbewirtschaftung ohne Verschwendung. Erfahren Sie jetzt mehr!","robots":{"index":"index","follow":"follow","max-snippet":"max-snippet:-1","max-image-preview":"max-image-preview:large","max-video-preview":"max-video-preview:-1"},"canonical":"https:\/\/fdasrl.it\/de\/prodotto\/gusseisen-traenkebecken-mit-automatischer-niveauregulierung-fuer-rinder-und-pferde\/","og_locale":"de_DE","og_type":"article","og_title":"Gusseisen-Tr\u00e4nkebecken mit automatischer Niveauregulierung f\u00fcr Rinder und Pferde","og_description":"W\u00e4hlen Sie das Gusseisen-Tr\u00e4nkebecken mit automatischer Niveauregulierung f\u00fcr Rinder und Pferde f\u00fcr eine Wasserbewirtschaftung ohne Verschwendung. Erfahren Sie jetzt mehr!","og_url":"https:\/\/fdasrl.it\/de\/prodotto\/gusseisen-traenkebecken-mit-automatischer-niveauregulierung-fuer-rinder-und-pferde\/","og_site_name":"FDA srl","article_publisher":"https:\/\/www.facebook.com\/share\/1MWhFWg1Tp\/?mibextid=LQQJ4d","og_image":[{"width":1684,"height":1190,"url":"https:\/\/fdasrl.it\/wp-content\/uploads\/2025\/01\/vaschetta-abbeveratoio-ghisa-fda-1.webp","type":"image\/webp"}],"twitter_card":"summary_large_image","twitter_misc":{"Preis":"","Verf\u00fcgbarkeit":"Auf Lager"},"schema":{"@context":"https:\/\/schema.org","@graph":[{"@type":"WebPage","@id":"https:\/\/fdasrl.it\/de\/prodotto\/gusseisen-traenkebecken-mit-automatischer-niveauregulierung-fuer-rinder-und-pferde\/","url":"https:\/\/fdasrl.it\/de\/prodotto\/gusseisen-traenkebecken-mit-automatischer-niveauregulierung-fuer-rinder-und-pferde\/","name":"Gusseisen-Tr\u00e4nkebecken mit automatischer Niveauregulierung f\u00fcr Rinder und Pferde - FDA srl","isPartOf":{"@id":"https:\/\/fdasrl.it\/de\/#website"},"primaryImageOfPage":{"@id":"https:\/\/fdasrl.it\/de\/prodotto\/gusseisen-traenkebecken-mit-automatischer-niveauregulierung-fuer-rinder-und-pferde\/#primaryimage"},"image":{"@id":"https:\/\/fdasrl.it\/de\/prodotto\/gusseisen-traenkebecken-mit-automatischer-niveauregulierung-fuer-rinder-und-pferde\/#primaryimage"},"thumbnailUrl":"https:\/\/fdasrl.it\/wp-content\/uploads\/2025\/01\/vaschetta-abbeveratoio-ghisa-fda-1.webp","datePublished":"2025-01-21T08:57:19+00:00","description":"W\u00e4hlen Sie das Gusseisen-Tr\u00e4nkebecken mit automatischer Niveauregulierung f\u00fcr Rinder und Pferde f\u00fcr eine Wasserbewirtschaftung ohne Verschwendung. Erfahren Sie jetzt mehr!","breadcrumb":{"@id":"https:\/\/fdasrl.it\/de\/prodotto\/gusseisen-traenkebecken-mit-automatischer-niveauregulierung-fuer-rinder-und-pferde\/#breadcrumb"},"inLanguage":"de","potentialAction":[{"@type":"ReadAction","target":["https:\/\/fdasrl.it\/de\/prodotto\/gusseisen-traenkebecken-mit-automatischer-niveauregulierung-fuer-rinder-und-pferde\/"]}]},{"@type":"ImageObject","inLanguage":"de","@id":"https:\/\/fdasrl.it\/de\/prodotto\/gusseisen-traenkebecken-mit-automatischer-niveauregulierung-fuer-rinder-und-pferde\/#primaryimage","url":"https:\/\/fdasrl.it\/wp-content\/uploads\/2025\/01\/vaschetta-abbeveratoio-ghisa-fda-1.webp","contentUrl":"https:\/\/fdasrl.it\/wp-content\/uploads\/2025\/01\/vaschetta-abbeveratoio-ghisa-fda-1.webp","width":1684,"height":1190,"caption":"Vaschetta abbeveratoio in ghisa smaltata verde a livello costante - vista 1"},{"@type":"BreadcrumbList","@id":"https:\/\/fdasrl.it\/de\/prodotto\/gusseisen-traenkebecken-mit-automatischer-niveauregulierung-fuer-rinder-und-pferde\/#breadcrumb","itemListElement":[{"@type":"ListItem","position":1,"name":"Home","item":"https:\/\/fdasrl.it\/de\/startseite\/"},{"@type":"ListItem","position":2,"name":"Shop","item":"https:\/\/fdasrl.it\/de\/shop\/"},{"@type":"ListItem","position":3,"name":"Gusseisen-Tr\u00e4nkebecken mit automatischer Niveauregulierung f\u00fcr Rinder und Pferde"}]},{"@type":"WebSite","@id":"https:\/\/fdasrl.it\/de\/#website","url":"https:\/\/fdasrl.it\/de\/","name":"FDA srl","description":"Equipment for animal husbandry","publisher":{"@id":"https:\/\/fdasrl.it\/de\/#organization"},"potentialAction":[{"@type":"SearchAction","target":{"@type":"EntryPoint","urlTemplate":"https:\/\/fdasrl.it\/de\/?s={search_term_string}"},"query-input":{"@type":"PropertyValueSpecification","valueRequired":true,"valueName":"search_term_string"}}],"inLanguage":"de"},{"@type":"Organization","@id":"https:\/\/fdasrl.it\/de\/#organization","name":"FDA srl","url":"https:\/\/fdasrl.it\/de\/","logo":{"@type":"ImageObject","inLanguage":"de","@id":"https:\/\/fdasrl.it\/de\/#\/schema\/logo\/image\/","url":"https:\/\/fdasrl.it\/wp-content\/uploads\/2024\/12\/Logo-FDA.png","contentUrl":"https:\/\/fdasrl.it\/wp-content\/uploads\/2024\/12\/Logo-FDA.png","width":316,"height":119,"caption":"FDA srl"},"image":{"@id":"https:\/\/fdasrl.it\/de\/#\/schema\/logo\/image\/"},"sameAs":["https:\/\/www.facebook.com\/share\/1MWhFWg1Tp\/?mibextid=LQQJ4d","https:\/\/www.instagram.com\/fda_srl\/profilecard\/?igsh=YW5lbzJ6MWg0d21u","https:\/\/www.youtube.com\/@FDASRL_ANIMALCARE"],"description":"FDA SRL \u2013 Equipment for animal husbandry nasce con l\u2019obiettivo di offrire soluzioni affidabili e innovative per l\u2019allevamento moderno. Con anni di esperienza nel settore zootecnico, progettiamo e realizziamo attrezzature destinate al benessere animale e alla gestione efficiente delle stalle: vasche, abbeveratoi, mangiatoie e sistemi di riscaldamento pensati per durare nel tempo e semplificare il lavoro quotidiano degli allevatori. Dalla progettazione alla produzione, ogni nostro prodotto \u00e8 studiato nei minimi dettagli, testato con cura e costruito per rispondere alle esigenze reali del settore. La nostra forza \u00e8 unire artigianalit\u00e0, tecnologia e competenza tecnica per trasformare ogni progetto in una soluzione concreta e funzionale. Oggi FDA SRL \u00e8 un punto di riferimento per privati e rivenditori che cercano qualit\u00e0, affidabilit\u00e0 e innovazione nelle attrezzature per l\u2019allevamento.","email":"info@fdasrl.it","telephone":"+390522826820","legalName":"F.D.A. SRL","foundingDate":"2024-10-13","vatID":"03075840359","taxID":"03075840359","numberOfEmployees":{"@type":"QuantitativeValue","minValue":"1","maxValue":"10"}}]},"product_price_currency":"EUR","og_availability":"instock","product_availability":"instock","product_retailer_item_id":"FAAG-GHISA","product_condition":"new"},"_links":{"self":[{"href":"https:\/\/fdasrl.it\/de\/wp-json\/wp\/v2\/product\/3954","targetHints":{"allow":["GET"]}}],"collection":[{"href":"https:\/\/fdasrl.it\/de\/wp-json\/wp\/v2\/product"}],"about":[{"href":"https:\/\/fdasrl.it\/de\/wp-json\/wp\/v2\/types\/product"}],"replies":[{"embeddable":true,"href":"https:\/\/fdasrl.it\/de\/wp-json\/wp\/v2\/comments?post=3954"}],"wp:featuredmedia":[{"embeddable":true,"href":"https:\/\/fdasrl.it\/de\/wp-json\/wp\/v2\/media\/884"}],"wp:attachment":[{"href":"https:\/\/fdasrl.it\/de\/wp-json\/wp\/v2\/media?parent=3954"}],"wp:term":[{"taxonomy":"product_brand","embeddable":true,"href":"https:\/\/fdasrl.it\/de\/wp-json\/wp\/v2\/product_brand?post=3954"},{"taxonomy":"product_cat","embeddable":true,"href":"https:\/\/fdasrl.it\/de\/wp-json\/wp\/v2\/product_cat?post=3954"},{"taxonomy":"product_tag","embeddable":true,"href":"https:\/\/fdasrl.it\/de\/wp-json\/wp\/v2\/product_tag?post=3954"}],"curies":[{"name":"wp","href":"https:\/\/api.w.org\/{rel}","templated":true}]}}