{"id":4001,"date":"2025-01-21T10:25:05","date_gmt":"2025-01-21T09:25:05","guid":{"rendered":"https:\/\/fdasrl.it\/prodotto\/frostfreie-thermo-balltraenke-fa-at-1\/"},"modified":"2025-01-21T10:25:05","modified_gmt":"2025-01-21T09:25:05","slug":"frostfreie-thermo-balltraenke-fa-at-1","status":"publish","type":"product","link":"https:\/\/fdasrl.it\/de\/prodotto\/frostfreie-thermo-balltraenke-fa-at-1\/","title":{"rendered":"Frostfreie Thermo-Balltr\u00e4nke FA-AT 1"},"content":{"rendered":"<h2 data-start=\"170\" data-end=\"250\">\u2744\ufe0f <strong data-start=\"176\" data-end=\"250\">Frostfreie Thermo-Balltr\u00e4nke FA-AT 1 f\u00fcr Rinder und Pferde<\/strong><\/h2>\n<p data-start=\"252\" data-end=\"655\">Die <strong data-start=\"254\" data-end=\"295\">frostfreie Thermo-Tr\u00e4nke FA-AT 1<\/strong> ist so konzipiert, dass sie <strong data-start=\"321\" data-end=\"366\">auch im Winter stets verf\u00fcgbares Wasser<\/strong> bietet, ohne Strom zu verbrauchen. Dank der <strong data-start=\"407\" data-end=\"463\">Isolierung aus hochdichtem Polyurethanschaum<\/strong> und der <strong data-start=\"471\" data-end=\"500\">doppelwandigen Struktur<\/strong> h\u00e4lt sie eine stabile Wassertemperatur zwischen <strong data-start=\"550\" data-end=\"573\">3\u00b0 und 5 \u00b0C im Winter<\/strong> und zwischen <strong data-start=\"580\" data-end=\"604\">10\u00b0 und 12 \u00b0C im Sommer<\/strong> und garantiert <strong data-start=\"617\" data-end=\"654\">Frostschutz bis zu -30 \u00b0C<\/strong>. <\/p>\n<hr data-start=\"657\" data-end=\"660\">\n<h3 data-start=\"662\" data-end=\"697\">\ud83d\udc04 <strong data-start=\"669\" data-end=\"697\">Technische Merkmale<\/strong><\/h3>\n<ul data-start=\"699\" data-end=\"1229\">\n<li data-start=\"699\" data-end=\"723\">\n<p data-start=\"701\" data-end=\"723\"><strong data-start=\"701\" data-end=\"712\">Modell<\/strong>: FA-AT 1<\/p>\n<\/li>\n<li data-start=\"724\" data-end=\"750\">\n<p data-start=\"726\" data-end=\"750\"><strong data-start=\"726\" data-end=\"738\">Kapazit\u00e4t<\/strong>: 40 Liter<\/p>\n<\/li>\n<li data-start=\"751\" data-end=\"784\">\n<p data-start=\"753\" data-end=\"784\"><strong data-start=\"753\" data-end=\"772\">Ventildurchfluss<\/strong>: 35 l\/min<\/p>\n<\/li>\n<li data-start=\"785\" data-end=\"841\">\n<p data-start=\"787\" data-end=\"841\"><strong data-start=\"787\" data-end=\"810\">Wasseranschluss<\/strong>: Anschluss von unten 1\/2&#8243;<\/p>\n<\/li>\n<li data-start=\"842\" data-end=\"895\">\n<p data-start=\"844\" data-end=\"895\"><strong data-start=\"844\" data-end=\"874\">Niedrigpegelsystem<\/strong> mit Frostschutzball<\/p>\n<\/li>\n<li data-start=\"896\" data-end=\"951\">\n<p data-start=\"898\" data-end=\"951\"><strong data-start=\"898\" data-end=\"911\">Material<\/strong>: doppelwandig, polyurethanisoliert<\/p>\n<\/li>\n<li data-start=\"952\" data-end=\"1008\">\n<p data-start=\"954\" data-end=\"1008\"><strong data-start=\"954\" data-end=\"968\">Geeignet f\u00fcr<\/strong>: bis zu 15 Tiere (Rinder und Pferde)<\/p>\n<\/li>\n<li data-start=\"1009\" data-end=\"1046\">\n<p data-start=\"1011\" data-end=\"1046\"><strong data-start=\"1011\" data-end=\"1025\">Abmessungen<\/strong>: 60 x 70 x 52,5 cm<\/p>\n<\/li>\n<li data-start=\"1047\" data-end=\"1085\">\n<p data-start=\"1049\" data-end=\"1085\"><strong data-start=\"1049\" data-end=\"1067\">Schnellentleerung<\/strong>: Stopfen \u00d8 100 mm<\/p>\n<\/li>\n<li data-start=\"1086\" data-end=\"1229\">\n<p data-start=\"1088\" data-end=\"1110\"><strong data-start=\"1088\" data-end=\"1109\">Inklusive Zubeh\u00f6r<\/strong>:<\/p>\n<ul data-start=\"1113\" data-end=\"1229\">\n<li data-start=\"1113\" data-end=\"1146\">\n<p data-start=\"1115\" data-end=\"1146\">Ankerstangen zur Bodenbefestigung<\/p>\n<\/li>\n<li data-start=\"1149\" data-end=\"1176\">\n<p data-start=\"1151\" data-end=\"1176\">Ersatzdichtungen<\/p>\n<\/li>\n<li data-start=\"1179\" data-end=\"1229\">\n<p data-start=\"1181\" data-end=\"1229\">Ablassventil mit isoliertem Flexschlauch<\/p>\n<\/li>\n<\/ul>\n<\/li>\n<\/ul>\n<hr data-start=\"1231\" data-end=\"1234\">\n<h3 data-start=\"1236\" data-end=\"1280\">\u2705 <strong data-start=\"1242\" data-end=\"1280\">Vorteile der Tr\u00e4nke FA-AT 1<\/strong><\/h3>\n<ul data-start=\"1282\" data-end=\"1557\">\n<li data-start=\"1282\" data-end=\"1336\">\n<p data-start=\"1284\" data-end=\"1336\"><strong data-start=\"1284\" data-end=\"1309\">Passiver Betrieb<\/strong>: ohne elektrische Energie<\/p>\n<\/li>\n<li data-start=\"1337\" data-end=\"1408\">\n<p data-start=\"1339\" data-end=\"1408\"><strong data-start=\"1339\" data-end=\"1357\">Maximale Hygiene<\/strong>: reduziert Schmutz und Wasserverunreinigung<\/p>\n<\/li>\n<li data-start=\"1409\" data-end=\"1451\">\n<p data-start=\"1411\" data-end=\"1451\"><strong data-start=\"1411\" data-end=\"1449\">Effektiver Schutz gegen Frost<\/strong><\/p>\n<\/li>\n<li data-start=\"1452\" data-end=\"1491\">\n<p data-start=\"1454\" data-end=\"1491\"><strong data-start=\"1454\" data-end=\"1489\">Einfache und sichere Installation<\/strong><\/p>\n<\/li>\n<li data-start=\"1492\" data-end=\"1557\">\n<p data-start=\"1494\" data-end=\"1557\"><strong data-start=\"1494\" data-end=\"1557\">Ideal f\u00fcr Paddocks, Au\u00dfenpferche und unbeheizte St\u00e4lle<\/strong><\/p>\n<\/li>\n<\/ul>\n<p>Kaufen Sie ihn in unserem <a href=\"https:\/\/fda-shop.it\/shop\/articoli-per-allevamento\/abbeveratoio-termico-antigelo-fa-at-1\" target=\"_blank\" rel=\"noopener\">Online-Shop<\/a><\/p>\n","protected":false},"excerpt":{"rendered":"<p>Frostfreie Thermo-Balltr\u00e4nke FA-AT 1 mit 40 Litern. F\u00fcr Rinder und Pferde, ohne Strom, effektiv bis -30 \u00b0C. Maximale Hygiene und Isolierung.  <\/p>\n","protected":false},"featured_media":359,"comment_status":"open","ping_status":"closed","template":"","meta":{"_et_pb_use_builder":"","_et_pb_old_content":"","_et_gb_content_width":""},"product_brand":[],"product_cat":[901,578,409,544],"product_tag":[953],"class_list":{"0":"post-4001","1":"product","2":"type-product","3":"status-publish","4":"has-post-thumbnail","6":"product_cat-frostfreie-tranken","7":"product_cat-pferde","8":"product_cat-rinder","9":"product_cat-tranken-2","10":"product_tag-fa-at-1","12":"first","13":"instock","14":"shipping-taxable","15":"product-type-simple"},"yoast_head":"<!-- This site is optimized with the Yoast SEO Premium plugin v27.5 (Yoast SEO v27.5) - https:\/\/yoast.com\/product\/yoast-seo-premium-wordpress\/ -->\n<title>Frostfreie Tr\u00e4nke f\u00fcr St\u00e4lle und Paddock f\u00fcr harte Winter - FDA srl<\/title>\n<meta name=\"description\" content=\"Mit der frostfreien Tr\u00e4nke f\u00fcr St\u00e4lle und Paddocks m\u00fcssen Sie sich keine Sorgen mehr \u00fcber Frost machen. Entdecken Sie den Komfort eines Produkts mit Null-Energieverbrauch!\" \/>\n<meta name=\"robots\" content=\"index, follow, max-snippet:-1, max-image-preview:large, max-video-preview:-1\" \/>\n<link rel=\"canonical\" href=\"https:\/\/fdasrl.it\/de\/prodotto\/frostfreie-thermo-balltraenke-fa-at-1\/\" \/>\n<meta property=\"og:locale\" content=\"de_DE\" \/>\n<meta property=\"og:type\" content=\"article\" \/>\n<meta property=\"og:title\" content=\"Frostfreie Thermo-Balltr\u00e4nke FA-AT 1\" \/>\n<meta property=\"og:description\" content=\"Mit der frostfreien Tr\u00e4nke f\u00fcr St\u00e4lle und Paddocks m\u00fcssen Sie sich keine Sorgen mehr \u00fcber Frost machen. Entdecken Sie den Komfort eines Produkts mit Null-Energieverbrauch!\" \/>\n<meta property=\"og:url\" content=\"https:\/\/fdasrl.it\/de\/prodotto\/frostfreie-thermo-balltraenke-fa-at-1\/\" \/>\n<meta property=\"og:site_name\" content=\"FDA srl\" \/>\n<meta property=\"article:publisher\" content=\"https:\/\/www.facebook.com\/share\/1MWhFWg1Tp\/?mibextid=LQQJ4d\" \/>\n<meta property=\"og:image\" content=\"https:\/\/fdasrl.it\/wp-content\/uploads\/2025\/01\/FA-AT-1.jpg\" \/>\n\t<meta property=\"og:image:width\" content=\"705\" \/>\n\t<meta property=\"og:image:height\" content=\"640\" \/>\n\t<meta property=\"og:image:type\" content=\"image\/jpeg\" \/>\n<meta name=\"twitter:card\" content=\"summary_large_image\" \/>\n<meta name=\"twitter:label1\" content=\"Preis\" \/>\n\t<meta name=\"twitter:data1\" content=\"\" \/>\n\t<meta name=\"twitter:label2\" content=\"Verf\u00fcgbarkeit\" \/>\n\t<meta name=\"twitter:data2\" content=\"Auf Lager\" \/>\n<meta property=\"product:price:currency\" content=\"EUR\" \/>\n<meta property=\"og:availability\" content=\"instock\" \/>\n<meta property=\"product:availability\" content=\"instock\" \/>\n<meta property=\"product:retailer_item_id\" content=\"FA-AT1\" \/>\n<meta property=\"product:condition\" content=\"new\" \/>\n<!-- \/ Yoast SEO Premium plugin. -->","yoast_head_json":{"title":"Frostfreie Tr\u00e4nke f\u00fcr St\u00e4lle und Paddock f\u00fcr harte Winter - FDA srl","description":"Mit der frostfreien Tr\u00e4nke f\u00fcr St\u00e4lle und Paddocks m\u00fcssen Sie sich keine Sorgen mehr \u00fcber Frost machen. Entdecken Sie den Komfort eines Produkts mit Null-Energieverbrauch!","robots":{"index":"index","follow":"follow","max-snippet":"max-snippet:-1","max-image-preview":"max-image-preview:large","max-video-preview":"max-video-preview:-1"},"canonical":"https:\/\/fdasrl.it\/de\/prodotto\/frostfreie-thermo-balltraenke-fa-at-1\/","og_locale":"de_DE","og_type":"article","og_title":"Frostfreie Thermo-Balltr\u00e4nke FA-AT 1","og_description":"Mit der frostfreien Tr\u00e4nke f\u00fcr St\u00e4lle und Paddocks m\u00fcssen Sie sich keine Sorgen mehr \u00fcber Frost machen. Entdecken Sie den Komfort eines Produkts mit Null-Energieverbrauch!","og_url":"https:\/\/fdasrl.it\/de\/prodotto\/frostfreie-thermo-balltraenke-fa-at-1\/","og_site_name":"FDA srl","article_publisher":"https:\/\/www.facebook.com\/share\/1MWhFWg1Tp\/?mibextid=LQQJ4d","og_image":[{"width":705,"height":640,"url":"https:\/\/fdasrl.it\/wp-content\/uploads\/2025\/01\/FA-AT-1.jpg","type":"image\/jpeg"}],"twitter_card":"summary_large_image","twitter_misc":{"Preis":"","Verf\u00fcgbarkeit":"Auf Lager"},"schema":{"@context":"https:\/\/schema.org","@graph":[{"@type":"WebPage","@id":"https:\/\/fdasrl.it\/de\/prodotto\/frostfreie-thermo-balltraenke-fa-at-1\/","url":"https:\/\/fdasrl.it\/de\/prodotto\/frostfreie-thermo-balltraenke-fa-at-1\/","name":"Frostfreie Tr\u00e4nke f\u00fcr St\u00e4lle und Paddock f\u00fcr harte Winter - FDA srl","isPartOf":{"@id":"https:\/\/fdasrl.it\/de\/#website"},"primaryImageOfPage":{"@id":"https:\/\/fdasrl.it\/de\/prodotto\/frostfreie-thermo-balltraenke-fa-at-1\/#primaryimage"},"image":{"@id":"https:\/\/fdasrl.it\/de\/prodotto\/frostfreie-thermo-balltraenke-fa-at-1\/#primaryimage"},"thumbnailUrl":"https:\/\/fdasrl.it\/wp-content\/uploads\/2025\/01\/FA-AT-1.jpg","datePublished":"2025-01-21T09:25:05+00:00","description":"Mit der frostfreien Tr\u00e4nke f\u00fcr St\u00e4lle und Paddocks m\u00fcssen Sie sich keine Sorgen mehr \u00fcber Frost machen. Entdecken Sie den Komfort eines Produkts mit Null-Energieverbrauch!","breadcrumb":{"@id":"https:\/\/fdasrl.it\/de\/prodotto\/frostfreie-thermo-balltraenke-fa-at-1\/#breadcrumb"},"inLanguage":"de","potentialAction":[{"@type":"ReadAction","target":["https:\/\/fdasrl.it\/de\/prodotto\/frostfreie-thermo-balltraenke-fa-at-1\/"]}]},{"@type":"ImageObject","inLanguage":"de","@id":"https:\/\/fdasrl.it\/de\/prodotto\/frostfreie-thermo-balltraenke-fa-at-1\/#primaryimage","url":"https:\/\/fdasrl.it\/wp-content\/uploads\/2025\/01\/FA-AT-1.jpg","contentUrl":"https:\/\/fdasrl.it\/wp-content\/uploads\/2025\/01\/FA-AT-1.jpg","width":705,"height":640,"caption":"Frostfreie Thermo-Balltr\u00e4nke FA-AT 1 f\u00fcr Rinder und Pferde"},{"@type":"BreadcrumbList","@id":"https:\/\/fdasrl.it\/de\/prodotto\/frostfreie-thermo-balltraenke-fa-at-1\/#breadcrumb","itemListElement":[{"@type":"ListItem","position":1,"name":"Home","item":"https:\/\/fdasrl.it\/de\/startseite\/"},{"@type":"ListItem","position":2,"name":"Shop","item":"https:\/\/fdasrl.it\/de\/shop\/"},{"@type":"ListItem","position":3,"name":"Frostfreie Thermo-Balltr\u00e4nke FA-AT 1"}]},{"@type":"WebSite","@id":"https:\/\/fdasrl.it\/de\/#website","url":"https:\/\/fdasrl.it\/de\/","name":"FDA srl","description":"Equipment for animal husbandry","publisher":{"@id":"https:\/\/fdasrl.it\/de\/#organization"},"potentialAction":[{"@type":"SearchAction","target":{"@type":"EntryPoint","urlTemplate":"https:\/\/fdasrl.it\/de\/?s={search_term_string}"},"query-input":{"@type":"PropertyValueSpecification","valueRequired":true,"valueName":"search_term_string"}}],"inLanguage":"de"},{"@type":"Organization","@id":"https:\/\/fdasrl.it\/de\/#organization","name":"FDA srl","url":"https:\/\/fdasrl.it\/de\/","logo":{"@type":"ImageObject","inLanguage":"de","@id":"https:\/\/fdasrl.it\/de\/#\/schema\/logo\/image\/","url":"https:\/\/fdasrl.it\/wp-content\/uploads\/2024\/12\/Logo-FDA.png","contentUrl":"https:\/\/fdasrl.it\/wp-content\/uploads\/2024\/12\/Logo-FDA.png","width":316,"height":119,"caption":"FDA srl"},"image":{"@id":"https:\/\/fdasrl.it\/de\/#\/schema\/logo\/image\/"},"sameAs":["https:\/\/www.facebook.com\/share\/1MWhFWg1Tp\/?mibextid=LQQJ4d","https:\/\/www.instagram.com\/fda_srl\/profilecard\/?igsh=YW5lbzJ6MWg0d21u","https:\/\/www.youtube.com\/@FDASRL_ANIMALCARE"],"description":"FDA SRL \u2013 Equipment for animal husbandry nasce con l\u2019obiettivo di offrire soluzioni affidabili e innovative per l\u2019allevamento moderno. Con anni di esperienza nel settore zootecnico, progettiamo e realizziamo attrezzature destinate al benessere animale e alla gestione efficiente delle stalle: vasche, abbeveratoi, mangiatoie e sistemi di riscaldamento pensati per durare nel tempo e semplificare il lavoro quotidiano degli allevatori. Dalla progettazione alla produzione, ogni nostro prodotto \u00e8 studiato nei minimi dettagli, testato con cura e costruito per rispondere alle esigenze reali del settore. La nostra forza \u00e8 unire artigianalit\u00e0, tecnologia e competenza tecnica per trasformare ogni progetto in una soluzione concreta e funzionale. Oggi FDA SRL \u00e8 un punto di riferimento per privati e rivenditori che cercano qualit\u00e0, affidabilit\u00e0 e innovazione nelle attrezzature per l\u2019allevamento.","email":"info@fdasrl.it","telephone":"+390522826820","legalName":"F.D.A. SRL","foundingDate":"2024-10-13","vatID":"03075840359","taxID":"03075840359","numberOfEmployees":{"@type":"QuantitativeValue","minValue":"1","maxValue":"10"}}]},"product_price_currency":"EUR","og_availability":"instock","product_availability":"instock","product_retailer_item_id":"FA-AT1","product_condition":"new"},"_links":{"self":[{"href":"https:\/\/fdasrl.it\/de\/wp-json\/wp\/v2\/product\/4001","targetHints":{"allow":["GET"]}}],"collection":[{"href":"https:\/\/fdasrl.it\/de\/wp-json\/wp\/v2\/product"}],"about":[{"href":"https:\/\/fdasrl.it\/de\/wp-json\/wp\/v2\/types\/product"}],"replies":[{"embeddable":true,"href":"https:\/\/fdasrl.it\/de\/wp-json\/wp\/v2\/comments?post=4001"}],"wp:featuredmedia":[{"embeddable":true,"href":"https:\/\/fdasrl.it\/de\/wp-json\/wp\/v2\/media\/359"}],"wp:attachment":[{"href":"https:\/\/fdasrl.it\/de\/wp-json\/wp\/v2\/media?parent=4001"}],"wp:term":[{"taxonomy":"product_brand","embeddable":true,"href":"https:\/\/fdasrl.it\/de\/wp-json\/wp\/v2\/product_brand?post=4001"},{"taxonomy":"product_cat","embeddable":true,"href":"https:\/\/fdasrl.it\/de\/wp-json\/wp\/v2\/product_cat?post=4001"},{"taxonomy":"product_tag","embeddable":true,"href":"https:\/\/fdasrl.it\/de\/wp-json\/wp\/v2\/product_tag?post=4001"}],"curies":[{"name":"wp","href":"https:\/\/api.w.org\/{rel}","templated":true}]}}