{"id":4182,"date":"2025-01-21T10:01:26","date_gmt":"2025-01-21T09:01:26","guid":{"rendered":"https:\/\/fdasrl.it\/prodotto\/gusseiserne-selbsttraenke-mit-verstaerktem-pendel-fuer-rinder-und-pferde\/"},"modified":"2025-01-21T10:01:26","modified_gmt":"2025-01-21T09:01:26","slug":"gusseiserne-selbsttraenke-mit-verstaerktem-pendel-fuer-rinder-und-pferde","status":"publish","type":"product","link":"https:\/\/fdasrl.it\/de\/prodotto\/gusseiserne-selbsttraenke-mit-verstaerktem-pendel-fuer-rinder-und-pferde\/","title":{"rendered":"Gusseiserne Selbsttr\u00e4nke mit verst\u00e4rktem Pendel f\u00fcr Rinder und Pferde"},"content":{"rendered":"<h2 data-start=\"274\" data-end=\"389\">\ud83d\udc04 <strong data-start=\"280\" data-end=\"389\">Gusseiserne Selbsttr\u00e4nke mit KTL-Beschichtung FA-BE mit verst\u00e4rktem FDA-Pendel f\u00fcr Rinder und Pferde<\/strong><\/h2>\n<p data-start=\"391\" data-end=\"813\">Die <strong data-start=\"393\" data-end=\"442\">Selbsttr\u00e4nke FA-BE mit verst\u00e4rktem FDA-Pendel<\/strong> besteht aus <strong data-start=\"459\" data-end=\"492\">gusseisernem Material mit KTL-Beschichtung<\/strong>, einem fortschrittlichen Korrosionsschutz, der <strong data-start=\"554\" data-end=\"601\">Langlebigkeit, Hygiene und Zuverl\u00e4ssigkeit<\/strong> garantiert. Sie wurde f\u00fcr <strong data-start=\"615\" data-end=\"656\">Rinder und Pferde in Anbindehaltung<\/strong> entwickelt und ist mit einem <strong data-start=\"674\" data-end=\"721\">Hochfluss-Messingventil (FAR17)<\/strong> sowie einem <strong data-start=\"727\" data-end=\"749\">verst\u00e4rkten Pendel<\/strong> ausgestattet, das f\u00fcr die intensive Nutzung durch die Tiere ausgelegt ist. <\/p>\n<hr data-start=\"815\" data-end=\"818\">\n<h3 data-start=\"820\" data-end=\"855\">\u2699\ufe0f <strong data-start=\"827\" data-end=\"855\">Technische Daten<\/strong><\/h3>\n<ul data-start=\"857\" data-end=\"1296\">\n<li data-start=\"857\" data-end=\"879\">\n<p data-start=\"859\" data-end=\"879\"><strong data-start=\"859\" data-end=\"870\">Modell<\/strong>: FA-BE<\/p>\n<\/li>\n<li data-start=\"880\" data-end=\"949\">\n<p data-start=\"882\" data-end=\"949\"><strong data-start=\"882\" data-end=\"895\">Material<\/strong>: Gusseisen mit KTL-Korrosionsschutz<\/p>\n<\/li>\n<li data-start=\"950\" data-end=\"998\">\n<p data-start=\"952\" data-end=\"998\"><strong data-start=\"952\" data-end=\"963\">Ventil<\/strong>: FAR17 aus Messing mit hoher Durchflussrate<\/p>\n<\/li>\n<li data-start=\"999\" data-end=\"1047\">\n<p data-start=\"1001\" data-end=\"1047\"><strong data-start=\"1001\" data-end=\"1021\">Aktivierungsart<\/strong>: Verst\u00e4rktes FDA-Pendel<\/p>\n<\/li>\n<li data-start=\"1048\" data-end=\"1089\">\n<p data-start=\"1050\" data-end=\"1089\"><strong data-start=\"1050\" data-end=\"1076\">Betriebsdruck<\/strong>: 0 \u2013 5 atm<\/p>\n<\/li>\n<li data-start=\"1090\" data-end=\"1127\">\n<p data-start=\"1092\" data-end=\"1127\"><strong data-start=\"1092\" data-end=\"1114\">Beckenkapazit\u00e4t<\/strong>: 2,5 Liter<\/p>\n<\/li>\n<li data-start=\"1128\" data-end=\"1169\">\n<p data-start=\"1130\" data-end=\"1169\"><strong data-start=\"1130\" data-end=\"1160\">Innendurchmesser Becken<\/strong>: 21 cm<\/p>\n<\/li>\n<li data-start=\"1170\" data-end=\"1247\">\n<p data-start=\"1172\" data-end=\"1247\"><strong data-start=\"1172\" data-end=\"1195\">Wasseranschluss<\/strong>: 1\/2&#8243;-Anschluss, Einlass <strong data-start=\"1220\" data-end=\"1245\">von oben oder unten<\/strong><\/p>\n<\/li>\n<li data-start=\"1248\" data-end=\"1275\">\n<p data-start=\"1250\" data-end=\"1275\"><strong data-start=\"1250\" data-end=\"1263\">Befestigung<\/strong>: Wandmontage<\/p>\n<\/li>\n<li data-start=\"1276\" data-end=\"1296\">\n<p data-start=\"1278\" data-end=\"1296\"><strong data-start=\"1278\" data-end=\"1286\">Gewicht<\/strong>: 6,5 kg<\/p>\n<\/li>\n<\/ul>\n<hr data-start=\"1298\" data-end=\"1301\">\n<h3 data-start=\"1303\" data-end=\"1332\">\u2705 <strong data-start=\"1309\" data-end=\"1332\">Hauptvorteile<\/strong><\/h3>\n<ul data-start=\"1334\" data-end=\"1690\">\n<li data-start=\"1334\" data-end=\"1401\">\n<p data-start=\"1336\" data-end=\"1401\"><strong data-start=\"1336\" data-end=\"1365\">KTL-Beschichtung<\/strong>: maximaler Rostschutz<\/p>\n<\/li>\n<li data-start=\"1402\" data-end=\"1472\">\n<p data-start=\"1404\" data-end=\"1472\"><strong data-start=\"1404\" data-end=\"1430\">Verst\u00e4rktes FDA-Pendel<\/strong>: l\u00e4ngere Lebensdauer und Sto\u00dffestigkeit<\/p>\n<\/li>\n<li data-start=\"1473\" data-end=\"1524\">\n<p data-start=\"1475\" data-end=\"1524\"><strong data-start=\"1475\" data-end=\"1496\">Messingventil<\/strong> mit hohem Wasserdurchfluss<\/p>\n<\/li>\n<li data-start=\"1525\" data-end=\"1577\">\n<p data-start=\"1527\" data-end=\"1577\"><strong data-start=\"1527\" data-end=\"1547\">Solide Struktur<\/strong> f\u00fcr den intensiven Einsatz im Stall<\/p>\n<\/li>\n<li data-start=\"1578\" data-end=\"1636\">\n<p data-start=\"1580\" data-end=\"1636\"><strong data-start=\"1580\" data-end=\"1604\">Einfache Installation<\/strong> mit flexiblem Wasserzulauf<\/p>\n<\/li>\n<li data-start=\"1637\" data-end=\"1690\">\n<p data-start=\"1639\" data-end=\"1690\"><strong data-start=\"1639\" data-end=\"1690\">Geeignet f\u00fcr Rinder und Pferde in Anbindehaltung<\/strong><\/p>\n<\/li>\n<\/ul>\n<p>&nbsp;<\/p>\n<p>\ud83d\udc49 H\u00e4ndlerpreis anfragen: <a href=\"mailto:info@fdasrl.it\">HIER KLICKEN<\/a><\/p>\n<p>\ud83d\udc49 Kaufen Sie es in unserem <a href=\"https:\/\/fda-shop.it\/shop\/articoli-per-allevamento\/abbeveratoi\/abbeveratoio-in-ghisa-per-bovini\" target=\"_blank\" rel=\"noopener\">Online-Shop<\/a><\/p>\n","protected":false},"excerpt":{"rendered":"<p>Selbsttr\u00e4nke FA-BE aus Gusseisen mit KTL-Beschichtung und verst\u00e4rktem FDA-Pendel. FAR17-Hochflussventil, 2,5 Liter, 1\/2&#8243;-Anschluss. F\u00fcr Rinder und Pferde in Anbindehaltung.  <\/p>\n","protected":false},"featured_media":878,"comment_status":"open","ping_status":"closed","template":"","meta":{"_et_pb_use_builder":"","_et_pb_old_content":"","_et_gb_content_width":""},"product_brand":[],"product_cat":[578,409,510,544],"product_tag":[993],"class_list":{"0":"post-4182","1":"product","2":"type-product","3":"status-publish","4":"has-post-thumbnail","6":"product_cat-pferde","7":"product_cat-rinder","8":"product_cat-tranken","9":"product_cat-tranken-2","10":"product_tag-fa-be","12":"first","13":"instock","14":"shipping-taxable","15":"product-type-simple"},"yoast_head":"<!-- This site is optimized with the Yoast SEO Premium plugin v27.5 (Yoast SEO v27.5) - https:\/\/yoast.com\/product\/yoast-seo-premium-wordpress\/ -->\n<title>Gusseiserne Selbsttr\u00e4nke mit verst\u00e4rktem Pendel: garantierte Langlebigkeit - FDA srl<\/title>\n<meta name=\"description\" content=\"Unsere gusseiserne Selbsttr\u00e4nke mit verst\u00e4rktem Pendel ist die ideale L\u00f6sung f\u00fcr Rinder und Pferde. W\u00e4hlen Sie Widerstandsf\u00e4higkeit und Zuverl\u00e4ssigkeit f\u00fcr Ihre Tiere! \ud83d\udca7\" \/>\n<meta name=\"robots\" content=\"index, follow, max-snippet:-1, max-image-preview:large, max-video-preview:-1\" \/>\n<link rel=\"canonical\" href=\"https:\/\/fdasrl.it\/de\/prodotto\/gusseiserne-selbsttraenke-mit-verstaerktem-pendel-fuer-rinder-und-pferde\/\" \/>\n<meta property=\"og:locale\" content=\"de_DE\" \/>\n<meta property=\"og:type\" content=\"article\" \/>\n<meta property=\"og:title\" content=\"Gusseiserne Selbsttr\u00e4nke mit verst\u00e4rktem Pendel f\u00fcr Rinder und Pferde\" \/>\n<meta property=\"og:description\" content=\"Unsere gusseiserne Selbsttr\u00e4nke mit verst\u00e4rktem Pendel ist die ideale L\u00f6sung f\u00fcr Rinder und Pferde. W\u00e4hlen Sie Widerstandsf\u00e4higkeit und Zuverl\u00e4ssigkeit f\u00fcr Ihre Tiere! \ud83d\udca7\" \/>\n<meta property=\"og:url\" content=\"https:\/\/fdasrl.it\/de\/prodotto\/gusseiserne-selbsttraenke-mit-verstaerktem-pendel-fuer-rinder-und-pferde\/\" \/>\n<meta property=\"og:site_name\" content=\"FDA srl\" \/>\n<meta property=\"article:publisher\" content=\"https:\/\/www.facebook.com\/share\/1MWhFWg1Tp\/?mibextid=LQQJ4d\" \/>\n<meta property=\"og:image\" content=\"https:\/\/fdasrl.it\/wp-content\/uploads\/2025\/01\/abbeveratoio-fa-be-ghisa-cataforesi-pendolo-fda.webp\" \/>\n\t<meta property=\"og:image:width\" content=\"2047\" \/>\n\t<meta property=\"og:image:height\" content=\"1710\" \/>\n\t<meta property=\"og:image:type\" content=\"image\/webp\" \/>\n<meta name=\"twitter:card\" content=\"summary_large_image\" \/>\n<meta name=\"twitter:label1\" content=\"Preis\" \/>\n\t<meta name=\"twitter:data1\" content=\"\" \/>\n\t<meta name=\"twitter:label2\" content=\"Verf\u00fcgbarkeit\" \/>\n\t<meta name=\"twitter:data2\" content=\"Auf Lager\" \/>\n<meta property=\"product:price:currency\" content=\"EUR\" \/>\n<meta property=\"og:availability\" content=\"instock\" \/>\n<meta property=\"product:availability\" content=\"instock\" \/>\n<meta property=\"product:retailer_item_id\" content=\"FA-BE\" \/>\n<meta property=\"product:condition\" content=\"new\" \/>\n<!-- \/ Yoast SEO Premium plugin. -->","yoast_head_json":{"title":"Gusseiserne Selbsttr\u00e4nke mit verst\u00e4rktem Pendel: garantierte Langlebigkeit - FDA srl","description":"Unsere gusseiserne Selbsttr\u00e4nke mit verst\u00e4rktem Pendel ist die ideale L\u00f6sung f\u00fcr Rinder und Pferde. W\u00e4hlen Sie Widerstandsf\u00e4higkeit und Zuverl\u00e4ssigkeit f\u00fcr Ihre Tiere! \ud83d\udca7","robots":{"index":"index","follow":"follow","max-snippet":"max-snippet:-1","max-image-preview":"max-image-preview:large","max-video-preview":"max-video-preview:-1"},"canonical":"https:\/\/fdasrl.it\/de\/prodotto\/gusseiserne-selbsttraenke-mit-verstaerktem-pendel-fuer-rinder-und-pferde\/","og_locale":"de_DE","og_type":"article","og_title":"Gusseiserne Selbsttr\u00e4nke mit verst\u00e4rktem Pendel f\u00fcr Rinder und Pferde","og_description":"Unsere gusseiserne Selbsttr\u00e4nke mit verst\u00e4rktem Pendel ist die ideale L\u00f6sung f\u00fcr Rinder und Pferde. W\u00e4hlen Sie Widerstandsf\u00e4higkeit und Zuverl\u00e4ssigkeit f\u00fcr Ihre Tiere! \ud83d\udca7","og_url":"https:\/\/fdasrl.it\/de\/prodotto\/gusseiserne-selbsttraenke-mit-verstaerktem-pendel-fuer-rinder-und-pferde\/","og_site_name":"FDA srl","article_publisher":"https:\/\/www.facebook.com\/share\/1MWhFWg1Tp\/?mibextid=LQQJ4d","og_image":[{"width":2047,"height":1710,"url":"https:\/\/fdasrl.it\/wp-content\/uploads\/2025\/01\/abbeveratoio-fa-be-ghisa-cataforesi-pendolo-fda.webp","type":"image\/webp"}],"twitter_card":"summary_large_image","twitter_misc":{"Preis":"","Verf\u00fcgbarkeit":"Auf Lager"},"schema":{"@context":"https:\/\/schema.org","@graph":[{"@type":"WebPage","@id":"https:\/\/fdasrl.it\/de\/prodotto\/gusseiserne-selbsttraenke-mit-verstaerktem-pendel-fuer-rinder-und-pferde\/","url":"https:\/\/fdasrl.it\/de\/prodotto\/gusseiserne-selbsttraenke-mit-verstaerktem-pendel-fuer-rinder-und-pferde\/","name":"Gusseiserne Selbsttr\u00e4nke mit verst\u00e4rktem Pendel: garantierte Langlebigkeit - FDA srl","isPartOf":{"@id":"https:\/\/fdasrl.it\/de\/#website"},"primaryImageOfPage":{"@id":"https:\/\/fdasrl.it\/de\/prodotto\/gusseiserne-selbsttraenke-mit-verstaerktem-pendel-fuer-rinder-und-pferde\/#primaryimage"},"image":{"@id":"https:\/\/fdasrl.it\/de\/prodotto\/gusseiserne-selbsttraenke-mit-verstaerktem-pendel-fuer-rinder-und-pferde\/#primaryimage"},"thumbnailUrl":"https:\/\/fdasrl.it\/wp-content\/uploads\/2025\/01\/abbeveratoio-fa-be-ghisa-cataforesi-pendolo-fda.webp","datePublished":"2025-01-21T09:01:26+00:00","description":"Unsere gusseiserne Selbsttr\u00e4nke mit verst\u00e4rktem Pendel ist die ideale L\u00f6sung f\u00fcr Rinder und Pferde. W\u00e4hlen Sie Widerstandsf\u00e4higkeit und Zuverl\u00e4ssigkeit f\u00fcr Ihre Tiere! \ud83d\udca7","breadcrumb":{"@id":"https:\/\/fdasrl.it\/de\/prodotto\/gusseiserne-selbsttraenke-mit-verstaerktem-pendel-fuer-rinder-und-pferde\/#breadcrumb"},"inLanguage":"de","potentialAction":[{"@type":"ReadAction","target":["https:\/\/fdasrl.it\/de\/prodotto\/gusseiserne-selbsttraenke-mit-verstaerktem-pendel-fuer-rinder-und-pferde\/"]}]},{"@type":"ImageObject","inLanguage":"de","@id":"https:\/\/fdasrl.it\/de\/prodotto\/gusseiserne-selbsttraenke-mit-verstaerktem-pendel-fuer-rinder-und-pferde\/#primaryimage","url":"https:\/\/fdasrl.it\/wp-content\/uploads\/2025\/01\/abbeveratoio-fa-be-ghisa-cataforesi-pendolo-fda.webp","contentUrl":"https:\/\/fdasrl.it\/wp-content\/uploads\/2025\/01\/abbeveratoio-fa-be-ghisa-cataforesi-pendolo-fda.webp","width":2047,"height":1710,"caption":"Abbeveratoio in ghisa smaltata FA-BE con valvola in ottone e pendolo rinforzato per bovini ed equini"},{"@type":"BreadcrumbList","@id":"https:\/\/fdasrl.it\/de\/prodotto\/gusseiserne-selbsttraenke-mit-verstaerktem-pendel-fuer-rinder-und-pferde\/#breadcrumb","itemListElement":[{"@type":"ListItem","position":1,"name":"Home","item":"https:\/\/fdasrl.it\/de\/startseite\/"},{"@type":"ListItem","position":2,"name":"Shop","item":"https:\/\/fdasrl.it\/de\/shop\/"},{"@type":"ListItem","position":3,"name":"Gusseiserne Selbsttr\u00e4nke mit verst\u00e4rktem Pendel f\u00fcr Rinder und Pferde"}]},{"@type":"WebSite","@id":"https:\/\/fdasrl.it\/de\/#website","url":"https:\/\/fdasrl.it\/de\/","name":"FDA srl","description":"Equipment for animal husbandry","publisher":{"@id":"https:\/\/fdasrl.it\/de\/#organization"},"potentialAction":[{"@type":"SearchAction","target":{"@type":"EntryPoint","urlTemplate":"https:\/\/fdasrl.it\/de\/?s={search_term_string}"},"query-input":{"@type":"PropertyValueSpecification","valueRequired":true,"valueName":"search_term_string"}}],"inLanguage":"de"},{"@type":"Organization","@id":"https:\/\/fdasrl.it\/de\/#organization","name":"FDA srl","url":"https:\/\/fdasrl.it\/de\/","logo":{"@type":"ImageObject","inLanguage":"de","@id":"https:\/\/fdasrl.it\/de\/#\/schema\/logo\/image\/","url":"https:\/\/fdasrl.it\/wp-content\/uploads\/2024\/12\/Logo-FDA.png","contentUrl":"https:\/\/fdasrl.it\/wp-content\/uploads\/2024\/12\/Logo-FDA.png","width":316,"height":119,"caption":"FDA srl"},"image":{"@id":"https:\/\/fdasrl.it\/de\/#\/schema\/logo\/image\/"},"sameAs":["https:\/\/www.facebook.com\/share\/1MWhFWg1Tp\/?mibextid=LQQJ4d","https:\/\/www.instagram.com\/fda_srl\/profilecard\/?igsh=YW5lbzJ6MWg0d21u","https:\/\/www.youtube.com\/@FDASRL_ANIMALCARE"],"description":"FDA SRL \u2013 Equipment for animal husbandry nasce con l\u2019obiettivo di offrire soluzioni affidabili e innovative per l\u2019allevamento moderno. Con anni di esperienza nel settore zootecnico, progettiamo e realizziamo attrezzature destinate al benessere animale e alla gestione efficiente delle stalle: vasche, abbeveratoi, mangiatoie e sistemi di riscaldamento pensati per durare nel tempo e semplificare il lavoro quotidiano degli allevatori. Dalla progettazione alla produzione, ogni nostro prodotto \u00e8 studiato nei minimi dettagli, testato con cura e costruito per rispondere alle esigenze reali del settore. La nostra forza \u00e8 unire artigianalit\u00e0, tecnologia e competenza tecnica per trasformare ogni progetto in una soluzione concreta e funzionale. Oggi FDA SRL \u00e8 un punto di riferimento per privati e rivenditori che cercano qualit\u00e0, affidabilit\u00e0 e innovazione nelle attrezzature per l\u2019allevamento.","email":"info@fdasrl.it","telephone":"+390522826820","legalName":"F.D.A. SRL","foundingDate":"2024-10-13","vatID":"03075840359","taxID":"03075840359","numberOfEmployees":{"@type":"QuantitativeValue","minValue":"1","maxValue":"10"}}]},"product_price_currency":"EUR","og_availability":"instock","product_availability":"instock","product_retailer_item_id":"FA-BE","product_condition":"new"},"_links":{"self":[{"href":"https:\/\/fdasrl.it\/de\/wp-json\/wp\/v2\/product\/4182","targetHints":{"allow":["GET"]}}],"collection":[{"href":"https:\/\/fdasrl.it\/de\/wp-json\/wp\/v2\/product"}],"about":[{"href":"https:\/\/fdasrl.it\/de\/wp-json\/wp\/v2\/types\/product"}],"replies":[{"embeddable":true,"href":"https:\/\/fdasrl.it\/de\/wp-json\/wp\/v2\/comments?post=4182"}],"wp:featuredmedia":[{"embeddable":true,"href":"https:\/\/fdasrl.it\/de\/wp-json\/wp\/v2\/media\/878"}],"wp:attachment":[{"href":"https:\/\/fdasrl.it\/de\/wp-json\/wp\/v2\/media?parent=4182"}],"wp:term":[{"taxonomy":"product_brand","embeddable":true,"href":"https:\/\/fdasrl.it\/de\/wp-json\/wp\/v2\/product_brand?post=4182"},{"taxonomy":"product_cat","embeddable":true,"href":"https:\/\/fdasrl.it\/de\/wp-json\/wp\/v2\/product_cat?post=4182"},{"taxonomy":"product_tag","embeddable":true,"href":"https:\/\/fdasrl.it\/de\/wp-json\/wp\/v2\/product_tag?post=4182"}],"curies":[{"name":"wp","href":"https:\/\/api.w.org\/{rel}","templated":true}]}}