{"id":4306,"date":"2025-01-21T09:53:08","date_gmt":"2025-01-21T08:53:08","guid":{"rendered":"https:\/\/fdasrl.it\/prodotto\/selbsttraenke-aus-hochfestem-polypropylen\/"},"modified":"2025-01-21T09:53:08","modified_gmt":"2025-01-21T08:53:08","slug":"selbsttraenke-aus-hochfestem-polypropylen","status":"publish","type":"product","link":"https:\/\/fdasrl.it\/de\/prodotto\/selbsttraenke-aus-hochfestem-polypropylen\/","title":{"rendered":"SELBSTTR\u00c4NKE AUS HOCHFESTEM POLYPROPYLEN"},"content":{"rendered":"<h3><strong>Selbsttr\u00e4nke aus hochfestem Polypropylen f\u00fcr Rinder, Pferde, Ziegen, Schafe und Hunde<\/strong><\/h3>\n<h4 data-start=\"416\" data-end=\"791\">Die Selbsttr\u00e4nke FAAG POLIPROP von FDA SRL wurde entwickelt, um <strong data-start=\"483\" data-end=\"514\">Widerstandsf\u00e4higkeit, Langlebigkeit und Hygiene<\/strong> in jeder Tierhaltungsumgebung zu gew\u00e4hrleisten.<\/h4>\n<p data-start=\"416\" data-end=\"791\">Dank der hohen Wandst\u00e4rke des Beckens (1,6 kg nur der Formk\u00f6rper) und des <strong data-start=\"628\" data-end=\"682\">einstellbaren Schwimmerventils f\u00fcr konstantes Niveau<\/strong> wird eine kontinuierliche und zuverl\u00e4ssige Wasserversorgung f\u00fcr Rinder, Pferde, Schafe, Ziegen und auch Hunde sichergestellt.<\/p>\n<p data-start=\"793\" data-end=\"1052\">Die Struktur umfasst einen <strong data-start=\"816\" data-end=\"846\">Edelstahlschutz<\/strong>, einen <strong data-start=\"848\" data-end=\"888\">unteren Ablauf mit Gummistopfen<\/strong> f\u00fcr eine schnelle Reinigung und einen seitlichen Wasserzulauf (unten rechts) mit <strong data-start=\"964\" data-end=\"993\">1\/2\u201d-Messinggewinde<\/strong>. Die Tr\u00e4nke kann an der Wand oder an einem Pfosten montiert werden. <\/p>\n<p data-start=\"1054\" data-end=\"1151\">Sie ist in drei Modellen erh\u00e4ltlich, die sich durch die Zusammensetzung des verwendeten Kunststoffs unterscheiden:<\/p>\n<ul data-start=\"1153\" data-end=\"1431\">\n<li data-start=\"1153\" data-end=\"1186\">\n<p data-start=\"1155\" data-end=\"1186\"><strong data-start=\"1155\" data-end=\"1165\">Lucido<\/strong> \u2013 Polypropylen PP<\/p>\n<\/li>\n<li data-start=\"1187\" data-end=\"1282\">\n<p data-start=\"1189\" data-end=\"1282\"><strong data-start=\"1189\" data-end=\"1199\">Strong<\/strong> \u2013 Polypropylen mit Talkum, h\u00f6here Steifigkeit und thermische Best\u00e4ndigkeit, matte Optik<\/p>\n<\/li>\n<li data-start=\"1283\" data-end=\"1431\">\n<p data-start=\"1285\" data-end=\"1431\"><strong data-start=\"1285\" data-end=\"1301\">Super Strong<\/strong> \u2013 Polypropylen mit 30 % Glasfaser, extrem hohe mechanische und thermische Best\u00e4ndigkeit, mattes Finish mit leichten wei\u00dfen Nuancen<\/p>\n<\/li>\n<\/ul>\n<p data-start=\"1433\" data-end=\"1564\"><strong>\ud83d\udc49 Alle Materialien sind lebensmittelecht zertifiziert und f\u00fcr den Kontakt mit Trinkwasser geeignet, um die Sicherheit der Tiere zu gew\u00e4hrleisten.<\/strong><\/p>\n<hr data-start=\"1566\" data-end=\"1569\">\n<h3 data-start=\"1571\" data-end=\"1607\">\u2699\ufe0f <strong data-start=\"1578\" data-end=\"1607\">Technische Merkmale:<\/strong><\/h3>\n<ul data-start=\"1609\" data-end=\"2073\">\n<li data-start=\"1609\" data-end=\"1636\">\n<p data-start=\"1611\" data-end=\"1636\"><strong data-start=\"1611\" data-end=\"1623\">Fassungsverm\u00f6gen<\/strong>: 6,5 l<\/p>\n<\/li>\n<li data-start=\"1637\" data-end=\"1690\">\n<p data-start=\"1639\" data-end=\"1690\"><strong data-start=\"1639\" data-end=\"1647\">Gewicht<\/strong>: 2,00 kg (Modelle Strong und Super Strong)<\/p>\n<\/li>\n<li data-start=\"1691\" data-end=\"1732\">\n<p data-start=\"1693\" data-end=\"1732\"><strong data-start=\"1693\" data-end=\"1723\">Innendurchmesser Becken<\/strong>: 22 cm<\/p>\n<\/li>\n<li data-start=\"1733\" data-end=\"1784\">\n<p data-start=\"1735\" data-end=\"1784\"><strong data-start=\"1735\" data-end=\"1748\">Material<\/strong>: hochfestes Polypropylen<\/p>\n<\/li>\n<li data-start=\"1785\" data-end=\"1832\">\n<p data-start=\"1787\" data-end=\"1832\"><strong data-start=\"1787\" data-end=\"1798\">Ventil<\/strong>: Konstantniveau, einstellbar<\/p>\n<\/li>\n<li data-start=\"1833\" data-end=\"1890\">\n<p data-start=\"1835\" data-end=\"1890\"><strong data-start=\"1835\" data-end=\"1852\">Wasseranschluss<\/strong>: Messing 1\/2\u201d, seitlich unten rechts<\/p>\n<\/li>\n<li data-start=\"1891\" data-end=\"1932\">\n<p data-start=\"1893\" data-end=\"1932\"><strong data-start=\"1893\" data-end=\"1904\">Ablauf<\/strong>: Gummistopfen am Boden<\/p>\n<\/li>\n<li data-start=\"1933\" data-end=\"1969\">\n<p data-start=\"1935\" data-end=\"1969\"><strong data-start=\"1935\" data-end=\"1949\">Schutz<\/strong>: Edelstahl 304<\/p>\n<\/li>\n<li data-start=\"1970\" data-end=\"2011\">\n<p data-start=\"1972\" data-end=\"2011\"><strong data-start=\"1972\" data-end=\"1989\">Installation<\/strong>: Wand- oder Rohrmontage<\/p>\n<\/li>\n<li data-start=\"2012\" data-end=\"2073\">\n<p data-start=\"2014\" data-end=\"2073\"><strong data-start=\"2014\" data-end=\"2032\">Zertifizierung<\/strong>: lebensmittelechtes Material<\/p>\n<\/li>\n<\/ul>\n<hr data-start=\"2075\" data-end=\"2078\">\n<h3 data-start=\"2080\" data-end=\"2112\">\ud83d\udd0e <strong data-start=\"2087\" data-end=\"2112\">Verf\u00fcgbare Varianten:<\/strong><\/h3>\n<ul data-start=\"2114\" data-end=\"2226\">\n<li data-start=\"2114\" data-end=\"2147\">\n<p data-start=\"2116\" data-end=\"2147\"><strong data-start=\"2116\" data-end=\"2126\">Lucido<\/strong> \u2013 Polypropylen PP<\/p>\n<\/li>\n<li data-start=\"2148\" data-end=\"2177\">\n<p data-start=\"2150\" data-end=\"2177\"><strong data-start=\"2150\" data-end=\"2160\">Strong<\/strong> \u2013 PP mit Talkum<\/p>\n<\/li>\n<li data-start=\"2178\" data-end=\"2226\">\n<p data-start=\"2180\" data-end=\"2226\"><strong data-start=\"2180\" data-end=\"2196\">Super Strong<\/strong> \u2013 PP mit 30 % Glasfaser<\/p>\n<\/li>\n<\/ul>\n<div><\/div>\n<div>\ud83d\udc49 H\u00e4ndlerpreis anfragen: <a href=\"mailto:info@fdasrl.it\">HIER KLICKEN<\/a><\/div>\n<div><\/div>\n<div>\ud83d\udc49 Kaufen Sie es in unserem Onlineshop:<\/div>\n<div>&#8211; Modell Lucido\/Strong &#8211; <a href=\"https:\/\/fda-shop.it\/shop\/articoli-per-allevamento\/abbeveratoi\/abbeveratoio-automatico-per-bovini-ed-equini#\/25-accessori_e_confezioni-singola_unita\/78-colore-blu_navy\">Hier klicken<\/a><\/div>\n<div>&#8211; Modell Super Strong &#8211; <a href=\"https:\/\/fda-shop.it\/shop\/articoli-per-allevamento\/abbeveratoi\/abbeveratoio-automatico-per-bovini-ed-equini-ad-alta-resistenza#\/25-accessori_e_confezioni-singola_unita\/78-colore-blu_navy\">Hier klicken<\/a><\/div>\n","protected":false},"excerpt":{"rendered":"<p>Selbsttr\u00e4nke FAAG POLIPROP von FDA SRL aus hochfestem Polypropylen, ideal f\u00fcr Rinder, Pferde, Ziegen, Schafe und Hunde. Ausgestattet mit Konstantniveau-Schwimmer mit Edelstahlschutz und Gummistopfen f\u00fcr einfache Reinigung. 6,5 l Fassungsverm\u00f6gen, Wand- oder Pfostenmontage, 1\/2&#8243;-Messing-Wasseranschluss.  <\/p>\n","protected":false},"featured_media":713,"comment_status":"open","ping_status":"closed","template":"","meta":{"_et_pb_use_builder":"off","_et_pb_old_content":"<h4>Selbsttr\u00e4nke aus hochfestem Polypropylen f\u00fcr Rinder, Pferde, Ziegen, Schafe und Hunde<\/h4>\n<div>Selbsttr\u00e4nke aus hochfestem Polypropylen, hohe Wandst\u00e4rke (1,6 kg nur das spritzgegossene Becken) und Qualit\u00e4t,<\/div>\n<div>mit auf Konstantniveau einstellbarem Ball-Schwimmerventil und Edelstahlschutz.<\/div>\n<div>Geeignet f\u00fcr Rinder, Pferde, aber auch Ziegen, Schafe und Hunde.<\/div>\n<div><\/div>\n<ul>\n \t<li>Gummistopfen am Boden f\u00fcr eine schnelle Reinigung.<\/li>\n \t<li>Wand- und Pfostenmontage mit Wasserzulauf unten rechts mit 1\/2\"-Messinggewinde.<\/li>\n \t<li>Fassungsverm\u00f6gen 6,5 l<\/li>\n \t<li>Gesamtgewicht 2,00 kg<\/li>\n \t<li>Innendurchmesser Becken 22 cm<\/li>\n<\/ul>\n<div>Fordern Sie ein Angebot f\u00fcr gr\u00f6\u00dfere Mengen an oder<\/div>\n<div>kaufen Sie es in unserem <a href=\"https:\/\/fda-shop.it\/shop\/bovini-vitelli\/bovini-vitelli-abbeveratoi\/beverino-per-bovini-a-livello-costante#\/25-accessori_e_confezioni-singola_unita\" target=\"_blank\" rel=\"noopener\">Onlineshop<\/a><\/div>","_et_gb_content_width":""},"product_brand":[],"product_cat":[578,409,414,510,544],"product_tag":[1017,1018],"class_list":{"0":"post-4306","1":"product","2":"type-product","3":"status-publish","4":"has-post-thumbnail","6":"product_cat-pferde","7":"product_cat-rinder","8":"product_cat-schafe-und-ziegen","9":"product_cat-tranken","10":"product_cat-tranken-2","11":"product_tag-fa-ag-poliprop","12":"product_tag-faag-poliprop","14":"first","15":"instock","16":"shipping-taxable","17":"product-type-simple"},"yoast_head":"<!-- This site is optimized with the Yoast SEO Premium plugin v27.5 (Yoast SEO v27.5) - https:\/\/yoast.com\/product\/yoast-seo-premium-wordpress\/ -->\n<title>Selbsttr\u00e4nke aus hochfestem Polypropylen \u2013 Leichte Reinigung - FDA srl<\/title>\n<meta name=\"description\" content=\"Entdecken Sie die Selbsttr\u00e4nke aus hochfestem Polypropylen, ideal f\u00fcr Rinder, Pferde und Hunde. Garantiert schnelle Reinigung und einfache Montage!\" \/>\n<meta name=\"robots\" content=\"index, follow, max-snippet:-1, max-image-preview:large, max-video-preview:-1\" \/>\n<link rel=\"canonical\" href=\"https:\/\/fdasrl.it\/de\/prodotto\/selbsttraenke-aus-hochfestem-polypropylen\/\" \/>\n<meta property=\"og:locale\" content=\"de_DE\" \/>\n<meta property=\"og:type\" content=\"article\" \/>\n<meta property=\"og:title\" content=\"SELBSTTR\u00c4NKE AUS HOCHFESTEM POLYPROPYLEN\" \/>\n<meta property=\"og:description\" content=\"Entdecken Sie die Selbsttr\u00e4nke aus hochfestem Polypropylen, ideal f\u00fcr Rinder, Pferde und Hunde. Garantiert schnelle Reinigung und einfache Montage!\" \/>\n<meta property=\"og:url\" content=\"https:\/\/fdasrl.it\/de\/prodotto\/selbsttraenke-aus-hochfestem-polypropylen\/\" \/>\n<meta property=\"og:site_name\" content=\"FDA srl\" \/>\n<meta property=\"article:publisher\" content=\"https:\/\/www.facebook.com\/share\/1MWhFWg1Tp\/?mibextid=LQQJ4d\" \/>\n<meta property=\"og:image\" content=\"https:\/\/fdasrl.it\/wp-content\/uploads\/2025\/01\/Abbeveratoio-alta-resistenza-fda.1.jpeg\" \/>\n\t<meta property=\"og:image:width\" content=\"1000\" \/>\n\t<meta property=\"og:image:height\" content=\"817\" \/>\n\t<meta property=\"og:image:type\" content=\"image\/jpeg\" \/>\n<meta name=\"twitter:card\" content=\"summary_large_image\" \/>\n<meta name=\"twitter:label1\" content=\"Preis\" \/>\n\t<meta name=\"twitter:data1\" content=\"\" \/>\n\t<meta name=\"twitter:label2\" content=\"Verf\u00fcgbarkeit\" \/>\n\t<meta name=\"twitter:data2\" content=\"Auf Lager\" \/>\n<meta property=\"product:price:currency\" content=\"EUR\" \/>\n<meta property=\"og:availability\" content=\"instock\" \/>\n<meta property=\"product:availability\" content=\"instock\" \/>\n<meta property=\"product:retailer_item_id\" content=\"FAAG-POLIPROP\" \/>\n<meta property=\"product:condition\" content=\"new\" \/>\n<!-- \/ Yoast SEO Premium plugin. -->","yoast_head_json":{"title":"Selbsttr\u00e4nke aus hochfestem Polypropylen \u2013 Leichte Reinigung - FDA srl","description":"Entdecken Sie die Selbsttr\u00e4nke aus hochfestem Polypropylen, ideal f\u00fcr Rinder, Pferde und Hunde. Garantiert schnelle Reinigung und einfache Montage!","robots":{"index":"index","follow":"follow","max-snippet":"max-snippet:-1","max-image-preview":"max-image-preview:large","max-video-preview":"max-video-preview:-1"},"canonical":"https:\/\/fdasrl.it\/de\/prodotto\/selbsttraenke-aus-hochfestem-polypropylen\/","og_locale":"de_DE","og_type":"article","og_title":"SELBSTTR\u00c4NKE AUS HOCHFESTEM POLYPROPYLEN","og_description":"Entdecken Sie die Selbsttr\u00e4nke aus hochfestem Polypropylen, ideal f\u00fcr Rinder, Pferde und Hunde. Garantiert schnelle Reinigung und einfache Montage!","og_url":"https:\/\/fdasrl.it\/de\/prodotto\/selbsttraenke-aus-hochfestem-polypropylen\/","og_site_name":"FDA srl","article_publisher":"https:\/\/www.facebook.com\/share\/1MWhFWg1Tp\/?mibextid=LQQJ4d","og_image":[{"width":1000,"height":817,"url":"https:\/\/fdasrl.it\/wp-content\/uploads\/2025\/01\/Abbeveratoio-alta-resistenza-fda.1.jpeg","type":"image\/jpeg"}],"twitter_card":"summary_large_image","twitter_misc":{"Preis":"","Verf\u00fcgbarkeit":"Auf Lager"},"schema":{"@context":"https:\/\/schema.org","@graph":[{"@type":"WebPage","@id":"https:\/\/fdasrl.it\/de\/prodotto\/selbsttraenke-aus-hochfestem-polypropylen\/","url":"https:\/\/fdasrl.it\/de\/prodotto\/selbsttraenke-aus-hochfestem-polypropylen\/","name":"Selbsttr\u00e4nke aus hochfestem Polypropylen \u2013 Leichte Reinigung - FDA srl","isPartOf":{"@id":"https:\/\/fdasrl.it\/de\/#website"},"primaryImageOfPage":{"@id":"https:\/\/fdasrl.it\/de\/prodotto\/selbsttraenke-aus-hochfestem-polypropylen\/#primaryimage"},"image":{"@id":"https:\/\/fdasrl.it\/de\/prodotto\/selbsttraenke-aus-hochfestem-polypropylen\/#primaryimage"},"thumbnailUrl":"https:\/\/fdasrl.it\/wp-content\/uploads\/2025\/01\/Abbeveratoio-alta-resistenza-fda.1.jpeg","datePublished":"2025-01-21T08:53:08+00:00","description":"Entdecken Sie die Selbsttr\u00e4nke aus hochfestem Polypropylen, ideal f\u00fcr Rinder, Pferde und Hunde. Garantiert schnelle Reinigung und einfache Montage!","breadcrumb":{"@id":"https:\/\/fdasrl.it\/de\/prodotto\/selbsttraenke-aus-hochfestem-polypropylen\/#breadcrumb"},"inLanguage":"de","potentialAction":[{"@type":"ReadAction","target":["https:\/\/fdasrl.it\/de\/prodotto\/selbsttraenke-aus-hochfestem-polypropylen\/"]}]},{"@type":"ImageObject","inLanguage":"de","@id":"https:\/\/fdasrl.it\/de\/prodotto\/selbsttraenke-aus-hochfestem-polypropylen\/#primaryimage","url":"https:\/\/fdasrl.it\/wp-content\/uploads\/2025\/01\/Abbeveratoio-alta-resistenza-fda.1.jpeg","contentUrl":"https:\/\/fdasrl.it\/wp-content\/uploads\/2025\/01\/Abbeveratoio-alta-resistenza-fda.1.jpeg","width":1000,"height":817,"caption":"Selbsttr\u00e4nke aus hochfestem Polypropylen f\u00fcr Rinder und Pferde"},{"@type":"BreadcrumbList","@id":"https:\/\/fdasrl.it\/de\/prodotto\/selbsttraenke-aus-hochfestem-polypropylen\/#breadcrumb","itemListElement":[{"@type":"ListItem","position":1,"name":"Home","item":"https:\/\/fdasrl.it\/de\/startseite\/"},{"@type":"ListItem","position":2,"name":"Shop","item":"https:\/\/fdasrl.it\/de\/shop\/"},{"@type":"ListItem","position":3,"name":"SELBSTTR\u00c4NKE AUS HOCHFESTEM POLYPROPYLEN"}]},{"@type":"WebSite","@id":"https:\/\/fdasrl.it\/de\/#website","url":"https:\/\/fdasrl.it\/de\/","name":"FDA srl","description":"Equipment for animal husbandry","publisher":{"@id":"https:\/\/fdasrl.it\/de\/#organization"},"potentialAction":[{"@type":"SearchAction","target":{"@type":"EntryPoint","urlTemplate":"https:\/\/fdasrl.it\/de\/?s={search_term_string}"},"query-input":{"@type":"PropertyValueSpecification","valueRequired":true,"valueName":"search_term_string"}}],"inLanguage":"de"},{"@type":"Organization","@id":"https:\/\/fdasrl.it\/de\/#organization","name":"FDA srl","url":"https:\/\/fdasrl.it\/de\/","logo":{"@type":"ImageObject","inLanguage":"de","@id":"https:\/\/fdasrl.it\/de\/#\/schema\/logo\/image\/","url":"https:\/\/fdasrl.it\/wp-content\/uploads\/2024\/12\/Logo-FDA.png","contentUrl":"https:\/\/fdasrl.it\/wp-content\/uploads\/2024\/12\/Logo-FDA.png","width":316,"height":119,"caption":"FDA srl"},"image":{"@id":"https:\/\/fdasrl.it\/de\/#\/schema\/logo\/image\/"},"sameAs":["https:\/\/www.facebook.com\/share\/1MWhFWg1Tp\/?mibextid=LQQJ4d","https:\/\/www.instagram.com\/fda_srl\/profilecard\/?igsh=YW5lbzJ6MWg0d21u","https:\/\/www.youtube.com\/@FDASRL_ANIMALCARE"],"description":"FDA SRL \u2013 Equipment for animal husbandry nasce con l\u2019obiettivo di offrire soluzioni affidabili e innovative per l\u2019allevamento moderno. Con anni di esperienza nel settore zootecnico, progettiamo e realizziamo attrezzature destinate al benessere animale e alla gestione efficiente delle stalle: vasche, abbeveratoi, mangiatoie e sistemi di riscaldamento pensati per durare nel tempo e semplificare il lavoro quotidiano degli allevatori. Dalla progettazione alla produzione, ogni nostro prodotto \u00e8 studiato nei minimi dettagli, testato con cura e costruito per rispondere alle esigenze reali del settore. La nostra forza \u00e8 unire artigianalit\u00e0, tecnologia e competenza tecnica per trasformare ogni progetto in una soluzione concreta e funzionale. Oggi FDA SRL \u00e8 un punto di riferimento per privati e rivenditori che cercano qualit\u00e0, affidabilit\u00e0 e innovazione nelle attrezzature per l\u2019allevamento.","email":"info@fdasrl.it","telephone":"+390522826820","legalName":"F.D.A. SRL","foundingDate":"2024-10-13","vatID":"03075840359","taxID":"03075840359","numberOfEmployees":{"@type":"QuantitativeValue","minValue":"1","maxValue":"10"}}]},"product_price_currency":"EUR","og_availability":"instock","product_availability":"instock","product_retailer_item_id":"FAAG-POLIPROP","product_condition":"new"},"_links":{"self":[{"href":"https:\/\/fdasrl.it\/de\/wp-json\/wp\/v2\/product\/4306","targetHints":{"allow":["GET"]}}],"collection":[{"href":"https:\/\/fdasrl.it\/de\/wp-json\/wp\/v2\/product"}],"about":[{"href":"https:\/\/fdasrl.it\/de\/wp-json\/wp\/v2\/types\/product"}],"replies":[{"embeddable":true,"href":"https:\/\/fdasrl.it\/de\/wp-json\/wp\/v2\/comments?post=4306"}],"wp:featuredmedia":[{"embeddable":true,"href":"https:\/\/fdasrl.it\/de\/wp-json\/wp\/v2\/media\/713"}],"wp:attachment":[{"href":"https:\/\/fdasrl.it\/de\/wp-json\/wp\/v2\/media?parent=4306"}],"wp:term":[{"taxonomy":"product_brand","embeddable":true,"href":"https:\/\/fdasrl.it\/de\/wp-json\/wp\/v2\/product_brand?post=4306"},{"taxonomy":"product_cat","embeddable":true,"href":"https:\/\/fdasrl.it\/de\/wp-json\/wp\/v2\/product_cat?post=4306"},{"taxonomy":"product_tag","embeddable":true,"href":"https:\/\/fdasrl.it\/de\/wp-json\/wp\/v2\/product_tag?post=4306"}],"curies":[{"name":"wp","href":"https:\/\/api.w.org\/{rel}","templated":true}]}}