{"id":4353,"date":"2025-01-20T11:30:55","date_gmt":"2025-01-20T10:30:55","guid":{"rendered":"https:\/\/fdasrl.it\/prodotto\/infrarot-waermestrahler-fuer-tiere-o-270-mm\/"},"modified":"2025-01-20T11:30:55","modified_gmt":"2025-01-20T10:30:55","slug":"infrarot-waermestrahler-fuer-tiere-o-270-mm","status":"publish","type":"product","link":"https:\/\/fdasrl.it\/de\/prodotto\/infrarot-waermestrahler-fuer-tiere-o-270-mm\/","title":{"rendered":"Infrarot-W\u00e4rmestrahler f\u00fcr Tiere \u00d8 270 mm"},"content":{"rendered":"<div align=\"left\">\n<p data-start=\"289\" data-end=\"641\">Der <strong data-start=\"292\" data-end=\"365\">Infrarot-W\u00e4rmestrahler aus Aluminium \u00d8 270 mm<\/strong> wurde entwickelt, um Tieren in den ersten Lebensphasen W\u00e4rme und Wohlbefinden zu garantieren. Robust und funktional ist er ideal f\u00fcr <strong data-start=\"484\" data-end=\"549\">K\u00fcken, H\u00fchner, Ferkel, Kaninchen und kleine Haustiere<\/strong>, da er k\u00e4ltebedingte Risiken reduziert und das Wachstum in einer angenehmen Umgebung f\u00f6rdert. <\/p>\n<h3 data-start=\"643\" data-end=\"659\">Ausstattung:<\/h3>\n<ul>\n<li><b>Aluminium-Reflektor \u00d8 270 mm<\/b><\/li>\n<\/ul>\n<ul data-start=\"660\" data-end=\"930\">\n<li data-start=\"660\" data-end=\"717\">\n<p data-start=\"662\" data-end=\"717\"><strong data-start=\"662\" data-end=\"679\">2,5 m Kabel<\/strong> f\u00fcr eine einfache und sichere Installation<\/p>\n<\/li>\n<li data-start=\"718\" data-end=\"762\">\n<p data-start=\"720\" data-end=\"762\"><strong data-start=\"720\" data-end=\"760\">Schuko-Stecker 16 A, 250 V spritzwassergesch\u00fctzt<\/strong><\/p>\n<\/li>\n<li data-start=\"763\" data-end=\"830\">\n<p data-start=\"765\" data-end=\"830\"><strong data-start=\"765\" data-end=\"808\">Schwere Porzellanfassung \u00d8 54<\/strong> mit verschraubter H\u00fclse<\/p>\n<\/li>\n<li data-start=\"831\" data-end=\"885\">\n<p data-start=\"833\" data-end=\"885\"><strong data-start=\"833\" data-end=\"868\">2 m Aufh\u00e4ngungskette<\/strong> (auf Anfrage)<\/p>\n<\/li>\n<li data-start=\"886\" data-end=\"930\">\n<p data-start=\"888\" data-end=\"930\"><strong data-start=\"888\" data-end=\"913\">Schutzgitter<\/strong> (auf Anfrage)<\/p>\n<\/li>\n<\/ul>\n<h3 data-start=\"932\" data-end=\"963\">Technische Merkmale:<\/h3>\n<ul data-start=\"964\" data-end=\"1101\">\n<li data-start=\"964\" data-end=\"1000\">\n<p data-start=\"966\" data-end=\"1000\">Stromversorgung: <strong data-start=\"981\" data-end=\"998\">230 V \u2013 50 Hz<\/strong><\/p>\n<\/li>\n<li data-start=\"1001\" data-end=\"1031\">\n<p data-start=\"1003\" data-end=\"1031\">Maximale Leistung: <strong data-start=\"1020\" data-end=\"1029\">250 W<\/strong><\/p>\n<\/li>\n<li data-start=\"1032\" data-end=\"1101\">\n<p data-start=\"1034\" data-end=\"1101\">Auch mit <strong data-start=\"1056\" data-end=\"1082\">CEE-Stecker IP 44<\/strong> und 2,80 m Kabel erh\u00e4ltlich<\/p>\n<\/li>\n<\/ul>\n<p data-start=\"1103\" data-end=\"1349\">Dank der Aluminiumstruktur und der Porzellanfassung garantiert dieser Reflektor <strong data-start=\"1200\" data-end=\"1244\">Widerstandsf\u00e4higkeit, Sicherheit und Langlebigkeit<\/strong>. Dies macht ihn zur idealen Wahl sowohl f\u00fcr <strong data-start=\"1282\" data-end=\"1311\">professionelle Zuchtbetriebe<\/strong> als auch f\u00fcr kleine private Haltungen.<\/p>\n<p data-start=\"1499\" data-end=\"1634\"><strong data-start=\"1499\" data-end=\"1573\">\ud83d\udc49 Fordern Sie ein Mengenangebot unter <a class=\"decorated-link cursor-pointer\" href=\"mailto:info@fdasrl.it\" rel=\"noopener\" data-start=\"1531\" data-end=\"1570\">info@fdasrl.it<\/a> an.<\/strong><\/p>\n<\/div>\n<div align=\"left\">\ud83d\udc49 Kaufen Sie es in unserem <a href=\"https:\/\/fda-shop.it\/shop\/articoli-per-allevamento\/riflettori-e-infrarossi\/riflettore-in-alluminio-fda-00033-dm-cm-27#\/32-accessori_e_confezioni-spina_schuko_senza_griglia\" target=\"_blank\" rel=\"noopener\">Online-Shop<\/a><\/div>\n","protected":false},"excerpt":{"rendered":"<p>W\u00e4rmestrahler \u00d8 270 mm aus Aluminium mit Porzellanfassung. Ideal f\u00fcr K\u00fcken, H\u00fchner, Ferkel und Kleintiere. <\/p>\n","protected":false},"featured_media":905,"comment_status":"open","ping_status":"closed","template":"","meta":{"_et_pb_use_builder":"","_et_pb_old_content":"","_et_gb_content_width":""},"product_brand":[],"product_cat":[645,643,646],"product_tag":[1026],"class_list":{"0":"post-4353","1":"product","2":"type-product","3":"status-publish","4":"has-post-thumbnail","6":"product_cat-geflugel","7":"product_cat-schweine","8":"product_cat-tierheizung","9":"product_tag-fda-000033","11":"first","12":"instock","13":"shipping-taxable","14":"product-type-simple"},"yoast_head":"<!-- This site is optimized with the Yoast SEO Premium plugin v27.5 (Yoast SEO v27.5) - https:\/\/yoast.com\/product\/yoast-seo-premium-wordpress\/ -->\n<title>Infrarot-W\u00e4rmestrahler f\u00fcr Tiere \u00d8 270 mm: Komfort<\/title>\n<meta name=\"description\" content=\"W\u00e4hlen Sie den Infrarot-W\u00e4rmestrahler f\u00fcr Tiere \u00d8 270 mm f\u00fcr eine sichere und komfortable Umgebung. Optimal f\u00fcr H\u00fchner und Ferkel. \ud83c\udf1f\" \/>\n<meta name=\"robots\" content=\"index, follow, max-snippet:-1, max-image-preview:large, max-video-preview:-1\" \/>\n<link rel=\"canonical\" href=\"https:\/\/fdasrl.it\/de\/prodotto\/infrarot-waermestrahler-fuer-tiere-o-270-mm\/\" \/>\n<meta property=\"og:locale\" content=\"de_DE\" \/>\n<meta property=\"og:type\" content=\"article\" \/>\n<meta property=\"og:title\" content=\"Infrarot-W\u00e4rmestrahler f\u00fcr Tiere \u00d8 270 mm\" \/>\n<meta property=\"og:description\" content=\"W\u00e4hlen Sie den Infrarot-W\u00e4rmestrahler f\u00fcr Tiere \u00d8 270 mm f\u00fcr eine sichere und komfortable Umgebung. Optimal f\u00fcr H\u00fchner und Ferkel. \ud83c\udf1f\" \/>\n<meta property=\"og:url\" content=\"https:\/\/fdasrl.it\/de\/prodotto\/infrarot-waermestrahler-fuer-tiere-o-270-mm\/\" \/>\n<meta property=\"og:site_name\" content=\"FDA srl\" \/>\n<meta property=\"article:publisher\" content=\"https:\/\/www.facebook.com\/share\/1MWhFWg1Tp\/?mibextid=LQQJ4d\" \/>\n<meta property=\"og:image\" content=\"https:\/\/fdasrl.it\/wp-content\/uploads\/2025\/01\/riflettore-riscaldante-animali-270mm-fda.webp\" \/>\n\t<meta property=\"og:image:width\" content=\"1017\" \/>\n\t<meta property=\"og:image:height\" content=\"768\" \/>\n\t<meta property=\"og:image:type\" content=\"image\/webp\" \/>\n<meta name=\"twitter:card\" content=\"summary_large_image\" \/>\n<meta name=\"twitter:label1\" content=\"Preis\" \/>\n\t<meta name=\"twitter:data1\" content=\"\" \/>\n\t<meta name=\"twitter:label2\" content=\"Verf\u00fcgbarkeit\" \/>\n\t<meta name=\"twitter:data2\" content=\"Auf Lager\" \/>\n<meta property=\"product:price:currency\" content=\"EUR\" \/>\n<meta property=\"og:availability\" content=\"instock\" \/>\n<meta property=\"product:availability\" content=\"instock\" \/>\n<meta property=\"product:retailer_item_id\" content=\"FDA-000033\" \/>\n<meta property=\"product:condition\" content=\"new\" \/>\n<!-- \/ Yoast SEO Premium plugin. -->","yoast_head_json":{"title":"Infrarot-W\u00e4rmestrahler f\u00fcr Tiere \u00d8 270 mm: Komfort","description":"W\u00e4hlen Sie den Infrarot-W\u00e4rmestrahler f\u00fcr Tiere \u00d8 270 mm f\u00fcr eine sichere und komfortable Umgebung. Optimal f\u00fcr H\u00fchner und Ferkel. \ud83c\udf1f","robots":{"index":"index","follow":"follow","max-snippet":"max-snippet:-1","max-image-preview":"max-image-preview:large","max-video-preview":"max-video-preview:-1"},"canonical":"https:\/\/fdasrl.it\/de\/prodotto\/infrarot-waermestrahler-fuer-tiere-o-270-mm\/","og_locale":"de_DE","og_type":"article","og_title":"Infrarot-W\u00e4rmestrahler f\u00fcr Tiere \u00d8 270 mm","og_description":"W\u00e4hlen Sie den Infrarot-W\u00e4rmestrahler f\u00fcr Tiere \u00d8 270 mm f\u00fcr eine sichere und komfortable Umgebung. Optimal f\u00fcr H\u00fchner und Ferkel. \ud83c\udf1f","og_url":"https:\/\/fdasrl.it\/de\/prodotto\/infrarot-waermestrahler-fuer-tiere-o-270-mm\/","og_site_name":"FDA srl","article_publisher":"https:\/\/www.facebook.com\/share\/1MWhFWg1Tp\/?mibextid=LQQJ4d","og_image":[{"width":1017,"height":768,"url":"https:\/\/fdasrl.it\/wp-content\/uploads\/2025\/01\/riflettore-riscaldante-animali-270mm-fda.webp","type":"image\/webp"}],"twitter_card":"summary_large_image","twitter_misc":{"Preis":"","Verf\u00fcgbarkeit":"Auf Lager"},"schema":{"@context":"https:\/\/schema.org","@graph":[{"@type":"WebPage","@id":"https:\/\/fdasrl.it\/de\/prodotto\/infrarot-waermestrahler-fuer-tiere-o-270-mm\/","url":"https:\/\/fdasrl.it\/de\/prodotto\/infrarot-waermestrahler-fuer-tiere-o-270-mm\/","name":"Infrarot-W\u00e4rmestrahler f\u00fcr Tiere \u00d8 270 mm: Komfort","isPartOf":{"@id":"https:\/\/fdasrl.it\/de\/#website"},"primaryImageOfPage":{"@id":"https:\/\/fdasrl.it\/de\/prodotto\/infrarot-waermestrahler-fuer-tiere-o-270-mm\/#primaryimage"},"image":{"@id":"https:\/\/fdasrl.it\/de\/prodotto\/infrarot-waermestrahler-fuer-tiere-o-270-mm\/#primaryimage"},"thumbnailUrl":"https:\/\/fdasrl.it\/wp-content\/uploads\/2025\/01\/riflettore-riscaldante-animali-270mm-fda.webp","datePublished":"2025-01-20T10:30:55+00:00","description":"W\u00e4hlen Sie den Infrarot-W\u00e4rmestrahler f\u00fcr Tiere \u00d8 270 mm f\u00fcr eine sichere und komfortable Umgebung. Optimal f\u00fcr H\u00fchner und Ferkel. \ud83c\udf1f","breadcrumb":{"@id":"https:\/\/fdasrl.it\/de\/prodotto\/infrarot-waermestrahler-fuer-tiere-o-270-mm\/#breadcrumb"},"inLanguage":"de","potentialAction":[{"@type":"ReadAction","target":["https:\/\/fdasrl.it\/de\/prodotto\/infrarot-waermestrahler-fuer-tiere-o-270-mm\/"]}]},{"@type":"ImageObject","inLanguage":"de","@id":"https:\/\/fdasrl.it\/de\/prodotto\/infrarot-waermestrahler-fuer-tiere-o-270-mm\/#primaryimage","url":"https:\/\/fdasrl.it\/wp-content\/uploads\/2025\/01\/riflettore-riscaldante-animali-270mm-fda.webp","contentUrl":"https:\/\/fdasrl.it\/wp-content\/uploads\/2025\/01\/riflettore-riscaldante-animali-270mm-fda.webp","width":1017,"height":768,"caption":"W\u00e4rmestrahler aus Aluminium \u00d8 270 mm mit Schuko-Stecker und 2,5 m Kabel, f\u00fcr H\u00fchner, K\u00fcken, Ferkel und Kleintiere."},{"@type":"BreadcrumbList","@id":"https:\/\/fdasrl.it\/de\/prodotto\/infrarot-waermestrahler-fuer-tiere-o-270-mm\/#breadcrumb","itemListElement":[{"@type":"ListItem","position":1,"name":"Home","item":"https:\/\/fdasrl.it\/de\/startseite\/"},{"@type":"ListItem","position":2,"name":"Shop","item":"https:\/\/fdasrl.it\/de\/shop\/"},{"@type":"ListItem","position":3,"name":"Infrarot-W\u00e4rmestrahler f\u00fcr Tiere \u00d8 270 mm"}]},{"@type":"WebSite","@id":"https:\/\/fdasrl.it\/de\/#website","url":"https:\/\/fdasrl.it\/de\/","name":"FDA srl","description":"Equipment for animal husbandry","publisher":{"@id":"https:\/\/fdasrl.it\/de\/#organization"},"potentialAction":[{"@type":"SearchAction","target":{"@type":"EntryPoint","urlTemplate":"https:\/\/fdasrl.it\/de\/?s={search_term_string}"},"query-input":{"@type":"PropertyValueSpecification","valueRequired":true,"valueName":"search_term_string"}}],"inLanguage":"de"},{"@type":"Organization","@id":"https:\/\/fdasrl.it\/de\/#organization","name":"FDA srl","url":"https:\/\/fdasrl.it\/de\/","logo":{"@type":"ImageObject","inLanguage":"de","@id":"https:\/\/fdasrl.it\/de\/#\/schema\/logo\/image\/","url":"https:\/\/fdasrl.it\/wp-content\/uploads\/2024\/12\/Logo-FDA.png","contentUrl":"https:\/\/fdasrl.it\/wp-content\/uploads\/2024\/12\/Logo-FDA.png","width":316,"height":119,"caption":"FDA srl"},"image":{"@id":"https:\/\/fdasrl.it\/de\/#\/schema\/logo\/image\/"},"sameAs":["https:\/\/www.facebook.com\/share\/1MWhFWg1Tp\/?mibextid=LQQJ4d","https:\/\/www.instagram.com\/fda_srl\/profilecard\/?igsh=YW5lbzJ6MWg0d21u","https:\/\/www.youtube.com\/@FDASRL_ANIMALCARE"],"description":"FDA SRL \u2013 Equipment for animal husbandry nasce con l\u2019obiettivo di offrire soluzioni affidabili e innovative per l\u2019allevamento moderno. Con anni di esperienza nel settore zootecnico, progettiamo e realizziamo attrezzature destinate al benessere animale e alla gestione efficiente delle stalle: vasche, abbeveratoi, mangiatoie e sistemi di riscaldamento pensati per durare nel tempo e semplificare il lavoro quotidiano degli allevatori. Dalla progettazione alla produzione, ogni nostro prodotto \u00e8 studiato nei minimi dettagli, testato con cura e costruito per rispondere alle esigenze reali del settore. La nostra forza \u00e8 unire artigianalit\u00e0, tecnologia e competenza tecnica per trasformare ogni progetto in una soluzione concreta e funzionale. Oggi FDA SRL \u00e8 un punto di riferimento per privati e rivenditori che cercano qualit\u00e0, affidabilit\u00e0 e innovazione nelle attrezzature per l\u2019allevamento.","email":"info@fdasrl.it","telephone":"+390522826820","legalName":"F.D.A. SRL","foundingDate":"2024-10-13","vatID":"03075840359","taxID":"03075840359","numberOfEmployees":{"@type":"QuantitativeValue","minValue":"1","maxValue":"10"}}]},"product_price_currency":"EUR","og_availability":"instock","product_availability":"instock","product_retailer_item_id":"FDA-000033","product_condition":"new"},"_links":{"self":[{"href":"https:\/\/fdasrl.it\/de\/wp-json\/wp\/v2\/product\/4353","targetHints":{"allow":["GET"]}}],"collection":[{"href":"https:\/\/fdasrl.it\/de\/wp-json\/wp\/v2\/product"}],"about":[{"href":"https:\/\/fdasrl.it\/de\/wp-json\/wp\/v2\/types\/product"}],"replies":[{"embeddable":true,"href":"https:\/\/fdasrl.it\/de\/wp-json\/wp\/v2\/comments?post=4353"}],"wp:featuredmedia":[{"embeddable":true,"href":"https:\/\/fdasrl.it\/de\/wp-json\/wp\/v2\/media\/905"}],"wp:attachment":[{"href":"https:\/\/fdasrl.it\/de\/wp-json\/wp\/v2\/media?parent=4353"}],"wp:term":[{"taxonomy":"product_brand","embeddable":true,"href":"https:\/\/fdasrl.it\/de\/wp-json\/wp\/v2\/product_brand?post=4353"},{"taxonomy":"product_cat","embeddable":true,"href":"https:\/\/fdasrl.it\/de\/wp-json\/wp\/v2\/product_cat?post=4353"},{"taxonomy":"product_tag","embeddable":true,"href":"https:\/\/fdasrl.it\/de\/wp-json\/wp\/v2\/product_tag?post=4353"}],"curies":[{"name":"wp","href":"https:\/\/api.w.org\/{rel}","templated":true}]}}