{"id":4449,"date":"2025-01-20T11:48:52","date_gmt":"2025-01-20T10:48:52","guid":{"rendered":"https:\/\/fdasrl.it\/prodotto\/aluminiumreflektor-fuer-heizung-fda-000030sw\/"},"modified":"2025-01-20T11:48:52","modified_gmt":"2025-01-20T10:48:52","slug":"aluminiumreflektor-fuer-heizung-fda-000030sw","status":"publish","type":"product","link":"https:\/\/fdasrl.it\/de\/prodotto\/aluminiumreflektor-fuer-heizung-fda-000030sw\/","title":{"rendered":"Aluminiumreflektor f\u00fcr Heizung FDA-000030SW"},"content":{"rendered":"<h3 align=\"left\">Energiesparender FDA-Heizreflektor f\u00fcr Tierhaltung FDA-000030SW<\/h3>\n<div align=\"left\">Aluminiumreflektor f\u00fcr Heizung D.210 mm f\u00fcr Tierhaltungsumgebungen.<\/div>\n<div align=\"left\">Dieser Reflektor ist energiesparend und mit einem Schalter mit drei Positionen ausgestattet:<\/div>\n<div align=\"left\">\n<ul>\n<li>1 eingeschaltet<\/li>\n<li>0 ausgeschaltet<\/li>\n<li>2 reduziert auf die H\u00e4lfte der Leistung (Beispiel: eine 150W-Lampe = 75W in Position 2)<\/li>\n<\/ul>\n<p>Weitere technische Merkmale<\/p>\n<\/div>\n<ul>\n<li>  Stromkabel L=2,5 m<\/li>\n<li>  Schuko-Stecker 16 A, 250 V spritzwassergesch\u00fctzt<\/li>\n<li>  Aufh\u00e4ngekette L=2 m<\/li>\n<li>  Schutzgitter<\/li>\n<li>  Schwere Porzellanfassung \u00d8 54 mit aufgeschraubter Zwinge<\/li>\n<li>  Stromversorgung: 230 V \u2013 50 Hz<\/li>\n<li>  Maximale Leistung: 250 W<\/li>\n<\/ul>\n<p>\ud83d\udc49 H\u00e4ndlerpreis anfragen: <a href=\"mailto:info@fdasrl.it\">HIER KLICKEN<\/a><\/p>\n<p>Kaufen Sie ihn in unserem <a href=\"https:\/\/fda-shop.it\/shop\/articoli-per-allevamento\/riflettore-fda000030sw-in-allumino-a-risparmio-energetico#\/34-accessori_e_confezioni-spina_schuko_con_griglia\" target=\"_blank\" rel=\"noopener\">Online-Shop<\/a><\/p>\n<p>FDA-Heizreflektoren sind darauf ausgelegt, eine optimale und gleichm\u00e4\u00dfige W\u00e4rme zu gew\u00e4hrleisten und gleichzeitig Energieverschwendung zu reduzieren. Hergestellt aus hochwertigen Materialien, die selbst widrigsten Bedingungen standhalten.<br \/>\nIdeal f\u00fcr St\u00e4lle, Zuchtbetriebe und jede andere Umgebung, in der eine effiziente und langlebige L\u00f6sung f\u00fcr das Tierwohl gesucht wird. Das intelligente Design sorgt f\u00fcr eine einfache Installation und eine sichere Anwendung in jeder zootechnischen Umgebung.  <\/p>\n","protected":false},"excerpt":{"rendered":"<p>Die FDA-Heizreflektoren sind so konzipiert, dass sie optimale und gleichm\u00e4\u00dfige W\u00e4rme gew\u00e4hrleisten und gleichzeitig Energieverschwendung reduzieren. Hergestellt aus hochwertigen Materialien und widerstandsf\u00e4hig auch unter den schwierigsten Bedingungen.<br \/>\nIdeal f\u00fcr St\u00e4lle, Zuchtbetriebe und jede andere Art von Umgebung, in der eine effiziente und langlebige L\u00f6sung f\u00fcr das Wohlbefinden der Tiere gew\u00fcnscht wird. <\/p>\n","protected":false},"featured_media":320,"comment_status":"open","ping_status":"closed","template":"","meta":{"_et_pb_use_builder":"","_et_pb_old_content":"","_et_gb_content_width":""},"product_brand":[],"product_cat":[645,643,646],"product_tag":[1050],"class_list":{"0":"post-4449","1":"product","2":"type-product","3":"status-publish","4":"has-post-thumbnail","6":"product_cat-geflugel","7":"product_cat-schweine","8":"product_cat-tierheizung","9":"product_tag-fda-000030sw","11":"first","12":"instock","13":"shipping-taxable","14":"product-type-simple"},"yoast_head":"<!-- This site is optimized with the Yoast SEO Premium plugin v27.5 (Yoast SEO v27.5) - https:\/\/yoast.com\/product\/yoast-seo-premium-wordpress\/ -->\n<title>Energiesparender FDA-Heizreflektor f\u00fcr Tierhaltung<\/title>\n<meta name=\"description\" content=\"Entdecken Sie unseren energiesparenden Heizreflektor f\u00fcr die Tierhaltung. Mit drei Positionen und robusten Materialien ist er die ideale L\u00f6sung!\" \/>\n<meta name=\"robots\" content=\"index, follow, max-snippet:-1, max-image-preview:large, max-video-preview:-1\" \/>\n<link rel=\"canonical\" href=\"https:\/\/fdasrl.it\/de\/prodotto\/aluminiumreflektor-fuer-heizung-fda-000030sw\/\" \/>\n<meta property=\"og:locale\" content=\"de_DE\" \/>\n<meta property=\"og:type\" content=\"article\" \/>\n<meta property=\"og:title\" content=\"Aluminiumreflektor f\u00fcr Heizung FDA-000030SW\" \/>\n<meta property=\"og:description\" content=\"Entdecken Sie unseren energiesparenden Heizreflektor f\u00fcr die Tierhaltung. Mit drei Positionen und robusten Materialien ist er die ideale L\u00f6sung!\" \/>\n<meta property=\"og:url\" content=\"https:\/\/fdasrl.it\/de\/prodotto\/aluminiumreflektor-fuer-heizung-fda-000030sw\/\" \/>\n<meta property=\"og:site_name\" content=\"FDA srl\" \/>\n<meta property=\"article:publisher\" content=\"https:\/\/www.facebook.com\/share\/1MWhFWg1Tp\/?mibextid=LQQJ4d\" \/>\n<meta property=\"og:image\" content=\"https:\/\/fdasrl.it\/wp-content\/uploads\/2025\/01\/FDA-000030SW_1.jpg\" \/>\n\t<meta property=\"og:image:width\" content=\"500\" \/>\n\t<meta property=\"og:image:height\" content=\"562\" \/>\n\t<meta property=\"og:image:type\" content=\"image\/jpeg\" \/>\n<meta name=\"twitter:card\" content=\"summary_large_image\" \/>\n<meta name=\"twitter:label1\" content=\"Preis\" \/>\n\t<meta name=\"twitter:data1\" content=\"\" \/>\n\t<meta name=\"twitter:label2\" content=\"Verf\u00fcgbarkeit\" \/>\n\t<meta name=\"twitter:data2\" content=\"Auf Lager\" \/>\n<meta property=\"product:price:currency\" content=\"EUR\" \/>\n<meta property=\"og:availability\" content=\"instock\" \/>\n<meta property=\"product:availability\" content=\"instock\" \/>\n<meta property=\"product:retailer_item_id\" content=\"FDA-000030SW\" \/>\n<meta property=\"product:condition\" content=\"new\" \/>\n<!-- \/ Yoast SEO Premium plugin. -->","yoast_head_json":{"title":"Energiesparender FDA-Heizreflektor f\u00fcr Tierhaltung","description":"Entdecken Sie unseren energiesparenden Heizreflektor f\u00fcr die Tierhaltung. Mit drei Positionen und robusten Materialien ist er die ideale L\u00f6sung!","robots":{"index":"index","follow":"follow","max-snippet":"max-snippet:-1","max-image-preview":"max-image-preview:large","max-video-preview":"max-video-preview:-1"},"canonical":"https:\/\/fdasrl.it\/de\/prodotto\/aluminiumreflektor-fuer-heizung-fda-000030sw\/","og_locale":"de_DE","og_type":"article","og_title":"Aluminiumreflektor f\u00fcr Heizung FDA-000030SW","og_description":"Entdecken Sie unseren energiesparenden Heizreflektor f\u00fcr die Tierhaltung. Mit drei Positionen und robusten Materialien ist er die ideale L\u00f6sung!","og_url":"https:\/\/fdasrl.it\/de\/prodotto\/aluminiumreflektor-fuer-heizung-fda-000030sw\/","og_site_name":"FDA srl","article_publisher":"https:\/\/www.facebook.com\/share\/1MWhFWg1Tp\/?mibextid=LQQJ4d","og_image":[{"width":500,"height":562,"url":"https:\/\/fdasrl.it\/wp-content\/uploads\/2025\/01\/FDA-000030SW_1.jpg","type":"image\/jpeg"}],"twitter_card":"summary_large_image","twitter_misc":{"Preis":"","Verf\u00fcgbarkeit":"Auf Lager"},"schema":{"@context":"https:\/\/schema.org","@graph":[{"@type":"WebPage","@id":"https:\/\/fdasrl.it\/de\/prodotto\/aluminiumreflektor-fuer-heizung-fda-000030sw\/","url":"https:\/\/fdasrl.it\/de\/prodotto\/aluminiumreflektor-fuer-heizung-fda-000030sw\/","name":"Energiesparender FDA-Heizreflektor f\u00fcr Tierhaltung","isPartOf":{"@id":"https:\/\/fdasrl.it\/de\/#website"},"primaryImageOfPage":{"@id":"https:\/\/fdasrl.it\/de\/prodotto\/aluminiumreflektor-fuer-heizung-fda-000030sw\/#primaryimage"},"image":{"@id":"https:\/\/fdasrl.it\/de\/prodotto\/aluminiumreflektor-fuer-heizung-fda-000030sw\/#primaryimage"},"thumbnailUrl":"https:\/\/fdasrl.it\/wp-content\/uploads\/2025\/01\/FDA-000030SW_1.jpg","datePublished":"2025-01-20T10:48:52+00:00","description":"Entdecken Sie unseren energiesparenden Heizreflektor f\u00fcr die Tierhaltung. Mit drei Positionen und robusten Materialien ist er die ideale L\u00f6sung!","breadcrumb":{"@id":"https:\/\/fdasrl.it\/de\/prodotto\/aluminiumreflektor-fuer-heizung-fda-000030sw\/#breadcrumb"},"inLanguage":"de","potentialAction":[{"@type":"ReadAction","target":["https:\/\/fdasrl.it\/de\/prodotto\/aluminiumreflektor-fuer-heizung-fda-000030sw\/"]}]},{"@type":"ImageObject","inLanguage":"de","@id":"https:\/\/fdasrl.it\/de\/prodotto\/aluminiumreflektor-fuer-heizung-fda-000030sw\/#primaryimage","url":"https:\/\/fdasrl.it\/wp-content\/uploads\/2025\/01\/FDA-000030SW_1.jpg","contentUrl":"https:\/\/fdasrl.it\/wp-content\/uploads\/2025\/01\/FDA-000030SW_1.jpg","width":500,"height":562},{"@type":"BreadcrumbList","@id":"https:\/\/fdasrl.it\/de\/prodotto\/aluminiumreflektor-fuer-heizung-fda-000030sw\/#breadcrumb","itemListElement":[{"@type":"ListItem","position":1,"name":"Home","item":"https:\/\/fdasrl.it\/de\/startseite\/"},{"@type":"ListItem","position":2,"name":"Shop","item":"https:\/\/fdasrl.it\/de\/shop\/"},{"@type":"ListItem","position":3,"name":"Aluminiumreflektor f\u00fcr Heizung FDA-000030SW"}]},{"@type":"WebSite","@id":"https:\/\/fdasrl.it\/de\/#website","url":"https:\/\/fdasrl.it\/de\/","name":"FDA srl","description":"Equipment for animal husbandry","publisher":{"@id":"https:\/\/fdasrl.it\/de\/#organization"},"potentialAction":[{"@type":"SearchAction","target":{"@type":"EntryPoint","urlTemplate":"https:\/\/fdasrl.it\/de\/?s={search_term_string}"},"query-input":{"@type":"PropertyValueSpecification","valueRequired":true,"valueName":"search_term_string"}}],"inLanguage":"de"},{"@type":"Organization","@id":"https:\/\/fdasrl.it\/de\/#organization","name":"FDA srl","url":"https:\/\/fdasrl.it\/de\/","logo":{"@type":"ImageObject","inLanguage":"de","@id":"https:\/\/fdasrl.it\/de\/#\/schema\/logo\/image\/","url":"https:\/\/fdasrl.it\/wp-content\/uploads\/2024\/12\/Logo-FDA.png","contentUrl":"https:\/\/fdasrl.it\/wp-content\/uploads\/2024\/12\/Logo-FDA.png","width":316,"height":119,"caption":"FDA srl"},"image":{"@id":"https:\/\/fdasrl.it\/de\/#\/schema\/logo\/image\/"},"sameAs":["https:\/\/www.facebook.com\/share\/1MWhFWg1Tp\/?mibextid=LQQJ4d","https:\/\/www.instagram.com\/fda_srl\/profilecard\/?igsh=YW5lbzJ6MWg0d21u","https:\/\/www.youtube.com\/@FDASRL_ANIMALCARE"],"description":"FDA SRL \u2013 Equipment for animal husbandry nasce con l\u2019obiettivo di offrire soluzioni affidabili e innovative per l\u2019allevamento moderno. Con anni di esperienza nel settore zootecnico, progettiamo e realizziamo attrezzature destinate al benessere animale e alla gestione efficiente delle stalle: vasche, abbeveratoi, mangiatoie e sistemi di riscaldamento pensati per durare nel tempo e semplificare il lavoro quotidiano degli allevatori. Dalla progettazione alla produzione, ogni nostro prodotto \u00e8 studiato nei minimi dettagli, testato con cura e costruito per rispondere alle esigenze reali del settore. La nostra forza \u00e8 unire artigianalit\u00e0, tecnologia e competenza tecnica per trasformare ogni progetto in una soluzione concreta e funzionale. Oggi FDA SRL \u00e8 un punto di riferimento per privati e rivenditori che cercano qualit\u00e0, affidabilit\u00e0 e innovazione nelle attrezzature per l\u2019allevamento.","email":"info@fdasrl.it","telephone":"+390522826820","legalName":"F.D.A. SRL","foundingDate":"2024-10-13","vatID":"03075840359","taxID":"03075840359","numberOfEmployees":{"@type":"QuantitativeValue","minValue":"1","maxValue":"10"}}]},"product_price_currency":"EUR","og_availability":"instock","product_availability":"instock","product_retailer_item_id":"FDA-000030SW","product_condition":"new"},"_links":{"self":[{"href":"https:\/\/fdasrl.it\/de\/wp-json\/wp\/v2\/product\/4449","targetHints":{"allow":["GET"]}}],"collection":[{"href":"https:\/\/fdasrl.it\/de\/wp-json\/wp\/v2\/product"}],"about":[{"href":"https:\/\/fdasrl.it\/de\/wp-json\/wp\/v2\/types\/product"}],"replies":[{"embeddable":true,"href":"https:\/\/fdasrl.it\/de\/wp-json\/wp\/v2\/comments?post=4449"}],"wp:featuredmedia":[{"embeddable":true,"href":"https:\/\/fdasrl.it\/de\/wp-json\/wp\/v2\/media\/320"}],"wp:attachment":[{"href":"https:\/\/fdasrl.it\/de\/wp-json\/wp\/v2\/media?parent=4449"}],"wp:term":[{"taxonomy":"product_brand","embeddable":true,"href":"https:\/\/fdasrl.it\/de\/wp-json\/wp\/v2\/product_brand?post=4449"},{"taxonomy":"product_cat","embeddable":true,"href":"https:\/\/fdasrl.it\/de\/wp-json\/wp\/v2\/product_cat?post=4449"},{"taxonomy":"product_tag","embeddable":true,"href":"https:\/\/fdasrl.it\/de\/wp-json\/wp\/v2\/product_tag?post=4449"}],"curies":[{"name":"wp","href":"https:\/\/api.w.org\/{rel}","templated":true}]}}