{"id":4477,"date":"2025-01-20T11:44:10","date_gmt":"2025-01-20T10:44:10","guid":{"rendered":"https:\/\/fdasrl.it\/prodotto\/aluminium-waermestrahler-o-210\/"},"modified":"2025-01-20T11:44:10","modified_gmt":"2025-01-20T10:44:10","slug":"aluminium-waermestrahler-o-210","status":"publish","type":"product","link":"https:\/\/fdasrl.it\/de\/prodotto\/aluminium-waermestrahler-o-210\/","title":{"rendered":"Aluminium-W\u00e4rmestrahler \u00d8 210"},"content":{"rendered":"<div align=\"left\">\n<h3 data-start=\"61\" data-end=\"117\"><strong data-start=\"61\" data-end=\"117\">Aluminium-Reflektor f\u00fcr W\u00e4rmelampen f\u00fcr Tiere &#8211; \u00d8 210 mm &#8211; FDA 000030<\/strong><\/h3>\n<p data-start=\"119\" data-end=\"469\">Professioneller W\u00e4rmestrahler aus hochwertigem Aluminium mit einem Durchmesser von 210 mm. Entwickelt f\u00fcr eine effiziente und gleichm\u00e4\u00dfige W\u00e4rmeverteilung.<\/p>\n<p data-start=\"119\" data-end=\"469\">Ideal f\u00fcr Anwendungen in Industrie, Landwirtschaft, Viehzucht oder in Bereichen, in denen eine sichere und effektive lokale W\u00e4rmequelle ben\u00f6tigt wird.<\/p>\n<h4 data-start=\"471\" data-end=\"512\"><strong data-start=\"471\" data-end=\"512\">Technische Merkmale und Ausstattung:<\/strong><\/h4>\n<ul data-start=\"514\" data-end=\"1910\">\n<li data-start=\"514\" data-end=\"684\">\n<p data-start=\"516\" data-end=\"684\"><strong data-start=\"516\" data-end=\"541\">Netzkabel<\/strong>: Im Lieferumfang ist ein 2,5 Meter langes Kabel enthalten, das einen bequemen Anschluss an das Stromnetz auch in einiger Entfernung zur Steckdose erm\u00f6glicht.<\/p>\n<\/li>\n<li data-start=\"688\" data-end=\"849\">\n<p data-start=\"690\" data-end=\"849\"><strong data-start=\"690\" data-end=\"706\">Schuko-Stecker<\/strong>: Ausgestattet mit einem 16 A, 250 V Schuko-Stecker mit Spritzwasserschutz f\u00fcr den sicheren Einsatz auch in feuchten oder staubigen Umgebungen.<\/p>\n<\/li>\n<li data-start=\"851\" data-end=\"1076\">\n<p data-start=\"853\" data-end=\"1076\"><strong data-start=\"853\" data-end=\"879\">Aufh\u00e4ngesystem<\/strong>: Der Reflektor wird komplett mit einer robusten, 2 Meter langen Metallkette f\u00fcr die h\u00e4ngende Installation geliefert. Dies erm\u00f6glicht eine einfache Positionierung \u00fcber dem zu beheizenden Bereich. <\/p>\n<\/li>\n<li data-start=\"1078\" data-end=\"1261\">\n<p data-start=\"1080\" data-end=\"1261\"><strong data-start=\"1080\" data-end=\"1105\">Schutzgitter<\/strong>: Die Vorderseite ist durch ein Metallgitter gesch\u00fctzt, das maximale Sicherheit gegen direkten Kontakt mit der W\u00e4rmequelle oder der Lampe gew\u00e4hrleistet.<\/p>\n<\/li>\n<li data-start=\"1263\" data-end=\"1472\">\n<p data-start=\"1265\" data-end=\"1472\"><strong data-start=\"1265\" data-end=\"1295\">Porzellanfassung<\/strong>: Robuste Fassung aus schwerem Porzellan mit 54 mm Durchmesser und verschraubter H\u00fclse. Entwickelt f\u00fcr hohe Temperaturen und eine lange Lebensdauer. <\/p>\n<\/li>\n<li data-start=\"1474\" data-end=\"1572\">\n<p data-start=\"1476\" data-end=\"1572\"><strong data-start=\"1476\" data-end=\"1493\">Stromversorgung<\/strong>: Das Ger\u00e4t wird mit Standard-Netzspannung von 230 V und 50 Hz betrieben.<\/p>\n<\/li>\n<li data-start=\"1574\" data-end=\"1679\">\n<p data-start=\"1576\" data-end=\"1679\"><strong data-start=\"1576\" data-end=\"1606\">Maximale Leistung<\/strong>: Bis zu 250 W, kompatibel mit verschiedenen Arten von W\u00e4rmelampen.<\/p>\n<\/li>\n<li data-start=\"1681\" data-end=\"1910\">\n<p data-start=\"1683\" data-end=\"1910\"><strong data-start=\"1683\" data-end=\"1719\">Alternative Lieferoption<\/strong>: Auf Anfrage kann der Reflektor mit einem CEE-Stecker IP 44 und einem 2,80 m langen Kabel geliefert werden. Ideal f\u00fcr Umgebungen, die einen h\u00f6heren Schutz gegen \u00e4u\u00dfere Einfl\u00fcsse erfordern. <\/p>\n<\/li>\n<\/ul>\n<\/div>\n<div align=\"left\"><\/div>\n<div align=\"left\">\ud83d\udc49 H\u00e4ndlerpreis anfragen: <a href=\"mailto:info@fdasrl.it\">HIER KLICKEN<\/a><\/div>\n<div align=\"left\">\ud83d\udc49 Kaufen Sie es in unserem <a href=\"https:\/\/fda-shop.it\/shop\/articoli-per-allevamento\/riflettori-e-infrarossi\/riflettore-in-alluminio-fda000030-dm-cm-21-completo#\/34-accessori_e_confezioni-spina_schuko_con_griglia\" target=\"_blank\" rel=\"noopener\">Online-Shop<\/a><\/div>\n","protected":false},"excerpt":{"rendered":"<p>Professioneller W\u00e4rmestrahler aus hochwertigem Aluminium mit einem Durchmesser von 210 mm, entwickelt f\u00fcr eine effiziente und gleichm\u00e4\u00dfige W\u00e4rmeverteilung.<\/p>\n","protected":false},"featured_media":319,"comment_status":"open","ping_status":"closed","template":"","meta":{"_et_pb_use_builder":"","_et_pb_old_content":"","_et_gb_content_width":""},"product_brand":[],"product_cat":[645,578,409,646],"product_tag":[1062,1063],"class_list":{"0":"post-4477","1":"product","2":"type-product","3":"status-publish","4":"has-post-thumbnail","6":"product_cat-geflugel","7":"product_cat-pferde","8":"product_cat-rinder","9":"product_cat-tierheizung","10":"product_tag-fda-000030","11":"product_tag-fda000030","13":"first","14":"instock","15":"shipping-taxable","16":"product-type-simple"},"yoast_head":"<!-- This site is optimized with the Yoast SEO Premium plugin v27.5 (Yoast SEO v27.5) - https:\/\/yoast.com\/product\/yoast-seo-premium-wordpress\/ -->\n<title>W\u00e4rmelampe f\u00fcr Tiere aus Aluminium: Komfort und Sicherheit FDA srl<\/title>\n<meta name=\"description\" content=\"Entdecken Sie unsere W\u00e4rmelampe f\u00fcr Tiere aus hochwertigem Aluminium f\u00fcr eine gleichm\u00e4\u00dfige W\u00e4rmeverteilung. Jetzt entdecken! \ud83c\udf1f\" \/>\n<meta name=\"robots\" content=\"index, follow, max-snippet:-1, max-image-preview:large, max-video-preview:-1\" \/>\n<link rel=\"canonical\" href=\"https:\/\/fdasrl.it\/de\/prodotto\/aluminium-waermestrahler-o-210\/\" \/>\n<meta property=\"og:locale\" content=\"de_DE\" \/>\n<meta property=\"og:type\" content=\"article\" \/>\n<meta property=\"og:title\" content=\"Aluminium-W\u00e4rmestrahler \u00d8 210\" \/>\n<meta property=\"og:description\" content=\"Entdecken Sie unsere W\u00e4rmelampe f\u00fcr Tiere aus hochwertigem Aluminium f\u00fcr eine gleichm\u00e4\u00dfige W\u00e4rmeverteilung. Jetzt entdecken! \ud83c\udf1f\" \/>\n<meta property=\"og:url\" content=\"https:\/\/fdasrl.it\/de\/prodotto\/aluminium-waermestrahler-o-210\/\" \/>\n<meta property=\"og:site_name\" content=\"FDA srl\" \/>\n<meta property=\"article:publisher\" content=\"https:\/\/www.facebook.com\/share\/1MWhFWg1Tp\/?mibextid=LQQJ4d\" \/>\n<meta property=\"og:image\" content=\"https:\/\/fdasrl.it\/wp-content\/uploads\/2025\/01\/FDA-000030.jpg\" \/>\n\t<meta property=\"og:image:width\" content=\"800\" \/>\n\t<meta property=\"og:image:height\" content=\"607\" \/>\n\t<meta property=\"og:image:type\" content=\"image\/jpeg\" \/>\n<meta name=\"twitter:card\" content=\"summary_large_image\" \/>\n<meta name=\"twitter:label1\" content=\"Preis\" \/>\n\t<meta name=\"twitter:data1\" content=\"\" \/>\n\t<meta name=\"twitter:label2\" content=\"Verf\u00fcgbarkeit\" \/>\n\t<meta name=\"twitter:data2\" content=\"Auf Lager\" \/>\n<meta property=\"product:price:currency\" content=\"EUR\" \/>\n<meta property=\"og:availability\" content=\"instock\" \/>\n<meta property=\"product:availability\" content=\"instock\" \/>\n<meta property=\"product:retailer_item_id\" content=\"FDA-000030\" \/>\n<meta property=\"product:condition\" content=\"new\" \/>\n<!-- \/ Yoast SEO Premium plugin. -->","yoast_head_json":{"title":"W\u00e4rmelampe f\u00fcr Tiere aus Aluminium: Komfort und Sicherheit FDA srl","description":"Entdecken Sie unsere W\u00e4rmelampe f\u00fcr Tiere aus hochwertigem Aluminium f\u00fcr eine gleichm\u00e4\u00dfige W\u00e4rmeverteilung. Jetzt entdecken! \ud83c\udf1f","robots":{"index":"index","follow":"follow","max-snippet":"max-snippet:-1","max-image-preview":"max-image-preview:large","max-video-preview":"max-video-preview:-1"},"canonical":"https:\/\/fdasrl.it\/de\/prodotto\/aluminium-waermestrahler-o-210\/","og_locale":"de_DE","og_type":"article","og_title":"Aluminium-W\u00e4rmestrahler \u00d8 210","og_description":"Entdecken Sie unsere W\u00e4rmelampe f\u00fcr Tiere aus hochwertigem Aluminium f\u00fcr eine gleichm\u00e4\u00dfige W\u00e4rmeverteilung. Jetzt entdecken! \ud83c\udf1f","og_url":"https:\/\/fdasrl.it\/de\/prodotto\/aluminium-waermestrahler-o-210\/","og_site_name":"FDA srl","article_publisher":"https:\/\/www.facebook.com\/share\/1MWhFWg1Tp\/?mibextid=LQQJ4d","og_image":[{"width":800,"height":607,"url":"https:\/\/fdasrl.it\/wp-content\/uploads\/2025\/01\/FDA-000030.jpg","type":"image\/jpeg"}],"twitter_card":"summary_large_image","twitter_misc":{"Preis":"","Verf\u00fcgbarkeit":"Auf Lager"},"schema":{"@context":"https:\/\/schema.org","@graph":[{"@type":"WebPage","@id":"https:\/\/fdasrl.it\/de\/prodotto\/aluminium-waermestrahler-o-210\/","url":"https:\/\/fdasrl.it\/de\/prodotto\/aluminium-waermestrahler-o-210\/","name":"W\u00e4rmelampe f\u00fcr Tiere aus Aluminium: Komfort und Sicherheit FDA srl","isPartOf":{"@id":"https:\/\/fdasrl.it\/de\/#website"},"primaryImageOfPage":{"@id":"https:\/\/fdasrl.it\/de\/prodotto\/aluminium-waermestrahler-o-210\/#primaryimage"},"image":{"@id":"https:\/\/fdasrl.it\/de\/prodotto\/aluminium-waermestrahler-o-210\/#primaryimage"},"thumbnailUrl":"https:\/\/fdasrl.it\/wp-content\/uploads\/2025\/01\/FDA-000030.jpg","datePublished":"2025-01-20T10:44:10+00:00","description":"Entdecken Sie unsere W\u00e4rmelampe f\u00fcr Tiere aus hochwertigem Aluminium f\u00fcr eine gleichm\u00e4\u00dfige W\u00e4rmeverteilung. Jetzt entdecken! \ud83c\udf1f","breadcrumb":{"@id":"https:\/\/fdasrl.it\/de\/prodotto\/aluminium-waermestrahler-o-210\/#breadcrumb"},"inLanguage":"de","potentialAction":[{"@type":"ReadAction","target":["https:\/\/fdasrl.it\/de\/prodotto\/aluminium-waermestrahler-o-210\/"]}]},{"@type":"ImageObject","inLanguage":"de","@id":"https:\/\/fdasrl.it\/de\/prodotto\/aluminium-waermestrahler-o-210\/#primaryimage","url":"https:\/\/fdasrl.it\/wp-content\/uploads\/2025\/01\/FDA-000030.jpg","contentUrl":"https:\/\/fdasrl.it\/wp-content\/uploads\/2025\/01\/FDA-000030.jpg","width":800,"height":607,"caption":"Lampada riscaldante pr animali in alluminio"},{"@type":"BreadcrumbList","@id":"https:\/\/fdasrl.it\/de\/prodotto\/aluminium-waermestrahler-o-210\/#breadcrumb","itemListElement":[{"@type":"ListItem","position":1,"name":"Home","item":"https:\/\/fdasrl.it\/de\/startseite\/"},{"@type":"ListItem","position":2,"name":"Shop","item":"https:\/\/fdasrl.it\/de\/shop\/"},{"@type":"ListItem","position":3,"name":"Aluminium-W\u00e4rmestrahler \u00d8 210"}]},{"@type":"WebSite","@id":"https:\/\/fdasrl.it\/de\/#website","url":"https:\/\/fdasrl.it\/de\/","name":"FDA srl","description":"Equipment for animal husbandry","publisher":{"@id":"https:\/\/fdasrl.it\/de\/#organization"},"potentialAction":[{"@type":"SearchAction","target":{"@type":"EntryPoint","urlTemplate":"https:\/\/fdasrl.it\/de\/?s={search_term_string}"},"query-input":{"@type":"PropertyValueSpecification","valueRequired":true,"valueName":"search_term_string"}}],"inLanguage":"de"},{"@type":"Organization","@id":"https:\/\/fdasrl.it\/de\/#organization","name":"FDA srl","url":"https:\/\/fdasrl.it\/de\/","logo":{"@type":"ImageObject","inLanguage":"de","@id":"https:\/\/fdasrl.it\/de\/#\/schema\/logo\/image\/","url":"https:\/\/fdasrl.it\/wp-content\/uploads\/2024\/12\/Logo-FDA.png","contentUrl":"https:\/\/fdasrl.it\/wp-content\/uploads\/2024\/12\/Logo-FDA.png","width":316,"height":119,"caption":"FDA srl"},"image":{"@id":"https:\/\/fdasrl.it\/de\/#\/schema\/logo\/image\/"},"sameAs":["https:\/\/www.facebook.com\/share\/1MWhFWg1Tp\/?mibextid=LQQJ4d","https:\/\/www.instagram.com\/fda_srl\/profilecard\/?igsh=YW5lbzJ6MWg0d21u","https:\/\/www.youtube.com\/@FDASRL_ANIMALCARE"],"description":"FDA SRL \u2013 Equipment for animal husbandry nasce con l\u2019obiettivo di offrire soluzioni affidabili e innovative per l\u2019allevamento moderno. Con anni di esperienza nel settore zootecnico, progettiamo e realizziamo attrezzature destinate al benessere animale e alla gestione efficiente delle stalle: vasche, abbeveratoi, mangiatoie e sistemi di riscaldamento pensati per durare nel tempo e semplificare il lavoro quotidiano degli allevatori. Dalla progettazione alla produzione, ogni nostro prodotto \u00e8 studiato nei minimi dettagli, testato con cura e costruito per rispondere alle esigenze reali del settore. La nostra forza \u00e8 unire artigianalit\u00e0, tecnologia e competenza tecnica per trasformare ogni progetto in una soluzione concreta e funzionale. Oggi FDA SRL \u00e8 un punto di riferimento per privati e rivenditori che cercano qualit\u00e0, affidabilit\u00e0 e innovazione nelle attrezzature per l\u2019allevamento.","email":"info@fdasrl.it","telephone":"+390522826820","legalName":"F.D.A. SRL","foundingDate":"2024-10-13","vatID":"03075840359","taxID":"03075840359","numberOfEmployees":{"@type":"QuantitativeValue","minValue":"1","maxValue":"10"}}]},"product_price_currency":"EUR","og_availability":"instock","product_availability":"instock","product_retailer_item_id":"FDA-000030","product_condition":"new"},"_links":{"self":[{"href":"https:\/\/fdasrl.it\/de\/wp-json\/wp\/v2\/product\/4477","targetHints":{"allow":["GET"]}}],"collection":[{"href":"https:\/\/fdasrl.it\/de\/wp-json\/wp\/v2\/product"}],"about":[{"href":"https:\/\/fdasrl.it\/de\/wp-json\/wp\/v2\/types\/product"}],"replies":[{"embeddable":true,"href":"https:\/\/fdasrl.it\/de\/wp-json\/wp\/v2\/comments?post=4477"}],"wp:featuredmedia":[{"embeddable":true,"href":"https:\/\/fdasrl.it\/de\/wp-json\/wp\/v2\/media\/319"}],"wp:attachment":[{"href":"https:\/\/fdasrl.it\/de\/wp-json\/wp\/v2\/media?parent=4477"}],"wp:term":[{"taxonomy":"product_brand","embeddable":true,"href":"https:\/\/fdasrl.it\/de\/wp-json\/wp\/v2\/product_brand?post=4477"},{"taxonomy":"product_cat","embeddable":true,"href":"https:\/\/fdasrl.it\/de\/wp-json\/wp\/v2\/product_cat?post=4477"},{"taxonomy":"product_tag","embeddable":true,"href":"https:\/\/fdasrl.it\/de\/wp-json\/wp\/v2\/product_tag?post=4477"}],"curies":[{"name":"wp","href":"https:\/\/api.w.org\/{rel}","templated":true}]}}