{"id":4513,"date":"2025-01-20T11:18:23","date_gmt":"2025-01-20T10:18:23","guid":{"rendered":"https:\/\/fdasrl.it\/prodotto\/verstaerkte-edelstahlhalterung-fuer-beissnippeltraenken\/"},"modified":"2025-01-20T11:18:23","modified_gmt":"2025-01-20T10:18:23","slug":"verstaerkte-edelstahlhalterung-fuer-beissnippeltraenken","status":"publish","type":"product","link":"https:\/\/fdasrl.it\/de\/prodotto\/verstaerkte-edelstahlhalterung-fuer-beissnippeltraenken\/","title":{"rendered":"Verst\u00e4rkte Edelstahlhalterung f\u00fcr Bei\u00dfnippeltr\u00e4nken"},"content":{"rendered":"<h1 data-start=\"263\" data-end=\"620\">Verst\u00e4rkte Edelstahlhalterung, schwere Ausf\u00fchrung f\u00fcr Bei\u00dfnippeltr\u00e4nken<\/h1>\n<p data-start=\"263\" data-end=\"620\">Die <strong data-start=\"266\" data-end=\"337\">feste verst\u00e4rkte Halterung mit Wandplatte f\u00fcr automatische Schweinetr\u00e4nken<\/strong> ist eine praktische und widerstandsf\u00e4hige L\u00f6sung. Sie wurde entwickelt, um Stabilit\u00e4t und eine lange Lebensdauer in Tr\u00e4nkesystemen zu gew\u00e4hrleisten. Vollst\u00e4ndig aus <strong data-start=\"482\" data-end=\"514\">hochwertigem Edelstahl<\/strong> gefertigt, bietet sie eine hohe Korrosionsbest\u00e4ndigkeit und h\u00e4lt den typischen Belastungen in der Intensivtierhaltung stand.  <\/p>\n<p data-start=\"622\" data-end=\"1034\">Dank der <strong data-start=\"634\" data-end=\"663\">verst\u00e4rkten Wandplatte<\/strong> gew\u00e4hrleistet die Halterung eine solide und sichere Befestigung. Zudem reduziert sie das Risiko von Bewegungen oder Besch\u00e4digungen, selbst bei h\u00e4ufiger Nutzung durch die Tiere. Der <strong data-start=\"825\" data-end=\"850\">1\/2&#8243;-Wasseranschluss<\/strong> ist um <strong data-start=\"865\" data-end=\"872\">25\u00b0<\/strong> geneigt. Diese Eigenschaft beg\u00fcnstigt einen korrekten Wasserfluss und verbessert die Ergonomie f\u00fcr die Schweine, indem sie einen einfachen und nat\u00fcrlichen Zugang zur Tr\u00e4nke erm\u00f6glicht.   <\/p>\n<p data-start=\"1036\" data-end=\"1385\">Diese Halterung ist mit den g\u00e4ngigsten Modellen <strong data-start=\"1094\" data-end=\"1130\">automatischer Schweinetr\u00e4nken<\/strong> kompatibel. Dies macht sie zu einer vielseitigen Wahl sowohl f\u00fcr Neuinstallationen als auch f\u00fcr den Austausch oder die Modernisierung bestehender Anlagen. Die Edelstahlstruktur erleichtert zudem die Reinigung und Wartung und sorgt f\u00fcr ein stets optimales Hygieneniveau.  <\/p>\n<h3 data-start=\"1387\" data-end=\"1415\">\u2705 Hauptvorteile:<\/h3>\n<ul data-start=\"1416\" data-end=\"1697\">\n<li data-start=\"1416\" data-end=\"1459\">\n<p data-start=\"1418\" data-end=\"1459\">Robuste Konstruktion aus <strong data-start=\"1441\" data-end=\"1457\">Edelstahl<\/strong><\/p>\n<\/li>\n<li data-start=\"1460\" data-end=\"1516\">\n<p data-start=\"1462\" data-end=\"1516\"><strong data-start=\"1462\" data-end=\"1480\">Wandplatte<\/strong> f\u00fcr eine stabile und sichere Befestigung<\/p>\n<\/li>\n<li data-start=\"1517\" data-end=\"1591\">\n<p data-start=\"1519\" data-end=\"1591\"><strong data-start=\"1519\" data-end=\"1557\">1\/2&#8243;-Wasseranschluss mit 25\u00b0-Neigung<\/strong> f\u00fcr eine ergonomische Installation<\/p>\n<\/li>\n<li data-start=\"1592\" data-end=\"1655\">\n<p data-start=\"1594\" data-end=\"1655\">Kompatibilit\u00e4t mit verschiedenen Modellen automatischer Tr\u00e4nken<\/p>\n<\/li>\n<li data-start=\"1656\" data-end=\"1697\">\n<p data-start=\"1658\" data-end=\"1697\">Einfach zu montieren, zu reinigen und zu warten<\/p>\n<\/li>\n<\/ul>\n<p data-start=\"1699\" data-end=\"1872\">Die feste Halterung mit Wandplatte stellt eine zuverl\u00e4ssige Wahl f\u00fcr alle dar, die ein langlebiges und funktionales Zubeh\u00f6r f\u00fcr ihr <strong data-start=\"1835\" data-end=\"1869\">Schweinetr\u00e4nkesystem<\/strong> suchen.<\/p>\n","protected":false},"excerpt":{"rendered":"<p>Die feste Halterung mit <strong data-start=\"919\" data-end=\"953\">Wandplatte aus verst\u00e4rktem Edelstahl, Modell \u201eschwer\u201c<\/strong>, ist f\u00fcr die Installation von <strong data-start=\"989\" data-end=\"1025\">automatischen Schweinetr\u00e4nken<\/strong> konzipiert. Ausgestattet mit einem <strong data-start=\"1037\" data-end=\"1062\">1\/2\u201d-Wasseranschluss<\/strong> im <strong data-start=\"1067\" data-end=\"1084\">25\u00b0-Winkel<\/strong>, garantiert sie Solidit\u00e4t, Korrosionsbest\u00e4ndigkeit und Montagefreundlichkeit. Ideal f\u00fcr Schweinezuchtbetriebe, die zuverl\u00e4ssige und dauerhafte L\u00f6sungen ben\u00f6tigen.  <\/p>\n","protected":false},"featured_media":299,"comment_status":"open","ping_status":"closed","template":"","meta":{"_et_pb_use_builder":"","_et_pb_old_content":"","_et_gb_content_width":""},"product_brand":[],"product_cat":[1075,643,762],"product_tag":[1076],"class_list":{"0":"post-4513","1":"product","2":"type-product","3":"status-publish","4":"has-post-thumbnail","6":"product_cat-halterungen-fur-tranken","7":"product_cat-schweine","8":"product_cat-tranken-3","9":"product_tag-fda-000008","11":"first","12":"instock","13":"shipping-taxable","14":"product-type-simple"},"yoast_head":"<!-- This site is optimized with the Yoast SEO Premium plugin v27.5 (Yoast SEO v27.5) - https:\/\/yoast.com\/product\/yoast-seo-premium-wordpress\/ -->\n<title>Verst\u00e4rkte Halterung f\u00fcr automatische Schweinetr\u00e4nken \u2013 Hohe Qualit\u00e4t<\/title>\n<meta name=\"description\" content=\"Entdecken Sie unsere verst\u00e4rkte Halterung f\u00fcr automatische Schweinetr\u00e4nken aus hochwertigem Edelstahl. Garantiert Stabilit\u00e4t und Langlebigkeit!\" \/>\n<meta name=\"robots\" content=\"index, follow, max-snippet:-1, max-image-preview:large, max-video-preview:-1\" \/>\n<link rel=\"canonical\" href=\"https:\/\/fdasrl.it\/de\/prodotto\/verstaerkte-edelstahlhalterung-fuer-beissnippeltraenken\/\" \/>\n<meta property=\"og:locale\" content=\"de_DE\" \/>\n<meta property=\"og:type\" content=\"article\" \/>\n<meta property=\"og:title\" content=\"Verst\u00e4rkte Edelstahlhalterung f\u00fcr Bei\u00dfnippeltr\u00e4nken\" \/>\n<meta property=\"og:description\" content=\"Entdecken Sie unsere verst\u00e4rkte Halterung f\u00fcr automatische Schweinetr\u00e4nken aus hochwertigem Edelstahl. Garantiert Stabilit\u00e4t und Langlebigkeit!\" \/>\n<meta property=\"og:url\" content=\"https:\/\/fdasrl.it\/de\/prodotto\/verstaerkte-edelstahlhalterung-fuer-beissnippeltraenken\/\" \/>\n<meta property=\"og:site_name\" content=\"FDA srl\" \/>\n<meta property=\"article:publisher\" content=\"https:\/\/www.facebook.com\/share\/1MWhFWg1Tp\/?mibextid=LQQJ4d\" \/>\n<meta property=\"og:image\" content=\"https:\/\/fdasrl.it\/wp-content\/uploads\/2025\/01\/FDA-00008-25_1.jpg\" \/>\n\t<meta property=\"og:image:width\" content=\"800\" \/>\n\t<meta property=\"og:image:height\" content=\"640\" \/>\n\t<meta property=\"og:image:type\" content=\"image\/jpeg\" \/>\n<meta name=\"twitter:card\" content=\"summary_large_image\" \/>\n<meta name=\"twitter:label1\" content=\"Preis\" \/>\n\t<meta name=\"twitter:data1\" content=\"\" \/>\n\t<meta name=\"twitter:label2\" content=\"Verf\u00fcgbarkeit\" \/>\n\t<meta name=\"twitter:data2\" content=\"Auf Lager\" \/>\n<meta property=\"product:price:currency\" content=\"EUR\" \/>\n<meta property=\"og:availability\" content=\"instock\" \/>\n<meta property=\"product:availability\" content=\"instock\" \/>\n<meta property=\"product:retailer_item_id\" content=\"FDA-000008\" \/>\n<meta property=\"product:condition\" content=\"new\" \/>\n<!-- \/ Yoast SEO Premium plugin. -->","yoast_head_json":{"title":"Verst\u00e4rkte Halterung f\u00fcr automatische Schweinetr\u00e4nken \u2013 Hohe Qualit\u00e4t","description":"Entdecken Sie unsere verst\u00e4rkte Halterung f\u00fcr automatische Schweinetr\u00e4nken aus hochwertigem Edelstahl. Garantiert Stabilit\u00e4t und Langlebigkeit!","robots":{"index":"index","follow":"follow","max-snippet":"max-snippet:-1","max-image-preview":"max-image-preview:large","max-video-preview":"max-video-preview:-1"},"canonical":"https:\/\/fdasrl.it\/de\/prodotto\/verstaerkte-edelstahlhalterung-fuer-beissnippeltraenken\/","og_locale":"de_DE","og_type":"article","og_title":"Verst\u00e4rkte Edelstahlhalterung f\u00fcr Bei\u00dfnippeltr\u00e4nken","og_description":"Entdecken Sie unsere verst\u00e4rkte Halterung f\u00fcr automatische Schweinetr\u00e4nken aus hochwertigem Edelstahl. Garantiert Stabilit\u00e4t und Langlebigkeit!","og_url":"https:\/\/fdasrl.it\/de\/prodotto\/verstaerkte-edelstahlhalterung-fuer-beissnippeltraenken\/","og_site_name":"FDA srl","article_publisher":"https:\/\/www.facebook.com\/share\/1MWhFWg1Tp\/?mibextid=LQQJ4d","og_image":[{"width":800,"height":640,"url":"https:\/\/fdasrl.it\/wp-content\/uploads\/2025\/01\/FDA-00008-25_1.jpg","type":"image\/jpeg"}],"twitter_card":"summary_large_image","twitter_misc":{"Preis":"","Verf\u00fcgbarkeit":"Auf Lager"},"schema":{"@context":"https:\/\/schema.org","@graph":[{"@type":"WebPage","@id":"https:\/\/fdasrl.it\/de\/prodotto\/verstaerkte-edelstahlhalterung-fuer-beissnippeltraenken\/","url":"https:\/\/fdasrl.it\/de\/prodotto\/verstaerkte-edelstahlhalterung-fuer-beissnippeltraenken\/","name":"Verst\u00e4rkte Halterung f\u00fcr automatische Schweinetr\u00e4nken \u2013 Hohe Qualit\u00e4t","isPartOf":{"@id":"https:\/\/fdasrl.it\/de\/#website"},"primaryImageOfPage":{"@id":"https:\/\/fdasrl.it\/de\/prodotto\/verstaerkte-edelstahlhalterung-fuer-beissnippeltraenken\/#primaryimage"},"image":{"@id":"https:\/\/fdasrl.it\/de\/prodotto\/verstaerkte-edelstahlhalterung-fuer-beissnippeltraenken\/#primaryimage"},"thumbnailUrl":"https:\/\/fdasrl.it\/wp-content\/uploads\/2025\/01\/FDA-00008-25_1.jpg","datePublished":"2025-01-20T10:18:23+00:00","description":"Entdecken Sie unsere verst\u00e4rkte Halterung f\u00fcr automatische Schweinetr\u00e4nken aus hochwertigem Edelstahl. Garantiert Stabilit\u00e4t und Langlebigkeit!","breadcrumb":{"@id":"https:\/\/fdasrl.it\/de\/prodotto\/verstaerkte-edelstahlhalterung-fuer-beissnippeltraenken\/#breadcrumb"},"inLanguage":"de","potentialAction":[{"@type":"ReadAction","target":["https:\/\/fdasrl.it\/de\/prodotto\/verstaerkte-edelstahlhalterung-fuer-beissnippeltraenken\/"]}]},{"@type":"ImageObject","inLanguage":"de","@id":"https:\/\/fdasrl.it\/de\/prodotto\/verstaerkte-edelstahlhalterung-fuer-beissnippeltraenken\/#primaryimage","url":"https:\/\/fdasrl.it\/wp-content\/uploads\/2025\/01\/FDA-00008-25_1.jpg","contentUrl":"https:\/\/fdasrl.it\/wp-content\/uploads\/2025\/01\/FDA-00008-25_1.jpg","width":800,"height":640,"caption":"Edelstahl-Halterung f\u00fcr Schweinetr\u00e4nke"},{"@type":"BreadcrumbList","@id":"https:\/\/fdasrl.it\/de\/prodotto\/verstaerkte-edelstahlhalterung-fuer-beissnippeltraenken\/#breadcrumb","itemListElement":[{"@type":"ListItem","position":1,"name":"Home","item":"https:\/\/fdasrl.it\/de\/startseite\/"},{"@type":"ListItem","position":2,"name":"Shop","item":"https:\/\/fdasrl.it\/de\/shop\/"},{"@type":"ListItem","position":3,"name":"Verst\u00e4rkte Edelstahlhalterung f\u00fcr Bei\u00dfnippeltr\u00e4nken"}]},{"@type":"WebSite","@id":"https:\/\/fdasrl.it\/de\/#website","url":"https:\/\/fdasrl.it\/de\/","name":"FDA srl","description":"Equipment for animal husbandry","publisher":{"@id":"https:\/\/fdasrl.it\/de\/#organization"},"potentialAction":[{"@type":"SearchAction","target":{"@type":"EntryPoint","urlTemplate":"https:\/\/fdasrl.it\/de\/?s={search_term_string}"},"query-input":{"@type":"PropertyValueSpecification","valueRequired":true,"valueName":"search_term_string"}}],"inLanguage":"de"},{"@type":"Organization","@id":"https:\/\/fdasrl.it\/de\/#organization","name":"FDA srl","url":"https:\/\/fdasrl.it\/de\/","logo":{"@type":"ImageObject","inLanguage":"de","@id":"https:\/\/fdasrl.it\/de\/#\/schema\/logo\/image\/","url":"https:\/\/fdasrl.it\/wp-content\/uploads\/2024\/12\/Logo-FDA.png","contentUrl":"https:\/\/fdasrl.it\/wp-content\/uploads\/2024\/12\/Logo-FDA.png","width":316,"height":119,"caption":"FDA srl"},"image":{"@id":"https:\/\/fdasrl.it\/de\/#\/schema\/logo\/image\/"},"sameAs":["https:\/\/www.facebook.com\/share\/1MWhFWg1Tp\/?mibextid=LQQJ4d","https:\/\/www.instagram.com\/fda_srl\/profilecard\/?igsh=YW5lbzJ6MWg0d21u","https:\/\/www.youtube.com\/@FDASRL_ANIMALCARE"],"description":"FDA SRL \u2013 Equipment for animal husbandry nasce con l\u2019obiettivo di offrire soluzioni affidabili e innovative per l\u2019allevamento moderno. Con anni di esperienza nel settore zootecnico, progettiamo e realizziamo attrezzature destinate al benessere animale e alla gestione efficiente delle stalle: vasche, abbeveratoi, mangiatoie e sistemi di riscaldamento pensati per durare nel tempo e semplificare il lavoro quotidiano degli allevatori. Dalla progettazione alla produzione, ogni nostro prodotto \u00e8 studiato nei minimi dettagli, testato con cura e costruito per rispondere alle esigenze reali del settore. La nostra forza \u00e8 unire artigianalit\u00e0, tecnologia e competenza tecnica per trasformare ogni progetto in una soluzione concreta e funzionale. Oggi FDA SRL \u00e8 un punto di riferimento per privati e rivenditori che cercano qualit\u00e0, affidabilit\u00e0 e innovazione nelle attrezzature per l\u2019allevamento.","email":"info@fdasrl.it","telephone":"+390522826820","legalName":"F.D.A. SRL","foundingDate":"2024-10-13","vatID":"03075840359","taxID":"03075840359","numberOfEmployees":{"@type":"QuantitativeValue","minValue":"1","maxValue":"10"}}]},"product_price_currency":"EUR","og_availability":"instock","product_availability":"instock","product_retailer_item_id":"FDA-000008","product_condition":"new"},"_links":{"self":[{"href":"https:\/\/fdasrl.it\/de\/wp-json\/wp\/v2\/product\/4513","targetHints":{"allow":["GET"]}}],"collection":[{"href":"https:\/\/fdasrl.it\/de\/wp-json\/wp\/v2\/product"}],"about":[{"href":"https:\/\/fdasrl.it\/de\/wp-json\/wp\/v2\/types\/product"}],"replies":[{"embeddable":true,"href":"https:\/\/fdasrl.it\/de\/wp-json\/wp\/v2\/comments?post=4513"}],"wp:featuredmedia":[{"embeddable":true,"href":"https:\/\/fdasrl.it\/de\/wp-json\/wp\/v2\/media\/299"}],"wp:attachment":[{"href":"https:\/\/fdasrl.it\/de\/wp-json\/wp\/v2\/media?parent=4513"}],"wp:term":[{"taxonomy":"product_brand","embeddable":true,"href":"https:\/\/fdasrl.it\/de\/wp-json\/wp\/v2\/product_brand?post=4513"},{"taxonomy":"product_cat","embeddable":true,"href":"https:\/\/fdasrl.it\/de\/wp-json\/wp\/v2\/product_cat?post=4513"},{"taxonomy":"product_tag","embeddable":true,"href":"https:\/\/fdasrl.it\/de\/wp-json\/wp\/v2\/product_tag?post=4513"}],"curies":[{"name":"wp","href":"https:\/\/api.w.org\/{rel}","templated":true}]}}