{"id":4574,"date":"2025-01-20T16:21:20","date_gmt":"2025-01-20T15:21:20","guid":{"rendered":"https:\/\/fdasrl.it\/prodotto\/automatische-edelstahl-traenke-mit-verstellbarer-kugel\/"},"modified":"2025-01-20T16:21:20","modified_gmt":"2025-01-20T15:21:20","slug":"automatische-edelstahl-traenke-mit-verstellbarer-kugel","status":"publish","type":"product","link":"https:\/\/fdasrl.it\/de\/prodotto\/automatische-edelstahl-traenke-mit-verstellbarer-kugel\/","title":{"rendered":"Automatische Edelstahl-Tr\u00e4nke mit verstellbarer Kugel"},"content":{"rendered":"<h3>Automatische Edelstahl-Tr\u00e4nke mit verstellbarer Kugel<\/h3>\n<h4 data-start=\"564\" data-end=\"918\">Die automatische Tr\u00e4nke aus <strong data-start=\"593\" data-end=\"618\">Edelstahl AISI 304<\/strong> ist konzipiert, um <strong data-start=\"646\" data-end=\"679\">Hygiene, Langlebigkeit und Funktionalit\u00e4t<\/strong> in landwirtschaftlichen und h\u00e4uslichen Umgebungen zu gew\u00e4hrleisten.<\/h4>\n<p data-start=\"564\" data-end=\"918\">Ideal f\u00fcr <strong data-start=\"727\" data-end=\"769\">Hunde, K\u00e4lber, Pferde, Ziegen und Schafe<\/strong>, ist sie mit einem <strong data-start=\"796\" data-end=\"816\">Konstantstand-System<\/strong> mit <strong data-start=\"821\" data-end=\"863\">verstellbarem Schwimmerventil FAR15 aus ABS<\/strong> ausgestattet, das einen zuverl\u00e4ssigen und kontinuierlichen Wasserfluss sicherstellt.<\/p>\n<p data-start=\"920\" data-end=\"1105\">Der <strong data-start=\"923\" data-end=\"948\">klappbare Deckel<\/strong> erm\u00f6glicht einen bequemen Zugang f\u00fcr die Innenwartung, w\u00e4hrend der <strong data-start=\"1015\" data-end=\"1051\">Gewindeablassstopfen M12x1<\/strong> am Boden eine <strong data-start=\"1075\" data-end=\"1104\">schnelle und vollst\u00e4ndige Reinigung<\/strong> erm\u00f6glicht.<\/p>\n<p data-start=\"1107\" data-end=\"1371\">Der Wasserzulauf mit <strong data-start=\"1128\" data-end=\"1147\">1\/2&#8243;-Anschluss<\/strong> ist auf beiden Seiten montierbar f\u00fcr maximale Installationsflexibilit\u00e4t. Die <strong data-start=\"1228\" data-end=\"1259\">h\u00f6henverstellbare Kugel<\/strong> und der <strong data-start=\"1265\" data-end=\"1288\">integrierte Vorfilter<\/strong> garantieren einen effizienten Betrieb auch bei Verunreinigungen im Wasser. <\/p>\n<hr data-start=\"1373\" data-end=\"1376\">\n<h3 data-start=\"1378\" data-end=\"1414\">\u2699\ufe0f <strong data-start=\"1385\" data-end=\"1414\">Technische Merkmale:<\/strong><\/h3>\n<ul data-start=\"1416\" data-end=\"1853\">\n<li data-start=\"1416\" data-end=\"1474\">\n<p data-start=\"1418\" data-end=\"1474\"><strong data-start=\"1418\" data-end=\"1431\">Material<\/strong>: Edelstahl AISI 304 (St\u00e4rke 1,2 mm)<\/p>\n<\/li>\n<li data-start=\"1475\" data-end=\"1537\">\n<p data-start=\"1477\" data-end=\"1537\"><strong data-start=\"1477\" data-end=\"1501\">Schwimmerventil<\/strong>: verstellbar, aus ABS mit Vorfilter FAR15 <a href=\"https:\/\/fdasrl.it\/de\/prodotto\/schwimmerventil-fuer-traenke-mit-vorfilter-1-2-far15\/\">(f\u00fcr Ersatz hier klicken)<\/a><\/p>\n<\/li>\n<li data-start=\"1538\" data-end=\"1596\">\n<p data-start=\"1540\" data-end=\"1596\"><strong data-start=\"1540\" data-end=\"1555\">Kugelk\u00f6rper<\/strong>: aus PE-Kunststoff, h\u00f6henverstellbar<\/p>\n<\/li>\n<li data-start=\"1597\" data-end=\"1639\">\n<p data-start=\"1599\" data-end=\"1639\"><strong data-start=\"1599\" data-end=\"1616\">Wasserdurchfluss<\/strong>: 6,5 L\/min bei 2\u20133 bar<\/p>\n<\/li>\n<li data-start=\"1640\" data-end=\"1677\">\n<p data-start=\"1642\" data-end=\"1677\"><strong data-start=\"1642\" data-end=\"1664\">Beckenkapazit\u00e4t<\/strong>: 2,5 Liter<\/p>\n<\/li>\n<li data-start=\"1678\" data-end=\"1738\">\n<p data-start=\"1680\" data-end=\"1738\"><strong data-start=\"1680\" data-end=\"1697\">Wasseranschluss<\/strong>: \u00d8 1\/2&#8243; (auf beiden Seiten montierbar)<\/p>\n<\/li>\n<li data-start=\"1739\" data-end=\"1777\">\n<p data-start=\"1741\" data-end=\"1777\"><strong data-start=\"1741\" data-end=\"1752\">Ablauf<\/strong>: Gewindestopfen M12x1<\/p>\n<\/li>\n<li data-start=\"1778\" data-end=\"1805\">\n<p data-start=\"1780\" data-end=\"1805\"><strong data-start=\"1780\" data-end=\"1793\">Befestigung<\/strong>: Wandmontage<\/p>\n<\/li>\n<li data-start=\"1806\" data-end=\"1853\">\n<p data-start=\"1808\" data-end=\"1853\"><strong data-start=\"1808\" data-end=\"1822\">Abmessungen<\/strong>: 27 \u00d7 25,5 \u00d7 12 cm (L \u00d7 T \u00d7 H)<\/p>\n<\/li>\n<li data-start=\"1806\" data-end=\"1853\">KOMPATIBLE HALTERUNGEN <a href=\"https:\/\/fdasrl.it\/de\/prodotto\/universal-eckhalterung-fuer-traenken-far22\/\">FAR22 (SIEHE HIER)<\/a> UND <a href=\"https:\/\/fdasrl.it\/de\/prodotto\/universelle-bodenhalterung-far-23-fuer-traenken\/\">FAR 23 (SIEHE HIER)<\/a><\/li>\n<\/ul>\n<hr data-start=\"1855\" data-end=\"1858\">\n<p data-start=\"1860\" data-end=\"2015\">\u2705 Geeignet f\u00fcr landwirtschaftliche Nutzung, Tierhaltung, Zwinger, Paddocks und Gehege.<br data-start=\"1928\" data-end=\"1931\">\ud83d\udee0\ufe0f Hergestellt aus robusten und hygienischen Materialien f\u00fcr intensive und langlebige Nutzung.<\/p>\n<p data-start=\"1860\" data-end=\"2015\">\ud83d\udc49 H\u00e4ndlerpreis anfragen: <a href=\"mailto:info@fdasrl.it\">HIER KLICKEN<\/a><\/p>\n<p>Fordern Sie Informationen auf unserer Kontaktseite an (<a href=\"https:\/\/fdasrl.it\/de\/kontakt\/\">HIER KLICKEN<\/a>) oder kaufen Sie es in unserem  <a href=\"https:\/\/fda-shop.it\/shop\/articoli-per-allevamento\/abbeveratoi\/abbeveratoio-automatico-inox-vitelli-cavalli-capre-pecore\" target=\"_blank\" rel=\"noopener\">Online-Shop<\/a><\/p>\n","protected":false},"excerpt":{"rendered":"<p>Edelstahl-Tr\u00e4nke 2,5 L mit verstellbarem Schwimmerventil, PE-Kugel und Schnellablauf. F\u00fcr Hunde, K\u00e4lber, Pferde, Ziegen und Schafe. <\/p>\n","protected":false},"featured_media":339,"comment_status":"open","ping_status":"closed","template":"","meta":{"_et_pb_use_builder":"","_et_pb_old_content":"","_et_gb_content_width":""},"product_brand":[],"product_cat":[578,409,414,510,544],"product_tag":[1090,1091],"class_list":{"0":"post-4574","1":"product","2":"type-product","3":"status-publish","4":"has-post-thumbnail","6":"product_cat-pferde","7":"product_cat-rinder","8":"product_cat-schafe-und-ziegen","9":"product_cat-tranken","10":"product_cat-tranken-2","11":"product_tag-fa-ag-inox","12":"product_tag-faag-inox","14":"first","15":"instock","16":"shipping-taxable","17":"product-type-simple"},"yoast_head":"<!-- This site is optimized with the Yoast SEO Premium plugin v27.5 (Yoast SEO v27.5) - https:\/\/yoast.com\/product\/yoast-seo-premium-wordpress\/ -->\n<title>Automatische Edelstahl-Tr\u00e4nke mit verstellbarer Kugel - FDA srl<\/title>\n<meta name=\"description\" content=\"Edelstahl-Tr\u00e4nke 2,5 L mit verstellbarem Schwimmerventil, PE-Kugel und Schnellablauf. F\u00fcr Hunde, K\u00e4lber, Pferde, Ziegen und Schafe.\" \/>\n<meta name=\"robots\" content=\"index, follow, max-snippet:-1, max-image-preview:large, max-video-preview:-1\" \/>\n<link rel=\"canonical\" href=\"https:\/\/fdasrl.it\/de\/prodotto\/automatische-edelstahl-traenke-mit-verstellbarer-kugel\/\" \/>\n<meta property=\"og:locale\" content=\"de_DE\" \/>\n<meta property=\"og:type\" content=\"article\" \/>\n<meta property=\"og:title\" content=\"Automatische Edelstahl-Tr\u00e4nke mit verstellbarer Kugel\" \/>\n<meta property=\"og:description\" content=\"Edelstahl-Tr\u00e4nke 2,5 L mit verstellbarem Schwimmerventil, PE-Kugel und Schnellablauf. F\u00fcr Hunde, K\u00e4lber, Pferde, Ziegen und Schafe.\" \/>\n<meta property=\"og:url\" content=\"https:\/\/fdasrl.it\/de\/prodotto\/automatische-edelstahl-traenke-mit-verstellbarer-kugel\/\" \/>\n<meta property=\"og:site_name\" content=\"FDA srl\" \/>\n<meta property=\"article:publisher\" content=\"https:\/\/www.facebook.com\/share\/1MWhFWg1Tp\/?mibextid=LQQJ4d\" \/>\n<meta property=\"og:image\" content=\"https:\/\/fdasrl.it\/wp-content\/uploads\/2025\/01\/FA-AG-INOX_1.jpg\" \/>\n\t<meta property=\"og:image:width\" content=\"668\" \/>\n\t<meta property=\"og:image:height\" content=\"501\" \/>\n\t<meta property=\"og:image:type\" content=\"image\/jpeg\" \/>\n<meta name=\"twitter:card\" content=\"summary_large_image\" \/>\n<meta name=\"twitter:label1\" content=\"Preis\" \/>\n\t<meta name=\"twitter:data1\" content=\"\" \/>\n\t<meta name=\"twitter:label2\" content=\"Verf\u00fcgbarkeit\" \/>\n\t<meta name=\"twitter:data2\" content=\"Auf Lager\" \/>\n<meta property=\"product:price:currency\" content=\"EUR\" \/>\n<meta property=\"og:availability\" content=\"instock\" \/>\n<meta property=\"product:availability\" content=\"instock\" \/>\n<meta property=\"product:retailer_item_id\" content=\"FAAG-INOX\" \/>\n<meta property=\"product:condition\" content=\"new\" \/>\n<!-- \/ Yoast SEO Premium plugin. -->","yoast_head_json":{"title":"Automatische Edelstahl-Tr\u00e4nke mit verstellbarer Kugel - FDA srl","description":"Edelstahl-Tr\u00e4nke 2,5 L mit verstellbarem Schwimmerventil, PE-Kugel und Schnellablauf. F\u00fcr Hunde, K\u00e4lber, Pferde, Ziegen und Schafe.","robots":{"index":"index","follow":"follow","max-snippet":"max-snippet:-1","max-image-preview":"max-image-preview:large","max-video-preview":"max-video-preview:-1"},"canonical":"https:\/\/fdasrl.it\/de\/prodotto\/automatische-edelstahl-traenke-mit-verstellbarer-kugel\/","og_locale":"de_DE","og_type":"article","og_title":"Automatische Edelstahl-Tr\u00e4nke mit verstellbarer Kugel","og_description":"Edelstahl-Tr\u00e4nke 2,5 L mit verstellbarem Schwimmerventil, PE-Kugel und Schnellablauf. F\u00fcr Hunde, K\u00e4lber, Pferde, Ziegen und Schafe.","og_url":"https:\/\/fdasrl.it\/de\/prodotto\/automatische-edelstahl-traenke-mit-verstellbarer-kugel\/","og_site_name":"FDA srl","article_publisher":"https:\/\/www.facebook.com\/share\/1MWhFWg1Tp\/?mibextid=LQQJ4d","og_image":[{"width":668,"height":501,"url":"https:\/\/fdasrl.it\/wp-content\/uploads\/2025\/01\/FA-AG-INOX_1.jpg","type":"image\/jpeg"}],"twitter_card":"summary_large_image","twitter_misc":{"Preis":"","Verf\u00fcgbarkeit":"Auf Lager"},"schema":{"@context":"https:\/\/schema.org","@graph":[{"@type":"WebPage","@id":"https:\/\/fdasrl.it\/de\/prodotto\/automatische-edelstahl-traenke-mit-verstellbarer-kugel\/","url":"https:\/\/fdasrl.it\/de\/prodotto\/automatische-edelstahl-traenke-mit-verstellbarer-kugel\/","name":"Automatische Edelstahl-Tr\u00e4nke mit verstellbarer Kugel - FDA srl","isPartOf":{"@id":"https:\/\/fdasrl.it\/de\/#website"},"primaryImageOfPage":{"@id":"https:\/\/fdasrl.it\/de\/prodotto\/automatische-edelstahl-traenke-mit-verstellbarer-kugel\/#primaryimage"},"image":{"@id":"https:\/\/fdasrl.it\/de\/prodotto\/automatische-edelstahl-traenke-mit-verstellbarer-kugel\/#primaryimage"},"thumbnailUrl":"https:\/\/fdasrl.it\/wp-content\/uploads\/2025\/01\/FA-AG-INOX_1.jpg","datePublished":"2025-01-20T15:21:20+00:00","description":"Edelstahl-Tr\u00e4nke 2,5 L mit verstellbarem Schwimmerventil, PE-Kugel und Schnellablauf. F\u00fcr Hunde, K\u00e4lber, Pferde, Ziegen und Schafe.","breadcrumb":{"@id":"https:\/\/fdasrl.it\/de\/prodotto\/automatische-edelstahl-traenke-mit-verstellbarer-kugel\/#breadcrumb"},"inLanguage":"de","potentialAction":[{"@type":"ReadAction","target":["https:\/\/fdasrl.it\/de\/prodotto\/automatische-edelstahl-traenke-mit-verstellbarer-kugel\/"]}]},{"@type":"ImageObject","inLanguage":"de","@id":"https:\/\/fdasrl.it\/de\/prodotto\/automatische-edelstahl-traenke-mit-verstellbarer-kugel\/#primaryimage","url":"https:\/\/fdasrl.it\/wp-content\/uploads\/2025\/01\/FA-AG-INOX_1.jpg","contentUrl":"https:\/\/fdasrl.it\/wp-content\/uploads\/2025\/01\/FA-AG-INOX_1.jpg","width":668,"height":501,"caption":"Automatische Edelstahl-Tr\u00e4nke mit verstellbarer Kugel FA-AG INOX"},{"@type":"BreadcrumbList","@id":"https:\/\/fdasrl.it\/de\/prodotto\/automatische-edelstahl-traenke-mit-verstellbarer-kugel\/#breadcrumb","itemListElement":[{"@type":"ListItem","position":1,"name":"Home","item":"https:\/\/fdasrl.it\/de\/startseite\/"},{"@type":"ListItem","position":2,"name":"Shop","item":"https:\/\/fdasrl.it\/de\/shop\/"},{"@type":"ListItem","position":3,"name":"Automatische Edelstahl-Tr\u00e4nke mit verstellbarer Kugel"}]},{"@type":"WebSite","@id":"https:\/\/fdasrl.it\/de\/#website","url":"https:\/\/fdasrl.it\/de\/","name":"FDA srl","description":"Equipment for animal husbandry","publisher":{"@id":"https:\/\/fdasrl.it\/de\/#organization"},"potentialAction":[{"@type":"SearchAction","target":{"@type":"EntryPoint","urlTemplate":"https:\/\/fdasrl.it\/de\/?s={search_term_string}"},"query-input":{"@type":"PropertyValueSpecification","valueRequired":true,"valueName":"search_term_string"}}],"inLanguage":"de"},{"@type":"Organization","@id":"https:\/\/fdasrl.it\/de\/#organization","name":"FDA srl","url":"https:\/\/fdasrl.it\/de\/","logo":{"@type":"ImageObject","inLanguage":"de","@id":"https:\/\/fdasrl.it\/de\/#\/schema\/logo\/image\/","url":"https:\/\/fdasrl.it\/wp-content\/uploads\/2024\/12\/Logo-FDA.png","contentUrl":"https:\/\/fdasrl.it\/wp-content\/uploads\/2024\/12\/Logo-FDA.png","width":316,"height":119,"caption":"FDA srl"},"image":{"@id":"https:\/\/fdasrl.it\/de\/#\/schema\/logo\/image\/"},"sameAs":["https:\/\/www.facebook.com\/share\/1MWhFWg1Tp\/?mibextid=LQQJ4d","https:\/\/www.instagram.com\/fda_srl\/profilecard\/?igsh=YW5lbzJ6MWg0d21u","https:\/\/www.youtube.com\/@FDASRL_ANIMALCARE"],"description":"FDA SRL \u2013 Equipment for animal husbandry nasce con l\u2019obiettivo di offrire soluzioni affidabili e innovative per l\u2019allevamento moderno. Con anni di esperienza nel settore zootecnico, progettiamo e realizziamo attrezzature destinate al benessere animale e alla gestione efficiente delle stalle: vasche, abbeveratoi, mangiatoie e sistemi di riscaldamento pensati per durare nel tempo e semplificare il lavoro quotidiano degli allevatori. Dalla progettazione alla produzione, ogni nostro prodotto \u00e8 studiato nei minimi dettagli, testato con cura e costruito per rispondere alle esigenze reali del settore. La nostra forza \u00e8 unire artigianalit\u00e0, tecnologia e competenza tecnica per trasformare ogni progetto in una soluzione concreta e funzionale. Oggi FDA SRL \u00e8 un punto di riferimento per privati e rivenditori che cercano qualit\u00e0, affidabilit\u00e0 e innovazione nelle attrezzature per l\u2019allevamento.","email":"info@fdasrl.it","telephone":"+390522826820","legalName":"F.D.A. SRL","foundingDate":"2024-10-13","vatID":"03075840359","taxID":"03075840359","numberOfEmployees":{"@type":"QuantitativeValue","minValue":"1","maxValue":"10"}}]},"product_price_currency":"EUR","og_availability":"instock","product_availability":"instock","product_retailer_item_id":"FAAG-INOX","product_condition":"new"},"_links":{"self":[{"href":"https:\/\/fdasrl.it\/de\/wp-json\/wp\/v2\/product\/4574","targetHints":{"allow":["GET"]}}],"collection":[{"href":"https:\/\/fdasrl.it\/de\/wp-json\/wp\/v2\/product"}],"about":[{"href":"https:\/\/fdasrl.it\/de\/wp-json\/wp\/v2\/types\/product"}],"replies":[{"embeddable":true,"href":"https:\/\/fdasrl.it\/de\/wp-json\/wp\/v2\/comments?post=4574"}],"wp:featuredmedia":[{"embeddable":true,"href":"https:\/\/fdasrl.it\/de\/wp-json\/wp\/v2\/media\/339"}],"wp:attachment":[{"href":"https:\/\/fdasrl.it\/de\/wp-json\/wp\/v2\/media?parent=4574"}],"wp:term":[{"taxonomy":"product_brand","embeddable":true,"href":"https:\/\/fdasrl.it\/de\/wp-json\/wp\/v2\/product_brand?post=4574"},{"taxonomy":"product_cat","embeddable":true,"href":"https:\/\/fdasrl.it\/de\/wp-json\/wp\/v2\/product_cat?post=4574"},{"taxonomy":"product_tag","embeddable":true,"href":"https:\/\/fdasrl.it\/de\/wp-json\/wp\/v2\/product_tag?post=4574"}],"curies":[{"name":"wp","href":"https:\/\/api.w.org\/{rel}","templated":true}]}}