{"id":4681,"date":"2025-01-20T13:04:05","date_gmt":"2025-01-20T12:04:05","guid":{"rendered":"https:\/\/fdasrl.it\/prodotto\/gusseisen-traenkebecken-fa-2-mit-hebel-fuer-rinder-und-pferde\/"},"modified":"2025-01-20T13:04:05","modified_gmt":"2025-01-20T12:04:05","slug":"gusseisen-traenkebecken-fa-2-mit-hebel-fuer-rinder-und-pferde","status":"publish","type":"product","link":"https:\/\/fdasrl.it\/de\/prodotto\/gusseisen-traenkebecken-fa-2-mit-hebel-fuer-rinder-und-pferde\/","title":{"rendered":"Gusseisen-Tr\u00e4nkebecken FA-2 mit Hebel f\u00fcr Rinder und Pferde"},"content":{"rendered":"<p>Tr\u00e4nkebecken FA-2 aus emailliertem Gusseisen in hervorragender Qualit\u00e4t, mit Hebel f\u00fcr Rinder und Pferde in Anbindehaltung, wartungsfreundlich.<br \/>\nFunktion durch Druckbet\u00e4tigung des Hebels.<br \/>\nBetriebsdruck von 0 bis 5 atm.<br \/>\nWandmontage mit Wasserzulauf von unten 1\/2&#8243; oder mittels horizontaler Rohrleitung.<\/p>\n<p><strong>Technische Merkmale:<\/strong><\/p>\n<p>&#8211; Beckenkapazit\u00e4t 2 l.<br \/>\n&#8211; Gewicht 4,9 kg.<br \/>\n&#8211; Innendurchmesser Becken 19 cm.<\/p>\n<p><strong>Mit den entsprechenden optionalen Klemmen ist m\u00f6glich:<\/strong><\/p>\n<ul>\n<li>FAR1 Montage auf Rohrleitung, Steigleitungsanwendung.<\/li>\n<li>FAR3+FAR7 Horizontaler Wasseranschluss, horizontaler Wasserabgriff<\/li>\n<\/ul>\n<p><b>Zubeh\u00f6r und Ersatzteile:<\/b><\/p>\n<ul>\n<li>Ventilsatz f\u00fcr Rindertr\u00e4nkebecken aus Gusseisen (FA2), Ventilk\u00f6rper, Feder und Regulierung;<\/li>\n<li>Verzinkte Klemme zur Befestigung an Steigleitung \u00d8 1&#8243;1\/4 und 1&#8243;1\/2;<\/li>\n<li>Ventilk\u00f6rper aus Kunststoff und Buchse aus Messing mit Gummidichtung;<\/li>\n<li>Stahlfeder f\u00fcr Kunststoffventil;<\/li>\n<li>Regulierung mit Messingmutter.<\/li>\n<li>Winkelbefestigungsb\u00fcgel FAR22<\/li>\n<\/ul>\n<p>\ud83d\udc49 H\u00e4ndlerpreis anfragen: <a href=\"mailto:info@fdasrl.it\">HIER KLICKEN<\/a><\/p>\n<p>Kaufen Sie ihn in unserem <a href=\"https:\/\/fda-shop.it\/shop\/articoli-per-allevamento\/abbeveratoi\/abbeveratoio-in-ghisa-smaltata-a-paletta-per-bovini-e-cavalli\" target=\"_blank\" rel=\"noopener\">Online-Shop<\/a><\/p>\n","protected":false},"excerpt":{"rendered":"<p>Tr\u00e4nkebecken aus emailliertem Gusseisen in hervorragender Qualit\u00e4t, mit Hebel f\u00fcr Rinder und Pferde in Anbindehaltung, wartungsfreundlich.<br \/>\nFunktion durch Druckbet\u00e4tigung des Hebels.<\/p>\n","protected":false},"featured_media":740,"comment_status":"open","ping_status":"closed","template":"","meta":{"_et_pb_use_builder":"off","_et_pb_old_content":"Tr\u00e4nkebecken aus emailliertem Gusseisen in hervorragender Qualit\u00e4t, mit Hebel f\u00fcr Rinder und Pferde in Anbindehaltung, wartungsfreundlich.\nFunktion durch Druckbet\u00e4tigung des Hebels.\nBetriebsdruck von 0 bis 5 atm.\nWandmontage mit Wasserzulauf von unten 1\/2\" oder mittels horizontaler Rohrleitung.\n\nTechnische Merkmale:\n\n- Beckenkapazit\u00e4t 2 l.\n- Gewicht 4,9 kg.\n- Innendurchmesser Becken 19 cm.\n\nMit den entsprechenden optionalen Klemmen ist m\u00f6glich:\n<ul>\n \t<li>FAR1 Montage auf Rohrleitung, Steigleitungsanwendung.<\/li>\n \t<li>FAR3+FAR7 Horizontaler Wasseranschluss, horizontaler Wasserabgriff<\/li>\n<\/ul>\n<b>Zubeh\u00f6r und Ersatzteile:<\/b>\n<ul>\n \t<li>Ventilsatz f\u00fcr Rindertr\u00e4nkebecken aus Gusseisen (FA2), Ventilk\u00f6rper, Feder und Regulierung;<\/li>\n \t<li>Verzinkte Klemme zur Befestigung an Steigleitung \u00d8 1\"1\/4 und 1\"1\/2;<\/li>\n \t<li>Ventilk\u00f6rper aus Kunststoff und Buchse aus Messing mit Gummidichtung;<\/li>\n \t<li>Stahlfeder f\u00fcr Kunststoffventil;<\/li>\n \t<li>Regulierung mit Messingmutter.<\/li>\n<\/ul>\nKaufen Sie ihn in unserem <a href=\"https:\/\/fda-shop.it\/shop\/articoli-per-allevamento\/abbeveratoi\/abbeveratoio-in-ghisa-smaltata-a-paletta-per-bovini-e-cavalli\" target=\"_blank\" rel=\"noopener\">Online-Shop<\/a>","_et_gb_content_width":""},"product_brand":[],"product_cat":[578,409,544,510],"product_tag":[1114,1113,1115],"class_list":{"0":"post-4681","1":"product","2":"type-product","3":"status-publish","4":"has-post-thumbnail","6":"product_cat-pferde","7":"product_cat-rinder","8":"product_cat-tranken-2","9":"product_cat-tranken","10":"product_tag-fa-2n","11":"product_tag-fa2","12":"product_tag-fa2n","14":"first","15":"instock","16":"shipping-taxable","17":"product-type-simple"},"yoast_head":"<!-- This site is optimized with the Yoast SEO Premium plugin v27.5 (Yoast SEO v27.5) - https:\/\/yoast.com\/product\/yoast-seo-premium-wordpress\/ -->\n<title>Tr\u00e4nkebecken FA-2 aus Gusseisen f\u00fcr Rinder und Pferde mit Druckbet\u00e4tigung FDA srl<\/title>\n<meta name=\"description\" content=\"Macht die Wasserversorgung der Tiere einfach und praktisch! W\u00e4hlen Sie das Tr\u00e4nkebecken FA-2 aus Gusseisen f\u00fcr Rinder und Pferde, perfekt f\u00fcr Anbindehaltung. \ud83d\udca7\" \/>\n<meta name=\"robots\" content=\"index, follow, max-snippet:-1, max-image-preview:large, max-video-preview:-1\" \/>\n<link rel=\"canonical\" href=\"https:\/\/fdasrl.it\/de\/prodotto\/gusseisen-traenkebecken-fa-2-mit-hebel-fuer-rinder-und-pferde\/\" \/>\n<meta property=\"og:locale\" content=\"de_DE\" \/>\n<meta property=\"og:type\" content=\"article\" \/>\n<meta property=\"og:title\" content=\"Gusseisen-Tr\u00e4nkebecken FA-2 mit Hebel f\u00fcr Rinder und Pferde\" \/>\n<meta property=\"og:description\" content=\"Macht die Wasserversorgung der Tiere einfach und praktisch! W\u00e4hlen Sie das Tr\u00e4nkebecken FA-2 aus Gusseisen f\u00fcr Rinder und Pferde, perfekt f\u00fcr Anbindehaltung. \ud83d\udca7\" \/>\n<meta property=\"og:url\" content=\"https:\/\/fdasrl.it\/de\/prodotto\/gusseisen-traenkebecken-fa-2-mit-hebel-fuer-rinder-und-pferde\/\" \/>\n<meta property=\"og:site_name\" content=\"FDA srl\" \/>\n<meta property=\"article:publisher\" content=\"https:\/\/www.facebook.com\/share\/1MWhFWg1Tp\/?mibextid=LQQJ4d\" \/>\n<meta property=\"og:image\" content=\"https:\/\/fdasrl.it\/wp-content\/uploads\/2025\/04\/Abbeveratoio-FDA-FA2-ghisa-smaltata.png\" \/>\n\t<meta property=\"og:image:width\" content=\"1684\" \/>\n\t<meta property=\"og:image:height\" content=\"1190\" \/>\n\t<meta property=\"og:image:type\" content=\"image\/png\" \/>\n<meta name=\"twitter:card\" content=\"summary_large_image\" \/>\n<meta name=\"twitter:label1\" content=\"Preis\" \/>\n\t<meta name=\"twitter:data1\" content=\"\" \/>\n\t<meta name=\"twitter:label2\" content=\"Verf\u00fcgbarkeit\" \/>\n\t<meta name=\"twitter:data2\" content=\"Auf Lager\" \/>\n<meta property=\"product:price:currency\" content=\"EUR\" \/>\n<meta property=\"og:availability\" content=\"instock\" \/>\n<meta property=\"product:availability\" content=\"instock\" \/>\n<meta property=\"product:retailer_item_id\" content=\"FA2N\" \/>\n<meta property=\"product:condition\" content=\"new\" \/>\n<!-- \/ Yoast SEO Premium plugin. -->","yoast_head_json":{"title":"Tr\u00e4nkebecken FA-2 aus Gusseisen f\u00fcr Rinder und Pferde mit Druckbet\u00e4tigung FDA srl","description":"Macht die Wasserversorgung der Tiere einfach und praktisch! W\u00e4hlen Sie das Tr\u00e4nkebecken FA-2 aus Gusseisen f\u00fcr Rinder und Pferde, perfekt f\u00fcr Anbindehaltung. \ud83d\udca7","robots":{"index":"index","follow":"follow","max-snippet":"max-snippet:-1","max-image-preview":"max-image-preview:large","max-video-preview":"max-video-preview:-1"},"canonical":"https:\/\/fdasrl.it\/de\/prodotto\/gusseisen-traenkebecken-fa-2-mit-hebel-fuer-rinder-und-pferde\/","og_locale":"de_DE","og_type":"article","og_title":"Gusseisen-Tr\u00e4nkebecken FA-2 mit Hebel f\u00fcr Rinder und Pferde","og_description":"Macht die Wasserversorgung der Tiere einfach und praktisch! W\u00e4hlen Sie das Tr\u00e4nkebecken FA-2 aus Gusseisen f\u00fcr Rinder und Pferde, perfekt f\u00fcr Anbindehaltung. \ud83d\udca7","og_url":"https:\/\/fdasrl.it\/de\/prodotto\/gusseisen-traenkebecken-fa-2-mit-hebel-fuer-rinder-und-pferde\/","og_site_name":"FDA srl","article_publisher":"https:\/\/www.facebook.com\/share\/1MWhFWg1Tp\/?mibextid=LQQJ4d","og_image":[{"width":1684,"height":1190,"url":"https:\/\/fdasrl.it\/wp-content\/uploads\/2025\/04\/Abbeveratoio-FDA-FA2-ghisa-smaltata.png","type":"image\/png"}],"twitter_card":"summary_large_image","twitter_misc":{"Preis":"","Verf\u00fcgbarkeit":"Auf Lager"},"schema":{"@context":"https:\/\/schema.org","@graph":[{"@type":"WebPage","@id":"https:\/\/fdasrl.it\/de\/prodotto\/gusseisen-traenkebecken-fa-2-mit-hebel-fuer-rinder-und-pferde\/","url":"https:\/\/fdasrl.it\/de\/prodotto\/gusseisen-traenkebecken-fa-2-mit-hebel-fuer-rinder-und-pferde\/","name":"Tr\u00e4nkebecken FA-2 aus Gusseisen f\u00fcr Rinder und Pferde mit Druckbet\u00e4tigung FDA srl","isPartOf":{"@id":"https:\/\/fdasrl.it\/de\/#website"},"primaryImageOfPage":{"@id":"https:\/\/fdasrl.it\/de\/prodotto\/gusseisen-traenkebecken-fa-2-mit-hebel-fuer-rinder-und-pferde\/#primaryimage"},"image":{"@id":"https:\/\/fdasrl.it\/de\/prodotto\/gusseisen-traenkebecken-fa-2-mit-hebel-fuer-rinder-und-pferde\/#primaryimage"},"thumbnailUrl":"https:\/\/fdasrl.it\/wp-content\/uploads\/2025\/04\/Abbeveratoio-FDA-FA2-ghisa-smaltata.png","datePublished":"2025-01-20T12:04:05+00:00","description":"Macht die Wasserversorgung der Tiere einfach und praktisch! W\u00e4hlen Sie das Tr\u00e4nkebecken FA-2 aus Gusseisen f\u00fcr Rinder und Pferde, perfekt f\u00fcr Anbindehaltung. \ud83d\udca7","breadcrumb":{"@id":"https:\/\/fdasrl.it\/de\/prodotto\/gusseisen-traenkebecken-fa-2-mit-hebel-fuer-rinder-und-pferde\/#breadcrumb"},"inLanguage":"de","potentialAction":[{"@type":"ReadAction","target":["https:\/\/fdasrl.it\/de\/prodotto\/gusseisen-traenkebecken-fa-2-mit-hebel-fuer-rinder-und-pferde\/"]}]},{"@type":"ImageObject","inLanguage":"de","@id":"https:\/\/fdasrl.it\/de\/prodotto\/gusseisen-traenkebecken-fa-2-mit-hebel-fuer-rinder-und-pferde\/#primaryimage","url":"https:\/\/fdasrl.it\/wp-content\/uploads\/2025\/04\/Abbeveratoio-FDA-FA2-ghisa-smaltata.png","contentUrl":"https:\/\/fdasrl.it\/wp-content\/uploads\/2025\/04\/Abbeveratoio-FDA-FA2-ghisa-smaltata.png","width":1684,"height":1190,"caption":"Tr\u00e4nkebecken FA2 emailliertes Gusseisen mit Hebel"},{"@type":"BreadcrumbList","@id":"https:\/\/fdasrl.it\/de\/prodotto\/gusseisen-traenkebecken-fa-2-mit-hebel-fuer-rinder-und-pferde\/#breadcrumb","itemListElement":[{"@type":"ListItem","position":1,"name":"Home","item":"https:\/\/fdasrl.it\/de\/startseite\/"},{"@type":"ListItem","position":2,"name":"Shop","item":"https:\/\/fdasrl.it\/de\/shop\/"},{"@type":"ListItem","position":3,"name":"Gusseisen-Tr\u00e4nkebecken FA-2 mit Hebel f\u00fcr Rinder und Pferde"}]},{"@type":"WebSite","@id":"https:\/\/fdasrl.it\/de\/#website","url":"https:\/\/fdasrl.it\/de\/","name":"FDA srl","description":"Equipment for animal husbandry","publisher":{"@id":"https:\/\/fdasrl.it\/de\/#organization"},"potentialAction":[{"@type":"SearchAction","target":{"@type":"EntryPoint","urlTemplate":"https:\/\/fdasrl.it\/de\/?s={search_term_string}"},"query-input":{"@type":"PropertyValueSpecification","valueRequired":true,"valueName":"search_term_string"}}],"inLanguage":"de"},{"@type":"Organization","@id":"https:\/\/fdasrl.it\/de\/#organization","name":"FDA srl","url":"https:\/\/fdasrl.it\/de\/","logo":{"@type":"ImageObject","inLanguage":"de","@id":"https:\/\/fdasrl.it\/de\/#\/schema\/logo\/image\/","url":"https:\/\/fdasrl.it\/wp-content\/uploads\/2024\/12\/Logo-FDA.png","contentUrl":"https:\/\/fdasrl.it\/wp-content\/uploads\/2024\/12\/Logo-FDA.png","width":316,"height":119,"caption":"FDA srl"},"image":{"@id":"https:\/\/fdasrl.it\/de\/#\/schema\/logo\/image\/"},"sameAs":["https:\/\/www.facebook.com\/share\/1MWhFWg1Tp\/?mibextid=LQQJ4d","https:\/\/www.instagram.com\/fda_srl\/profilecard\/?igsh=YW5lbzJ6MWg0d21u","https:\/\/www.youtube.com\/@FDASRL_ANIMALCARE"],"description":"FDA SRL \u2013 Equipment for animal husbandry nasce con l\u2019obiettivo di offrire soluzioni affidabili e innovative per l\u2019allevamento moderno. Con anni di esperienza nel settore zootecnico, progettiamo e realizziamo attrezzature destinate al benessere animale e alla gestione efficiente delle stalle: vasche, abbeveratoi, mangiatoie e sistemi di riscaldamento pensati per durare nel tempo e semplificare il lavoro quotidiano degli allevatori. Dalla progettazione alla produzione, ogni nostro prodotto \u00e8 studiato nei minimi dettagli, testato con cura e costruito per rispondere alle esigenze reali del settore. La nostra forza \u00e8 unire artigianalit\u00e0, tecnologia e competenza tecnica per trasformare ogni progetto in una soluzione concreta e funzionale. Oggi FDA SRL \u00e8 un punto di riferimento per privati e rivenditori che cercano qualit\u00e0, affidabilit\u00e0 e innovazione nelle attrezzature per l\u2019allevamento.","email":"info@fdasrl.it","telephone":"+390522826820","legalName":"F.D.A. SRL","foundingDate":"2024-10-13","vatID":"03075840359","taxID":"03075840359","numberOfEmployees":{"@type":"QuantitativeValue","minValue":"1","maxValue":"10"}}]},"product_price_currency":"EUR","og_availability":"instock","product_availability":"instock","product_retailer_item_id":"FA2N","product_condition":"new"},"_links":{"self":[{"href":"https:\/\/fdasrl.it\/de\/wp-json\/wp\/v2\/product\/4681","targetHints":{"allow":["GET"]}}],"collection":[{"href":"https:\/\/fdasrl.it\/de\/wp-json\/wp\/v2\/product"}],"about":[{"href":"https:\/\/fdasrl.it\/de\/wp-json\/wp\/v2\/types\/product"}],"replies":[{"embeddable":true,"href":"https:\/\/fdasrl.it\/de\/wp-json\/wp\/v2\/comments?post=4681"}],"wp:featuredmedia":[{"embeddable":true,"href":"https:\/\/fdasrl.it\/de\/wp-json\/wp\/v2\/media\/740"}],"wp:attachment":[{"href":"https:\/\/fdasrl.it\/de\/wp-json\/wp\/v2\/media?parent=4681"}],"wp:term":[{"taxonomy":"product_brand","embeddable":true,"href":"https:\/\/fdasrl.it\/de\/wp-json\/wp\/v2\/product_brand?post=4681"},{"taxonomy":"product_cat","embeddable":true,"href":"https:\/\/fdasrl.it\/de\/wp-json\/wp\/v2\/product_cat?post=4681"},{"taxonomy":"product_tag","embeddable":true,"href":"https:\/\/fdasrl.it\/de\/wp-json\/wp\/v2\/product_tag?post=4681"}],"curies":[{"name":"wp","href":"https:\/\/api.w.org\/{rel}","templated":true}]}}