{"id":4758,"date":"2025-01-20T12:08:11","date_gmt":"2025-01-20T11:08:11","guid":{"rendered":"https:\/\/fdasrl.it\/prodotto\/philips-infrarotlampe-modell-leicht-150-w-250-w\/"},"modified":"2025-01-20T12:08:11","modified_gmt":"2025-01-20T11:08:11","slug":"philips-infrarotlampe-modell-leicht-150-w-250-w","status":"publish","type":"product","link":"https:\/\/fdasrl.it\/de\/prodotto\/philips-infrarotlampe-modell-leicht-150-w-250-w\/","title":{"rendered":"Philips Infrarotlampe Modell Leicht 150 W 250 W"},"content":{"rendered":"<h1 data-start=\"381\" data-end=\"445\">Rote Philips Infrarotlampe zur Tiererw\u00e4rmung<\/h1>\n<p data-start=\"446\" data-end=\"503\"><strong data-start=\"446\" data-end=\"503\">Modello: PHILIPS BR125 IR 150\/250W E27 230-250V ROSSA<\/strong><\/p>\n<p data-start=\"505\" data-end=\"771\">Die <strong data-start=\"508\" data-end=\"546\">rote Philips Infrarotlampe<\/strong> ist die ideale L\u00f6sung f\u00fcr die <strong data-start=\"576\" data-end=\"619\">Erw\u00e4rmung von Nutztieren<\/strong> und f\u00fcr veterin\u00e4rmedizinische Zwecke.<br data-start=\"641\" data-end=\"644\">Aus <strong data-start=\"658\" data-end=\"684\">leichtem Pressglas<\/strong> gefertigt, garantiert sie eine <strong data-start=\"697\" data-end=\"733\">Energieeinsparung von bis zu 30 %<\/strong> und eine durchschnittliche Lebensdauer von <strong data-start=\"756\" data-end=\"768\">5.000 Stunden<\/strong>.<\/p>\n<p data-start=\"773\" data-end=\"802\">Verf\u00fcgbar in den Versionen:<\/p>\n<ul data-start=\"803\" data-end=\"978\">\n<li data-start=\"803\" data-end=\"890\">\n<p data-start=\"805\" data-end=\"890\"><strong data-start=\"805\" data-end=\"833\">150 Watt (Code 000062)<\/strong> \u2013 Leicht<\/p>\n<\/li>\n<li data-start=\"891\" data-end=\"978\">\n<p data-start=\"893\" data-end=\"978\"><strong data-start=\"893\" data-end=\"921\">250 Watt (Code 000063)<\/strong> \u2013 Leicht<\/p>\n<\/li>\n<\/ul>\n<h3 data-start=\"980\" data-end=\"1008\">Technische Daten<\/h3>\n<ul data-start=\"1009\" data-end=\"1333\">\n<li data-start=\"1009\" data-end=\"1066\">\n<p data-start=\"1011\" data-end=\"1066\">Leistung: 150 W oder 250 W (weitere Leistungen verf\u00fcgbar)<\/p>\n<\/li>\n<li data-start=\"1067\" data-end=\"1087\">\n<p data-start=\"1069\" data-end=\"1087\">Fassung: <strong data-start=\"1078\" data-end=\"1085\">E27<\/strong><\/p>\n<\/li>\n<li data-start=\"1088\" data-end=\"1110\">\n<p data-start=\"1090\" data-end=\"1110\">Spannung: 230\u2013250 V<\/p>\n<\/li>\n<li data-start=\"1111\" data-end=\"1128\">\n<p data-start=\"1113\" data-end=\"1128\">Farbe: Rot<\/p>\n<\/li>\n<li data-start=\"1129\" data-end=\"1165\">\n<p data-start=\"1131\" data-end=\"1165\">Energieeinsparung bis zu 30 %<\/p>\n<\/li>\n<li data-start=\"1166\" data-end=\"1205\">\n<p data-start=\"1168\" data-end=\"1205\"><strong data-start=\"1168\" data-end=\"1203\">Spritzwassergesch\u00fctzt<\/strong><\/p>\n<\/li>\n<li data-start=\"1206\" data-end=\"1267\">\n<p data-start=\"1208\" data-end=\"1267\">Sofortige und gezielte Erw\u00e4rmung der Tierhaut<\/p>\n<\/li>\n<li data-start=\"1268\" data-end=\"1333\">\n<p data-start=\"1270\" data-end=\"1333\">F\u00f6rdert die Durchblutung in Gewebe und Muskeln<\/p>\n<\/li>\n<\/ul>\n<h3 data-start=\"1335\" data-end=\"1358\">Hauptvorteile<\/h3>\n<ul data-start=\"1359\" data-end=\"1579\">\n<li data-start=\"1359\" data-end=\"1436\">\n<p data-start=\"1361\" data-end=\"1436\"><strong data-start=\"1361\" data-end=\"1376\">Wirtschaftlichkeit<\/strong>: lange Lebensdauer (5.000 Stunden) und hervorragende W\u00e4rme\u00fcbertragung<\/p>\n<\/li>\n<li data-start=\"1437\" data-end=\"1496\">\n<p data-start=\"1439\" data-end=\"1496\"><strong data-start=\"1439\" data-end=\"1453\">Effizienz<\/strong>: direkte und gleichm\u00e4\u00dfige W\u00e4rme f\u00fcr die Tiere<\/p>\n<\/li>\n<li data-start=\"1497\" data-end=\"1579\">\n<p data-start=\"1499\" data-end=\"1579\"><strong data-start=\"1499\" data-end=\"1514\">Vielseitigkeit<\/strong>: kompatibel mit allen Lampenfassungen auf unserer Website<\/p>\n<\/li>\n<\/ul>\n<h3 data-start=\"1581\" data-end=\"1605\">Empfohlene Anwendungen<\/h3>\n<ul data-start=\"1606\" data-end=\"1730\">\n<li data-start=\"1606\" data-end=\"1641\">\n<p data-start=\"1608\" data-end=\"1641\"><strong data-start=\"1608\" data-end=\"1639\">H\u00fchner- und K\u00fckenaufzucht<\/strong><\/p>\n<\/li>\n<li data-start=\"1642\" data-end=\"1667\">\n<p data-start=\"1644\" data-end=\"1667\"><strong data-start=\"1644\" data-end=\"1665\">Schweinehaltung<\/strong><\/p>\n<\/li>\n<li data-start=\"1668\" data-end=\"1695\">\n<p data-start=\"1670\" data-end=\"1695\"><strong data-start=\"1670\" data-end=\"1693\">Veterin\u00e4rtherapien<\/strong><\/p>\n<\/li>\n<li data-start=\"1696\" data-end=\"1730\">\n<p data-start=\"1698\" data-end=\"1730\"><strong data-start=\"1698\" data-end=\"1728\">Trocknung von Futter und Lebensmitteln<\/strong><\/p>\n<\/li>\n<\/ul>\n<p data-start=\"1732\" data-end=\"1837\">\ud83d\udce9 <strong data-start=\"1735\" data-end=\"1835\">F\u00fcr gezielte Angebote und personalisierte Kostenvoranschl\u00e4ge schreiben Sie an: <a class=\"decorated-link cursor-pointer\" href=\"mailto:info@fdasrl.it\" rel=\"noopener\" data-start=\"1794\" data-end=\"1833\">info@fdasrl.it<\/a><\/strong><\/p>\n<p><strong>000062<\/strong> \u2013 Infrarotlampe 150 Watt \u2013 leicht<\/p>\n<p>Kaufen Sie sie in unserem <a href=\"https:\/\/fda-shop.it\/shop\/articoli-per-allevamento\/soluzioni-per-il-riscaldamento\/lampada-philips-150-w-a-raggi-infrarossi-scalda-animali#\/25-accessori_e_confezioni-singola_unita\" target=\"_blank\" rel=\"noopener\">Online-Shop<\/a><\/p>\n<p><strong>000063<\/strong> \u2013 Infrarotlampe 250 Watt \u2013 leicht<\/p>\n<p>Kaufen Sie sie in unserem <a href=\"https:\/\/fda-shop.it\/shop\/articoli-per-allevamento\/soluzioni-per-il-riscaldamento\/lampada-philips-250-w-a-raggi-infrarossi#\/25-accessori_e_confezioni-singola_unita\" target=\"_blank\" rel=\"noopener\">Online-Shop<\/a><\/p>\n","protected":false},"excerpt":{"rendered":"<p>Rote Philips Infrarotlampe zur Tiererw\u00e4rmung, erh\u00e4ltlich in 150 W und 250 W. Aus leichtem, spritzwassergesch\u00fctteltem Glas gefertigt, garantiert sie eine Energieeinsparung von bis zu 30 % und eine lange Lebensdauer (5.000 Stunden). Ideal f\u00fcr die H\u00fchner- und Schweinehaltung sowie f\u00fcr Veterin\u00e4rtherapien.  <\/p>\n","protected":false},"featured_media":333,"comment_status":"open","ping_status":"closed","template":"","meta":{"_et_pb_use_builder":"","_et_pb_old_content":"","_et_gb_content_width":""},"product_brand":[],"product_cat":[645,644,646],"product_tag":[1127,1128],"class_list":{"0":"post-4758","1":"product","2":"type-product","3":"status-publish","4":"has-post-thumbnail","6":"product_cat-geflugel","7":"product_cat-infrarotlampen","8":"product_cat-tierheizung","9":"product_tag-1127","10":"product_tag-1128","12":"first","13":"instock","14":"shipping-taxable","15":"product-type-simple"},"yoast_head":"<!-- This site is optimized with the Yoast SEO Premium plugin v27.5 (Yoast SEO v27.5) - https:\/\/yoast.com\/product\/yoast-seo-premium-wordpress\/ -->\n<title>Philips W\u00e4rmelampe f\u00fcr Tiere: 150 W\u2013250 W - FDA srl<\/title>\n<meta name=\"description\" content=\"Die Philips W\u00e4rmelampe f\u00fcr Tiere ist die ideale Wahl f\u00fcr die Veterin\u00e4rmedizin und die Tierhaltung. Sparen Sie Energie und garantieren Sie Ihren Tieren Komfort!\ud83c\udf21\ufe0f\" \/>\n<meta name=\"robots\" content=\"index, follow, max-snippet:-1, max-image-preview:large, max-video-preview:-1\" \/>\n<link rel=\"canonical\" href=\"https:\/\/fdasrl.it\/de\/prodotto\/philips-infrarotlampe-modell-leicht-150-w-250-w\/\" \/>\n<meta property=\"og:locale\" content=\"de_DE\" \/>\n<meta property=\"og:type\" content=\"article\" \/>\n<meta property=\"og:title\" content=\"Philips Infrarotlampe Modell Leicht 150 W 250 W\" \/>\n<meta property=\"og:description\" content=\"Die Philips W\u00e4rmelampe f\u00fcr Tiere ist die ideale Wahl f\u00fcr die Veterin\u00e4rmedizin und die Tierhaltung. Sparen Sie Energie und garantieren Sie Ihren Tieren Komfort!\ud83c\udf21\ufe0f\" \/>\n<meta property=\"og:url\" content=\"https:\/\/fdasrl.it\/de\/prodotto\/philips-infrarotlampe-modell-leicht-150-w-250-w\/\" \/>\n<meta property=\"og:site_name\" content=\"FDA srl\" \/>\n<meta property=\"article:publisher\" content=\"https:\/\/www.facebook.com\/share\/1MWhFWg1Tp\/?mibextid=LQQJ4d\" \/>\n<meta property=\"og:image\" content=\"https:\/\/fdasrl.it\/wp-content\/uploads\/2025\/01\/PHILIPS150_1.jpg\" \/>\n\t<meta property=\"og:image:width\" content=\"480\" \/>\n\t<meta property=\"og:image:height\" content=\"312\" \/>\n\t<meta property=\"og:image:type\" content=\"image\/jpeg\" \/>\n<meta name=\"twitter:card\" content=\"summary_large_image\" \/>\n<meta name=\"twitter:label1\" content=\"Preis\" \/>\n\t<meta name=\"twitter:data1\" content=\"\" \/>\n\t<meta name=\"twitter:label2\" content=\"Verf\u00fcgbarkeit\" \/>\n\t<meta name=\"twitter:data2\" content=\"Auf Lager\" \/>\n<meta property=\"product:price:currency\" content=\"EUR\" \/>\n<meta property=\"og:availability\" content=\"instock\" \/>\n<meta property=\"product:availability\" content=\"instock\" \/>\n<meta property=\"product:retailer_item_id\" content=\"FDA-000062\" \/>\n<meta property=\"product:condition\" content=\"new\" \/>\n<!-- \/ Yoast SEO Premium plugin. -->","yoast_head_json":{"title":"Philips W\u00e4rmelampe f\u00fcr Tiere: 150 W\u2013250 W - FDA srl","description":"Die Philips W\u00e4rmelampe f\u00fcr Tiere ist die ideale Wahl f\u00fcr die Veterin\u00e4rmedizin und die Tierhaltung. Sparen Sie Energie und garantieren Sie Ihren Tieren Komfort!\ud83c\udf21\ufe0f","robots":{"index":"index","follow":"follow","max-snippet":"max-snippet:-1","max-image-preview":"max-image-preview:large","max-video-preview":"max-video-preview:-1"},"canonical":"https:\/\/fdasrl.it\/de\/prodotto\/philips-infrarotlampe-modell-leicht-150-w-250-w\/","og_locale":"de_DE","og_type":"article","og_title":"Philips Infrarotlampe Modell Leicht 150 W 250 W","og_description":"Die Philips W\u00e4rmelampe f\u00fcr Tiere ist die ideale Wahl f\u00fcr die Veterin\u00e4rmedizin und die Tierhaltung. Sparen Sie Energie und garantieren Sie Ihren Tieren Komfort!\ud83c\udf21\ufe0f","og_url":"https:\/\/fdasrl.it\/de\/prodotto\/philips-infrarotlampe-modell-leicht-150-w-250-w\/","og_site_name":"FDA srl","article_publisher":"https:\/\/www.facebook.com\/share\/1MWhFWg1Tp\/?mibextid=LQQJ4d","og_image":[{"width":480,"height":312,"url":"https:\/\/fdasrl.it\/wp-content\/uploads\/2025\/01\/PHILIPS150_1.jpg","type":"image\/jpeg"}],"twitter_card":"summary_large_image","twitter_misc":{"Preis":"","Verf\u00fcgbarkeit":"Auf Lager"},"schema":{"@context":"https:\/\/schema.org","@graph":[{"@type":"WebPage","@id":"https:\/\/fdasrl.it\/de\/prodotto\/philips-infrarotlampe-modell-leicht-150-w-250-w\/","url":"https:\/\/fdasrl.it\/de\/prodotto\/philips-infrarotlampe-modell-leicht-150-w-250-w\/","name":"Philips W\u00e4rmelampe f\u00fcr Tiere: 150 W\u2013250 W - FDA srl","isPartOf":{"@id":"https:\/\/fdasrl.it\/de\/#website"},"primaryImageOfPage":{"@id":"https:\/\/fdasrl.it\/de\/prodotto\/philips-infrarotlampe-modell-leicht-150-w-250-w\/#primaryimage"},"image":{"@id":"https:\/\/fdasrl.it\/de\/prodotto\/philips-infrarotlampe-modell-leicht-150-w-250-w\/#primaryimage"},"thumbnailUrl":"https:\/\/fdasrl.it\/wp-content\/uploads\/2025\/01\/PHILIPS150_1.jpg","datePublished":"2025-01-20T11:08:11+00:00","description":"Die Philips W\u00e4rmelampe f\u00fcr Tiere ist die ideale Wahl f\u00fcr die Veterin\u00e4rmedizin und die Tierhaltung. Sparen Sie Energie und garantieren Sie Ihren Tieren Komfort!\ud83c\udf21\ufe0f","breadcrumb":{"@id":"https:\/\/fdasrl.it\/de\/prodotto\/philips-infrarotlampe-modell-leicht-150-w-250-w\/#breadcrumb"},"inLanguage":"de","potentialAction":[{"@type":"ReadAction","target":["https:\/\/fdasrl.it\/de\/prodotto\/philips-infrarotlampe-modell-leicht-150-w-250-w\/"]}]},{"@type":"ImageObject","inLanguage":"de","@id":"https:\/\/fdasrl.it\/de\/prodotto\/philips-infrarotlampe-modell-leicht-150-w-250-w\/#primaryimage","url":"https:\/\/fdasrl.it\/wp-content\/uploads\/2025\/01\/PHILIPS150_1.jpg","contentUrl":"https:\/\/fdasrl.it\/wp-content\/uploads\/2025\/01\/PHILIPS150_1.jpg","width":480,"height":312,"caption":"Philips Infrarotlampe, ideal f\u00fcr die Erw\u00e4rmung von Nutztieren und den veterin\u00e4rmedizinischen Einsatz."},{"@type":"BreadcrumbList","@id":"https:\/\/fdasrl.it\/de\/prodotto\/philips-infrarotlampe-modell-leicht-150-w-250-w\/#breadcrumb","itemListElement":[{"@type":"ListItem","position":1,"name":"Home","item":"https:\/\/fdasrl.it\/de\/startseite\/"},{"@type":"ListItem","position":2,"name":"Shop","item":"https:\/\/fdasrl.it\/de\/shop\/"},{"@type":"ListItem","position":3,"name":"Philips Infrarotlampe Modell Leicht 150 W 250 W"}]},{"@type":"WebSite","@id":"https:\/\/fdasrl.it\/de\/#website","url":"https:\/\/fdasrl.it\/de\/","name":"FDA srl","description":"Equipment for animal husbandry","publisher":{"@id":"https:\/\/fdasrl.it\/de\/#organization"},"potentialAction":[{"@type":"SearchAction","target":{"@type":"EntryPoint","urlTemplate":"https:\/\/fdasrl.it\/de\/?s={search_term_string}"},"query-input":{"@type":"PropertyValueSpecification","valueRequired":true,"valueName":"search_term_string"}}],"inLanguage":"de"},{"@type":"Organization","@id":"https:\/\/fdasrl.it\/de\/#organization","name":"FDA srl","url":"https:\/\/fdasrl.it\/de\/","logo":{"@type":"ImageObject","inLanguage":"de","@id":"https:\/\/fdasrl.it\/de\/#\/schema\/logo\/image\/","url":"https:\/\/fdasrl.it\/wp-content\/uploads\/2024\/12\/Logo-FDA.png","contentUrl":"https:\/\/fdasrl.it\/wp-content\/uploads\/2024\/12\/Logo-FDA.png","width":316,"height":119,"caption":"FDA srl"},"image":{"@id":"https:\/\/fdasrl.it\/de\/#\/schema\/logo\/image\/"},"sameAs":["https:\/\/www.facebook.com\/share\/1MWhFWg1Tp\/?mibextid=LQQJ4d","https:\/\/www.instagram.com\/fda_srl\/profilecard\/?igsh=YW5lbzJ6MWg0d21u","https:\/\/www.youtube.com\/@FDASRL_ANIMALCARE"],"description":"FDA SRL \u2013 Equipment for animal husbandry nasce con l\u2019obiettivo di offrire soluzioni affidabili e innovative per l\u2019allevamento moderno. Con anni di esperienza nel settore zootecnico, progettiamo e realizziamo attrezzature destinate al benessere animale e alla gestione efficiente delle stalle: vasche, abbeveratoi, mangiatoie e sistemi di riscaldamento pensati per durare nel tempo e semplificare il lavoro quotidiano degli allevatori. Dalla progettazione alla produzione, ogni nostro prodotto \u00e8 studiato nei minimi dettagli, testato con cura e costruito per rispondere alle esigenze reali del settore. La nostra forza \u00e8 unire artigianalit\u00e0, tecnologia e competenza tecnica per trasformare ogni progetto in una soluzione concreta e funzionale. Oggi FDA SRL \u00e8 un punto di riferimento per privati e rivenditori che cercano qualit\u00e0, affidabilit\u00e0 e innovazione nelle attrezzature per l\u2019allevamento.","email":"info@fdasrl.it","telephone":"+390522826820","legalName":"F.D.A. SRL","foundingDate":"2024-10-13","vatID":"03075840359","taxID":"03075840359","numberOfEmployees":{"@type":"QuantitativeValue","minValue":"1","maxValue":"10"}}]},"product_price_currency":"EUR","og_availability":"instock","product_availability":"instock","product_retailer_item_id":"FDA-000062","product_condition":"new"},"_links":{"self":[{"href":"https:\/\/fdasrl.it\/de\/wp-json\/wp\/v2\/product\/4758","targetHints":{"allow":["GET"]}}],"collection":[{"href":"https:\/\/fdasrl.it\/de\/wp-json\/wp\/v2\/product"}],"about":[{"href":"https:\/\/fdasrl.it\/de\/wp-json\/wp\/v2\/types\/product"}],"replies":[{"embeddable":true,"href":"https:\/\/fdasrl.it\/de\/wp-json\/wp\/v2\/comments?post=4758"}],"wp:featuredmedia":[{"embeddable":true,"href":"https:\/\/fdasrl.it\/de\/wp-json\/wp\/v2\/media\/333"}],"wp:attachment":[{"href":"https:\/\/fdasrl.it\/de\/wp-json\/wp\/v2\/media?parent=4758"}],"wp:term":[{"taxonomy":"product_brand","embeddable":true,"href":"https:\/\/fdasrl.it\/de\/wp-json\/wp\/v2\/product_brand?post=4758"},{"taxonomy":"product_cat","embeddable":true,"href":"https:\/\/fdasrl.it\/de\/wp-json\/wp\/v2\/product_cat?post=4758"},{"taxonomy":"product_tag","embeddable":true,"href":"https:\/\/fdasrl.it\/de\/wp-json\/wp\/v2\/product_tag?post=4758"}],"curies":[{"name":"wp","href":"https:\/\/api.w.org\/{rel}","templated":true}]}}