{"id":4838,"date":"2025-01-20T12:00:49","date_gmt":"2025-01-20T11:00:49","guid":{"rendered":"https:\/\/fdasrl.it\/prodotto\/philips-infrarotlampe-verstaerkt-100-w-175-w\/"},"modified":"2025-01-20T12:00:49","modified_gmt":"2025-01-20T11:00:49","slug":"philips-infrarotlampe-verstaerkt-100-w-175-w","status":"publish","type":"product","link":"https:\/\/fdasrl.it\/de\/prodotto\/philips-infrarotlampe-verstaerkt-100-w-175-w\/","title":{"rendered":"Philips Infrarotlampe Verst\u00e4rkt 100 W 175 W"},"content":{"rendered":"<h1 data-start=\"325\" data-end=\"603\">Philips verst\u00e4rkte Infrarot-W\u00e4rmelampe f\u00fcr Tiere<\/h1>\n<p data-start=\"325\" data-end=\"603\">Die <strong data-start=\"328\" data-end=\"383\">verst\u00e4rkte Philips Infrarotlampe PAR38 in Rot (Hartglas)<\/strong> ist f\u00fcr die <strong data-start=\"404\" data-end=\"443\">direkte Erw\u00e4rmung von Tieren<\/strong> und f\u00fcr veterin\u00e4rmedizinische Anwendungen konzipiert.<br data-start=\"475\" data-end=\"478\">Hergestellt aus <strong data-start=\"492\" data-end=\"518\">robustem Pressglas<\/strong>, garantiert sie eine <strong data-start=\"529\" data-end=\"565\">Energieeinsparung von bis zu 30 %<\/strong> und eine mittlere Lebensdauer von <strong data-start=\"588\" data-end=\"600\">5.000 Stunden<\/strong>.<\/p>\n<p data-start=\"605\" data-end=\"635\">In zwei Versionen erh\u00e4ltlich:<\/p>\n<ul data-start=\"636\" data-end=\"811\">\n<li data-start=\"636\" data-end=\"723\">\n<p data-start=\"638\" data-end=\"723\"><strong data-start=\"638\" data-end=\"666\">100 Watt (Code 000061)<\/strong> \u2013 Hartglas<\/p>\n<\/li>\n<li data-start=\"724\" data-end=\"811\">\n<p data-start=\"726\" data-end=\"811\"><strong data-start=\"726\" data-end=\"754\">175 Watt (Code 000064)<\/strong> \u2013 Hartglas<\/p>\n<\/li>\n<\/ul>\n<hr data-start=\"813\" data-end=\"816\">\n<h2 data-start=\"818\" data-end=\"845\">Technische Daten<\/h2>\n<ul data-start=\"846\" data-end=\"1105\">\n<li data-start=\"846\" data-end=\"886\">\n<p data-start=\"848\" data-end=\"886\">Verf\u00fcgbare Leistungen: <strong data-start=\"869\" data-end=\"884\">100 W und 175 W<\/strong><\/p>\n<\/li>\n<li data-start=\"887\" data-end=\"939\">\n<p data-start=\"889\" data-end=\"939\">Verst\u00e4rktes Modell aus <strong data-start=\"911\" data-end=\"937\">robustem Pressglas<\/strong><\/p>\n<\/li>\n<li data-start=\"940\" data-end=\"960\">\n<p data-start=\"942\" data-end=\"960\">Fassung: <strong data-start=\"951\" data-end=\"958\">E27<\/strong><\/p>\n<\/li>\n<li data-start=\"961\" data-end=\"983\">\n<p data-start=\"963\" data-end=\"983\">Spannung: 230\u2013250 V<\/p>\n<\/li>\n<li data-start=\"984\" data-end=\"1001\">\n<p data-start=\"986\" data-end=\"1001\">Farbe: Rot<\/p>\n<\/li>\n<li data-start=\"1002\" data-end=\"1037\">\n<p data-start=\"1004\" data-end=\"1037\">Spritzwassergesch\u00fctzt<\/p>\n<\/li>\n<li data-start=\"1038\" data-end=\"1074\">\n<p data-start=\"1040\" data-end=\"1074\">Energieeinsparung bis zu 30 %<\/p>\n<\/li>\n<li data-start=\"1075\" data-end=\"1105\">\n<p data-start=\"1077\" data-end=\"1105\"><strong data-start=\"1077\" data-end=\"1103\">Mittlere Lebensdauer: 5.000 Stunden<\/strong><\/p>\n<\/li>\n<\/ul>\n<hr data-start=\"1107\" data-end=\"1110\">\n<h2 data-start=\"1112\" data-end=\"1134\">Hauptvorteile<\/h2>\n<ul data-start=\"1135\" data-end=\"1437\">\n<li data-start=\"1135\" data-end=\"1184\">\n<p data-start=\"1137\" data-end=\"1184\"><strong data-start=\"1137\" data-end=\"1152\">Wirtschaftlichkeit<\/strong>: lange Lebensdauer und geringer Verbrauch<\/p>\n<\/li>\n<li data-start=\"1185\" data-end=\"1262\">\n<p data-start=\"1187\" data-end=\"1262\"><strong data-start=\"1187\" data-end=\"1216\">Gezielte und sofortige W\u00e4rme<\/strong>: direkte Wirkung auf Haut, Gewebe und Muskeln<\/p>\n<\/li>\n<li data-start=\"1263\" data-end=\"1345\">\n<p data-start=\"1265\" data-end=\"1345\"><strong data-start=\"1265\" data-end=\"1280\">Vielseitigkeit<\/strong>: kompatibel mit allen Lampenfassungen auf unserer Website<\/p>\n<\/li>\n<li data-start=\"1346\" data-end=\"1437\">\n<p data-start=\"1348\" data-end=\"1437\"><strong data-start=\"1348\" data-end=\"1364\">Zuverl\u00e4ssigkeit<\/strong>: verst\u00e4rktes Modell aus Hartglas, ideal f\u00fcr die Intensivhaltung<\/p>\n<\/li>\n<\/ul>\n<hr data-start=\"1439\" data-end=\"1442\">\n<h2 data-start=\"1444\" data-end=\"1467\">Empfohlene Anwendungen<\/h2>\n<ul data-start=\"1468\" data-end=\"1607\">\n<li data-start=\"1468\" data-end=\"1506\">\n<p data-start=\"1470\" data-end=\"1506\"><strong data-start=\"1470\" data-end=\"1501\">H\u00fchner- und K\u00fckenaufzucht<\/strong> \ud83d\udc25<\/p>\n<\/li>\n<li data-start=\"1507\" data-end=\"1535\">\n<p data-start=\"1509\" data-end=\"1535\"><strong data-start=\"1509\" data-end=\"1530\">Schweinezucht<\/strong> \ud83d\udc16<\/p>\n<\/li>\n<li data-start=\"1536\" data-end=\"1566\">\n<p data-start=\"1538\" data-end=\"1566\"><strong data-start=\"1538\" data-end=\"1561\">Veterin\u00e4rmedizinische Therapien<\/strong> \ud83d\udc3e<\/p>\n<\/li>\n<li data-start=\"1567\" data-end=\"1607\">\n<p data-start=\"1569\" data-end=\"1607\"><strong data-start=\"1569\" data-end=\"1602\">Trocknung von Futter und Lebensmitteln<\/strong> \ud83c\udf3e<\/p>\n<\/li>\n<\/ul>\n<hr data-start=\"1609\" data-end=\"1612\">\n<p data-start=\"1614\" data-end=\"1719\">\ud83d\udce9 <strong data-start=\"1617\" data-end=\"1717\">F\u00fcr gezielte Angebote und personalisierte Kostenvoranschl\u00e4ge schreiben Sie an: <a class=\"decorated-link cursor-pointer\" href=\"mailto:info@fdasrl.it\" rel=\"noopener\" data-start=\"1676\" data-end=\"1715\">info@fdasrl.it<\/a><\/strong><\/p>\n<p><strong>000061<\/strong> &#8211; Infrarotlampe IR 100 R &#8211; Hartglas<\/p>\n<p>Kaufen Sie sie in unserem <a href=\"https:\/\/fda-shop.it\/shop\/articoli-per-allevamento\/lampada-philips-100-w-a-raggi-infrarossi#\/25-accessori_e_confezioni-singola_unita\" target=\"_blank\" rel=\"noopener\">Online-Shop<\/a><\/p>\n<p><strong>000064<\/strong> &#8211; Infrarotlampe IR 175 R &#8211; Hartglas<\/p>\n<p>Kaufen Sie sie in unserem <a href=\"https:\/\/fda-shop.it\/shop\/articoli-per-allevamento\/soluzioni-per-il-riscaldamento\/lampada-philips-175-w-a-raggi-infrarossi-per-animali#\/25-accessori_e_confezioni-singola_unita\" target=\"_blank\" rel=\"noopener\">Online-Shop<\/a><\/p>\n<p>&nbsp;<\/p>\n<p>&nbsp;<\/p>\n","protected":false},"excerpt":{"rendered":"<p>Philips Infrarot-W\u00e4rmelampe, rot, verst\u00e4rktes Hartglas, erh\u00e4ltlich in 100 W und 175 W. Ideal f\u00fcr Tiererw\u00e4rmung, Zucht und veterin\u00e4rmedizinische Zwecke. F\u00fcr Angebote schreiben Sie an <a class=\"decorated-link cursor-pointer\" rel=\"noopener\" data-start=\"285\" data-end=\"299\">info@fdasrl.it<\/a>.  <\/p>\n","protected":false},"featured_media":902,"comment_status":"open","ping_status":"closed","template":"","meta":{"_et_pb_use_builder":"","_et_pb_old_content":"","_et_gb_content_width":""},"product_brand":[],"product_cat":[645,644,643,646],"product_tag":[1143,1144],"class_list":{"0":"post-4838","1":"product","2":"type-product","3":"status-publish","4":"has-post-thumbnail","6":"product_cat-geflugel","7":"product_cat-infrarotlampen","8":"product_cat-schweine","9":"product_cat-tierheizung","10":"product_tag-1143","11":"product_tag-1144","13":"first","14":"instock","15":"shipping-taxable","16":"product-type-simple"},"yoast_head":"<!-- This site is optimized with the Yoast SEO Premium plugin v27.5 (Yoast SEO v27.6) - https:\/\/yoast.com\/product\/yoast-seo-premium-wordpress\/ -->\n<title>Philips verst\u00e4rkte Infrarot-W\u00e4rmelampe f\u00fcr Tiere<\/title>\n<meta name=\"description\" content=\"Entdecken Sie die Philips Infrarot-W\u00e4rmelampe f\u00fcr Tiere, ideal f\u00fcr direkte Erw\u00e4rmung. Sparen Sie Energie und entdecken Sie Qualit\u00e4t! \ud83c\udf1f\" \/>\n<meta name=\"robots\" content=\"index, follow, max-snippet:-1, max-image-preview:large, max-video-preview:-1\" \/>\n<link rel=\"canonical\" href=\"https:\/\/fdasrl.it\/de\/prodotto\/philips-infrarotlampe-verstaerkt-100-w-175-w\/\" \/>\n<meta property=\"og:locale\" content=\"de_DE\" \/>\n<meta property=\"og:type\" content=\"article\" \/>\n<meta property=\"og:title\" content=\"Philips Infrarotlampe Verst\u00e4rkt 100 W 175 W\" \/>\n<meta property=\"og:description\" content=\"Entdecken Sie die Philips Infrarot-W\u00e4rmelampe f\u00fcr Tiere, ideal f\u00fcr direkte Erw\u00e4rmung. Sparen Sie Energie und entdecken Sie Qualit\u00e4t! \ud83c\udf1f\" \/>\n<meta property=\"og:url\" content=\"https:\/\/fdasrl.it\/de\/prodotto\/philips-infrarotlampe-verstaerkt-100-w-175-w\/\" \/>\n<meta property=\"og:site_name\" content=\"FDA srl\" \/>\n<meta property=\"article:publisher\" content=\"https:\/\/www.facebook.com\/share\/1MWhFWg1Tp\/?mibextid=LQQJ4d\" \/>\n<meta property=\"og:image\" content=\"https:\/\/fdasrl.it\/wp-content\/uploads\/2025\/01\/Lampada-riscaldante-100W-175W-per-animali.jpg\" \/>\n\t<meta property=\"og:image:width\" content=\"440\" \/>\n\t<meta property=\"og:image:height\" content=\"440\" \/>\n\t<meta property=\"og:image:type\" content=\"image\/jpeg\" \/>\n<meta name=\"twitter:card\" content=\"summary_large_image\" \/>\n<meta name=\"twitter:label1\" content=\"Preis\" \/>\n\t<meta name=\"twitter:data1\" content=\"\" \/>\n\t<meta name=\"twitter:label2\" content=\"Verf\u00fcgbarkeit\" \/>\n\t<meta name=\"twitter:data2\" content=\"Auf Lager\" \/>\n<meta property=\"product:price:currency\" content=\"EUR\" \/>\n<meta property=\"og:availability\" content=\"instock\" \/>\n<meta property=\"product:availability\" content=\"instock\" \/>\n<meta property=\"product:retailer_item_id\" content=\"FDA-000061\" \/>\n<meta property=\"product:condition\" content=\"new\" \/>\n<!-- \/ Yoast SEO Premium plugin. -->","yoast_head_json":{"title":"Philips verst\u00e4rkte Infrarot-W\u00e4rmelampe f\u00fcr Tiere","description":"Entdecken Sie die Philips Infrarot-W\u00e4rmelampe f\u00fcr Tiere, ideal f\u00fcr direkte Erw\u00e4rmung. Sparen Sie Energie und entdecken Sie Qualit\u00e4t! \ud83c\udf1f","robots":{"index":"index","follow":"follow","max-snippet":"max-snippet:-1","max-image-preview":"max-image-preview:large","max-video-preview":"max-video-preview:-1"},"canonical":"https:\/\/fdasrl.it\/de\/prodotto\/philips-infrarotlampe-verstaerkt-100-w-175-w\/","og_locale":"de_DE","og_type":"article","og_title":"Philips Infrarotlampe Verst\u00e4rkt 100 W 175 W","og_description":"Entdecken Sie die Philips Infrarot-W\u00e4rmelampe f\u00fcr Tiere, ideal f\u00fcr direkte Erw\u00e4rmung. Sparen Sie Energie und entdecken Sie Qualit\u00e4t! \ud83c\udf1f","og_url":"https:\/\/fdasrl.it\/de\/prodotto\/philips-infrarotlampe-verstaerkt-100-w-175-w\/","og_site_name":"FDA srl","article_publisher":"https:\/\/www.facebook.com\/share\/1MWhFWg1Tp\/?mibextid=LQQJ4d","og_image":[{"width":440,"height":440,"url":"https:\/\/fdasrl.it\/wp-content\/uploads\/2025\/01\/Lampada-riscaldante-100W-175W-per-animali.jpg","type":"image\/jpeg"}],"twitter_card":"summary_large_image","twitter_misc":{"Preis":"","Verf\u00fcgbarkeit":"Auf Lager"},"schema":{"@context":"https:\/\/schema.org","@graph":[{"@type":"WebPage","@id":"https:\/\/fdasrl.it\/de\/prodotto\/philips-infrarotlampe-verstaerkt-100-w-175-w\/","url":"https:\/\/fdasrl.it\/de\/prodotto\/philips-infrarotlampe-verstaerkt-100-w-175-w\/","name":"Philips verst\u00e4rkte Infrarot-W\u00e4rmelampe f\u00fcr Tiere","isPartOf":{"@id":"https:\/\/fdasrl.it\/de\/#website"},"primaryImageOfPage":{"@id":"https:\/\/fdasrl.it\/de\/prodotto\/philips-infrarotlampe-verstaerkt-100-w-175-w\/#primaryimage"},"image":{"@id":"https:\/\/fdasrl.it\/de\/prodotto\/philips-infrarotlampe-verstaerkt-100-w-175-w\/#primaryimage"},"thumbnailUrl":"https:\/\/fdasrl.it\/wp-content\/uploads\/2025\/01\/Lampada-riscaldante-100W-175W-per-animali.jpg","datePublished":"2025-01-20T11:00:49+00:00","description":"Entdecken Sie die Philips Infrarot-W\u00e4rmelampe f\u00fcr Tiere, ideal f\u00fcr direkte Erw\u00e4rmung. Sparen Sie Energie und entdecken Sie Qualit\u00e4t! \ud83c\udf1f","breadcrumb":{"@id":"https:\/\/fdasrl.it\/de\/prodotto\/philips-infrarotlampe-verstaerkt-100-w-175-w\/#breadcrumb"},"inLanguage":"de","potentialAction":[{"@type":"ReadAction","target":["https:\/\/fdasrl.it\/de\/prodotto\/philips-infrarotlampe-verstaerkt-100-w-175-w\/"]}]},{"@type":"ImageObject","inLanguage":"de","@id":"https:\/\/fdasrl.it\/de\/prodotto\/philips-infrarotlampe-verstaerkt-100-w-175-w\/#primaryimage","url":"https:\/\/fdasrl.it\/wp-content\/uploads\/2025\/01\/Lampada-riscaldante-100W-175W-per-animali.jpg","contentUrl":"https:\/\/fdasrl.it\/wp-content\/uploads\/2025\/01\/Lampada-riscaldante-100W-175W-per-animali.jpg","width":440,"height":440,"caption":"Philips Infrarot-W\u00e4rmelampe, rot, Hartglas, verst\u00e4rktes Modell."},{"@type":"BreadcrumbList","@id":"https:\/\/fdasrl.it\/de\/prodotto\/philips-infrarotlampe-verstaerkt-100-w-175-w\/#breadcrumb","itemListElement":[{"@type":"ListItem","position":1,"name":"Home","item":"https:\/\/fdasrl.it\/de\/startseite\/"},{"@type":"ListItem","position":2,"name":"Shop","item":"https:\/\/fdasrl.it\/de\/shop\/"},{"@type":"ListItem","position":3,"name":"Philips Infrarotlampe Verst\u00e4rkt 100 W 175 W"}]},{"@type":"WebSite","@id":"https:\/\/fdasrl.it\/de\/#website","url":"https:\/\/fdasrl.it\/de\/","name":"FDA srl","description":"Equipment for animal husbandry","publisher":{"@id":"https:\/\/fdasrl.it\/de\/#organization"},"potentialAction":[{"@type":"SearchAction","target":{"@type":"EntryPoint","urlTemplate":"https:\/\/fdasrl.it\/de\/?s={search_term_string}"},"query-input":{"@type":"PropertyValueSpecification","valueRequired":true,"valueName":"search_term_string"}}],"inLanguage":"de"},{"@type":"Organization","@id":"https:\/\/fdasrl.it\/de\/#organization","name":"FDA srl","url":"https:\/\/fdasrl.it\/de\/","logo":{"@type":"ImageObject","inLanguage":"de","@id":"https:\/\/fdasrl.it\/de\/#\/schema\/logo\/image\/","url":"https:\/\/fdasrl.it\/wp-content\/uploads\/2024\/12\/Logo-FDA.png","contentUrl":"https:\/\/fdasrl.it\/wp-content\/uploads\/2024\/12\/Logo-FDA.png","width":316,"height":119,"caption":"FDA srl"},"image":{"@id":"https:\/\/fdasrl.it\/de\/#\/schema\/logo\/image\/"},"sameAs":["https:\/\/www.facebook.com\/share\/1MWhFWg1Tp\/?mibextid=LQQJ4d","https:\/\/www.instagram.com\/fda_srl\/profilecard\/?igsh=YW5lbzJ6MWg0d21u","https:\/\/www.youtube.com\/@FDASRL_ANIMALCARE"],"description":"FDA SRL \u2013 Equipment for animal husbandry nasce con l\u2019obiettivo di offrire soluzioni affidabili e innovative per l\u2019allevamento moderno. Con anni di esperienza nel settore zootecnico, progettiamo e realizziamo attrezzature destinate al benessere animale e alla gestione efficiente delle stalle: vasche, abbeveratoi, mangiatoie e sistemi di riscaldamento pensati per durare nel tempo e semplificare il lavoro quotidiano degli allevatori. Dalla progettazione alla produzione, ogni nostro prodotto \u00e8 studiato nei minimi dettagli, testato con cura e costruito per rispondere alle esigenze reali del settore. La nostra forza \u00e8 unire artigianalit\u00e0, tecnologia e competenza tecnica per trasformare ogni progetto in una soluzione concreta e funzionale. Oggi FDA SRL \u00e8 un punto di riferimento per privati e rivenditori che cercano qualit\u00e0, affidabilit\u00e0 e innovazione nelle attrezzature per l\u2019allevamento.","email":"info@fdasrl.it","telephone":"+390522826820","legalName":"F.D.A. SRL","foundingDate":"2024-10-13","vatID":"03075840359","taxID":"03075840359","numberOfEmployees":{"@type":"QuantitativeValue","minValue":"1","maxValue":"10"}}]},"product_price_currency":"EUR","og_availability":"instock","product_availability":"instock","product_retailer_item_id":"FDA-000061","product_condition":"new"},"_links":{"self":[{"href":"https:\/\/fdasrl.it\/de\/wp-json\/wp\/v2\/product\/4838","targetHints":{"allow":["GET"]}}],"collection":[{"href":"https:\/\/fdasrl.it\/de\/wp-json\/wp\/v2\/product"}],"about":[{"href":"https:\/\/fdasrl.it\/de\/wp-json\/wp\/v2\/types\/product"}],"replies":[{"embeddable":true,"href":"https:\/\/fdasrl.it\/de\/wp-json\/wp\/v2\/comments?post=4838"}],"wp:featuredmedia":[{"embeddable":true,"href":"https:\/\/fdasrl.it\/de\/wp-json\/wp\/v2\/media\/902"}],"wp:attachment":[{"href":"https:\/\/fdasrl.it\/de\/wp-json\/wp\/v2\/media?parent=4838"}],"wp:term":[{"taxonomy":"product_brand","embeddable":true,"href":"https:\/\/fdasrl.it\/de\/wp-json\/wp\/v2\/product_brand?post=4838"},{"taxonomy":"product_cat","embeddable":true,"href":"https:\/\/fdasrl.it\/de\/wp-json\/wp\/v2\/product_cat?post=4838"},{"taxonomy":"product_tag","embeddable":true,"href":"https:\/\/fdasrl.it\/de\/wp-json\/wp\/v2\/product_tag?post=4838"}],"curies":[{"name":"wp","href":"https:\/\/api.w.org\/{rel}","templated":true}]}}