{"id":4922,"date":"2025-01-18T19:27:52","date_gmt":"2025-01-18T18:27:52","guid":{"rendered":"https:\/\/fdasrl.it\/prodotto\/art-fda-t00110-schalentraenke-typ-piccolo\/"},"modified":"2025-01-18T19:27:52","modified_gmt":"2025-01-18T18:27:52","slug":"art-fda-t00110-schalentraenke-typ-piccolo","status":"publish","type":"product","link":"https:\/\/fdasrl.it\/de\/prodotto\/art-fda-t00110-schalentraenke-typ-piccolo\/","title":{"rendered":"Art. FDA-T00110 &#8211; Schalentr\u00e4nke Typ Piccolo"},"content":{"rendered":"<div>Anti-Verschwendungs-Tr\u00e4nke Piccolo f\u00fcr Schweine von 8 bis 30 kg.<\/div>\n<div>\n<div>\n<p data-start=\"163\" data-end=\"336\">Die Anti-Verschwendungs-Tr\u00e4nke f\u00fcr Schweine ist vollst\u00e4ndig aus <strong data-start=\"225\" data-end=\"250\">Edelstahl AISI 304<\/strong> mit einer St\u00e4rke von <strong data-start=\"264\" data-end=\"276\">10\/10 mm<\/strong> gefertigt, was Hygiene, Widerstandsf\u00e4higkeit und Langlebigkeit garantiert.<\/p>\n<p data-start=\"338\" data-end=\"535\">Ausgestattet mit einer <strong data-start=\"348\" data-end=\"374\">integrierten Tr\u00e4nke<\/strong>, ist sie darauf ausgelegt, Wasserverschwendung zu minimieren und den Tieren einen einfachen Zugang zu erm\u00f6glichen, was das Wohlbefinden und die Effizienz der Zucht verbessert.<\/p>\n<p data-start=\"537\" data-end=\"572\">\u2705 <strong data-start=\"539\" data-end=\"570\">Hauptmerkmale:<\/strong><\/p>\n<ul data-start=\"573\" data-end=\"746\">\n<li data-start=\"573\" data-end=\"616\">\n<p data-start=\"575\" data-end=\"616\">Geeignet f\u00fcr <strong data-start=\"586\" data-end=\"614\">Schweine von 8 kg bis 30 kg<\/strong><\/p>\n<\/li>\n<li data-start=\"617\" data-end=\"673\">\n<p data-start=\"619\" data-end=\"673\">Gefertigt aus <strong data-start=\"633\" data-end=\"671\">Edelstahl AISI 304 St. 10\/10 mm<\/strong><\/p>\n<\/li>\n<li data-start=\"674\" data-end=\"704\">\n<p data-start=\"676\" data-end=\"704\"><strong data-start=\"676\" data-end=\"702\">Integrierte Tr\u00e4nke Art.-Nr. <a href=\"https:\/\/fdasrl.it\/prodotto\/art-fda-000006-abbeveratoio-1-2-per-vaschetta-inox\/\">FDA-000006 (Zum Artikel gehen)<\/a><\/strong><\/p>\n<\/li>\n<li data-start=\"705\" data-end=\"746\">\n<p data-start=\"707\" data-end=\"746\"><strong data-start=\"707\" data-end=\"722\">Ma\u00dfe:<\/strong> B 15 \u00d7 H 21 \u00d7 T 9 cm<\/p>\n<\/li>\n<li><strong data-start=\"1420\" data-end=\"1438\">Wasseranschluss:<\/strong> 1\/2&#8243;<\/li>\n<\/ul>\n<p data-start=\"748\" data-end=\"825\">Widerstandsf\u00e4hig, hygienisch und einfach zu installieren.<\/p>\n<p data-start=\"827\" data-end=\"988\"><br data-start=\"879\" data-end=\"882\"><strong data-start=\"882\" data-end=\"898\">\ud83d\udc49 Wiederverk\u00e4ufer:<\/strong> F\u00fcr Wiederverkaufsbedingungen stellen Sie bitte eine Anfrage per E-Mail:<a href=\"mailto:info@fdasrl.it\"> Hier klicken.<\/a><\/p>\n<\/div>\n<div>\ud83d\udc49 Kaufen Sie es in unserem <a href=\"https:\/\/fda-shop.it\/shop\/articoli-per-allevamento\/abbeveratoi\/abbeveratoio-antispreco-piccolo-in-acciaio#\/25-accessori_e_confezioni-singola_unita\" target=\"_blank\" rel=\"noopener\">Online-Shop<\/a><\/div>\n<\/div>\n","protected":false},"excerpt":{"rendered":"<p>Anti-Verschwendungs-Tr\u00e4nke aus <strong data-start=\"1043\" data-end=\"1081\">Edelstahl AISI 304, St\u00e4rke 10\/10 mm<\/strong> mit <strong data-start=\"1086\" data-end=\"1112\">integrierter Tr\u00e4nke<\/strong>, geeignet f\u00fcr <strong data-start=\"1125\" data-end=\"1150\">Schweine von 8 bis 30 kg<\/strong>. Ma\u00dfe: B 15 \u00d7 H 21 \u00d7 T 9 cm. <\/p>\n","protected":false},"featured_media":977,"comment_status":"open","ping_status":"closed","template":"","meta":{"_et_pb_use_builder":"","_et_pb_old_content":"","_et_gb_content_width":""},"product_brand":[],"product_cat":[763,643,762],"product_tag":[1161],"class_list":{"0":"post-4922","1":"product","2":"type-product","3":"status-publish","4":"has-post-thumbnail","6":"product_cat-schalentranke","7":"product_cat-schweine","8":"product_cat-tranken-3","9":"product_tag-fda-t00110","11":"first","12":"instock","13":"shipping-taxable","14":"product-type-simple"},"yoast_head":"<!-- This site is optimized with the Yoast SEO Premium plugin v27.5 (Yoast SEO v27.5) - https:\/\/yoast.com\/product\/yoast-seo-premium-wordpress\/ -->\n<title>Anti-Verschwendungs-Tr\u00e4nke Piccolo f\u00fcr Schweine von 8 bis 30 kg - FDA srl<\/title>\n<meta name=\"description\" content=\"Entdecken Sie die Anti-Verschwendungs-Tr\u00e4nke Piccolo f\u00fcr Schweine! Aus Edelstahl AISI 304 gefertigt, garantiert sie Widerstandsf\u00e4higkeit und Langlebigkeit.\" \/>\n<meta name=\"robots\" content=\"index, follow, max-snippet:-1, max-image-preview:large, max-video-preview:-1\" \/>\n<link rel=\"canonical\" href=\"https:\/\/fdasrl.it\/de\/prodotto\/art-fda-t00110-schalentraenke-typ-piccolo\/\" \/>\n<meta property=\"og:locale\" content=\"de_DE\" \/>\n<meta property=\"og:type\" content=\"article\" \/>\n<meta property=\"og:title\" content=\"Art. FDA-T00110 - Schalentr\u00e4nke Typ Piccolo\" \/>\n<meta property=\"og:description\" content=\"Entdecken Sie die Anti-Verschwendungs-Tr\u00e4nke Piccolo f\u00fcr Schweine! Aus Edelstahl AISI 304 gefertigt, garantiert sie Widerstandsf\u00e4higkeit und Langlebigkeit.\" \/>\n<meta property=\"og:url\" content=\"https:\/\/fdasrl.it\/de\/prodotto\/art-fda-t00110-schalentraenke-typ-piccolo\/\" \/>\n<meta property=\"og:site_name\" content=\"FDA srl\" \/>\n<meta property=\"article:publisher\" content=\"https:\/\/www.facebook.com\/share\/1MWhFWg1Tp\/?mibextid=LQQJ4d\" \/>\n<meta property=\"og:image\" content=\"https:\/\/fdasrl.it\/wp-content\/uploads\/2025\/01\/FDA-T110-abbeveratoio_vaschetta_antispreco_per_suini.webp\" \/>\n\t<meta property=\"og:image:width\" content=\"1280\" \/>\n\t<meta property=\"og:image:height\" content=\"1280\" \/>\n\t<meta property=\"og:image:type\" content=\"image\/webp\" \/>\n<meta name=\"twitter:card\" content=\"summary_large_image\" \/>\n<meta name=\"twitter:label1\" content=\"Preis\" \/>\n\t<meta name=\"twitter:data1\" content=\"\" \/>\n\t<meta name=\"twitter:label2\" content=\"Verf\u00fcgbarkeit\" \/>\n\t<meta name=\"twitter:data2\" content=\"Auf Lager\" \/>\n<meta property=\"product:price:currency\" content=\"EUR\" \/>\n<meta property=\"og:availability\" content=\"instock\" \/>\n<meta property=\"product:availability\" content=\"instock\" \/>\n<meta property=\"product:retailer_item_id\" content=\"FDA-T00110\" \/>\n<meta property=\"product:condition\" content=\"new\" \/>\n<!-- \/ Yoast SEO Premium plugin. -->","yoast_head_json":{"title":"Anti-Verschwendungs-Tr\u00e4nke Piccolo f\u00fcr Schweine von 8 bis 30 kg - FDA srl","description":"Entdecken Sie die Anti-Verschwendungs-Tr\u00e4nke Piccolo f\u00fcr Schweine! Aus Edelstahl AISI 304 gefertigt, garantiert sie Widerstandsf\u00e4higkeit und Langlebigkeit.","robots":{"index":"index","follow":"follow","max-snippet":"max-snippet:-1","max-image-preview":"max-image-preview:large","max-video-preview":"max-video-preview:-1"},"canonical":"https:\/\/fdasrl.it\/de\/prodotto\/art-fda-t00110-schalentraenke-typ-piccolo\/","og_locale":"de_DE","og_type":"article","og_title":"Art. FDA-T00110 - Schalentr\u00e4nke Typ Piccolo","og_description":"Entdecken Sie die Anti-Verschwendungs-Tr\u00e4nke Piccolo f\u00fcr Schweine! Aus Edelstahl AISI 304 gefertigt, garantiert sie Widerstandsf\u00e4higkeit und Langlebigkeit.","og_url":"https:\/\/fdasrl.it\/de\/prodotto\/art-fda-t00110-schalentraenke-typ-piccolo\/","og_site_name":"FDA srl","article_publisher":"https:\/\/www.facebook.com\/share\/1MWhFWg1Tp\/?mibextid=LQQJ4d","og_image":[{"width":1280,"height":1280,"url":"https:\/\/fdasrl.it\/wp-content\/uploads\/2025\/01\/FDA-T110-abbeveratoio_vaschetta_antispreco_per_suini.webp","type":"image\/webp"}],"twitter_card":"summary_large_image","twitter_misc":{"Preis":"","Verf\u00fcgbarkeit":"Auf Lager"},"schema":{"@context":"https:\/\/schema.org","@graph":[{"@type":"WebPage","@id":"https:\/\/fdasrl.it\/de\/prodotto\/art-fda-t00110-schalentraenke-typ-piccolo\/","url":"https:\/\/fdasrl.it\/de\/prodotto\/art-fda-t00110-schalentraenke-typ-piccolo\/","name":"Anti-Verschwendungs-Tr\u00e4nke Piccolo f\u00fcr Schweine von 8 bis 30 kg - FDA srl","isPartOf":{"@id":"https:\/\/fdasrl.it\/de\/#website"},"primaryImageOfPage":{"@id":"https:\/\/fdasrl.it\/de\/prodotto\/art-fda-t00110-schalentraenke-typ-piccolo\/#primaryimage"},"image":{"@id":"https:\/\/fdasrl.it\/de\/prodotto\/art-fda-t00110-schalentraenke-typ-piccolo\/#primaryimage"},"thumbnailUrl":"https:\/\/fdasrl.it\/wp-content\/uploads\/2025\/01\/FDA-T110-abbeveratoio_vaschetta_antispreco_per_suini.webp","datePublished":"2025-01-18T18:27:52+00:00","description":"Entdecken Sie die Anti-Verschwendungs-Tr\u00e4nke Piccolo f\u00fcr Schweine! Aus Edelstahl AISI 304 gefertigt, garantiert sie Widerstandsf\u00e4higkeit und Langlebigkeit.","breadcrumb":{"@id":"https:\/\/fdasrl.it\/de\/prodotto\/art-fda-t00110-schalentraenke-typ-piccolo\/#breadcrumb"},"inLanguage":"de","potentialAction":[{"@type":"ReadAction","target":["https:\/\/fdasrl.it\/de\/prodotto\/art-fda-t00110-schalentraenke-typ-piccolo\/"]}]},{"@type":"ImageObject","inLanguage":"de","@id":"https:\/\/fdasrl.it\/de\/prodotto\/art-fda-t00110-schalentraenke-typ-piccolo\/#primaryimage","url":"https:\/\/fdasrl.it\/wp-content\/uploads\/2025\/01\/FDA-T110-abbeveratoio_vaschetta_antispreco_per_suini.webp","contentUrl":"https:\/\/fdasrl.it\/wp-content\/uploads\/2025\/01\/FDA-T110-abbeveratoio_vaschetta_antispreco_per_suini.webp","width":1280,"height":1280,"caption":"Vaschetta antispreco in acciaio inox per suini piccola FDA T110"},{"@type":"BreadcrumbList","@id":"https:\/\/fdasrl.it\/de\/prodotto\/art-fda-t00110-schalentraenke-typ-piccolo\/#breadcrumb","itemListElement":[{"@type":"ListItem","position":1,"name":"Home","item":"https:\/\/fdasrl.it\/de\/startseite\/"},{"@type":"ListItem","position":2,"name":"Shop","item":"https:\/\/fdasrl.it\/de\/shop\/"},{"@type":"ListItem","position":3,"name":"Art. FDA-T00110 &#8211; Schalentr\u00e4nke Typ Piccolo"}]},{"@type":"WebSite","@id":"https:\/\/fdasrl.it\/de\/#website","url":"https:\/\/fdasrl.it\/de\/","name":"FDA srl","description":"Equipment for animal husbandry","publisher":{"@id":"https:\/\/fdasrl.it\/de\/#organization"},"potentialAction":[{"@type":"SearchAction","target":{"@type":"EntryPoint","urlTemplate":"https:\/\/fdasrl.it\/de\/?s={search_term_string}"},"query-input":{"@type":"PropertyValueSpecification","valueRequired":true,"valueName":"search_term_string"}}],"inLanguage":"de"},{"@type":"Organization","@id":"https:\/\/fdasrl.it\/de\/#organization","name":"FDA srl","url":"https:\/\/fdasrl.it\/de\/","logo":{"@type":"ImageObject","inLanguage":"de","@id":"https:\/\/fdasrl.it\/de\/#\/schema\/logo\/image\/","url":"https:\/\/fdasrl.it\/wp-content\/uploads\/2024\/12\/Logo-FDA.png","contentUrl":"https:\/\/fdasrl.it\/wp-content\/uploads\/2024\/12\/Logo-FDA.png","width":316,"height":119,"caption":"FDA srl"},"image":{"@id":"https:\/\/fdasrl.it\/de\/#\/schema\/logo\/image\/"},"sameAs":["https:\/\/www.facebook.com\/share\/1MWhFWg1Tp\/?mibextid=LQQJ4d","https:\/\/www.instagram.com\/fda_srl\/profilecard\/?igsh=YW5lbzJ6MWg0d21u","https:\/\/www.youtube.com\/@FDASRL_ANIMALCARE"],"description":"FDA SRL \u2013 Equipment for animal husbandry nasce con l\u2019obiettivo di offrire soluzioni affidabili e innovative per l\u2019allevamento moderno. Con anni di esperienza nel settore zootecnico, progettiamo e realizziamo attrezzature destinate al benessere animale e alla gestione efficiente delle stalle: vasche, abbeveratoi, mangiatoie e sistemi di riscaldamento pensati per durare nel tempo e semplificare il lavoro quotidiano degli allevatori. Dalla progettazione alla produzione, ogni nostro prodotto \u00e8 studiato nei minimi dettagli, testato con cura e costruito per rispondere alle esigenze reali del settore. La nostra forza \u00e8 unire artigianalit\u00e0, tecnologia e competenza tecnica per trasformare ogni progetto in una soluzione concreta e funzionale. Oggi FDA SRL \u00e8 un punto di riferimento per privati e rivenditori che cercano qualit\u00e0, affidabilit\u00e0 e innovazione nelle attrezzature per l\u2019allevamento.","email":"info@fdasrl.it","telephone":"+390522826820","legalName":"F.D.A. SRL","foundingDate":"2024-10-13","vatID":"03075840359","taxID":"03075840359","numberOfEmployees":{"@type":"QuantitativeValue","minValue":"1","maxValue":"10"}}]},"product_price_currency":"EUR","og_availability":"instock","product_availability":"instock","product_retailer_item_id":"FDA-T00110","product_condition":"new"},"_links":{"self":[{"href":"https:\/\/fdasrl.it\/de\/wp-json\/wp\/v2\/product\/4922","targetHints":{"allow":["GET"]}}],"collection":[{"href":"https:\/\/fdasrl.it\/de\/wp-json\/wp\/v2\/product"}],"about":[{"href":"https:\/\/fdasrl.it\/de\/wp-json\/wp\/v2\/types\/product"}],"replies":[{"embeddable":true,"href":"https:\/\/fdasrl.it\/de\/wp-json\/wp\/v2\/comments?post=4922"}],"wp:featuredmedia":[{"embeddable":true,"href":"https:\/\/fdasrl.it\/de\/wp-json\/wp\/v2\/media\/977"}],"wp:attachment":[{"href":"https:\/\/fdasrl.it\/de\/wp-json\/wp\/v2\/media?parent=4922"}],"wp:term":[{"taxonomy":"product_brand","embeddable":true,"href":"https:\/\/fdasrl.it\/de\/wp-json\/wp\/v2\/product_brand?post=4922"},{"taxonomy":"product_cat","embeddable":true,"href":"https:\/\/fdasrl.it\/de\/wp-json\/wp\/v2\/product_cat?post=4922"},{"taxonomy":"product_tag","embeddable":true,"href":"https:\/\/fdasrl.it\/de\/wp-json\/wp\/v2\/product_tag?post=4922"}],"curies":[{"name":"wp","href":"https:\/\/api.w.org\/{rel}","templated":true}]}}