{"id":4964,"date":"2025-01-20T11:13:54","date_gmt":"2025-01-20T10:13:54","guid":{"rendered":"https:\/\/fdasrl.it\/prodotto\/edelstahlhalterung-fuer-saugtraenken\/"},"modified":"2025-01-20T11:13:54","modified_gmt":"2025-01-20T10:13:54","slug":"edelstahlhalterung-fuer-saugtraenken","status":"publish","type":"product","link":"https:\/\/fdasrl.it\/de\/prodotto\/edelstahlhalterung-fuer-saugtraenken\/","title":{"rendered":"Edelstahlhalterung f\u00fcr Saugtr\u00e4nken"},"content":{"rendered":"<div>\n<p data-start=\"799\" data-end=\"1112\">Die <strong data-start=\"802\" data-end=\"855\">feste Edelstahlhalterung FDA mit Wandplatte<\/strong> ist f\u00fcr die Installation von <strong data-start=\"892\" data-end=\"928\">automatischen Schweinetr\u00e4nken<\/strong> konzipiert.<br data-start=\"929\" data-end=\"932\">Vollst\u00e4ndig aus <strong data-start=\"958\" data-end=\"990\">hochwertigem Edelstahl<\/strong> gefertigt, garantiert sie maximale Korrosionsbest\u00e4ndigkeit, Hygiene und Langlebigkeit auch unter intensiven Haltungsbedingungen.<\/p>\n<p data-start=\"1114\" data-end=\"1414\">Der Wasseranschluss ist <strong data-start=\"1135\" data-end=\"1143\">1\/2&#8243;<\/strong> und die Halterung ist in <strong data-start=\"1175\" data-end=\"1215\">verschiedenen Neigungen (45\u00b0, 60\u00b0, 90\u00b0)<\/strong> erh\u00e4ltlich, um sich den Anforderungen der Anlage anzupassen.<br data-start=\"1258\" data-end=\"1261\">Die Wandplatte gew\u00e4hrleistet eine <strong data-start=\"1292\" data-end=\"1326\">stabile und sichere Installation<\/strong> und macht dieses Zubeh\u00f6r unverzichtbar f\u00fcr ein effizientes Tr\u00e4nkesystem.<\/p>\n<p data-start=\"1416\" data-end=\"1449\"><strong data-start=\"1416\" data-end=\"1447\">Hauptmerkmale:<\/strong><\/p>\n<ul data-start=\"1450\" data-end=\"1690\">\n<li data-start=\"1450\" data-end=\"1508\">\n<p data-start=\"1452\" data-end=\"1508\">Material: <strong data-start=\"1463\" data-end=\"1484\">AISI-Edelstahl<\/strong>, widerstandsf\u00e4hig und hygienisch<\/p>\n<\/li>\n<li data-start=\"1509\" data-end=\"1536\">\n<p data-start=\"1511\" data-end=\"1536\">Wasseranschluss: <strong data-start=\"1526\" data-end=\"1534\">1\/2&#8243;<\/strong><\/p>\n<\/li>\n<li data-start=\"1537\" data-end=\"1570\">\n<p data-start=\"1539\" data-end=\"1570\">Montage: <strong data-start=\"1550\" data-end=\"1568\">Wandplatte<\/strong><\/p>\n<\/li>\n<li data-start=\"1571\" data-end=\"1620\">\n<p data-start=\"1573\" data-end=\"1620\">Verf\u00fcgbare Neigungen: <strong data-start=\"1599\" data-end=\"1618\">45\u00b0 \u2013 60\u00b0 \u2013 90\u00b0<\/strong><\/p>\n<\/li>\n<li data-start=\"1621\" data-end=\"1652\">\n<p data-start=\"1623\" data-end=\"1652\">Artikel: <strong data-start=\"1633\" data-end=\"1650\">FDA 000008\/SS<\/strong><\/p>\n<\/li>\n<li data-start=\"1653\" data-end=\"1690\">\n<p data-start=\"1655\" data-end=\"1690\">Ideal f\u00fcr: <strong data-start=\"1667\" data-end=\"1688\">Schweine- und K\u00e4lberhaltung<\/strong><\/p>\n<\/li>\n<\/ul>\n<\/div>\n<p>F\u00fcr weitere Informationen und Angebotsanfragen kontaktieren Sie uns: <a href=\"https:\/\/fdasrl.it\/de\/kontakt\/\">hier klicken<\/a><\/p>\n","protected":false},"excerpt":{"rendered":"<p>Feste Edelstahlhalterung mit Wandplatte f\u00fcr automatische Schweine- und K\u00e4lbertr\u00e4nke. Wasseranschluss 1\/2&#8243;, erh\u00e4ltlich mit Neigung 45\u00b0 \u2013 60\u00b0 \u2013 90\u00b0. <\/p>\n","protected":false},"featured_media":294,"comment_status":"open","ping_status":"closed","template":"","meta":{"_et_pb_use_builder":"off","_et_pb_old_content":"<div>Feste Halterung mit Wandplatte f\u00fcr automatische Schweinetr\u00e4nke, Wasseranschluss 1\/2\" Edelstahl<\/div>\n<div><\/div>\n<div>Art. FDA 000008\/SS 45\u00b0\/60\u00b0\/90\u00b0<\/div>","_et_gb_content_width":""},"product_brand":[],"product_cat":[1075,762],"product_tag":[1166,1076],"class_list":{"0":"post-4964","1":"product","2":"type-product","3":"status-publish","4":"has-post-thumbnail","6":"product_cat-halterungen-fur-tranken","7":"product_cat-tranken-3","8":"product_tag-fda-000008-ss","9":"product_tag-fda-000008","11":"first","12":"instock","13":"shipping-taxable","14":"product-type-simple"},"yoast_head":"<!-- This site is optimized with the Yoast SEO Premium plugin v27.5 (Yoast SEO v27.5) - https:\/\/yoast.com\/product\/yoast-seo-premium-wordpress\/ -->\n<title>Edelstahlhalterung f\u00fcr Saugtr\u00e4nken: H\u00f6chste Qualit\u00e4t - FDA srl<\/title>\n<meta name=\"description\" content=\"Maximale Widerstandsf\u00e4higkeit und Hygiene mit der Edelstahlhalterung f\u00fcr Saugtr\u00e4nken. In verschiedenen Neigungen erh\u00e4ltlich, ideal f\u00fcr jede Anlage! \ud83d\udc16\" \/>\n<meta name=\"robots\" content=\"index, follow, max-snippet:-1, max-image-preview:large, max-video-preview:-1\" \/>\n<link rel=\"canonical\" href=\"https:\/\/fdasrl.it\/de\/prodotto\/edelstahlhalterung-fuer-saugtraenken\/\" \/>\n<meta property=\"og:locale\" content=\"de_DE\" \/>\n<meta property=\"og:type\" content=\"article\" \/>\n<meta property=\"og:title\" content=\"Edelstahlhalterung f\u00fcr Saugtr\u00e4nken\" \/>\n<meta property=\"og:description\" content=\"Maximale Widerstandsf\u00e4higkeit und Hygiene mit der Edelstahlhalterung f\u00fcr Saugtr\u00e4nken. In verschiedenen Neigungen erh\u00e4ltlich, ideal f\u00fcr jede Anlage! \ud83d\udc16\" \/>\n<meta property=\"og:url\" content=\"https:\/\/fdasrl.it\/de\/prodotto\/edelstahlhalterung-fuer-saugtraenken\/\" \/>\n<meta property=\"og:site_name\" content=\"FDA srl\" \/>\n<meta property=\"article:publisher\" content=\"https:\/\/www.facebook.com\/share\/1MWhFWg1Tp\/?mibextid=LQQJ4d\" \/>\n<meta property=\"og:image\" content=\"https:\/\/fdasrl.it\/wp-content\/uploads\/2025\/01\/FDA-00008-SS45.jpg\" \/>\n\t<meta property=\"og:image:width\" content=\"800\" \/>\n\t<meta property=\"og:image:height\" content=\"640\" \/>\n\t<meta property=\"og:image:type\" content=\"image\/jpeg\" \/>\n<meta name=\"twitter:card\" content=\"summary_large_image\" \/>\n<meta name=\"twitter:label1\" content=\"Preis\" \/>\n\t<meta name=\"twitter:data1\" content=\"\" \/>\n\t<meta name=\"twitter:label2\" content=\"Verf\u00fcgbarkeit\" \/>\n\t<meta name=\"twitter:data2\" content=\"Auf Lager\" \/>\n<meta property=\"product:price:currency\" content=\"EUR\" \/>\n<meta property=\"og:availability\" content=\"instock\" \/>\n<meta property=\"product:availability\" content=\"instock\" \/>\n<meta property=\"product:retailer_item_id\" content=\"FDA-000008\/SS\" \/>\n<meta property=\"product:condition\" content=\"new\" \/>\n<!-- \/ Yoast SEO Premium plugin. -->","yoast_head_json":{"title":"Edelstahlhalterung f\u00fcr Saugtr\u00e4nken: H\u00f6chste Qualit\u00e4t - FDA srl","description":"Maximale Widerstandsf\u00e4higkeit und Hygiene mit der Edelstahlhalterung f\u00fcr Saugtr\u00e4nken. In verschiedenen Neigungen erh\u00e4ltlich, ideal f\u00fcr jede Anlage! \ud83d\udc16","robots":{"index":"index","follow":"follow","max-snippet":"max-snippet:-1","max-image-preview":"max-image-preview:large","max-video-preview":"max-video-preview:-1"},"canonical":"https:\/\/fdasrl.it\/de\/prodotto\/edelstahlhalterung-fuer-saugtraenken\/","og_locale":"de_DE","og_type":"article","og_title":"Edelstahlhalterung f\u00fcr Saugtr\u00e4nken","og_description":"Maximale Widerstandsf\u00e4higkeit und Hygiene mit der Edelstahlhalterung f\u00fcr Saugtr\u00e4nken. In verschiedenen Neigungen erh\u00e4ltlich, ideal f\u00fcr jede Anlage! \ud83d\udc16","og_url":"https:\/\/fdasrl.it\/de\/prodotto\/edelstahlhalterung-fuer-saugtraenken\/","og_site_name":"FDA srl","article_publisher":"https:\/\/www.facebook.com\/share\/1MWhFWg1Tp\/?mibextid=LQQJ4d","og_image":[{"width":800,"height":640,"url":"https:\/\/fdasrl.it\/wp-content\/uploads\/2025\/01\/FDA-00008-SS45.jpg","type":"image\/jpeg"}],"twitter_card":"summary_large_image","twitter_misc":{"Preis":"","Verf\u00fcgbarkeit":"Auf Lager"},"schema":{"@context":"https:\/\/schema.org","@graph":[{"@type":"WebPage","@id":"https:\/\/fdasrl.it\/de\/prodotto\/edelstahlhalterung-fuer-saugtraenken\/","url":"https:\/\/fdasrl.it\/de\/prodotto\/edelstahlhalterung-fuer-saugtraenken\/","name":"Edelstahlhalterung f\u00fcr Saugtr\u00e4nken: H\u00f6chste Qualit\u00e4t - FDA srl","isPartOf":{"@id":"https:\/\/fdasrl.it\/de\/#website"},"primaryImageOfPage":{"@id":"https:\/\/fdasrl.it\/de\/prodotto\/edelstahlhalterung-fuer-saugtraenken\/#primaryimage"},"image":{"@id":"https:\/\/fdasrl.it\/de\/prodotto\/edelstahlhalterung-fuer-saugtraenken\/#primaryimage"},"thumbnailUrl":"https:\/\/fdasrl.it\/wp-content\/uploads\/2025\/01\/FDA-00008-SS45.jpg","datePublished":"2025-01-20T10:13:54+00:00","description":"Maximale Widerstandsf\u00e4higkeit und Hygiene mit der Edelstahlhalterung f\u00fcr Saugtr\u00e4nken. In verschiedenen Neigungen erh\u00e4ltlich, ideal f\u00fcr jede Anlage! \ud83d\udc16","breadcrumb":{"@id":"https:\/\/fdasrl.it\/de\/prodotto\/edelstahlhalterung-fuer-saugtraenken\/#breadcrumb"},"inLanguage":"de","potentialAction":[{"@type":"ReadAction","target":["https:\/\/fdasrl.it\/de\/prodotto\/edelstahlhalterung-fuer-saugtraenken\/"]}]},{"@type":"ImageObject","inLanguage":"de","@id":"https:\/\/fdasrl.it\/de\/prodotto\/edelstahlhalterung-fuer-saugtraenken\/#primaryimage","url":"https:\/\/fdasrl.it\/wp-content\/uploads\/2025\/01\/FDA-00008-SS45.jpg","contentUrl":"https:\/\/fdasrl.it\/wp-content\/uploads\/2025\/01\/FDA-00008-SS45.jpg","width":800,"height":640,"caption":"Supporto fisso in acciaio inox con piastra a muro per abbeveratoio automatico suini, attacco acqua 1\/2 pollice"},{"@type":"BreadcrumbList","@id":"https:\/\/fdasrl.it\/de\/prodotto\/edelstahlhalterung-fuer-saugtraenken\/#breadcrumb","itemListElement":[{"@type":"ListItem","position":1,"name":"Home","item":"https:\/\/fdasrl.it\/de\/startseite\/"},{"@type":"ListItem","position":2,"name":"Shop","item":"https:\/\/fdasrl.it\/de\/shop\/"},{"@type":"ListItem","position":3,"name":"Edelstahlhalterung f\u00fcr Saugtr\u00e4nken"}]},{"@type":"WebSite","@id":"https:\/\/fdasrl.it\/de\/#website","url":"https:\/\/fdasrl.it\/de\/","name":"FDA srl","description":"Equipment for animal husbandry","publisher":{"@id":"https:\/\/fdasrl.it\/de\/#organization"},"potentialAction":[{"@type":"SearchAction","target":{"@type":"EntryPoint","urlTemplate":"https:\/\/fdasrl.it\/de\/?s={search_term_string}"},"query-input":{"@type":"PropertyValueSpecification","valueRequired":true,"valueName":"search_term_string"}}],"inLanguage":"de"},{"@type":"Organization","@id":"https:\/\/fdasrl.it\/de\/#organization","name":"FDA srl","url":"https:\/\/fdasrl.it\/de\/","logo":{"@type":"ImageObject","inLanguage":"de","@id":"https:\/\/fdasrl.it\/de\/#\/schema\/logo\/image\/","url":"https:\/\/fdasrl.it\/wp-content\/uploads\/2024\/12\/Logo-FDA.png","contentUrl":"https:\/\/fdasrl.it\/wp-content\/uploads\/2024\/12\/Logo-FDA.png","width":316,"height":119,"caption":"FDA srl"},"image":{"@id":"https:\/\/fdasrl.it\/de\/#\/schema\/logo\/image\/"},"sameAs":["https:\/\/www.facebook.com\/share\/1MWhFWg1Tp\/?mibextid=LQQJ4d","https:\/\/www.instagram.com\/fda_srl\/profilecard\/?igsh=YW5lbzJ6MWg0d21u","https:\/\/www.youtube.com\/@FDASRL_ANIMALCARE"],"description":"FDA SRL \u2013 Equipment for animal husbandry nasce con l\u2019obiettivo di offrire soluzioni affidabili e innovative per l\u2019allevamento moderno. Con anni di esperienza nel settore zootecnico, progettiamo e realizziamo attrezzature destinate al benessere animale e alla gestione efficiente delle stalle: vasche, abbeveratoi, mangiatoie e sistemi di riscaldamento pensati per durare nel tempo e semplificare il lavoro quotidiano degli allevatori. Dalla progettazione alla produzione, ogni nostro prodotto \u00e8 studiato nei minimi dettagli, testato con cura e costruito per rispondere alle esigenze reali del settore. La nostra forza \u00e8 unire artigianalit\u00e0, tecnologia e competenza tecnica per trasformare ogni progetto in una soluzione concreta e funzionale. Oggi FDA SRL \u00e8 un punto di riferimento per privati e rivenditori che cercano qualit\u00e0, affidabilit\u00e0 e innovazione nelle attrezzature per l\u2019allevamento.","email":"info@fdasrl.it","telephone":"+390522826820","legalName":"F.D.A. SRL","foundingDate":"2024-10-13","vatID":"03075840359","taxID":"03075840359","numberOfEmployees":{"@type":"QuantitativeValue","minValue":"1","maxValue":"10"}}]},"product_price_currency":"EUR","og_availability":"instock","product_availability":"instock","product_retailer_item_id":"FDA-000008\/SS","product_condition":"new"},"_links":{"self":[{"href":"https:\/\/fdasrl.it\/de\/wp-json\/wp\/v2\/product\/4964","targetHints":{"allow":["GET"]}}],"collection":[{"href":"https:\/\/fdasrl.it\/de\/wp-json\/wp\/v2\/product"}],"about":[{"href":"https:\/\/fdasrl.it\/de\/wp-json\/wp\/v2\/types\/product"}],"replies":[{"embeddable":true,"href":"https:\/\/fdasrl.it\/de\/wp-json\/wp\/v2\/comments?post=4964"}],"wp:featuredmedia":[{"embeddable":true,"href":"https:\/\/fdasrl.it\/de\/wp-json\/wp\/v2\/media\/294"}],"wp:attachment":[{"href":"https:\/\/fdasrl.it\/de\/wp-json\/wp\/v2\/media?parent=4964"}],"wp:term":[{"taxonomy":"product_brand","embeddable":true,"href":"https:\/\/fdasrl.it\/de\/wp-json\/wp\/v2\/product_brand?post=4964"},{"taxonomy":"product_cat","embeddable":true,"href":"https:\/\/fdasrl.it\/de\/wp-json\/wp\/v2\/product_cat?post=4964"},{"taxonomy":"product_tag","embeddable":true,"href":"https:\/\/fdasrl.it\/de\/wp-json\/wp\/v2\/product_tag?post=4964"}],"curies":[{"name":"wp","href":"https:\/\/api.w.org\/{rel}","templated":true}]}}